{"id":33411,"date":"2023-08-06T19:12:34","date_gmt":"2023-08-06T17:12:34","guid":{"rendered":"https:\/\/www.robertzueblin.com\/?post_type=product&#038;p=33411"},"modified":"2026-02-27T14:06:15","modified_gmt":"2026-02-27T13:06:15","slug":"josef-reichlin-1845-%e2%80%a0-1910-peinture-a-lhuile-de-cheminot-controleur-cff-assistant-clientele-controleur-de-billettes-uniforme-cff-de-1902-1932","status":"publish","type":"product","link":"https:\/\/www.robertzueblin.com\/fr\/josef-reichlin\/peinture-a-lhuile-de-cheminot-controleur-cff-assistant-clientele-controleur-de-billettes-uniforme-cff-de-1902-1932\/","title":{"rendered":"Josef REICHLIN (* 1845, \u2020 1910) &#8211; Peinture \u00e0 l&rsquo;huile de cheminot (contr\u00f4leur CFF &#8211; assistant client\u00e8le) uniforme CFF de 1902-1932"},"content":{"rendered":"<p><span style=\"font-family: AkkoPro-BoldCondensed!important\">Type :<\/span> <a href=\"\/?post_format=peinture\">peinture<\/a><\/p>\n<p><span style=\"font-family: AkkoPro-BoldCondensed!important\">Peintre :<\/span> Josef Reichlin<\/p>\n<p><span style=\"font-family: AkkoPro-BoldCondensed!important\">Objet :<\/span> peinture \u00e0 l&rsquo;huile<\/p>\n<p><span style=\"font-family: AkkoPro-BoldCondensed!important\">Mat\u00e9riau :<\/span> huile sur toile<\/p>\n<p><span style=\"font-family: AkkoPro-BoldCondensed!important\">Dimensions :<\/span> hauteur : 50,2 cm, largeur : 38,8 cm<\/p>\n<p><span style=\"font-family: AkkoPro-BoldCondensed!important\">Ann\u00e9e de fabrication :<\/span> 1909<\/p>\n<p><span style=\"font-family: AkkoPro-BoldCondensed!important\">\u00c9tat :<\/span> Le tableau pr\u00e9sente quelques fissures, des points d&rsquo;impression, des rayures et deux points corrig\u00e9s, l&rsquo;un d&rsquo;entre eux \u00e9tant un petit trou recouvert d&rsquo;une bande adh\u00e9sive \u00e0 l&rsquo;arri\u00e8re et travaill\u00e9 \u00e0 la peinture \u00e0 l&rsquo;avant. Surtout sur les bords, il y a des pertes de couleur partielles; dans l&rsquo;ensemble, il y a un beau \u00e9tat; sur le dos de la toile, il y a quelques taches.<\/p>\n<p><span style=\"font-family: AkkoPro-BoldCondensed!important\">Signature\/marque :<\/span> devant: sans; envers: on peut lire: \u00ab\u00a0Nach Photogr. gemalt von J. Reichlin in Flums III.\/1909\u00a0\u00bb<\/p>\n<p><span style=\"font-family: AkkoPro-BoldCondensed!important\">D\u00e9tails : <\/span><br \/>\nLe peintre suisse Josef Reichlin (* 1845 \u00e0 Schwyz, \u2020 1910 \u00e0 Flums) \u00e9tait sp\u00e9cialis\u00e9 dans les portraits, les th\u00e8mes religieux et la peinture d&rsquo;\u00e9glise. Ce tableau d&rsquo;un contr\u00f4leur des CFF (\u00e9galement appel\u00e9 assistant client\u00e8le ou contr\u00f4leur de billettes) a \u00e9t\u00e9 r\u00e9alis\u00e9e en 1909 d&rsquo;apr\u00e8s une photographie, comme en t\u00e9moigne la note manuscrite au dos de l&rsquo;\u00e9cran.  <\/p>\n<p>Sur le site web d&rsquo;une soci\u00e9t\u00e9 de location de costumes, on peut voir le m\u00eame uniforme que celui port\u00e9 par le cheminot sur la peinture \u00e0 l&rsquo;huile, o\u00f9 l&rsquo;uniforme des CFF est intitul\u00e9 \u00ab\u00a0<a href=\"https:\/\/www.kostuemverleih-kaiser.ch\/bildergalerie\/uniformen\/sbb-bahnen\/sbb-kondukteur-1902-bis-1932-2739\">Contr\u00f4leur CFF 1902 \u00e0 1932<\/a>\u00ab\u00a0.  <\/p>\n<p>L&rsquo;image est tendue sur des cadres coins, mais il n&rsquo;y a pas de cadre autour de l&rsquo;image.<\/p>\n","protected":false},"excerpt":{"rendered":"<p><span style=\"color: #e2401c;\">&#x25cf;<\/span><span> vendu<\/span><\/p>\n","protected":false},"featured_media":33412,"template":"","meta":[],"product_brand":[],"product_cat":[776,488,496],"product_tag":[],"class_list":{"0":"post-33411","1":"product","2":"type-product","3":"status-publish","4":"has-post-thumbnail","6":"product_cat-peinture","7":"product_cat-josef-reichlin","8":"product_cat-peintures-a-l-huile","10":"first","11":"outofstock","12":"shipping-taxable","13":"product-type-simple"},"yoast_head":"<!-- This site is optimized with the Yoast SEO plugin v27.5 - https:\/\/yoast.com\/product\/yoast-seo-wordpress\/ -->\n<title>Josef Reichlin - Cheminot - uniforme CFF de 1902 \u00e0 1932<\/title>\n<meta name=\"description\" content=\"Le peintre suisse Josef Reichlin a r\u00e9alis\u00e9 cette peinture d&#039;un contr\u00f4leur des CFF en 1909 d&#039;apr\u00e8s une photographie prise \u00e0 Flums.\" \/>\n<meta name=\"robots\" content=\"index, follow, max-snippet:-1, max-image-preview:large, max-video-preview:-1\" \/>\n<link rel=\"canonical\" href=\"https:\/\/www.robertzueblin.com\/fr\/josef-reichlin\/peinture-a-lhuile-de-cheminot-controleur-cff-assistant-clientele-controleur-de-billettes-uniforme-cff-de-1902-1932\/\" \/>\n<meta property=\"og:locale\" content=\"fr_FR\" \/>\n<meta property=\"og:type\" content=\"article\" \/>\n<meta property=\"og:title\" content=\"Josef Reichlin - Cheminot - uniforme CFF de 1902 \u00e0 1932\" \/>\n<meta property=\"og:description\" content=\"Le peintre suisse Josef Reichlin a r\u00e9alis\u00e9 cette peinture d&#039;un contr\u00f4leur des CFF en 1909 d&#039;apr\u00e8s une photographie prise \u00e0 Flums.\" \/>\n<meta property=\"og:url\" content=\"https:\/\/www.robertzueblin.com\/fr\/josef-reichlin\/peinture-a-lhuile-de-cheminot-controleur-cff-assistant-clientele-controleur-de-billettes-uniforme-cff-de-1902-1932\/\" \/>\n<meta property=\"og:site_name\" content=\"ROBERT Z\u00dcBLIN\" \/>\n<meta property=\"article:modified_time\" content=\"2026-02-27T13:06:15+00:00\" \/>\n<meta property=\"og:image\" content=\"https:\/\/www.robertzueblin.com\/wp-content\/uploads\/josef-reichlin-cheminot-peinture-l-huile-conducteur-cff-controleur-agent-train-uniform-1902-1932.jpg\" \/>\n\t<meta property=\"og:image:width\" content=\"1000\" \/>\n\t<meta property=\"og:image:height\" content=\"1289\" \/>\n\t<meta property=\"og:image:type\" content=\"image\/jpeg\" \/>\n<meta name=\"twitter:card\" content=\"summary_large_image\" \/>\n<script type=\"application\/ld+json\" class=\"yoast-schema-graph\">{\"@context\":\"https:\\\/\\\/schema.org\",\"@graph\":[{\"@type\":\"WebPage\",\"@id\":\"https:\\\/\\\/www.robertzueblin.com\\\/fr\\\/josef-reichlin\\\/peinture-a-lhuile-de-cheminot-controleur-cff-assistant-clientele-controleur-de-billettes-uniforme-cff-de-1902-1932\\\/\",\"url\":\"https:\\\/\\\/www.robertzueblin.com\\\/fr\\\/josef-reichlin\\\/peinture-a-lhuile-de-cheminot-controleur-cff-assistant-clientele-controleur-de-billettes-uniforme-cff-de-1902-1932\\\/\",\"name\":\"Josef Reichlin - Cheminot - uniforme CFF de 1902 \u00e0 1932\",\"isPartOf\":{\"@id\":\"https:\\\/\\\/www.robertzueblin.com\\\/fr\\\/#website\"},\"primaryImageOfPage\":{\"@id\":\"https:\\\/\\\/www.robertzueblin.com\\\/fr\\\/josef-reichlin\\\/peinture-a-lhuile-de-cheminot-controleur-cff-assistant-clientele-controleur-de-billettes-uniforme-cff-de-1902-1932\\\/#primaryimage\"},\"image\":{\"@id\":\"https:\\\/\\\/www.robertzueblin.com\\\/fr\\\/josef-reichlin\\\/peinture-a-lhuile-de-cheminot-controleur-cff-assistant-clientele-controleur-de-billettes-uniforme-cff-de-1902-1932\\\/#primaryimage\"},\"thumbnailUrl\":\"https:\\\/\\\/www.robertzueblin.com\\\/wp-content\\\/uploads\\\/josef-reichlin-cheminot-peinture-l-huile-conducteur-cff-controleur-agent-train-uniform-1902-1932.jpg\",\"datePublished\":\"2023-08-06T17:12:34+00:00\",\"dateModified\":\"2026-02-27T13:06:15+00:00\",\"description\":\"Le peintre suisse Josef Reichlin a r\u00e9alis\u00e9 cette peinture d'un contr\u00f4leur des CFF en 1909 d'apr\u00e8s une photographie prise \u00e0 Flums.\",\"breadcrumb\":{\"@id\":\"https:\\\/\\\/www.robertzueblin.com\\\/fr\\\/josef-reichlin\\\/peinture-a-lhuile-de-cheminot-controleur-cff-assistant-clientele-controleur-de-billettes-uniforme-cff-de-1902-1932\\\/#breadcrumb\"},\"inLanguage\":\"fr-FR\",\"potentialAction\":[{\"@type\":\"ReadAction\",\"target\":[\"https:\\\/\\\/www.robertzueblin.com\\\/fr\\\/josef-reichlin\\\/peinture-a-lhuile-de-cheminot-controleur-cff-assistant-clientele-controleur-de-billettes-uniforme-cff-de-1902-1932\\\/\"]}]},{\"@type\":\"ImageObject\",\"inLanguage\":\"fr-FR\",\"@id\":\"https:\\\/\\\/www.robertzueblin.com\\\/fr\\\/josef-reichlin\\\/peinture-a-lhuile-de-cheminot-controleur-cff-assistant-clientele-controleur-de-billettes-uniforme-cff-de-1902-1932\\\/#primaryimage\",\"url\":\"https:\\\/\\\/www.robertzueblin.com\\\/wp-content\\\/uploads\\\/josef-reichlin-cheminot-peinture-l-huile-conducteur-cff-controleur-agent-train-uniform-1902-1932.jpg\",\"contentUrl\":\"https:\\\/\\\/www.robertzueblin.com\\\/wp-content\\\/uploads\\\/josef-reichlin-cheminot-peinture-l-huile-conducteur-cff-controleur-agent-train-uniform-1902-1932.jpg\",\"width\":1000,\"height\":1289},{\"@type\":\"BreadcrumbList\",\"@id\":\"https:\\\/\\\/www.robertzueblin.com\\\/fr\\\/josef-reichlin\\\/peinture-a-lhuile-de-cheminot-controleur-cff-assistant-clientele-controleur-de-billettes-uniforme-cff-de-1902-1932\\\/#breadcrumb\",\"itemListElement\":[{\"@type\":\"ListItem\",\"position\":1,\"name\":\"Startseite\",\"item\":\"https:\\\/\\\/www.robertzueblin.com\\\/fr\\\/\"},{\"@type\":\"ListItem\",\"position\":2,\"name\":\"Galerie d&#8217;art en ligne (boutique en ligne)\",\"item\":\"https:\\\/\\\/www.robertzueblin.com\\\/fr\\\/galerie-d-art-en-ligne\\\/\"},{\"@type\":\"ListItem\",\"position\":3,\"name\":\"Josef REICHLIN (* 1845, \u2020 1910) &#8211; Peinture \u00e0 l&#8217;huile de cheminot (contr\u00f4leur CFF &#8211; assistant client\u00e8le) uniforme CFF de 1902-1932\"}]},{\"@type\":\"WebSite\",\"@id\":\"https:\\\/\\\/www.robertzueblin.com\\\/fr\\\/#website\",\"url\":\"https:\\\/\\\/www.robertzueblin.com\\\/fr\\\/\",\"name\":\"ROBERT Z\u00dcBLIN\",\"description\":\"\",\"publisher\":{\"@id\":\"https:\\\/\\\/www.robertzueblin.com\\\/fr\\\/#organization\"},\"potentialAction\":[{\"@type\":\"SearchAction\",\"target\":{\"@type\":\"EntryPoint\",\"urlTemplate\":\"https:\\\/\\\/www.robertzueblin.com\\\/fr\\\/?s={search_term_string}\"},\"query-input\":{\"@type\":\"PropertyValueSpecification\",\"valueRequired\":true,\"valueName\":\"search_term_string\"}}],\"inLanguage\":\"fr-FR\"},{\"@type\":\"Organization\",\"@id\":\"https:\\\/\\\/www.robertzueblin.com\\\/fr\\\/#organization\",\"name\":\"ROBERT Z\u00dcBLIN\",\"url\":\"https:\\\/\\\/www.robertzueblin.com\\\/fr\\\/\",\"logo\":{\"@type\":\"ImageObject\",\"inLanguage\":\"fr-FR\",\"@id\":\"https:\\\/\\\/www.robertzueblin.com\\\/fr\\\/#\\\/schema\\\/logo\\\/image\\\/\",\"url\":\"https:\\\/\\\/www.robertzueblin.com\\\/wp-content\\\/uploads\\\/cropped-cropped-logo-von-robert-zueblin.jpg\",\"contentUrl\":\"https:\\\/\\\/www.robertzueblin.com\\\/wp-content\\\/uploads\\\/cropped-cropped-logo-von-robert-zueblin.jpg\",\"width\":440,\"height\":60,\"caption\":\"ROBERT Z\u00dcBLIN\"},\"image\":{\"@id\":\"https:\\\/\\\/www.robertzueblin.com\\\/fr\\\/#\\\/schema\\\/logo\\\/image\\\/\"}}]}<\/script>\n<!-- \/ Yoast SEO plugin. -->","yoast_head_json":{"title":"Josef Reichlin - Cheminot - uniforme CFF de 1902 \u00e0 1932","description":"Le peintre suisse Josef Reichlin a r\u00e9alis\u00e9 cette peinture d'un contr\u00f4leur des CFF en 1909 d'apr\u00e8s une photographie prise \u00e0 Flums.","robots":{"index":"index","follow":"follow","max-snippet":"max-snippet:-1","max-image-preview":"max-image-preview:large","max-video-preview":"max-video-preview:-1"},"canonical":"https:\/\/www.robertzueblin.com\/fr\/josef-reichlin\/peinture-a-lhuile-de-cheminot-controleur-cff-assistant-clientele-controleur-de-billettes-uniforme-cff-de-1902-1932\/","og_locale":"fr_FR","og_type":"article","og_title":"Josef Reichlin - Cheminot - uniforme CFF de 1902 \u00e0 1932","og_description":"Le peintre suisse Josef Reichlin a r\u00e9alis\u00e9 cette peinture d'un contr\u00f4leur des CFF en 1909 d'apr\u00e8s une photographie prise \u00e0 Flums.","og_url":"https:\/\/www.robertzueblin.com\/fr\/josef-reichlin\/peinture-a-lhuile-de-cheminot-controleur-cff-assistant-clientele-controleur-de-billettes-uniforme-cff-de-1902-1932\/","og_site_name":"ROBERT Z\u00dcBLIN","article_modified_time":"2026-02-27T13:06:15+00:00","og_image":[{"width":1000,"height":1289,"url":"https:\/\/www.robertzueblin.com\/wp-content\/uploads\/josef-reichlin-cheminot-peinture-l-huile-conducteur-cff-controleur-agent-train-uniform-1902-1932.jpg","type":"image\/jpeg"}],"twitter_card":"summary_large_image","schema":{"@context":"https:\/\/schema.org","@graph":[{"@type":"WebPage","@id":"https:\/\/www.robertzueblin.com\/fr\/josef-reichlin\/peinture-a-lhuile-de-cheminot-controleur-cff-assistant-clientele-controleur-de-billettes-uniforme-cff-de-1902-1932\/","url":"https:\/\/www.robertzueblin.com\/fr\/josef-reichlin\/peinture-a-lhuile-de-cheminot-controleur-cff-assistant-clientele-controleur-de-billettes-uniforme-cff-de-1902-1932\/","name":"Josef Reichlin - Cheminot - uniforme CFF de 1902 \u00e0 1932","isPartOf":{"@id":"https:\/\/www.robertzueblin.com\/fr\/#website"},"primaryImageOfPage":{"@id":"https:\/\/www.robertzueblin.com\/fr\/josef-reichlin\/peinture-a-lhuile-de-cheminot-controleur-cff-assistant-clientele-controleur-de-billettes-uniforme-cff-de-1902-1932\/#primaryimage"},"image":{"@id":"https:\/\/www.robertzueblin.com\/fr\/josef-reichlin\/peinture-a-lhuile-de-cheminot-controleur-cff-assistant-clientele-controleur-de-billettes-uniforme-cff-de-1902-1932\/#primaryimage"},"thumbnailUrl":"https:\/\/www.robertzueblin.com\/wp-content\/uploads\/josef-reichlin-cheminot-peinture-l-huile-conducteur-cff-controleur-agent-train-uniform-1902-1932.jpg","datePublished":"2023-08-06T17:12:34+00:00","dateModified":"2026-02-27T13:06:15+00:00","description":"Le peintre suisse Josef Reichlin a r\u00e9alis\u00e9 cette peinture d'un contr\u00f4leur des CFF en 1909 d'apr\u00e8s une photographie prise \u00e0 Flums.","breadcrumb":{"@id":"https:\/\/www.robertzueblin.com\/fr\/josef-reichlin\/peinture-a-lhuile-de-cheminot-controleur-cff-assistant-clientele-controleur-de-billettes-uniforme-cff-de-1902-1932\/#breadcrumb"},"inLanguage":"fr-FR","potentialAction":[{"@type":"ReadAction","target":["https:\/\/www.robertzueblin.com\/fr\/josef-reichlin\/peinture-a-lhuile-de-cheminot-controleur-cff-assistant-clientele-controleur-de-billettes-uniforme-cff-de-1902-1932\/"]}]},{"@type":"ImageObject","inLanguage":"fr-FR","@id":"https:\/\/www.robertzueblin.com\/fr\/josef-reichlin\/peinture-a-lhuile-de-cheminot-controleur-cff-assistant-clientele-controleur-de-billettes-uniforme-cff-de-1902-1932\/#primaryimage","url":"https:\/\/www.robertzueblin.com\/wp-content\/uploads\/josef-reichlin-cheminot-peinture-l-huile-conducteur-cff-controleur-agent-train-uniform-1902-1932.jpg","contentUrl":"https:\/\/www.robertzueblin.com\/wp-content\/uploads\/josef-reichlin-cheminot-peinture-l-huile-conducteur-cff-controleur-agent-train-uniform-1902-1932.jpg","width":1000,"height":1289},{"@type":"BreadcrumbList","@id":"https:\/\/www.robertzueblin.com\/fr\/josef-reichlin\/peinture-a-lhuile-de-cheminot-controleur-cff-assistant-clientele-controleur-de-billettes-uniforme-cff-de-1902-1932\/#breadcrumb","itemListElement":[{"@type":"ListItem","position":1,"name":"Startseite","item":"https:\/\/www.robertzueblin.com\/fr\/"},{"@type":"ListItem","position":2,"name":"Galerie d&#8217;art en ligne (boutique en ligne)","item":"https:\/\/www.robertzueblin.com\/fr\/galerie-d-art-en-ligne\/"},{"@type":"ListItem","position":3,"name":"Josef REICHLIN (* 1845, \u2020 1910) &#8211; Peinture \u00e0 l&#8217;huile de cheminot (contr\u00f4leur CFF &#8211; assistant client\u00e8le) uniforme CFF de 1902-1932"}]},{"@type":"WebSite","@id":"https:\/\/www.robertzueblin.com\/fr\/#website","url":"https:\/\/www.robertzueblin.com\/fr\/","name":"ROBERT Z\u00dcBLIN","description":"","publisher":{"@id":"https:\/\/www.robertzueblin.com\/fr\/#organization"},"potentialAction":[{"@type":"SearchAction","target":{"@type":"EntryPoint","urlTemplate":"https:\/\/www.robertzueblin.com\/fr\/?s={search_term_string}"},"query-input":{"@type":"PropertyValueSpecification","valueRequired":true,"valueName":"search_term_string"}}],"inLanguage":"fr-FR"},{"@type":"Organization","@id":"https:\/\/www.robertzueblin.com\/fr\/#organization","name":"ROBERT Z\u00dcBLIN","url":"https:\/\/www.robertzueblin.com\/fr\/","logo":{"@type":"ImageObject","inLanguage":"fr-FR","@id":"https:\/\/www.robertzueblin.com\/fr\/#\/schema\/logo\/image\/","url":"https:\/\/www.robertzueblin.com\/wp-content\/uploads\/cropped-cropped-logo-von-robert-zueblin.jpg","contentUrl":"https:\/\/www.robertzueblin.com\/wp-content\/uploads\/cropped-cropped-logo-von-robert-zueblin.jpg","width":440,"height":60,"caption":"ROBERT Z\u00dcBLIN"},"image":{"@id":"https:\/\/www.robertzueblin.com\/fr\/#\/schema\/logo\/image\/"}}]}},"_links":{"self":[{"href":"https:\/\/www.robertzueblin.com\/fr\/wp-json\/wp\/v2\/product\/33411","targetHints":{"allow":["GET"]}}],"collection":[{"href":"https:\/\/www.robertzueblin.com\/fr\/wp-json\/wp\/v2\/product"}],"about":[{"href":"https:\/\/www.robertzueblin.com\/fr\/wp-json\/wp\/v2\/types\/product"}],"wp:featuredmedia":[{"embeddable":true,"href":"https:\/\/www.robertzueblin.com\/fr\/wp-json\/wp\/v2\/media\/33412"}],"wp:attachment":[{"href":"https:\/\/www.robertzueblin.com\/fr\/wp-json\/wp\/v2\/media?parent=33411"}],"wp:term":[{"taxonomy":"product_brand","embeddable":true,"href":"https:\/\/www.robertzueblin.com\/fr\/wp-json\/wp\/v2\/product_brand?post=33411"},{"taxonomy":"product_cat","embeddable":true,"href":"https:\/\/www.robertzueblin.com\/fr\/wp-json\/wp\/v2\/product_cat?post=33411"},{"taxonomy":"product_tag","embeddable":true,"href":"https:\/\/www.robertzueblin.com\/fr\/wp-json\/wp\/v2\/product_tag?post=33411"}],"curies":[{"name":"wp","href":"https:\/\/api.w.org\/{rel}","templated":true}]}}