{"id":32819,"date":"2023-06-19T00:27:18","date_gmt":"2023-06-18T22:36:05","guid":{"rendered":"https:\/\/www.robertzueblin.com\/?post_type=product&#038;p=32819"},"modified":"2024-08-10T20:56:11","modified_gmt":"2024-08-10T18:56:11","slug":"tableau-dartiste-avec-signature-inconnue-debut-de-la-peche-a-la-truite-sur-le-rhin-en-amont-de-diessenhofen-peinture-a-lhuile","status":"publish","type":"product","link":"https:\/\/www.robertzueblin.com\/fr\/peintures-d-artistes-inconnus\/tableau-dartiste-avec-signature-inconnue-debut-peche-truite-rhin-diessenhofen-peinture-a-lhuile\/","title":{"rendered":"Tableau d&rsquo;artiste avec signature inconnue &#8211; D\u00e9but de la p\u00eache \u00e0 la truite sur le Rhin en amont de Diessenhofen (peinture \u00e0 l&rsquo;huile)"},"content":{"rendered":"<p><span style=\"font-family: AkkoPro-BoldCondensed!important\">Type :<\/span> <a href=\"https:\/\/www.robertzueblin.com\/fr\/type\/peinture\/\">peinture<\/a><\/p>\n<p><span style=\"font-family: AkkoPro-BoldCondensed!important\">Peintre :<\/span> inconnu<\/p>\n<p><span style=\"font-family: AkkoPro-BoldCondensed!important\">Objet :<\/span> peinture \u00e0 l&rsquo;huile<\/p>\n<p><span style=\"font-family: AkkoPro-BoldCondensed!important\">Mat\u00e9riau :<\/span> huile sur panneau<\/p>\n<p><span style=\"font-family: AkkoPro-BoldCondensed!important\">Dimensions :<\/span> ext\u00e9rieur du cadre : hauteur : 28,7 cm, largeur : 39,5 cm ; int\u00e9rieur du cadre : 21,4 cm, largeur : 32 cm<\/p>\n<p><span style=\"font-family: AkkoPro-BoldCondensed!important\">Ann\u00e9e de fabrication :<\/span> inconnue<\/p>\n<p><span style=\"font-family: AkkoPro-BoldCondensed!important\">\u00c9tat :<\/span> tableau intact ; cadre partiellement tach\u00e9, enfonc\u00e9, us\u00e9 et ab\u00eem\u00e9<\/p>\n<p><span style=\"font-family: AkkoPro-BoldCondensed!important\">Signature\/marque :<\/span> illisible<\/p>\n","protected":false},"excerpt":{"rendered":"<p>Type : peinture Peintre : inconnu Objet : peinture \u00e0 l&rsquo;huile Mat\u00e9riau : huile sur panneau Dimensions : ext\u00e9rieur du cadre : hauteur : 28,7 cm, largeur : 39,5 cm ; int\u00e9rieur du cadre : 21,4 cm, largeur : 32 cm Ann\u00e9e de fabrication : inconnue \u00c9tat : tableau intact ; cadre partiellement tach\u00e9, enfonc\u00e9, [&hellip;]<\/p>\n","protected":false},"featured_media":32820,"template":"","meta":[],"product_brand":[],"product_cat":[425,776,496],"product_tag":[],"class_list":{"0":"post-32819","1":"product","2":"type-product","3":"status-publish","4":"has-post-thumbnail","6":"product_cat-peintures-d-artistes-inconnus","7":"product_cat-peinture","8":"product_cat-peintures-a-l-huile","10":"first","11":"instock","12":"sold-individually","13":"shipping-taxable","14":"purchasable","15":"product-type-simple"},"yoast_head":"<!-- This site is optimized with the Yoast SEO plugin v27.5 - https:\/\/yoast.com\/product\/yoast-seo-wordpress\/ -->\n<title>Peinture \u00e0 l&#039;huile - D\u00e9but p\u00eache truite sur le Rhin en Diessenhofen<\/title>\n<meta name=\"description\" content=\"Peinture \u00e0 l&#039;huile de la cat\u00e9gorie peintures d&#039;artistes inconnus: D\u00e9but de la p\u00eache truite sur le Rhin en Diessenhofen (suisse).\" \/>\n<meta name=\"robots\" content=\"index, follow, max-snippet:-1, max-image-preview:large, max-video-preview:-1\" \/>\n<link rel=\"canonical\" href=\"https:\/\/www.robertzueblin.com\/fr\/peintures-d-artistes-inconnus\/tableau-dartiste-avec-signature-inconnue-debut-peche-truite-rhin-diessenhofen-peinture-a-lhuile\/\" \/>\n<meta property=\"og:locale\" content=\"fr_FR\" \/>\n<meta property=\"og:type\" content=\"article\" \/>\n<meta property=\"og:title\" content=\"Peinture \u00e0 l&#039;huile - D\u00e9but p\u00eache truite sur le Rhin en Diessenhofen\" \/>\n<meta property=\"og:description\" content=\"Peinture \u00e0 l&#039;huile de la cat\u00e9gorie peintures d&#039;artistes inconnus: D\u00e9but de la p\u00eache truite sur le Rhin en Diessenhofen (suisse).\" \/>\n<meta property=\"og:url\" content=\"https:\/\/www.robertzueblin.com\/fr\/peintures-d-artistes-inconnus\/tableau-dartiste-avec-signature-inconnue-debut-peche-truite-rhin-diessenhofen-peinture-a-lhuile\/\" \/>\n<meta property=\"og:site_name\" content=\"ROBERT Z\u00dcBLIN\" \/>\n<meta property=\"article:modified_time\" content=\"2024-08-10T18:56:11+00:00\" \/>\n<meta property=\"og:image\" content=\"https:\/\/www.robertzueblin.com\/wp-content\/uploads\/inconnue-artiste-peinture-huile-debut-peche-truite-rhein-diessenhofen.jpg\" \/>\n\t<meta property=\"og:image:width\" content=\"1500\" \/>\n\t<meta property=\"og:image:height\" content=\"1089\" \/>\n\t<meta property=\"og:image:type\" content=\"image\/jpeg\" \/>\n<meta name=\"twitter:card\" content=\"summary_large_image\" \/>\n<script type=\"application\/ld+json\" class=\"yoast-schema-graph\">{\"@context\":\"https:\\\/\\\/schema.org\",\"@graph\":[{\"@type\":\"WebPage\",\"@id\":\"https:\\\/\\\/www.robertzueblin.com\\\/fr\\\/peintures-d-artistes-inconnus\\\/tableau-dartiste-avec-signature-inconnue-debut-peche-truite-rhin-diessenhofen-peinture-a-lhuile\\\/\",\"url\":\"https:\\\/\\\/www.robertzueblin.com\\\/fr\\\/peintures-d-artistes-inconnus\\\/tableau-dartiste-avec-signature-inconnue-debut-peche-truite-rhin-diessenhofen-peinture-a-lhuile\\\/\",\"name\":\"Peinture \u00e0 l'huile - D\u00e9but p\u00eache truite sur le Rhin en Diessenhofen\",\"isPartOf\":{\"@id\":\"https:\\\/\\\/www.robertzueblin.com\\\/fr\\\/#website\"},\"primaryImageOfPage\":{\"@id\":\"https:\\\/\\\/www.robertzueblin.com\\\/fr\\\/peintures-d-artistes-inconnus\\\/tableau-dartiste-avec-signature-inconnue-debut-peche-truite-rhin-diessenhofen-peinture-a-lhuile\\\/#primaryimage\"},\"image\":{\"@id\":\"https:\\\/\\\/www.robertzueblin.com\\\/fr\\\/peintures-d-artistes-inconnus\\\/tableau-dartiste-avec-signature-inconnue-debut-peche-truite-rhin-diessenhofen-peinture-a-lhuile\\\/#primaryimage\"},\"thumbnailUrl\":\"https:\\\/\\\/www.robertzueblin.com\\\/wp-content\\\/uploads\\\/inconnue-artiste-peinture-huile-debut-peche-truite-rhein-diessenhofen.jpg\",\"datePublished\":\"2023-06-18T22:36:05+00:00\",\"dateModified\":\"2024-08-10T18:56:11+00:00\",\"description\":\"Peinture \u00e0 l'huile de la cat\u00e9gorie peintures d'artistes inconnus: D\u00e9but de la p\u00eache truite sur le Rhin en Diessenhofen (suisse).\",\"breadcrumb\":{\"@id\":\"https:\\\/\\\/www.robertzueblin.com\\\/fr\\\/peintures-d-artistes-inconnus\\\/tableau-dartiste-avec-signature-inconnue-debut-peche-truite-rhin-diessenhofen-peinture-a-lhuile\\\/#breadcrumb\"},\"inLanguage\":\"fr-FR\",\"potentialAction\":[{\"@type\":\"ReadAction\",\"target\":[\"https:\\\/\\\/www.robertzueblin.com\\\/fr\\\/peintures-d-artistes-inconnus\\\/tableau-dartiste-avec-signature-inconnue-debut-peche-truite-rhin-diessenhofen-peinture-a-lhuile\\\/\"]}]},{\"@type\":\"ImageObject\",\"inLanguage\":\"fr-FR\",\"@id\":\"https:\\\/\\\/www.robertzueblin.com\\\/fr\\\/peintures-d-artistes-inconnus\\\/tableau-dartiste-avec-signature-inconnue-debut-peche-truite-rhin-diessenhofen-peinture-a-lhuile\\\/#primaryimage\",\"url\":\"https:\\\/\\\/www.robertzueblin.com\\\/wp-content\\\/uploads\\\/inconnue-artiste-peinture-huile-debut-peche-truite-rhein-diessenhofen.jpg\",\"contentUrl\":\"https:\\\/\\\/www.robertzueblin.com\\\/wp-content\\\/uploads\\\/inconnue-artiste-peinture-huile-debut-peche-truite-rhein-diessenhofen.jpg\",\"width\":1500,\"height\":1089,\"caption\":\"Peinture \u00e0 l'huile d'artiste avec signature inconnue: D\u00e9but de la p\u00eache \u00e0 la truite sur le Rhin en amont de Diessenhofen (Suisse).\"},{\"@type\":\"BreadcrumbList\",\"@id\":\"https:\\\/\\\/www.robertzueblin.com\\\/fr\\\/peintures-d-artistes-inconnus\\\/tableau-dartiste-avec-signature-inconnue-debut-peche-truite-rhin-diessenhofen-peinture-a-lhuile\\\/#breadcrumb\",\"itemListElement\":[{\"@type\":\"ListItem\",\"position\":1,\"name\":\"Startseite\",\"item\":\"https:\\\/\\\/www.robertzueblin.com\\\/fr\\\/\"},{\"@type\":\"ListItem\",\"position\":2,\"name\":\"Galerie d&#8217;art en ligne (boutique en ligne)\",\"item\":\"https:\\\/\\\/www.robertzueblin.com\\\/fr\\\/galerie-d-art-en-ligne\\\/\"},{\"@type\":\"ListItem\",\"position\":3,\"name\":\"Tableau d&#8217;artiste avec signature inconnue &#8211; D\u00e9but de la p\u00eache \u00e0 la truite sur le Rhin en amont de Diessenhofen (peinture \u00e0 l&#8217;huile)\"}]},{\"@type\":\"WebSite\",\"@id\":\"https:\\\/\\\/www.robertzueblin.com\\\/fr\\\/#website\",\"url\":\"https:\\\/\\\/www.robertzueblin.com\\\/fr\\\/\",\"name\":\"ROBERT Z\u00dcBLIN\",\"description\":\"\",\"publisher\":{\"@id\":\"https:\\\/\\\/www.robertzueblin.com\\\/fr\\\/#organization\"},\"potentialAction\":[{\"@type\":\"SearchAction\",\"target\":{\"@type\":\"EntryPoint\",\"urlTemplate\":\"https:\\\/\\\/www.robertzueblin.com\\\/fr\\\/?s={search_term_string}\"},\"query-input\":{\"@type\":\"PropertyValueSpecification\",\"valueRequired\":true,\"valueName\":\"search_term_string\"}}],\"inLanguage\":\"fr-FR\"},{\"@type\":\"Organization\",\"@id\":\"https:\\\/\\\/www.robertzueblin.com\\\/fr\\\/#organization\",\"name\":\"ROBERT Z\u00dcBLIN\",\"url\":\"https:\\\/\\\/www.robertzueblin.com\\\/fr\\\/\",\"logo\":{\"@type\":\"ImageObject\",\"inLanguage\":\"fr-FR\",\"@id\":\"https:\\\/\\\/www.robertzueblin.com\\\/fr\\\/#\\\/schema\\\/logo\\\/image\\\/\",\"url\":\"https:\\\/\\\/www.robertzueblin.com\\\/wp-content\\\/uploads\\\/cropped-cropped-logo-von-robert-zueblin.jpg\",\"contentUrl\":\"https:\\\/\\\/www.robertzueblin.com\\\/wp-content\\\/uploads\\\/cropped-cropped-logo-von-robert-zueblin.jpg\",\"width\":440,\"height\":60,\"caption\":\"ROBERT Z\u00dcBLIN\"},\"image\":{\"@id\":\"https:\\\/\\\/www.robertzueblin.com\\\/fr\\\/#\\\/schema\\\/logo\\\/image\\\/\"}}]}<\/script>\n<!-- \/ Yoast SEO plugin. -->","yoast_head_json":{"title":"Peinture \u00e0 l'huile - D\u00e9but p\u00eache truite sur le Rhin en Diessenhofen","description":"Peinture \u00e0 l'huile de la cat\u00e9gorie peintures d'artistes inconnus: D\u00e9but de la p\u00eache truite sur le Rhin en Diessenhofen (suisse).","robots":{"index":"index","follow":"follow","max-snippet":"max-snippet:-1","max-image-preview":"max-image-preview:large","max-video-preview":"max-video-preview:-1"},"canonical":"https:\/\/www.robertzueblin.com\/fr\/peintures-d-artistes-inconnus\/tableau-dartiste-avec-signature-inconnue-debut-peche-truite-rhin-diessenhofen-peinture-a-lhuile\/","og_locale":"fr_FR","og_type":"article","og_title":"Peinture \u00e0 l'huile - D\u00e9but p\u00eache truite sur le Rhin en Diessenhofen","og_description":"Peinture \u00e0 l'huile de la cat\u00e9gorie peintures d'artistes inconnus: D\u00e9but de la p\u00eache truite sur le Rhin en Diessenhofen (suisse).","og_url":"https:\/\/www.robertzueblin.com\/fr\/peintures-d-artistes-inconnus\/tableau-dartiste-avec-signature-inconnue-debut-peche-truite-rhin-diessenhofen-peinture-a-lhuile\/","og_site_name":"ROBERT Z\u00dcBLIN","article_modified_time":"2024-08-10T18:56:11+00:00","og_image":[{"width":1500,"height":1089,"url":"https:\/\/www.robertzueblin.com\/wp-content\/uploads\/inconnue-artiste-peinture-huile-debut-peche-truite-rhein-diessenhofen.jpg","type":"image\/jpeg"}],"twitter_card":"summary_large_image","schema":{"@context":"https:\/\/schema.org","@graph":[{"@type":"WebPage","@id":"https:\/\/www.robertzueblin.com\/fr\/peintures-d-artistes-inconnus\/tableau-dartiste-avec-signature-inconnue-debut-peche-truite-rhin-diessenhofen-peinture-a-lhuile\/","url":"https:\/\/www.robertzueblin.com\/fr\/peintures-d-artistes-inconnus\/tableau-dartiste-avec-signature-inconnue-debut-peche-truite-rhin-diessenhofen-peinture-a-lhuile\/","name":"Peinture \u00e0 l'huile - D\u00e9but p\u00eache truite sur le Rhin en Diessenhofen","isPartOf":{"@id":"https:\/\/www.robertzueblin.com\/fr\/#website"},"primaryImageOfPage":{"@id":"https:\/\/www.robertzueblin.com\/fr\/peintures-d-artistes-inconnus\/tableau-dartiste-avec-signature-inconnue-debut-peche-truite-rhin-diessenhofen-peinture-a-lhuile\/#primaryimage"},"image":{"@id":"https:\/\/www.robertzueblin.com\/fr\/peintures-d-artistes-inconnus\/tableau-dartiste-avec-signature-inconnue-debut-peche-truite-rhin-diessenhofen-peinture-a-lhuile\/#primaryimage"},"thumbnailUrl":"https:\/\/www.robertzueblin.com\/wp-content\/uploads\/inconnue-artiste-peinture-huile-debut-peche-truite-rhein-diessenhofen.jpg","datePublished":"2023-06-18T22:36:05+00:00","dateModified":"2024-08-10T18:56:11+00:00","description":"Peinture \u00e0 l'huile de la cat\u00e9gorie peintures d'artistes inconnus: D\u00e9but de la p\u00eache truite sur le Rhin en Diessenhofen (suisse).","breadcrumb":{"@id":"https:\/\/www.robertzueblin.com\/fr\/peintures-d-artistes-inconnus\/tableau-dartiste-avec-signature-inconnue-debut-peche-truite-rhin-diessenhofen-peinture-a-lhuile\/#breadcrumb"},"inLanguage":"fr-FR","potentialAction":[{"@type":"ReadAction","target":["https:\/\/www.robertzueblin.com\/fr\/peintures-d-artistes-inconnus\/tableau-dartiste-avec-signature-inconnue-debut-peche-truite-rhin-diessenhofen-peinture-a-lhuile\/"]}]},{"@type":"ImageObject","inLanguage":"fr-FR","@id":"https:\/\/www.robertzueblin.com\/fr\/peintures-d-artistes-inconnus\/tableau-dartiste-avec-signature-inconnue-debut-peche-truite-rhin-diessenhofen-peinture-a-lhuile\/#primaryimage","url":"https:\/\/www.robertzueblin.com\/wp-content\/uploads\/inconnue-artiste-peinture-huile-debut-peche-truite-rhein-diessenhofen.jpg","contentUrl":"https:\/\/www.robertzueblin.com\/wp-content\/uploads\/inconnue-artiste-peinture-huile-debut-peche-truite-rhein-diessenhofen.jpg","width":1500,"height":1089,"caption":"Peinture \u00e0 l'huile d'artiste avec signature inconnue: D\u00e9but de la p\u00eache \u00e0 la truite sur le Rhin en amont de Diessenhofen (Suisse)."},{"@type":"BreadcrumbList","@id":"https:\/\/www.robertzueblin.com\/fr\/peintures-d-artistes-inconnus\/tableau-dartiste-avec-signature-inconnue-debut-peche-truite-rhin-diessenhofen-peinture-a-lhuile\/#breadcrumb","itemListElement":[{"@type":"ListItem","position":1,"name":"Startseite","item":"https:\/\/www.robertzueblin.com\/fr\/"},{"@type":"ListItem","position":2,"name":"Galerie d&#8217;art en ligne (boutique en ligne)","item":"https:\/\/www.robertzueblin.com\/fr\/galerie-d-art-en-ligne\/"},{"@type":"ListItem","position":3,"name":"Tableau d&#8217;artiste avec signature inconnue &#8211; D\u00e9but de la p\u00eache \u00e0 la truite sur le Rhin en amont de Diessenhofen (peinture \u00e0 l&#8217;huile)"}]},{"@type":"WebSite","@id":"https:\/\/www.robertzueblin.com\/fr\/#website","url":"https:\/\/www.robertzueblin.com\/fr\/","name":"ROBERT Z\u00dcBLIN","description":"","publisher":{"@id":"https:\/\/www.robertzueblin.com\/fr\/#organization"},"potentialAction":[{"@type":"SearchAction","target":{"@type":"EntryPoint","urlTemplate":"https:\/\/www.robertzueblin.com\/fr\/?s={search_term_string}"},"query-input":{"@type":"PropertyValueSpecification","valueRequired":true,"valueName":"search_term_string"}}],"inLanguage":"fr-FR"},{"@type":"Organization","@id":"https:\/\/www.robertzueblin.com\/fr\/#organization","name":"ROBERT Z\u00dcBLIN","url":"https:\/\/www.robertzueblin.com\/fr\/","logo":{"@type":"ImageObject","inLanguage":"fr-FR","@id":"https:\/\/www.robertzueblin.com\/fr\/#\/schema\/logo\/image\/","url":"https:\/\/www.robertzueblin.com\/wp-content\/uploads\/cropped-cropped-logo-von-robert-zueblin.jpg","contentUrl":"https:\/\/www.robertzueblin.com\/wp-content\/uploads\/cropped-cropped-logo-von-robert-zueblin.jpg","width":440,"height":60,"caption":"ROBERT Z\u00dcBLIN"},"image":{"@id":"https:\/\/www.robertzueblin.com\/fr\/#\/schema\/logo\/image\/"}}]}},"_links":{"self":[{"href":"https:\/\/www.robertzueblin.com\/fr\/wp-json\/wp\/v2\/product\/32819","targetHints":{"allow":["GET"]}}],"collection":[{"href":"https:\/\/www.robertzueblin.com\/fr\/wp-json\/wp\/v2\/product"}],"about":[{"href":"https:\/\/www.robertzueblin.com\/fr\/wp-json\/wp\/v2\/types\/product"}],"wp:featuredmedia":[{"embeddable":true,"href":"https:\/\/www.robertzueblin.com\/fr\/wp-json\/wp\/v2\/media\/32820"}],"wp:attachment":[{"href":"https:\/\/www.robertzueblin.com\/fr\/wp-json\/wp\/v2\/media?parent=32819"}],"wp:term":[{"taxonomy":"product_brand","embeddable":true,"href":"https:\/\/www.robertzueblin.com\/fr\/wp-json\/wp\/v2\/product_brand?post=32819"},{"taxonomy":"product_cat","embeddable":true,"href":"https:\/\/www.robertzueblin.com\/fr\/wp-json\/wp\/v2\/product_cat?post=32819"},{"taxonomy":"product_tag","embeddable":true,"href":"https:\/\/www.robertzueblin.com\/fr\/wp-json\/wp\/v2\/product_tag?post=32819"}],"curies":[{"name":"wp","href":"https:\/\/api.w.org\/{rel}","templated":true}]}}