{"id":26879,"date":"2022-07-04T10:57:45","date_gmt":"2022-07-04T08:57:45","guid":{"rendered":"https:\/\/www.robertzueblin.com\/?post_type=product&#038;p=26879"},"modified":"2025-12-20T15:46:23","modified_gmt":"2025-12-20T14:46:23","slug":"gerda-koerting-1911-%e2%80%a0-2000-cinq-gobelets-en-ceramique","status":"publish","type":"product","link":"https:\/\/www.robertzueblin.com\/fr\/gerda-koerting\/cinq-gobelets-en-ceramique\/","title":{"rendered":"Gerda K\u00d6RTING (* 1911, \u2020 2000) &#8211; Cinq gobelets en c\u00e9ramique &#8211; poterie d&rsquo;atelier"},"content":{"rendered":"<p><span style=\"font-family: AkkoPro-BoldCondensed!important\">Type :<\/span> <a href=\"\/?post_format=poterie-d-atelier-ceramique-de-studio\">poterie d&rsquo;atelier<\/a><\/p>\n<p><span style=\"font-family: AkkoPro-BoldCondensed!important\">\u00c9bauche :<\/span> Gerda K\u00f6rting (* 1911, \u2020 2000)<\/p>\n<p><span style=\"font-family: AkkoPro-BoldCondensed!important\">R\u00e9alisation :<\/span> Gerda K\u00f6rting (* 1911, \u2020 2000)<\/p>\n<p><span style=\"font-family: AkkoPro-BoldCondensed!important\">Objet :<\/span> gobelet<\/p>\n<p><span style=\"font-family: AkkoPro-BoldCondensed!important\">Dimensions :<\/span> hauteur : 9,1-9,4 cm, largeur : 6,5-6,7 cm<\/p>\n<p><span style=\"font-family: AkkoPro-BoldCondensed!important\">Tesson :<\/span> brun<\/p>\n<p><span style=\"font-family: AkkoPro-BoldCondensed!important\">Surface :<\/span> bleu, vert, blanc<\/p>\n<p><span style=\"font-family: AkkoPro-BoldCondensed!important\">P\u00e9riode de fabrication :<\/span> probablement ann\u00e9es 1960\/1970<\/p>\n<p><span style=\"font-family: AkkoPro-BoldCondensed!important\">\u00c9tat :<\/span> non endommag\u00e9<\/p>\n<p><span style=\"font-family: AkkoPro-BoldCondensed!important\">Signature\/marque :<\/span> petit homme au-dessus de GK<\/p>\n","protected":false},"excerpt":{"rendered":"<p>Type : poterie d&rsquo;atelier \u00c9bauche : Gerda K\u00f6rting (* 1911, \u2020 2000) R\u00e9alisation : Gerda K\u00f6rting (* 1911, \u2020 2000) Objet : gobelet Dimensions : hauteur : 9,1-9,4 cm, largeur : 6,5-6,7 cm Tesson : brun Surface : bleu, vert, blanc P\u00e9riode de fabrication : probablement ann\u00e9es 1960\/1970 \u00c9tat : non endommag\u00e9 Signature\/marque : petit [&hellip;]<\/p>\n","protected":false},"featured_media":26889,"template":"","meta":[],"product_brand":[],"product_cat":[294],"product_tag":[],"class_list":{"0":"post-26879","1":"product","2":"type-product","3":"status-publish","4":"has-post-thumbnail","6":"product_cat-gerda-koerting","8":"first","9":"instock","10":"sold-individually","11":"shipping-taxable","12":"purchasable","13":"product-type-simple"},"yoast_head":"<!-- This site is optimized with the Yoast SEO plugin v27.4 - https:\/\/yoast.com\/product\/yoast-seo-wordpress\/ -->\n<title>Gerda K\u00d6RTING - Cinq gobelets en c\u00e9ramique - poterie d&#039;atelier<\/title>\n<meta name=\"description\" content=\"Cinq gobelets en poterie d&#039;atelier en bleu, vert et blanc de la c\u00e9ramiste de RDA Gerda K\u00f6rting des ann\u00e9es 1960\/1970 ; groupe d&#039;artistes de Saalfeld.\" \/>\n<meta name=\"robots\" content=\"index, follow, max-snippet:-1, max-image-preview:large, max-video-preview:-1\" \/>\n<link rel=\"canonical\" href=\"https:\/\/www.robertzueblin.com\/fr\/gerda-koerting\/cinq-gobelets-en-ceramique\/\" \/>\n<meta property=\"og:locale\" content=\"fr_FR\" \/>\n<meta property=\"og:type\" content=\"article\" \/>\n<meta property=\"og:title\" content=\"Gerda K\u00d6RTING - Cinq gobelets en c\u00e9ramique - poterie d&#039;atelier\" \/>\n<meta property=\"og:description\" content=\"Cinq gobelets en poterie d&#039;atelier en bleu, vert et blanc de la c\u00e9ramiste de RDA Gerda K\u00f6rting des ann\u00e9es 1960\/1970 ; groupe d&#039;artistes de Saalfeld.\" \/>\n<meta property=\"og:url\" content=\"https:\/\/www.robertzueblin.com\/fr\/gerda-koerting\/cinq-gobelets-en-ceramique\/\" \/>\n<meta property=\"og:site_name\" content=\"ROBERT Z\u00dcBLIN\" \/>\n<meta property=\"article:modified_time\" content=\"2025-12-20T14:46:23+00:00\" \/>\n<meta property=\"og:image\" content=\"https:\/\/www.robertzueblin.com\/wp-content\/uploads\/gerda-koerting-poterie-d-atelier-cinq-gobelets-ceramique-photo-couverture.jpg\" \/>\n\t<meta property=\"og:image:width\" content=\"1000\" \/>\n\t<meta property=\"og:image:height\" content=\"1000\" \/>\n\t<meta property=\"og:image:type\" content=\"image\/jpeg\" \/>\n<meta name=\"twitter:card\" content=\"summary_large_image\" \/>\n<script type=\"application\/ld+json\" class=\"yoast-schema-graph\">{\"@context\":\"https:\\\/\\\/schema.org\",\"@graph\":[{\"@type\":\"WebPage\",\"@id\":\"https:\\\/\\\/www.robertzueblin.com\\\/fr\\\/gerda-koerting\\\/cinq-gobelets-en-ceramique\\\/\",\"url\":\"https:\\\/\\\/www.robertzueblin.com\\\/fr\\\/gerda-koerting\\\/cinq-gobelets-en-ceramique\\\/\",\"name\":\"Gerda K\u00d6RTING - Cinq gobelets en c\u00e9ramique - poterie d'atelier\",\"isPartOf\":{\"@id\":\"https:\\\/\\\/www.robertzueblin.com\\\/fr\\\/#website\"},\"primaryImageOfPage\":{\"@id\":\"https:\\\/\\\/www.robertzueblin.com\\\/fr\\\/gerda-koerting\\\/cinq-gobelets-en-ceramique\\\/#primaryimage\"},\"image\":{\"@id\":\"https:\\\/\\\/www.robertzueblin.com\\\/fr\\\/gerda-koerting\\\/cinq-gobelets-en-ceramique\\\/#primaryimage\"},\"thumbnailUrl\":\"https:\\\/\\\/www.robertzueblin.com\\\/wp-content\\\/uploads\\\/gerda-koerting-poterie-d-atelier-cinq-gobelets-ceramique-photo-couverture.jpg\",\"datePublished\":\"2022-07-04T08:57:45+00:00\",\"dateModified\":\"2025-12-20T14:46:23+00:00\",\"description\":\"Cinq gobelets en poterie d'atelier en bleu, vert et blanc de la c\u00e9ramiste de RDA Gerda K\u00f6rting des ann\u00e9es 1960\\\/1970 ; groupe d'artistes de Saalfeld.\",\"breadcrumb\":{\"@id\":\"https:\\\/\\\/www.robertzueblin.com\\\/fr\\\/gerda-koerting\\\/cinq-gobelets-en-ceramique\\\/#breadcrumb\"},\"inLanguage\":\"fr-FR\",\"potentialAction\":[{\"@type\":\"ReadAction\",\"target\":[\"https:\\\/\\\/www.robertzueblin.com\\\/fr\\\/gerda-koerting\\\/cinq-gobelets-en-ceramique\\\/\"]}]},{\"@type\":\"ImageObject\",\"inLanguage\":\"fr-FR\",\"@id\":\"https:\\\/\\\/www.robertzueblin.com\\\/fr\\\/gerda-koerting\\\/cinq-gobelets-en-ceramique\\\/#primaryimage\",\"url\":\"https:\\\/\\\/www.robertzueblin.com\\\/wp-content\\\/uploads\\\/gerda-koerting-poterie-d-atelier-cinq-gobelets-ceramique-photo-couverture.jpg\",\"contentUrl\":\"https:\\\/\\\/www.robertzueblin.com\\\/wp-content\\\/uploads\\\/gerda-koerting-poterie-d-atelier-cinq-gobelets-ceramique-photo-couverture.jpg\",\"width\":1000,\"height\":1000},{\"@type\":\"BreadcrumbList\",\"@id\":\"https:\\\/\\\/www.robertzueblin.com\\\/fr\\\/gerda-koerting\\\/cinq-gobelets-en-ceramique\\\/#breadcrumb\",\"itemListElement\":[{\"@type\":\"ListItem\",\"position\":1,\"name\":\"Startseite\",\"item\":\"https:\\\/\\\/www.robertzueblin.com\\\/fr\\\/\"},{\"@type\":\"ListItem\",\"position\":2,\"name\":\"Galerie d&#8217;art en ligne (boutique en ligne)\",\"item\":\"https:\\\/\\\/www.robertzueblin.com\\\/fr\\\/galerie-d-art-en-ligne\\\/\"},{\"@type\":\"ListItem\",\"position\":3,\"name\":\"Gerda K\u00d6RTING (* 1911, \u2020 2000) &#8211; Cinq gobelets en c\u00e9ramique &#8211; poterie d&#8217;atelier\"}]},{\"@type\":\"WebSite\",\"@id\":\"https:\\\/\\\/www.robertzueblin.com\\\/fr\\\/#website\",\"url\":\"https:\\\/\\\/www.robertzueblin.com\\\/fr\\\/\",\"name\":\"ROBERT Z\u00dcBLIN\",\"description\":\"\",\"publisher\":{\"@id\":\"https:\\\/\\\/www.robertzueblin.com\\\/fr\\\/#organization\"},\"potentialAction\":[{\"@type\":\"SearchAction\",\"target\":{\"@type\":\"EntryPoint\",\"urlTemplate\":\"https:\\\/\\\/www.robertzueblin.com\\\/fr\\\/?s={search_term_string}\"},\"query-input\":{\"@type\":\"PropertyValueSpecification\",\"valueRequired\":true,\"valueName\":\"search_term_string\"}}],\"inLanguage\":\"fr-FR\"},{\"@type\":\"Organization\",\"@id\":\"https:\\\/\\\/www.robertzueblin.com\\\/fr\\\/#organization\",\"name\":\"ROBERT Z\u00dcBLIN\",\"url\":\"https:\\\/\\\/www.robertzueblin.com\\\/fr\\\/\",\"logo\":{\"@type\":\"ImageObject\",\"inLanguage\":\"fr-FR\",\"@id\":\"https:\\\/\\\/www.robertzueblin.com\\\/fr\\\/#\\\/schema\\\/logo\\\/image\\\/\",\"url\":\"https:\\\/\\\/www.robertzueblin.com\\\/wp-content\\\/uploads\\\/cropped-cropped-logo-von-robert-zueblin.jpg\",\"contentUrl\":\"https:\\\/\\\/www.robertzueblin.com\\\/wp-content\\\/uploads\\\/cropped-cropped-logo-von-robert-zueblin.jpg\",\"width\":440,\"height\":60,\"caption\":\"ROBERT Z\u00dcBLIN\"},\"image\":{\"@id\":\"https:\\\/\\\/www.robertzueblin.com\\\/fr\\\/#\\\/schema\\\/logo\\\/image\\\/\"}}]}<\/script>\n<!-- \/ Yoast SEO plugin. -->","yoast_head_json":{"title":"Gerda K\u00d6RTING - Cinq gobelets en c\u00e9ramique - poterie d'atelier","description":"Cinq gobelets en poterie d'atelier en bleu, vert et blanc de la c\u00e9ramiste de RDA Gerda K\u00f6rting des ann\u00e9es 1960\/1970 ; groupe d'artistes de Saalfeld.","robots":{"index":"index","follow":"follow","max-snippet":"max-snippet:-1","max-image-preview":"max-image-preview:large","max-video-preview":"max-video-preview:-1"},"canonical":"https:\/\/www.robertzueblin.com\/fr\/gerda-koerting\/cinq-gobelets-en-ceramique\/","og_locale":"fr_FR","og_type":"article","og_title":"Gerda K\u00d6RTING - Cinq gobelets en c\u00e9ramique - poterie d'atelier","og_description":"Cinq gobelets en poterie d'atelier en bleu, vert et blanc de la c\u00e9ramiste de RDA Gerda K\u00f6rting des ann\u00e9es 1960\/1970 ; groupe d'artistes de Saalfeld.","og_url":"https:\/\/www.robertzueblin.com\/fr\/gerda-koerting\/cinq-gobelets-en-ceramique\/","og_site_name":"ROBERT Z\u00dcBLIN","article_modified_time":"2025-12-20T14:46:23+00:00","og_image":[{"width":1000,"height":1000,"url":"https:\/\/www.robertzueblin.com\/wp-content\/uploads\/gerda-koerting-poterie-d-atelier-cinq-gobelets-ceramique-photo-couverture.jpg","type":"image\/jpeg"}],"twitter_card":"summary_large_image","schema":{"@context":"https:\/\/schema.org","@graph":[{"@type":"WebPage","@id":"https:\/\/www.robertzueblin.com\/fr\/gerda-koerting\/cinq-gobelets-en-ceramique\/","url":"https:\/\/www.robertzueblin.com\/fr\/gerda-koerting\/cinq-gobelets-en-ceramique\/","name":"Gerda K\u00d6RTING - Cinq gobelets en c\u00e9ramique - poterie d'atelier","isPartOf":{"@id":"https:\/\/www.robertzueblin.com\/fr\/#website"},"primaryImageOfPage":{"@id":"https:\/\/www.robertzueblin.com\/fr\/gerda-koerting\/cinq-gobelets-en-ceramique\/#primaryimage"},"image":{"@id":"https:\/\/www.robertzueblin.com\/fr\/gerda-koerting\/cinq-gobelets-en-ceramique\/#primaryimage"},"thumbnailUrl":"https:\/\/www.robertzueblin.com\/wp-content\/uploads\/gerda-koerting-poterie-d-atelier-cinq-gobelets-ceramique-photo-couverture.jpg","datePublished":"2022-07-04T08:57:45+00:00","dateModified":"2025-12-20T14:46:23+00:00","description":"Cinq gobelets en poterie d'atelier en bleu, vert et blanc de la c\u00e9ramiste de RDA Gerda K\u00f6rting des ann\u00e9es 1960\/1970 ; groupe d'artistes de Saalfeld.","breadcrumb":{"@id":"https:\/\/www.robertzueblin.com\/fr\/gerda-koerting\/cinq-gobelets-en-ceramique\/#breadcrumb"},"inLanguage":"fr-FR","potentialAction":[{"@type":"ReadAction","target":["https:\/\/www.robertzueblin.com\/fr\/gerda-koerting\/cinq-gobelets-en-ceramique\/"]}]},{"@type":"ImageObject","inLanguage":"fr-FR","@id":"https:\/\/www.robertzueblin.com\/fr\/gerda-koerting\/cinq-gobelets-en-ceramique\/#primaryimage","url":"https:\/\/www.robertzueblin.com\/wp-content\/uploads\/gerda-koerting-poterie-d-atelier-cinq-gobelets-ceramique-photo-couverture.jpg","contentUrl":"https:\/\/www.robertzueblin.com\/wp-content\/uploads\/gerda-koerting-poterie-d-atelier-cinq-gobelets-ceramique-photo-couverture.jpg","width":1000,"height":1000},{"@type":"BreadcrumbList","@id":"https:\/\/www.robertzueblin.com\/fr\/gerda-koerting\/cinq-gobelets-en-ceramique\/#breadcrumb","itemListElement":[{"@type":"ListItem","position":1,"name":"Startseite","item":"https:\/\/www.robertzueblin.com\/fr\/"},{"@type":"ListItem","position":2,"name":"Galerie d&#8217;art en ligne (boutique en ligne)","item":"https:\/\/www.robertzueblin.com\/fr\/galerie-d-art-en-ligne\/"},{"@type":"ListItem","position":3,"name":"Gerda K\u00d6RTING (* 1911, \u2020 2000) &#8211; Cinq gobelets en c\u00e9ramique &#8211; poterie d&#8217;atelier"}]},{"@type":"WebSite","@id":"https:\/\/www.robertzueblin.com\/fr\/#website","url":"https:\/\/www.robertzueblin.com\/fr\/","name":"ROBERT Z\u00dcBLIN","description":"","publisher":{"@id":"https:\/\/www.robertzueblin.com\/fr\/#organization"},"potentialAction":[{"@type":"SearchAction","target":{"@type":"EntryPoint","urlTemplate":"https:\/\/www.robertzueblin.com\/fr\/?s={search_term_string}"},"query-input":{"@type":"PropertyValueSpecification","valueRequired":true,"valueName":"search_term_string"}}],"inLanguage":"fr-FR"},{"@type":"Organization","@id":"https:\/\/www.robertzueblin.com\/fr\/#organization","name":"ROBERT Z\u00dcBLIN","url":"https:\/\/www.robertzueblin.com\/fr\/","logo":{"@type":"ImageObject","inLanguage":"fr-FR","@id":"https:\/\/www.robertzueblin.com\/fr\/#\/schema\/logo\/image\/","url":"https:\/\/www.robertzueblin.com\/wp-content\/uploads\/cropped-cropped-logo-von-robert-zueblin.jpg","contentUrl":"https:\/\/www.robertzueblin.com\/wp-content\/uploads\/cropped-cropped-logo-von-robert-zueblin.jpg","width":440,"height":60,"caption":"ROBERT Z\u00dcBLIN"},"image":{"@id":"https:\/\/www.robertzueblin.com\/fr\/#\/schema\/logo\/image\/"}}]}},"_links":{"self":[{"href":"https:\/\/www.robertzueblin.com\/fr\/wp-json\/wp\/v2\/product\/26879","targetHints":{"allow":["GET"]}}],"collection":[{"href":"https:\/\/www.robertzueblin.com\/fr\/wp-json\/wp\/v2\/product"}],"about":[{"href":"https:\/\/www.robertzueblin.com\/fr\/wp-json\/wp\/v2\/types\/product"}],"wp:featuredmedia":[{"embeddable":true,"href":"https:\/\/www.robertzueblin.com\/fr\/wp-json\/wp\/v2\/media\/26889"}],"wp:attachment":[{"href":"https:\/\/www.robertzueblin.com\/fr\/wp-json\/wp\/v2\/media?parent=26879"}],"wp:term":[{"taxonomy":"product_brand","embeddable":true,"href":"https:\/\/www.robertzueblin.com\/fr\/wp-json\/wp\/v2\/product_brand?post=26879"},{"taxonomy":"product_cat","embeddable":true,"href":"https:\/\/www.robertzueblin.com\/fr\/wp-json\/wp\/v2\/product_cat?post=26879"},{"taxonomy":"product_tag","embeddable":true,"href":"https:\/\/www.robertzueblin.com\/fr\/wp-json\/wp\/v2\/product_tag?post=26879"}],"curies":[{"name":"wp","href":"https:\/\/api.w.org\/{rel}","templated":true}]}}