{"id":26709,"date":"2022-06-21T16:23:42","date_gmt":"2022-06-21T14:23:42","guid":{"rendered":"https:\/\/www.robertzueblin.com\/?post_type=product&#038;p=26709"},"modified":"2025-12-14T15:21:32","modified_gmt":"2025-12-14T14:21:32","slug":"eugene-lion-1867-%e2%80%a0-1945-vase-mauve","status":"publish","type":"product","link":"https:\/\/www.robertzueblin.com\/fr\/eugene-lion\/vase-mauve\/","title":{"rendered":"Eug\u00e8ne LION (* 1867, \u2020 1945) &#8211; Vase mauve &#8211; poterie d&rsquo;atelier"},"content":{"rendered":"<p><span style=\"font-family: AkkoPro-BoldCondensed!important\">Type :<\/span> <a href=\"\/?post_format=poterie-d-atelier-ceramique-de-studio\">c\u00e9ramique en gr\u00e8s de Puisaye<\/a><\/p>\n<p><span style=\"font-family: AkkoPro-BoldCondensed!important\">\u00c9bauche :<\/span> Eug\u00e8ne Lion (* 1867, \u2020 1945)<\/p>\n<p><span style=\"font-family: AkkoPro-BoldCondensed!important\">R\u00e9alisation :<\/span> Eug\u00e8ne Lion (* 1867, \u2020 1945)<\/p>\n<p><span style=\"font-family: AkkoPro-BoldCondensed!important\">Objet :<\/span> vase<\/p>\n<p><span style=\"font-family: AkkoPro-BoldCondensed!important\">Dimensions :<\/span> hhauteur : 16,5 cm ; diam\u00e8tre : 6,8 cm<\/p>\n<p><span style=\"font-family: AkkoPro-BoldCondensed!important\">Tesson :<\/span> brun<\/p>\n<p><span style=\"font-family: AkkoPro-BoldCondensed!important\">Surface :<\/span> violet, bleu, rouge<\/p>\n<p><span style=\"font-family: AkkoPro-BoldCondensed!important\">Ann\u00e9e de fabrication :<\/span> probablement vers 1900<\/p>\n<p><span style=\"font-family: AkkoPro-BoldCondensed!important\">\u00c9tat :<\/span> soufflage de verre partiellement endommag\u00e9<\/p>\n<p><span style=\"font-family: AkkoPro-BoldCondensed!important\">Signature\/marque :<\/span> Lion<\/p>\n","protected":false},"excerpt":{"rendered":"<p>Type : c\u00e9ramique en gr\u00e8s de Puisaye \u00c9bauche : Eug\u00e8ne Lion (* 1867, \u2020 1945) R\u00e9alisation : Eug\u00e8ne Lion (* 1867, \u2020 1945) Objet : vase Dimensions : hhauteur : 16,5 cm ; diam\u00e8tre : 6,8 cm Tesson : brun Surface : violet, bleu, rouge Ann\u00e9e de fabrication : probablement vers 1900 \u00c9tat : soufflage [&hellip;]<\/p>\n","protected":false},"featured_media":26716,"template":"","meta":[],"product_brand":[],"product_cat":[290],"product_tag":[],"class_list":{"0":"post-26709","1":"product","2":"type-product","3":"status-publish","4":"has-post-thumbnail","6":"product_cat-eugene-lion","8":"first","9":"instock","10":"sold-individually","11":"shipping-taxable","12":"purchasable","13":"product-type-simple"},"yoast_head":"<!-- This site is optimized with the Yoast SEO plugin v27.4 - https:\/\/yoast.com\/product\/yoast-seo-wordpress\/ -->\n<title>Eug\u00e8ne LION - Vase Lila - poterie d&#039;atelier<\/title>\n<meta name=\"description\" content=\"Vase Art Nouveau en mauve, bleu, rouge r\u00e9alis\u00e9 vers 1900 par le c\u00e9ramiste fran\u00e7ais Eug\u00e8ne Lion, de l&#039;\u00c9cole de Carri\u00e8s. Poterie d&#039;atelier.\" \/>\n<meta name=\"robots\" content=\"index, follow, max-snippet:-1, max-image-preview:large, max-video-preview:-1\" \/>\n<link rel=\"canonical\" href=\"https:\/\/www.robertzueblin.com\/fr\/eugene-lion\/vase-mauve\/\" \/>\n<meta property=\"og:locale\" content=\"fr_FR\" \/>\n<meta property=\"og:type\" content=\"article\" \/>\n<meta property=\"og:title\" content=\"Eug\u00e8ne LION - Vase Lila - poterie d&#039;atelier\" \/>\n<meta property=\"og:description\" content=\"Vase Art Nouveau en mauve, bleu, rouge r\u00e9alis\u00e9 vers 1900 par le c\u00e9ramiste fran\u00e7ais Eug\u00e8ne Lion, de l&#039;\u00c9cole de Carri\u00e8s. Poterie d&#039;atelier.\" \/>\n<meta property=\"og:url\" content=\"https:\/\/www.robertzueblin.com\/fr\/eugene-lion\/vase-mauve\/\" \/>\n<meta property=\"og:site_name\" content=\"ROBERT Z\u00dcBLIN\" \/>\n<meta property=\"article:modified_time\" content=\"2025-12-14T14:21:32+00:00\" \/>\n<meta property=\"og:image\" content=\"https:\/\/www.robertzueblin.com\/wp-content\/uploads\/eugene-lion-ceramique-gres-puisaye-vase-mauve-photo-couverture.jpg\" \/>\n\t<meta property=\"og:image:width\" content=\"1000\" \/>\n\t<meta property=\"og:image:height\" content=\"1000\" \/>\n\t<meta property=\"og:image:type\" content=\"image\/jpeg\" \/>\n<meta name=\"twitter:card\" content=\"summary_large_image\" \/>\n<script type=\"application\/ld+json\" class=\"yoast-schema-graph\">{\"@context\":\"https:\\\/\\\/schema.org\",\"@graph\":[{\"@type\":\"WebPage\",\"@id\":\"https:\\\/\\\/www.robertzueblin.com\\\/fr\\\/eugene-lion\\\/vase-mauve\\\/\",\"url\":\"https:\\\/\\\/www.robertzueblin.com\\\/fr\\\/eugene-lion\\\/vase-mauve\\\/\",\"name\":\"Eug\u00e8ne LION - Vase Lila - poterie d'atelier\",\"isPartOf\":{\"@id\":\"https:\\\/\\\/www.robertzueblin.com\\\/fr\\\/#website\"},\"primaryImageOfPage\":{\"@id\":\"https:\\\/\\\/www.robertzueblin.com\\\/fr\\\/eugene-lion\\\/vase-mauve\\\/#primaryimage\"},\"image\":{\"@id\":\"https:\\\/\\\/www.robertzueblin.com\\\/fr\\\/eugene-lion\\\/vase-mauve\\\/#primaryimage\"},\"thumbnailUrl\":\"https:\\\/\\\/www.robertzueblin.com\\\/wp-content\\\/uploads\\\/eugene-lion-ceramique-gres-puisaye-vase-mauve-photo-couverture.jpg\",\"datePublished\":\"2022-06-21T14:23:42+00:00\",\"dateModified\":\"2025-12-14T14:21:32+00:00\",\"description\":\"Vase Art Nouveau en mauve, bleu, rouge r\u00e9alis\u00e9 vers 1900 par le c\u00e9ramiste fran\u00e7ais Eug\u00e8ne Lion, de l'\u00c9cole de Carri\u00e8s. Poterie d'atelier.\",\"breadcrumb\":{\"@id\":\"https:\\\/\\\/www.robertzueblin.com\\\/fr\\\/eugene-lion\\\/vase-mauve\\\/#breadcrumb\"},\"inLanguage\":\"fr-FR\",\"potentialAction\":[{\"@type\":\"ReadAction\",\"target\":[\"https:\\\/\\\/www.robertzueblin.com\\\/fr\\\/eugene-lion\\\/vase-mauve\\\/\"]}]},{\"@type\":\"ImageObject\",\"inLanguage\":\"fr-FR\",\"@id\":\"https:\\\/\\\/www.robertzueblin.com\\\/fr\\\/eugene-lion\\\/vase-mauve\\\/#primaryimage\",\"url\":\"https:\\\/\\\/www.robertzueblin.com\\\/wp-content\\\/uploads\\\/eugene-lion-ceramique-gres-puisaye-vase-mauve-photo-couverture.jpg\",\"contentUrl\":\"https:\\\/\\\/www.robertzueblin.com\\\/wp-content\\\/uploads\\\/eugene-lion-ceramique-gres-puisaye-vase-mauve-photo-couverture.jpg\",\"width\":1000,\"height\":1000},{\"@type\":\"BreadcrumbList\",\"@id\":\"https:\\\/\\\/www.robertzueblin.com\\\/fr\\\/eugene-lion\\\/vase-mauve\\\/#breadcrumb\",\"itemListElement\":[{\"@type\":\"ListItem\",\"position\":1,\"name\":\"Startseite\",\"item\":\"https:\\\/\\\/www.robertzueblin.com\\\/fr\\\/\"},{\"@type\":\"ListItem\",\"position\":2,\"name\":\"Galerie d&#8217;art en ligne (boutique en ligne)\",\"item\":\"https:\\\/\\\/www.robertzueblin.com\\\/fr\\\/galerie-d-art-en-ligne\\\/\"},{\"@type\":\"ListItem\",\"position\":3,\"name\":\"Eug\u00e8ne LION (* 1867, \u2020 1945) &#8211; Vase mauve &#8211; poterie d&#8217;atelier\"}]},{\"@type\":\"WebSite\",\"@id\":\"https:\\\/\\\/www.robertzueblin.com\\\/fr\\\/#website\",\"url\":\"https:\\\/\\\/www.robertzueblin.com\\\/fr\\\/\",\"name\":\"ROBERT Z\u00dcBLIN\",\"description\":\"\",\"publisher\":{\"@id\":\"https:\\\/\\\/www.robertzueblin.com\\\/fr\\\/#organization\"},\"potentialAction\":[{\"@type\":\"SearchAction\",\"target\":{\"@type\":\"EntryPoint\",\"urlTemplate\":\"https:\\\/\\\/www.robertzueblin.com\\\/fr\\\/?s={search_term_string}\"},\"query-input\":{\"@type\":\"PropertyValueSpecification\",\"valueRequired\":true,\"valueName\":\"search_term_string\"}}],\"inLanguage\":\"fr-FR\"},{\"@type\":\"Organization\",\"@id\":\"https:\\\/\\\/www.robertzueblin.com\\\/fr\\\/#organization\",\"name\":\"ROBERT Z\u00dcBLIN\",\"url\":\"https:\\\/\\\/www.robertzueblin.com\\\/fr\\\/\",\"logo\":{\"@type\":\"ImageObject\",\"inLanguage\":\"fr-FR\",\"@id\":\"https:\\\/\\\/www.robertzueblin.com\\\/fr\\\/#\\\/schema\\\/logo\\\/image\\\/\",\"url\":\"https:\\\/\\\/www.robertzueblin.com\\\/wp-content\\\/uploads\\\/cropped-cropped-logo-von-robert-zueblin.jpg\",\"contentUrl\":\"https:\\\/\\\/www.robertzueblin.com\\\/wp-content\\\/uploads\\\/cropped-cropped-logo-von-robert-zueblin.jpg\",\"width\":440,\"height\":60,\"caption\":\"ROBERT Z\u00dcBLIN\"},\"image\":{\"@id\":\"https:\\\/\\\/www.robertzueblin.com\\\/fr\\\/#\\\/schema\\\/logo\\\/image\\\/\"}}]}<\/script>\n<!-- \/ Yoast SEO plugin. -->","yoast_head_json":{"title":"Eug\u00e8ne LION - Vase Lila - poterie d'atelier","description":"Vase Art Nouveau en mauve, bleu, rouge r\u00e9alis\u00e9 vers 1900 par le c\u00e9ramiste fran\u00e7ais Eug\u00e8ne Lion, de l'\u00c9cole de Carri\u00e8s. Poterie d'atelier.","robots":{"index":"index","follow":"follow","max-snippet":"max-snippet:-1","max-image-preview":"max-image-preview:large","max-video-preview":"max-video-preview:-1"},"canonical":"https:\/\/www.robertzueblin.com\/fr\/eugene-lion\/vase-mauve\/","og_locale":"fr_FR","og_type":"article","og_title":"Eug\u00e8ne LION - Vase Lila - poterie d'atelier","og_description":"Vase Art Nouveau en mauve, bleu, rouge r\u00e9alis\u00e9 vers 1900 par le c\u00e9ramiste fran\u00e7ais Eug\u00e8ne Lion, de l'\u00c9cole de Carri\u00e8s. Poterie d'atelier.","og_url":"https:\/\/www.robertzueblin.com\/fr\/eugene-lion\/vase-mauve\/","og_site_name":"ROBERT Z\u00dcBLIN","article_modified_time":"2025-12-14T14:21:32+00:00","og_image":[{"width":1000,"height":1000,"url":"https:\/\/www.robertzueblin.com\/wp-content\/uploads\/eugene-lion-ceramique-gres-puisaye-vase-mauve-photo-couverture.jpg","type":"image\/jpeg"}],"twitter_card":"summary_large_image","schema":{"@context":"https:\/\/schema.org","@graph":[{"@type":"WebPage","@id":"https:\/\/www.robertzueblin.com\/fr\/eugene-lion\/vase-mauve\/","url":"https:\/\/www.robertzueblin.com\/fr\/eugene-lion\/vase-mauve\/","name":"Eug\u00e8ne LION - Vase Lila - poterie d'atelier","isPartOf":{"@id":"https:\/\/www.robertzueblin.com\/fr\/#website"},"primaryImageOfPage":{"@id":"https:\/\/www.robertzueblin.com\/fr\/eugene-lion\/vase-mauve\/#primaryimage"},"image":{"@id":"https:\/\/www.robertzueblin.com\/fr\/eugene-lion\/vase-mauve\/#primaryimage"},"thumbnailUrl":"https:\/\/www.robertzueblin.com\/wp-content\/uploads\/eugene-lion-ceramique-gres-puisaye-vase-mauve-photo-couverture.jpg","datePublished":"2022-06-21T14:23:42+00:00","dateModified":"2025-12-14T14:21:32+00:00","description":"Vase Art Nouveau en mauve, bleu, rouge r\u00e9alis\u00e9 vers 1900 par le c\u00e9ramiste fran\u00e7ais Eug\u00e8ne Lion, de l'\u00c9cole de Carri\u00e8s. Poterie d'atelier.","breadcrumb":{"@id":"https:\/\/www.robertzueblin.com\/fr\/eugene-lion\/vase-mauve\/#breadcrumb"},"inLanguage":"fr-FR","potentialAction":[{"@type":"ReadAction","target":["https:\/\/www.robertzueblin.com\/fr\/eugene-lion\/vase-mauve\/"]}]},{"@type":"ImageObject","inLanguage":"fr-FR","@id":"https:\/\/www.robertzueblin.com\/fr\/eugene-lion\/vase-mauve\/#primaryimage","url":"https:\/\/www.robertzueblin.com\/wp-content\/uploads\/eugene-lion-ceramique-gres-puisaye-vase-mauve-photo-couverture.jpg","contentUrl":"https:\/\/www.robertzueblin.com\/wp-content\/uploads\/eugene-lion-ceramique-gres-puisaye-vase-mauve-photo-couverture.jpg","width":1000,"height":1000},{"@type":"BreadcrumbList","@id":"https:\/\/www.robertzueblin.com\/fr\/eugene-lion\/vase-mauve\/#breadcrumb","itemListElement":[{"@type":"ListItem","position":1,"name":"Startseite","item":"https:\/\/www.robertzueblin.com\/fr\/"},{"@type":"ListItem","position":2,"name":"Galerie d&#8217;art en ligne (boutique en ligne)","item":"https:\/\/www.robertzueblin.com\/fr\/galerie-d-art-en-ligne\/"},{"@type":"ListItem","position":3,"name":"Eug\u00e8ne LION (* 1867, \u2020 1945) &#8211; Vase mauve &#8211; poterie d&#8217;atelier"}]},{"@type":"WebSite","@id":"https:\/\/www.robertzueblin.com\/fr\/#website","url":"https:\/\/www.robertzueblin.com\/fr\/","name":"ROBERT Z\u00dcBLIN","description":"","publisher":{"@id":"https:\/\/www.robertzueblin.com\/fr\/#organization"},"potentialAction":[{"@type":"SearchAction","target":{"@type":"EntryPoint","urlTemplate":"https:\/\/www.robertzueblin.com\/fr\/?s={search_term_string}"},"query-input":{"@type":"PropertyValueSpecification","valueRequired":true,"valueName":"search_term_string"}}],"inLanguage":"fr-FR"},{"@type":"Organization","@id":"https:\/\/www.robertzueblin.com\/fr\/#organization","name":"ROBERT Z\u00dcBLIN","url":"https:\/\/www.robertzueblin.com\/fr\/","logo":{"@type":"ImageObject","inLanguage":"fr-FR","@id":"https:\/\/www.robertzueblin.com\/fr\/#\/schema\/logo\/image\/","url":"https:\/\/www.robertzueblin.com\/wp-content\/uploads\/cropped-cropped-logo-von-robert-zueblin.jpg","contentUrl":"https:\/\/www.robertzueblin.com\/wp-content\/uploads\/cropped-cropped-logo-von-robert-zueblin.jpg","width":440,"height":60,"caption":"ROBERT Z\u00dcBLIN"},"image":{"@id":"https:\/\/www.robertzueblin.com\/fr\/#\/schema\/logo\/image\/"}}]}},"_links":{"self":[{"href":"https:\/\/www.robertzueblin.com\/fr\/wp-json\/wp\/v2\/product\/26709","targetHints":{"allow":["GET"]}}],"collection":[{"href":"https:\/\/www.robertzueblin.com\/fr\/wp-json\/wp\/v2\/product"}],"about":[{"href":"https:\/\/www.robertzueblin.com\/fr\/wp-json\/wp\/v2\/types\/product"}],"wp:featuredmedia":[{"embeddable":true,"href":"https:\/\/www.robertzueblin.com\/fr\/wp-json\/wp\/v2\/media\/26716"}],"wp:attachment":[{"href":"https:\/\/www.robertzueblin.com\/fr\/wp-json\/wp\/v2\/media?parent=26709"}],"wp:term":[{"taxonomy":"product_brand","embeddable":true,"href":"https:\/\/www.robertzueblin.com\/fr\/wp-json\/wp\/v2\/product_brand?post=26709"},{"taxonomy":"product_cat","embeddable":true,"href":"https:\/\/www.robertzueblin.com\/fr\/wp-json\/wp\/v2\/product_cat?post=26709"},{"taxonomy":"product_tag","embeddable":true,"href":"https:\/\/www.robertzueblin.com\/fr\/wp-json\/wp\/v2\/product_tag?post=26709"}],"curies":[{"name":"wp","href":"https:\/\/api.w.org\/{rel}","templated":true}]}}