{"id":20352,"date":"2021-09-27T21:22:49","date_gmt":"2021-09-27T19:22:49","guid":{"rendered":"https:\/\/www.robertzueblin.com\/?post_type=product&#038;p=20352"},"modified":"2025-12-20T17:28:23","modified_gmt":"2025-12-20T16:28:23","slug":"gerhard-doelz-1926-%e2%80%a0-2007-vase-vert-structure","status":"publish","type":"product","link":"https:\/\/www.robertzueblin.com\/fr\/gerhard-doelz\/vase-vert-structure\/","title":{"rendered":"Gerhard D\u00d6LZ (* 1926, \u2020 2007) &#8211; Vase vert structur\u00e9 &#8211; poterie d&rsquo;atelier"},"content":{"rendered":"<p><span style=\"font-family: AkkoPro-BoldCondensed!important\">Type :<\/span> <a href=\"\/?post_format=poterie-d-atelier-ceramique-de-studio\">poterie d&rsquo;atelier<\/a><\/p>\n<p><span style=\"font-family: AkkoPro-BoldCondensed!important\">\u00c9bauche :<\/span> Gerhard D\u00f6lz (* 1926, \u2020 2007)<\/p>\n<p><span style=\"font-family: AkkoPro-BoldCondensed!important\">R\u00e9alisation :<\/span> Gerhard D\u00f6lz (* 1926, \u2020 2007)<\/p>\n<p><span style=\"font-family: AkkoPro-BoldCondensed!important\">Objet :<\/span> vase<\/p>\n<p><span style=\"font-family: AkkoPro-BoldCondensed!important\">Dimensions :<\/span> hauteur : 18,5 cm, largeur : 11,5 cm<\/p>\n<p><span style=\"font-family: AkkoPro-BoldCondensed!important\">Tesson :<\/span> fonc\u00e9<\/p>\n<p><span style=\"font-family: AkkoPro-BoldCondensed!important\">Surface :<\/span> vert, brun, blanc, bleu<\/p>\n<p><span style=\"font-family: AkkoPro-BoldCondensed!important\">Ann\u00e9e de fabrication :<\/span> probablement ann\u00e9es 1970<\/p>\n<p><span style=\"font-family: AkkoPro-BoldCondensed!important\">\u00c9tat :<\/span> intact (sur le bord ext\u00e9rieur de l&#8217;embouchure, il y a un petit d\u00e9faut d&rsquo;\u00e9mail, mais qui, \u00e0 mon avis, est d\u00fb \u00e0 la fabrication et \u00e0 l&rsquo;\u00e9clatement de la bulle)<\/p>\n<p><span style=\"font-family: AkkoPro-BoldCondensed!important\">Signature\/marque :<\/span> GD<\/p>\n<p><span style=\"font-family: AkkoPro-BoldCondensed!important\">D\u00e9tails :<\/span><br \/>\nLe c\u00e9ramiste de RDA Gerhard D\u00f6lz fait partie du groupe d&rsquo;artistes de Saalfeld, tout comme Gerda K\u00f6rting et Karl J\u00fcttner. Ce vase est probablement une c\u00e9ramique de RDA qui, au vu de sa forme de style brutaliste, a probablement \u00e9t\u00e9 r\u00e9alis\u00e9e dans les ann\u00e9es 1970.<\/p>\n","protected":false},"excerpt":{"rendered":"<p>Type : poterie d&rsquo;atelier \u00c9bauche : Gerhard D\u00f6lz (* 1926, \u2020 2007) R\u00e9alisation : Gerhard D\u00f6lz (* 1926, \u2020 2007) Objet : vase Dimensions : hauteur : 18,5 cm, largeur : 11,5 cm Tesson : fonc\u00e9 Surface : vert, brun, blanc, bleu Ann\u00e9e de fabrication : probablement ann\u00e9es 1970 \u00c9tat : intact (sur le bord [&hellip;]<\/p>\n","protected":false},"featured_media":19887,"template":"","meta":[],"product_brand":[],"product_cat":[295],"product_tag":[],"class_list":{"0":"post-20352","1":"product","2":"type-product","3":"status-publish","4":"has-post-thumbnail","6":"product_cat-gerhard-doelz","8":"first","9":"instock","10":"sold-individually","11":"shipping-taxable","12":"purchasable","13":"product-type-simple"},"yoast_head":"<!-- This site is optimized with the Yoast SEO plugin v27.4 - https:\/\/yoast.com\/product\/yoast-seo-wordpress\/ -->\n<title>Gerhard D\u00f6lz - vase vert avec structure - poterie d&#039;atelier<\/title>\n<meta name=\"description\" content=\"C\u00e9ramique de RDA de l&#039;un des c\u00e9ramistes les plus connus de RDA, Gerhard D\u00f6lz, ancien membre du groupe d&#039;artistes de Saalfeld.\" \/>\n<meta name=\"robots\" content=\"index, follow, max-snippet:-1, max-image-preview:large, max-video-preview:-1\" \/>\n<link rel=\"canonical\" href=\"https:\/\/www.robertzueblin.com\/fr\/gerhard-doelz\/vase-vert-structure\/\" \/>\n<meta property=\"og:locale\" content=\"fr_FR\" \/>\n<meta property=\"og:type\" content=\"article\" \/>\n<meta property=\"og:title\" content=\"Gerhard D\u00f6lz - vase vert avec structure - poterie d&#039;atelier\" \/>\n<meta property=\"og:description\" content=\"C\u00e9ramique de RDA de l&#039;un des c\u00e9ramistes les plus connus de RDA, Gerhard D\u00f6lz, ancien membre du groupe d&#039;artistes de Saalfeld.\" \/>\n<meta property=\"og:url\" content=\"https:\/\/www.robertzueblin.com\/fr\/gerhard-doelz\/vase-vert-structure\/\" \/>\n<meta property=\"og:site_name\" content=\"ROBERT Z\u00dcBLIN\" \/>\n<meta property=\"article:modified_time\" content=\"2025-12-20T16:28:23+00:00\" \/>\n<meta property=\"og:image\" content=\"https:\/\/www.robertzueblin.com\/wp-content\/uploads\/gerhard-doelz-ceramique-poterie-d-atelier-rda-vase-vert-structure-photo-de-couverture.jpg\" \/>\n\t<meta property=\"og:image:width\" content=\"1080\" \/>\n\t<meta property=\"og:image:height\" content=\"1080\" \/>\n\t<meta property=\"og:image:type\" content=\"image\/jpeg\" \/>\n<meta name=\"twitter:card\" content=\"summary_large_image\" \/>\n<script type=\"application\/ld+json\" class=\"yoast-schema-graph\">{\"@context\":\"https:\\\/\\\/schema.org\",\"@graph\":[{\"@type\":\"WebPage\",\"@id\":\"https:\\\/\\\/www.robertzueblin.com\\\/fr\\\/gerhard-doelz\\\/vase-vert-structure\\\/\",\"url\":\"https:\\\/\\\/www.robertzueblin.com\\\/fr\\\/gerhard-doelz\\\/vase-vert-structure\\\/\",\"name\":\"Gerhard D\u00f6lz - vase vert avec structure - poterie d'atelier\",\"isPartOf\":{\"@id\":\"https:\\\/\\\/www.robertzueblin.com\\\/fr\\\/#website\"},\"primaryImageOfPage\":{\"@id\":\"https:\\\/\\\/www.robertzueblin.com\\\/fr\\\/gerhard-doelz\\\/vase-vert-structure\\\/#primaryimage\"},\"image\":{\"@id\":\"https:\\\/\\\/www.robertzueblin.com\\\/fr\\\/gerhard-doelz\\\/vase-vert-structure\\\/#primaryimage\"},\"thumbnailUrl\":\"https:\\\/\\\/www.robertzueblin.com\\\/wp-content\\\/uploads\\\/gerhard-doelz-ceramique-poterie-d-atelier-rda-vase-vert-structure-photo-de-couverture.jpg\",\"datePublished\":\"2021-09-27T19:22:49+00:00\",\"dateModified\":\"2025-12-20T16:28:23+00:00\",\"description\":\"C\u00e9ramique de RDA de l'un des c\u00e9ramistes les plus connus de RDA, Gerhard D\u00f6lz, ancien membre du groupe d'artistes de Saalfeld.\",\"breadcrumb\":{\"@id\":\"https:\\\/\\\/www.robertzueblin.com\\\/fr\\\/gerhard-doelz\\\/vase-vert-structure\\\/#breadcrumb\"},\"inLanguage\":\"fr-FR\",\"potentialAction\":[{\"@type\":\"ReadAction\",\"target\":[\"https:\\\/\\\/www.robertzueblin.com\\\/fr\\\/gerhard-doelz\\\/vase-vert-structure\\\/\"]}]},{\"@type\":\"ImageObject\",\"inLanguage\":\"fr-FR\",\"@id\":\"https:\\\/\\\/www.robertzueblin.com\\\/fr\\\/gerhard-doelz\\\/vase-vert-structure\\\/#primaryimage\",\"url\":\"https:\\\/\\\/www.robertzueblin.com\\\/wp-content\\\/uploads\\\/gerhard-doelz-ceramique-poterie-d-atelier-rda-vase-vert-structure-photo-de-couverture.jpg\",\"contentUrl\":\"https:\\\/\\\/www.robertzueblin.com\\\/wp-content\\\/uploads\\\/gerhard-doelz-ceramique-poterie-d-atelier-rda-vase-vert-structure-photo-de-couverture.jpg\",\"width\":1080,\"height\":1080},{\"@type\":\"BreadcrumbList\",\"@id\":\"https:\\\/\\\/www.robertzueblin.com\\\/fr\\\/gerhard-doelz\\\/vase-vert-structure\\\/#breadcrumb\",\"itemListElement\":[{\"@type\":\"ListItem\",\"position\":1,\"name\":\"Startseite\",\"item\":\"https:\\\/\\\/www.robertzueblin.com\\\/fr\\\/\"},{\"@type\":\"ListItem\",\"position\":2,\"name\":\"Galerie d&#8217;art en ligne (boutique en ligne)\",\"item\":\"https:\\\/\\\/www.robertzueblin.com\\\/fr\\\/galerie-d-art-en-ligne\\\/\"},{\"@type\":\"ListItem\",\"position\":3,\"name\":\"Gerhard D\u00d6LZ (* 1926, \u2020 2007) &#8211; Vase vert structur\u00e9 &#8211; poterie d&#8217;atelier\"}]},{\"@type\":\"WebSite\",\"@id\":\"https:\\\/\\\/www.robertzueblin.com\\\/fr\\\/#website\",\"url\":\"https:\\\/\\\/www.robertzueblin.com\\\/fr\\\/\",\"name\":\"ROBERT Z\u00dcBLIN\",\"description\":\"\",\"publisher\":{\"@id\":\"https:\\\/\\\/www.robertzueblin.com\\\/fr\\\/#organization\"},\"potentialAction\":[{\"@type\":\"SearchAction\",\"target\":{\"@type\":\"EntryPoint\",\"urlTemplate\":\"https:\\\/\\\/www.robertzueblin.com\\\/fr\\\/?s={search_term_string}\"},\"query-input\":{\"@type\":\"PropertyValueSpecification\",\"valueRequired\":true,\"valueName\":\"search_term_string\"}}],\"inLanguage\":\"fr-FR\"},{\"@type\":\"Organization\",\"@id\":\"https:\\\/\\\/www.robertzueblin.com\\\/fr\\\/#organization\",\"name\":\"ROBERT Z\u00dcBLIN\",\"url\":\"https:\\\/\\\/www.robertzueblin.com\\\/fr\\\/\",\"logo\":{\"@type\":\"ImageObject\",\"inLanguage\":\"fr-FR\",\"@id\":\"https:\\\/\\\/www.robertzueblin.com\\\/fr\\\/#\\\/schema\\\/logo\\\/image\\\/\",\"url\":\"https:\\\/\\\/www.robertzueblin.com\\\/wp-content\\\/uploads\\\/cropped-cropped-logo-von-robert-zueblin.jpg\",\"contentUrl\":\"https:\\\/\\\/www.robertzueblin.com\\\/wp-content\\\/uploads\\\/cropped-cropped-logo-von-robert-zueblin.jpg\",\"width\":440,\"height\":60,\"caption\":\"ROBERT Z\u00dcBLIN\"},\"image\":{\"@id\":\"https:\\\/\\\/www.robertzueblin.com\\\/fr\\\/#\\\/schema\\\/logo\\\/image\\\/\"}}]}<\/script>\n<!-- \/ Yoast SEO plugin. -->","yoast_head_json":{"title":"Gerhard D\u00f6lz - vase vert avec structure - poterie d'atelier","description":"C\u00e9ramique de RDA de l'un des c\u00e9ramistes les plus connus de RDA, Gerhard D\u00f6lz, ancien membre du groupe d'artistes de Saalfeld.","robots":{"index":"index","follow":"follow","max-snippet":"max-snippet:-1","max-image-preview":"max-image-preview:large","max-video-preview":"max-video-preview:-1"},"canonical":"https:\/\/www.robertzueblin.com\/fr\/gerhard-doelz\/vase-vert-structure\/","og_locale":"fr_FR","og_type":"article","og_title":"Gerhard D\u00f6lz - vase vert avec structure - poterie d'atelier","og_description":"C\u00e9ramique de RDA de l'un des c\u00e9ramistes les plus connus de RDA, Gerhard D\u00f6lz, ancien membre du groupe d'artistes de Saalfeld.","og_url":"https:\/\/www.robertzueblin.com\/fr\/gerhard-doelz\/vase-vert-structure\/","og_site_name":"ROBERT Z\u00dcBLIN","article_modified_time":"2025-12-20T16:28:23+00:00","og_image":[{"width":1080,"height":1080,"url":"https:\/\/www.robertzueblin.com\/wp-content\/uploads\/gerhard-doelz-ceramique-poterie-d-atelier-rda-vase-vert-structure-photo-de-couverture.jpg","type":"image\/jpeg"}],"twitter_card":"summary_large_image","schema":{"@context":"https:\/\/schema.org","@graph":[{"@type":"WebPage","@id":"https:\/\/www.robertzueblin.com\/fr\/gerhard-doelz\/vase-vert-structure\/","url":"https:\/\/www.robertzueblin.com\/fr\/gerhard-doelz\/vase-vert-structure\/","name":"Gerhard D\u00f6lz - vase vert avec structure - poterie d'atelier","isPartOf":{"@id":"https:\/\/www.robertzueblin.com\/fr\/#website"},"primaryImageOfPage":{"@id":"https:\/\/www.robertzueblin.com\/fr\/gerhard-doelz\/vase-vert-structure\/#primaryimage"},"image":{"@id":"https:\/\/www.robertzueblin.com\/fr\/gerhard-doelz\/vase-vert-structure\/#primaryimage"},"thumbnailUrl":"https:\/\/www.robertzueblin.com\/wp-content\/uploads\/gerhard-doelz-ceramique-poterie-d-atelier-rda-vase-vert-structure-photo-de-couverture.jpg","datePublished":"2021-09-27T19:22:49+00:00","dateModified":"2025-12-20T16:28:23+00:00","description":"C\u00e9ramique de RDA de l'un des c\u00e9ramistes les plus connus de RDA, Gerhard D\u00f6lz, ancien membre du groupe d'artistes de Saalfeld.","breadcrumb":{"@id":"https:\/\/www.robertzueblin.com\/fr\/gerhard-doelz\/vase-vert-structure\/#breadcrumb"},"inLanguage":"fr-FR","potentialAction":[{"@type":"ReadAction","target":["https:\/\/www.robertzueblin.com\/fr\/gerhard-doelz\/vase-vert-structure\/"]}]},{"@type":"ImageObject","inLanguage":"fr-FR","@id":"https:\/\/www.robertzueblin.com\/fr\/gerhard-doelz\/vase-vert-structure\/#primaryimage","url":"https:\/\/www.robertzueblin.com\/wp-content\/uploads\/gerhard-doelz-ceramique-poterie-d-atelier-rda-vase-vert-structure-photo-de-couverture.jpg","contentUrl":"https:\/\/www.robertzueblin.com\/wp-content\/uploads\/gerhard-doelz-ceramique-poterie-d-atelier-rda-vase-vert-structure-photo-de-couverture.jpg","width":1080,"height":1080},{"@type":"BreadcrumbList","@id":"https:\/\/www.robertzueblin.com\/fr\/gerhard-doelz\/vase-vert-structure\/#breadcrumb","itemListElement":[{"@type":"ListItem","position":1,"name":"Startseite","item":"https:\/\/www.robertzueblin.com\/fr\/"},{"@type":"ListItem","position":2,"name":"Galerie d&#8217;art en ligne (boutique en ligne)","item":"https:\/\/www.robertzueblin.com\/fr\/galerie-d-art-en-ligne\/"},{"@type":"ListItem","position":3,"name":"Gerhard D\u00d6LZ (* 1926, \u2020 2007) &#8211; Vase vert structur\u00e9 &#8211; poterie d&#8217;atelier"}]},{"@type":"WebSite","@id":"https:\/\/www.robertzueblin.com\/fr\/#website","url":"https:\/\/www.robertzueblin.com\/fr\/","name":"ROBERT Z\u00dcBLIN","description":"","publisher":{"@id":"https:\/\/www.robertzueblin.com\/fr\/#organization"},"potentialAction":[{"@type":"SearchAction","target":{"@type":"EntryPoint","urlTemplate":"https:\/\/www.robertzueblin.com\/fr\/?s={search_term_string}"},"query-input":{"@type":"PropertyValueSpecification","valueRequired":true,"valueName":"search_term_string"}}],"inLanguage":"fr-FR"},{"@type":"Organization","@id":"https:\/\/www.robertzueblin.com\/fr\/#organization","name":"ROBERT Z\u00dcBLIN","url":"https:\/\/www.robertzueblin.com\/fr\/","logo":{"@type":"ImageObject","inLanguage":"fr-FR","@id":"https:\/\/www.robertzueblin.com\/fr\/#\/schema\/logo\/image\/","url":"https:\/\/www.robertzueblin.com\/wp-content\/uploads\/cropped-cropped-logo-von-robert-zueblin.jpg","contentUrl":"https:\/\/www.robertzueblin.com\/wp-content\/uploads\/cropped-cropped-logo-von-robert-zueblin.jpg","width":440,"height":60,"caption":"ROBERT Z\u00dcBLIN"},"image":{"@id":"https:\/\/www.robertzueblin.com\/fr\/#\/schema\/logo\/image\/"}}]}},"_links":{"self":[{"href":"https:\/\/www.robertzueblin.com\/fr\/wp-json\/wp\/v2\/product\/20352","targetHints":{"allow":["GET"]}}],"collection":[{"href":"https:\/\/www.robertzueblin.com\/fr\/wp-json\/wp\/v2\/product"}],"about":[{"href":"https:\/\/www.robertzueblin.com\/fr\/wp-json\/wp\/v2\/types\/product"}],"wp:featuredmedia":[{"embeddable":true,"href":"https:\/\/www.robertzueblin.com\/fr\/wp-json\/wp\/v2\/media\/19887"}],"wp:attachment":[{"href":"https:\/\/www.robertzueblin.com\/fr\/wp-json\/wp\/v2\/media?parent=20352"}],"wp:term":[{"taxonomy":"product_brand","embeddable":true,"href":"https:\/\/www.robertzueblin.com\/fr\/wp-json\/wp\/v2\/product_brand?post=20352"},{"taxonomy":"product_cat","embeddable":true,"href":"https:\/\/www.robertzueblin.com\/fr\/wp-json\/wp\/v2\/product_cat?post=20352"},{"taxonomy":"product_tag","embeddable":true,"href":"https:\/\/www.robertzueblin.com\/fr\/wp-json\/wp\/v2\/product_tag?post=20352"}],"curies":[{"name":"wp","href":"https:\/\/api.w.org\/{rel}","templated":true}]}}