{"id":20349,"date":"2021-09-27T21:30:49","date_gmt":"2022-05-23T14:44:02","guid":{"rendered":"https:\/\/www.robertzueblin.com\/?post_type=product&#038;p=20349"},"modified":"2023-01-05T14:43:03","modified_gmt":"2023-01-05T13:43:03","slug":"pierre-adrien-dalpayrat-1844-%e2%80%a0-1910-petit-vase-brun-noir-rouge","status":"publish","type":"product","link":"https:\/\/www.robertzueblin.com\/fr\/pierre-adrien-dalpayrat\/petit-vase-brun-noir-rouge\/","title":{"rendered":"Pierre-Adrien DALPAYRAT (* 1844, \u2020 1910) &#8211; Petit vase (brun, noir, rouge) &#8211; poterie d&rsquo;atelier"},"content":{"rendered":"<p><span style=\"font-family: AkkoPro-BoldCondensed!important\">Type :<\/span> <a href=\"https:\/\/www.robertzueblin.com\/fr\/type\/poterie-d-atelier-ceramique-de-studio\/\">poterie d&rsquo;atelier<\/a><\/p>\n<p><span style=\"font-family: AkkoPro-BoldCondensed!important\">\u00c9bauche :<\/span> Pierre-Adrien Dalpayrat (* 1844, \u2020 1910)<\/p>\n<p><span style=\"font-family: AkkoPro-BoldCondensed!important\">R\u00e9alisation :<\/span> Atelier Dalpayrat<\/p>\n<p><span style=\"font-family: AkkoPro-BoldCondensed!important\">Objet :<\/span> vase<\/p>\n<p><span style=\"font-family: AkkoPro-BoldCondensed!important\">Dimensions :<\/span> hauteur : 7,5 cm, largeur : 10 cm<\/p>\n<p><span style=\"font-family: AkkoPro-BoldCondensed!important\">Tesson :<\/span> gris-brun<\/p>\n<p><span style=\"font-family: AkkoPro-BoldCondensed!important\">Surface :<\/span> brune, rouge, noire, grise<\/p>\n<p><span style=\"font-family: AkkoPro-BoldCondensed!important\">Ann\u00e9e de fabrication :<\/span> circa 1900<\/p>\n<p><span style=\"font-family: AkkoPro-BoldCondensed!important\">\u00c9tat :<\/span> perte minimale d&rsquo;\u00e9mail (environ 2 mm x 1 mm) \u00e0 la base.<\/p>\n<p><span style=\"font-family: AkkoPro-BoldCondensed!important\">Signature\/marque :<\/span> LES GRANDS FEUX DE DALPAYRAT<\/p>\n<p><span style=\"font-family: AkkoPro-BoldCondensed!important\">D\u00e9tails :<\/span><br \/>\nVase tourn\u00e9 de l&rsquo;atelier Dalpayrat. Il est marqu\u00e9 du tampon \u00ab\u00a0LES GRANDS FEUX DE DALPAYRAT\u00a0\u00bb. L&rsquo;\u00e9mail se distingue par les taches noir-gris m\u00e9tallis\u00e9es sur l&rsquo;\u00e9paule.<\/p>\n","protected":false},"excerpt":{"rendered":"<p><span style=\"color: #e2401c;\">&#x25cf;<\/span><span> vendu<\/span><\/p>\n","protected":false},"featured_media":19866,"template":"","meta":[],"product_brand":[],"product_cat":[315],"product_tag":[],"class_list":{"0":"post-20349","1":"product","2":"type-product","3":"status-publish","4":"has-post-thumbnail","6":"product_cat-pierre-adrien-dalpayrat","8":"first","9":"outofstock","10":"sold-individually","11":"shipping-taxable","12":"product-type-simple"},"yoast_head":"<!-- This site is optimized with the Yoast SEO plugin v27.4 - https:\/\/yoast.com\/product\/yoast-seo-wordpress\/ -->\n<title>Pierre-Adrien DALPAYRAT - petit vase (marron, noir, rouge)<\/title>\n<meta name=\"description\" content=\"Vase en c\u00e9ramique du c\u00e9ramiste Pierre-Adrien Dalpayrat portant la marque\/le cachet Les Grands Feux de Dalpayrat (poterie d&#039;atelier de France).\" \/>\n<meta name=\"robots\" content=\"index, follow, max-snippet:-1, max-image-preview:large, max-video-preview:-1\" \/>\n<link rel=\"canonical\" href=\"https:\/\/www.robertzueblin.com\/fr\/pierre-adrien-dalpayrat\/petit-vase-brun-noir-rouge\/\" \/>\n<meta property=\"og:locale\" content=\"fr_FR\" \/>\n<meta property=\"og:type\" content=\"article\" \/>\n<meta property=\"og:title\" content=\"Pierre-Adrien DALPAYRAT - petit vase (marron, noir, rouge)\" \/>\n<meta property=\"og:description\" content=\"Vase en c\u00e9ramique du c\u00e9ramiste Pierre-Adrien Dalpayrat portant la marque\/le cachet Les Grands Feux de Dalpayrat (poterie d&#039;atelier de France).\" \/>\n<meta property=\"og:url\" content=\"https:\/\/www.robertzueblin.com\/fr\/pierre-adrien-dalpayrat\/petit-vase-brun-noir-rouge\/\" \/>\n<meta property=\"og:site_name\" content=\"ROBERT Z\u00dcBLIN\" \/>\n<meta property=\"article:modified_time\" content=\"2023-01-05T13:43:03+00:00\" \/>\n<meta property=\"og:image\" content=\"https:\/\/www.robertzueblin.com\/wp-content\/uploads\/pierre-adrien-dalpayrat-ceramique-poterie-d-atelier-petit-vase-photo-de-couverture.jpg\" \/>\n\t<meta property=\"og:image:width\" content=\"1000\" \/>\n\t<meta property=\"og:image:height\" content=\"1000\" \/>\n\t<meta property=\"og:image:type\" content=\"image\/jpeg\" \/>\n<meta name=\"twitter:card\" content=\"summary_large_image\" \/>\n<script type=\"application\/ld+json\" class=\"yoast-schema-graph\">{\"@context\":\"https:\\\/\\\/schema.org\",\"@graph\":[{\"@type\":\"WebPage\",\"@id\":\"https:\\\/\\\/www.robertzueblin.com\\\/fr\\\/pierre-adrien-dalpayrat\\\/petit-vase-brun-noir-rouge\\\/\",\"url\":\"https:\\\/\\\/www.robertzueblin.com\\\/fr\\\/pierre-adrien-dalpayrat\\\/petit-vase-brun-noir-rouge\\\/\",\"name\":\"Pierre-Adrien DALPAYRAT - petit vase (marron, noir, rouge)\",\"isPartOf\":{\"@id\":\"https:\\\/\\\/www.robertzueblin.com\\\/fr\\\/#website\"},\"primaryImageOfPage\":{\"@id\":\"https:\\\/\\\/www.robertzueblin.com\\\/fr\\\/pierre-adrien-dalpayrat\\\/petit-vase-brun-noir-rouge\\\/#primaryimage\"},\"image\":{\"@id\":\"https:\\\/\\\/www.robertzueblin.com\\\/fr\\\/pierre-adrien-dalpayrat\\\/petit-vase-brun-noir-rouge\\\/#primaryimage\"},\"thumbnailUrl\":\"https:\\\/\\\/www.robertzueblin.com\\\/wp-content\\\/uploads\\\/pierre-adrien-dalpayrat-ceramique-poterie-d-atelier-petit-vase-photo-de-couverture.jpg\",\"datePublished\":\"2022-05-23T14:44:02+00:00\",\"dateModified\":\"2023-01-05T13:43:03+00:00\",\"description\":\"Vase en c\u00e9ramique du c\u00e9ramiste Pierre-Adrien Dalpayrat portant la marque\\\/le cachet Les Grands Feux de Dalpayrat (poterie d'atelier de France).\",\"breadcrumb\":{\"@id\":\"https:\\\/\\\/www.robertzueblin.com\\\/fr\\\/pierre-adrien-dalpayrat\\\/petit-vase-brun-noir-rouge\\\/#breadcrumb\"},\"inLanguage\":\"fr-FR\",\"potentialAction\":[{\"@type\":\"ReadAction\",\"target\":[\"https:\\\/\\\/www.robertzueblin.com\\\/fr\\\/pierre-adrien-dalpayrat\\\/petit-vase-brun-noir-rouge\\\/\"]}]},{\"@type\":\"ImageObject\",\"inLanguage\":\"fr-FR\",\"@id\":\"https:\\\/\\\/www.robertzueblin.com\\\/fr\\\/pierre-adrien-dalpayrat\\\/petit-vase-brun-noir-rouge\\\/#primaryimage\",\"url\":\"https:\\\/\\\/www.robertzueblin.com\\\/wp-content\\\/uploads\\\/pierre-adrien-dalpayrat-ceramique-poterie-d-atelier-petit-vase-photo-de-couverture.jpg\",\"contentUrl\":\"https:\\\/\\\/www.robertzueblin.com\\\/wp-content\\\/uploads\\\/pierre-adrien-dalpayrat-ceramique-poterie-d-atelier-petit-vase-photo-de-couverture.jpg\",\"width\":1000,\"height\":1000},{\"@type\":\"BreadcrumbList\",\"@id\":\"https:\\\/\\\/www.robertzueblin.com\\\/fr\\\/pierre-adrien-dalpayrat\\\/petit-vase-brun-noir-rouge\\\/#breadcrumb\",\"itemListElement\":[{\"@type\":\"ListItem\",\"position\":1,\"name\":\"Startseite\",\"item\":\"https:\\\/\\\/www.robertzueblin.com\\\/fr\\\/\"},{\"@type\":\"ListItem\",\"position\":2,\"name\":\"Galerie d&#8217;art en ligne (boutique en ligne)\",\"item\":\"https:\\\/\\\/www.robertzueblin.com\\\/fr\\\/galerie-d-art-en-ligne\\\/\"},{\"@type\":\"ListItem\",\"position\":3,\"name\":\"Pierre-Adrien DALPAYRAT (* 1844, \u2020 1910) &#8211; Petit vase (brun, noir, rouge) &#8211; poterie d&#8217;atelier\"}]},{\"@type\":\"WebSite\",\"@id\":\"https:\\\/\\\/www.robertzueblin.com\\\/fr\\\/#website\",\"url\":\"https:\\\/\\\/www.robertzueblin.com\\\/fr\\\/\",\"name\":\"ROBERT Z\u00dcBLIN\",\"description\":\"\",\"publisher\":{\"@id\":\"https:\\\/\\\/www.robertzueblin.com\\\/fr\\\/#organization\"},\"potentialAction\":[{\"@type\":\"SearchAction\",\"target\":{\"@type\":\"EntryPoint\",\"urlTemplate\":\"https:\\\/\\\/www.robertzueblin.com\\\/fr\\\/?s={search_term_string}\"},\"query-input\":{\"@type\":\"PropertyValueSpecification\",\"valueRequired\":true,\"valueName\":\"search_term_string\"}}],\"inLanguage\":\"fr-FR\"},{\"@type\":\"Organization\",\"@id\":\"https:\\\/\\\/www.robertzueblin.com\\\/fr\\\/#organization\",\"name\":\"ROBERT Z\u00dcBLIN\",\"url\":\"https:\\\/\\\/www.robertzueblin.com\\\/fr\\\/\",\"logo\":{\"@type\":\"ImageObject\",\"inLanguage\":\"fr-FR\",\"@id\":\"https:\\\/\\\/www.robertzueblin.com\\\/fr\\\/#\\\/schema\\\/logo\\\/image\\\/\",\"url\":\"https:\\\/\\\/www.robertzueblin.com\\\/wp-content\\\/uploads\\\/cropped-cropped-logo-von-robert-zueblin.jpg\",\"contentUrl\":\"https:\\\/\\\/www.robertzueblin.com\\\/wp-content\\\/uploads\\\/cropped-cropped-logo-von-robert-zueblin.jpg\",\"width\":440,\"height\":60,\"caption\":\"ROBERT Z\u00dcBLIN\"},\"image\":{\"@id\":\"https:\\\/\\\/www.robertzueblin.com\\\/fr\\\/#\\\/schema\\\/logo\\\/image\\\/\"}}]}<\/script>\n<!-- \/ Yoast SEO plugin. -->","yoast_head_json":{"title":"Pierre-Adrien DALPAYRAT - petit vase (marron, noir, rouge)","description":"Vase en c\u00e9ramique du c\u00e9ramiste Pierre-Adrien Dalpayrat portant la marque\/le cachet Les Grands Feux de Dalpayrat (poterie d'atelier de France).","robots":{"index":"index","follow":"follow","max-snippet":"max-snippet:-1","max-image-preview":"max-image-preview:large","max-video-preview":"max-video-preview:-1"},"canonical":"https:\/\/www.robertzueblin.com\/fr\/pierre-adrien-dalpayrat\/petit-vase-brun-noir-rouge\/","og_locale":"fr_FR","og_type":"article","og_title":"Pierre-Adrien DALPAYRAT - petit vase (marron, noir, rouge)","og_description":"Vase en c\u00e9ramique du c\u00e9ramiste Pierre-Adrien Dalpayrat portant la marque\/le cachet Les Grands Feux de Dalpayrat (poterie d'atelier de France).","og_url":"https:\/\/www.robertzueblin.com\/fr\/pierre-adrien-dalpayrat\/petit-vase-brun-noir-rouge\/","og_site_name":"ROBERT Z\u00dcBLIN","article_modified_time":"2023-01-05T13:43:03+00:00","og_image":[{"width":1000,"height":1000,"url":"https:\/\/www.robertzueblin.com\/wp-content\/uploads\/pierre-adrien-dalpayrat-ceramique-poterie-d-atelier-petit-vase-photo-de-couverture.jpg","type":"image\/jpeg"}],"twitter_card":"summary_large_image","schema":{"@context":"https:\/\/schema.org","@graph":[{"@type":"WebPage","@id":"https:\/\/www.robertzueblin.com\/fr\/pierre-adrien-dalpayrat\/petit-vase-brun-noir-rouge\/","url":"https:\/\/www.robertzueblin.com\/fr\/pierre-adrien-dalpayrat\/petit-vase-brun-noir-rouge\/","name":"Pierre-Adrien DALPAYRAT - petit vase (marron, noir, rouge)","isPartOf":{"@id":"https:\/\/www.robertzueblin.com\/fr\/#website"},"primaryImageOfPage":{"@id":"https:\/\/www.robertzueblin.com\/fr\/pierre-adrien-dalpayrat\/petit-vase-brun-noir-rouge\/#primaryimage"},"image":{"@id":"https:\/\/www.robertzueblin.com\/fr\/pierre-adrien-dalpayrat\/petit-vase-brun-noir-rouge\/#primaryimage"},"thumbnailUrl":"https:\/\/www.robertzueblin.com\/wp-content\/uploads\/pierre-adrien-dalpayrat-ceramique-poterie-d-atelier-petit-vase-photo-de-couverture.jpg","datePublished":"2022-05-23T14:44:02+00:00","dateModified":"2023-01-05T13:43:03+00:00","description":"Vase en c\u00e9ramique du c\u00e9ramiste Pierre-Adrien Dalpayrat portant la marque\/le cachet Les Grands Feux de Dalpayrat (poterie d'atelier de France).","breadcrumb":{"@id":"https:\/\/www.robertzueblin.com\/fr\/pierre-adrien-dalpayrat\/petit-vase-brun-noir-rouge\/#breadcrumb"},"inLanguage":"fr-FR","potentialAction":[{"@type":"ReadAction","target":["https:\/\/www.robertzueblin.com\/fr\/pierre-adrien-dalpayrat\/petit-vase-brun-noir-rouge\/"]}]},{"@type":"ImageObject","inLanguage":"fr-FR","@id":"https:\/\/www.robertzueblin.com\/fr\/pierre-adrien-dalpayrat\/petit-vase-brun-noir-rouge\/#primaryimage","url":"https:\/\/www.robertzueblin.com\/wp-content\/uploads\/pierre-adrien-dalpayrat-ceramique-poterie-d-atelier-petit-vase-photo-de-couverture.jpg","contentUrl":"https:\/\/www.robertzueblin.com\/wp-content\/uploads\/pierre-adrien-dalpayrat-ceramique-poterie-d-atelier-petit-vase-photo-de-couverture.jpg","width":1000,"height":1000},{"@type":"BreadcrumbList","@id":"https:\/\/www.robertzueblin.com\/fr\/pierre-adrien-dalpayrat\/petit-vase-brun-noir-rouge\/#breadcrumb","itemListElement":[{"@type":"ListItem","position":1,"name":"Startseite","item":"https:\/\/www.robertzueblin.com\/fr\/"},{"@type":"ListItem","position":2,"name":"Galerie d&#8217;art en ligne (boutique en ligne)","item":"https:\/\/www.robertzueblin.com\/fr\/galerie-d-art-en-ligne\/"},{"@type":"ListItem","position":3,"name":"Pierre-Adrien DALPAYRAT (* 1844, \u2020 1910) &#8211; Petit vase (brun, noir, rouge) &#8211; poterie d&#8217;atelier"}]},{"@type":"WebSite","@id":"https:\/\/www.robertzueblin.com\/fr\/#website","url":"https:\/\/www.robertzueblin.com\/fr\/","name":"ROBERT Z\u00dcBLIN","description":"","publisher":{"@id":"https:\/\/www.robertzueblin.com\/fr\/#organization"},"potentialAction":[{"@type":"SearchAction","target":{"@type":"EntryPoint","urlTemplate":"https:\/\/www.robertzueblin.com\/fr\/?s={search_term_string}"},"query-input":{"@type":"PropertyValueSpecification","valueRequired":true,"valueName":"search_term_string"}}],"inLanguage":"fr-FR"},{"@type":"Organization","@id":"https:\/\/www.robertzueblin.com\/fr\/#organization","name":"ROBERT Z\u00dcBLIN","url":"https:\/\/www.robertzueblin.com\/fr\/","logo":{"@type":"ImageObject","inLanguage":"fr-FR","@id":"https:\/\/www.robertzueblin.com\/fr\/#\/schema\/logo\/image\/","url":"https:\/\/www.robertzueblin.com\/wp-content\/uploads\/cropped-cropped-logo-von-robert-zueblin.jpg","contentUrl":"https:\/\/www.robertzueblin.com\/wp-content\/uploads\/cropped-cropped-logo-von-robert-zueblin.jpg","width":440,"height":60,"caption":"ROBERT Z\u00dcBLIN"},"image":{"@id":"https:\/\/www.robertzueblin.com\/fr\/#\/schema\/logo\/image\/"}}]}},"_links":{"self":[{"href":"https:\/\/www.robertzueblin.com\/fr\/wp-json\/wp\/v2\/product\/20349","targetHints":{"allow":["GET"]}}],"collection":[{"href":"https:\/\/www.robertzueblin.com\/fr\/wp-json\/wp\/v2\/product"}],"about":[{"href":"https:\/\/www.robertzueblin.com\/fr\/wp-json\/wp\/v2\/types\/product"}],"wp:featuredmedia":[{"embeddable":true,"href":"https:\/\/www.robertzueblin.com\/fr\/wp-json\/wp\/v2\/media\/19866"}],"wp:attachment":[{"href":"https:\/\/www.robertzueblin.com\/fr\/wp-json\/wp\/v2\/media?parent=20349"}],"wp:term":[{"taxonomy":"product_brand","embeddable":true,"href":"https:\/\/www.robertzueblin.com\/fr\/wp-json\/wp\/v2\/product_brand?post=20349"},{"taxonomy":"product_cat","embeddable":true,"href":"https:\/\/www.robertzueblin.com\/fr\/wp-json\/wp\/v2\/product_cat?post=20349"},{"taxonomy":"product_tag","embeddable":true,"href":"https:\/\/www.robertzueblin.com\/fr\/wp-json\/wp\/v2\/product_tag?post=20349"}],"curies":[{"name":"wp","href":"https:\/\/api.w.org\/{rel}","templated":true}]}}