{"id":20322,"date":"2021-10-09T09:31:28","date_gmt":"2021-10-09T07:31:28","guid":{"rendered":"https:\/\/www.robertzueblin.com\/?post_type=product&#038;p=20322"},"modified":"2025-12-20T16:07:43","modified_gmt":"2025-12-20T15:07:43","slug":"richard-bampi-1896-%e2%80%a0-1965-petit-bol-jaune","status":"publish","type":"product","link":"https:\/\/www.robertzueblin.com\/fr\/richard-bampi\/petit-bol-jaune\/","title":{"rendered":"Richard BAMPI (* 1896, \u2020 1965) &#8211; Petit bol (jaune) &#8211; poterie d&rsquo;atelier"},"content":{"rendered":"<p><span style=\"font-family: AkkoPro-BoldCondensed!important\">Type :<\/span> <a href=\"\/?post_format=poterie-d-atelier-ceramique-de-studio\">poterie d&rsquo;atelier<\/a><\/p>\n<p><span style=\"font-family: AkkoPro-BoldCondensed!important\">\u00c9bauche :<\/span> Richard Bampi (* 1896, \u2020 1965)<\/p>\n<p><span style=\"font-family: AkkoPro-BoldCondensed!important\">R\u00e9alisation :<\/span> Manufacture de fa\u00efence Richard Bampi, Kandern<\/p>\n<p><span style=\"font-family: AkkoPro-BoldCondensed!important\">Objet :<\/span> bol<\/p>\n<p><span style=\"font-family: AkkoPro-BoldCondensed!important\">Dimensions :<\/span> hauteur : 3,5 cm, diam\u00e8tre : 9,5 cm<\/p>\n<p><span style=\"font-family: AkkoPro-BoldCondensed!important\">Tesson :<\/span> brun<\/p>\n<p><span style=\"font-family: AkkoPro-BoldCondensed!important\">Surface :<\/span> jaune, gris, turquoise<\/p>\n<p><span style=\"font-family: AkkoPro-BoldCondensed!important\">Ann\u00e9e de fabrication :<\/span> 1953<\/p>\n<p><span style=\"font-family: AkkoPro-BoldCondensed!important\">\u00c9tat :<\/span> intact<\/p>\n<p><span style=\"font-family: AkkoPro-BoldCondensed!important\">Signature\/marque :<\/span> Rb dans l&rsquo;ovale<\/p>\n<p><span style=\"font-family: AkkoPro-BoldCondensed!important\">D\u00e9tails :<\/span><br \/>\nCoupelle en c\u00e9ramique tourn\u00e9e de la manufacture de fa\u00efence Richard Bampi, Kandern. Le bol pr\u00e9sente un magnifique dessin de mouchetures grises et turquoises sur le bord et se distingue par sa forme anguleuse et rainur\u00e9e.<\/p>\n","protected":false},"excerpt":{"rendered":"<p>Type : poterie d&rsquo;atelier \u00c9bauche : Richard Bampi (* 1896, \u2020 1965) R\u00e9alisation : Manufacture de fa\u00efence Richard Bampi, Kandern Objet : bol Dimensions : hauteur : 3,5 cm, diam\u00e8tre : 9,5 cm Tesson : brun Surface : jaune, gris, turquoise Ann\u00e9e de fabrication : 1953 \u00c9tat : intact Signature\/marque : Rb dans l&rsquo;ovale D\u00e9tails [&hellip;]<\/p>\n","protected":false},"featured_media":19802,"template":"","meta":[],"product_brand":[],"product_cat":[316],"product_tag":[],"class_list":{"0":"post-20322","1":"product","2":"type-product","3":"status-publish","4":"has-post-thumbnail","6":"product_cat-richard-bampi","8":"first","9":"instock","10":"sold-individually","11":"shipping-taxable","12":"purchasable","13":"product-type-simple"},"yoast_head":"<!-- This site is optimized with the Yoast SEO plugin v27.4 - https:\/\/yoast.com\/product\/yoast-seo-wordpress\/ -->\n<title>Richard BAMPI (* 1896, \u2020 1965) - Petit bol (jaune) - poterie d&#039;atelier<\/title>\n<meta name=\"description\" content=\"Coupelle en poterie d&#039;atelier en jaune, faite entre 1948 et 1965 dans la manufacture de fa\u00efence du c\u00e9ramiste allemand Richard Bampi \u00e0 Kandern.\" \/>\n<meta name=\"robots\" content=\"index, follow, max-snippet:-1, max-image-preview:large, max-video-preview:-1\" \/>\n<link rel=\"canonical\" href=\"https:\/\/www.robertzueblin.com\/fr\/richard-bampi\/petit-bol-jaune\/\" \/>\n<meta property=\"og:locale\" content=\"fr_FR\" \/>\n<meta property=\"og:type\" content=\"article\" \/>\n<meta property=\"og:title\" content=\"Richard BAMPI (* 1896, \u2020 1965) - Petit bol (jaune) - poterie d&#039;atelier\" \/>\n<meta property=\"og:description\" content=\"Coupelle en poterie d&#039;atelier en jaune, faite entre 1948 et 1965 dans la manufacture de fa\u00efence du c\u00e9ramiste allemand Richard Bampi \u00e0 Kandern.\" \/>\n<meta property=\"og:url\" content=\"https:\/\/www.robertzueblin.com\/fr\/richard-bampi\/petit-bol-jaune\/\" \/>\n<meta property=\"og:site_name\" content=\"ROBERT Z\u00dcBLIN\" \/>\n<meta property=\"article:modified_time\" content=\"2025-12-20T15:07:43+00:00\" \/>\n<meta property=\"og:image\" content=\"https:\/\/www.robertzueblin.com\/wp-content\/uploads\/richard-bampi-ceramique-poterie-d-atelier-petit-bol-jaune-photo-de-couverture.jpg\" \/>\n\t<meta property=\"og:image:width\" content=\"1000\" \/>\n\t<meta property=\"og:image:height\" content=\"1000\" \/>\n\t<meta property=\"og:image:type\" content=\"image\/jpeg\" \/>\n<meta name=\"twitter:card\" content=\"summary_large_image\" \/>\n<script type=\"application\/ld+json\" class=\"yoast-schema-graph\">{\"@context\":\"https:\\\/\\\/schema.org\",\"@graph\":[{\"@type\":\"WebPage\",\"@id\":\"https:\\\/\\\/www.robertzueblin.com\\\/fr\\\/richard-bampi\\\/petit-bol-jaune\\\/\",\"url\":\"https:\\\/\\\/www.robertzueblin.com\\\/fr\\\/richard-bampi\\\/petit-bol-jaune\\\/\",\"name\":\"Richard BAMPI (* 1896, \u2020 1965) - Petit bol (jaune) - poterie d'atelier\",\"isPartOf\":{\"@id\":\"https:\\\/\\\/www.robertzueblin.com\\\/fr\\\/#website\"},\"primaryImageOfPage\":{\"@id\":\"https:\\\/\\\/www.robertzueblin.com\\\/fr\\\/richard-bampi\\\/petit-bol-jaune\\\/#primaryimage\"},\"image\":{\"@id\":\"https:\\\/\\\/www.robertzueblin.com\\\/fr\\\/richard-bampi\\\/petit-bol-jaune\\\/#primaryimage\"},\"thumbnailUrl\":\"https:\\\/\\\/www.robertzueblin.com\\\/wp-content\\\/uploads\\\/richard-bampi-ceramique-poterie-d-atelier-petit-bol-jaune-photo-de-couverture.jpg\",\"datePublished\":\"2021-10-09T07:31:28+00:00\",\"dateModified\":\"2025-12-20T15:07:43+00:00\",\"description\":\"Coupelle en poterie d'atelier en jaune, faite entre 1948 et 1965 dans la manufacture de fa\u00efence du c\u00e9ramiste allemand Richard Bampi \u00e0 Kandern.\",\"breadcrumb\":{\"@id\":\"https:\\\/\\\/www.robertzueblin.com\\\/fr\\\/richard-bampi\\\/petit-bol-jaune\\\/#breadcrumb\"},\"inLanguage\":\"fr-FR\",\"potentialAction\":[{\"@type\":\"ReadAction\",\"target\":[\"https:\\\/\\\/www.robertzueblin.com\\\/fr\\\/richard-bampi\\\/petit-bol-jaune\\\/\"]}]},{\"@type\":\"ImageObject\",\"inLanguage\":\"fr-FR\",\"@id\":\"https:\\\/\\\/www.robertzueblin.com\\\/fr\\\/richard-bampi\\\/petit-bol-jaune\\\/#primaryimage\",\"url\":\"https:\\\/\\\/www.robertzueblin.com\\\/wp-content\\\/uploads\\\/richard-bampi-ceramique-poterie-d-atelier-petit-bol-jaune-photo-de-couverture.jpg\",\"contentUrl\":\"https:\\\/\\\/www.robertzueblin.com\\\/wp-content\\\/uploads\\\/richard-bampi-ceramique-poterie-d-atelier-petit-bol-jaune-photo-de-couverture.jpg\",\"width\":1000,\"height\":1000},{\"@type\":\"BreadcrumbList\",\"@id\":\"https:\\\/\\\/www.robertzueblin.com\\\/fr\\\/richard-bampi\\\/petit-bol-jaune\\\/#breadcrumb\",\"itemListElement\":[{\"@type\":\"ListItem\",\"position\":1,\"name\":\"Startseite\",\"item\":\"https:\\\/\\\/www.robertzueblin.com\\\/fr\\\/\"},{\"@type\":\"ListItem\",\"position\":2,\"name\":\"Galerie d&#8217;art en ligne (boutique en ligne)\",\"item\":\"https:\\\/\\\/www.robertzueblin.com\\\/fr\\\/galerie-d-art-en-ligne\\\/\"},{\"@type\":\"ListItem\",\"position\":3,\"name\":\"Richard BAMPI (* 1896, \u2020 1965) &#8211; Petit bol (jaune) &#8211; poterie d&#8217;atelier\"}]},{\"@type\":\"WebSite\",\"@id\":\"https:\\\/\\\/www.robertzueblin.com\\\/fr\\\/#website\",\"url\":\"https:\\\/\\\/www.robertzueblin.com\\\/fr\\\/\",\"name\":\"ROBERT Z\u00dcBLIN\",\"description\":\"\",\"publisher\":{\"@id\":\"https:\\\/\\\/www.robertzueblin.com\\\/fr\\\/#organization\"},\"potentialAction\":[{\"@type\":\"SearchAction\",\"target\":{\"@type\":\"EntryPoint\",\"urlTemplate\":\"https:\\\/\\\/www.robertzueblin.com\\\/fr\\\/?s={search_term_string}\"},\"query-input\":{\"@type\":\"PropertyValueSpecification\",\"valueRequired\":true,\"valueName\":\"search_term_string\"}}],\"inLanguage\":\"fr-FR\"},{\"@type\":\"Organization\",\"@id\":\"https:\\\/\\\/www.robertzueblin.com\\\/fr\\\/#organization\",\"name\":\"ROBERT Z\u00dcBLIN\",\"url\":\"https:\\\/\\\/www.robertzueblin.com\\\/fr\\\/\",\"logo\":{\"@type\":\"ImageObject\",\"inLanguage\":\"fr-FR\",\"@id\":\"https:\\\/\\\/www.robertzueblin.com\\\/fr\\\/#\\\/schema\\\/logo\\\/image\\\/\",\"url\":\"https:\\\/\\\/www.robertzueblin.com\\\/wp-content\\\/uploads\\\/cropped-cropped-logo-von-robert-zueblin.jpg\",\"contentUrl\":\"https:\\\/\\\/www.robertzueblin.com\\\/wp-content\\\/uploads\\\/cropped-cropped-logo-von-robert-zueblin.jpg\",\"width\":440,\"height\":60,\"caption\":\"ROBERT Z\u00dcBLIN\"},\"image\":{\"@id\":\"https:\\\/\\\/www.robertzueblin.com\\\/fr\\\/#\\\/schema\\\/logo\\\/image\\\/\"}}]}<\/script>\n<!-- \/ Yoast SEO plugin. -->","yoast_head_json":{"title":"Richard BAMPI (* 1896, \u2020 1965) - Petit bol (jaune) - poterie d'atelier","description":"Coupelle en poterie d'atelier en jaune, faite entre 1948 et 1965 dans la manufacture de fa\u00efence du c\u00e9ramiste allemand Richard Bampi \u00e0 Kandern.","robots":{"index":"index","follow":"follow","max-snippet":"max-snippet:-1","max-image-preview":"max-image-preview:large","max-video-preview":"max-video-preview:-1"},"canonical":"https:\/\/www.robertzueblin.com\/fr\/richard-bampi\/petit-bol-jaune\/","og_locale":"fr_FR","og_type":"article","og_title":"Richard BAMPI (* 1896, \u2020 1965) - Petit bol (jaune) - poterie d'atelier","og_description":"Coupelle en poterie d'atelier en jaune, faite entre 1948 et 1965 dans la manufacture de fa\u00efence du c\u00e9ramiste allemand Richard Bampi \u00e0 Kandern.","og_url":"https:\/\/www.robertzueblin.com\/fr\/richard-bampi\/petit-bol-jaune\/","og_site_name":"ROBERT Z\u00dcBLIN","article_modified_time":"2025-12-20T15:07:43+00:00","og_image":[{"width":1000,"height":1000,"url":"https:\/\/www.robertzueblin.com\/wp-content\/uploads\/richard-bampi-ceramique-poterie-d-atelier-petit-bol-jaune-photo-de-couverture.jpg","type":"image\/jpeg"}],"twitter_card":"summary_large_image","schema":{"@context":"https:\/\/schema.org","@graph":[{"@type":"WebPage","@id":"https:\/\/www.robertzueblin.com\/fr\/richard-bampi\/petit-bol-jaune\/","url":"https:\/\/www.robertzueblin.com\/fr\/richard-bampi\/petit-bol-jaune\/","name":"Richard BAMPI (* 1896, \u2020 1965) - Petit bol (jaune) - poterie d'atelier","isPartOf":{"@id":"https:\/\/www.robertzueblin.com\/fr\/#website"},"primaryImageOfPage":{"@id":"https:\/\/www.robertzueblin.com\/fr\/richard-bampi\/petit-bol-jaune\/#primaryimage"},"image":{"@id":"https:\/\/www.robertzueblin.com\/fr\/richard-bampi\/petit-bol-jaune\/#primaryimage"},"thumbnailUrl":"https:\/\/www.robertzueblin.com\/wp-content\/uploads\/richard-bampi-ceramique-poterie-d-atelier-petit-bol-jaune-photo-de-couverture.jpg","datePublished":"2021-10-09T07:31:28+00:00","dateModified":"2025-12-20T15:07:43+00:00","description":"Coupelle en poterie d'atelier en jaune, faite entre 1948 et 1965 dans la manufacture de fa\u00efence du c\u00e9ramiste allemand Richard Bampi \u00e0 Kandern.","breadcrumb":{"@id":"https:\/\/www.robertzueblin.com\/fr\/richard-bampi\/petit-bol-jaune\/#breadcrumb"},"inLanguage":"fr-FR","potentialAction":[{"@type":"ReadAction","target":["https:\/\/www.robertzueblin.com\/fr\/richard-bampi\/petit-bol-jaune\/"]}]},{"@type":"ImageObject","inLanguage":"fr-FR","@id":"https:\/\/www.robertzueblin.com\/fr\/richard-bampi\/petit-bol-jaune\/#primaryimage","url":"https:\/\/www.robertzueblin.com\/wp-content\/uploads\/richard-bampi-ceramique-poterie-d-atelier-petit-bol-jaune-photo-de-couverture.jpg","contentUrl":"https:\/\/www.robertzueblin.com\/wp-content\/uploads\/richard-bampi-ceramique-poterie-d-atelier-petit-bol-jaune-photo-de-couverture.jpg","width":1000,"height":1000},{"@type":"BreadcrumbList","@id":"https:\/\/www.robertzueblin.com\/fr\/richard-bampi\/petit-bol-jaune\/#breadcrumb","itemListElement":[{"@type":"ListItem","position":1,"name":"Startseite","item":"https:\/\/www.robertzueblin.com\/fr\/"},{"@type":"ListItem","position":2,"name":"Galerie d&#8217;art en ligne (boutique en ligne)","item":"https:\/\/www.robertzueblin.com\/fr\/galerie-d-art-en-ligne\/"},{"@type":"ListItem","position":3,"name":"Richard BAMPI (* 1896, \u2020 1965) &#8211; Petit bol (jaune) &#8211; poterie d&#8217;atelier"}]},{"@type":"WebSite","@id":"https:\/\/www.robertzueblin.com\/fr\/#website","url":"https:\/\/www.robertzueblin.com\/fr\/","name":"ROBERT Z\u00dcBLIN","description":"","publisher":{"@id":"https:\/\/www.robertzueblin.com\/fr\/#organization"},"potentialAction":[{"@type":"SearchAction","target":{"@type":"EntryPoint","urlTemplate":"https:\/\/www.robertzueblin.com\/fr\/?s={search_term_string}"},"query-input":{"@type":"PropertyValueSpecification","valueRequired":true,"valueName":"search_term_string"}}],"inLanguage":"fr-FR"},{"@type":"Organization","@id":"https:\/\/www.robertzueblin.com\/fr\/#organization","name":"ROBERT Z\u00dcBLIN","url":"https:\/\/www.robertzueblin.com\/fr\/","logo":{"@type":"ImageObject","inLanguage":"fr-FR","@id":"https:\/\/www.robertzueblin.com\/fr\/#\/schema\/logo\/image\/","url":"https:\/\/www.robertzueblin.com\/wp-content\/uploads\/cropped-cropped-logo-von-robert-zueblin.jpg","contentUrl":"https:\/\/www.robertzueblin.com\/wp-content\/uploads\/cropped-cropped-logo-von-robert-zueblin.jpg","width":440,"height":60,"caption":"ROBERT Z\u00dcBLIN"},"image":{"@id":"https:\/\/www.robertzueblin.com\/fr\/#\/schema\/logo\/image\/"}}]}},"_links":{"self":[{"href":"https:\/\/www.robertzueblin.com\/fr\/wp-json\/wp\/v2\/product\/20322","targetHints":{"allow":["GET"]}}],"collection":[{"href":"https:\/\/www.robertzueblin.com\/fr\/wp-json\/wp\/v2\/product"}],"about":[{"href":"https:\/\/www.robertzueblin.com\/fr\/wp-json\/wp\/v2\/types\/product"}],"wp:featuredmedia":[{"embeddable":true,"href":"https:\/\/www.robertzueblin.com\/fr\/wp-json\/wp\/v2\/media\/19802"}],"wp:attachment":[{"href":"https:\/\/www.robertzueblin.com\/fr\/wp-json\/wp\/v2\/media?parent=20322"}],"wp:term":[{"taxonomy":"product_brand","embeddable":true,"href":"https:\/\/www.robertzueblin.com\/fr\/wp-json\/wp\/v2\/product_brand?post=20322"},{"taxonomy":"product_cat","embeddable":true,"href":"https:\/\/www.robertzueblin.com\/fr\/wp-json\/wp\/v2\/product_cat?post=20322"},{"taxonomy":"product_tag","embeddable":true,"href":"https:\/\/www.robertzueblin.com\/fr\/wp-json\/wp\/v2\/product_tag?post=20322"}],"curies":[{"name":"wp","href":"https:\/\/api.w.org\/{rel}","templated":true}]}}