{"id":20303,"date":"2021-10-09T10:32:02","date_gmt":"2021-10-09T08:32:02","guid":{"rendered":"https:\/\/www.robertzueblin.com\/?post_type=product&#038;p=20303"},"modified":"2023-12-26T23:01:44","modified_gmt":"2023-12-26T22:01:44","slug":"gusso-reuss-1885-%e2%80%a0-1962-assiette","status":"publish","type":"product","link":"https:\/\/www.robertzueblin.com\/fr\/gusso-reuss\/assiette\/","title":{"rendered":"Gusso REUSS (* 1885, \u2020 1962) &#8211; Assiette &#8211; poterie d&rsquo;atelier"},"content":{"rendered":"<p><span style=\"font-family: AkkoPro-BoldCondensed!important\">Type :<\/span> <a href=\"https:\/\/www.robertzueblin.com\/fr\/type\/poterie-d-atelier-ceramique-de-studio\/\">poterie d&rsquo;atelier<\/a><\/p>\n<p><span style=\"font-family: AkkoPro-BoldCondensed!important\">\u00c9bauche :<\/span> Gusso Reuss (* 1885, \u2020 1962)<\/p>\n<p><span style=\"font-family: AkkoPro-BoldCondensed!important\">R\u00e9alisation :<\/span> Atelier Reuss<\/p>\n<p><span style=\"font-family: AkkoPro-BoldCondensed!important\">Objet :<\/span> assiette<\/p>\n<p><span style=\"font-family: AkkoPro-BoldCondensed!important\">Dimensions :<\/span> hauteur : 2,5 cm, diam\u00e8tre : 15,5 cm<\/p>\n<p><span style=\"font-family: AkkoPro-BoldCondensed!important\">Tesson :<\/span> clair<\/p>\n<p><span style=\"font-family: AkkoPro-BoldCondensed!important\">Surface :<\/span> bleu, gris, grenat, beige<\/p>\n<p><span style=\"font-family: AkkoPro-BoldCondensed!important\">Ann\u00e9e de fabrication :<\/span> probablement d\u00e9but des ann\u00e9es 1930<\/p>\n<p><span style=\"font-family: AkkoPro-BoldCondensed!important\">\u00c9tat :<\/span> deux petites fissures capillaires dans l&rsquo;\u00e9mail sur le bord, qui vont probablement aussi dans l&rsquo;argile. Les fissures ne g\u00eanent pas la vue.<\/p>\n<p><span style=\"font-family: AkkoPro-BoldCondensed!important\">Signature\/marque :<\/span> REUSS<\/p>\n","protected":false},"excerpt":{"rendered":"<p>Type : poterie d&rsquo;atelier \u00c9bauche : Gusso Reuss (* 1885, \u2020 1962) R\u00e9alisation : Atelier Reuss Objet : assiette Dimensions : hauteur : 2,5 cm, diam\u00e8tre : 15,5 cm Tesson : clair Surface : bleu, gris, grenat, beige Ann\u00e9e de fabrication : probablement d\u00e9but des ann\u00e9es 1930 \u00c9tat : deux petites fissures capillaires dans l&rsquo;\u00e9mail [&hellip;]<\/p>\n","protected":false},"featured_media":20150,"template":"","meta":[],"product_brand":[],"product_cat":[298],"product_tag":[],"class_list":{"0":"post-20303","1":"product","2":"type-product","3":"status-publish","4":"has-post-thumbnail","6":"product_cat-gusso-reuss","8":"first","9":"instock","10":"sold-individually","11":"shipping-taxable","12":"purchasable","13":"product-type-simple"},"yoast_head":"<!-- This site is optimized with the Yoast SEO plugin v27.3 - https:\/\/yoast.com\/product\/yoast-seo-wordpress\/ -->\n<title>Gusso REUSS (* 1885, \u2020 1962) - Assiette - poterie d&#039;atelier<\/title>\n<meta name=\"description\" content=\"Assiette en poterie d&#039;atelier en bleu, gris, grenat et beige du c\u00e9ramiste Gusso Reuss, n\u00e9 \u00e0 G\u00f6ggingen et dont l&#039;atelier se trouve \u00e0 Sch\u00f6ngeising.\" \/>\n<meta name=\"robots\" content=\"index, follow, max-snippet:-1, max-image-preview:large, max-video-preview:-1\" \/>\n<link rel=\"canonical\" href=\"https:\/\/www.robertzueblin.com\/fr\/gusso-reuss\/assiette\/\" \/>\n<meta property=\"og:locale\" content=\"fr_FR\" \/>\n<meta property=\"og:type\" content=\"article\" \/>\n<meta property=\"og:title\" content=\"Gusso REUSS (* 1885, \u2020 1962) - Assiette - poterie d&#039;atelier\" \/>\n<meta property=\"og:description\" content=\"Assiette en poterie d&#039;atelier en bleu, gris, grenat et beige du c\u00e9ramiste Gusso Reuss, n\u00e9 \u00e0 G\u00f6ggingen et dont l&#039;atelier se trouve \u00e0 Sch\u00f6ngeising.\" \/>\n<meta property=\"og:url\" content=\"https:\/\/www.robertzueblin.com\/fr\/gusso-reuss\/assiette\/\" \/>\n<meta property=\"og:site_name\" content=\"ROBERT Z\u00dcBLIN\" \/>\n<meta property=\"article:modified_time\" content=\"2023-12-26T22:01:44+00:00\" \/>\n<meta property=\"og:image\" content=\"https:\/\/www.robertzueblin.com\/wp-content\/uploads\/gusso-reuss-ceramique-poterie-d-atelier-assiette-photo-de-couverture.jpg\" \/>\n\t<meta property=\"og:image:width\" content=\"1185\" \/>\n\t<meta property=\"og:image:height\" content=\"1185\" \/>\n\t<meta property=\"og:image:type\" content=\"image\/jpeg\" \/>\n<meta name=\"twitter:card\" content=\"summary_large_image\" \/>\n<script type=\"application\/ld+json\" class=\"yoast-schema-graph\">{\"@context\":\"https:\\\/\\\/schema.org\",\"@graph\":[{\"@type\":\"WebPage\",\"@id\":\"https:\\\/\\\/www.robertzueblin.com\\\/fr\\\/gusso-reuss\\\/assiette\\\/\",\"url\":\"https:\\\/\\\/www.robertzueblin.com\\\/fr\\\/gusso-reuss\\\/assiette\\\/\",\"name\":\"Gusso REUSS (* 1885, \u2020 1962) - Assiette - poterie d'atelier\",\"isPartOf\":{\"@id\":\"https:\\\/\\\/www.robertzueblin.com\\\/fr\\\/#website\"},\"primaryImageOfPage\":{\"@id\":\"https:\\\/\\\/www.robertzueblin.com\\\/fr\\\/gusso-reuss\\\/assiette\\\/#primaryimage\"},\"image\":{\"@id\":\"https:\\\/\\\/www.robertzueblin.com\\\/fr\\\/gusso-reuss\\\/assiette\\\/#primaryimage\"},\"thumbnailUrl\":\"https:\\\/\\\/www.robertzueblin.com\\\/wp-content\\\/uploads\\\/gusso-reuss-ceramique-poterie-d-atelier-assiette-photo-de-couverture.jpg\",\"datePublished\":\"2021-10-09T08:32:02+00:00\",\"dateModified\":\"2023-12-26T22:01:44+00:00\",\"description\":\"Assiette en poterie d'atelier en bleu, gris, grenat et beige du c\u00e9ramiste Gusso Reuss, n\u00e9 \u00e0 G\u00f6ggingen et dont l'atelier se trouve \u00e0 Sch\u00f6ngeising.\",\"breadcrumb\":{\"@id\":\"https:\\\/\\\/www.robertzueblin.com\\\/fr\\\/gusso-reuss\\\/assiette\\\/#breadcrumb\"},\"inLanguage\":\"fr-FR\",\"potentialAction\":[{\"@type\":\"ReadAction\",\"target\":[\"https:\\\/\\\/www.robertzueblin.com\\\/fr\\\/gusso-reuss\\\/assiette\\\/\"]}]},{\"@type\":\"ImageObject\",\"inLanguage\":\"fr-FR\",\"@id\":\"https:\\\/\\\/www.robertzueblin.com\\\/fr\\\/gusso-reuss\\\/assiette\\\/#primaryimage\",\"url\":\"https:\\\/\\\/www.robertzueblin.com\\\/wp-content\\\/uploads\\\/gusso-reuss-ceramique-poterie-d-atelier-assiette-photo-de-couverture.jpg\",\"contentUrl\":\"https:\\\/\\\/www.robertzueblin.com\\\/wp-content\\\/uploads\\\/gusso-reuss-ceramique-poterie-d-atelier-assiette-photo-de-couverture.jpg\",\"width\":1185,\"height\":1185},{\"@type\":\"BreadcrumbList\",\"@id\":\"https:\\\/\\\/www.robertzueblin.com\\\/fr\\\/gusso-reuss\\\/assiette\\\/#breadcrumb\",\"itemListElement\":[{\"@type\":\"ListItem\",\"position\":1,\"name\":\"Startseite\",\"item\":\"https:\\\/\\\/www.robertzueblin.com\\\/fr\\\/\"},{\"@type\":\"ListItem\",\"position\":2,\"name\":\"Galerie d&#8217;art en ligne (boutique en ligne)\",\"item\":\"https:\\\/\\\/www.robertzueblin.com\\\/fr\\\/galerie-d-art-en-ligne\\\/\"},{\"@type\":\"ListItem\",\"position\":3,\"name\":\"Gusso REUSS (* 1885, \u2020 1962) &#8211; Assiette &#8211; poterie d&#8217;atelier\"}]},{\"@type\":\"WebSite\",\"@id\":\"https:\\\/\\\/www.robertzueblin.com\\\/fr\\\/#website\",\"url\":\"https:\\\/\\\/www.robertzueblin.com\\\/fr\\\/\",\"name\":\"ROBERT Z\u00dcBLIN\",\"description\":\"\",\"publisher\":{\"@id\":\"https:\\\/\\\/www.robertzueblin.com\\\/fr\\\/#organization\"},\"potentialAction\":[{\"@type\":\"SearchAction\",\"target\":{\"@type\":\"EntryPoint\",\"urlTemplate\":\"https:\\\/\\\/www.robertzueblin.com\\\/fr\\\/?s={search_term_string}\"},\"query-input\":{\"@type\":\"PropertyValueSpecification\",\"valueRequired\":true,\"valueName\":\"search_term_string\"}}],\"inLanguage\":\"fr-FR\"},{\"@type\":\"Organization\",\"@id\":\"https:\\\/\\\/www.robertzueblin.com\\\/fr\\\/#organization\",\"name\":\"ROBERT Z\u00dcBLIN\",\"url\":\"https:\\\/\\\/www.robertzueblin.com\\\/fr\\\/\",\"logo\":{\"@type\":\"ImageObject\",\"inLanguage\":\"fr-FR\",\"@id\":\"https:\\\/\\\/www.robertzueblin.com\\\/fr\\\/#\\\/schema\\\/logo\\\/image\\\/\",\"url\":\"https:\\\/\\\/www.robertzueblin.com\\\/wp-content\\\/uploads\\\/cropped-cropped-logo-von-robert-zueblin.jpg\",\"contentUrl\":\"https:\\\/\\\/www.robertzueblin.com\\\/wp-content\\\/uploads\\\/cropped-cropped-logo-von-robert-zueblin.jpg\",\"width\":440,\"height\":60,\"caption\":\"ROBERT Z\u00dcBLIN\"},\"image\":{\"@id\":\"https:\\\/\\\/www.robertzueblin.com\\\/fr\\\/#\\\/schema\\\/logo\\\/image\\\/\"}}]}<\/script>\n<!-- \/ Yoast SEO plugin. -->","yoast_head_json":{"title":"Gusso REUSS (* 1885, \u2020 1962) - Assiette - poterie d'atelier","description":"Assiette en poterie d'atelier en bleu, gris, grenat et beige du c\u00e9ramiste Gusso Reuss, n\u00e9 \u00e0 G\u00f6ggingen et dont l'atelier se trouve \u00e0 Sch\u00f6ngeising.","robots":{"index":"index","follow":"follow","max-snippet":"max-snippet:-1","max-image-preview":"max-image-preview:large","max-video-preview":"max-video-preview:-1"},"canonical":"https:\/\/www.robertzueblin.com\/fr\/gusso-reuss\/assiette\/","og_locale":"fr_FR","og_type":"article","og_title":"Gusso REUSS (* 1885, \u2020 1962) - Assiette - poterie d'atelier","og_description":"Assiette en poterie d'atelier en bleu, gris, grenat et beige du c\u00e9ramiste Gusso Reuss, n\u00e9 \u00e0 G\u00f6ggingen et dont l'atelier se trouve \u00e0 Sch\u00f6ngeising.","og_url":"https:\/\/www.robertzueblin.com\/fr\/gusso-reuss\/assiette\/","og_site_name":"ROBERT Z\u00dcBLIN","article_modified_time":"2023-12-26T22:01:44+00:00","og_image":[{"width":1185,"height":1185,"url":"https:\/\/www.robertzueblin.com\/wp-content\/uploads\/gusso-reuss-ceramique-poterie-d-atelier-assiette-photo-de-couverture.jpg","type":"image\/jpeg"}],"twitter_card":"summary_large_image","schema":{"@context":"https:\/\/schema.org","@graph":[{"@type":"WebPage","@id":"https:\/\/www.robertzueblin.com\/fr\/gusso-reuss\/assiette\/","url":"https:\/\/www.robertzueblin.com\/fr\/gusso-reuss\/assiette\/","name":"Gusso REUSS (* 1885, \u2020 1962) - Assiette - poterie d'atelier","isPartOf":{"@id":"https:\/\/www.robertzueblin.com\/fr\/#website"},"primaryImageOfPage":{"@id":"https:\/\/www.robertzueblin.com\/fr\/gusso-reuss\/assiette\/#primaryimage"},"image":{"@id":"https:\/\/www.robertzueblin.com\/fr\/gusso-reuss\/assiette\/#primaryimage"},"thumbnailUrl":"https:\/\/www.robertzueblin.com\/wp-content\/uploads\/gusso-reuss-ceramique-poterie-d-atelier-assiette-photo-de-couverture.jpg","datePublished":"2021-10-09T08:32:02+00:00","dateModified":"2023-12-26T22:01:44+00:00","description":"Assiette en poterie d'atelier en bleu, gris, grenat et beige du c\u00e9ramiste Gusso Reuss, n\u00e9 \u00e0 G\u00f6ggingen et dont l'atelier se trouve \u00e0 Sch\u00f6ngeising.","breadcrumb":{"@id":"https:\/\/www.robertzueblin.com\/fr\/gusso-reuss\/assiette\/#breadcrumb"},"inLanguage":"fr-FR","potentialAction":[{"@type":"ReadAction","target":["https:\/\/www.robertzueblin.com\/fr\/gusso-reuss\/assiette\/"]}]},{"@type":"ImageObject","inLanguage":"fr-FR","@id":"https:\/\/www.robertzueblin.com\/fr\/gusso-reuss\/assiette\/#primaryimage","url":"https:\/\/www.robertzueblin.com\/wp-content\/uploads\/gusso-reuss-ceramique-poterie-d-atelier-assiette-photo-de-couverture.jpg","contentUrl":"https:\/\/www.robertzueblin.com\/wp-content\/uploads\/gusso-reuss-ceramique-poterie-d-atelier-assiette-photo-de-couverture.jpg","width":1185,"height":1185},{"@type":"BreadcrumbList","@id":"https:\/\/www.robertzueblin.com\/fr\/gusso-reuss\/assiette\/#breadcrumb","itemListElement":[{"@type":"ListItem","position":1,"name":"Startseite","item":"https:\/\/www.robertzueblin.com\/fr\/"},{"@type":"ListItem","position":2,"name":"Galerie d&#8217;art en ligne (boutique en ligne)","item":"https:\/\/www.robertzueblin.com\/fr\/galerie-d-art-en-ligne\/"},{"@type":"ListItem","position":3,"name":"Gusso REUSS (* 1885, \u2020 1962) &#8211; Assiette &#8211; poterie d&#8217;atelier"}]},{"@type":"WebSite","@id":"https:\/\/www.robertzueblin.com\/fr\/#website","url":"https:\/\/www.robertzueblin.com\/fr\/","name":"ROBERT Z\u00dcBLIN","description":"","publisher":{"@id":"https:\/\/www.robertzueblin.com\/fr\/#organization"},"potentialAction":[{"@type":"SearchAction","target":{"@type":"EntryPoint","urlTemplate":"https:\/\/www.robertzueblin.com\/fr\/?s={search_term_string}"},"query-input":{"@type":"PropertyValueSpecification","valueRequired":true,"valueName":"search_term_string"}}],"inLanguage":"fr-FR"},{"@type":"Organization","@id":"https:\/\/www.robertzueblin.com\/fr\/#organization","name":"ROBERT Z\u00dcBLIN","url":"https:\/\/www.robertzueblin.com\/fr\/","logo":{"@type":"ImageObject","inLanguage":"fr-FR","@id":"https:\/\/www.robertzueblin.com\/fr\/#\/schema\/logo\/image\/","url":"https:\/\/www.robertzueblin.com\/wp-content\/uploads\/cropped-cropped-logo-von-robert-zueblin.jpg","contentUrl":"https:\/\/www.robertzueblin.com\/wp-content\/uploads\/cropped-cropped-logo-von-robert-zueblin.jpg","width":440,"height":60,"caption":"ROBERT Z\u00dcBLIN"},"image":{"@id":"https:\/\/www.robertzueblin.com\/fr\/#\/schema\/logo\/image\/"}}]}},"_links":{"self":[{"href":"https:\/\/www.robertzueblin.com\/fr\/wp-json\/wp\/v2\/product\/20303","targetHints":{"allow":["GET"]}}],"collection":[{"href":"https:\/\/www.robertzueblin.com\/fr\/wp-json\/wp\/v2\/product"}],"about":[{"href":"https:\/\/www.robertzueblin.com\/fr\/wp-json\/wp\/v2\/types\/product"}],"wp:featuredmedia":[{"embeddable":true,"href":"https:\/\/www.robertzueblin.com\/fr\/wp-json\/wp\/v2\/media\/20150"}],"wp:attachment":[{"href":"https:\/\/www.robertzueblin.com\/fr\/wp-json\/wp\/v2\/media?parent=20303"}],"wp:term":[{"taxonomy":"product_brand","embeddable":true,"href":"https:\/\/www.robertzueblin.com\/fr\/wp-json\/wp\/v2\/product_brand?post=20303"},{"taxonomy":"product_cat","embeddable":true,"href":"https:\/\/www.robertzueblin.com\/fr\/wp-json\/wp\/v2\/product_cat?post=20303"},{"taxonomy":"product_tag","embeddable":true,"href":"https:\/\/www.robertzueblin.com\/fr\/wp-json\/wp\/v2\/product_tag?post=20303"}],"curies":[{"name":"wp","href":"https:\/\/api.w.org\/{rel}","templated":true}]}}