{"id":20293,"date":"2021-10-09T11:20:04","date_gmt":"2022-06-06T21:29:49","guid":{"rendered":"https:\/\/www.robertzueblin.com\/?post_type=product&#038;p=20293"},"modified":"2023-03-05T12:47:52","modified_gmt":"2023-03-05T11:47:52","slug":"goerge-hohlt-1930-vase-brun","status":"publish","type":"product","link":"https:\/\/www.robertzueblin.com\/fr\/goerge-hohlt\/vase-brun\/","title":{"rendered":"G\u00f6rge HOHLT (* 1930, \u2020 2022) &#8211; Vase brun &#8211; poterie d&rsquo;atelier"},"content":{"rendered":"<p><span style=\"font-family: AkkoPro-BoldCondensed!important\">Type :<\/span> <a href=\"https:\/\/www.robertzueblin.com\/fr\/type\/poterie-d-atelier-ceramique-de-studio\/\">poterie d&rsquo;atelier<\/a><\/p>\n<p><span style=\"font-family: AkkoPro-BoldCondensed!important\">\u00c9bauche :<\/span> G\u00f6rge Hohlt (* 1930, \u2020 2022)<\/p>\n<p><span style=\"font-family: AkkoPro-BoldCondensed!important\">R\u00e9alisation :<\/span> G\u00f6rge Hohlt (* 1930, \u2020 2022)<\/p>\n<p><span style=\"font-family: AkkoPro-BoldCondensed!important\">Objet :<\/span> vase<\/p>\n<p><span style=\"font-family: AkkoPro-BoldCondensed!important\">Dimensions :<\/span> hauteur : 14 cm, largeur : 14,5 cm<\/p>\n<p><span style=\"font-family: AkkoPro-BoldCondensed!important\">Tesson :<\/span> clair<\/p>\n<p><span style=\"font-family: AkkoPro-BoldCondensed!important\">Surface :<\/span> brun, bordeaux, pourpre, vert fonc\u00e9<\/p>\n<p><span style=\"font-family: AkkoPro-BoldCondensed!important\">Ann\u00e9e de fabrication :<\/span> 1978<\/p>\n<p><span style=\"font-family: AkkoPro-BoldCondensed!important\">\u00c9tat :<\/span> intact<\/p>\n<p><span style=\"font-family: AkkoPro-BoldCondensed!important\">Signature\/marque :<\/span> nouveau chat et G sur H<\/p>\n<p><span style=\"font-family: AkkoPro-BoldCondensed!important\">D\u00e9tails :<\/span><br \/>\nCe vase en c\u00e9ramique a \u00e9t\u00e9 tourn\u00e9 par le c\u00e9ramiste de studio G\u00f6rge Hohlt. L&rsquo;\u00e9mail est en partie craquel\u00e9. Il s\u00e9duit par son d\u00e9licat jeu de couleurs vert fonc\u00e9, bordeaux et pourpre. L&rsquo;ann\u00e9e de fabrication 1978 est indiqu\u00e9e par la signature.<\/p>\n","protected":false},"excerpt":{"rendered":"<p>Type : poterie d&rsquo;atelier \u00c9bauche : G\u00f6rge Hohlt (* 1930, \u2020 2022) R\u00e9alisation : G\u00f6rge Hohlt (* 1930, \u2020 2022) Objet : vase Dimensions : hauteur : 14 cm, largeur : 14,5 cm Tesson : clair Surface : brun, bordeaux, pourpre, vert fonc\u00e9 Ann\u00e9e de fabrication : 1978 \u00c9tat : intact Signature\/marque : nouveau chat [&hellip;]<\/p>\n","protected":false},"featured_media":19987,"template":"","meta":[],"product_brand":[],"product_cat":[297],"product_tag":[],"class_list":{"0":"post-20293","1":"product","2":"type-product","3":"status-publish","4":"has-post-thumbnail","6":"product_cat-goerge-hohlt","8":"first","9":"instock","10":"sold-individually","11":"shipping-taxable","12":"purchasable","13":"product-type-simple"},"yoast_head":"<!-- This site is optimized with the Yoast SEO plugin v27.4 - https:\/\/yoast.com\/product\/yoast-seo-wordpress\/ -->\n<title>G\u00f6rge HOHLT - Vase brun - poterie d&#039;atelier<\/title>\n<meta name=\"description\" content=\"Vase en poterie d&#039;atelier en brun, rouge vin, pourpre et vert fonc\u00e9 datant de 1978 avec un \u00e9mail partiellement craquel\u00e9, par le c\u00e9ramiste G\u00f6rge Hohlt.\" \/>\n<meta name=\"robots\" content=\"index, follow, max-snippet:-1, max-image-preview:large, max-video-preview:-1\" \/>\n<link rel=\"canonical\" href=\"https:\/\/www.robertzueblin.com\/fr\/goerge-hohlt\/vase-brun\/\" \/>\n<meta property=\"og:locale\" content=\"fr_FR\" \/>\n<meta property=\"og:type\" content=\"article\" \/>\n<meta property=\"og:title\" content=\"G\u00f6rge HOHLT - Vase brun - poterie d&#039;atelier\" \/>\n<meta property=\"og:description\" content=\"Vase en poterie d&#039;atelier en brun, rouge vin, pourpre et vert fonc\u00e9 datant de 1978 avec un \u00e9mail partiellement craquel\u00e9, par le c\u00e9ramiste G\u00f6rge Hohlt.\" \/>\n<meta property=\"og:url\" content=\"https:\/\/www.robertzueblin.com\/fr\/goerge-hohlt\/vase-brun\/\" \/>\n<meta property=\"og:site_name\" content=\"ROBERT Z\u00dcBLIN\" \/>\n<meta property=\"article:modified_time\" content=\"2023-03-05T11:47:52+00:00\" \/>\n<meta property=\"og:image\" content=\"https:\/\/www.robertzueblin.com\/wp-content\/uploads\/goerge-hohlt-ceramique-poterie-d-atelier-vase-brun-photo-de-couverture.jpg\" \/>\n\t<meta property=\"og:image:width\" content=\"1080\" \/>\n\t<meta property=\"og:image:height\" content=\"1080\" \/>\n\t<meta property=\"og:image:type\" content=\"image\/jpeg\" \/>\n<meta name=\"twitter:card\" content=\"summary_large_image\" \/>\n<script type=\"application\/ld+json\" class=\"yoast-schema-graph\">{\"@context\":\"https:\\\/\\\/schema.org\",\"@graph\":[{\"@type\":\"WebPage\",\"@id\":\"https:\\\/\\\/www.robertzueblin.com\\\/fr\\\/goerge-hohlt\\\/vase-brun\\\/\",\"url\":\"https:\\\/\\\/www.robertzueblin.com\\\/fr\\\/goerge-hohlt\\\/vase-brun\\\/\",\"name\":\"G\u00f6rge HOHLT - Vase brun - poterie d'atelier\",\"isPartOf\":{\"@id\":\"https:\\\/\\\/www.robertzueblin.com\\\/fr\\\/#website\"},\"primaryImageOfPage\":{\"@id\":\"https:\\\/\\\/www.robertzueblin.com\\\/fr\\\/goerge-hohlt\\\/vase-brun\\\/#primaryimage\"},\"image\":{\"@id\":\"https:\\\/\\\/www.robertzueblin.com\\\/fr\\\/goerge-hohlt\\\/vase-brun\\\/#primaryimage\"},\"thumbnailUrl\":\"https:\\\/\\\/www.robertzueblin.com\\\/wp-content\\\/uploads\\\/goerge-hohlt-ceramique-poterie-d-atelier-vase-brun-photo-de-couverture.jpg\",\"datePublished\":\"2022-06-06T21:29:49+00:00\",\"dateModified\":\"2023-03-05T11:47:52+00:00\",\"description\":\"Vase en poterie d'atelier en brun, rouge vin, pourpre et vert fonc\u00e9 datant de 1978 avec un \u00e9mail partiellement craquel\u00e9, par le c\u00e9ramiste G\u00f6rge Hohlt.\",\"breadcrumb\":{\"@id\":\"https:\\\/\\\/www.robertzueblin.com\\\/fr\\\/goerge-hohlt\\\/vase-brun\\\/#breadcrumb\"},\"inLanguage\":\"fr-FR\",\"potentialAction\":[{\"@type\":\"ReadAction\",\"target\":[\"https:\\\/\\\/www.robertzueblin.com\\\/fr\\\/goerge-hohlt\\\/vase-brun\\\/\"]}]},{\"@type\":\"ImageObject\",\"inLanguage\":\"fr-FR\",\"@id\":\"https:\\\/\\\/www.robertzueblin.com\\\/fr\\\/goerge-hohlt\\\/vase-brun\\\/#primaryimage\",\"url\":\"https:\\\/\\\/www.robertzueblin.com\\\/wp-content\\\/uploads\\\/goerge-hohlt-ceramique-poterie-d-atelier-vase-brun-photo-de-couverture.jpg\",\"contentUrl\":\"https:\\\/\\\/www.robertzueblin.com\\\/wp-content\\\/uploads\\\/goerge-hohlt-ceramique-poterie-d-atelier-vase-brun-photo-de-couverture.jpg\",\"width\":1080,\"height\":1080},{\"@type\":\"BreadcrumbList\",\"@id\":\"https:\\\/\\\/www.robertzueblin.com\\\/fr\\\/goerge-hohlt\\\/vase-brun\\\/#breadcrumb\",\"itemListElement\":[{\"@type\":\"ListItem\",\"position\":1,\"name\":\"Startseite\",\"item\":\"https:\\\/\\\/www.robertzueblin.com\\\/fr\\\/\"},{\"@type\":\"ListItem\",\"position\":2,\"name\":\"Galerie d&#8217;art en ligne (boutique en ligne)\",\"item\":\"https:\\\/\\\/www.robertzueblin.com\\\/fr\\\/galerie-d-art-en-ligne\\\/\"},{\"@type\":\"ListItem\",\"position\":3,\"name\":\"G\u00f6rge HOHLT (* 1930, \u2020 2022) &#8211; Vase brun &#8211; poterie d&#8217;atelier\"}]},{\"@type\":\"WebSite\",\"@id\":\"https:\\\/\\\/www.robertzueblin.com\\\/fr\\\/#website\",\"url\":\"https:\\\/\\\/www.robertzueblin.com\\\/fr\\\/\",\"name\":\"ROBERT Z\u00dcBLIN\",\"description\":\"\",\"publisher\":{\"@id\":\"https:\\\/\\\/www.robertzueblin.com\\\/fr\\\/#organization\"},\"potentialAction\":[{\"@type\":\"SearchAction\",\"target\":{\"@type\":\"EntryPoint\",\"urlTemplate\":\"https:\\\/\\\/www.robertzueblin.com\\\/fr\\\/?s={search_term_string}\"},\"query-input\":{\"@type\":\"PropertyValueSpecification\",\"valueRequired\":true,\"valueName\":\"search_term_string\"}}],\"inLanguage\":\"fr-FR\"},{\"@type\":\"Organization\",\"@id\":\"https:\\\/\\\/www.robertzueblin.com\\\/fr\\\/#organization\",\"name\":\"ROBERT Z\u00dcBLIN\",\"url\":\"https:\\\/\\\/www.robertzueblin.com\\\/fr\\\/\",\"logo\":{\"@type\":\"ImageObject\",\"inLanguage\":\"fr-FR\",\"@id\":\"https:\\\/\\\/www.robertzueblin.com\\\/fr\\\/#\\\/schema\\\/logo\\\/image\\\/\",\"url\":\"https:\\\/\\\/www.robertzueblin.com\\\/wp-content\\\/uploads\\\/cropped-cropped-logo-von-robert-zueblin.jpg\",\"contentUrl\":\"https:\\\/\\\/www.robertzueblin.com\\\/wp-content\\\/uploads\\\/cropped-cropped-logo-von-robert-zueblin.jpg\",\"width\":440,\"height\":60,\"caption\":\"ROBERT Z\u00dcBLIN\"},\"image\":{\"@id\":\"https:\\\/\\\/www.robertzueblin.com\\\/fr\\\/#\\\/schema\\\/logo\\\/image\\\/\"}}]}<\/script>\n<!-- \/ Yoast SEO plugin. -->","yoast_head_json":{"title":"G\u00f6rge HOHLT - Vase brun - poterie d'atelier","description":"Vase en poterie d'atelier en brun, rouge vin, pourpre et vert fonc\u00e9 datant de 1978 avec un \u00e9mail partiellement craquel\u00e9, par le c\u00e9ramiste G\u00f6rge Hohlt.","robots":{"index":"index","follow":"follow","max-snippet":"max-snippet:-1","max-image-preview":"max-image-preview:large","max-video-preview":"max-video-preview:-1"},"canonical":"https:\/\/www.robertzueblin.com\/fr\/goerge-hohlt\/vase-brun\/","og_locale":"fr_FR","og_type":"article","og_title":"G\u00f6rge HOHLT - Vase brun - poterie d'atelier","og_description":"Vase en poterie d'atelier en brun, rouge vin, pourpre et vert fonc\u00e9 datant de 1978 avec un \u00e9mail partiellement craquel\u00e9, par le c\u00e9ramiste G\u00f6rge Hohlt.","og_url":"https:\/\/www.robertzueblin.com\/fr\/goerge-hohlt\/vase-brun\/","og_site_name":"ROBERT Z\u00dcBLIN","article_modified_time":"2023-03-05T11:47:52+00:00","og_image":[{"width":1080,"height":1080,"url":"https:\/\/www.robertzueblin.com\/wp-content\/uploads\/goerge-hohlt-ceramique-poterie-d-atelier-vase-brun-photo-de-couverture.jpg","type":"image\/jpeg"}],"twitter_card":"summary_large_image","schema":{"@context":"https:\/\/schema.org","@graph":[{"@type":"WebPage","@id":"https:\/\/www.robertzueblin.com\/fr\/goerge-hohlt\/vase-brun\/","url":"https:\/\/www.robertzueblin.com\/fr\/goerge-hohlt\/vase-brun\/","name":"G\u00f6rge HOHLT - Vase brun - poterie d'atelier","isPartOf":{"@id":"https:\/\/www.robertzueblin.com\/fr\/#website"},"primaryImageOfPage":{"@id":"https:\/\/www.robertzueblin.com\/fr\/goerge-hohlt\/vase-brun\/#primaryimage"},"image":{"@id":"https:\/\/www.robertzueblin.com\/fr\/goerge-hohlt\/vase-brun\/#primaryimage"},"thumbnailUrl":"https:\/\/www.robertzueblin.com\/wp-content\/uploads\/goerge-hohlt-ceramique-poterie-d-atelier-vase-brun-photo-de-couverture.jpg","datePublished":"2022-06-06T21:29:49+00:00","dateModified":"2023-03-05T11:47:52+00:00","description":"Vase en poterie d'atelier en brun, rouge vin, pourpre et vert fonc\u00e9 datant de 1978 avec un \u00e9mail partiellement craquel\u00e9, par le c\u00e9ramiste G\u00f6rge Hohlt.","breadcrumb":{"@id":"https:\/\/www.robertzueblin.com\/fr\/goerge-hohlt\/vase-brun\/#breadcrumb"},"inLanguage":"fr-FR","potentialAction":[{"@type":"ReadAction","target":["https:\/\/www.robertzueblin.com\/fr\/goerge-hohlt\/vase-brun\/"]}]},{"@type":"ImageObject","inLanguage":"fr-FR","@id":"https:\/\/www.robertzueblin.com\/fr\/goerge-hohlt\/vase-brun\/#primaryimage","url":"https:\/\/www.robertzueblin.com\/wp-content\/uploads\/goerge-hohlt-ceramique-poterie-d-atelier-vase-brun-photo-de-couverture.jpg","contentUrl":"https:\/\/www.robertzueblin.com\/wp-content\/uploads\/goerge-hohlt-ceramique-poterie-d-atelier-vase-brun-photo-de-couverture.jpg","width":1080,"height":1080},{"@type":"BreadcrumbList","@id":"https:\/\/www.robertzueblin.com\/fr\/goerge-hohlt\/vase-brun\/#breadcrumb","itemListElement":[{"@type":"ListItem","position":1,"name":"Startseite","item":"https:\/\/www.robertzueblin.com\/fr\/"},{"@type":"ListItem","position":2,"name":"Galerie d&#8217;art en ligne (boutique en ligne)","item":"https:\/\/www.robertzueblin.com\/fr\/galerie-d-art-en-ligne\/"},{"@type":"ListItem","position":3,"name":"G\u00f6rge HOHLT (* 1930, \u2020 2022) &#8211; Vase brun &#8211; poterie d&#8217;atelier"}]},{"@type":"WebSite","@id":"https:\/\/www.robertzueblin.com\/fr\/#website","url":"https:\/\/www.robertzueblin.com\/fr\/","name":"ROBERT Z\u00dcBLIN","description":"","publisher":{"@id":"https:\/\/www.robertzueblin.com\/fr\/#organization"},"potentialAction":[{"@type":"SearchAction","target":{"@type":"EntryPoint","urlTemplate":"https:\/\/www.robertzueblin.com\/fr\/?s={search_term_string}"},"query-input":{"@type":"PropertyValueSpecification","valueRequired":true,"valueName":"search_term_string"}}],"inLanguage":"fr-FR"},{"@type":"Organization","@id":"https:\/\/www.robertzueblin.com\/fr\/#organization","name":"ROBERT Z\u00dcBLIN","url":"https:\/\/www.robertzueblin.com\/fr\/","logo":{"@type":"ImageObject","inLanguage":"fr-FR","@id":"https:\/\/www.robertzueblin.com\/fr\/#\/schema\/logo\/image\/","url":"https:\/\/www.robertzueblin.com\/wp-content\/uploads\/cropped-cropped-logo-von-robert-zueblin.jpg","contentUrl":"https:\/\/www.robertzueblin.com\/wp-content\/uploads\/cropped-cropped-logo-von-robert-zueblin.jpg","width":440,"height":60,"caption":"ROBERT Z\u00dcBLIN"},"image":{"@id":"https:\/\/www.robertzueblin.com\/fr\/#\/schema\/logo\/image\/"}}]}},"_links":{"self":[{"href":"https:\/\/www.robertzueblin.com\/fr\/wp-json\/wp\/v2\/product\/20293","targetHints":{"allow":["GET"]}}],"collection":[{"href":"https:\/\/www.robertzueblin.com\/fr\/wp-json\/wp\/v2\/product"}],"about":[{"href":"https:\/\/www.robertzueblin.com\/fr\/wp-json\/wp\/v2\/types\/product"}],"wp:featuredmedia":[{"embeddable":true,"href":"https:\/\/www.robertzueblin.com\/fr\/wp-json\/wp\/v2\/media\/19987"}],"wp:attachment":[{"href":"https:\/\/www.robertzueblin.com\/fr\/wp-json\/wp\/v2\/media?parent=20293"}],"wp:term":[{"taxonomy":"product_brand","embeddable":true,"href":"https:\/\/www.robertzueblin.com\/fr\/wp-json\/wp\/v2\/product_brand?post=20293"},{"taxonomy":"product_cat","embeddable":true,"href":"https:\/\/www.robertzueblin.com\/fr\/wp-json\/wp\/v2\/product_cat?post=20293"},{"taxonomy":"product_tag","embeddable":true,"href":"https:\/\/www.robertzueblin.com\/fr\/wp-json\/wp\/v2\/product_tag?post=20293"}],"curies":[{"name":"wp","href":"https:\/\/api.w.org\/{rel}","templated":true}]}}