{"id":20287,"date":"2021-10-09T11:54:33","date_gmt":"2022-06-08T06:40:11","guid":{"rendered":"https:\/\/www.robertzueblin.com\/?post_type=product&#038;p=20287"},"modified":"2022-12-24T14:28:30","modified_gmt":"2022-12-24T13:28:30","slug":"kuno-jaschinski-1897-%e2%80%a0-1954-grand-vase-en-ceramique","status":"publish","type":"product","link":"https:\/\/www.robertzueblin.com\/fr\/kuno-jaschinski\/grand-vase-en-ceramique\/","title":{"rendered":"Kuno JASCHINSKI (* 1897, \u2020 1954) &#8211; Grand vase en c\u00e9ramique &#8211; poterie d&rsquo;atelier"},"content":{"rendered":"<p><span style=\"font-family: AkkoPro-BoldCondensed!important\">Type :<\/span> <a href=\"https:\/\/www.robertzueblin.com\/fr\/type\/poterie-d-atelier-ceramique-de-studio\/\">poterie d&rsquo;atelier<\/a><\/p>\n<p><span style=\"font-family: AkkoPro-BoldCondensed!important\">\u00c9bauche :<\/span> Kuno Jaschinski (* 1897, \u2020 1954)<\/p>\n<p><span style=\"font-family: AkkoPro-BoldCondensed!important\">R\u00e9alisation :<\/span> Atelier de poterie Kuno Jaschinski<\/p>\n<p><span style=\"font-family: AkkoPro-BoldCondensed!important\">Objet :<\/span> vase<\/p>\n<p><span style=\"font-family: AkkoPro-BoldCondensed!important\">Dimensions :<\/span> hauteur : 23 cm, largeur : 23 cm<\/p>\n<p><span style=\"font-family: AkkoPro-BoldCondensed!important\">Tesson :<\/span> clair<\/p>\n<p><span style=\"font-family: AkkoPro-BoldCondensed!important\">Surface :<\/span> blanche, brune, grise, noire<\/p>\n<p><span style=\"font-family: AkkoPro-BoldCondensed!important\">Ann\u00e9e de fabrication :<\/span> probablement les ann\u00e9es 1920<\/p>\n<p><span style=\"font-family: AkkoPro-BoldCondensed!important\">\u00c9tat :<\/span> \u00e9raflures \u00e9parses dans l&rsquo;\u00e9mail<\/p>\n<p><span style=\"font-family: AkkoPro-BoldCondensed!important\">Signature\/marque :<\/span> main, dont \u00ab\u00a0GOSLAR\u00a0\u00bb<\/p>\n<p><span style=\"font-family: AkkoPro-BoldCondensed!important\">D\u00e9tails :<\/span><br \/>\nLe vase, qui a \u00e9t\u00e9 con\u00e7u et tourn\u00e9 par Kuno Jaschinski [1], rappelle quelque peu Otto Lindig par son \u00e9mail. Comme particularit\u00e9 et pour se distinguer de Lindig, le vase pr\u00e9sente toutefois des peintures aussi bien sur le bord sup\u00e9rieur (une ligne noire et grise) que dans la partie inf\u00e9rieure (lignes \u00e9troitement juxtapos\u00e9es).<\/p>\n<p><em>Note de bas de page :<\/em><br \/>\n1. Reineking v. Bock, Gisela : Keramik des 20. Jahrhunderts, Deutschland, M\u00fcnchen 1979, p. 182.<\/p>\n","protected":false},"excerpt":{"rendered":"<p>Type : poterie d&rsquo;atelier \u00c9bauche : Kuno Jaschinski (* 1897, \u2020 1954) R\u00e9alisation : Atelier de poterie Kuno Jaschinski Objet : vase Dimensions : hauteur : 23 cm, largeur : 23 cm Tesson : clair Surface : blanche, brune, grise, noire Ann\u00e9e de fabrication : probablement les ann\u00e9es 1920 \u00c9tat : \u00e9raflures \u00e9parses dans l&rsquo;\u00e9mail [&hellip;]<\/p>\n","protected":false},"featured_media":20029,"template":"","meta":[],"product_brand":[],"product_cat":[307],"product_tag":[],"class_list":{"0":"post-20287","1":"product","2":"type-product","3":"status-publish","4":"has-post-thumbnail","6":"product_cat-kuno-jaschinski","8":"first","9":"instock","10":"sold-individually","11":"shipping-taxable","12":"purchasable","13":"product-type-simple"},"yoast_head":"<!-- This site is optimized with the Yoast SEO plugin v27.4 - https:\/\/yoast.com\/product\/yoast-seo-wordpress\/ -->\n<title>Kuno JASCHINSKI - Grand vase en c\u00e9ramique - poterie d&#039;atelier<\/title>\n<meta name=\"description\" content=\"Grand vase en poterie d&#039;atelier du c\u00e9ramiste Kuno Jaschinski en forme de boule, dont l&#039;\u00e9mail et la peinture rappellent un peu Otto Lindig.\" \/>\n<meta name=\"robots\" content=\"index, follow, max-snippet:-1, max-image-preview:large, max-video-preview:-1\" \/>\n<link rel=\"canonical\" href=\"https:\/\/www.robertzueblin.com\/fr\/kuno-jaschinski\/grand-vase-en-ceramique\/\" \/>\n<meta property=\"og:locale\" content=\"fr_FR\" \/>\n<meta property=\"og:type\" content=\"article\" \/>\n<meta property=\"og:title\" content=\"Kuno JASCHINSKI - Grand vase en c\u00e9ramique - poterie d&#039;atelier\" \/>\n<meta property=\"og:description\" content=\"Grand vase en poterie d&#039;atelier du c\u00e9ramiste Kuno Jaschinski en forme de boule, dont l&#039;\u00e9mail et la peinture rappellent un peu Otto Lindig.\" \/>\n<meta property=\"og:url\" content=\"https:\/\/www.robertzueblin.com\/fr\/kuno-jaschinski\/grand-vase-en-ceramique\/\" \/>\n<meta property=\"og:site_name\" content=\"ROBERT Z\u00dcBLIN\" \/>\n<meta property=\"article:modified_time\" content=\"2022-12-24T13:28:30+00:00\" \/>\n<meta property=\"og:image\" content=\"https:\/\/www.robertzueblin.com\/wp-content\/uploads\/kuno-jaschinski-ceramique-poterie-d-atelier-grand-vase-photo-de-couverture.jpg\" \/>\n\t<meta property=\"og:image:width\" content=\"1080\" \/>\n\t<meta property=\"og:image:height\" content=\"1080\" \/>\n\t<meta property=\"og:image:type\" content=\"image\/jpeg\" \/>\n<meta name=\"twitter:card\" content=\"summary_large_image\" \/>\n<script type=\"application\/ld+json\" class=\"yoast-schema-graph\">{\"@context\":\"https:\\\/\\\/schema.org\",\"@graph\":[{\"@type\":\"WebPage\",\"@id\":\"https:\\\/\\\/www.robertzueblin.com\\\/fr\\\/kuno-jaschinski\\\/grand-vase-en-ceramique\\\/\",\"url\":\"https:\\\/\\\/www.robertzueblin.com\\\/fr\\\/kuno-jaschinski\\\/grand-vase-en-ceramique\\\/\",\"name\":\"Kuno JASCHINSKI - Grand vase en c\u00e9ramique - poterie d'atelier\",\"isPartOf\":{\"@id\":\"https:\\\/\\\/www.robertzueblin.com\\\/fr\\\/#website\"},\"primaryImageOfPage\":{\"@id\":\"https:\\\/\\\/www.robertzueblin.com\\\/fr\\\/kuno-jaschinski\\\/grand-vase-en-ceramique\\\/#primaryimage\"},\"image\":{\"@id\":\"https:\\\/\\\/www.robertzueblin.com\\\/fr\\\/kuno-jaschinski\\\/grand-vase-en-ceramique\\\/#primaryimage\"},\"thumbnailUrl\":\"https:\\\/\\\/www.robertzueblin.com\\\/wp-content\\\/uploads\\\/kuno-jaschinski-ceramique-poterie-d-atelier-grand-vase-photo-de-couverture.jpg\",\"datePublished\":\"2022-06-08T06:40:11+00:00\",\"dateModified\":\"2022-12-24T13:28:30+00:00\",\"description\":\"Grand vase en poterie d'atelier du c\u00e9ramiste Kuno Jaschinski en forme de boule, dont l'\u00e9mail et la peinture rappellent un peu Otto Lindig.\",\"breadcrumb\":{\"@id\":\"https:\\\/\\\/www.robertzueblin.com\\\/fr\\\/kuno-jaschinski\\\/grand-vase-en-ceramique\\\/#breadcrumb\"},\"inLanguage\":\"fr-FR\",\"potentialAction\":[{\"@type\":\"ReadAction\",\"target\":[\"https:\\\/\\\/www.robertzueblin.com\\\/fr\\\/kuno-jaschinski\\\/grand-vase-en-ceramique\\\/\"]}]},{\"@type\":\"ImageObject\",\"inLanguage\":\"fr-FR\",\"@id\":\"https:\\\/\\\/www.robertzueblin.com\\\/fr\\\/kuno-jaschinski\\\/grand-vase-en-ceramique\\\/#primaryimage\",\"url\":\"https:\\\/\\\/www.robertzueblin.com\\\/wp-content\\\/uploads\\\/kuno-jaschinski-ceramique-poterie-d-atelier-grand-vase-photo-de-couverture.jpg\",\"contentUrl\":\"https:\\\/\\\/www.robertzueblin.com\\\/wp-content\\\/uploads\\\/kuno-jaschinski-ceramique-poterie-d-atelier-grand-vase-photo-de-couverture.jpg\",\"width\":1080,\"height\":1080},{\"@type\":\"BreadcrumbList\",\"@id\":\"https:\\\/\\\/www.robertzueblin.com\\\/fr\\\/kuno-jaschinski\\\/grand-vase-en-ceramique\\\/#breadcrumb\",\"itemListElement\":[{\"@type\":\"ListItem\",\"position\":1,\"name\":\"Startseite\",\"item\":\"https:\\\/\\\/www.robertzueblin.com\\\/fr\\\/\"},{\"@type\":\"ListItem\",\"position\":2,\"name\":\"Galerie d&#8217;art en ligne (boutique en ligne)\",\"item\":\"https:\\\/\\\/www.robertzueblin.com\\\/fr\\\/galerie-d-art-en-ligne\\\/\"},{\"@type\":\"ListItem\",\"position\":3,\"name\":\"Kuno JASCHINSKI (* 1897, \u2020 1954) &#8211; Grand vase en c\u00e9ramique &#8211; poterie d&#8217;atelier\"}]},{\"@type\":\"WebSite\",\"@id\":\"https:\\\/\\\/www.robertzueblin.com\\\/fr\\\/#website\",\"url\":\"https:\\\/\\\/www.robertzueblin.com\\\/fr\\\/\",\"name\":\"ROBERT Z\u00dcBLIN\",\"description\":\"\",\"publisher\":{\"@id\":\"https:\\\/\\\/www.robertzueblin.com\\\/fr\\\/#organization\"},\"potentialAction\":[{\"@type\":\"SearchAction\",\"target\":{\"@type\":\"EntryPoint\",\"urlTemplate\":\"https:\\\/\\\/www.robertzueblin.com\\\/fr\\\/?s={search_term_string}\"},\"query-input\":{\"@type\":\"PropertyValueSpecification\",\"valueRequired\":true,\"valueName\":\"search_term_string\"}}],\"inLanguage\":\"fr-FR\"},{\"@type\":\"Organization\",\"@id\":\"https:\\\/\\\/www.robertzueblin.com\\\/fr\\\/#organization\",\"name\":\"ROBERT Z\u00dcBLIN\",\"url\":\"https:\\\/\\\/www.robertzueblin.com\\\/fr\\\/\",\"logo\":{\"@type\":\"ImageObject\",\"inLanguage\":\"fr-FR\",\"@id\":\"https:\\\/\\\/www.robertzueblin.com\\\/fr\\\/#\\\/schema\\\/logo\\\/image\\\/\",\"url\":\"https:\\\/\\\/www.robertzueblin.com\\\/wp-content\\\/uploads\\\/cropped-cropped-logo-von-robert-zueblin.jpg\",\"contentUrl\":\"https:\\\/\\\/www.robertzueblin.com\\\/wp-content\\\/uploads\\\/cropped-cropped-logo-von-robert-zueblin.jpg\",\"width\":440,\"height\":60,\"caption\":\"ROBERT Z\u00dcBLIN\"},\"image\":{\"@id\":\"https:\\\/\\\/www.robertzueblin.com\\\/fr\\\/#\\\/schema\\\/logo\\\/image\\\/\"}}]}<\/script>\n<!-- \/ Yoast SEO plugin. -->","yoast_head_json":{"title":"Kuno JASCHINSKI - Grand vase en c\u00e9ramique - poterie d'atelier","description":"Grand vase en poterie d'atelier du c\u00e9ramiste Kuno Jaschinski en forme de boule, dont l'\u00e9mail et la peinture rappellent un peu Otto Lindig.","robots":{"index":"index","follow":"follow","max-snippet":"max-snippet:-1","max-image-preview":"max-image-preview:large","max-video-preview":"max-video-preview:-1"},"canonical":"https:\/\/www.robertzueblin.com\/fr\/kuno-jaschinski\/grand-vase-en-ceramique\/","og_locale":"fr_FR","og_type":"article","og_title":"Kuno JASCHINSKI - Grand vase en c\u00e9ramique - poterie d'atelier","og_description":"Grand vase en poterie d'atelier du c\u00e9ramiste Kuno Jaschinski en forme de boule, dont l'\u00e9mail et la peinture rappellent un peu Otto Lindig.","og_url":"https:\/\/www.robertzueblin.com\/fr\/kuno-jaschinski\/grand-vase-en-ceramique\/","og_site_name":"ROBERT Z\u00dcBLIN","article_modified_time":"2022-12-24T13:28:30+00:00","og_image":[{"width":1080,"height":1080,"url":"https:\/\/www.robertzueblin.com\/wp-content\/uploads\/kuno-jaschinski-ceramique-poterie-d-atelier-grand-vase-photo-de-couverture.jpg","type":"image\/jpeg"}],"twitter_card":"summary_large_image","schema":{"@context":"https:\/\/schema.org","@graph":[{"@type":"WebPage","@id":"https:\/\/www.robertzueblin.com\/fr\/kuno-jaschinski\/grand-vase-en-ceramique\/","url":"https:\/\/www.robertzueblin.com\/fr\/kuno-jaschinski\/grand-vase-en-ceramique\/","name":"Kuno JASCHINSKI - Grand vase en c\u00e9ramique - poterie d'atelier","isPartOf":{"@id":"https:\/\/www.robertzueblin.com\/fr\/#website"},"primaryImageOfPage":{"@id":"https:\/\/www.robertzueblin.com\/fr\/kuno-jaschinski\/grand-vase-en-ceramique\/#primaryimage"},"image":{"@id":"https:\/\/www.robertzueblin.com\/fr\/kuno-jaschinski\/grand-vase-en-ceramique\/#primaryimage"},"thumbnailUrl":"https:\/\/www.robertzueblin.com\/wp-content\/uploads\/kuno-jaschinski-ceramique-poterie-d-atelier-grand-vase-photo-de-couverture.jpg","datePublished":"2022-06-08T06:40:11+00:00","dateModified":"2022-12-24T13:28:30+00:00","description":"Grand vase en poterie d'atelier du c\u00e9ramiste Kuno Jaschinski en forme de boule, dont l'\u00e9mail et la peinture rappellent un peu Otto Lindig.","breadcrumb":{"@id":"https:\/\/www.robertzueblin.com\/fr\/kuno-jaschinski\/grand-vase-en-ceramique\/#breadcrumb"},"inLanguage":"fr-FR","potentialAction":[{"@type":"ReadAction","target":["https:\/\/www.robertzueblin.com\/fr\/kuno-jaschinski\/grand-vase-en-ceramique\/"]}]},{"@type":"ImageObject","inLanguage":"fr-FR","@id":"https:\/\/www.robertzueblin.com\/fr\/kuno-jaschinski\/grand-vase-en-ceramique\/#primaryimage","url":"https:\/\/www.robertzueblin.com\/wp-content\/uploads\/kuno-jaschinski-ceramique-poterie-d-atelier-grand-vase-photo-de-couverture.jpg","contentUrl":"https:\/\/www.robertzueblin.com\/wp-content\/uploads\/kuno-jaschinski-ceramique-poterie-d-atelier-grand-vase-photo-de-couverture.jpg","width":1080,"height":1080},{"@type":"BreadcrumbList","@id":"https:\/\/www.robertzueblin.com\/fr\/kuno-jaschinski\/grand-vase-en-ceramique\/#breadcrumb","itemListElement":[{"@type":"ListItem","position":1,"name":"Startseite","item":"https:\/\/www.robertzueblin.com\/fr\/"},{"@type":"ListItem","position":2,"name":"Galerie d&#8217;art en ligne (boutique en ligne)","item":"https:\/\/www.robertzueblin.com\/fr\/galerie-d-art-en-ligne\/"},{"@type":"ListItem","position":3,"name":"Kuno JASCHINSKI (* 1897, \u2020 1954) &#8211; Grand vase en c\u00e9ramique &#8211; poterie d&#8217;atelier"}]},{"@type":"WebSite","@id":"https:\/\/www.robertzueblin.com\/fr\/#website","url":"https:\/\/www.robertzueblin.com\/fr\/","name":"ROBERT Z\u00dcBLIN","description":"","publisher":{"@id":"https:\/\/www.robertzueblin.com\/fr\/#organization"},"potentialAction":[{"@type":"SearchAction","target":{"@type":"EntryPoint","urlTemplate":"https:\/\/www.robertzueblin.com\/fr\/?s={search_term_string}"},"query-input":{"@type":"PropertyValueSpecification","valueRequired":true,"valueName":"search_term_string"}}],"inLanguage":"fr-FR"},{"@type":"Organization","@id":"https:\/\/www.robertzueblin.com\/fr\/#organization","name":"ROBERT Z\u00dcBLIN","url":"https:\/\/www.robertzueblin.com\/fr\/","logo":{"@type":"ImageObject","inLanguage":"fr-FR","@id":"https:\/\/www.robertzueblin.com\/fr\/#\/schema\/logo\/image\/","url":"https:\/\/www.robertzueblin.com\/wp-content\/uploads\/cropped-cropped-logo-von-robert-zueblin.jpg","contentUrl":"https:\/\/www.robertzueblin.com\/wp-content\/uploads\/cropped-cropped-logo-von-robert-zueblin.jpg","width":440,"height":60,"caption":"ROBERT Z\u00dcBLIN"},"image":{"@id":"https:\/\/www.robertzueblin.com\/fr\/#\/schema\/logo\/image\/"}}]}},"_links":{"self":[{"href":"https:\/\/www.robertzueblin.com\/fr\/wp-json\/wp\/v2\/product\/20287","targetHints":{"allow":["GET"]}}],"collection":[{"href":"https:\/\/www.robertzueblin.com\/fr\/wp-json\/wp\/v2\/product"}],"about":[{"href":"https:\/\/www.robertzueblin.com\/fr\/wp-json\/wp\/v2\/types\/product"}],"wp:featuredmedia":[{"embeddable":true,"href":"https:\/\/www.robertzueblin.com\/fr\/wp-json\/wp\/v2\/media\/20029"}],"wp:attachment":[{"href":"https:\/\/www.robertzueblin.com\/fr\/wp-json\/wp\/v2\/media?parent=20287"}],"wp:term":[{"taxonomy":"product_brand","embeddable":true,"href":"https:\/\/www.robertzueblin.com\/fr\/wp-json\/wp\/v2\/product_brand?post=20287"},{"taxonomy":"product_cat","embeddable":true,"href":"https:\/\/www.robertzueblin.com\/fr\/wp-json\/wp\/v2\/product_cat?post=20287"},{"taxonomy":"product_tag","embeddable":true,"href":"https:\/\/www.robertzueblin.com\/fr\/wp-json\/wp\/v2\/product_tag?post=20287"}],"curies":[{"name":"wp","href":"https:\/\/api.w.org\/{rel}","templated":true}]}}