{"id":20269,"date":"2021-10-09T12:49:17","date_gmt":"2021-10-09T10:49:17","guid":{"rendered":"https:\/\/www.robertzueblin.com\/?post_type=product&#038;p=20269"},"modified":"2024-09-18T10:44:41","modified_gmt":"2024-09-18T08:44:41","slug":"gusso-reuss-1885-%e2%80%a0-1962-vase-a-feu-de-reduction","status":"publish","type":"product","link":"https:\/\/www.robertzueblin.com\/fr\/gusso-reuss\/vase-a-feu-de-reduction\/","title":{"rendered":"Gusso REUSS (* 1885, \u2020 1962) &#8211; Vase \u00e0 feu de r\u00e9duction &#8211; poterie d&rsquo;atelier"},"content":{"rendered":"<p><span style=\"font-family: AkkoPro-BoldCondensed!important\">Type :<\/span> <a href=\"https:\/\/www.robertzueblin.com\/fr\/type\/poterie-d-atelier-ceramique-de-studio\/\">poterie d&rsquo;atelier<\/a><\/p>\n<p><span style=\"font-family: AkkoPro-BoldCondensed!important\">\u00c9bauche :<\/span> Gusso Reuss (* 1885, \u2020 1962)<\/p>\n<p><span style=\"font-family: AkkoPro-BoldCondensed!important\">R\u00e9alisation :<\/span> Atelier Reuss<\/p>\n<p><span style=\"font-family: AkkoPro-BoldCondensed!important\">Objet :<\/span> vase<\/p>\n<p><span style=\"font-family: AkkoPro-BoldCondensed!important\">Dimensions :<\/span> hauteur : 8,5 cm, diam\u00e8tre : 7 cm<\/p>\n<p><span style=\"font-family: AkkoPro-BoldCondensed!important\">Tesson :<\/span> clair<\/p>\n<p><span style=\"font-family: AkkoPro-BoldCondensed!important\">Surface :<\/span> l&rsquo;\u00e9mail est gris fum\u00e9, rose, prune et brun, blanc, petite part d&rsquo;\u00e9mail lustr\u00e9<\/p>\n<p><span style=\"font-family: AkkoPro-BoldCondensed!important\">Ann\u00e9e de fabrication :<\/span> probablement ann\u00e9es 1930<\/p>\n<p><span style=\"font-family: AkkoPro-BoldCondensed!important\">\u00c9tat :<\/span> perte de mati\u00e8re \u00e0 la base sur environ 4,5 cm et manque partiel d&rsquo;\u00e9mail \u00e0 cet endroit, probablement lors de la fabrication, \u00e9raflures partielles sur l&rsquo;\u00e9mail<\/p>\n<p><span style=\"font-family: AkkoPro-BoldCondensed!important\">Signature\/marque :<\/span> REUSS<\/p>\n<p><span style=\"font-family: AkkoPro-BoldCondensed!important\">D\u00e9tails :<\/span><br \/>\nVase en c\u00e9ramique tourn\u00e9 de l&rsquo;atelier Reuss. Ce vase ici, fabriqu\u00e9 en feu de r\u00e9duction, date probablement des ann\u00e9es 1930 [1]. Gusso (Gustav Otto) Reuss \u00e9tait connu pour ses exp\u00e9riences sur l&rsquo;\u00e9mail visant \u00e0 red\u00e9couvrir notamment les techniques d&rsquo;\u00e9maillage chinoises de l&rsquo;\u00e9poque Sung et de l&rsquo;\u00e9poque Kang Hsi. Gusso Reuss a expos\u00e9 ses c\u00e9ramiques \u00e0 gla\u00e7ure r\u00e9ductrice pour la premi\u00e8re fois en 1927 [2].<\/p>\n<p><em>Notes de bas de page :<\/em><br \/>\n1. Kat.-Nr. 358, in: Kunstgewerbeverein Hamburg e.V. (Hrsg.): Moderne deutsche Keramik, Hamburg 1962, p. 91.<br \/>\n2. Kunstgewerbeverein Hamburg e.V. (Hrsg.): Moderne deutsche Keramik, Hamburg 1962, p. 90.<\/p>\n","protected":false},"excerpt":{"rendered":"<p><span style=\"color: #e2401c;\">&#x25cf;<\/span><span> vendu<\/span><\/p>\n","protected":false},"featured_media":20163,"template":"","meta":[],"product_brand":[],"product_cat":[298],"product_tag":[],"class_list":{"0":"post-20269","1":"product","2":"type-product","3":"status-publish","4":"has-post-thumbnail","6":"product_cat-gusso-reuss","8":"first","9":"outofstock","10":"sold-individually","11":"shipping-taxable","12":"product-type-simple"},"yoast_head":"<!-- This site is optimized with the Yoast SEO plugin v27.4 - https:\/\/yoast.com\/product\/yoast-seo-wordpress\/ -->\n<title>Gusso REUSS - Vase \u00e0 feu de r\u00e9duction - poterie d&#039;atelier<\/title>\n<meta name=\"description\" content=\"Vase en poterie d&#039;atelier \u00e0 feu de r\u00e9duction avec un \u00e9mail gris fum\u00e9 et rose par le c\u00e9ramiste Gusso Reuss avec un atelier en Allemagne.\" \/>\n<meta name=\"robots\" content=\"index, follow, max-snippet:-1, max-image-preview:large, max-video-preview:-1\" \/>\n<link rel=\"canonical\" href=\"https:\/\/www.robertzueblin.com\/fr\/gusso-reuss\/vase-a-feu-de-reduction\/\" \/>\n<meta property=\"og:locale\" content=\"fr_FR\" \/>\n<meta property=\"og:type\" content=\"article\" \/>\n<meta property=\"og:title\" content=\"Gusso REUSS - Vase \u00e0 feu de r\u00e9duction - poterie d&#039;atelier\" \/>\n<meta property=\"og:description\" content=\"Vase en poterie d&#039;atelier \u00e0 feu de r\u00e9duction avec un \u00e9mail gris fum\u00e9 et rose par le c\u00e9ramiste Gusso Reuss avec un atelier en Allemagne.\" \/>\n<meta property=\"og:url\" content=\"https:\/\/www.robertzueblin.com\/fr\/gusso-reuss\/vase-a-feu-de-reduction\/\" \/>\n<meta property=\"og:site_name\" content=\"ROBERT Z\u00dcBLIN\" \/>\n<meta property=\"article:modified_time\" content=\"2024-09-18T08:44:41+00:00\" \/>\n<meta property=\"og:image\" content=\"https:\/\/www.robertzueblin.com\/wp-content\/uploads\/gusso-reuss-ceramique-poterie-de-atelier-vase-reduction-photo-de-couverture.jpg\" \/>\n\t<meta property=\"og:image:width\" content=\"1000\" \/>\n\t<meta property=\"og:image:height\" content=\"1000\" \/>\n\t<meta property=\"og:image:type\" content=\"image\/jpeg\" \/>\n<meta name=\"twitter:card\" content=\"summary_large_image\" \/>\n<script type=\"application\/ld+json\" class=\"yoast-schema-graph\">{\"@context\":\"https:\\\/\\\/schema.org\",\"@graph\":[{\"@type\":\"WebPage\",\"@id\":\"https:\\\/\\\/www.robertzueblin.com\\\/fr\\\/gusso-reuss\\\/vase-a-feu-de-reduction\\\/\",\"url\":\"https:\\\/\\\/www.robertzueblin.com\\\/fr\\\/gusso-reuss\\\/vase-a-feu-de-reduction\\\/\",\"name\":\"Gusso REUSS - Vase \u00e0 feu de r\u00e9duction - poterie d'atelier\",\"isPartOf\":{\"@id\":\"https:\\\/\\\/www.robertzueblin.com\\\/fr\\\/#website\"},\"primaryImageOfPage\":{\"@id\":\"https:\\\/\\\/www.robertzueblin.com\\\/fr\\\/gusso-reuss\\\/vase-a-feu-de-reduction\\\/#primaryimage\"},\"image\":{\"@id\":\"https:\\\/\\\/www.robertzueblin.com\\\/fr\\\/gusso-reuss\\\/vase-a-feu-de-reduction\\\/#primaryimage\"},\"thumbnailUrl\":\"https:\\\/\\\/www.robertzueblin.com\\\/wp-content\\\/uploads\\\/gusso-reuss-ceramique-poterie-de-atelier-vase-reduction-photo-de-couverture.jpg\",\"datePublished\":\"2021-10-09T10:49:17+00:00\",\"dateModified\":\"2024-09-18T08:44:41+00:00\",\"description\":\"Vase en poterie d'atelier \u00e0 feu de r\u00e9duction avec un \u00e9mail gris fum\u00e9 et rose par le c\u00e9ramiste Gusso Reuss avec un atelier en Allemagne.\",\"breadcrumb\":{\"@id\":\"https:\\\/\\\/www.robertzueblin.com\\\/fr\\\/gusso-reuss\\\/vase-a-feu-de-reduction\\\/#breadcrumb\"},\"inLanguage\":\"fr-FR\",\"potentialAction\":[{\"@type\":\"ReadAction\",\"target\":[\"https:\\\/\\\/www.robertzueblin.com\\\/fr\\\/gusso-reuss\\\/vase-a-feu-de-reduction\\\/\"]}]},{\"@type\":\"ImageObject\",\"inLanguage\":\"fr-FR\",\"@id\":\"https:\\\/\\\/www.robertzueblin.com\\\/fr\\\/gusso-reuss\\\/vase-a-feu-de-reduction\\\/#primaryimage\",\"url\":\"https:\\\/\\\/www.robertzueblin.com\\\/wp-content\\\/uploads\\\/gusso-reuss-ceramique-poterie-de-atelier-vase-reduction-photo-de-couverture.jpg\",\"contentUrl\":\"https:\\\/\\\/www.robertzueblin.com\\\/wp-content\\\/uploads\\\/gusso-reuss-ceramique-poterie-de-atelier-vase-reduction-photo-de-couverture.jpg\",\"width\":1000,\"height\":1000},{\"@type\":\"BreadcrumbList\",\"@id\":\"https:\\\/\\\/www.robertzueblin.com\\\/fr\\\/gusso-reuss\\\/vase-a-feu-de-reduction\\\/#breadcrumb\",\"itemListElement\":[{\"@type\":\"ListItem\",\"position\":1,\"name\":\"Startseite\",\"item\":\"https:\\\/\\\/www.robertzueblin.com\\\/fr\\\/\"},{\"@type\":\"ListItem\",\"position\":2,\"name\":\"Galerie d&#8217;art en ligne (boutique en ligne)\",\"item\":\"https:\\\/\\\/www.robertzueblin.com\\\/fr\\\/galerie-d-art-en-ligne\\\/\"},{\"@type\":\"ListItem\",\"position\":3,\"name\":\"Gusso REUSS (* 1885, \u2020 1962) &#8211; Vase \u00e0 feu de r\u00e9duction &#8211; poterie d&#8217;atelier\"}]},{\"@type\":\"WebSite\",\"@id\":\"https:\\\/\\\/www.robertzueblin.com\\\/fr\\\/#website\",\"url\":\"https:\\\/\\\/www.robertzueblin.com\\\/fr\\\/\",\"name\":\"ROBERT Z\u00dcBLIN\",\"description\":\"\",\"publisher\":{\"@id\":\"https:\\\/\\\/www.robertzueblin.com\\\/fr\\\/#organization\"},\"potentialAction\":[{\"@type\":\"SearchAction\",\"target\":{\"@type\":\"EntryPoint\",\"urlTemplate\":\"https:\\\/\\\/www.robertzueblin.com\\\/fr\\\/?s={search_term_string}\"},\"query-input\":{\"@type\":\"PropertyValueSpecification\",\"valueRequired\":true,\"valueName\":\"search_term_string\"}}],\"inLanguage\":\"fr-FR\"},{\"@type\":\"Organization\",\"@id\":\"https:\\\/\\\/www.robertzueblin.com\\\/fr\\\/#organization\",\"name\":\"ROBERT Z\u00dcBLIN\",\"url\":\"https:\\\/\\\/www.robertzueblin.com\\\/fr\\\/\",\"logo\":{\"@type\":\"ImageObject\",\"inLanguage\":\"fr-FR\",\"@id\":\"https:\\\/\\\/www.robertzueblin.com\\\/fr\\\/#\\\/schema\\\/logo\\\/image\\\/\",\"url\":\"https:\\\/\\\/www.robertzueblin.com\\\/wp-content\\\/uploads\\\/cropped-cropped-logo-von-robert-zueblin.jpg\",\"contentUrl\":\"https:\\\/\\\/www.robertzueblin.com\\\/wp-content\\\/uploads\\\/cropped-cropped-logo-von-robert-zueblin.jpg\",\"width\":440,\"height\":60,\"caption\":\"ROBERT Z\u00dcBLIN\"},\"image\":{\"@id\":\"https:\\\/\\\/www.robertzueblin.com\\\/fr\\\/#\\\/schema\\\/logo\\\/image\\\/\"}}]}<\/script>\n<!-- \/ Yoast SEO plugin. -->","yoast_head_json":{"title":"Gusso REUSS - Vase \u00e0 feu de r\u00e9duction - poterie d'atelier","description":"Vase en poterie d'atelier \u00e0 feu de r\u00e9duction avec un \u00e9mail gris fum\u00e9 et rose par le c\u00e9ramiste Gusso Reuss avec un atelier en Allemagne.","robots":{"index":"index","follow":"follow","max-snippet":"max-snippet:-1","max-image-preview":"max-image-preview:large","max-video-preview":"max-video-preview:-1"},"canonical":"https:\/\/www.robertzueblin.com\/fr\/gusso-reuss\/vase-a-feu-de-reduction\/","og_locale":"fr_FR","og_type":"article","og_title":"Gusso REUSS - Vase \u00e0 feu de r\u00e9duction - poterie d'atelier","og_description":"Vase en poterie d'atelier \u00e0 feu de r\u00e9duction avec un \u00e9mail gris fum\u00e9 et rose par le c\u00e9ramiste Gusso Reuss avec un atelier en Allemagne.","og_url":"https:\/\/www.robertzueblin.com\/fr\/gusso-reuss\/vase-a-feu-de-reduction\/","og_site_name":"ROBERT Z\u00dcBLIN","article_modified_time":"2024-09-18T08:44:41+00:00","og_image":[{"width":1000,"height":1000,"url":"https:\/\/www.robertzueblin.com\/wp-content\/uploads\/gusso-reuss-ceramique-poterie-de-atelier-vase-reduction-photo-de-couverture.jpg","type":"image\/jpeg"}],"twitter_card":"summary_large_image","schema":{"@context":"https:\/\/schema.org","@graph":[{"@type":"WebPage","@id":"https:\/\/www.robertzueblin.com\/fr\/gusso-reuss\/vase-a-feu-de-reduction\/","url":"https:\/\/www.robertzueblin.com\/fr\/gusso-reuss\/vase-a-feu-de-reduction\/","name":"Gusso REUSS - Vase \u00e0 feu de r\u00e9duction - poterie d'atelier","isPartOf":{"@id":"https:\/\/www.robertzueblin.com\/fr\/#website"},"primaryImageOfPage":{"@id":"https:\/\/www.robertzueblin.com\/fr\/gusso-reuss\/vase-a-feu-de-reduction\/#primaryimage"},"image":{"@id":"https:\/\/www.robertzueblin.com\/fr\/gusso-reuss\/vase-a-feu-de-reduction\/#primaryimage"},"thumbnailUrl":"https:\/\/www.robertzueblin.com\/wp-content\/uploads\/gusso-reuss-ceramique-poterie-de-atelier-vase-reduction-photo-de-couverture.jpg","datePublished":"2021-10-09T10:49:17+00:00","dateModified":"2024-09-18T08:44:41+00:00","description":"Vase en poterie d'atelier \u00e0 feu de r\u00e9duction avec un \u00e9mail gris fum\u00e9 et rose par le c\u00e9ramiste Gusso Reuss avec un atelier en Allemagne.","breadcrumb":{"@id":"https:\/\/www.robertzueblin.com\/fr\/gusso-reuss\/vase-a-feu-de-reduction\/#breadcrumb"},"inLanguage":"fr-FR","potentialAction":[{"@type":"ReadAction","target":["https:\/\/www.robertzueblin.com\/fr\/gusso-reuss\/vase-a-feu-de-reduction\/"]}]},{"@type":"ImageObject","inLanguage":"fr-FR","@id":"https:\/\/www.robertzueblin.com\/fr\/gusso-reuss\/vase-a-feu-de-reduction\/#primaryimage","url":"https:\/\/www.robertzueblin.com\/wp-content\/uploads\/gusso-reuss-ceramique-poterie-de-atelier-vase-reduction-photo-de-couverture.jpg","contentUrl":"https:\/\/www.robertzueblin.com\/wp-content\/uploads\/gusso-reuss-ceramique-poterie-de-atelier-vase-reduction-photo-de-couverture.jpg","width":1000,"height":1000},{"@type":"BreadcrumbList","@id":"https:\/\/www.robertzueblin.com\/fr\/gusso-reuss\/vase-a-feu-de-reduction\/#breadcrumb","itemListElement":[{"@type":"ListItem","position":1,"name":"Startseite","item":"https:\/\/www.robertzueblin.com\/fr\/"},{"@type":"ListItem","position":2,"name":"Galerie d&#8217;art en ligne (boutique en ligne)","item":"https:\/\/www.robertzueblin.com\/fr\/galerie-d-art-en-ligne\/"},{"@type":"ListItem","position":3,"name":"Gusso REUSS (* 1885, \u2020 1962) &#8211; Vase \u00e0 feu de r\u00e9duction &#8211; poterie d&#8217;atelier"}]},{"@type":"WebSite","@id":"https:\/\/www.robertzueblin.com\/fr\/#website","url":"https:\/\/www.robertzueblin.com\/fr\/","name":"ROBERT Z\u00dcBLIN","description":"","publisher":{"@id":"https:\/\/www.robertzueblin.com\/fr\/#organization"},"potentialAction":[{"@type":"SearchAction","target":{"@type":"EntryPoint","urlTemplate":"https:\/\/www.robertzueblin.com\/fr\/?s={search_term_string}"},"query-input":{"@type":"PropertyValueSpecification","valueRequired":true,"valueName":"search_term_string"}}],"inLanguage":"fr-FR"},{"@type":"Organization","@id":"https:\/\/www.robertzueblin.com\/fr\/#organization","name":"ROBERT Z\u00dcBLIN","url":"https:\/\/www.robertzueblin.com\/fr\/","logo":{"@type":"ImageObject","inLanguage":"fr-FR","@id":"https:\/\/www.robertzueblin.com\/fr\/#\/schema\/logo\/image\/","url":"https:\/\/www.robertzueblin.com\/wp-content\/uploads\/cropped-cropped-logo-von-robert-zueblin.jpg","contentUrl":"https:\/\/www.robertzueblin.com\/wp-content\/uploads\/cropped-cropped-logo-von-robert-zueblin.jpg","width":440,"height":60,"caption":"ROBERT Z\u00dcBLIN"},"image":{"@id":"https:\/\/www.robertzueblin.com\/fr\/#\/schema\/logo\/image\/"}}]}},"_links":{"self":[{"href":"https:\/\/www.robertzueblin.com\/fr\/wp-json\/wp\/v2\/product\/20269","targetHints":{"allow":["GET"]}}],"collection":[{"href":"https:\/\/www.robertzueblin.com\/fr\/wp-json\/wp\/v2\/product"}],"about":[{"href":"https:\/\/www.robertzueblin.com\/fr\/wp-json\/wp\/v2\/types\/product"}],"wp:featuredmedia":[{"embeddable":true,"href":"https:\/\/www.robertzueblin.com\/fr\/wp-json\/wp\/v2\/media\/20163"}],"wp:attachment":[{"href":"https:\/\/www.robertzueblin.com\/fr\/wp-json\/wp\/v2\/media?parent=20269"}],"wp:term":[{"taxonomy":"product_brand","embeddable":true,"href":"https:\/\/www.robertzueblin.com\/fr\/wp-json\/wp\/v2\/product_brand?post=20269"},{"taxonomy":"product_cat","embeddable":true,"href":"https:\/\/www.robertzueblin.com\/fr\/wp-json\/wp\/v2\/product_cat?post=20269"},{"taxonomy":"product_tag","embeddable":true,"href":"https:\/\/www.robertzueblin.com\/fr\/wp-json\/wp\/v2\/product_tag?post=20269"}],"curies":[{"name":"wp","href":"https:\/\/api.w.org\/{rel}","templated":true}]}}