{"id":20231,"date":"2022-01-24T11:42:36","date_gmt":"2022-01-24T10:42:36","guid":{"rendered":"https:\/\/www.robertzueblin.com\/?post_type=product&#038;p=20231"},"modified":"2025-12-20T15:58:57","modified_gmt":"2025-12-20T14:58:57","slug":"louis-dage-1885-%e2%80%a0-1963-vase-avec-glacure-de-la-piste-des-vers","status":"publish","type":"product","link":"https:\/\/www.robertzueblin.com\/fr\/louis-dage\/vase-avec-glacure-de-la-piste-des-vers\/","title":{"rendered":"Louis DAGE (* 1885, \u2020 1961) &#8211; Vase avec gla\u00e7ure de la piste des vers &#8211; poterie d&rsquo;atelier"},"content":{"rendered":"<p><span style=\"font-family: AkkoPro-BoldCondensed!important\">Type :<\/span> <a href=\"\/?post_format=poterie-d-atelier-ceramique-de-studio\">poterie d&rsquo;atelier<\/a><\/p>\n<p><span style=\"font-family: AkkoPro-BoldCondensed!important\">\u00c9bauche :<\/span> Louis-Auguste Dage (* 1885, \u2020 1961)<\/p>\n<p><span style=\"font-family: AkkoPro-BoldCondensed!important\">R\u00e9alisation :<\/span> Louis-Auguste Dage (* 1885, \u2020 1961)<\/p>\n<p><span style=\"font-family: AkkoPro-BoldCondensed!important\">Objet :<\/span> vase<\/p>\n<p><span style=\"font-family: AkkoPro-BoldCondensed!important\">Dimensions :<\/span> hauteur : 20,5 cm, diam\u00e8tre : 11,5 cm<\/p>\n<p><span style=\"font-family: AkkoPro-BoldCondensed!important\">Tesson :<\/span> brun<\/p>\n<p><span style=\"font-family: AkkoPro-BoldCondensed!important\">Surface :<\/span> brune, jaune et bleue<\/p>\n<p><span style=\"font-family: AkkoPro-BoldCondensed!important\">Ann\u00e9e de fabrication :<\/span> vers 1930<\/p>\n<p><span style=\"font-family: AkkoPro-BoldCondensed!important\">\u00c9tat :<\/span> non endommag\u00e9<\/p>\n<p><span style=\"font-family: AkkoPro-BoldCondensed!important\">Signature\/marque :<\/span> L.DAGE<\/p>\n","protected":false},"excerpt":{"rendered":"<p>Type : poterie d&rsquo;atelier \u00c9bauche : Louis-Auguste Dage (* 1885, \u2020 1961) R\u00e9alisation : Louis-Auguste Dage (* 1885, \u2020 1961) Objet : vase Dimensions : hauteur : 20,5 cm, diam\u00e8tre : 11,5 cm Tesson : brun Surface : brune, jaune et bleue Ann\u00e9e de fabrication : vers 1930 \u00c9tat : non endommag\u00e9 Signature\/marque : L.DAGE<\/p>\n","protected":false},"featured_media":20079,"template":"","meta":[],"product_brand":[],"product_cat":[308],"product_tag":[],"class_list":{"0":"post-20231","1":"product","2":"type-product","3":"status-publish","4":"has-post-thumbnail","6":"product_cat-louis-dage","8":"first","9":"instock","10":"sold-individually","11":"shipping-taxable","12":"purchasable","13":"product-type-simple"},"yoast_head":"<!-- This site is optimized with the Yoast SEO plugin v27.4 - https:\/\/yoast.com\/product\/yoast-seo-wordpress\/ -->\n<title>Louis DAGE - Vase avec gla\u00e7ure de la piste des vers<\/title>\n<meta name=\"description\" content=\"Vase en poterie d&#039;atelier avec gla\u00e7ure de la piste des vers en brun, jaune et bleu du sculpteur et c\u00e9ramiste fran\u00e7ais Louis Dage, produit vers 1930.\" \/>\n<meta name=\"robots\" content=\"index, follow, max-snippet:-1, max-image-preview:large, max-video-preview:-1\" \/>\n<link rel=\"canonical\" href=\"https:\/\/www.robertzueblin.com\/fr\/louis-dage\/vase-avec-glacure-de-la-piste-des-vers\/\" \/>\n<meta property=\"og:locale\" content=\"fr_FR\" \/>\n<meta property=\"og:type\" content=\"article\" \/>\n<meta property=\"og:title\" content=\"Louis DAGE - Vase avec gla\u00e7ure de la piste des vers\" \/>\n<meta property=\"og:description\" content=\"Vase en poterie d&#039;atelier avec gla\u00e7ure de la piste des vers en brun, jaune et bleu du sculpteur et c\u00e9ramiste fran\u00e7ais Louis Dage, produit vers 1930.\" \/>\n<meta property=\"og:url\" content=\"https:\/\/www.robertzueblin.com\/fr\/louis-dage\/vase-avec-glacure-de-la-piste-des-vers\/\" \/>\n<meta property=\"og:site_name\" content=\"ROBERT Z\u00dcBLIN\" \/>\n<meta property=\"article:modified_time\" content=\"2025-12-20T14:58:57+00:00\" \/>\n<meta property=\"og:image\" content=\"https:\/\/www.robertzueblin.com\/wp-content\/uploads\/louis-auguste-dage-ceramique-poterie-d-atelier-vase-glacure-piste-des-vers-photo-de-couverture.jpg\" \/>\n\t<meta property=\"og:image:width\" content=\"1000\" \/>\n\t<meta property=\"og:image:height\" content=\"1000\" \/>\n\t<meta property=\"og:image:type\" content=\"image\/jpeg\" \/>\n<meta name=\"twitter:card\" content=\"summary_large_image\" \/>\n<script type=\"application\/ld+json\" class=\"yoast-schema-graph\">{\"@context\":\"https:\\\/\\\/schema.org\",\"@graph\":[{\"@type\":\"WebPage\",\"@id\":\"https:\\\/\\\/www.robertzueblin.com\\\/fr\\\/louis-dage\\\/vase-avec-glacure-de-la-piste-des-vers\\\/\",\"url\":\"https:\\\/\\\/www.robertzueblin.com\\\/fr\\\/louis-dage\\\/vase-avec-glacure-de-la-piste-des-vers\\\/\",\"name\":\"Louis DAGE - Vase avec gla\u00e7ure de la piste des vers\",\"isPartOf\":{\"@id\":\"https:\\\/\\\/www.robertzueblin.com\\\/fr\\\/#website\"},\"primaryImageOfPage\":{\"@id\":\"https:\\\/\\\/www.robertzueblin.com\\\/fr\\\/louis-dage\\\/vase-avec-glacure-de-la-piste-des-vers\\\/#primaryimage\"},\"image\":{\"@id\":\"https:\\\/\\\/www.robertzueblin.com\\\/fr\\\/louis-dage\\\/vase-avec-glacure-de-la-piste-des-vers\\\/#primaryimage\"},\"thumbnailUrl\":\"https:\\\/\\\/www.robertzueblin.com\\\/wp-content\\\/uploads\\\/louis-auguste-dage-ceramique-poterie-d-atelier-vase-glacure-piste-des-vers-photo-de-couverture.jpg\",\"datePublished\":\"2022-01-24T10:42:36+00:00\",\"dateModified\":\"2025-12-20T14:58:57+00:00\",\"description\":\"Vase en poterie d'atelier avec gla\u00e7ure de la piste des vers en brun, jaune et bleu du sculpteur et c\u00e9ramiste fran\u00e7ais Louis Dage, produit vers 1930.\",\"breadcrumb\":{\"@id\":\"https:\\\/\\\/www.robertzueblin.com\\\/fr\\\/louis-dage\\\/vase-avec-glacure-de-la-piste-des-vers\\\/#breadcrumb\"},\"inLanguage\":\"fr-FR\",\"potentialAction\":[{\"@type\":\"ReadAction\",\"target\":[\"https:\\\/\\\/www.robertzueblin.com\\\/fr\\\/louis-dage\\\/vase-avec-glacure-de-la-piste-des-vers\\\/\"]}]},{\"@type\":\"ImageObject\",\"inLanguage\":\"fr-FR\",\"@id\":\"https:\\\/\\\/www.robertzueblin.com\\\/fr\\\/louis-dage\\\/vase-avec-glacure-de-la-piste-des-vers\\\/#primaryimage\",\"url\":\"https:\\\/\\\/www.robertzueblin.com\\\/wp-content\\\/uploads\\\/louis-auguste-dage-ceramique-poterie-d-atelier-vase-glacure-piste-des-vers-photo-de-couverture.jpg\",\"contentUrl\":\"https:\\\/\\\/www.robertzueblin.com\\\/wp-content\\\/uploads\\\/louis-auguste-dage-ceramique-poterie-d-atelier-vase-glacure-piste-des-vers-photo-de-couverture.jpg\",\"width\":1000,\"height\":1000},{\"@type\":\"BreadcrumbList\",\"@id\":\"https:\\\/\\\/www.robertzueblin.com\\\/fr\\\/louis-dage\\\/vase-avec-glacure-de-la-piste-des-vers\\\/#breadcrumb\",\"itemListElement\":[{\"@type\":\"ListItem\",\"position\":1,\"name\":\"Startseite\",\"item\":\"https:\\\/\\\/www.robertzueblin.com\\\/fr\\\/\"},{\"@type\":\"ListItem\",\"position\":2,\"name\":\"Galerie d&#8217;art en ligne (boutique en ligne)\",\"item\":\"https:\\\/\\\/www.robertzueblin.com\\\/fr\\\/galerie-d-art-en-ligne\\\/\"},{\"@type\":\"ListItem\",\"position\":3,\"name\":\"Louis DAGE (* 1885, \u2020 1961) &#8211; Vase avec gla\u00e7ure de la piste des vers &#8211; poterie d&#8217;atelier\"}]},{\"@type\":\"WebSite\",\"@id\":\"https:\\\/\\\/www.robertzueblin.com\\\/fr\\\/#website\",\"url\":\"https:\\\/\\\/www.robertzueblin.com\\\/fr\\\/\",\"name\":\"ROBERT Z\u00dcBLIN\",\"description\":\"\",\"publisher\":{\"@id\":\"https:\\\/\\\/www.robertzueblin.com\\\/fr\\\/#organization\"},\"potentialAction\":[{\"@type\":\"SearchAction\",\"target\":{\"@type\":\"EntryPoint\",\"urlTemplate\":\"https:\\\/\\\/www.robertzueblin.com\\\/fr\\\/?s={search_term_string}\"},\"query-input\":{\"@type\":\"PropertyValueSpecification\",\"valueRequired\":true,\"valueName\":\"search_term_string\"}}],\"inLanguage\":\"fr-FR\"},{\"@type\":\"Organization\",\"@id\":\"https:\\\/\\\/www.robertzueblin.com\\\/fr\\\/#organization\",\"name\":\"ROBERT Z\u00dcBLIN\",\"url\":\"https:\\\/\\\/www.robertzueblin.com\\\/fr\\\/\",\"logo\":{\"@type\":\"ImageObject\",\"inLanguage\":\"fr-FR\",\"@id\":\"https:\\\/\\\/www.robertzueblin.com\\\/fr\\\/#\\\/schema\\\/logo\\\/image\\\/\",\"url\":\"https:\\\/\\\/www.robertzueblin.com\\\/wp-content\\\/uploads\\\/cropped-cropped-logo-von-robert-zueblin.jpg\",\"contentUrl\":\"https:\\\/\\\/www.robertzueblin.com\\\/wp-content\\\/uploads\\\/cropped-cropped-logo-von-robert-zueblin.jpg\",\"width\":440,\"height\":60,\"caption\":\"ROBERT Z\u00dcBLIN\"},\"image\":{\"@id\":\"https:\\\/\\\/www.robertzueblin.com\\\/fr\\\/#\\\/schema\\\/logo\\\/image\\\/\"}}]}<\/script>\n<!-- \/ Yoast SEO plugin. -->","yoast_head_json":{"title":"Louis DAGE - Vase avec gla\u00e7ure de la piste des vers","description":"Vase en poterie d'atelier avec gla\u00e7ure de la piste des vers en brun, jaune et bleu du sculpteur et c\u00e9ramiste fran\u00e7ais Louis Dage, produit vers 1930.","robots":{"index":"index","follow":"follow","max-snippet":"max-snippet:-1","max-image-preview":"max-image-preview:large","max-video-preview":"max-video-preview:-1"},"canonical":"https:\/\/www.robertzueblin.com\/fr\/louis-dage\/vase-avec-glacure-de-la-piste-des-vers\/","og_locale":"fr_FR","og_type":"article","og_title":"Louis DAGE - Vase avec gla\u00e7ure de la piste des vers","og_description":"Vase en poterie d'atelier avec gla\u00e7ure de la piste des vers en brun, jaune et bleu du sculpteur et c\u00e9ramiste fran\u00e7ais Louis Dage, produit vers 1930.","og_url":"https:\/\/www.robertzueblin.com\/fr\/louis-dage\/vase-avec-glacure-de-la-piste-des-vers\/","og_site_name":"ROBERT Z\u00dcBLIN","article_modified_time":"2025-12-20T14:58:57+00:00","og_image":[{"width":1000,"height":1000,"url":"https:\/\/www.robertzueblin.com\/wp-content\/uploads\/louis-auguste-dage-ceramique-poterie-d-atelier-vase-glacure-piste-des-vers-photo-de-couverture.jpg","type":"image\/jpeg"}],"twitter_card":"summary_large_image","schema":{"@context":"https:\/\/schema.org","@graph":[{"@type":"WebPage","@id":"https:\/\/www.robertzueblin.com\/fr\/louis-dage\/vase-avec-glacure-de-la-piste-des-vers\/","url":"https:\/\/www.robertzueblin.com\/fr\/louis-dage\/vase-avec-glacure-de-la-piste-des-vers\/","name":"Louis DAGE - Vase avec gla\u00e7ure de la piste des vers","isPartOf":{"@id":"https:\/\/www.robertzueblin.com\/fr\/#website"},"primaryImageOfPage":{"@id":"https:\/\/www.robertzueblin.com\/fr\/louis-dage\/vase-avec-glacure-de-la-piste-des-vers\/#primaryimage"},"image":{"@id":"https:\/\/www.robertzueblin.com\/fr\/louis-dage\/vase-avec-glacure-de-la-piste-des-vers\/#primaryimage"},"thumbnailUrl":"https:\/\/www.robertzueblin.com\/wp-content\/uploads\/louis-auguste-dage-ceramique-poterie-d-atelier-vase-glacure-piste-des-vers-photo-de-couverture.jpg","datePublished":"2022-01-24T10:42:36+00:00","dateModified":"2025-12-20T14:58:57+00:00","description":"Vase en poterie d'atelier avec gla\u00e7ure de la piste des vers en brun, jaune et bleu du sculpteur et c\u00e9ramiste fran\u00e7ais Louis Dage, produit vers 1930.","breadcrumb":{"@id":"https:\/\/www.robertzueblin.com\/fr\/louis-dage\/vase-avec-glacure-de-la-piste-des-vers\/#breadcrumb"},"inLanguage":"fr-FR","potentialAction":[{"@type":"ReadAction","target":["https:\/\/www.robertzueblin.com\/fr\/louis-dage\/vase-avec-glacure-de-la-piste-des-vers\/"]}]},{"@type":"ImageObject","inLanguage":"fr-FR","@id":"https:\/\/www.robertzueblin.com\/fr\/louis-dage\/vase-avec-glacure-de-la-piste-des-vers\/#primaryimage","url":"https:\/\/www.robertzueblin.com\/wp-content\/uploads\/louis-auguste-dage-ceramique-poterie-d-atelier-vase-glacure-piste-des-vers-photo-de-couverture.jpg","contentUrl":"https:\/\/www.robertzueblin.com\/wp-content\/uploads\/louis-auguste-dage-ceramique-poterie-d-atelier-vase-glacure-piste-des-vers-photo-de-couverture.jpg","width":1000,"height":1000},{"@type":"BreadcrumbList","@id":"https:\/\/www.robertzueblin.com\/fr\/louis-dage\/vase-avec-glacure-de-la-piste-des-vers\/#breadcrumb","itemListElement":[{"@type":"ListItem","position":1,"name":"Startseite","item":"https:\/\/www.robertzueblin.com\/fr\/"},{"@type":"ListItem","position":2,"name":"Galerie d&#8217;art en ligne (boutique en ligne)","item":"https:\/\/www.robertzueblin.com\/fr\/galerie-d-art-en-ligne\/"},{"@type":"ListItem","position":3,"name":"Louis DAGE (* 1885, \u2020 1961) &#8211; Vase avec gla\u00e7ure de la piste des vers &#8211; poterie d&#8217;atelier"}]},{"@type":"WebSite","@id":"https:\/\/www.robertzueblin.com\/fr\/#website","url":"https:\/\/www.robertzueblin.com\/fr\/","name":"ROBERT Z\u00dcBLIN","description":"","publisher":{"@id":"https:\/\/www.robertzueblin.com\/fr\/#organization"},"potentialAction":[{"@type":"SearchAction","target":{"@type":"EntryPoint","urlTemplate":"https:\/\/www.robertzueblin.com\/fr\/?s={search_term_string}"},"query-input":{"@type":"PropertyValueSpecification","valueRequired":true,"valueName":"search_term_string"}}],"inLanguage":"fr-FR"},{"@type":"Organization","@id":"https:\/\/www.robertzueblin.com\/fr\/#organization","name":"ROBERT Z\u00dcBLIN","url":"https:\/\/www.robertzueblin.com\/fr\/","logo":{"@type":"ImageObject","inLanguage":"fr-FR","@id":"https:\/\/www.robertzueblin.com\/fr\/#\/schema\/logo\/image\/","url":"https:\/\/www.robertzueblin.com\/wp-content\/uploads\/cropped-cropped-logo-von-robert-zueblin.jpg","contentUrl":"https:\/\/www.robertzueblin.com\/wp-content\/uploads\/cropped-cropped-logo-von-robert-zueblin.jpg","width":440,"height":60,"caption":"ROBERT Z\u00dcBLIN"},"image":{"@id":"https:\/\/www.robertzueblin.com\/fr\/#\/schema\/logo\/image\/"}}]}},"_links":{"self":[{"href":"https:\/\/www.robertzueblin.com\/fr\/wp-json\/wp\/v2\/product\/20231","targetHints":{"allow":["GET"]}}],"collection":[{"href":"https:\/\/www.robertzueblin.com\/fr\/wp-json\/wp\/v2\/product"}],"about":[{"href":"https:\/\/www.robertzueblin.com\/fr\/wp-json\/wp\/v2\/types\/product"}],"wp:featuredmedia":[{"embeddable":true,"href":"https:\/\/www.robertzueblin.com\/fr\/wp-json\/wp\/v2\/media\/20079"}],"wp:attachment":[{"href":"https:\/\/www.robertzueblin.com\/fr\/wp-json\/wp\/v2\/media?parent=20231"}],"wp:term":[{"taxonomy":"product_brand","embeddable":true,"href":"https:\/\/www.robertzueblin.com\/fr\/wp-json\/wp\/v2\/product_brand?post=20231"},{"taxonomy":"product_cat","embeddable":true,"href":"https:\/\/www.robertzueblin.com\/fr\/wp-json\/wp\/v2\/product_cat?post=20231"},{"taxonomy":"product_tag","embeddable":true,"href":"https:\/\/www.robertzueblin.com\/fr\/wp-json\/wp\/v2\/product_tag?post=20231"}],"curies":[{"name":"wp","href":"https:\/\/api.w.org\/{rel}","templated":true}]}}