{"id":33852,"date":"2023-10-26T21:23:55","date_gmt":"2023-10-26T19:23:55","guid":{"rendered":"https:\/\/www.robertzueblin.com\/?page_id=33852"},"modified":"2023-10-26T21:29:08","modified_gmt":"2023-10-26T19:29:08","slug":"glossaire-kintsugi","status":"publish","type":"page","link":"https:\/\/www.robertzueblin.com\/fr\/kintsugi\/glossaire-kintsugi\/","title":{"rendered":"Glossaire Kintsugi"},"content":{"rendered":"<p><strong>Vous trouverez ici un glossaire expliquant les termes qui apparaissent en rapport avec le kintsugi. En effet, le kintsugi est originaire du Japon, ce qui explique que presque tous les termes qui apparaissent en rapport avec le kintsugi proviennent du japonais. En fait, le glossaire Kintsugi est une sorte de dictionnaire Kintsugi, car \u00e0 c\u00f4t\u00e9 de chaque terme se trouve une explication de la signification de ce terme <a href=\"https:\/\/www.robertzueblin.com\/fr\/kintsugi\/\">Kintsugi<\/a>.<\/strong><\/p>\n<figure style=\"width:300px;height:auto\"><img decoding=\"async\" alt=\"Les d\u00e9fauts de la c\u00e9ramique peuvent \u00eatre r\u00e9par\u00e9s avec la m\u00e9thode Kintsugi ou Gintsugi, deux termes Kintsugi expliqu\u00e9s dans le glossaire Kintsugi.\" src=\"https:\/\/www.robertzueblin.com\/wp-content\/uploads\/auguste-papendieck-ceramique-poterie-d-atelier-vase-detail-2-300x300.jpg\" \/><figcaption><strong>Puce en c\u00e9ramique pouvant \u00eatre r\u00e9par\u00e9e avec Kintsugi<\/strong><br \/>\n<span style=\"font-size: 0.8em\">Photo: Robert Z\u00fcblin<\/span><\/figcaption><\/figure>\n<div>&nbsp;<\/div>\n<div>&nbsp;<\/div>\n<h2>Glossaire Kintsugi<\/h2>\n\n<table id=\"tablepress-19\" class=\"tablepress tablepress-id-19 tablepress-responsive\">\n<thead>\n<tr class=\"row-1\">\n\t<th class=\"column-1\">TERME<\/th><th class=\"column-2\">EXPLICATION<\/th>\n<\/tr>\n<\/thead>\n<tbody class=\"row-striping\">\n<tr class=\"row-2\">\n\t<td class=\"column-1\"><strong>Laque de noix de cajou<\/strong><\/td><td class=\"column-2\">Vernis synth\u00e9tique \u00e0 base de ph\u00e9nol pour faire des kintsugi<\/td>\n<\/tr>\n<tr class=\"row-3\">\n\t<td class=\"column-1\"><strong>chijimu<\/strong><\/td><td class=\"column-2\">r\u00e9tr\u00e9cir, se contracter ; dans le contexte des travaux d'urushi, il s'agit du ph\u00e9nom\u00e8ne par lequel la laque urushi appliqu\u00e9e forme des plis en s\u00e9chant, ce qui peut se produire si la laque a \u00e9t\u00e9 appliqu\u00e9e en couche trop \u00e9paisse et\/ou si l'humidit\u00e9 de l'air est trop \u00e9lev\u00e9e et\/ou si la laque s\u00e8che trop vite.<\/td>\n<\/tr>\n<tr class=\"row-4\">\n\t<td class=\"column-1\"><strong>Furo<\/strong><\/td><td class=\"column-2\">Bo\u00eete de durcissement qui sert \u00e0 ce que la laque Urushi puisse durcir sur l'objet en question dans des conditions d'humidit\u00e9 et de temp\u00e9rature suffisantes.<\/td>\n<\/tr>\n<tr class=\"row-5\">\n\t<td class=\"column-1\"><strong>Gintsugi<\/strong><\/td><td class=\"column-2\">R\u00e9paration de la laque argent\u00e9e, dans laquelle une poudre d'argent est saupoudr\u00e9e sur la laque urusil semi-s\u00e8che au lieu de la poudre d'or.<\/td>\n<\/tr>\n<tr class=\"row-6\">\n\t<td class=\"column-1\"><strong>hon-urushi\/honurushi<\/strong><\/td><td class=\"column-2\">v\u00e9ritable laque Urushi, laque brute, laque de base<\/td>\n<\/tr>\n<tr class=\"row-7\">\n\t<td class=\"column-1\"><strong>Jinoko<\/strong><\/td><td class=\"column-2\">Le jinoko est une poudre broy\u00e9e de terre de diatom\u00e9e br\u00fbl\u00e9e ; par rapport au tonoko, le jinoko pr\u00e9sente une granulom\u00e9trie plus grossi\u00e8re.<\/td>\n<\/tr>\n<tr class=\"row-8\">\n\t<td class=\"column-1\"><strong>Jozuri<\/strong><\/td><td class=\"column-2\">Laque de finition utilis\u00e9e lors de l'utilisation de m\u00e9taux gradu\u00e9s<\/td>\n<\/tr>\n<tr class=\"row-9\">\n\t<td class=\"column-1\"><strong>Kinoko<\/strong><\/td><td class=\"column-2\">farine de bois fine\/sciure de bois fine<\/td>\n<\/tr>\n<tr class=\"row-10\">\n\t<td class=\"column-1\"><strong>Kintsugi<\/strong><\/td><td class=\"column-2\">R\u00e9paration de la laque dor\u00e9e, qui consiste \u00e0 saupoudrer de la poudre d'or sur la laque urusil semi-s\u00e8che.<\/td>\n<\/tr>\n<tr class=\"row-11\">\n\t<td class=\"column-1\"><strong>Ki-Urushi\/kiurushi<\/strong><\/td><td class=\"column-2\">v\u00e9ritable laque Urushi, laque brute, laque de base<\/td>\n<\/tr>\n<tr class=\"row-12\">\n\t<td class=\"column-1\"><strong>Kokuso<\/strong><\/td><td class=\"column-2\">Masse pour restaurer ou remplacer des lacunes importantes (\u00e0 partir d'environ 3 mm) ; les recettes varient : 1\u00e8re variante : mugi-urushi, tonoko et farine de bois, 2\u00e8me variante : mugi-urushi et farine de bois, 3\u00e8me variante : sabi-urushi et farine de bois.<\/td>\n<\/tr>\n<tr class=\"row-13\">\n\t<td class=\"column-1\"><strong>Mawata<\/strong><\/td><td class=\"column-2\">Ouate de soie<\/td>\n<\/tr>\n<tr class=\"row-14\">\n\t<td class=\"column-1\"><strong>Mugi-urushi\/mugiurushi<\/strong><\/td><td class=\"column-2\">M\u00e9lange de mugi (farine de bl\u00e9) et de laque urushi (laque de l'arbre \u00e0 laque) pour coller les pi\u00e8ces en c\u00e9ramique entre elles<\/td>\n<\/tr>\n<tr class=\"row-15\">\n\t<td class=\"column-1\"><strong>Muro<\/strong><\/td><td class=\"column-2\">Bo\u00eete de durcissement qui sert \u00e0 ce que la laque Urushi puisse durcir sur l'objet en question dans des conditions d'humidit\u00e9 et de temp\u00e9rature suffisantes.<\/td>\n<\/tr>\n<tr class=\"row-16\">\n\t<td class=\"column-1\"><strong>Roiro-Urushi<\/strong><\/td><td class=\"column-2\">Laque noire urushi, utilis\u00e9e pour les pi\u00e8ces raku noires et\/ou pour saupoudrer de la poudre d'argent<\/td>\n<\/tr>\n<tr class=\"row-17\">\n\t<td class=\"column-1\"><strong>Sabi Urushi<\/strong><\/td><td class=\"column-2\">M\u00e9lange de jinoko ou tonoko, d'eau et de laque urushi (laque de l'arbre \u00e0 laque) pour combler les petites imperfections (espaces et chips jusqu'\u00e0 environ 3 mm) ; m\u00e9langer d'abord l'eau et le jinoko\/tonoko, puis m\u00e9langer ce m\u00e9lange avec la laque urushi, sinon la masse n'aura pas de plasticit\u00e9.<\/td>\n<\/tr>\n<tr class=\"row-18\">\n\t<td class=\"column-1\"><strong> Seshime urushi<\/strong><\/td><td class=\"column-2\">Anciennement laque de branches, obtenue \u00e0 partir de fines branches d'arbres \u00e0 laque ; aujourd'hui synonyme de ki-urushi\/kiurushi et hon-urushi\/honurushi<\/td>\n<\/tr>\n<tr class=\"row-19\">\n\t<td class=\"column-1\"><strong>Shinurushi<\/strong><\/td><td class=\"column-2\">Vernis synth\u00e9tique pour faire des kintsugi<\/td>\n<\/tr>\n<tr class=\"row-20\">\n\t<td class=\"column-1\"><strong>Tonoko<\/strong><\/td><td class=\"column-2\">Le tonoko est une p\u00e2te compos\u00e9e d'une farine d'argile tr\u00e8s riche en quartz ; par rapport au jinoko, le tonoko pr\u00e9sente une granulom\u00e9trie plus fine.<\/td>\n<\/tr>\n<tr class=\"row-21\">\n\t<td class=\"column-1\"><strong>Toxicodendron vernicifluum<\/strong><\/td><td class=\"column-2\">Arbre \u00e0 laque (sumac \u00e0 laque) dont la r\u00e9sine sert \u00e0 fabriquer la laque urushi <\/td>\n<\/tr>\n<tr class=\"row-22\">\n\t<td class=\"column-1\"><strong>Urushi<\/strong><\/td><td class=\"column-2\">Vernis fabriqu\u00e9 \u00e0 partir de la r\u00e9sine de l'arbre \u00e0 vernis (Toxicodendron vernicifluum)<\/td>\n<\/tr>\n<tr class=\"row-23\">\n\t<td class=\"column-1\"><strong>urushi-buro<\/strong><\/td><td class=\"column-2\">Bo\u00eete de durcissement qui sert \u00e0 ce que la laque Urushi puisse durcir sur l'objet en question dans des conditions d'humidit\u00e9 et de temp\u00e9rature suffisantes.<\/td>\n<\/tr>\n<tr class=\"row-24\">\n\t<td class=\"column-1\"><strong>urushi-muro<\/strong><\/td><td class=\"column-2\">Bo\u00eete de durcissement qui sert \u00e0 ce que la laque Urushi puisse durcir sur l'objet en question dans des conditions d'humidit\u00e9 et de temp\u00e9rature suffisantes.<\/td>\n<\/tr>\n<\/tbody>\n<\/table>\n<!-- #tablepress-19 from cache -->\n","protected":false},"excerpt":{"rendered":"<p>Vous trouverez ici un glossaire expliquant les termes qui apparaissent en rapport avec le kintsugi. En effet, le kintsugi est originaire du Japon, ce qui explique que presque tous les termes qui apparaissent en rapport avec le kintsugi proviennent du japonais. En fait, le glossaire Kintsugi est une sorte de dictionnaire Kintsugi, car \u00e0 c\u00f4t\u00e9 [&hellip;]<\/p>\n","protected":false},"author":2,"featured_media":0,"parent":33709,"menu_order":0,"comment_status":"closed","ping_status":"closed","template":"","meta":{"footnotes":""},"class_list":["post-33852","page","type-page","status-publish","hentry"],"yoast_head":"<!-- This site is optimized with the Yoast SEO plugin v27.5 - https:\/\/yoast.com\/product\/yoast-seo-wordpress\/ -->\n<title>Glossaire Kintsugi<\/title>\n<meta name=\"description\" content=\"Dans glossaire Kintsugi, les termes de technique Kintsugi sont expliqu\u00e9s ; comme un lexique, une explication de la signification \u00e0 c\u00f4t\u00e9.\" \/>\n<meta name=\"robots\" content=\"index, follow, max-snippet:-1, max-image-preview:large, max-video-preview:-1\" \/>\n<link rel=\"canonical\" href=\"https:\/\/www.robertzueblin.com\/fr\/kintsugi\/glossaire-kintsugi\/\" \/>\n<meta property=\"og:locale\" content=\"fr_FR\" \/>\n<meta property=\"og:type\" content=\"article\" \/>\n<meta property=\"og:title\" content=\"Glossaire Kintsugi\" \/>\n<meta property=\"og:description\" content=\"Dans glossaire Kintsugi, les termes de technique Kintsugi sont expliqu\u00e9s ; comme un lexique, une explication de la signification \u00e0 c\u00f4t\u00e9.\" \/>\n<meta property=\"og:url\" content=\"https:\/\/www.robertzueblin.com\/fr\/kintsugi\/glossaire-kintsugi\/\" \/>\n<meta property=\"og:site_name\" content=\"ROBERT Z\u00dcBLIN\" \/>\n<meta property=\"article:modified_time\" content=\"2023-10-26T19:29:08+00:00\" \/>\n<meta property=\"og:image\" content=\"https:\/\/www.robertzueblin.com\/wp-content\/uploads\/auguste-papendieck-ceramique-poterie-d-atelier-vase-detail-2-300x300.jpg\" \/>\n<meta name=\"twitter:card\" content=\"summary_large_image\" \/>\n<script type=\"application\/ld+json\" class=\"yoast-schema-graph\">{\"@context\":\"https:\\\/\\\/schema.org\",\"@graph\":[{\"@type\":\"WebPage\",\"@id\":\"https:\\\/\\\/www.robertzueblin.com\\\/fr\\\/kintsugi\\\/glossaire-kintsugi\\\/\",\"url\":\"https:\\\/\\\/www.robertzueblin.com\\\/fr\\\/kintsugi\\\/glossaire-kintsugi\\\/\",\"name\":\"Glossaire Kintsugi\",\"isPartOf\":{\"@id\":\"https:\\\/\\\/www.robertzueblin.com\\\/fr\\\/#website\"},\"primaryImageOfPage\":{\"@id\":\"https:\\\/\\\/www.robertzueblin.com\\\/fr\\\/kintsugi\\\/glossaire-kintsugi\\\/#primaryimage\"},\"image\":{\"@id\":\"https:\\\/\\\/www.robertzueblin.com\\\/fr\\\/kintsugi\\\/glossaire-kintsugi\\\/#primaryimage\"},\"thumbnailUrl\":\"https:\\\/\\\/www.robertzueblin.com\\\/wp-content\\\/uploads\\\/auguste-papendieck-ceramique-poterie-d-atelier-vase-detail-2-300x300.jpg\",\"datePublished\":\"2023-10-26T19:23:55+00:00\",\"dateModified\":\"2023-10-26T19:29:08+00:00\",\"description\":\"Dans glossaire Kintsugi, les termes de technique Kintsugi sont expliqu\u00e9s ; comme un lexique, une explication de la signification \u00e0 c\u00f4t\u00e9.\",\"breadcrumb\":{\"@id\":\"https:\\\/\\\/www.robertzueblin.com\\\/fr\\\/kintsugi\\\/glossaire-kintsugi\\\/#breadcrumb\"},\"inLanguage\":\"fr-FR\",\"potentialAction\":[{\"@type\":\"ReadAction\",\"target\":[\"https:\\\/\\\/www.robertzueblin.com\\\/fr\\\/kintsugi\\\/glossaire-kintsugi\\\/\"]}]},{\"@type\":\"ImageObject\",\"inLanguage\":\"fr-FR\",\"@id\":\"https:\\\/\\\/www.robertzueblin.com\\\/fr\\\/kintsugi\\\/glossaire-kintsugi\\\/#primaryimage\",\"url\":\"https:\\\/\\\/www.robertzueblin.com\\\/wp-content\\\/uploads\\\/auguste-papendieck-ceramique-poterie-d-atelier-vase-detail-2-300x300.jpg\",\"contentUrl\":\"https:\\\/\\\/www.robertzueblin.com\\\/wp-content\\\/uploads\\\/auguste-papendieck-ceramique-poterie-d-atelier-vase-detail-2-300x300.jpg\"},{\"@type\":\"BreadcrumbList\",\"@id\":\"https:\\\/\\\/www.robertzueblin.com\\\/fr\\\/kintsugi\\\/glossaire-kintsugi\\\/#breadcrumb\",\"itemListElement\":[{\"@type\":\"ListItem\",\"position\":1,\"name\":\"Startseite\",\"item\":\"https:\\\/\\\/www.robertzueblin.com\\\/fr\\\/\"},{\"@type\":\"ListItem\",\"position\":2,\"name\":\"Kintsugi &#8211; philosophie, signification, histoire\",\"item\":\"https:\\\/\\\/www.robertzueblin.com\\\/fr\\\/kintsugi\\\/\"},{\"@type\":\"ListItem\",\"position\":3,\"name\":\"Glossaire Kintsugi\"}]},{\"@type\":\"WebSite\",\"@id\":\"https:\\\/\\\/www.robertzueblin.com\\\/fr\\\/#website\",\"url\":\"https:\\\/\\\/www.robertzueblin.com\\\/fr\\\/\",\"name\":\"ROBERT Z\u00dcBLIN\",\"description\":\"\",\"publisher\":{\"@id\":\"https:\\\/\\\/www.robertzueblin.com\\\/fr\\\/#organization\"},\"potentialAction\":[{\"@type\":\"SearchAction\",\"target\":{\"@type\":\"EntryPoint\",\"urlTemplate\":\"https:\\\/\\\/www.robertzueblin.com\\\/fr\\\/?s={search_term_string}\"},\"query-input\":{\"@type\":\"PropertyValueSpecification\",\"valueRequired\":true,\"valueName\":\"search_term_string\"}}],\"inLanguage\":\"fr-FR\"},{\"@type\":\"Organization\",\"@id\":\"https:\\\/\\\/www.robertzueblin.com\\\/fr\\\/#organization\",\"name\":\"ROBERT Z\u00dcBLIN\",\"url\":\"https:\\\/\\\/www.robertzueblin.com\\\/fr\\\/\",\"logo\":{\"@type\":\"ImageObject\",\"inLanguage\":\"fr-FR\",\"@id\":\"https:\\\/\\\/www.robertzueblin.com\\\/fr\\\/#\\\/schema\\\/logo\\\/image\\\/\",\"url\":\"https:\\\/\\\/www.robertzueblin.com\\\/wp-content\\\/uploads\\\/cropped-cropped-logo-von-robert-zueblin.jpg\",\"contentUrl\":\"https:\\\/\\\/www.robertzueblin.com\\\/wp-content\\\/uploads\\\/cropped-cropped-logo-von-robert-zueblin.jpg\",\"width\":440,\"height\":60,\"caption\":\"ROBERT Z\u00dcBLIN\"},\"image\":{\"@id\":\"https:\\\/\\\/www.robertzueblin.com\\\/fr\\\/#\\\/schema\\\/logo\\\/image\\\/\"}}]}<\/script>\n<!-- \/ Yoast SEO plugin. -->","yoast_head_json":{"title":"Glossaire Kintsugi","description":"Dans glossaire Kintsugi, les termes de technique Kintsugi sont expliqu\u00e9s ; comme un lexique, une explication de la signification \u00e0 c\u00f4t\u00e9.","robots":{"index":"index","follow":"follow","max-snippet":"max-snippet:-1","max-image-preview":"max-image-preview:large","max-video-preview":"max-video-preview:-1"},"canonical":"https:\/\/www.robertzueblin.com\/fr\/kintsugi\/glossaire-kintsugi\/","og_locale":"fr_FR","og_type":"article","og_title":"Glossaire Kintsugi","og_description":"Dans glossaire Kintsugi, les termes de technique Kintsugi sont expliqu\u00e9s ; comme un lexique, une explication de la signification \u00e0 c\u00f4t\u00e9.","og_url":"https:\/\/www.robertzueblin.com\/fr\/kintsugi\/glossaire-kintsugi\/","og_site_name":"ROBERT Z\u00dcBLIN","article_modified_time":"2023-10-26T19:29:08+00:00","og_image":[{"url":"https:\/\/www.robertzueblin.com\/wp-content\/uploads\/auguste-papendieck-ceramique-poterie-d-atelier-vase-detail-2-300x300.jpg","type":"","width":"","height":""}],"twitter_card":"summary_large_image","schema":{"@context":"https:\/\/schema.org","@graph":[{"@type":"WebPage","@id":"https:\/\/www.robertzueblin.com\/fr\/kintsugi\/glossaire-kintsugi\/","url":"https:\/\/www.robertzueblin.com\/fr\/kintsugi\/glossaire-kintsugi\/","name":"Glossaire Kintsugi","isPartOf":{"@id":"https:\/\/www.robertzueblin.com\/fr\/#website"},"primaryImageOfPage":{"@id":"https:\/\/www.robertzueblin.com\/fr\/kintsugi\/glossaire-kintsugi\/#primaryimage"},"image":{"@id":"https:\/\/www.robertzueblin.com\/fr\/kintsugi\/glossaire-kintsugi\/#primaryimage"},"thumbnailUrl":"https:\/\/www.robertzueblin.com\/wp-content\/uploads\/auguste-papendieck-ceramique-poterie-d-atelier-vase-detail-2-300x300.jpg","datePublished":"2023-10-26T19:23:55+00:00","dateModified":"2023-10-26T19:29:08+00:00","description":"Dans glossaire Kintsugi, les termes de technique Kintsugi sont expliqu\u00e9s ; comme un lexique, une explication de la signification \u00e0 c\u00f4t\u00e9.","breadcrumb":{"@id":"https:\/\/www.robertzueblin.com\/fr\/kintsugi\/glossaire-kintsugi\/#breadcrumb"},"inLanguage":"fr-FR","potentialAction":[{"@type":"ReadAction","target":["https:\/\/www.robertzueblin.com\/fr\/kintsugi\/glossaire-kintsugi\/"]}]},{"@type":"ImageObject","inLanguage":"fr-FR","@id":"https:\/\/www.robertzueblin.com\/fr\/kintsugi\/glossaire-kintsugi\/#primaryimage","url":"https:\/\/www.robertzueblin.com\/wp-content\/uploads\/auguste-papendieck-ceramique-poterie-d-atelier-vase-detail-2-300x300.jpg","contentUrl":"https:\/\/www.robertzueblin.com\/wp-content\/uploads\/auguste-papendieck-ceramique-poterie-d-atelier-vase-detail-2-300x300.jpg"},{"@type":"BreadcrumbList","@id":"https:\/\/www.robertzueblin.com\/fr\/kintsugi\/glossaire-kintsugi\/#breadcrumb","itemListElement":[{"@type":"ListItem","position":1,"name":"Startseite","item":"https:\/\/www.robertzueblin.com\/fr\/"},{"@type":"ListItem","position":2,"name":"Kintsugi &#8211; philosophie, signification, histoire","item":"https:\/\/www.robertzueblin.com\/fr\/kintsugi\/"},{"@type":"ListItem","position":3,"name":"Glossaire Kintsugi"}]},{"@type":"WebSite","@id":"https:\/\/www.robertzueblin.com\/fr\/#website","url":"https:\/\/www.robertzueblin.com\/fr\/","name":"ROBERT Z\u00dcBLIN","description":"","publisher":{"@id":"https:\/\/www.robertzueblin.com\/fr\/#organization"},"potentialAction":[{"@type":"SearchAction","target":{"@type":"EntryPoint","urlTemplate":"https:\/\/www.robertzueblin.com\/fr\/?s={search_term_string}"},"query-input":{"@type":"PropertyValueSpecification","valueRequired":true,"valueName":"search_term_string"}}],"inLanguage":"fr-FR"},{"@type":"Organization","@id":"https:\/\/www.robertzueblin.com\/fr\/#organization","name":"ROBERT Z\u00dcBLIN","url":"https:\/\/www.robertzueblin.com\/fr\/","logo":{"@type":"ImageObject","inLanguage":"fr-FR","@id":"https:\/\/www.robertzueblin.com\/fr\/#\/schema\/logo\/image\/","url":"https:\/\/www.robertzueblin.com\/wp-content\/uploads\/cropped-cropped-logo-von-robert-zueblin.jpg","contentUrl":"https:\/\/www.robertzueblin.com\/wp-content\/uploads\/cropped-cropped-logo-von-robert-zueblin.jpg","width":440,"height":60,"caption":"ROBERT Z\u00dcBLIN"},"image":{"@id":"https:\/\/www.robertzueblin.com\/fr\/#\/schema\/logo\/image\/"}}]}},"_links":{"self":[{"href":"https:\/\/www.robertzueblin.com\/fr\/wp-json\/wp\/v2\/pages\/33852","targetHints":{"allow":["GET"]}}],"collection":[{"href":"https:\/\/www.robertzueblin.com\/fr\/wp-json\/wp\/v2\/pages"}],"about":[{"href":"https:\/\/www.robertzueblin.com\/fr\/wp-json\/wp\/v2\/types\/page"}],"author":[{"embeddable":true,"href":"https:\/\/www.robertzueblin.com\/fr\/wp-json\/wp\/v2\/users\/2"}],"replies":[{"embeddable":true,"href":"https:\/\/www.robertzueblin.com\/fr\/wp-json\/wp\/v2\/comments?post=33852"}],"version-history":[{"count":5,"href":"https:\/\/www.robertzueblin.com\/fr\/wp-json\/wp\/v2\/pages\/33852\/revisions"}],"predecessor-version":[{"id":34922,"href":"https:\/\/www.robertzueblin.com\/fr\/wp-json\/wp\/v2\/pages\/33852\/revisions\/34922"}],"up":[{"embeddable":true,"href":"https:\/\/www.robertzueblin.com\/fr\/wp-json\/wp\/v2\/pages\/33709"}],"wp:attachment":[{"href":"https:\/\/www.robertzueblin.com\/fr\/wp-json\/wp\/v2\/media?parent=33852"}],"curies":[{"name":"wp","href":"https:\/\/api.w.org\/{rel}","templated":true}]}}