{"id":33816,"date":"2023-08-27T14:14:25","date_gmt":"2023-08-27T12:14:25","guid":{"rendered":"https:\/\/www.robertzueblin.com\/?page_id=33816"},"modified":"2023-08-27T14:15:06","modified_gmt":"2023-08-27T12:15:06","slug":"psychologie-kintsugi-et-trouver-le-livre-kintsugi","status":"publish","type":"page","link":"https:\/\/www.robertzueblin.com\/fr\/kintsugi\/psychologie-kintsugi-et-trouver-livre-kintsugi\/","title":{"rendered":"Psychologie Kintsugi et trouver le livre Kintsugi"},"content":{"rendered":"<p><strong>La m\u00e9thode kintsugi a en fait \u00e9t\u00e9 cr\u00e9\u00e9e pour r\u00e9parer la c\u00e9ramique et la porcelaine, mais ses principes philosophiques sont aujourd&rsquo;hui \u00e9galement appliqu\u00e9s pour gu\u00e9rir les blessures psychiques dans le cadre d&rsquo;une psychologie kintsugi. Il existe plus d&rsquo;un livre kintsugi qui fait appel \u00e0 cette psychologie kintsugi, dont nous pr\u00e9sentons ici quelques-uns.<\/strong><\/p>\n<figure style=\"width:300px;height:auto\"><img decoding=\"async\" alt=\"R\u00e9paration d'un vase en c\u00e9ramique avec la m\u00e9thode kintsugi, dont la philosophie est aujourd'hui \u00e9galement appliqu\u00e9e dans la psychologie kintsugi et trait\u00e9e dans l'un ou l'autre livre kintsugi..\" src=\"https:\/\/www.robertzueblin.com\/wp-content\/uploads\/heiner-hans-koerting-poterie-atelier-vase-bleu-kintsugi-reparation-1-300x300.jpg\" \/><figcaption><strong>Gu\u00e9rison avec la m\u00e9thode Kintsugi sur un <a href=\"https:\/\/www.robertzueblin.com\/fr\/heiner-hans-koerting\/vase-bleu-en-ceramique-poterie-datelier\/\">vase en c\u00e9ramique de Heiner K\u00f6rting<\/a><\/strong><\/figcaption><\/figure>\n<div>\u00a0<\/div>\n<div>\u00a0<\/div>\n<h2>Psychologie du Kintsugi<\/h2>\n<p>La psychologie Kintsugi, qui est trait\u00e9e dans de nombreux livres de conseils de vie, emprunte \u00e0 la philosophie Kintsugi d&rsquo;origine le principe de voir la beaut\u00e9 m\u00eame dans l&rsquo;imperfection (abandon du perfectionnisme). En outre, la psychologie Kintsugi souligne que la gu\u00e9rison des blessures prend du temps, ce qui provient \u00e9galement de la <a href=\"https:\/\/www.robertzueblin.com\/fr\/kintsugi\/\">m\u00e9thode de r\u00e9paration Kintsugi<\/a> de la c\u00e9ramique et de la porcelaine, car de telles r\u00e9parations durent des semaines, des mois, voire des ann\u00e9es, en fonction de la complexit\u00e9 du dommage et de la proc\u00e9dure de r\u00e9paration choisie.<\/p>\n<h2>Livres Kintsugi comme aide \u00e0 la vie<\/h2>\n<p>Il existe aujourd&rsquo;hui un grand march\u00e9 de livres qui utilisent la psychologie Kintsugi pour \u00e9crire des livres d&rsquo;aide \u00e0 la vie, la psychologie Kintsugi fait parfois aussi l&rsquo;objet de romans. Nous \u00e9num\u00e9rons ci-dessous l&rsquo;un ou l&rsquo;autre livre de kintsugi qui peut \u00eatre class\u00e9 dans la cat\u00e9gorie <strong>\u00ab\u00a0psychologie kintsugi\u00a0\u00bb<\/strong>, en commen\u00e7ant par le roman que beaucoup connaissent sous le nom de \u00ab\u00a0livre de kintsugi\u00a0\u00bb :<\/p>\n<div><span style=\"float: left;color: #a4a4a4\"><small><i>&#8211; Annonce &#8211;<\/i><\/small><\/span><\/div>\n<p>\u00a0<br \/>\n<a href=\"https:\/\/amzn.to\/3OJeDGz\" rel=\"sponsored\"><img decoding=\"async\" src=\"https:\/\/m.media-amazon.com\/images\/P\/3596704928.01._SCLZZZZZZZ_SX500_.jpg\" alt=\"Livre Kintsugi, roman de Miku Sophie K\u00fchmel.\" style=\"width: 300px;height: auto\" \/><\/p>\n<div style=\"margin-top: -1em\"><strong><em>Kintsugi<\/em> &#8211; Roman de Miku Sophie K\u00fchmel<\/strong><\/div>\n<p><\/a><\/p>\n<p><a href=\"https:\/\/amzn.to\/3OJeDGz\" rel=\"sponsored\" style=\"text-decoration: none;background: #D8D8D8;padding-left: 0.4em;padding-right: 0.4em;padding-top: -0.1em;padding-bottom: -0.2em;float:left\">Voir sur Amazon.fr<\/a> <span>\u00a0<\/span><\/p>\n<div>\u00a0<\/div>\n<div><span style=\"float: left;color: #a4a4a4\"><small><i>&#8211; Annonce &#8211;<\/i><\/small><\/span><\/div>\n<p>\u00a0<br \/>\n<a href=\"https:\/\/amzn.to\/3OmCbk5\" rel=\"sponsored\"><img decoding=\"async\" src=\"https:\/\/m.media-amazon.com\/images\/P\/B07L8L12TJ.01._SCLZZZZZZZ_SX500_.jpg\" alt=\"Kintsugi L'art de transformer les temps difficiles en or, livre d'Andrea L\u00f6hndorf.\" style=\"width: 300px;height: auto\" \/><\/p>\n<div style=\"margin-top: -1em\"><strong><em>Kintsugi: Die Kunst, schwierige Zeiten in Gold zu verwandeln<\/em><\/strong><\/div>\n<p><\/a><\/p>\n<p><a href=\"https:\/\/amzn.to\/3OmCbk5\" rel=\"sponsored\" style=\"text-decoration: none;background: #D8D8D8;padding-left: 0.4em;padding-right: 0.4em;padding-top: -0.1em;padding-bottom: -0.2em;float:left\">Voir sur Amazon.fr<\/a> <span>\u00a0<\/span><\/p>\n<div>\u00a0<\/div>\n<div><span style=\"float: left;color: #a4a4a4\"><small><i>&#8211; Annonce &#8211;<\/i><\/small><\/span><\/div>\n<p>\u00a0<br \/>\n<a href=\"https:\/\/amzn.to\/44WRUxg\" rel=\"sponsored\"><img decoding=\"async\" src=\"https:\/\/m.media-amazon.com\/images\/P\/3424631809.01._SCLZZZZZZZ_SX500_.jpg\" alt=\"Kintsugi : Comment les points de rupture dans la vie nous rendent forts - La voie japonaise de la r\u00e9silience, Kintsugi Livre de C\u00e9line Santini (auteur) et Ursula Held (traducteur).\" style=\"width: 300px;height: auto\" \/><\/p>\n<div style=\"margin-top: -1em\"><strong><em>Kintsugi: Wie uns Bruchstellen im Leben stark machen &#8211; Der japanische Weg zur Resilienz<\/em><\/strong><\/div>\n<p><\/a><\/p>\n<p><a href=\"https:\/\/amzn.to\/44WRUxg\" rel=\"sponsored\" style=\"text-decoration: none;background: #D8D8D8;padding-left: 0.4em;padding-right: 0.4em;padding-top: -0.1em;padding-bottom: -0.2em;float:left\">Voir sur Amazon.fr<\/a> <span>\u00a0<\/span><\/p>\n<div>\u00a0<\/div>\n<div><span style=\"float: left;color: #a4a4a4\"><small><i>&#8211; Annonce &#8211;<\/i><\/small><\/span><\/div>\n<p>\u00a0<br \/>\n<a href=\"https:\/\/amzn.to\/3OnimJu\" rel=\"sponsored\"><img decoding=\"async\" src=\"https:\/\/m.media-amazon.com\/images\/P\/B0B6Y2YH45.01._SCLZZZZZZZ_SX500_.jpg\" alt=\"Philosophie japonaise : (5 livres en 1) Ikigai, Kaizen, Wabi-Sabi, Kintsugi, Shinrin-Yoku. Am\u00e9liorez votre vie gr\u00e2ce aux anciens enseignements du pays du soleil levant, Kintsugi livre de Dai Nippon Teikoku.\" style=\"width: 300px;height: auto\" \/><\/p>\n<div style=\"margin-top: -1em\"><strong><em>Japanische Philosophie: : (5 B\u00fccher in 1) Ikigai, Kaizen, Wabi-Sabi, Kintsugi, Shinrin-Yoku<\/em><\/strong><\/div>\n<p><\/a><\/p>\n<p><a href=\"https:\/\/amzn.to\/3OnimJu\" rel=\"sponsored\" style=\"text-decoration: none;background: #D8D8D8;padding-left: 0.4em;padding-right: 0.4em;padding-top: -0.1em;padding-bottom: -0.2em;float:left\">Voir sur Amazon.fr<\/a> <span>\u00a0<\/span><\/p>\n<div>\u00a0<\/div>\n<div><span style=\"float: left;color: #a4a4a4\"><small><i>&#8211; Annonce &#8211;<\/i><\/small><\/span><\/div>\n<p>\u00a0<br \/>\n<a href=\"https:\/\/amzn.to\/47nupiu\" rel=\"sponsored\"><img decoding=\"async\" src=\"https:\/\/m.media-amazon.com\/images\/P\/B07L9FTD7C.01._SCLZZZZZZZ_SX500_.jpg\" alt=\"KINTSUGI - Les \u00e9clats de verre portent chance : L'art de gu\u00e9rir nos blessures (Guide de vie), par Pascal Akira Frank.\" style=\"width: 300px;height: auto\" \/><\/p>\n<div style=\"margin-top: -1em\"><strong><em>KINTSUGI &#8211; Scherben bringen Gl\u00fcck: Die Kunst, unsere Wunden zu heilen (Lebenshilfe)<\/em><\/strong><\/div>\n<p><\/a><\/p>\n<p><a href=\"https:\/\/amzn.to\/47nupiu\" rel=\"sponsored\" style=\"text-decoration: none;background: #D8D8D8;padding-left: 0.4em;padding-right: 0.4em;padding-top: -0.1em;padding-bottom: -0.2em;float:left\">Voir sur Amazon.fr<\/a> <span>\u00a0<\/span><\/p>\n<div>\u00a0<\/div>\n<div><span style=\"float: left;color: #a4a4a4\"><small><i>&#8211; Annonce &#8211;<\/i><\/small><\/span><\/div>\n<p>\u00a0<br \/>\n<a href=\"https:\/\/amzn.to\/47od2hC\" rel=\"sponsored\"><img decoding=\"async\" src=\"https:\/\/m.media-amazon.com\/images\/P\/3466347319.01._SCLZZZZZZZ_SX500_.jpg\" alt=\"Kintsugi : l'art de gu\u00e9rir les blessures \u00e9motionnelles, par Tom\u00e1s Navarro (auteur) et Maria Hoffmann-Dartevelle (traducteur)\". \" style=\"width: 300px;height: auto\" \/><\/p>\n<div style=\"margin-top: -1em\"><strong><em>Kintsugi: Die Kunst, emotionale Verletzungen zu heilen<\/em><\/strong><\/div>\n<p><\/a><\/p>\n<p><a href=\"https:\/\/amzn.to\/47od2hC\" rel=\"sponsored\" style=\"text-decoration: none;background: #D8D8D8;padding-left: 0.4em;padding-right: 0.4em;padding-top: -0.1em;padding-bottom: -0.2em;float:left\">Voir sur Amazon.fr<\/a> <span>\u00a0<\/span><\/p>\n<div>\u00a0<\/div>\n<div><span style=\"float: left;color: #a4a4a4\"><small><i>&#8211; Annonce &#8211;<\/i><\/small><\/span><\/div>\n<p>\u00a0<br \/>\n<a href=\"https:\/\/amzn.to\/3s4qYNw\" rel=\"sponsored\"><img decoding=\"async\" src=\"https:\/\/m.media-amazon.com\/images\/P\/3969304822.01._SCLZZZZZZZ_SX500_.jpg\" alt=\"Kintsugi pour d\u00e9butants - Le livre pratique : comment transformer les revers et les blessures en or et les forger \u00e0 une v\u00e9ritable force de caract\u00e8re et \u00e0 la r\u00e9silience - y compris la m\u00e9ditation Kintsugi, par Emi Tanaka.\" style=\"width: 300px;height: auto\" \/><\/p>\n<div style=\"margin-top: -1em\"><strong><em>Kintsugi f\u00fcr Einsteiger &#8211; Das Praxisbuch: Wie Sie R\u00fcckschl\u00e4ge und Verletzungen in Gold verwandeln und zu wahrer Charakterst\u00e4rke und Resilienz schmieden &#8211; inkl. Kintsugi Meditation<\/em><\/strong><\/div>\n<p><\/a><\/p>\n<p><a href=\"https:\/\/amzn.to\/3s4qYNw\" rel=\"sponsored\" style=\"text-decoration: none;background: #D8D8D8;padding-left: 0.4em;padding-right: 0.4em;padding-top: -0.1em;padding-bottom: -0.2em;float:left\">Voir sur Amazon.fr<\/a> <span>\u00a0<\/span><\/p>\n<div>\u00a0<\/div>\n<p>Pour en savoir plus sur le kintsugi en g\u00e9n\u00e9ral, nous vous invitons \u00e0 lire notre article de fond sur le kintsugi :  <a href=\"https:\/\/www.robertzueblin.com\/fr\/kintsugi\/\"><br \/>\nKintsugi \u2013 philosophie, signification, histoire<\/a>.<\/p>\n","protected":false},"excerpt":{"rendered":"<p>La m\u00e9thode kintsugi a en fait \u00e9t\u00e9 cr\u00e9\u00e9e pour r\u00e9parer la c\u00e9ramique et la porcelaine, mais ses principes philosophiques sont aujourd&rsquo;hui \u00e9galement appliqu\u00e9s pour gu\u00e9rir les blessures psychiques dans le cadre d&rsquo;une psychologie kintsugi. Il existe plus d&rsquo;un livre kintsugi qui fait appel \u00e0 cette psychologie kintsugi, dont nous pr\u00e9sentons ici quelques-uns. Gu\u00e9rison avec la [&hellip;]<\/p>\n","protected":false},"author":2,"featured_media":0,"parent":33709,"menu_order":0,"comment_status":"closed","ping_status":"closed","template":"","meta":{"footnotes":""},"class_list":["post-33816","page","type-page","status-publish","hentry"],"yoast_head":"<!-- This site is optimized with the Yoast SEO plugin v27.5 - https:\/\/yoast.com\/product\/yoast-seo-wordpress\/ -->\n<title>Psychologie Kintsugi et trouver le livre Kintsugi<\/title>\n<meta name=\"description\" content=\"Nous expliquons ici la psychologie Kintsugi et vous indiquons o\u00f9 trouver un livre Kintsugi que vous recherchez.\" \/>\n<meta name=\"robots\" content=\"index, follow, max-snippet:-1, max-image-preview:large, max-video-preview:-1\" \/>\n<link rel=\"canonical\" href=\"https:\/\/www.robertzueblin.com\/fr\/kintsugi\/psychologie-kintsugi-et-trouver-livre-kintsugi\/\" \/>\n<meta property=\"og:locale\" content=\"fr_FR\" \/>\n<meta property=\"og:type\" content=\"article\" \/>\n<meta property=\"og:title\" content=\"Psychologie Kintsugi et trouver le livre Kintsugi\" \/>\n<meta property=\"og:description\" content=\"Nous expliquons ici la psychologie Kintsugi et vous indiquons o\u00f9 trouver un livre Kintsugi que vous recherchez.\" \/>\n<meta property=\"og:url\" content=\"https:\/\/www.robertzueblin.com\/fr\/kintsugi\/psychologie-kintsugi-et-trouver-livre-kintsugi\/\" \/>\n<meta property=\"og:site_name\" content=\"ROBERT Z\u00dcBLIN\" \/>\n<meta property=\"article:modified_time\" content=\"2023-08-27T12:15:06+00:00\" \/>\n<meta property=\"og:image\" content=\"https:\/\/www.robertzueblin.com\/wp-content\/uploads\/heiner-hans-koerting-poterie-atelier-vase-bleu-kintsugi-reparation-1-300x300.jpg\" \/>\n<meta name=\"twitter:card\" content=\"summary_large_image\" \/>\n<script type=\"application\/ld+json\" class=\"yoast-schema-graph\">{\"@context\":\"https:\\\/\\\/schema.org\",\"@graph\":[{\"@type\":\"WebPage\",\"@id\":\"https:\\\/\\\/www.robertzueblin.com\\\/fr\\\/kintsugi\\\/psychologie-kintsugi-et-trouver-livre-kintsugi\\\/\",\"url\":\"https:\\\/\\\/www.robertzueblin.com\\\/fr\\\/kintsugi\\\/psychologie-kintsugi-et-trouver-livre-kintsugi\\\/\",\"name\":\"Psychologie Kintsugi et trouver le livre Kintsugi\",\"isPartOf\":{\"@id\":\"https:\\\/\\\/www.robertzueblin.com\\\/fr\\\/#website\"},\"primaryImageOfPage\":{\"@id\":\"https:\\\/\\\/www.robertzueblin.com\\\/fr\\\/kintsugi\\\/psychologie-kintsugi-et-trouver-livre-kintsugi\\\/#primaryimage\"},\"image\":{\"@id\":\"https:\\\/\\\/www.robertzueblin.com\\\/fr\\\/kintsugi\\\/psychologie-kintsugi-et-trouver-livre-kintsugi\\\/#primaryimage\"},\"thumbnailUrl\":\"https:\\\/\\\/www.robertzueblin.com\\\/wp-content\\\/uploads\\\/heiner-hans-koerting-poterie-atelier-vase-bleu-kintsugi-reparation-1-300x300.jpg\",\"datePublished\":\"2023-08-27T12:14:25+00:00\",\"dateModified\":\"2023-08-27T12:15:06+00:00\",\"description\":\"Nous expliquons ici la psychologie Kintsugi et vous indiquons o\u00f9 trouver un livre Kintsugi que vous recherchez.\",\"breadcrumb\":{\"@id\":\"https:\\\/\\\/www.robertzueblin.com\\\/fr\\\/kintsugi\\\/psychologie-kintsugi-et-trouver-livre-kintsugi\\\/#breadcrumb\"},\"inLanguage\":\"fr-FR\",\"potentialAction\":[{\"@type\":\"ReadAction\",\"target\":[\"https:\\\/\\\/www.robertzueblin.com\\\/fr\\\/kintsugi\\\/psychologie-kintsugi-et-trouver-livre-kintsugi\\\/\"]}]},{\"@type\":\"ImageObject\",\"inLanguage\":\"fr-FR\",\"@id\":\"https:\\\/\\\/www.robertzueblin.com\\\/fr\\\/kintsugi\\\/psychologie-kintsugi-et-trouver-livre-kintsugi\\\/#primaryimage\",\"url\":\"https:\\\/\\\/www.robertzueblin.com\\\/wp-content\\\/uploads\\\/heiner-hans-koerting-poterie-atelier-vase-bleu-kintsugi-reparation-1-300x300.jpg\",\"contentUrl\":\"https:\\\/\\\/www.robertzueblin.com\\\/wp-content\\\/uploads\\\/heiner-hans-koerting-poterie-atelier-vase-bleu-kintsugi-reparation-1-300x300.jpg\"},{\"@type\":\"BreadcrumbList\",\"@id\":\"https:\\\/\\\/www.robertzueblin.com\\\/fr\\\/kintsugi\\\/psychologie-kintsugi-et-trouver-livre-kintsugi\\\/#breadcrumb\",\"itemListElement\":[{\"@type\":\"ListItem\",\"position\":1,\"name\":\"Startseite\",\"item\":\"https:\\\/\\\/www.robertzueblin.com\\\/fr\\\/\"},{\"@type\":\"ListItem\",\"position\":2,\"name\":\"Kintsugi &#8211; philosophie, signification, histoire\",\"item\":\"https:\\\/\\\/www.robertzueblin.com\\\/fr\\\/kintsugi\\\/\"},{\"@type\":\"ListItem\",\"position\":3,\"name\":\"Psychologie Kintsugi et trouver le livre Kintsugi\"}]},{\"@type\":\"WebSite\",\"@id\":\"https:\\\/\\\/www.robertzueblin.com\\\/fr\\\/#website\",\"url\":\"https:\\\/\\\/www.robertzueblin.com\\\/fr\\\/\",\"name\":\"ROBERT Z\u00dcBLIN\",\"description\":\"\",\"publisher\":{\"@id\":\"https:\\\/\\\/www.robertzueblin.com\\\/fr\\\/#organization\"},\"potentialAction\":[{\"@type\":\"SearchAction\",\"target\":{\"@type\":\"EntryPoint\",\"urlTemplate\":\"https:\\\/\\\/www.robertzueblin.com\\\/fr\\\/?s={search_term_string}\"},\"query-input\":{\"@type\":\"PropertyValueSpecification\",\"valueRequired\":true,\"valueName\":\"search_term_string\"}}],\"inLanguage\":\"fr-FR\"},{\"@type\":\"Organization\",\"@id\":\"https:\\\/\\\/www.robertzueblin.com\\\/fr\\\/#organization\",\"name\":\"ROBERT Z\u00dcBLIN\",\"url\":\"https:\\\/\\\/www.robertzueblin.com\\\/fr\\\/\",\"logo\":{\"@type\":\"ImageObject\",\"inLanguage\":\"fr-FR\",\"@id\":\"https:\\\/\\\/www.robertzueblin.com\\\/fr\\\/#\\\/schema\\\/logo\\\/image\\\/\",\"url\":\"https:\\\/\\\/www.robertzueblin.com\\\/wp-content\\\/uploads\\\/cropped-cropped-logo-von-robert-zueblin.jpg\",\"contentUrl\":\"https:\\\/\\\/www.robertzueblin.com\\\/wp-content\\\/uploads\\\/cropped-cropped-logo-von-robert-zueblin.jpg\",\"width\":440,\"height\":60,\"caption\":\"ROBERT Z\u00dcBLIN\"},\"image\":{\"@id\":\"https:\\\/\\\/www.robertzueblin.com\\\/fr\\\/#\\\/schema\\\/logo\\\/image\\\/\"}}]}<\/script>\n<!-- \/ Yoast SEO plugin. -->","yoast_head_json":{"title":"Psychologie Kintsugi et trouver le livre Kintsugi","description":"Nous expliquons ici la psychologie Kintsugi et vous indiquons o\u00f9 trouver un livre Kintsugi que vous recherchez.","robots":{"index":"index","follow":"follow","max-snippet":"max-snippet:-1","max-image-preview":"max-image-preview:large","max-video-preview":"max-video-preview:-1"},"canonical":"https:\/\/www.robertzueblin.com\/fr\/kintsugi\/psychologie-kintsugi-et-trouver-livre-kintsugi\/","og_locale":"fr_FR","og_type":"article","og_title":"Psychologie Kintsugi et trouver le livre Kintsugi","og_description":"Nous expliquons ici la psychologie Kintsugi et vous indiquons o\u00f9 trouver un livre Kintsugi que vous recherchez.","og_url":"https:\/\/www.robertzueblin.com\/fr\/kintsugi\/psychologie-kintsugi-et-trouver-livre-kintsugi\/","og_site_name":"ROBERT Z\u00dcBLIN","article_modified_time":"2023-08-27T12:15:06+00:00","og_image":[{"url":"https:\/\/www.robertzueblin.com\/wp-content\/uploads\/heiner-hans-koerting-poterie-atelier-vase-bleu-kintsugi-reparation-1-300x300.jpg","type":"","width":"","height":""}],"twitter_card":"summary_large_image","schema":{"@context":"https:\/\/schema.org","@graph":[{"@type":"WebPage","@id":"https:\/\/www.robertzueblin.com\/fr\/kintsugi\/psychologie-kintsugi-et-trouver-livre-kintsugi\/","url":"https:\/\/www.robertzueblin.com\/fr\/kintsugi\/psychologie-kintsugi-et-trouver-livre-kintsugi\/","name":"Psychologie Kintsugi et trouver le livre Kintsugi","isPartOf":{"@id":"https:\/\/www.robertzueblin.com\/fr\/#website"},"primaryImageOfPage":{"@id":"https:\/\/www.robertzueblin.com\/fr\/kintsugi\/psychologie-kintsugi-et-trouver-livre-kintsugi\/#primaryimage"},"image":{"@id":"https:\/\/www.robertzueblin.com\/fr\/kintsugi\/psychologie-kintsugi-et-trouver-livre-kintsugi\/#primaryimage"},"thumbnailUrl":"https:\/\/www.robertzueblin.com\/wp-content\/uploads\/heiner-hans-koerting-poterie-atelier-vase-bleu-kintsugi-reparation-1-300x300.jpg","datePublished":"2023-08-27T12:14:25+00:00","dateModified":"2023-08-27T12:15:06+00:00","description":"Nous expliquons ici la psychologie Kintsugi et vous indiquons o\u00f9 trouver un livre Kintsugi que vous recherchez.","breadcrumb":{"@id":"https:\/\/www.robertzueblin.com\/fr\/kintsugi\/psychologie-kintsugi-et-trouver-livre-kintsugi\/#breadcrumb"},"inLanguage":"fr-FR","potentialAction":[{"@type":"ReadAction","target":["https:\/\/www.robertzueblin.com\/fr\/kintsugi\/psychologie-kintsugi-et-trouver-livre-kintsugi\/"]}]},{"@type":"ImageObject","inLanguage":"fr-FR","@id":"https:\/\/www.robertzueblin.com\/fr\/kintsugi\/psychologie-kintsugi-et-trouver-livre-kintsugi\/#primaryimage","url":"https:\/\/www.robertzueblin.com\/wp-content\/uploads\/heiner-hans-koerting-poterie-atelier-vase-bleu-kintsugi-reparation-1-300x300.jpg","contentUrl":"https:\/\/www.robertzueblin.com\/wp-content\/uploads\/heiner-hans-koerting-poterie-atelier-vase-bleu-kintsugi-reparation-1-300x300.jpg"},{"@type":"BreadcrumbList","@id":"https:\/\/www.robertzueblin.com\/fr\/kintsugi\/psychologie-kintsugi-et-trouver-livre-kintsugi\/#breadcrumb","itemListElement":[{"@type":"ListItem","position":1,"name":"Startseite","item":"https:\/\/www.robertzueblin.com\/fr\/"},{"@type":"ListItem","position":2,"name":"Kintsugi &#8211; philosophie, signification, histoire","item":"https:\/\/www.robertzueblin.com\/fr\/kintsugi\/"},{"@type":"ListItem","position":3,"name":"Psychologie Kintsugi et trouver le livre Kintsugi"}]},{"@type":"WebSite","@id":"https:\/\/www.robertzueblin.com\/fr\/#website","url":"https:\/\/www.robertzueblin.com\/fr\/","name":"ROBERT Z\u00dcBLIN","description":"","publisher":{"@id":"https:\/\/www.robertzueblin.com\/fr\/#organization"},"potentialAction":[{"@type":"SearchAction","target":{"@type":"EntryPoint","urlTemplate":"https:\/\/www.robertzueblin.com\/fr\/?s={search_term_string}"},"query-input":{"@type":"PropertyValueSpecification","valueRequired":true,"valueName":"search_term_string"}}],"inLanguage":"fr-FR"},{"@type":"Organization","@id":"https:\/\/www.robertzueblin.com\/fr\/#organization","name":"ROBERT Z\u00dcBLIN","url":"https:\/\/www.robertzueblin.com\/fr\/","logo":{"@type":"ImageObject","inLanguage":"fr-FR","@id":"https:\/\/www.robertzueblin.com\/fr\/#\/schema\/logo\/image\/","url":"https:\/\/www.robertzueblin.com\/wp-content\/uploads\/cropped-cropped-logo-von-robert-zueblin.jpg","contentUrl":"https:\/\/www.robertzueblin.com\/wp-content\/uploads\/cropped-cropped-logo-von-robert-zueblin.jpg","width":440,"height":60,"caption":"ROBERT Z\u00dcBLIN"},"image":{"@id":"https:\/\/www.robertzueblin.com\/fr\/#\/schema\/logo\/image\/"}}]}},"_links":{"self":[{"href":"https:\/\/www.robertzueblin.com\/fr\/wp-json\/wp\/v2\/pages\/33816","targetHints":{"allow":["GET"]}}],"collection":[{"href":"https:\/\/www.robertzueblin.com\/fr\/wp-json\/wp\/v2\/pages"}],"about":[{"href":"https:\/\/www.robertzueblin.com\/fr\/wp-json\/wp\/v2\/types\/page"}],"author":[{"embeddable":true,"href":"https:\/\/www.robertzueblin.com\/fr\/wp-json\/wp\/v2\/users\/2"}],"replies":[{"embeddable":true,"href":"https:\/\/www.robertzueblin.com\/fr\/wp-json\/wp\/v2\/comments?post=33816"}],"version-history":[{"count":6,"href":"https:\/\/www.robertzueblin.com\/fr\/wp-json\/wp\/v2\/pages\/33816\/revisions"}],"predecessor-version":[{"id":34109,"href":"https:\/\/www.robertzueblin.com\/fr\/wp-json\/wp\/v2\/pages\/33816\/revisions\/34109"}],"up":[{"embeddable":true,"href":"https:\/\/www.robertzueblin.com\/fr\/wp-json\/wp\/v2\/pages\/33709"}],"wp:attachment":[{"href":"https:\/\/www.robertzueblin.com\/fr\/wp-json\/wp\/v2\/media?parent=33816"}],"curies":[{"name":"wp","href":"https:\/\/api.w.org\/{rel}","templated":true}]}}