{"id":32744,"date":"2023-06-07T19:05:53","date_gmt":"2023-06-07T17:05:53","guid":{"rendered":"https:\/\/www.robertzueblin.com\/?page_id=32744"},"modified":"2023-06-07T20:47:40","modified_gmt":"2023-06-07T18:47:40","slug":"acheter-des-tableaux-de-banksy","status":"publish","type":"page","link":"https:\/\/www.robertzueblin.com\/fr\/type\/peinture\/acheter-banksy-oeuvre\/","title":{"rendered":"Acheter Banksy Oeuvre"},"content":{"rendered":"<p><strong>Banksy, souvent \u00e9crit ou prononc\u00e9 \u00e0 tort Bansky, est l&rsquo;un des artistes de street art les plus connus au monde et l&rsquo;un des plus mythiques, puisque son identit\u00e9 reste inconnue \u00e0 ce jour.<\/strong><\/p>\n<p>De nombreuses personnes souhaitent acheter des tableaux de Banksy. Et en effet, il existe \u00e9galement une boutique en ligne de Banksy, l&rsquo;artiste de street art le plus populaire. Pour avoir la chance d&rsquo;y acheter des \u0153uvres de Banksy, il fallait d&rsquo;abord s&rsquo;inscrire, puis \u00eatre s\u00e9lectionn\u00e9. Cette possibilit\u00e9 d&rsquo;enregistrement n&rsquo;existe plus aujourd&rsquo;hui. La boutique en ligne de <a href=\"https:\/\/shop.grossdomesticproduct.com\/\">Banksy s&rsquo;appelle \u00a0\u00bb GrossDomesticProduct \u00a0\u00bb (GDP).<\/a> Il y avait \u00e9galement un pop-up store correspondant dans la ville anglaise de Croydon, au sud de Londres, ou vitrine pop-up, avec des produits de \u00ab\u00a0GrossDomesticProduct\u00a0\u00bb.<\/p>\n<p>Un projet de vente d&rsquo;\u0153uvres de Banksy d&rsquo;occasion serait le site  \u00ab\u00a0<a href=\"https:\/\/bbay.shop\/\">Bbay &#8211; The approved used Banksy dealership<\/a>\u00a0\u00bb auquel renvoie le lien du site GrossDomesticProduct. Jusqu&rsquo;\u00e0 pr\u00e9sent, ce projet est intitul\u00e9 \u00ab\u00a0Coming soon\u00a0\u00bb, c&rsquo;est-\u00e0-dire annonc\u00e9 pour bient\u00f4t.<\/p>\n<div><span style=\"float: left;color: #a4a4a4\"><small><i>&#8211; Annonce &#8211;<\/i><\/small><\/span><\/div>\n<p>&nbsp;<br \/>\n<a href=\"https:\/\/amzn.to\/3VvoAti\" rel=\"sponsored\"><img decoding=\"async\" src=\"https:\/\/m.media-amazon.com\/images\/I\/41gLAv-mjTL.jpg\" alt=\"Banksy - L'art de la rue dans un grand livre illustr\u00e9 : une chronologie unique de ses \u0153uvres par les auteurs Stefano Antonelli et Gianluca Marziani.\" style=\"width: 300px;height: auto\" \/><\/p>\n<div style=\"margin-top: -1em\"><strong>Banksy &#8211; L&rsquo;art de la rue dans un grand livre illustr\u00e9<\/strong><\/div>\n<p><\/a><\/p>\n<p><a href=\"https:\/\/amzn.to\/3VvoAti\" rel=\"sponsored\" style=\"text-decoration: none;background: #D8D8D8;padding-left: 0.4em;padding-right: 0.4em;padding-top: -0.1em;padding-bottom: -0.2em;float:left\">Voir sur Amazon.de<\/a> <span>\u00a0<\/span><\/p>\n<div>&nbsp;<\/div>\n<p>Jusqu&rsquo;\u00e0 pr\u00e9sent, le public ne sait pas qui se cache r\u00e9ellement derri\u00e8re Banksy. La <a href=\"https:\/\/www.artnet.de\/k%C3%BCnstler\/banksy\/\">base de donn\u00e9es artnet <\/a> r\u00e9pertorie de nombreuses \u0153uvres cens\u00e9es \u00eatre de Banksy.<\/p>\n<p>Des vid\u00e9os apparaissent r\u00e9guli\u00e8rement, qui <a href=\"https:\/\/youtu.be\/UgdHeac4bsM\">auraient film\u00e9 Banksy au travail.<\/a> Derni\u00e8rement, Banksy aurait \u00e9t\u00e9 film\u00e9 en train de peindre par une cam\u00e9ra de surveillance dans la ville ukrainienne d&rsquo;Irpin, comme le prouverait une <a href=\"https:\/\/youtu.be\/ky5JsRYTgb8\">vid\u00e9o montrant Banksy<\/a> ; il existe toutefois de s\u00e9rieux doutes quant \u00e0 l&rsquo;authenticit\u00e9 de cette vid\u00e9o, car il est impossible qu&rsquo;une peinture noire et blanche ait \u00e9t\u00e9 appliqu\u00e9e en m\u00eame temps sur le mur avec une bombe de peinture. L&#8217;emplacement de la cam\u00e9ra laisse \u00e9galement planer le doute sur le fait qu&rsquo;il s&rsquo;agisse r\u00e9ellement d&rsquo;une cam\u00e9ra de surveillance, \u00e9tant donn\u00e9 qu&rsquo;elle est positionn\u00e9e extr\u00eamement bas et qu&rsquo;il n&rsquo;est pas clair non plus ce qu&rsquo;elle surveille r\u00e9ellement.<\/p>\n<p>Sur le <a href=\"https:\/\/www.instagram.com\/banksy\/\">canal Instagram de Banksy<\/a> on peut \u00e9galement voir r\u00e9guli\u00e8rement des vid\u00e9os de Banksy, sur lesquelles on tente toutefois de dissimuler son identit\u00e9. Depuis son canal Instagram, Banksy renvoie \u00e0 ce qui semble \u00eatre son <a href=\"https:\/\/www.banksy.co.uk\/\">propre site web.<\/a> On peut y lire qu&rsquo;il faut s&rsquo;adresser au site <a href=\"https:\/\/pestcontroloffice.com\/\">pestcontroloffice.com<\/a> pour les demandes, les plaintes, les menaces et les e-mails haineux, o\u00f9 un service d&rsquo;authentification des \u0153uvres de Banksy est entre autres propos\u00e9.<\/p>\n<p>Sur le site du Pest Control Office, il y a \u00e9galement une <a href=\"https:\/\/pestcontroloffice.com\/faq.asp\">sous-page avec des questions et r\u00e9ponses fr\u00e9quemment pos\u00e9es (FAQ).<\/a> On peut y lire que Pest Control est le seul endroit qui vend les nouvelles \u0153uvres de l&rsquo;atelier de Banksy. Banksy ne serait repr\u00e9sent\u00e9 par aucune autre galerie ou institution. Il y est \u00e9galement pr\u00e9cis\u00e9 que Banksy fait de l&rsquo;art et non du merchandising, comme par exemple l&rsquo;exploitation de ses \u0153uvres d&rsquo;art sur une toile photographique ou un porte-papier toilette. Toutefois, de petites quantit\u00e9s de certains produits Banksy seraient produites dans le cadre du canal de vente <a href=\"https:\/\/shop.grossdomesticproduct.com\/\">\u00ab\u00a0GrossDomesticProduct\u00a0\u00bb (GDP) de Banksy.<\/a><\/p>\n<p>Banksy n&rsquo;a d&rsquo;ailleurs pas seulement r\u00e9alis\u00e9 des tableaux et des sculptures, mais aussi des livres et des films.<\/p>\n<p><a href=\"https:\/\/www.robertzueblin.com\/art\/bilder\/#Bilder_kaufen_online\" style=\"font-family: AkkoPro-BoldCondensed!important;text-decoration: none; color: #ffffff!important; background: #000000; padding-left: 0.8em; padding-right: 0.8em; padding-top: 0.4em; padding-bottom: 0.4em; float:left;\">Acheter des tableaux d&rsquo;art<\/a><\/p>\n<div>&nbsp;<\/div>\n<div>&nbsp;<\/div>\n<div>&nbsp;<\/div>\n","protected":false},"excerpt":{"rendered":"<p>Banksy, souvent \u00e9crit ou prononc\u00e9 \u00e0 tort Bansky, est l&rsquo;un des artistes de street art les plus connus au monde et l&rsquo;un des plus mythiques, puisque son identit\u00e9 reste inconnue \u00e0 ce jour. De nombreuses personnes souhaitent acheter des tableaux de Banksy. Et en effet, il existe \u00e9galement une boutique en ligne de Banksy, l&rsquo;artiste [&hellip;]<\/p>\n","protected":false},"author":2,"featured_media":0,"parent":25395,"menu_order":0,"comment_status":"closed","ping_status":"closed","template":"","meta":{"footnotes":""},"class_list":["post-32744","page","type-page","status-publish","hentry"],"yoast_head":"<!-- This site is optimized with the Yoast SEO plugin v27.4 - https:\/\/yoast.com\/product\/yoast-seo-wordpress\/ -->\n<title>Acheter Banksy Oeuvre - ROBERT Z\u00dcBLIN<\/title>\n<meta name=\"robots\" content=\"index, follow, max-snippet:-1, max-image-preview:large, max-video-preview:-1\" \/>\n<link rel=\"canonical\" href=\"https:\/\/www.robertzueblin.com\/fr\/type\/peinture\/acheter-banksy-oeuvre\/\" \/>\n<meta property=\"og:locale\" content=\"fr_FR\" \/>\n<meta property=\"og:type\" content=\"article\" \/>\n<meta property=\"og:title\" content=\"Acheter Banksy Oeuvre - ROBERT Z\u00dcBLIN\" \/>\n<meta property=\"og:description\" content=\"Banksy, souvent \u00e9crit ou prononc\u00e9 \u00e0 tort Bansky, est l&rsquo;un des artistes de street art les plus connus au monde et l&rsquo;un des plus mythiques, puisque son identit\u00e9 reste inconnue \u00e0 ce jour. De nombreuses personnes souhaitent acheter des tableaux de Banksy. Et en effet, il existe \u00e9galement une boutique en ligne de Banksy, l&rsquo;artiste [&hellip;]\" \/>\n<meta property=\"og:url\" content=\"https:\/\/www.robertzueblin.com\/fr\/type\/peinture\/acheter-banksy-oeuvre\/\" \/>\n<meta property=\"og:site_name\" content=\"ROBERT Z\u00dcBLIN\" \/>\n<meta property=\"article:modified_time\" content=\"2023-06-07T18:47:40+00:00\" \/>\n<meta property=\"og:image\" content=\"https:\/\/m.media-amazon.com\/images\/I\/41gLAv-mjTL.jpg\" \/>\n<meta name=\"twitter:card\" content=\"summary_large_image\" \/>\n<script type=\"application\/ld+json\" class=\"yoast-schema-graph\">{\"@context\":\"https:\\\/\\\/schema.org\",\"@graph\":[{\"@type\":\"WebPage\",\"@id\":\"https:\\\/\\\/www.robertzueblin.com\\\/fr\\\/type\\\/peinture\\\/acheter-banksy-oeuvre\\\/\",\"url\":\"https:\\\/\\\/www.robertzueblin.com\\\/fr\\\/type\\\/peinture\\\/acheter-banksy-oeuvre\\\/\",\"name\":\"Acheter Banksy Oeuvre - ROBERT Z\u00dcBLIN\",\"isPartOf\":{\"@id\":\"https:\\\/\\\/www.robertzueblin.com\\\/fr\\\/#website\"},\"primaryImageOfPage\":{\"@id\":\"https:\\\/\\\/www.robertzueblin.com\\\/fr\\\/type\\\/peinture\\\/acheter-banksy-oeuvre\\\/#primaryimage\"},\"image\":{\"@id\":\"https:\\\/\\\/www.robertzueblin.com\\\/fr\\\/type\\\/peinture\\\/acheter-banksy-oeuvre\\\/#primaryimage\"},\"thumbnailUrl\":\"https:\\\/\\\/m.media-amazon.com\\\/images\\\/I\\\/41gLAv-mjTL.jpg\",\"datePublished\":\"2023-06-07T17:05:53+00:00\",\"dateModified\":\"2023-06-07T18:47:40+00:00\",\"breadcrumb\":{\"@id\":\"https:\\\/\\\/www.robertzueblin.com\\\/fr\\\/type\\\/peinture\\\/acheter-banksy-oeuvre\\\/#breadcrumb\"},\"inLanguage\":\"fr-FR\",\"potentialAction\":[{\"@type\":\"ReadAction\",\"target\":[\"https:\\\/\\\/www.robertzueblin.com\\\/fr\\\/type\\\/peinture\\\/acheter-banksy-oeuvre\\\/\"]}]},{\"@type\":\"ImageObject\",\"inLanguage\":\"fr-FR\",\"@id\":\"https:\\\/\\\/www.robertzueblin.com\\\/fr\\\/type\\\/peinture\\\/acheter-banksy-oeuvre\\\/#primaryimage\",\"url\":\"https:\\\/\\\/m.media-amazon.com\\\/images\\\/I\\\/41gLAv-mjTL.jpg\",\"contentUrl\":\"https:\\\/\\\/m.media-amazon.com\\\/images\\\/I\\\/41gLAv-mjTL.jpg\"},{\"@type\":\"BreadcrumbList\",\"@id\":\"https:\\\/\\\/www.robertzueblin.com\\\/fr\\\/type\\\/peinture\\\/acheter-banksy-oeuvre\\\/#breadcrumb\",\"itemListElement\":[{\"@type\":\"ListItem\",\"position\":1,\"name\":\"Startseite\",\"item\":\"https:\\\/\\\/www.robertzueblin.com\\\/fr\\\/\"},{\"@type\":\"ListItem\",\"position\":2,\"name\":\"Boutique en ligne\",\"item\":\"https:\\\/\\\/www.robertzueblin.com\\\/fr\\\/type\\\/\"},{\"@type\":\"ListItem\",\"position\":3,\"name\":\"Acheter Banksy Oeuvre\"}]},{\"@type\":\"WebSite\",\"@id\":\"https:\\\/\\\/www.robertzueblin.com\\\/fr\\\/#website\",\"url\":\"https:\\\/\\\/www.robertzueblin.com\\\/fr\\\/\",\"name\":\"ROBERT Z\u00dcBLIN\",\"description\":\"\",\"publisher\":{\"@id\":\"https:\\\/\\\/www.robertzueblin.com\\\/fr\\\/#organization\"},\"potentialAction\":[{\"@type\":\"SearchAction\",\"target\":{\"@type\":\"EntryPoint\",\"urlTemplate\":\"https:\\\/\\\/www.robertzueblin.com\\\/fr\\\/?s={search_term_string}\"},\"query-input\":{\"@type\":\"PropertyValueSpecification\",\"valueRequired\":true,\"valueName\":\"search_term_string\"}}],\"inLanguage\":\"fr-FR\"},{\"@type\":\"Organization\",\"@id\":\"https:\\\/\\\/www.robertzueblin.com\\\/fr\\\/#organization\",\"name\":\"ROBERT Z\u00dcBLIN\",\"url\":\"https:\\\/\\\/www.robertzueblin.com\\\/fr\\\/\",\"logo\":{\"@type\":\"ImageObject\",\"inLanguage\":\"fr-FR\",\"@id\":\"https:\\\/\\\/www.robertzueblin.com\\\/fr\\\/#\\\/schema\\\/logo\\\/image\\\/\",\"url\":\"https:\\\/\\\/www.robertzueblin.com\\\/wp-content\\\/uploads\\\/cropped-cropped-logo-von-robert-zueblin.jpg\",\"contentUrl\":\"https:\\\/\\\/www.robertzueblin.com\\\/wp-content\\\/uploads\\\/cropped-cropped-logo-von-robert-zueblin.jpg\",\"width\":440,\"height\":60,\"caption\":\"ROBERT Z\u00dcBLIN\"},\"image\":{\"@id\":\"https:\\\/\\\/www.robertzueblin.com\\\/fr\\\/#\\\/schema\\\/logo\\\/image\\\/\"}}]}<\/script>\n<!-- \/ Yoast SEO plugin. -->","yoast_head_json":{"title":"Acheter Banksy Oeuvre - ROBERT Z\u00dcBLIN","robots":{"index":"index","follow":"follow","max-snippet":"max-snippet:-1","max-image-preview":"max-image-preview:large","max-video-preview":"max-video-preview:-1"},"canonical":"https:\/\/www.robertzueblin.com\/fr\/type\/peinture\/acheter-banksy-oeuvre\/","og_locale":"fr_FR","og_type":"article","og_title":"Acheter Banksy Oeuvre - ROBERT Z\u00dcBLIN","og_description":"Banksy, souvent \u00e9crit ou prononc\u00e9 \u00e0 tort Bansky, est l&rsquo;un des artistes de street art les plus connus au monde et l&rsquo;un des plus mythiques, puisque son identit\u00e9 reste inconnue \u00e0 ce jour. De nombreuses personnes souhaitent acheter des tableaux de Banksy. Et en effet, il existe \u00e9galement une boutique en ligne de Banksy, l&rsquo;artiste [&hellip;]","og_url":"https:\/\/www.robertzueblin.com\/fr\/type\/peinture\/acheter-banksy-oeuvre\/","og_site_name":"ROBERT Z\u00dcBLIN","article_modified_time":"2023-06-07T18:47:40+00:00","og_image":[{"url":"https:\/\/m.media-amazon.com\/images\/I\/41gLAv-mjTL.jpg","type":"","width":"","height":""}],"twitter_card":"summary_large_image","schema":{"@context":"https:\/\/schema.org","@graph":[{"@type":"WebPage","@id":"https:\/\/www.robertzueblin.com\/fr\/type\/peinture\/acheter-banksy-oeuvre\/","url":"https:\/\/www.robertzueblin.com\/fr\/type\/peinture\/acheter-banksy-oeuvre\/","name":"Acheter Banksy Oeuvre - ROBERT Z\u00dcBLIN","isPartOf":{"@id":"https:\/\/www.robertzueblin.com\/fr\/#website"},"primaryImageOfPage":{"@id":"https:\/\/www.robertzueblin.com\/fr\/type\/peinture\/acheter-banksy-oeuvre\/#primaryimage"},"image":{"@id":"https:\/\/www.robertzueblin.com\/fr\/type\/peinture\/acheter-banksy-oeuvre\/#primaryimage"},"thumbnailUrl":"https:\/\/m.media-amazon.com\/images\/I\/41gLAv-mjTL.jpg","datePublished":"2023-06-07T17:05:53+00:00","dateModified":"2023-06-07T18:47:40+00:00","breadcrumb":{"@id":"https:\/\/www.robertzueblin.com\/fr\/type\/peinture\/acheter-banksy-oeuvre\/#breadcrumb"},"inLanguage":"fr-FR","potentialAction":[{"@type":"ReadAction","target":["https:\/\/www.robertzueblin.com\/fr\/type\/peinture\/acheter-banksy-oeuvre\/"]}]},{"@type":"ImageObject","inLanguage":"fr-FR","@id":"https:\/\/www.robertzueblin.com\/fr\/type\/peinture\/acheter-banksy-oeuvre\/#primaryimage","url":"https:\/\/m.media-amazon.com\/images\/I\/41gLAv-mjTL.jpg","contentUrl":"https:\/\/m.media-amazon.com\/images\/I\/41gLAv-mjTL.jpg"},{"@type":"BreadcrumbList","@id":"https:\/\/www.robertzueblin.com\/fr\/type\/peinture\/acheter-banksy-oeuvre\/#breadcrumb","itemListElement":[{"@type":"ListItem","position":1,"name":"Startseite","item":"https:\/\/www.robertzueblin.com\/fr\/"},{"@type":"ListItem","position":2,"name":"Boutique en ligne","item":"https:\/\/www.robertzueblin.com\/fr\/type\/"},{"@type":"ListItem","position":3,"name":"Acheter Banksy Oeuvre"}]},{"@type":"WebSite","@id":"https:\/\/www.robertzueblin.com\/fr\/#website","url":"https:\/\/www.robertzueblin.com\/fr\/","name":"ROBERT Z\u00dcBLIN","description":"","publisher":{"@id":"https:\/\/www.robertzueblin.com\/fr\/#organization"},"potentialAction":[{"@type":"SearchAction","target":{"@type":"EntryPoint","urlTemplate":"https:\/\/www.robertzueblin.com\/fr\/?s={search_term_string}"},"query-input":{"@type":"PropertyValueSpecification","valueRequired":true,"valueName":"search_term_string"}}],"inLanguage":"fr-FR"},{"@type":"Organization","@id":"https:\/\/www.robertzueblin.com\/fr\/#organization","name":"ROBERT Z\u00dcBLIN","url":"https:\/\/www.robertzueblin.com\/fr\/","logo":{"@type":"ImageObject","inLanguage":"fr-FR","@id":"https:\/\/www.robertzueblin.com\/fr\/#\/schema\/logo\/image\/","url":"https:\/\/www.robertzueblin.com\/wp-content\/uploads\/cropped-cropped-logo-von-robert-zueblin.jpg","contentUrl":"https:\/\/www.robertzueblin.com\/wp-content\/uploads\/cropped-cropped-logo-von-robert-zueblin.jpg","width":440,"height":60,"caption":"ROBERT Z\u00dcBLIN"},"image":{"@id":"https:\/\/www.robertzueblin.com\/fr\/#\/schema\/logo\/image\/"}}]}},"_links":{"self":[{"href":"https:\/\/www.robertzueblin.com\/fr\/wp-json\/wp\/v2\/pages\/32744","targetHints":{"allow":["GET"]}}],"collection":[{"href":"https:\/\/www.robertzueblin.com\/fr\/wp-json\/wp\/v2\/pages"}],"about":[{"href":"https:\/\/www.robertzueblin.com\/fr\/wp-json\/wp\/v2\/types\/page"}],"author":[{"embeddable":true,"href":"https:\/\/www.robertzueblin.com\/fr\/wp-json\/wp\/v2\/users\/2"}],"replies":[{"embeddable":true,"href":"https:\/\/www.robertzueblin.com\/fr\/wp-json\/wp\/v2\/comments?post=32744"}],"version-history":[{"count":10,"href":"https:\/\/www.robertzueblin.com\/fr\/wp-json\/wp\/v2\/pages\/32744\/revisions"}],"predecessor-version":[{"id":32787,"href":"https:\/\/www.robertzueblin.com\/fr\/wp-json\/wp\/v2\/pages\/32744\/revisions\/32787"}],"up":[{"embeddable":true,"href":"https:\/\/www.robertzueblin.com\/fr\/wp-json\/wp\/v2\/pages\/25395"}],"wp:attachment":[{"href":"https:\/\/www.robertzueblin.com\/fr\/wp-json\/wp\/v2\/media?parent=32744"}],"curies":[{"name":"wp","href":"https:\/\/api.w.org\/{rel}","templated":true}]}}