{"id":31441,"date":"2023-02-05T17:39:07","date_gmt":"2023-02-05T16:39:07","guid":{"rendered":"https:\/\/www.robertzueblin.com\/?page_id=31441"},"modified":"2023-12-26T15:19:02","modified_gmt":"2023-12-26T14:19:02","slug":"lexposition-otto-douglas-hill-au-keramik-museum-berlin-est-prolongee","status":"publish","type":"page","link":"https:\/\/www.robertzueblin.com\/fr\/actualites-de-ceramique\/lexposition-otto-douglas-hill-au-keramik-museum-berlin-est-prolongee\/","title":{"rendered":"L&rsquo;exposition Otto Douglas-Hill au Keramik-Museum Berlin est prolong\u00e9e"},"content":{"rendered":"<figure class=\"newsst\"><img decoding=\"async\" src=\"https:\/\/www.robertzueblin.com\/wp-content\/uploads\/otto-douglas-hill-exposition.jpg\" alt=\"\u00c0 l'occasion du 125e anniversaire d'Otto Douglas-Hill, le mus\u00e9e de la c\u00e9ramique de Berlin (Keramik-Museum Berlin) organise une exposition intitul\u00e9e Otto Douglas-Hill 1897-1972.\" width=\"100%\" height=\"auto\" \/><\/figure><figcaption><strong><a href=\"https:\/\/www.robertzueblin.com\/fr\/otto-douglas-hill\/cache-pot-en-ceramique\/\">Cache-pot d&rsquo;Otto Douglas-Hill<\/a> (exemplaire similaire dans l&rsquo;exposition du Keramik-Museum Berlin)<\/strong><\/figcaption><table style=\"margin-bottom: 1.5em; margin-top: 2em;\">\n<tbody>\n<tr>\n<td style=\"border-width: 0.15em; line-height: 0; border-color: #bfbfbf!important;\"><span style=\"float:right; font-size: 0.9em; color:#aaaaaa!important;\">Robert Z\u00fcblin | 05.02.2023 | 17:39 heures<\/span><\/td>\n<\/tbody>\n<\/table>\n<div class=\"newsssst\"><strong>L&rsquo;exposition \u00ab\u00a0Otto Douglas-Hill 1897-1972\u00a0\u00bb au mus\u00e9e de la c\u00e9ramique de Berlin a \u00e9t\u00e9 prolong\u00e9e jusqu&rsquo;au 29 mai 2023.<\/strong><\/div>\n<h2 class=\"newssst\">A l&rsquo;occasion du 125e anniversaire de sa naissance<\/h2>\n<p>L&rsquo;exposition \u00ab\u00a0Otto Douglas-Hill 1897-1972\u00a0\u00bb du Keramik-Museum Berlin ne devait initialement durer que du 12 septembre 2022 au 23 janvier 2023. Le mus\u00e9e de la c\u00e9ramique de Berlin vient d&rsquo;annoncer que l&rsquo;exposition a \u00e9t\u00e9 prolong\u00e9e jusqu&rsquo;au 29 mai 2023.  <\/p>\n<p>L&rsquo;exposition est organis\u00e9e \u00e0 l&rsquo;occasion du 125e anniversaire du c\u00e9ramiste <a href=\"https:\/\/www.robertzueblin.com\/fr\/otto-douglas-hill\/\">Otto Douglas-Hill<\/a>. Le Keramik-Museum Berlin souhaite ainsi rendre hommage \u00e0 l&rsquo;un des c\u00e9ramistes berlinois les plus importants de la premi\u00e8re moiti\u00e9 du 20e si\u00e8cle. En effet, il est l&rsquo;un des c\u00e9ramistes les plus importants d&rsquo;Allemagne et m\u00eame du monde de son \u00e9poque. <\/p>\n<h2 class=\"newssst\">Un langage formel particulier et des \u00e9maux spectaculaires<\/h2>\n<p>Otto Douglas-Hill se distingue d&rsquo;une part par son langage formel tr\u00e8s particulier. Mais il se distingue \u00e9galement par ses gla\u00e7ures de couleur intense, allant du bleu clair au bleu turquoise, en passant par le jaune vif.  <\/p>\n<p>L&rsquo;exposition du Keramik-Museum Berlin pr\u00e9sente une quarantaine de pi\u00e8ces. Outre les r\u00e9cipients tourn\u00e9s, on y trouve \u00e9galement des c\u00e9ramiques construites par Otto Douglas-Hill.  <\/p>\n<p>Le mus\u00e9e de la c\u00e9ramique de Berlin se trouve au 13 de la Schustehrusstra\u00dfe, \u00e0 10585 Berlin-Charlottenburg, Allemagne.  <\/p>\n<p>Les heures d&rsquo;ouverture du Keramik-Museum Berlin sont : Ve, Sa, Di, Lu 13 \u00e0 17 heures.<\/p>\n<div>&nbsp;<\/div>\n<p><a href=\"https:\/\/www.robertzueblin.com\/fr\/otto-douglas-hill\/\" style=\"font-size: 0.8em; text-decoration: none; background: #D8D8D8; padding-left: 0.1em; padding-right: 0.1em; padding-top: -0.1em; padding-bottom: -0.2em; float:right;\">Otto Douglas-Hill<\/a><\/p>\n<div>&nbsp;<\/div>\n","protected":false},"excerpt":{"rendered":"<p>Cache-pot d&rsquo;Otto Douglas-Hill (exemplaire similaire dans l&rsquo;exposition du Keramik-Museum Berlin) Robert Z\u00fcblin | 05.02.2023 | 17:39 heures L&rsquo;exposition \u00ab\u00a0Otto Douglas-Hill 1897-1972\u00a0\u00bb au mus\u00e9e de la c\u00e9ramique de Berlin a \u00e9t\u00e9 prolong\u00e9e jusqu&rsquo;au 29 mai 2023. A l&rsquo;occasion du 125e anniversaire de sa naissance L&rsquo;exposition \u00ab\u00a0Otto Douglas-Hill 1897-1972\u00a0\u00bb du Keramik-Museum Berlin ne devait initialement durer que [&hellip;]<\/p>\n","protected":false},"author":1,"featured_media":0,"parent":25857,"menu_order":0,"comment_status":"closed","ping_status":"closed","template":"","meta":{"footnotes":""},"class_list":["post-31441","page","type-page","status-publish","hentry"],"yoast_head":"<!-- This site is optimized with the Yoast SEO plugin v27.4 - https:\/\/yoast.com\/product\/yoast-seo-wordpress\/ -->\n<title>L&#039;exposition Otto Douglas-Hill Keramik-Museum Berlin prolong\u00e9e<\/title>\n<meta name=\"description\" content=\"Exposition Otto Douglas-Hill (c\u00e9ramiste) mus\u00e9e de la c\u00e9ramique Berlin avec quarantaine de c\u00e9ramiques Douglas-Hill mais aussi d&#039;autres pi\u00e8ces.\" \/>\n<meta name=\"robots\" content=\"index, follow, max-snippet:-1, max-image-preview:large, max-video-preview:-1\" \/>\n<link rel=\"canonical\" href=\"https:\/\/www.robertzueblin.com\/fr\/actualites-de-ceramique\/lexposition-otto-douglas-hill-au-keramik-museum-berlin-est-prolongee\/\" \/>\n<meta property=\"og:locale\" content=\"fr_FR\" \/>\n<meta property=\"og:type\" content=\"article\" \/>\n<meta property=\"og:title\" content=\"L&#039;exposition Otto Douglas-Hill Keramik-Museum Berlin prolong\u00e9e\" \/>\n<meta property=\"og:description\" content=\"Exposition Otto Douglas-Hill (c\u00e9ramiste) mus\u00e9e de la c\u00e9ramique Berlin avec quarantaine de c\u00e9ramiques Douglas-Hill mais aussi d&#039;autres pi\u00e8ces.\" \/>\n<meta property=\"og:url\" content=\"https:\/\/www.robertzueblin.com\/fr\/actualites-de-ceramique\/lexposition-otto-douglas-hill-au-keramik-museum-berlin-est-prolongee\/\" \/>\n<meta property=\"og:site_name\" content=\"ROBERT Z\u00dcBLIN\" \/>\n<meta property=\"article:modified_time\" content=\"2023-12-26T14:19:02+00:00\" \/>\n<meta property=\"og:image\" content=\"https:\/\/www.robertzueblin.com\/wp-content\/uploads\/otto-douglas-hill-exposition.jpg\" \/>\n<meta name=\"twitter:card\" content=\"summary_large_image\" \/>\n<script type=\"application\/ld+json\" class=\"yoast-schema-graph\">{\"@context\":\"https:\\\/\\\/schema.org\",\"@graph\":[{\"@type\":\"WebPage\",\"@id\":\"https:\\\/\\\/www.robertzueblin.com\\\/fr\\\/actualites-de-ceramique\\\/lexposition-otto-douglas-hill-au-keramik-museum-berlin-est-prolongee\\\/\",\"url\":\"https:\\\/\\\/www.robertzueblin.com\\\/fr\\\/actualites-de-ceramique\\\/lexposition-otto-douglas-hill-au-keramik-museum-berlin-est-prolongee\\\/\",\"name\":\"L'exposition Otto Douglas-Hill Keramik-Museum Berlin prolong\u00e9e\",\"isPartOf\":{\"@id\":\"https:\\\/\\\/www.robertzueblin.com\\\/fr\\\/#website\"},\"primaryImageOfPage\":{\"@id\":\"https:\\\/\\\/www.robertzueblin.com\\\/fr\\\/actualites-de-ceramique\\\/lexposition-otto-douglas-hill-au-keramik-museum-berlin-est-prolongee\\\/#primaryimage\"},\"image\":{\"@id\":\"https:\\\/\\\/www.robertzueblin.com\\\/fr\\\/actualites-de-ceramique\\\/lexposition-otto-douglas-hill-au-keramik-museum-berlin-est-prolongee\\\/#primaryimage\"},\"thumbnailUrl\":\"https:\\\/\\\/www.robertzueblin.com\\\/wp-content\\\/uploads\\\/otto-douglas-hill-exposition.jpg\",\"datePublished\":\"2023-02-05T16:39:07+00:00\",\"dateModified\":\"2023-12-26T14:19:02+00:00\",\"description\":\"Exposition Otto Douglas-Hill (c\u00e9ramiste) mus\u00e9e de la c\u00e9ramique Berlin avec quarantaine de c\u00e9ramiques Douglas-Hill mais aussi d'autres pi\u00e8ces.\",\"breadcrumb\":{\"@id\":\"https:\\\/\\\/www.robertzueblin.com\\\/fr\\\/actualites-de-ceramique\\\/lexposition-otto-douglas-hill-au-keramik-museum-berlin-est-prolongee\\\/#breadcrumb\"},\"inLanguage\":\"fr-FR\",\"potentialAction\":[{\"@type\":\"ReadAction\",\"target\":[\"https:\\\/\\\/www.robertzueblin.com\\\/fr\\\/actualites-de-ceramique\\\/lexposition-otto-douglas-hill-au-keramik-museum-berlin-est-prolongee\\\/\"]}]},{\"@type\":\"ImageObject\",\"inLanguage\":\"fr-FR\",\"@id\":\"https:\\\/\\\/www.robertzueblin.com\\\/fr\\\/actualites-de-ceramique\\\/lexposition-otto-douglas-hill-au-keramik-museum-berlin-est-prolongee\\\/#primaryimage\",\"url\":\"https:\\\/\\\/www.robertzueblin.com\\\/wp-content\\\/uploads\\\/otto-douglas-hill-exposition.jpg\",\"contentUrl\":\"https:\\\/\\\/www.robertzueblin.com\\\/wp-content\\\/uploads\\\/otto-douglas-hill-exposition.jpg\"},{\"@type\":\"BreadcrumbList\",\"@id\":\"https:\\\/\\\/www.robertzueblin.com\\\/fr\\\/actualites-de-ceramique\\\/lexposition-otto-douglas-hill-au-keramik-museum-berlin-est-prolongee\\\/#breadcrumb\",\"itemListElement\":[{\"@type\":\"ListItem\",\"position\":1,\"name\":\"Startseite\",\"item\":\"https:\\\/\\\/www.robertzueblin.com\\\/fr\\\/\"},{\"@type\":\"ListItem\",\"position\":2,\"name\":\"Actualit\u00e9s de art et c\u00e9ramique\",\"item\":\"https:\\\/\\\/www.robertzueblin.com\\\/fr\\\/actualites-de-ceramique\\\/\"},{\"@type\":\"ListItem\",\"position\":3,\"name\":\"L&#8217;exposition Otto Douglas-Hill au Keramik-Museum Berlin est prolong\u00e9e\"}]},{\"@type\":\"WebSite\",\"@id\":\"https:\\\/\\\/www.robertzueblin.com\\\/fr\\\/#website\",\"url\":\"https:\\\/\\\/www.robertzueblin.com\\\/fr\\\/\",\"name\":\"ROBERT Z\u00dcBLIN\",\"description\":\"\",\"publisher\":{\"@id\":\"https:\\\/\\\/www.robertzueblin.com\\\/fr\\\/#organization\"},\"potentialAction\":[{\"@type\":\"SearchAction\",\"target\":{\"@type\":\"EntryPoint\",\"urlTemplate\":\"https:\\\/\\\/www.robertzueblin.com\\\/fr\\\/?s={search_term_string}\"},\"query-input\":{\"@type\":\"PropertyValueSpecification\",\"valueRequired\":true,\"valueName\":\"search_term_string\"}}],\"inLanguage\":\"fr-FR\"},{\"@type\":\"Organization\",\"@id\":\"https:\\\/\\\/www.robertzueblin.com\\\/fr\\\/#organization\",\"name\":\"ROBERT Z\u00dcBLIN\",\"url\":\"https:\\\/\\\/www.robertzueblin.com\\\/fr\\\/\",\"logo\":{\"@type\":\"ImageObject\",\"inLanguage\":\"fr-FR\",\"@id\":\"https:\\\/\\\/www.robertzueblin.com\\\/fr\\\/#\\\/schema\\\/logo\\\/image\\\/\",\"url\":\"https:\\\/\\\/www.robertzueblin.com\\\/wp-content\\\/uploads\\\/cropped-cropped-logo-von-robert-zueblin.jpg\",\"contentUrl\":\"https:\\\/\\\/www.robertzueblin.com\\\/wp-content\\\/uploads\\\/cropped-cropped-logo-von-robert-zueblin.jpg\",\"width\":440,\"height\":60,\"caption\":\"ROBERT Z\u00dcBLIN\"},\"image\":{\"@id\":\"https:\\\/\\\/www.robertzueblin.com\\\/fr\\\/#\\\/schema\\\/logo\\\/image\\\/\"}}]}<\/script>\n<!-- \/ Yoast SEO plugin. -->","yoast_head_json":{"title":"L'exposition Otto Douglas-Hill Keramik-Museum Berlin prolong\u00e9e","description":"Exposition Otto Douglas-Hill (c\u00e9ramiste) mus\u00e9e de la c\u00e9ramique Berlin avec quarantaine de c\u00e9ramiques Douglas-Hill mais aussi d'autres pi\u00e8ces.","robots":{"index":"index","follow":"follow","max-snippet":"max-snippet:-1","max-image-preview":"max-image-preview:large","max-video-preview":"max-video-preview:-1"},"canonical":"https:\/\/www.robertzueblin.com\/fr\/actualites-de-ceramique\/lexposition-otto-douglas-hill-au-keramik-museum-berlin-est-prolongee\/","og_locale":"fr_FR","og_type":"article","og_title":"L'exposition Otto Douglas-Hill Keramik-Museum Berlin prolong\u00e9e","og_description":"Exposition Otto Douglas-Hill (c\u00e9ramiste) mus\u00e9e de la c\u00e9ramique Berlin avec quarantaine de c\u00e9ramiques Douglas-Hill mais aussi d'autres pi\u00e8ces.","og_url":"https:\/\/www.robertzueblin.com\/fr\/actualites-de-ceramique\/lexposition-otto-douglas-hill-au-keramik-museum-berlin-est-prolongee\/","og_site_name":"ROBERT Z\u00dcBLIN","article_modified_time":"2023-12-26T14:19:02+00:00","og_image":[{"url":"https:\/\/www.robertzueblin.com\/wp-content\/uploads\/otto-douglas-hill-exposition.jpg","type":"","width":"","height":""}],"twitter_card":"summary_large_image","schema":{"@context":"https:\/\/schema.org","@graph":[{"@type":"WebPage","@id":"https:\/\/www.robertzueblin.com\/fr\/actualites-de-ceramique\/lexposition-otto-douglas-hill-au-keramik-museum-berlin-est-prolongee\/","url":"https:\/\/www.robertzueblin.com\/fr\/actualites-de-ceramique\/lexposition-otto-douglas-hill-au-keramik-museum-berlin-est-prolongee\/","name":"L'exposition Otto Douglas-Hill Keramik-Museum Berlin prolong\u00e9e","isPartOf":{"@id":"https:\/\/www.robertzueblin.com\/fr\/#website"},"primaryImageOfPage":{"@id":"https:\/\/www.robertzueblin.com\/fr\/actualites-de-ceramique\/lexposition-otto-douglas-hill-au-keramik-museum-berlin-est-prolongee\/#primaryimage"},"image":{"@id":"https:\/\/www.robertzueblin.com\/fr\/actualites-de-ceramique\/lexposition-otto-douglas-hill-au-keramik-museum-berlin-est-prolongee\/#primaryimage"},"thumbnailUrl":"https:\/\/www.robertzueblin.com\/wp-content\/uploads\/otto-douglas-hill-exposition.jpg","datePublished":"2023-02-05T16:39:07+00:00","dateModified":"2023-12-26T14:19:02+00:00","description":"Exposition Otto Douglas-Hill (c\u00e9ramiste) mus\u00e9e de la c\u00e9ramique Berlin avec quarantaine de c\u00e9ramiques Douglas-Hill mais aussi d'autres pi\u00e8ces.","breadcrumb":{"@id":"https:\/\/www.robertzueblin.com\/fr\/actualites-de-ceramique\/lexposition-otto-douglas-hill-au-keramik-museum-berlin-est-prolongee\/#breadcrumb"},"inLanguage":"fr-FR","potentialAction":[{"@type":"ReadAction","target":["https:\/\/www.robertzueblin.com\/fr\/actualites-de-ceramique\/lexposition-otto-douglas-hill-au-keramik-museum-berlin-est-prolongee\/"]}]},{"@type":"ImageObject","inLanguage":"fr-FR","@id":"https:\/\/www.robertzueblin.com\/fr\/actualites-de-ceramique\/lexposition-otto-douglas-hill-au-keramik-museum-berlin-est-prolongee\/#primaryimage","url":"https:\/\/www.robertzueblin.com\/wp-content\/uploads\/otto-douglas-hill-exposition.jpg","contentUrl":"https:\/\/www.robertzueblin.com\/wp-content\/uploads\/otto-douglas-hill-exposition.jpg"},{"@type":"BreadcrumbList","@id":"https:\/\/www.robertzueblin.com\/fr\/actualites-de-ceramique\/lexposition-otto-douglas-hill-au-keramik-museum-berlin-est-prolongee\/#breadcrumb","itemListElement":[{"@type":"ListItem","position":1,"name":"Startseite","item":"https:\/\/www.robertzueblin.com\/fr\/"},{"@type":"ListItem","position":2,"name":"Actualit\u00e9s de art et c\u00e9ramique","item":"https:\/\/www.robertzueblin.com\/fr\/actualites-de-ceramique\/"},{"@type":"ListItem","position":3,"name":"L&#8217;exposition Otto Douglas-Hill au Keramik-Museum Berlin est prolong\u00e9e"}]},{"@type":"WebSite","@id":"https:\/\/www.robertzueblin.com\/fr\/#website","url":"https:\/\/www.robertzueblin.com\/fr\/","name":"ROBERT Z\u00dcBLIN","description":"","publisher":{"@id":"https:\/\/www.robertzueblin.com\/fr\/#organization"},"potentialAction":[{"@type":"SearchAction","target":{"@type":"EntryPoint","urlTemplate":"https:\/\/www.robertzueblin.com\/fr\/?s={search_term_string}"},"query-input":{"@type":"PropertyValueSpecification","valueRequired":true,"valueName":"search_term_string"}}],"inLanguage":"fr-FR"},{"@type":"Organization","@id":"https:\/\/www.robertzueblin.com\/fr\/#organization","name":"ROBERT Z\u00dcBLIN","url":"https:\/\/www.robertzueblin.com\/fr\/","logo":{"@type":"ImageObject","inLanguage":"fr-FR","@id":"https:\/\/www.robertzueblin.com\/fr\/#\/schema\/logo\/image\/","url":"https:\/\/www.robertzueblin.com\/wp-content\/uploads\/cropped-cropped-logo-von-robert-zueblin.jpg","contentUrl":"https:\/\/www.robertzueblin.com\/wp-content\/uploads\/cropped-cropped-logo-von-robert-zueblin.jpg","width":440,"height":60,"caption":"ROBERT Z\u00dcBLIN"},"image":{"@id":"https:\/\/www.robertzueblin.com\/fr\/#\/schema\/logo\/image\/"}}]}},"_links":{"self":[{"href":"https:\/\/www.robertzueblin.com\/fr\/wp-json\/wp\/v2\/pages\/31441","targetHints":{"allow":["GET"]}}],"collection":[{"href":"https:\/\/www.robertzueblin.com\/fr\/wp-json\/wp\/v2\/pages"}],"about":[{"href":"https:\/\/www.robertzueblin.com\/fr\/wp-json\/wp\/v2\/types\/page"}],"author":[{"embeddable":true,"href":"https:\/\/www.robertzueblin.com\/fr\/wp-json\/wp\/v2\/users\/1"}],"replies":[{"embeddable":true,"href":"https:\/\/www.robertzueblin.com\/fr\/wp-json\/wp\/v2\/comments?post=31441"}],"version-history":[{"count":6,"href":"https:\/\/www.robertzueblin.com\/fr\/wp-json\/wp\/v2\/pages\/31441\/revisions"}],"predecessor-version":[{"id":35992,"href":"https:\/\/www.robertzueblin.com\/fr\/wp-json\/wp\/v2\/pages\/31441\/revisions\/35992"}],"up":[{"embeddable":true,"href":"https:\/\/www.robertzueblin.com\/fr\/wp-json\/wp\/v2\/pages\/25857"}],"wp:attachment":[{"href":"https:\/\/www.robertzueblin.com\/fr\/wp-json\/wp\/v2\/media?parent=31441"}],"curies":[{"name":"wp","href":"https:\/\/api.w.org\/{rel}","templated":true}]}}