{"id":29176,"date":"2022-10-07T19:00:54","date_gmt":"2022-10-07T17:00:54","guid":{"rendered":"https:\/\/www.robertzueblin.com\/?page_id=29176"},"modified":"2023-12-26T15:19:40","modified_gmt":"2023-12-26T14:19:40","slug":"exposition-daniel-zuloaga-1852-1921-museo-de-bellas-artes-de-alava","status":"publish","type":"page","link":"https:\/\/www.robertzueblin.com\/fr\/actualites-de-ceramique\/exposition-daniel-zuloaga-1852-1921-museo-de-bellas-artes-de-alava\/","title":{"rendered":"Exposition Daniel Zuloaga (1852-1921) &#8211; Museo de Bellas Artes de \u00c1lava"},"content":{"rendered":"<figure class=\"newsst\"><img decoding=\"async\" src=\"https:\/\/www.robertzueblin.com\/wp-content\/uploads\/daniel-zuloaga-exposition.jpg\" alt=\"L'exposition Daniel Zuloaga (1852-1921) au Museo de Bellas Artes de \u00c1lava pr\u00e9sente des \u0153uvres de Daniel Zuloaga (c\u00e9ramiste), comme des carreaux de fa\u00efence, des vases en c\u00e9ramique, une bo\u00eete et un buste.\" width=\"100%\" height=\"auto\" \/><\/figure><figcaption><strong><a href=\"https:\/\/www.robertzueblin.com\/fr\/daniel-zuloaga\/mortier-en-ceramique\/\">Mortier en c\u00e9ramique de Daniel Zuloaga (pas dans l&rsquo;exposition \u00c1lava)<\/a><\/strong><\/figcaption><table style=\"margin-bottom: 1.5em; margin-top: 2em;\">\n<tbody>\n<tr>\n<td style=\"border-width: 0.15em; line-height: 0; border-color: #bfbfbf!important;\"><span style=\"float:right; font-size: 0.9em; color:#aaaaaa!important;\">Robert Z\u00fcblin | 07.10.2022 | 19:00 heures<\/span><\/td>\n<\/tbody>\n<\/table>\n<div class=\"newsssst\"><strong>Le Museo de Bellas Artes de \u00c1lava pr\u00e9sente dans l&rsquo;exposition \u00ab\u00a0Daniel Zuloaga (1852-1921)\u00a0\u00bb des \u0153uvres en c\u00e9ramique de l&rsquo;un des premiers c\u00e9ramistes d&rsquo;art d&rsquo;Espagne.<\/strong><\/div>\n<h2 class=\"newssst\">\u00c0 l&rsquo;occasion du centenaire de la mort du c\u00e9ramiste Daniel Zuloaga<\/h2>\n<p>L&rsquo;exposition \u00ab\u00a0Daniel Zuloaga (1852-1921)\u00a0\u00bb se tiendra du 18 mai 2022 au 20 novembre 2022 au Museo de Bellas Artes de \u00c1lava (Mus\u00e9e des beaux-arts d&rsquo;\u00c1lava), situ\u00e9 dans la capitale basque Vitoria-Gasteiz en Espagne. L&rsquo;exposition Zuloaga est organis\u00e9e \u00e0 l&rsquo;occasion du centenaire de la mort de <a href=\"https:\/\/www.robertzueblin.com\/fr\/daniel-zuloaga\">Daniel Zuloaga<\/a> en 2021.  <\/p>\n<p>En 1867, \u00e0 l&rsquo;\u00e2ge de 15 ans, Daniel Zuloaga avait commenc\u00e9 sa formation de cinq ans \u00e0 la Manufacture royale de porcelaine de S\u00e8vres en France, l&rsquo;une des plus importantes manufactures de porcelaine d&rsquo;Europe. Zuloaga voulait cependant cr\u00e9er un contrepoint aux tentatives de copier la fabrication de porcelaine de S\u00e8vres et d&rsquo;autres endroits en Europe.  <\/p>\n<p>Dans un prospectus d&rsquo;exposition pour une exposition de Daniel Zuloaga \u00e0 Madrid vers 1912, on peut lire ce qui suit :  <\/p>\n<p><em>\u00ab\u00a0Ce que Zuloaga \u00e9vite, c&rsquo;est l&rsquo;imitation d\u00e9testable. L&rsquo;\u00e9l\u00e8ve de S\u00e8vres, avec tout le respect, \u00e9tait d&rsquo;avis qu&rsquo;il fallait faire le contraire. Une chose est de la vaisselle pour manger faite de mat\u00e9riaux inesth\u00e9tiques et une autre chose est un objet d\u00e9coratif qui n&rsquo;a pas d&rsquo;autre but que de plaire \u00e0 l&rsquo;\u0153il, et c&rsquo;est pourquoi Zuloaga s&rsquo;int\u00e9resse beaucoup plus \u00e0 la fa\u00efence qu&rsquo;\u00e0 la porcelaine qui, comme on l&rsquo;a dit, est discr\u00e9dit\u00e9e par ces grandes industries qui inondent toutes les vitrines de Madrid avec des porcelaines biscuit ridicules comme des parodies de S\u00e8vres, Sax, Berlin, Vienne, Chelsen, etc. et qui ne peuvent pas entrer dans la chambre d&rsquo;une personne form\u00e9e \u00e0 l&rsquo;art\u00a0\u00bb.<\/em><\/p>\n<h2 class=\"newssst\">Huit c\u00e9ramiques de Zuloaga expos\u00e9es<\/h2>\n<p>Au total, l&rsquo;exposition pr\u00e9sente huit c\u00e9ramiques de Daniel Zuloaga, dont le buste d&rsquo;une danseuse de flamenco, appel\u00e9e jusqu&rsquo;\u00e0 pr\u00e9sent \u00ab\u00a0La gitane\u00a0\u00bb, mais qui a depuis re\u00e7u un nom gr\u00e2ce \u00e0 un pr\u00eat dans le cadre de l&rsquo;exposition \u00ab\u00a0<a href=\"https:\/\/fundacionzuloaga.com\/exposicion-zuloaga-gitano-flamenco\/\">Zuloaga, entre lo gitano y el flamenco<\/a>\u00a0\u00bb (<a href=\"https:\/\/www.youtube.com\/watch?v=DFM2_7_fZX8&#038;t=13s\">vid\u00e9o de l&rsquo;exposition<\/a>) \u00e0 Grenade : Agustina.  <\/p>\n<p>Outre le buste de l&rsquo;Agustina, on peut voir d&rsquo;autres \u0153uvres de Daniel Zuloaga dans l&rsquo;exposition actuelle du Museo de Bellas Artes de \u00c1lava, \u00e0 savoir une bo\u00eete \u00e0 images, des carreaux de fa\u00efence et des vases \u00e0 images ainsi qu&rsquo;un vase avec un blason.  <\/p>\n<p>Sur la <a href=\"https:\/\/arteederrenmuseoa.eus\/es\/web\/arteederrenmuseoa\/-\/daniel-zuloaga\">page du mus\u00e9e consacr\u00e9e \u00e0 l&rsquo;exposition actuelle de Daniel Zuloaga<\/a> au Museo de Bellas Artes de \u00c1lava, on trouve une <a href=\"https:\/\/www.youtube.com\/watch?v=o3KCkmfScYg\">vid\u00e9o<\/a> de l&rsquo;exposition ainsi qu&rsquo;un lien vers un prospectus d\u00e9taill\u00e9 de l&rsquo;exposition contenant de nombreuses informations sur la vie de Daniel Zuloaga et sur les pi\u00e8ces expos\u00e9es.<\/p>\n<div>&nbsp;<\/div>\n<p><a href=\"https:\/\/www.robertzueblin.com\/fr\/daniel-zuloaga\" style=\"font-size: 0.8em; text-decoration: none; background: #D8D8D8; padding-left: 0.1em; padding-right: 0.1em; padding-top: -0.1em; padding-bottom: -0.2em; float:right;\">Daniel Zuloaga<\/a><\/p>\n<div>&nbsp;<\/div>\n","protected":false},"excerpt":{"rendered":"<p>Mortier en c\u00e9ramique de Daniel Zuloaga (pas dans l&rsquo;exposition \u00c1lava) Robert Z\u00fcblin | 07.10.2022 | 19:00 heures Le Museo de Bellas Artes de \u00c1lava pr\u00e9sente dans l&rsquo;exposition \u00ab\u00a0Daniel Zuloaga (1852-1921)\u00a0\u00bb des \u0153uvres en c\u00e9ramique de l&rsquo;un des premiers c\u00e9ramistes d&rsquo;art d&rsquo;Espagne. \u00c0 l&rsquo;occasion du centenaire de la mort du c\u00e9ramiste Daniel Zuloaga L&rsquo;exposition \u00ab\u00a0Daniel Zuloaga [&hellip;]<\/p>\n","protected":false},"author":1,"featured_media":0,"parent":25857,"menu_order":0,"comment_status":"closed","ping_status":"closed","template":"","meta":{"footnotes":""},"class_list":["post-29176","page","type-page","status-publish","hentry"],"yoast_head":"<!-- This site is optimized with the Yoast SEO plugin v27.4 - https:\/\/yoast.com\/product\/yoast-seo-wordpress\/ -->\n<title>Exposition Daniel Zuloaga 1852-1921 - Museo Bellas Artes \u00c1lava<\/title>\n<meta name=\"description\" content=\"Exposition Daniel Zuloaga 1852-1921, c\u00e9ramique, Museo Bellas Artes \u00c1lava: \u0153uvres Daniel Zuloaga c\u00e9ramiste carreaux de fa\u00efence, vases, buste.\" \/>\n<meta name=\"robots\" content=\"index, follow, max-snippet:-1, max-image-preview:large, max-video-preview:-1\" \/>\n<link rel=\"canonical\" href=\"https:\/\/www.robertzueblin.com\/fr\/actualites-de-ceramique\/exposition-daniel-zuloaga-1852-1921-museo-de-bellas-artes-de-alava\/\" \/>\n<meta property=\"og:locale\" content=\"fr_FR\" \/>\n<meta property=\"og:type\" content=\"article\" \/>\n<meta property=\"og:title\" content=\"Exposition Daniel Zuloaga 1852-1921 - Museo Bellas Artes \u00c1lava\" \/>\n<meta property=\"og:description\" content=\"Exposition Daniel Zuloaga 1852-1921, c\u00e9ramique, Museo Bellas Artes \u00c1lava: \u0153uvres Daniel Zuloaga c\u00e9ramiste carreaux de fa\u00efence, vases, buste.\" \/>\n<meta property=\"og:url\" content=\"https:\/\/www.robertzueblin.com\/fr\/actualites-de-ceramique\/exposition-daniel-zuloaga-1852-1921-museo-de-bellas-artes-de-alava\/\" \/>\n<meta property=\"og:site_name\" content=\"ROBERT Z\u00dcBLIN\" \/>\n<meta property=\"article:modified_time\" content=\"2023-12-26T14:19:40+00:00\" \/>\n<meta property=\"og:image\" content=\"https:\/\/www.robertzueblin.com\/wp-content\/uploads\/daniel-zuloaga-exposition.jpg\" \/>\n<meta name=\"twitter:card\" content=\"summary_large_image\" \/>\n<script type=\"application\/ld+json\" class=\"yoast-schema-graph\">{\"@context\":\"https:\\\/\\\/schema.org\",\"@graph\":[{\"@type\":\"WebPage\",\"@id\":\"https:\\\/\\\/www.robertzueblin.com\\\/fr\\\/actualites-de-ceramique\\\/exposition-daniel-zuloaga-1852-1921-museo-de-bellas-artes-de-alava\\\/\",\"url\":\"https:\\\/\\\/www.robertzueblin.com\\\/fr\\\/actualites-de-ceramique\\\/exposition-daniel-zuloaga-1852-1921-museo-de-bellas-artes-de-alava\\\/\",\"name\":\"Exposition Daniel Zuloaga 1852-1921 - Museo Bellas Artes \u00c1lava\",\"isPartOf\":{\"@id\":\"https:\\\/\\\/www.robertzueblin.com\\\/fr\\\/#website\"},\"primaryImageOfPage\":{\"@id\":\"https:\\\/\\\/www.robertzueblin.com\\\/fr\\\/actualites-de-ceramique\\\/exposition-daniel-zuloaga-1852-1921-museo-de-bellas-artes-de-alava\\\/#primaryimage\"},\"image\":{\"@id\":\"https:\\\/\\\/www.robertzueblin.com\\\/fr\\\/actualites-de-ceramique\\\/exposition-daniel-zuloaga-1852-1921-museo-de-bellas-artes-de-alava\\\/#primaryimage\"},\"thumbnailUrl\":\"https:\\\/\\\/www.robertzueblin.com\\\/wp-content\\\/uploads\\\/daniel-zuloaga-exposition.jpg\",\"datePublished\":\"2022-10-07T17:00:54+00:00\",\"dateModified\":\"2023-12-26T14:19:40+00:00\",\"description\":\"Exposition Daniel Zuloaga 1852-1921, c\u00e9ramique, Museo Bellas Artes \u00c1lava: \u0153uvres Daniel Zuloaga c\u00e9ramiste carreaux de fa\u00efence, vases, buste.\",\"breadcrumb\":{\"@id\":\"https:\\\/\\\/www.robertzueblin.com\\\/fr\\\/actualites-de-ceramique\\\/exposition-daniel-zuloaga-1852-1921-museo-de-bellas-artes-de-alava\\\/#breadcrumb\"},\"inLanguage\":\"fr-FR\",\"potentialAction\":[{\"@type\":\"ReadAction\",\"target\":[\"https:\\\/\\\/www.robertzueblin.com\\\/fr\\\/actualites-de-ceramique\\\/exposition-daniel-zuloaga-1852-1921-museo-de-bellas-artes-de-alava\\\/\"]}]},{\"@type\":\"ImageObject\",\"inLanguage\":\"fr-FR\",\"@id\":\"https:\\\/\\\/www.robertzueblin.com\\\/fr\\\/actualites-de-ceramique\\\/exposition-daniel-zuloaga-1852-1921-museo-de-bellas-artes-de-alava\\\/#primaryimage\",\"url\":\"https:\\\/\\\/www.robertzueblin.com\\\/wp-content\\\/uploads\\\/daniel-zuloaga-exposition.jpg\",\"contentUrl\":\"https:\\\/\\\/www.robertzueblin.com\\\/wp-content\\\/uploads\\\/daniel-zuloaga-exposition.jpg\"},{\"@type\":\"BreadcrumbList\",\"@id\":\"https:\\\/\\\/www.robertzueblin.com\\\/fr\\\/actualites-de-ceramique\\\/exposition-daniel-zuloaga-1852-1921-museo-de-bellas-artes-de-alava\\\/#breadcrumb\",\"itemListElement\":[{\"@type\":\"ListItem\",\"position\":1,\"name\":\"Startseite\",\"item\":\"https:\\\/\\\/www.robertzueblin.com\\\/fr\\\/\"},{\"@type\":\"ListItem\",\"position\":2,\"name\":\"Actualit\u00e9s de art et c\u00e9ramique\",\"item\":\"https:\\\/\\\/www.robertzueblin.com\\\/fr\\\/actualites-de-ceramique\\\/\"},{\"@type\":\"ListItem\",\"position\":3,\"name\":\"Exposition Daniel Zuloaga (1852-1921) &#8211; Museo de Bellas Artes de \u00c1lava\"}]},{\"@type\":\"WebSite\",\"@id\":\"https:\\\/\\\/www.robertzueblin.com\\\/fr\\\/#website\",\"url\":\"https:\\\/\\\/www.robertzueblin.com\\\/fr\\\/\",\"name\":\"ROBERT Z\u00dcBLIN\",\"description\":\"\",\"publisher\":{\"@id\":\"https:\\\/\\\/www.robertzueblin.com\\\/fr\\\/#organization\"},\"potentialAction\":[{\"@type\":\"SearchAction\",\"target\":{\"@type\":\"EntryPoint\",\"urlTemplate\":\"https:\\\/\\\/www.robertzueblin.com\\\/fr\\\/?s={search_term_string}\"},\"query-input\":{\"@type\":\"PropertyValueSpecification\",\"valueRequired\":true,\"valueName\":\"search_term_string\"}}],\"inLanguage\":\"fr-FR\"},{\"@type\":\"Organization\",\"@id\":\"https:\\\/\\\/www.robertzueblin.com\\\/fr\\\/#organization\",\"name\":\"ROBERT Z\u00dcBLIN\",\"url\":\"https:\\\/\\\/www.robertzueblin.com\\\/fr\\\/\",\"logo\":{\"@type\":\"ImageObject\",\"inLanguage\":\"fr-FR\",\"@id\":\"https:\\\/\\\/www.robertzueblin.com\\\/fr\\\/#\\\/schema\\\/logo\\\/image\\\/\",\"url\":\"https:\\\/\\\/www.robertzueblin.com\\\/wp-content\\\/uploads\\\/cropped-cropped-logo-von-robert-zueblin.jpg\",\"contentUrl\":\"https:\\\/\\\/www.robertzueblin.com\\\/wp-content\\\/uploads\\\/cropped-cropped-logo-von-robert-zueblin.jpg\",\"width\":440,\"height\":60,\"caption\":\"ROBERT Z\u00dcBLIN\"},\"image\":{\"@id\":\"https:\\\/\\\/www.robertzueblin.com\\\/fr\\\/#\\\/schema\\\/logo\\\/image\\\/\"}}]}<\/script>\n<!-- \/ Yoast SEO plugin. -->","yoast_head_json":{"title":"Exposition Daniel Zuloaga 1852-1921 - Museo Bellas Artes \u00c1lava","description":"Exposition Daniel Zuloaga 1852-1921, c\u00e9ramique, Museo Bellas Artes \u00c1lava: \u0153uvres Daniel Zuloaga c\u00e9ramiste carreaux de fa\u00efence, vases, buste.","robots":{"index":"index","follow":"follow","max-snippet":"max-snippet:-1","max-image-preview":"max-image-preview:large","max-video-preview":"max-video-preview:-1"},"canonical":"https:\/\/www.robertzueblin.com\/fr\/actualites-de-ceramique\/exposition-daniel-zuloaga-1852-1921-museo-de-bellas-artes-de-alava\/","og_locale":"fr_FR","og_type":"article","og_title":"Exposition Daniel Zuloaga 1852-1921 - Museo Bellas Artes \u00c1lava","og_description":"Exposition Daniel Zuloaga 1852-1921, c\u00e9ramique, Museo Bellas Artes \u00c1lava: \u0153uvres Daniel Zuloaga c\u00e9ramiste carreaux de fa\u00efence, vases, buste.","og_url":"https:\/\/www.robertzueblin.com\/fr\/actualites-de-ceramique\/exposition-daniel-zuloaga-1852-1921-museo-de-bellas-artes-de-alava\/","og_site_name":"ROBERT Z\u00dcBLIN","article_modified_time":"2023-12-26T14:19:40+00:00","og_image":[{"url":"https:\/\/www.robertzueblin.com\/wp-content\/uploads\/daniel-zuloaga-exposition.jpg","type":"","width":"","height":""}],"twitter_card":"summary_large_image","schema":{"@context":"https:\/\/schema.org","@graph":[{"@type":"WebPage","@id":"https:\/\/www.robertzueblin.com\/fr\/actualites-de-ceramique\/exposition-daniel-zuloaga-1852-1921-museo-de-bellas-artes-de-alava\/","url":"https:\/\/www.robertzueblin.com\/fr\/actualites-de-ceramique\/exposition-daniel-zuloaga-1852-1921-museo-de-bellas-artes-de-alava\/","name":"Exposition Daniel Zuloaga 1852-1921 - Museo Bellas Artes \u00c1lava","isPartOf":{"@id":"https:\/\/www.robertzueblin.com\/fr\/#website"},"primaryImageOfPage":{"@id":"https:\/\/www.robertzueblin.com\/fr\/actualites-de-ceramique\/exposition-daniel-zuloaga-1852-1921-museo-de-bellas-artes-de-alava\/#primaryimage"},"image":{"@id":"https:\/\/www.robertzueblin.com\/fr\/actualites-de-ceramique\/exposition-daniel-zuloaga-1852-1921-museo-de-bellas-artes-de-alava\/#primaryimage"},"thumbnailUrl":"https:\/\/www.robertzueblin.com\/wp-content\/uploads\/daniel-zuloaga-exposition.jpg","datePublished":"2022-10-07T17:00:54+00:00","dateModified":"2023-12-26T14:19:40+00:00","description":"Exposition Daniel Zuloaga 1852-1921, c\u00e9ramique, Museo Bellas Artes \u00c1lava: \u0153uvres Daniel Zuloaga c\u00e9ramiste carreaux de fa\u00efence, vases, buste.","breadcrumb":{"@id":"https:\/\/www.robertzueblin.com\/fr\/actualites-de-ceramique\/exposition-daniel-zuloaga-1852-1921-museo-de-bellas-artes-de-alava\/#breadcrumb"},"inLanguage":"fr-FR","potentialAction":[{"@type":"ReadAction","target":["https:\/\/www.robertzueblin.com\/fr\/actualites-de-ceramique\/exposition-daniel-zuloaga-1852-1921-museo-de-bellas-artes-de-alava\/"]}]},{"@type":"ImageObject","inLanguage":"fr-FR","@id":"https:\/\/www.robertzueblin.com\/fr\/actualites-de-ceramique\/exposition-daniel-zuloaga-1852-1921-museo-de-bellas-artes-de-alava\/#primaryimage","url":"https:\/\/www.robertzueblin.com\/wp-content\/uploads\/daniel-zuloaga-exposition.jpg","contentUrl":"https:\/\/www.robertzueblin.com\/wp-content\/uploads\/daniel-zuloaga-exposition.jpg"},{"@type":"BreadcrumbList","@id":"https:\/\/www.robertzueblin.com\/fr\/actualites-de-ceramique\/exposition-daniel-zuloaga-1852-1921-museo-de-bellas-artes-de-alava\/#breadcrumb","itemListElement":[{"@type":"ListItem","position":1,"name":"Startseite","item":"https:\/\/www.robertzueblin.com\/fr\/"},{"@type":"ListItem","position":2,"name":"Actualit\u00e9s de art et c\u00e9ramique","item":"https:\/\/www.robertzueblin.com\/fr\/actualites-de-ceramique\/"},{"@type":"ListItem","position":3,"name":"Exposition Daniel Zuloaga (1852-1921) &#8211; Museo de Bellas Artes de \u00c1lava"}]},{"@type":"WebSite","@id":"https:\/\/www.robertzueblin.com\/fr\/#website","url":"https:\/\/www.robertzueblin.com\/fr\/","name":"ROBERT Z\u00dcBLIN","description":"","publisher":{"@id":"https:\/\/www.robertzueblin.com\/fr\/#organization"},"potentialAction":[{"@type":"SearchAction","target":{"@type":"EntryPoint","urlTemplate":"https:\/\/www.robertzueblin.com\/fr\/?s={search_term_string}"},"query-input":{"@type":"PropertyValueSpecification","valueRequired":true,"valueName":"search_term_string"}}],"inLanguage":"fr-FR"},{"@type":"Organization","@id":"https:\/\/www.robertzueblin.com\/fr\/#organization","name":"ROBERT Z\u00dcBLIN","url":"https:\/\/www.robertzueblin.com\/fr\/","logo":{"@type":"ImageObject","inLanguage":"fr-FR","@id":"https:\/\/www.robertzueblin.com\/fr\/#\/schema\/logo\/image\/","url":"https:\/\/www.robertzueblin.com\/wp-content\/uploads\/cropped-cropped-logo-von-robert-zueblin.jpg","contentUrl":"https:\/\/www.robertzueblin.com\/wp-content\/uploads\/cropped-cropped-logo-von-robert-zueblin.jpg","width":440,"height":60,"caption":"ROBERT Z\u00dcBLIN"},"image":{"@id":"https:\/\/www.robertzueblin.com\/fr\/#\/schema\/logo\/image\/"}}]}},"_links":{"self":[{"href":"https:\/\/www.robertzueblin.com\/fr\/wp-json\/wp\/v2\/pages\/29176","targetHints":{"allow":["GET"]}}],"collection":[{"href":"https:\/\/www.robertzueblin.com\/fr\/wp-json\/wp\/v2\/pages"}],"about":[{"href":"https:\/\/www.robertzueblin.com\/fr\/wp-json\/wp\/v2\/types\/page"}],"author":[{"embeddable":true,"href":"https:\/\/www.robertzueblin.com\/fr\/wp-json\/wp\/v2\/users\/1"}],"replies":[{"embeddable":true,"href":"https:\/\/www.robertzueblin.com\/fr\/wp-json\/wp\/v2\/comments?post=29176"}],"version-history":[{"count":13,"href":"https:\/\/www.robertzueblin.com\/fr\/wp-json\/wp\/v2\/pages\/29176\/revisions"}],"predecessor-version":[{"id":35993,"href":"https:\/\/www.robertzueblin.com\/fr\/wp-json\/wp\/v2\/pages\/29176\/revisions\/35993"}],"up":[{"embeddable":true,"href":"https:\/\/www.robertzueblin.com\/fr\/wp-json\/wp\/v2\/pages\/25857"}],"wp:attachment":[{"href":"https:\/\/www.robertzueblin.com\/fr\/wp-json\/wp\/v2\/media?parent=29176"}],"curies":[{"name":"wp","href":"https:\/\/api.w.org\/{rel}","templated":true}]}}