{"id":28972,"date":"2022-09-11T19:42:45","date_gmt":"2022-09-11T17:42:45","guid":{"rendered":"https:\/\/www.robertzueblin.com\/?page_id=28972"},"modified":"2025-04-23T18:13:19","modified_gmt":"2025-04-23T16:13:19","slug":"a-propos-de-nous","status":"publish","type":"page","link":"https:\/\/www.robertzueblin.com\/fr\/a-propos-de-nous\/","title":{"rendered":"\u00c0 propos de nous"},"content":{"rendered":"<p><strong>Derri\u00e8re le site web ROBERT Z\u00dcBLIN se cache, qui l&rsquo;e\u00fbt cru, Robert Z\u00fcblin, qui g\u00e8re sur ce site une <a href=\"https:\/\/www.robertzueblin.com\/fr\/galerie-d-art-en-ligne\/\">galerie d&rsquo;art en ligne<\/a>.<\/strong><\/p>\n<div style=\"float: left; margin-right: 1em;\"><img decoding=\"async\" src=\"https:\/\/www.robertzueblin.com\/wp-content\/uploads\/galerie-d-art-en-ligne-robert-zueblin-225x300.jpg\" alt=\"Galerie d\u2019art en ligne - ROBERT Z\u00dcBLIN\" width=\"225\" height=\"300\" class=\"alignnone size-medium wp-image-44640\" srcset=\"https:\/\/www.robertzueblin.com\/wp-content\/uploads\/galerie-d-art-en-ligne-robert-zueblin-225x300.jpg 225w, https:\/\/www.robertzueblin.com\/wp-content\/uploads\/galerie-d-art-en-ligne-robert-zueblin-416x555.jpg 416w, https:\/\/www.robertzueblin.com\/wp-content\/uploads\/galerie-d-art-en-ligne-robert-zueblin.jpg 480w\" sizes=\"(max-width: 225px) 100vw, 225px\" \/><\/div>\n<p><strong>C&rsquo;est donc moi, Robert Z\u00fcblin, qui met en ligne tant de c\u00e9ramiques de studio, de tableaux d&rsquo;art, de photographies d&rsquo;art et de sculptures. De nombreuses \u0153uvres d&rsquo;art sont encore disponibles \u00e0 l&rsquo;achat, d&rsquo;autres ont d\u00e9j\u00e0 \u00e9t\u00e9 achet\u00e9es et sont signal\u00e9es en cons\u00e9quence. Les \u0153uvres d&rsquo;art se trouvent toutes \u00e0 Zurich et sont donc envoy\u00e9es depuis la Suisse. Je propose \u00e9galement la <a href=\"https:\/\/www.robertzueblin.com\/fr\/kintsugi\/art-japonais-reparer-ceramique\/\">r\u00e9paration de c\u00e9ramiques et de porcelaines \u00e0 l&rsquo;aide de la technique japonaise du kintsugi<\/a>.<\/strong><\/p>\n<div>&nbsp;<\/div>\n<div style=\"text-align:center;font-size:1.8em;font-family:AkkoPro-BoldCondensed!important;\"><strong>T\u00e9moignages de clients<\/strong><\/div>\n<p> <div id=\"metaslider-id-36221\" style=\"max-width: 500px; margin: 0 auto;\" class=\"ml-slider-3-107-0 ml-slider-pro-2-55-0 metaslider metaslider-flex metaslider-36221 ml-slider has-dots-nav ms-theme-default\" role=\"region\" aria-label=\"Kundenstimmen FR\" data-height=\"250\" data-width=\"500\">\n    <div id=\"metaslider_container_36221\">\n        <div id=\"metaslider_36221\">\n            <ul class='slides'>\n                <li class=\"slide-36222 ms-layer \" style=\"display: block; width: 100%;\" data-slide-type=\"html_overlay\" data-date=\"2023-12-31 15:11:48\" data-filename=\"temoignages-de-clients-slider-desk.jpg\"><img decoding=\"async\" width=\"500\" height=\"250\" src=\"https:\/\/www.robertzueblin.com\/wp-content\/uploads\/temoignages-de-clients-slider-desk.jpg\" class=\"msDefaultImage\" alt=\"\" title=\"\" srcset=\"https:\/\/www.robertzueblin.com\/wp-content\/uploads\/temoignages-de-clients-slider-desk.jpg 500w, https:\/\/www.robertzueblin.com\/wp-content\/uploads\/temoignages-de-clients-slider-desk-300x150.jpg 300w, https:\/\/www.robertzueblin.com\/wp-content\/uploads\/temoignages-de-clients-slider-desk-416x208.jpg 416w\" sizes=\"(max-width: 500px) 100vw, 500px\" \/><div class='msHtmlOverlay' style='display: none; position: absolute; top: 0; left: 0; width: 100%; height: 100%; ' ><div class=\"layer\" style=\"width: 493px; height: 291px; top: 5px; left: 5px; position: absolute;\" data-width=\"491\" data-height=\"291\"><div class=\"animation_in animated disabled\" data-animation=\"disabled\" data-animation-delay=\"0\" style=\"width: 100%; height: 100%;\"><div class=\"animation_out animated disabled\" data-animation=\"disabled\" data-animation-delay=\"0\" style=\"height: 100%; width: 100%;\"><div class=\"ms_content_wrap\" style=\"height: 100%; background: rgba(114, 112, 112, 0.24);\"><div class=\"content\" id=\"layer_content_710676443\" style=\"color: white; padding: 12px; position: relative;\" data-padding=\"12\"><div style=\"margin-left:auto;margin-right:auto;width:100%;height:auto;text-align:center;font-size:1em;font-family:AkkoPro-BoldCondensed!important;color:#363636;\"><strong>Ulrich Wachholtz d'Allemagne dit :<\/strong><\/div><div style=\"margin-left:auto;margin-right:auto;width:100%;height:auto;text-align:center;font-size:1em;font-family:AkkoPro-Condensed!important;color:#363636;\"><em>\"La boutique en ligne de Z\u00fcblin propose un assortiment s\u00e9lectionn\u00e9 de c\u00e9ramiques de studio rares. Un assortiment unique en son genre sur le net. De bonnes photographies avec une description compl\u00e8te. Et le traitement des commandes est rapide et sans probl\u00e8me. 5 \u00e9toiles\".<\/em><\/div><\/div><\/div><\/div><\/div><\/div><\/div><\/li>\n                <li class=\"slide-36944 ms-layer \" style=\"display: none; width: 100%;\" data-slide-type=\"html_overlay\" data-date=\"2024-02-18 14:55:22\" data-filename=\"kundenstimmen-slider-desk.jpg\"><img decoding=\"async\" width=\"500\" height=\"250\" src=\"https:\/\/www.robertzueblin.com\/wp-content\/uploads\/kundenstimmen-slider-desk.jpg\" class=\"msDefaultImage\" alt=\"\" title=\"\" srcset=\"https:\/\/www.robertzueblin.com\/wp-content\/uploads\/kundenstimmen-slider-desk.jpg 500w, https:\/\/www.robertzueblin.com\/wp-content\/uploads\/kundenstimmen-slider-desk-300x150.jpg 300w, https:\/\/www.robertzueblin.com\/wp-content\/uploads\/kundenstimmen-slider-desk-416x208.jpg 416w\" sizes=\"(max-width: 500px) 100vw, 500px\" \/><div class='msHtmlOverlay' style='display: none; position: absolute; top: 0; left: 0; width: 100%; height: 100%; ' ><div class=\"layer\" style=\"width: 493px; height: 291px; top: 5px; left: 5px; position: absolute;\" data-width=\"491\" data-height=\"291\"><div class=\"animation_in animated disabled\" data-animation=\"disabled\" data-animation-delay=\"0\" style=\"width: 100%; height: 100%;\"><div class=\"animation_out animated disabled\" data-animation=\"disabled\" data-animation-delay=\"0\" style=\"height: 100%; width: 100%;\"><div class=\"ms_content_wrap\" style=\"height: 100%; background: rgba(114, 112, 112, 0.24);\"><div class=\"content\" id=\"layer_content_710676443\" style=\"color: white; padding: 12px; position: relative;\" data-padding=\"12\"><div style=\"margin-left:auto;margin-right:auto;width:100%;height:auto;text-align:center;font-size:1em;font-family:AkkoPro-BoldCondensed!important;color:#363636;\"><strong>Victor Novotny des \u00c9tats-Unis dit :<\/strong><\/div><div style=\"margin-left:auto;margin-right:auto;width:100%;height:auto;text-align:center;font-size:1em;font-family:AkkoPro-Condensed!important;color:#363636;\"><em>\"J'ai \u00e9t\u00e9 tr\u00e8s heureux de d\u00e9couvrir la boutique de Robert Z\u00fcblin il y a quelques ann\u00e9es et j'ai depuis acquis deux exemples int\u00e9ressants et difficiles \u00e0 trouver d'Otto Hohlt et de son fils Albrecht\".<\/em><\/div><\/div><\/div><\/div><\/div><\/div><\/div><\/li>\n                <li class=\"slide-36223 ms-layer \" style=\"display: none; width: 100%;\" data-slide-type=\"html_overlay\" data-date=\"2023-12-31 15:11:48\" data-filename=\"temoignages-de-clients-slider-desk.jpg\"><img decoding=\"async\" width=\"500\" height=\"250\" src=\"https:\/\/www.robertzueblin.com\/wp-content\/uploads\/temoignages-de-clients-slider-desk.jpg\" class=\"msDefaultImage\" alt=\"\" title=\"\" srcset=\"https:\/\/www.robertzueblin.com\/wp-content\/uploads\/temoignages-de-clients-slider-desk.jpg 500w, https:\/\/www.robertzueblin.com\/wp-content\/uploads\/temoignages-de-clients-slider-desk-300x150.jpg 300w, https:\/\/www.robertzueblin.com\/wp-content\/uploads\/temoignages-de-clients-slider-desk-416x208.jpg 416w\" sizes=\"(max-width: 500px) 100vw, 500px\" \/><div class='msHtmlOverlay' style='display: none; position: absolute; top: 0; left: 0; width: 100%; height: 100%; ' ><div class=\"layer\" style=\"width: 493px; height: 281px; top: 5px; left: 5px; position: absolute;\" data-width=\"491\" data-height=\"281\"><div class=\"animation_in animated disabled\" data-animation=\"disabled\" data-animation-delay=\"0\" style=\"width: 100%; height: 100%;\"><div class=\"animation_out animated disabled\" data-animation=\"disabled\" data-animation-delay=\"0\" style=\"height: 100%; width: 100%;\"><div class=\"ms_content_wrap\" style=\"height: 100%; background: rgba(114, 112, 112, 0.24);\"><div class=\"content\" id=\"layer_content_135423627\" style=\"color: white; padding: 12px; position: relative;\" data-padding=\"12\"><div style=\"margin-left:auto;margin-right:auto;width:100%;height:auto;text-align:center;font-size:1em;font-family:AkkoPro-BoldCondensed!important;color:#363636;\"><strong>Jos Devriendt de Belgique, Gent, dit :<\/strong><\/div><div style=\"margin-left:auto;margin-right:auto;width:100%;height:auto;text-align:center;font-size:1em;font-family:AkkoPro-Condensed!important;color:#363636;\"><em>\"Le service concernant le transport et la d\u00e9claration en douane \u00e9tait tr\u00e8s correct et la s\u00e9lection de c\u00e9ramiques rare \u00e0 trouver.\"<\/em><\/div><\/div><\/div><\/div><\/div><\/div><\/div><\/li>\n            <\/ul>\n        <\/div>\n        \n    <\/div>\n<\/div><\/p>\n<div>&nbsp;<\/div>\n<div>&nbsp;<\/div>\n<h2>Comment je suis venu \u00e0 la c\u00e9ramique<\/h2>\n<p>Cela fait presque 10 ans que je m&rsquo;occupe de <a href=\"https:\/\/www.robertzueblin.com\/fr\/type\/poterie-d-atelier-ceramique-de-studio\/\">poterie d&rsquo;atelier<\/a> et de chefs-d&rsquo;\u0153uvre en c\u00e9ramique. Tout a commenc\u00e9 sur un march\u00e9 aux puces \u00e0 Berlin (Allemagne), o\u00f9 je vendais entre autres des vases, des bols et de la vaisselle, en particulier des ann\u00e9es 1920, 1930, 1940, 1950, 1960 et 1970, mais il ne s&rsquo;agissait en fait que de pi\u00e8ces design, c&rsquo;est-\u00e0-dire de produits fabriqu\u00e9s en s\u00e9rie.<\/p>\n<p>Apr\u00e8s m&rsquo;\u00eatre rendue plusieurs fois au march\u00e9 aux puces de la rue du 17 juin \u00e0 Berlin (le premier march\u00e9 aux puces berlinois, soit dit en passant) pour y proposer mes pi\u00e8ces design, un homme d&rsquo;un certain \u00e2ge m&rsquo;a abord\u00e9e et m&rsquo;a dit que toutes ces c\u00e9ramiques \u00e9taient tr\u00e8s belles, mais que la vraie c\u00e9ramique avait l&rsquo;air diff\u00e9rente. Il parlait de poterie d&rsquo;atelier et de chefs-d&rsquo;\u0153uvre de c\u00e9ramistes comme Richard Bampi, Jan Bontjes van Beek, Gusso Reuss ou l&rsquo;atelier Hohlt. Le vieil homme s&rsquo;est av\u00e9r\u00e9 \u00eatre l&rsquo;expert en poterie d&rsquo;atelier allemande de l&rsquo;entre-deux-guerres et il est devenu mon mentor pour les ann\u00e9es \u00e0 venir, m&rsquo;apprenant \u00e9norm\u00e9ment de choses sur la poterie d&rsquo;atelier, qu&rsquo;il s&rsquo;agisse de rep\u00e9rer une bonne pi\u00e8ce, de savoir si une pi\u00e8ce est tourn\u00e9e ou construite, de v\u00e9rifier si une pi\u00e8ce est fissur\u00e9e ou d&rsquo;identifier les signatures de la c\u00e9ramique. Avec le recul, je ne peux pas imaginer une meilleure formation que ce march\u00e9 aux puces, o\u00f9 je rencontrais mon mentor toutes les semaines. Bien s\u00fbr, j&rsquo;ai aussi rencontr\u00e9 au march\u00e9 aux puces du 17 juin de nombreux autres experts et collectionneurs qui ont partag\u00e9 leurs connaissances avec moi.<\/p>\n<p>Afin de proposer la poterie d&rsquo;atelier au-del\u00e0 des fronti\u00e8res de l&rsquo;Allemagne (et d\u00e9sormais de la Suisse), j&rsquo;avais d\u00e9cid\u00e9 de cr\u00e9er une boutique en ligne, sur le site de laquelle vous vous trouvez maintenant. Entre-temps, j&rsquo;ai \u00e9galement ajout\u00e9 des <a href=\"https:\/\/www.robertzueblin.com\/fr\/type\/peinture\/\">tableaux d&rsquo;art<\/a>, des photographies d&rsquo;art et des sculptures. Je vous souhaite beaucoup de plaisir \u00e0 fouiller et je serais \u00e9galement heureux pour vous si vous d\u00e9cidiez d&rsquo;acheter une pi\u00e8ce :<\/p>\n<p><a href=\"https:\/\/www.robertzueblin.com\/fr\/galerie-d-art-en-ligne\/#boutique_en_ligne\" style=\"font-family: AkkoPro-BoldCondensed!important;text-decoration: none; color: #ffffff!important; background: #000000; padding-left: 0.8em; padding-right: 0.8em; padding-top: 0.4em; padding-bottom: 0.4em; float:left;\">Vers les \u0153uvres d&rsquo;art dans la boutique en ligne de la galerie d&rsquo;art<\/a><\/p>\n","protected":false},"excerpt":{"rendered":"<p>Derri\u00e8re le site web ROBERT Z\u00dcBLIN se cache, qui l&rsquo;e\u00fbt cru, Robert Z\u00fcblin, qui g\u00e8re sur ce site une galerie d&rsquo;art en ligne. C&rsquo;est donc moi, Robert Z\u00fcblin, qui met en ligne tant de c\u00e9ramiques de studio, de tableaux d&rsquo;art, de photographies d&rsquo;art et de sculptures. De nombreuses \u0153uvres d&rsquo;art sont encore disponibles \u00e0 l&rsquo;achat, [&hellip;]<\/p>\n","protected":false},"author":1,"featured_media":0,"parent":0,"menu_order":0,"comment_status":"closed","ping_status":"closed","template":"","meta":{"footnotes":""},"class_list":["post-28972","page","type-page","status-publish","hentry"],"yoast_head":"<!-- This site is optimized with the Yoast SEO plugin v27.4 - https:\/\/yoast.com\/product\/yoast-seo-wordpress\/ -->\n<title>A propos de nous - Galerie d&#039;art en ligne ROBERT Z\u00dcBLIN<\/title>\n<meta name=\"robots\" content=\"index, follow, max-snippet:-1, max-image-preview:large, max-video-preview:-1\" \/>\n<link rel=\"canonical\" href=\"https:\/\/www.robertzueblin.com\/fr\/a-propos-de-nous\/\" \/>\n<meta property=\"og:locale\" content=\"fr_FR\" \/>\n<meta property=\"og:type\" content=\"article\" \/>\n<meta property=\"og:title\" content=\"A propos de nous - Galerie d&#039;art en ligne ROBERT Z\u00dcBLIN\" \/>\n<meta property=\"og:description\" content=\"Derri\u00e8re le site web ROBERT Z\u00dcBLIN se cache, qui l&rsquo;e\u00fbt cru, Robert Z\u00fcblin, qui g\u00e8re sur ce site une galerie d&rsquo;art en ligne. C&rsquo;est donc moi, Robert Z\u00fcblin, qui met en ligne tant de c\u00e9ramiques de studio, de tableaux d&rsquo;art, de photographies d&rsquo;art et de sculptures. De nombreuses \u0153uvres d&rsquo;art sont encore disponibles \u00e0 l&rsquo;achat, [&hellip;]\" \/>\n<meta property=\"og:url\" content=\"https:\/\/www.robertzueblin.com\/fr\/a-propos-de-nous\/\" \/>\n<meta property=\"og:site_name\" content=\"ROBERT Z\u00dcBLIN\" \/>\n<meta property=\"article:modified_time\" content=\"2025-04-23T16:13:19+00:00\" \/>\n<meta property=\"og:image\" content=\"https:\/\/www.robertzueblin.com\/wp-content\/uploads\/galerie-d-art-en-ligne-robert-zueblin.jpg\" \/>\n\t<meta property=\"og:image:width\" content=\"480\" \/>\n\t<meta property=\"og:image:height\" content=\"640\" \/>\n\t<meta property=\"og:image:type\" content=\"image\/jpeg\" \/>\n<meta name=\"twitter:card\" content=\"summary_large_image\" \/>\n<script type=\"application\/ld+json\" class=\"yoast-schema-graph\">{\"@context\":\"https:\\\/\\\/schema.org\",\"@graph\":[{\"@type\":\"WebPage\",\"@id\":\"https:\\\/\\\/www.robertzueblin.com\\\/fr\\\/a-propos-de-nous\\\/\",\"url\":\"https:\\\/\\\/www.robertzueblin.com\\\/fr\\\/a-propos-de-nous\\\/\",\"name\":\"A propos de nous - Galerie d'art en ligne ROBERT Z\u00dcBLIN\",\"isPartOf\":{\"@id\":\"https:\\\/\\\/www.robertzueblin.com\\\/fr\\\/#website\"},\"primaryImageOfPage\":{\"@id\":\"https:\\\/\\\/www.robertzueblin.com\\\/fr\\\/a-propos-de-nous\\\/#primaryimage\"},\"image\":{\"@id\":\"https:\\\/\\\/www.robertzueblin.com\\\/fr\\\/a-propos-de-nous\\\/#primaryimage\"},\"thumbnailUrl\":\"https:\\\/\\\/www.robertzueblin.com\\\/wp-content\\\/uploads\\\/galerie-d-art-en-ligne-robert-zueblin-225x300.jpg\",\"datePublished\":\"2022-09-11T17:42:45+00:00\",\"dateModified\":\"2025-04-23T16:13:19+00:00\",\"breadcrumb\":{\"@id\":\"https:\\\/\\\/www.robertzueblin.com\\\/fr\\\/a-propos-de-nous\\\/#breadcrumb\"},\"inLanguage\":\"fr-FR\",\"potentialAction\":[{\"@type\":\"ReadAction\",\"target\":[\"https:\\\/\\\/www.robertzueblin.com\\\/fr\\\/a-propos-de-nous\\\/\"]}]},{\"@type\":\"ImageObject\",\"inLanguage\":\"fr-FR\",\"@id\":\"https:\\\/\\\/www.robertzueblin.com\\\/fr\\\/a-propos-de-nous\\\/#primaryimage\",\"url\":\"https:\\\/\\\/www.robertzueblin.com\\\/wp-content\\\/uploads\\\/galerie-d-art-en-ligne-robert-zueblin-225x300.jpg\",\"contentUrl\":\"https:\\\/\\\/www.robertzueblin.com\\\/wp-content\\\/uploads\\\/galerie-d-art-en-ligne-robert-zueblin-225x300.jpg\"},{\"@type\":\"BreadcrumbList\",\"@id\":\"https:\\\/\\\/www.robertzueblin.com\\\/fr\\\/a-propos-de-nous\\\/#breadcrumb\",\"itemListElement\":[{\"@type\":\"ListItem\",\"position\":1,\"name\":\"Startseite\",\"item\":\"https:\\\/\\\/www.robertzueblin.com\\\/fr\\\/\"},{\"@type\":\"ListItem\",\"position\":2,\"name\":\"\u00c0 propos de nous\"}]},{\"@type\":\"WebSite\",\"@id\":\"https:\\\/\\\/www.robertzueblin.com\\\/fr\\\/#website\",\"url\":\"https:\\\/\\\/www.robertzueblin.com\\\/fr\\\/\",\"name\":\"ROBERT Z\u00dcBLIN\",\"description\":\"\",\"publisher\":{\"@id\":\"https:\\\/\\\/www.robertzueblin.com\\\/fr\\\/#organization\"},\"potentialAction\":[{\"@type\":\"SearchAction\",\"target\":{\"@type\":\"EntryPoint\",\"urlTemplate\":\"https:\\\/\\\/www.robertzueblin.com\\\/fr\\\/?s={search_term_string}\"},\"query-input\":{\"@type\":\"PropertyValueSpecification\",\"valueRequired\":true,\"valueName\":\"search_term_string\"}}],\"inLanguage\":\"fr-FR\"},{\"@type\":\"Organization\",\"@id\":\"https:\\\/\\\/www.robertzueblin.com\\\/fr\\\/#organization\",\"name\":\"ROBERT Z\u00dcBLIN\",\"url\":\"https:\\\/\\\/www.robertzueblin.com\\\/fr\\\/\",\"logo\":{\"@type\":\"ImageObject\",\"inLanguage\":\"fr-FR\",\"@id\":\"https:\\\/\\\/www.robertzueblin.com\\\/fr\\\/#\\\/schema\\\/logo\\\/image\\\/\",\"url\":\"https:\\\/\\\/www.robertzueblin.com\\\/wp-content\\\/uploads\\\/cropped-cropped-logo-von-robert-zueblin.jpg\",\"contentUrl\":\"https:\\\/\\\/www.robertzueblin.com\\\/wp-content\\\/uploads\\\/cropped-cropped-logo-von-robert-zueblin.jpg\",\"width\":440,\"height\":60,\"caption\":\"ROBERT Z\u00dcBLIN\"},\"image\":{\"@id\":\"https:\\\/\\\/www.robertzueblin.com\\\/fr\\\/#\\\/schema\\\/logo\\\/image\\\/\"}}]}<\/script>\n<!-- \/ Yoast SEO plugin. -->","yoast_head_json":{"title":"A propos de nous - Galerie d'art en ligne ROBERT Z\u00dcBLIN","robots":{"index":"index","follow":"follow","max-snippet":"max-snippet:-1","max-image-preview":"max-image-preview:large","max-video-preview":"max-video-preview:-1"},"canonical":"https:\/\/www.robertzueblin.com\/fr\/a-propos-de-nous\/","og_locale":"fr_FR","og_type":"article","og_title":"A propos de nous - Galerie d'art en ligne ROBERT Z\u00dcBLIN","og_description":"Derri\u00e8re le site web ROBERT Z\u00dcBLIN se cache, qui l&rsquo;e\u00fbt cru, Robert Z\u00fcblin, qui g\u00e8re sur ce site une galerie d&rsquo;art en ligne. C&rsquo;est donc moi, Robert Z\u00fcblin, qui met en ligne tant de c\u00e9ramiques de studio, de tableaux d&rsquo;art, de photographies d&rsquo;art et de sculptures. De nombreuses \u0153uvres d&rsquo;art sont encore disponibles \u00e0 l&rsquo;achat, [&hellip;]","og_url":"https:\/\/www.robertzueblin.com\/fr\/a-propos-de-nous\/","og_site_name":"ROBERT Z\u00dcBLIN","article_modified_time":"2025-04-23T16:13:19+00:00","og_image":[{"width":480,"height":640,"url":"https:\/\/www.robertzueblin.com\/wp-content\/uploads\/galerie-d-art-en-ligne-robert-zueblin.jpg","type":"image\/jpeg"}],"twitter_card":"summary_large_image","schema":{"@context":"https:\/\/schema.org","@graph":[{"@type":"WebPage","@id":"https:\/\/www.robertzueblin.com\/fr\/a-propos-de-nous\/","url":"https:\/\/www.robertzueblin.com\/fr\/a-propos-de-nous\/","name":"A propos de nous - Galerie d'art en ligne ROBERT Z\u00dcBLIN","isPartOf":{"@id":"https:\/\/www.robertzueblin.com\/fr\/#website"},"primaryImageOfPage":{"@id":"https:\/\/www.robertzueblin.com\/fr\/a-propos-de-nous\/#primaryimage"},"image":{"@id":"https:\/\/www.robertzueblin.com\/fr\/a-propos-de-nous\/#primaryimage"},"thumbnailUrl":"https:\/\/www.robertzueblin.com\/wp-content\/uploads\/galerie-d-art-en-ligne-robert-zueblin-225x300.jpg","datePublished":"2022-09-11T17:42:45+00:00","dateModified":"2025-04-23T16:13:19+00:00","breadcrumb":{"@id":"https:\/\/www.robertzueblin.com\/fr\/a-propos-de-nous\/#breadcrumb"},"inLanguage":"fr-FR","potentialAction":[{"@type":"ReadAction","target":["https:\/\/www.robertzueblin.com\/fr\/a-propos-de-nous\/"]}]},{"@type":"ImageObject","inLanguage":"fr-FR","@id":"https:\/\/www.robertzueblin.com\/fr\/a-propos-de-nous\/#primaryimage","url":"https:\/\/www.robertzueblin.com\/wp-content\/uploads\/galerie-d-art-en-ligne-robert-zueblin-225x300.jpg","contentUrl":"https:\/\/www.robertzueblin.com\/wp-content\/uploads\/galerie-d-art-en-ligne-robert-zueblin-225x300.jpg"},{"@type":"BreadcrumbList","@id":"https:\/\/www.robertzueblin.com\/fr\/a-propos-de-nous\/#breadcrumb","itemListElement":[{"@type":"ListItem","position":1,"name":"Startseite","item":"https:\/\/www.robertzueblin.com\/fr\/"},{"@type":"ListItem","position":2,"name":"\u00c0 propos de nous"}]},{"@type":"WebSite","@id":"https:\/\/www.robertzueblin.com\/fr\/#website","url":"https:\/\/www.robertzueblin.com\/fr\/","name":"ROBERT Z\u00dcBLIN","description":"","publisher":{"@id":"https:\/\/www.robertzueblin.com\/fr\/#organization"},"potentialAction":[{"@type":"SearchAction","target":{"@type":"EntryPoint","urlTemplate":"https:\/\/www.robertzueblin.com\/fr\/?s={search_term_string}"},"query-input":{"@type":"PropertyValueSpecification","valueRequired":true,"valueName":"search_term_string"}}],"inLanguage":"fr-FR"},{"@type":"Organization","@id":"https:\/\/www.robertzueblin.com\/fr\/#organization","name":"ROBERT Z\u00dcBLIN","url":"https:\/\/www.robertzueblin.com\/fr\/","logo":{"@type":"ImageObject","inLanguage":"fr-FR","@id":"https:\/\/www.robertzueblin.com\/fr\/#\/schema\/logo\/image\/","url":"https:\/\/www.robertzueblin.com\/wp-content\/uploads\/cropped-cropped-logo-von-robert-zueblin.jpg","contentUrl":"https:\/\/www.robertzueblin.com\/wp-content\/uploads\/cropped-cropped-logo-von-robert-zueblin.jpg","width":440,"height":60,"caption":"ROBERT Z\u00dcBLIN"},"image":{"@id":"https:\/\/www.robertzueblin.com\/fr\/#\/schema\/logo\/image\/"}}]}},"_links":{"self":[{"href":"https:\/\/www.robertzueblin.com\/fr\/wp-json\/wp\/v2\/pages\/28972","targetHints":{"allow":["GET"]}}],"collection":[{"href":"https:\/\/www.robertzueblin.com\/fr\/wp-json\/wp\/v2\/pages"}],"about":[{"href":"https:\/\/www.robertzueblin.com\/fr\/wp-json\/wp\/v2\/types\/page"}],"author":[{"embeddable":true,"href":"https:\/\/www.robertzueblin.com\/fr\/wp-json\/wp\/v2\/users\/1"}],"replies":[{"embeddable":true,"href":"https:\/\/www.robertzueblin.com\/fr\/wp-json\/wp\/v2\/comments?post=28972"}],"version-history":[{"count":16,"href":"https:\/\/www.robertzueblin.com\/fr\/wp-json\/wp\/v2\/pages\/28972\/revisions"}],"predecessor-version":[{"id":44642,"href":"https:\/\/www.robertzueblin.com\/fr\/wp-json\/wp\/v2\/pages\/28972\/revisions\/44642"}],"wp:attachment":[{"href":"https:\/\/www.robertzueblin.com\/fr\/wp-json\/wp\/v2\/media?parent=28972"}],"curies":[{"name":"wp","href":"https:\/\/api.w.org\/{rel}","templated":true}]}}