{"id":28907,"date":"2022-09-11T09:22:06","date_gmt":"2022-09-11T07:22:06","guid":{"rendered":"https:\/\/www.robertzueblin.com\/?page_id=28907"},"modified":"2025-02-07T20:05:18","modified_gmt":"2025-02-07T19:05:18","slug":"marques-signatures-monogrammes-tampons","status":"publish","type":"page","link":"https:\/\/www.robertzueblin.com\/fr\/marques-signatures-monogrammes-tampons\/","title":{"rendered":"Marques\/Signatures\/Monogrammes\/Tampons"},"content":{"rendered":"<div>&nbsp;<\/div>\n<p><a href=\"https:\/\/www.robertzueblin.com\/fr\/faire-identifier-une-marque-ceramique-ou-une-signature-ceramique\/\"><\/p>\n<div class=\"hoverbutton1\" style=\"font-size:1.1em!important;font-family: AkkoPro-BoldCondensed!important;text-decoration: none; color: #ffffff; background: #a89768; border: solid 0.1em; border-color: #847855!important; padding-left: 0.8em; padding-right: 0.8em; padding-top: 0.4em; padding-bottom: 0.4em; float:left; border-radius: 1em; box-shadow: 0.2em 0.3em 0.4em silver;\">Faire identifier une marque\/signature c\u00e9ramique<\/div>\n<p><\/a><\/p>\n<div>&nbsp;<\/div>\n<div>&nbsp;<\/div>\n<p><a href=\"https:\/\/www.robertzueblin.com\/fr\/faire-identifier-porcelaine-marques-signatures\/\"><\/p>\n<div class=\"hoverbutton1\" style=\"font-size:1.1em!important;font-family: AkkoPro-BoldCondensed!important;text-decoration: none; color: #ffffff; background: #a89768; border: solid 0.1em; border-color: #847855!important; padding-left: 0.8em; padding-right: 0.8em; padding-top: 0.4em; padding-bottom: 0.4em; float:left; border-radius: 1em; box-shadow: 0.2em 0.3em 0.4em silver;\">Faire identifier des porcelaine marques signatures<\/div>\n<p><\/a><\/p>\n<div>&nbsp;<\/div>\n<div>&nbsp;<\/div>\n<p><a href=\"https:\/\/www.robertzueblin.com\/fr\/repertoire-signature-ceramique\/\"><\/p>\n<div class=\"hoverbutton1\" style=\"font-size:1.1em!important;font-family: AkkoPro-BoldCondensed!important;text-decoration: none; color: #ffffff; background: #a89768; border: solid 0.1em; border-color: #847855!important; padding-left: 0.8em; padding-right: 0.8em; padding-top: 0.4em; padding-bottom: 0.4em; float:left; border-radius: 1em; box-shadow: 0.2em 0.3em 0.4em silver;\">R\u00e9pertoire signature c\u00e9ramique<\/div>\n<p><\/a><\/p>\n<div>&nbsp;<\/div>\n<div>&nbsp;<\/div>\n<p><a href=\"https:\/\/www.robertzueblin.com\/fr\/lexique-marques-de-ceramique\/\"><\/p>\n<div class=\"hoverbutton1\" style=\"font-size:1.1em!important;font-family: AkkoPro-BoldCondensed!important;text-decoration: none; color: #ffffff; background: #a89768; border: solid 0.1em; border-color: #847855!important; padding-left: 0.8em; padding-right: 0.8em; padding-top: 0.4em; padding-bottom: 0.4em; float:left; border-radius: 1em; box-shadow: 0.2em 0.3em 0.4em silver;\">Lexique des marques de c\u00e9ramique<\/div>\n<p><\/a><\/p>\n<div>&nbsp;<\/div>\n<div>&nbsp;<\/div>\n<p><a href=\"https:\/\/www.robertzueblin.com\/fr\/identifier-une-signature-de-peintre-liste-signature-peintre\/\"><\/p>\n<div class=\"hoverbutton1\" style=\"font-size:1.1em!important;font-family: AkkoPro-BoldCondensed!important;text-decoration: none; color: #ffffff; background: #a89768; border: solid 0.1em; border-color: #847855!important; padding-left: 0.8em; padding-right: 0.8em; padding-top: 0.4em; padding-bottom: 0.4em; float:left; border-radius: 1em; box-shadow: 0.2em 0.3em 0.4em silver;\">Identifier une signature de peintre<\/div>\n<p><\/a><\/p>\n<div>&nbsp;<\/div>\n<div>&nbsp;<\/div>\n","protected":false},"excerpt":{"rendered":"<p>&nbsp; Faire identifier une marque\/signature c\u00e9ramique &nbsp; &nbsp; Faire identifier des porcelaine marques signatures &nbsp; &nbsp; R\u00e9pertoire signature c\u00e9ramique &nbsp; &nbsp; Lexique des marques de c\u00e9ramique &nbsp; &nbsp; Identifier une signature de peintre &nbsp; &nbsp;<\/p>\n","protected":false},"author":1,"featured_media":0,"parent":0,"menu_order":0,"comment_status":"closed","ping_status":"closed","template":"","meta":{"footnotes":""},"class_list":["post-28907","page","type-page","status-publish","hentry"],"yoast_head":"<!-- This site is optimized with the Yoast SEO plugin v27.5 - https:\/\/yoast.com\/product\/yoast-seo-wordpress\/ -->\n<title>Marques\/Signatures\/Monogrammes\/Tampons<\/title>\n<meta name=\"robots\" content=\"index, follow, max-snippet:-1, max-image-preview:large, max-video-preview:-1\" \/>\n<link rel=\"canonical\" href=\"https:\/\/www.robertzueblin.com\/fr\/marques-signatures-monogrammes-tampons\/\" \/>\n<meta property=\"og:locale\" content=\"fr_FR\" \/>\n<meta property=\"og:type\" content=\"article\" \/>\n<meta property=\"og:title\" content=\"Marques\/Signatures\/Monogrammes\/Tampons\" \/>\n<meta property=\"og:description\" content=\"&nbsp; Faire identifier une marque\/signature c\u00e9ramique &nbsp; &nbsp; Faire identifier des porcelaine marques signatures &nbsp; &nbsp; R\u00e9pertoire signature c\u00e9ramique &nbsp; &nbsp; Lexique des marques de c\u00e9ramique &nbsp; &nbsp; Identifier une signature de peintre &nbsp; &nbsp;\" \/>\n<meta property=\"og:url\" content=\"https:\/\/www.robertzueblin.com\/fr\/marques-signatures-monogrammes-tampons\/\" \/>\n<meta property=\"og:site_name\" content=\"ROBERT Z\u00dcBLIN\" \/>\n<meta property=\"article:modified_time\" content=\"2025-02-07T19:05:18+00:00\" \/>\n<meta name=\"twitter:card\" content=\"summary_large_image\" \/>\n<script type=\"application\/ld+json\" class=\"yoast-schema-graph\">{\"@context\":\"https:\\\/\\\/schema.org\",\"@graph\":[{\"@type\":\"WebPage\",\"@id\":\"https:\\\/\\\/www.robertzueblin.com\\\/fr\\\/marques-signatures-monogrammes-tampons\\\/\",\"url\":\"https:\\\/\\\/www.robertzueblin.com\\\/fr\\\/marques-signatures-monogrammes-tampons\\\/\",\"name\":\"Marques\\\/Signatures\\\/Monogrammes\\\/Tampons\",\"isPartOf\":{\"@id\":\"https:\\\/\\\/www.robertzueblin.com\\\/fr\\\/#website\"},\"datePublished\":\"2022-09-11T07:22:06+00:00\",\"dateModified\":\"2025-02-07T19:05:18+00:00\",\"breadcrumb\":{\"@id\":\"https:\\\/\\\/www.robertzueblin.com\\\/fr\\\/marques-signatures-monogrammes-tampons\\\/#breadcrumb\"},\"inLanguage\":\"fr-FR\",\"potentialAction\":[{\"@type\":\"ReadAction\",\"target\":[\"https:\\\/\\\/www.robertzueblin.com\\\/fr\\\/marques-signatures-monogrammes-tampons\\\/\"]}]},{\"@type\":\"BreadcrumbList\",\"@id\":\"https:\\\/\\\/www.robertzueblin.com\\\/fr\\\/marques-signatures-monogrammes-tampons\\\/#breadcrumb\",\"itemListElement\":[{\"@type\":\"ListItem\",\"position\":1,\"name\":\"Startseite\",\"item\":\"https:\\\/\\\/www.robertzueblin.com\\\/fr\\\/\"},{\"@type\":\"ListItem\",\"position\":2,\"name\":\"Marques\\\/Signatures\\\/Monogrammes\\\/Tampons\"}]},{\"@type\":\"WebSite\",\"@id\":\"https:\\\/\\\/www.robertzueblin.com\\\/fr\\\/#website\",\"url\":\"https:\\\/\\\/www.robertzueblin.com\\\/fr\\\/\",\"name\":\"ROBERT Z\u00dcBLIN\",\"description\":\"\",\"publisher\":{\"@id\":\"https:\\\/\\\/www.robertzueblin.com\\\/fr\\\/#organization\"},\"potentialAction\":[{\"@type\":\"SearchAction\",\"target\":{\"@type\":\"EntryPoint\",\"urlTemplate\":\"https:\\\/\\\/www.robertzueblin.com\\\/fr\\\/?s={search_term_string}\"},\"query-input\":{\"@type\":\"PropertyValueSpecification\",\"valueRequired\":true,\"valueName\":\"search_term_string\"}}],\"inLanguage\":\"fr-FR\"},{\"@type\":\"Organization\",\"@id\":\"https:\\\/\\\/www.robertzueblin.com\\\/fr\\\/#organization\",\"name\":\"ROBERT Z\u00dcBLIN\",\"url\":\"https:\\\/\\\/www.robertzueblin.com\\\/fr\\\/\",\"logo\":{\"@type\":\"ImageObject\",\"inLanguage\":\"fr-FR\",\"@id\":\"https:\\\/\\\/www.robertzueblin.com\\\/fr\\\/#\\\/schema\\\/logo\\\/image\\\/\",\"url\":\"https:\\\/\\\/www.robertzueblin.com\\\/wp-content\\\/uploads\\\/cropped-cropped-logo-von-robert-zueblin.jpg\",\"contentUrl\":\"https:\\\/\\\/www.robertzueblin.com\\\/wp-content\\\/uploads\\\/cropped-cropped-logo-von-robert-zueblin.jpg\",\"width\":440,\"height\":60,\"caption\":\"ROBERT Z\u00dcBLIN\"},\"image\":{\"@id\":\"https:\\\/\\\/www.robertzueblin.com\\\/fr\\\/#\\\/schema\\\/logo\\\/image\\\/\"}}]}<\/script>\n<!-- \/ Yoast SEO plugin. -->","yoast_head_json":{"title":"Marques\/Signatures\/Monogrammes\/Tampons","robots":{"index":"index","follow":"follow","max-snippet":"max-snippet:-1","max-image-preview":"max-image-preview:large","max-video-preview":"max-video-preview:-1"},"canonical":"https:\/\/www.robertzueblin.com\/fr\/marques-signatures-monogrammes-tampons\/","og_locale":"fr_FR","og_type":"article","og_title":"Marques\/Signatures\/Monogrammes\/Tampons","og_description":"&nbsp; Faire identifier une marque\/signature c\u00e9ramique &nbsp; &nbsp; Faire identifier des porcelaine marques signatures &nbsp; &nbsp; R\u00e9pertoire signature c\u00e9ramique &nbsp; &nbsp; Lexique des marques de c\u00e9ramique &nbsp; &nbsp; Identifier une signature de peintre &nbsp; &nbsp;","og_url":"https:\/\/www.robertzueblin.com\/fr\/marques-signatures-monogrammes-tampons\/","og_site_name":"ROBERT Z\u00dcBLIN","article_modified_time":"2025-02-07T19:05:18+00:00","twitter_card":"summary_large_image","schema":{"@context":"https:\/\/schema.org","@graph":[{"@type":"WebPage","@id":"https:\/\/www.robertzueblin.com\/fr\/marques-signatures-monogrammes-tampons\/","url":"https:\/\/www.robertzueblin.com\/fr\/marques-signatures-monogrammes-tampons\/","name":"Marques\/Signatures\/Monogrammes\/Tampons","isPartOf":{"@id":"https:\/\/www.robertzueblin.com\/fr\/#website"},"datePublished":"2022-09-11T07:22:06+00:00","dateModified":"2025-02-07T19:05:18+00:00","breadcrumb":{"@id":"https:\/\/www.robertzueblin.com\/fr\/marques-signatures-monogrammes-tampons\/#breadcrumb"},"inLanguage":"fr-FR","potentialAction":[{"@type":"ReadAction","target":["https:\/\/www.robertzueblin.com\/fr\/marques-signatures-monogrammes-tampons\/"]}]},{"@type":"BreadcrumbList","@id":"https:\/\/www.robertzueblin.com\/fr\/marques-signatures-monogrammes-tampons\/#breadcrumb","itemListElement":[{"@type":"ListItem","position":1,"name":"Startseite","item":"https:\/\/www.robertzueblin.com\/fr\/"},{"@type":"ListItem","position":2,"name":"Marques\/Signatures\/Monogrammes\/Tampons"}]},{"@type":"WebSite","@id":"https:\/\/www.robertzueblin.com\/fr\/#website","url":"https:\/\/www.robertzueblin.com\/fr\/","name":"ROBERT Z\u00dcBLIN","description":"","publisher":{"@id":"https:\/\/www.robertzueblin.com\/fr\/#organization"},"potentialAction":[{"@type":"SearchAction","target":{"@type":"EntryPoint","urlTemplate":"https:\/\/www.robertzueblin.com\/fr\/?s={search_term_string}"},"query-input":{"@type":"PropertyValueSpecification","valueRequired":true,"valueName":"search_term_string"}}],"inLanguage":"fr-FR"},{"@type":"Organization","@id":"https:\/\/www.robertzueblin.com\/fr\/#organization","name":"ROBERT Z\u00dcBLIN","url":"https:\/\/www.robertzueblin.com\/fr\/","logo":{"@type":"ImageObject","inLanguage":"fr-FR","@id":"https:\/\/www.robertzueblin.com\/fr\/#\/schema\/logo\/image\/","url":"https:\/\/www.robertzueblin.com\/wp-content\/uploads\/cropped-cropped-logo-von-robert-zueblin.jpg","contentUrl":"https:\/\/www.robertzueblin.com\/wp-content\/uploads\/cropped-cropped-logo-von-robert-zueblin.jpg","width":440,"height":60,"caption":"ROBERT Z\u00dcBLIN"},"image":{"@id":"https:\/\/www.robertzueblin.com\/fr\/#\/schema\/logo\/image\/"}}]}},"_links":{"self":[{"href":"https:\/\/www.robertzueblin.com\/fr\/wp-json\/wp\/v2\/pages\/28907","targetHints":{"allow":["GET"]}}],"collection":[{"href":"https:\/\/www.robertzueblin.com\/fr\/wp-json\/wp\/v2\/pages"}],"about":[{"href":"https:\/\/www.robertzueblin.com\/fr\/wp-json\/wp\/v2\/types\/page"}],"author":[{"embeddable":true,"href":"https:\/\/www.robertzueblin.com\/fr\/wp-json\/wp\/v2\/users\/1"}],"replies":[{"embeddable":true,"href":"https:\/\/www.robertzueblin.com\/fr\/wp-json\/wp\/v2\/comments?post=28907"}],"version-history":[{"count":9,"href":"https:\/\/www.robertzueblin.com\/fr\/wp-json\/wp\/v2\/pages\/28907\/revisions"}],"predecessor-version":[{"id":43576,"href":"https:\/\/www.robertzueblin.com\/fr\/wp-json\/wp\/v2\/pages\/28907\/revisions\/43576"}],"wp:attachment":[{"href":"https:\/\/www.robertzueblin.com\/fr\/wp-json\/wp\/v2\/media?parent=28907"}],"curies":[{"name":"wp","href":"https:\/\/api.w.org\/{rel}","templated":true}]}}