{"id":25857,"date":"2022-05-19T19:00:56","date_gmt":"2022-05-19T17:00:56","guid":{"rendered":"https:\/\/www.robertzueblin.com\/?page_id=25857"},"modified":"2024-04-01T21:18:35","modified_gmt":"2024-04-01T19:18:35","slug":"actualites-de-ceramique","status":"publish","type":"page","link":"https:\/\/www.robertzueblin.com\/fr\/actualites-de-ceramique\/","title":{"rendered":"Actualit\u00e9s de art et c\u00e9ramique"},"content":{"rendered":"<div style=\"font-family: AkkoPro-BoldCondensed\">\n<div><small>Vendredi, 29 d\u00e9cembre 2023<\/small><\/div>\n<p><span style=\"color: #000000;\">&bull; <\/span><a style=\"font-family: AkkoPro-BoldCondensed!important\" href=\"https:\/\/www.robertzueblin.com\/fr\/actualites-de-ceramique\/critique-julius-bissier-et-richard-bampi-le-tableau-ceramique-fribourgeois\/\"><strong>Critique : Julius Bissier et Richard Bampi \u2013 Le tableau c\u00e9ramique fribourgeois<\/strong><\/a><\/p>\n<div style=\"font-family: AkkoPro-BoldCondensed\">\n<div><small>Dimanche, 5 f\u00e9vrier 2023<\/small><\/div>\n<p><span style=\"color: #000000;\">&bull; <\/span><a style=\"font-family: AkkoPro-BoldCondensed!important\" href=\"https:\/\/www.robertzueblin.com\/fr\/actualites-de-ceramique\/lexposition-otto-douglas-hill-au-keramik-museum-berlin-est-prolongee\/\"><strong>L\u2019exposition Otto Douglas-Hill au Keramik-Museum Berlin est prolong\u00e9e<\/strong><\/a><\/p>\n<div style=\"font-family: AkkoPro-BoldCondensed\">\n<div><small>Vendredi, 7 octobre 2022<\/small><\/div>\n<p><span style=\"color: #000000;\">&bull; <\/span><a style=\"font-family: AkkoPro-BoldCondensed!important\" href=\"https:\/\/www.robertzueblin.com\/fr\/actualites-de-ceramique\/exposition-daniel-zuloaga-1852-1921-museo-de-bellas-artes-de-alava\/\"><strong>Exposition Daniel Zuloaga (1852-1921) &#8211; Museo de Bellas Artes de \u00c1lava<\/strong><\/a><\/p>\n<div><small>Samedi, 6 ao\u00fbt 2022<\/small><\/div>\n<p><span style=\"color: #000000;\">&bull; <\/span><a style=\"font-family: AkkoPro-BoldCondensed!important\" href=\"https:\/\/www.robertzueblin.com\/fr\/actualites-de-ceramique\/ceramique-gertraud-moehwald-exposition-musee-ceramique-de-westerwald\/\"><strong>C\u00e9ramique Gertraud M\u00f6hwald &#8211; exposition mus\u00e9e c\u00e9ramique de Westerwald<\/strong><\/a><\/p>\n<div><small>Lundi, 13 juin 2022<\/small><\/div>\n<p><span style=\"color: #000000;\">&bull; <\/span><a style=\"font-family: AkkoPro-BoldCondensed!important\" href=\"https:\/\/www.robertzueblin.com\/fr\/actualites-de-ceramique\/beate-kuhn-exposition-de-ceramique-au-keramion\/\"><strong>Beate Kuhn \u2013 Exposition de c\u00e9ramique au Keramion<\/strong><\/a><\/p>\n<div>&nbsp;<\/div>\n<\/div>\n","protected":false},"excerpt":{"rendered":"<p>Vendredi, 29 d\u00e9cembre 2023 &bull; Critique : Julius Bissier et Richard Bampi \u2013 Le tableau c\u00e9ramique fribourgeois Dimanche, 5 f\u00e9vrier 2023 &bull; L\u2019exposition Otto Douglas-Hill au Keramik-Museum Berlin est prolong\u00e9e Vendredi, 7 octobre 2022 &bull; Exposition Daniel Zuloaga (1852-1921) &#8211; Museo de Bellas Artes de \u00c1lava Samedi, 6 ao\u00fbt 2022 &bull; C\u00e9ramique Gertraud M\u00f6hwald &#8211; [&hellip;]<\/p>\n","protected":false},"author":1,"featured_media":0,"parent":0,"menu_order":0,"comment_status":"closed","ping_status":"closed","template":"","meta":{"footnotes":""},"class_list":["post-25857","page","type-page","status-publish","hentry"],"yoast_head":"<!-- This site is optimized with the Yoast SEO plugin v27.4 - https:\/\/yoast.com\/product\/yoast-seo-wordpress\/ -->\n<title>Actualit\u00e9s de art et c\u00e9ramique<\/title>\n<meta name=\"description\" content=\"\u00c0 Art et C\u00e9ramique-News, trouverez nouvelles sur l&#039;art, la Poterie d\u2019atelier, la c\u00e9ramique de studio, la c\u00e9ramique d&#039;art, sur expositions.\" \/>\n<meta name=\"robots\" content=\"index, follow, max-snippet:-1, max-image-preview:large, max-video-preview:-1\" \/>\n<link rel=\"canonical\" href=\"https:\/\/www.robertzueblin.com\/fr\/actualites-de-ceramique\/\" \/>\n<meta property=\"og:locale\" content=\"fr_FR\" \/>\n<meta property=\"og:type\" content=\"article\" \/>\n<meta property=\"og:title\" content=\"Actualit\u00e9s de art et c\u00e9ramique\" \/>\n<meta property=\"og:description\" content=\"\u00c0 Art et C\u00e9ramique-News, trouverez nouvelles sur l&#039;art, la Poterie d\u2019atelier, la c\u00e9ramique de studio, la c\u00e9ramique d&#039;art, sur expositions.\" \/>\n<meta property=\"og:url\" content=\"https:\/\/www.robertzueblin.com\/fr\/actualites-de-ceramique\/\" \/>\n<meta property=\"og:site_name\" content=\"ROBERT Z\u00dcBLIN\" \/>\n<meta property=\"article:modified_time\" content=\"2024-04-01T19:18:35+00:00\" \/>\n<meta name=\"twitter:card\" content=\"summary_large_image\" \/>\n<script type=\"application\/ld+json\" class=\"yoast-schema-graph\">{\"@context\":\"https:\\\/\\\/schema.org\",\"@graph\":[{\"@type\":\"WebPage\",\"@id\":\"https:\\\/\\\/www.robertzueblin.com\\\/fr\\\/actualites-de-ceramique\\\/\",\"url\":\"https:\\\/\\\/www.robertzueblin.com\\\/fr\\\/actualites-de-ceramique\\\/\",\"name\":\"Actualit\u00e9s de art et c\u00e9ramique\",\"isPartOf\":{\"@id\":\"https:\\\/\\\/www.robertzueblin.com\\\/fr\\\/#website\"},\"datePublished\":\"2022-05-19T17:00:56+00:00\",\"dateModified\":\"2024-04-01T19:18:35+00:00\",\"description\":\"\u00c0 Art et C\u00e9ramique-News, trouverez nouvelles sur l'art, la Poterie d\u2019atelier, la c\u00e9ramique de studio, la c\u00e9ramique d'art, sur expositions.\",\"breadcrumb\":{\"@id\":\"https:\\\/\\\/www.robertzueblin.com\\\/fr\\\/actualites-de-ceramique\\\/#breadcrumb\"},\"inLanguage\":\"fr-FR\",\"potentialAction\":[{\"@type\":\"ReadAction\",\"target\":[\"https:\\\/\\\/www.robertzueblin.com\\\/fr\\\/actualites-de-ceramique\\\/\"]}]},{\"@type\":\"BreadcrumbList\",\"@id\":\"https:\\\/\\\/www.robertzueblin.com\\\/fr\\\/actualites-de-ceramique\\\/#breadcrumb\",\"itemListElement\":[{\"@type\":\"ListItem\",\"position\":1,\"name\":\"Startseite\",\"item\":\"https:\\\/\\\/www.robertzueblin.com\\\/fr\\\/\"},{\"@type\":\"ListItem\",\"position\":2,\"name\":\"Actualit\u00e9s de art et c\u00e9ramique\"}]},{\"@type\":\"WebSite\",\"@id\":\"https:\\\/\\\/www.robertzueblin.com\\\/fr\\\/#website\",\"url\":\"https:\\\/\\\/www.robertzueblin.com\\\/fr\\\/\",\"name\":\"ROBERT Z\u00dcBLIN\",\"description\":\"\",\"publisher\":{\"@id\":\"https:\\\/\\\/www.robertzueblin.com\\\/fr\\\/#organization\"},\"potentialAction\":[{\"@type\":\"SearchAction\",\"target\":{\"@type\":\"EntryPoint\",\"urlTemplate\":\"https:\\\/\\\/www.robertzueblin.com\\\/fr\\\/?s={search_term_string}\"},\"query-input\":{\"@type\":\"PropertyValueSpecification\",\"valueRequired\":true,\"valueName\":\"search_term_string\"}}],\"inLanguage\":\"fr-FR\"},{\"@type\":\"Organization\",\"@id\":\"https:\\\/\\\/www.robertzueblin.com\\\/fr\\\/#organization\",\"name\":\"ROBERT Z\u00dcBLIN\",\"url\":\"https:\\\/\\\/www.robertzueblin.com\\\/fr\\\/\",\"logo\":{\"@type\":\"ImageObject\",\"inLanguage\":\"fr-FR\",\"@id\":\"https:\\\/\\\/www.robertzueblin.com\\\/fr\\\/#\\\/schema\\\/logo\\\/image\\\/\",\"url\":\"https:\\\/\\\/www.robertzueblin.com\\\/wp-content\\\/uploads\\\/cropped-cropped-logo-von-robert-zueblin.jpg\",\"contentUrl\":\"https:\\\/\\\/www.robertzueblin.com\\\/wp-content\\\/uploads\\\/cropped-cropped-logo-von-robert-zueblin.jpg\",\"width\":440,\"height\":60,\"caption\":\"ROBERT Z\u00dcBLIN\"},\"image\":{\"@id\":\"https:\\\/\\\/www.robertzueblin.com\\\/fr\\\/#\\\/schema\\\/logo\\\/image\\\/\"}}]}<\/script>\n<!-- \/ Yoast SEO plugin. -->","yoast_head_json":{"title":"Actualit\u00e9s de art et c\u00e9ramique","description":"\u00c0 Art et C\u00e9ramique-News, trouverez nouvelles sur l'art, la Poterie d\u2019atelier, la c\u00e9ramique de studio, la c\u00e9ramique d'art, sur expositions.","robots":{"index":"index","follow":"follow","max-snippet":"max-snippet:-1","max-image-preview":"max-image-preview:large","max-video-preview":"max-video-preview:-1"},"canonical":"https:\/\/www.robertzueblin.com\/fr\/actualites-de-ceramique\/","og_locale":"fr_FR","og_type":"article","og_title":"Actualit\u00e9s de art et c\u00e9ramique","og_description":"\u00c0 Art et C\u00e9ramique-News, trouverez nouvelles sur l'art, la Poterie d\u2019atelier, la c\u00e9ramique de studio, la c\u00e9ramique d'art, sur expositions.","og_url":"https:\/\/www.robertzueblin.com\/fr\/actualites-de-ceramique\/","og_site_name":"ROBERT Z\u00dcBLIN","article_modified_time":"2024-04-01T19:18:35+00:00","twitter_card":"summary_large_image","schema":{"@context":"https:\/\/schema.org","@graph":[{"@type":"WebPage","@id":"https:\/\/www.robertzueblin.com\/fr\/actualites-de-ceramique\/","url":"https:\/\/www.robertzueblin.com\/fr\/actualites-de-ceramique\/","name":"Actualit\u00e9s de art et c\u00e9ramique","isPartOf":{"@id":"https:\/\/www.robertzueblin.com\/fr\/#website"},"datePublished":"2022-05-19T17:00:56+00:00","dateModified":"2024-04-01T19:18:35+00:00","description":"\u00c0 Art et C\u00e9ramique-News, trouverez nouvelles sur l'art, la Poterie d\u2019atelier, la c\u00e9ramique de studio, la c\u00e9ramique d'art, sur expositions.","breadcrumb":{"@id":"https:\/\/www.robertzueblin.com\/fr\/actualites-de-ceramique\/#breadcrumb"},"inLanguage":"fr-FR","potentialAction":[{"@type":"ReadAction","target":["https:\/\/www.robertzueblin.com\/fr\/actualites-de-ceramique\/"]}]},{"@type":"BreadcrumbList","@id":"https:\/\/www.robertzueblin.com\/fr\/actualites-de-ceramique\/#breadcrumb","itemListElement":[{"@type":"ListItem","position":1,"name":"Startseite","item":"https:\/\/www.robertzueblin.com\/fr\/"},{"@type":"ListItem","position":2,"name":"Actualit\u00e9s de art et c\u00e9ramique"}]},{"@type":"WebSite","@id":"https:\/\/www.robertzueblin.com\/fr\/#website","url":"https:\/\/www.robertzueblin.com\/fr\/","name":"ROBERT Z\u00dcBLIN","description":"","publisher":{"@id":"https:\/\/www.robertzueblin.com\/fr\/#organization"},"potentialAction":[{"@type":"SearchAction","target":{"@type":"EntryPoint","urlTemplate":"https:\/\/www.robertzueblin.com\/fr\/?s={search_term_string}"},"query-input":{"@type":"PropertyValueSpecification","valueRequired":true,"valueName":"search_term_string"}}],"inLanguage":"fr-FR"},{"@type":"Organization","@id":"https:\/\/www.robertzueblin.com\/fr\/#organization","name":"ROBERT Z\u00dcBLIN","url":"https:\/\/www.robertzueblin.com\/fr\/","logo":{"@type":"ImageObject","inLanguage":"fr-FR","@id":"https:\/\/www.robertzueblin.com\/fr\/#\/schema\/logo\/image\/","url":"https:\/\/www.robertzueblin.com\/wp-content\/uploads\/cropped-cropped-logo-von-robert-zueblin.jpg","contentUrl":"https:\/\/www.robertzueblin.com\/wp-content\/uploads\/cropped-cropped-logo-von-robert-zueblin.jpg","width":440,"height":60,"caption":"ROBERT Z\u00dcBLIN"},"image":{"@id":"https:\/\/www.robertzueblin.com\/fr\/#\/schema\/logo\/image\/"}}]}},"_links":{"self":[{"href":"https:\/\/www.robertzueblin.com\/fr\/wp-json\/wp\/v2\/pages\/25857","targetHints":{"allow":["GET"]}}],"collection":[{"href":"https:\/\/www.robertzueblin.com\/fr\/wp-json\/wp\/v2\/pages"}],"about":[{"href":"https:\/\/www.robertzueblin.com\/fr\/wp-json\/wp\/v2\/types\/page"}],"author":[{"embeddable":true,"href":"https:\/\/www.robertzueblin.com\/fr\/wp-json\/wp\/v2\/users\/1"}],"replies":[{"embeddable":true,"href":"https:\/\/www.robertzueblin.com\/fr\/wp-json\/wp\/v2\/comments?post=25857"}],"version-history":[{"count":12,"href":"https:\/\/www.robertzueblin.com\/fr\/wp-json\/wp\/v2\/pages\/25857\/revisions"}],"predecessor-version":[{"id":37567,"href":"https:\/\/www.robertzueblin.com\/fr\/wp-json\/wp\/v2\/pages\/25857\/revisions\/37567"}],"wp:attachment":[{"href":"https:\/\/www.robertzueblin.com\/fr\/wp-json\/wp\/v2\/media?parent=25857"}],"curies":[{"name":"wp","href":"https:\/\/api.w.org\/{rel}","templated":true}]}}