{"id":25854,"date":"2022-05-19T17:59:57","date_gmt":"2022-05-19T15:59:57","guid":{"rendered":"https:\/\/www.robertzueblin.com\/?page_id=25854"},"modified":"2025-04-03T10:06:02","modified_gmt":"2025-04-03T08:06:02","slug":"informations-sur-lexpedition-et-le-paiement","status":"publish","type":"page","link":"https:\/\/www.robertzueblin.com\/fr\/informations-sur-lexpedition-et-le-paiement\/","title":{"rendered":"Informations sur l&rsquo;exp\u00e9dition et le paiement pour les commandes de la boutique en ligne"},"content":{"rendered":"<p><strong>Vous trouverez ci-dessous nos informations sur l&rsquo;exp\u00e9dition et le paiement pour les commandes dans notre <a href=\"https:\/\/www.robertzueblin.com\/fr\/galerie-d-art-en-ligne\/\">boutique en ligne de la galerie d&rsquo;art en ligne ROBERT Z\u00dcBLIN<\/a>.<\/strong><\/p>\n<h2>Informations sur l&rsquo;exp\u00e9dition<\/h2>\n<p>Nous proposons une livraison gratuite par la poste en Suisse ainsi que dans les pays mentionn\u00e9s sous \u00ab Livraison gratuite par la poste \u00bb et nous proposons une livraison par courrier payante avec l&rsquo;option de paiement suppl\u00e9mentaire \u00ab paiement en esp\u00e8ces\/par twin \u00bb en Suisse (voir ci-dessous sous \u00ab Livraison par courrier \u00bb).<\/p>\n<h3>Livraison gratuite par la poste<\/h3>\n<p>L&rsquo;exp\u00e9dition par la poste en Suisse et dans les pays suivants s&rsquo;effectue sans frais d&rsquo;exp\u00e9dition :<\/p>\n<p>Argentine<br \/>\nAllemagne (Germany)<br \/>\nAutriche (Austria)<br \/>\nBelgique (Belgi\u00eb\/ Belgium)<br \/>\nBolivie<br \/>\nBr\u00e9sil (Brasil\/ Brazil)<br \/>\nBulgarie (\u0411\u044a\u043b\u0433\u0430\u0440\u0438\u044f\/ Bulgaria)<br \/>\nCanada<br \/>\nChili<br \/>\nChine (\u4e2d\u534e\u4eba\u6c11\u5171\u548c\u56fd)<br \/>\nChypre (Cyprus)<br \/>\nColombie<br \/>\nCor\u00e9e du Sud (\ub300\ud55c\ubbfc\uad6d\/ Korea, Republic of)<br \/>\nCroatie (Hrvatska\/ Croatia)<br \/>\nDanemark (Danmark\/ Denmark)<br \/>\n\u00c9quateur<br \/>\nEspagne (Espa\u00f1a\/ Spain)<br \/>\nEstonie (Eesti\/ Estonia)<br \/>\n\u00c9tats-Unis d&rsquo;Am\u00e9rique (United States of America)<br \/>\nFinlande (Suomi\/ Finland)<br \/>\nFrance<br \/>\nGr\u00e8ce (\u0395\u03bb\u03bb\u03ac\u03b4\u03b1\/ Greece)<br \/>\nHong Kong (\u9999\u6e2f)<br \/>\nHongrie (Magyarorsz\u00e1g\/ Hungary)<br \/>\nInde (India)<br \/>\nIrlande (Ireland)<br \/>\nIslande (\u00cdsland\/ Iceland)<br \/>\n\u05d9\u05e9\u05e8\u05d0\u05dc Isra\u00ebl<br \/>\nItalie (Italia\/ Italy)<br \/>\nJapon (\u65e5\u672c)<br \/>\nLettonie (Latvija\/ Latvia)<br \/>\nLiechtenstein<br \/>\nLituanie (Lietuva\/ Lithuania)<br \/>\nLuxembourg<br \/>\nMalte (Malta)<br \/>\nMexique<br \/>\nNorv\u00e8ge (Norge\/ Norway)<br \/>\nNouvelle-Z\u00e9lande (New Zealand)<br \/>\nParaguay<br \/>\nPays-Bas (Nederland\/ Netherlands)<br \/>\nP\u00e9rou<br \/>\nPologne (Polska\/ Poland)<br \/>\nPortugal<br \/>\nR\u00e9publique tch\u00e8que (\u010cesk\u00e1 republika\/ Czech Republic)<br \/>\nRoumanie (Rom\u00e2nia\/ Romania)<br \/>\nRoyaume-Uni (United Kingdom)<br \/>\nSlovaquie (Slovensk\u00e1 republika\/ Slovakia)<br \/>\nSlov\u00e9nie (Slovenija\/ Slovenia)<br \/>\nSu\u00e8de (Sverige\/ Sweden)<br \/>\nTa\u00efwan (\u81fa\u7063)<br \/>\nTha\u00eflande (\u0e1b\u0e23\u0e30\u0e40\u0e17\u0e28\u0e44\u0e17\u0e22)<br \/>\nUruguay<\/p>\n<p>L&rsquo;envoi vers d&rsquo;autres pays n&rsquo;est pas propos\u00e9. L&rsquo;envoi \u00e0 une adresse de livraison diff\u00e9rente de l&rsquo;adresse de facturation n&rsquo;est pas propos\u00e9.<\/p>\n<p>En cas d&rsquo;exp\u00e9dition vers des pays autres que la Suisse, des taxes, des droits de douane et des frais de d\u00e9douanement peuvent \u00eatre factur\u00e9s par le transporteur lors de l&rsquo;importation de votre commande pass\u00e9e chez nous. Nous vous remboursons &#8211; sauf pour les envois vers les \u00c9tats-Unis d&rsquo;Am\u00e9rique &#8211; par PayPal ou par virement bancaire les taxes et droits de douane per\u00e7us \u00e0 votre encontre lors de l&rsquo;importation de votre commande pass\u00e9e chez nous, ainsi que les frais de d\u00e9douanement factur\u00e9s par le transporteur \u00e0 votre encontre, \u00e0 condition que vous nous fassiez parvenir les justificatifs correspondants (par e-mail \u00e0 mitteilung@robertzueblin.com ou par la poste \u00e0 Robert Z\u00fcblin, Freudenbergstrasse 95, 8044 Zurich, Suisse).<\/p>\n<p>Le d\u00e9lai de livraison est de 7 \u00e0 14 jours.<\/p>\n<h3>Livraison par courrier<\/h3>\n<p>En Suisse, une livraison par courrier est \u00e9galement propos\u00e9e contre paiement de 50 Euros (46 CHF; 58 USD) avec l&rsquo;option de paiement suppl\u00e9mentaire \u00ab Paiement en esp\u00e8ces\/en twin \u00bb (voir ci-dessous). Dans ce cas \u00e9galement, le d\u00e9lai de livraison est de 7 \u00e0 14 jours.<\/p>\n<h3>Information sur le calcul du d\u00e9lai de livraison<\/h3>\n<p>Le d\u00e9lai de livraison commence \u00e0 courir, en cas de paiement anticip\u00e9 par virement bancaire, le jour suivant la passation de l&rsquo;ordre de paiement \u00e0 l&rsquo;\u00e9tablissement de cr\u00e9dit qui a effectu\u00e9 le virement ou, pour les autres modes de paiement, le jour suivant la conclusion du contrat et se termine \u00e0 l&rsquo;expiration du dernier jour du d\u00e9lai.<\/p>\n<h2>Informations de paiement<\/h2>\n<p>Je propose les modes de paiement suivants, sauf indication contraire dans la description du produit concern\u00e9 :<\/p>\n<p>1. Paiement anticip\u00e9 par virement bancaire<br \/>\n2. PayPal<br \/>\n3. Paiement en esp\u00e8ces ou paiement par Twint si l&rsquo;option payante de livraison par courrier est s\u00e9lectionn\u00e9e (voir co\u00fbts ci-dessus) au moment de la livraison par le courrier. (uniquement possible pour les livraisons \u00e0 des adresses en Suisse).<\/p>\n<h3>Informations d\u00e9taill\u00e9es sur les diff\u00e9rentes possibilit\u00e9s de paiement<\/h3>\n<p>1. Paiement anticip\u00e9 par virement bancaire<br \/>\nVirez le montant de la facture confortablement sur mon compte bancaire en indiquant le num\u00e9ro de commande comme motif de paiement. Je vous communiquerai mes coordonn\u00e9es bancaires s\u00e9par\u00e9ment dans le cadre du traitement de la commande, par e-mail, dans la confirmation de commande.<\/p>\n<p>2. PayPal<br \/>\nVous pouvez volontiers effectuer le paiement \u00e0 l&rsquo;aide de PayPal. PayPal est un service de paiement en ligne.<\/p>\n<p>3. Paiement en esp\u00e8ces ou paiement par Twint en cas de livraison par courrier en Suisse<br \/>\nAu moment o\u00f9 le courrier vous remet la marchandise, vous pouvez payer la marchandise au courrier en esp\u00e8ces ou par Twint.<\/p>\n","protected":false},"excerpt":{"rendered":"<p>Vous trouverez ci-dessous nos informations sur l&rsquo;exp\u00e9dition et le paiement pour les commandes dans notre boutique en ligne de la galerie d&rsquo;art en ligne ROBERT Z\u00dcBLIN. Informations sur l&rsquo;exp\u00e9dition Nous proposons une livraison gratuite par la poste en Suisse ainsi que dans les pays mentionn\u00e9s sous \u00ab Livraison gratuite par la poste \u00bb et nous [&hellip;]<\/p>\n","protected":false},"author":1,"featured_media":0,"parent":0,"menu_order":0,"comment_status":"closed","ping_status":"closed","template":"","meta":{"footnotes":""},"class_list":["post-25854","page","type-page","status-publish","hentry"],"yoast_head":"<!-- This site is optimized with the Yoast SEO plugin v27.4 - https:\/\/yoast.com\/product\/yoast-seo-wordpress\/ -->\n<title>Informations sur l&#039;exp\u00e9dition et le paiement pour les commandes de la boutique en ligne - ROBERT Z\u00dcBLIN<\/title>\n<meta name=\"robots\" content=\"index, follow, max-snippet:-1, max-image-preview:large, max-video-preview:-1\" \/>\n<link rel=\"canonical\" href=\"https:\/\/www.robertzueblin.com\/fr\/informations-sur-lexpedition-et-le-paiement\/\" \/>\n<meta property=\"og:locale\" content=\"fr_FR\" \/>\n<meta property=\"og:type\" content=\"article\" \/>\n<meta property=\"og:title\" content=\"Informations sur l&#039;exp\u00e9dition et le paiement pour les commandes de la boutique en ligne - ROBERT Z\u00dcBLIN\" \/>\n<meta property=\"og:description\" content=\"Vous trouverez ci-dessous nos informations sur l&rsquo;exp\u00e9dition et le paiement pour les commandes dans notre boutique en ligne de la galerie d&rsquo;art en ligne ROBERT Z\u00dcBLIN. Informations sur l&rsquo;exp\u00e9dition Nous proposons une livraison gratuite par la poste en Suisse ainsi que dans les pays mentionn\u00e9s sous \u00ab Livraison gratuite par la poste \u00bb et nous [&hellip;]\" \/>\n<meta property=\"og:url\" content=\"https:\/\/www.robertzueblin.com\/fr\/informations-sur-lexpedition-et-le-paiement\/\" \/>\n<meta property=\"og:site_name\" content=\"ROBERT Z\u00dcBLIN\" \/>\n<meta property=\"article:modified_time\" content=\"2025-04-03T08:06:02+00:00\" \/>\n<meta name=\"twitter:card\" content=\"summary_large_image\" \/>\n<script type=\"application\/ld+json\" class=\"yoast-schema-graph\">{\"@context\":\"https:\\\/\\\/schema.org\",\"@graph\":[{\"@type\":\"WebPage\",\"@id\":\"https:\\\/\\\/www.robertzueblin.com\\\/fr\\\/informations-sur-lexpedition-et-le-paiement\\\/\",\"url\":\"https:\\\/\\\/www.robertzueblin.com\\\/fr\\\/informations-sur-lexpedition-et-le-paiement\\\/\",\"name\":\"Informations sur l'exp\u00e9dition et le paiement pour les commandes de la boutique en ligne - ROBERT Z\u00dcBLIN\",\"isPartOf\":{\"@id\":\"https:\\\/\\\/www.robertzueblin.com\\\/fr\\\/#website\"},\"datePublished\":\"2022-05-19T15:59:57+00:00\",\"dateModified\":\"2025-04-03T08:06:02+00:00\",\"breadcrumb\":{\"@id\":\"https:\\\/\\\/www.robertzueblin.com\\\/fr\\\/informations-sur-lexpedition-et-le-paiement\\\/#breadcrumb\"},\"inLanguage\":\"fr-FR\",\"potentialAction\":[{\"@type\":\"ReadAction\",\"target\":[\"https:\\\/\\\/www.robertzueblin.com\\\/fr\\\/informations-sur-lexpedition-et-le-paiement\\\/\"]}]},{\"@type\":\"BreadcrumbList\",\"@id\":\"https:\\\/\\\/www.robertzueblin.com\\\/fr\\\/informations-sur-lexpedition-et-le-paiement\\\/#breadcrumb\",\"itemListElement\":[{\"@type\":\"ListItem\",\"position\":1,\"name\":\"Startseite\",\"item\":\"https:\\\/\\\/www.robertzueblin.com\\\/fr\\\/\"},{\"@type\":\"ListItem\",\"position\":2,\"name\":\"Informations sur l&#8217;exp\u00e9dition et le paiement pour les commandes de la boutique en ligne\"}]},{\"@type\":\"WebSite\",\"@id\":\"https:\\\/\\\/www.robertzueblin.com\\\/fr\\\/#website\",\"url\":\"https:\\\/\\\/www.robertzueblin.com\\\/fr\\\/\",\"name\":\"ROBERT Z\u00dcBLIN\",\"description\":\"\",\"publisher\":{\"@id\":\"https:\\\/\\\/www.robertzueblin.com\\\/fr\\\/#organization\"},\"potentialAction\":[{\"@type\":\"SearchAction\",\"target\":{\"@type\":\"EntryPoint\",\"urlTemplate\":\"https:\\\/\\\/www.robertzueblin.com\\\/fr\\\/?s={search_term_string}\"},\"query-input\":{\"@type\":\"PropertyValueSpecification\",\"valueRequired\":true,\"valueName\":\"search_term_string\"}}],\"inLanguage\":\"fr-FR\"},{\"@type\":\"Organization\",\"@id\":\"https:\\\/\\\/www.robertzueblin.com\\\/fr\\\/#organization\",\"name\":\"ROBERT Z\u00dcBLIN\",\"url\":\"https:\\\/\\\/www.robertzueblin.com\\\/fr\\\/\",\"logo\":{\"@type\":\"ImageObject\",\"inLanguage\":\"fr-FR\",\"@id\":\"https:\\\/\\\/www.robertzueblin.com\\\/fr\\\/#\\\/schema\\\/logo\\\/image\\\/\",\"url\":\"https:\\\/\\\/www.robertzueblin.com\\\/wp-content\\\/uploads\\\/cropped-cropped-logo-von-robert-zueblin.jpg\",\"contentUrl\":\"https:\\\/\\\/www.robertzueblin.com\\\/wp-content\\\/uploads\\\/cropped-cropped-logo-von-robert-zueblin.jpg\",\"width\":440,\"height\":60,\"caption\":\"ROBERT Z\u00dcBLIN\"},\"image\":{\"@id\":\"https:\\\/\\\/www.robertzueblin.com\\\/fr\\\/#\\\/schema\\\/logo\\\/image\\\/\"}}]}<\/script>\n<!-- \/ Yoast SEO plugin. -->","yoast_head_json":{"title":"Informations sur l'exp\u00e9dition et le paiement pour les commandes de la boutique en ligne - ROBERT Z\u00dcBLIN","robots":{"index":"index","follow":"follow","max-snippet":"max-snippet:-1","max-image-preview":"max-image-preview:large","max-video-preview":"max-video-preview:-1"},"canonical":"https:\/\/www.robertzueblin.com\/fr\/informations-sur-lexpedition-et-le-paiement\/","og_locale":"fr_FR","og_type":"article","og_title":"Informations sur l'exp\u00e9dition et le paiement pour les commandes de la boutique en ligne - ROBERT Z\u00dcBLIN","og_description":"Vous trouverez ci-dessous nos informations sur l&rsquo;exp\u00e9dition et le paiement pour les commandes dans notre boutique en ligne de la galerie d&rsquo;art en ligne ROBERT Z\u00dcBLIN. Informations sur l&rsquo;exp\u00e9dition Nous proposons une livraison gratuite par la poste en Suisse ainsi que dans les pays mentionn\u00e9s sous \u00ab Livraison gratuite par la poste \u00bb et nous [&hellip;]","og_url":"https:\/\/www.robertzueblin.com\/fr\/informations-sur-lexpedition-et-le-paiement\/","og_site_name":"ROBERT Z\u00dcBLIN","article_modified_time":"2025-04-03T08:06:02+00:00","twitter_card":"summary_large_image","schema":{"@context":"https:\/\/schema.org","@graph":[{"@type":"WebPage","@id":"https:\/\/www.robertzueblin.com\/fr\/informations-sur-lexpedition-et-le-paiement\/","url":"https:\/\/www.robertzueblin.com\/fr\/informations-sur-lexpedition-et-le-paiement\/","name":"Informations sur l'exp\u00e9dition et le paiement pour les commandes de la boutique en ligne - ROBERT Z\u00dcBLIN","isPartOf":{"@id":"https:\/\/www.robertzueblin.com\/fr\/#website"},"datePublished":"2022-05-19T15:59:57+00:00","dateModified":"2025-04-03T08:06:02+00:00","breadcrumb":{"@id":"https:\/\/www.robertzueblin.com\/fr\/informations-sur-lexpedition-et-le-paiement\/#breadcrumb"},"inLanguage":"fr-FR","potentialAction":[{"@type":"ReadAction","target":["https:\/\/www.robertzueblin.com\/fr\/informations-sur-lexpedition-et-le-paiement\/"]}]},{"@type":"BreadcrumbList","@id":"https:\/\/www.robertzueblin.com\/fr\/informations-sur-lexpedition-et-le-paiement\/#breadcrumb","itemListElement":[{"@type":"ListItem","position":1,"name":"Startseite","item":"https:\/\/www.robertzueblin.com\/fr\/"},{"@type":"ListItem","position":2,"name":"Informations sur l&#8217;exp\u00e9dition et le paiement pour les commandes de la boutique en ligne"}]},{"@type":"WebSite","@id":"https:\/\/www.robertzueblin.com\/fr\/#website","url":"https:\/\/www.robertzueblin.com\/fr\/","name":"ROBERT Z\u00dcBLIN","description":"","publisher":{"@id":"https:\/\/www.robertzueblin.com\/fr\/#organization"},"potentialAction":[{"@type":"SearchAction","target":{"@type":"EntryPoint","urlTemplate":"https:\/\/www.robertzueblin.com\/fr\/?s={search_term_string}"},"query-input":{"@type":"PropertyValueSpecification","valueRequired":true,"valueName":"search_term_string"}}],"inLanguage":"fr-FR"},{"@type":"Organization","@id":"https:\/\/www.robertzueblin.com\/fr\/#organization","name":"ROBERT Z\u00dcBLIN","url":"https:\/\/www.robertzueblin.com\/fr\/","logo":{"@type":"ImageObject","inLanguage":"fr-FR","@id":"https:\/\/www.robertzueblin.com\/fr\/#\/schema\/logo\/image\/","url":"https:\/\/www.robertzueblin.com\/wp-content\/uploads\/cropped-cropped-logo-von-robert-zueblin.jpg","contentUrl":"https:\/\/www.robertzueblin.com\/wp-content\/uploads\/cropped-cropped-logo-von-robert-zueblin.jpg","width":440,"height":60,"caption":"ROBERT Z\u00dcBLIN"},"image":{"@id":"https:\/\/www.robertzueblin.com\/fr\/#\/schema\/logo\/image\/"}}]}},"_links":{"self":[{"href":"https:\/\/www.robertzueblin.com\/fr\/wp-json\/wp\/v2\/pages\/25854","targetHints":{"allow":["GET"]}}],"collection":[{"href":"https:\/\/www.robertzueblin.com\/fr\/wp-json\/wp\/v2\/pages"}],"about":[{"href":"https:\/\/www.robertzueblin.com\/fr\/wp-json\/wp\/v2\/types\/page"}],"author":[{"embeddable":true,"href":"https:\/\/www.robertzueblin.com\/fr\/wp-json\/wp\/v2\/users\/1"}],"replies":[{"embeddable":true,"href":"https:\/\/www.robertzueblin.com\/fr\/wp-json\/wp\/v2\/comments?post=25854"}],"version-history":[{"count":14,"href":"https:\/\/www.robertzueblin.com\/fr\/wp-json\/wp\/v2\/pages\/25854\/revisions"}],"predecessor-version":[{"id":44264,"href":"https:\/\/www.robertzueblin.com\/fr\/wp-json\/wp\/v2\/pages\/25854\/revisions\/44264"}],"wp:attachment":[{"href":"https:\/\/www.robertzueblin.com\/fr\/wp-json\/wp\/v2\/media?parent=25854"}],"curies":[{"name":"wp","href":"https:\/\/api.w.org\/{rel}","templated":true}]}}