{"id":25851,"date":"2022-05-19T17:27:22","date_gmt":"2022-05-19T15:27:22","guid":{"rendered":"https:\/\/www.robertzueblin.com\/?page_id=25851"},"modified":"2026-01-06T17:56:10","modified_gmt":"2026-01-06T16:56:10","slug":"25851-2","status":"publish","type":"page","link":"https:\/\/www.robertzueblin.com\/fr\/","title":{"rendered":""},"content":{"rendered":"<div id=\"metaslider-id-25921\" style=\"max-width: 700px; margin: 0 auto;\" class=\"ml-slider-3-108-0 ml-slider-pro-2-56-0 metaslider metaslider-flex metaslider-25921 ml-slider has-dots-nav ms-theme-default\" role=\"region\" aria-label=\"Startseite FR\" data-height=\"700\" data-width=\"700\">\n    <div id=\"metaslider_container_25921\">\n        <div id=\"metaslider_25921\">\n            <ul class='slides'>\n                <li style=\"display: block; width: 100%;\" class=\"slide-50633 ms-image \" aria-roledescription=\"slide\" data-date=\"2026-04-17 11:44:14\" data-filename=\"otto-froelicher-peinture-huile-chemin-montagne-entre-rochers-photo-couverture-680x680.jpg\" data-slide-type=\"image\"><a href=\"https:\/\/www.robertzueblin.com\/fr\/otto-froelicher\/chemin-de-montagne-entre-des-rochers-peinture-a-lhuile\/\" target=\"_self\" aria-label=\"Voir les d\u00e9tails de la diapositive\" class=\"metaslider_image_link\"><img decoding=\"async\" src=\"https:\/\/www.robertzueblin.com\/wp-content\/uploads\/otto-froelicher-peinture-huile-chemin-montagne-entre-rochers-photo-couverture-680x680.jpg\" height=\"700\" width=\"700\" alt=\"\" class=\"slider-25921 slide-50633 msDefaultImage\" title=\"Otto FR\u00d6LICHER (* 1840, \u2020 1890) \u2013 Chemin de montagne entre des rochers \u2013 Peinture \u00e0 l\u2019huile\" \/><\/a><\/li>\n                <li style=\"display: none; width: 100%;\" class=\"slide-50632 ms-image \" aria-roledescription=\"slide\" data-date=\"2026-04-17 11:43:42\" data-filename=\"otto-gampert-peinture-huile-paysage-aquatique-photo-couverture-687x687.jpg\" data-slide-type=\"image\"><a href=\"https:\/\/www.robertzueblin.com\/fr\/otto-gampert\/paysage-aquatique-peinture-a-lhuile\/\" target=\"_self\" aria-label=\"Voir les d\u00e9tails de la diapositive\" class=\"metaslider_image_link\"><img decoding=\"async\" src=\"https:\/\/www.robertzueblin.com\/wp-content\/uploads\/otto-gampert-peinture-huile-paysage-aquatique-photo-couverture-687x687.jpg\" height=\"700\" width=\"700\" alt=\"\" class=\"slider-25921 slide-50632 msDefaultImage\" title=\"Otto GAMPERT (* 1842, \u2020 1924) \u2013 Paysage aquatique \u2013 Peinture \u00e0 l\u2019huile\" \/><\/a><\/li>\n                <li style=\"display: none; width: 100%;\" class=\"slide-50538 ms-image \" aria-roledescription=\"slide\" data-date=\"2026-04-15 13:30:18\" data-filename=\"otto-gampert-peinture-huile-paysage-montagne-photo-couverture-669x669.jpg\" data-slide-type=\"image\"><a href=\"https:\/\/www.robertzueblin.com\/fr\/otto-gampert\/paysage-de-montagne-peinture-a-lhuile\/\" target=\"_self\" aria-label=\"Voir les d\u00e9tails de la diapositive\" class=\"metaslider_image_link\"><img decoding=\"async\" src=\"https:\/\/www.robertzueblin.com\/wp-content\/uploads\/otto-gampert-peinture-huile-paysage-montagne-photo-couverture-669x669.jpg\" height=\"700\" width=\"700\" alt=\"\" class=\"slider-25921 slide-50538 msDefaultImage\" title=\"Otto GAMPERT (* 1842, \u2020 1924) \u2013 Paysage de montagne \u2013 Peinture \u00e0 l\u2019huile\" \/><\/a><\/li>\n                <li style=\"display: none; width: 100%;\" class=\"slide-50336 ms-image \" aria-roledescription=\"slide\" data-date=\"2026-03-14 19:52:56\" data-filename=\"emil-schulze-peinture-tempera-toile-panneau-fibres-bois-paysage-fluvial-photo-couverture-700x700.jpg\" data-slide-type=\"image\"><a href=\"https:\/\/www.robertzueblin.com\/fr\/emil-schulze\/paysage-fluvial-peinture\/\" target=\"_self\" aria-label=\"Voir les d\u00e9tails de la diapositive\" class=\"metaslider_image_link\"><img decoding=\"async\" src=\"https:\/\/www.robertzueblin.com\/wp-content\/uploads\/emil-schulze-peinture-tempera-toile-panneau-fibres-bois-paysage-fluvial-photo-couverture-700x700.jpg\" height=\"700\" width=\"700\" alt=\"\" class=\"slider-25921 slide-50336 msDefaultImage\" title=\"Emil SCHULZE (* 1863, \u2020 1930) \u2013 Paysage fluvial \u2013 Peinture\" \/><\/a><\/li>\n                <li style=\"display: none; width: 100%;\" class=\"slide-50020 ms-image \" aria-roledescription=\"slide\" data-date=\"2026-02-27 18:26:11\" data-filename=\"paul-dresler-ceramique-atelier-grand-plat-photo-title-700x700.jpg\" data-slide-type=\"image\"><a href=\"https:\/\/www.robertzueblin.com\/fr\/paul-dresler\/grand-plat-ceramique-datelier\/\" target=\"_self\" aria-label=\"Voir les d\u00e9tails de la diapositive\" class=\"metaslider_image_link\"><img decoding=\"async\" src=\"https:\/\/www.robertzueblin.com\/wp-content\/uploads\/paul-dresler-ceramique-atelier-grand-plat-photo-title-700x700.jpg\" height=\"700\" width=\"700\" alt=\"\" class=\"slider-25921 slide-50020 msDefaultImage\" title=\"Paul DRESLER (* 1879 \u2013 \u2020 1950) \u2013 Grand plat \u2013 C\u00e9ramique d\u2019atelier\" \/><\/a><\/li>\n            <\/ul>\n        <\/div>\n        \n    <\/div>\n<\/div>\n<div>&nbsp;<\/div>\n<div>&nbsp;<\/div>\n<div>&nbsp;<\/div>\n<div style=\"text-align:center;font-size:1.4em;font-family:AkkoPro-BoldCondensed!important;\"><span style=\"border: solid 0.4em; border-color: #b12121!important;border-bottom:none;border-right:none;border-left:none;padding-left: 0.4em; padding-right: 0.4em; padding-top: 0.1em;\"><strong>T\u00c9MOIGNAGES DE CLIENTS<\/strong><\/span><\/div>\n<p> <div id=\"metaslider-id-36221\" style=\"max-width: 500px; margin: 0 auto;\" class=\"ml-slider-3-108-0 ml-slider-pro-2-56-0 metaslider metaslider-flex metaslider-36221 ml-slider has-dots-nav ms-theme-default\" role=\"region\" aria-label=\"Kundenstimmen FR\" data-height=\"250\" data-width=\"500\">\n    <div id=\"metaslider_container_36221\">\n        <div id=\"metaslider_36221\">\n            <ul class='slides'>\n                <li class=\"slide-36222 ms-layer \" style=\"display: block; width: 100%;\" data-slide-type=\"html_overlay\" data-date=\"2023-12-31 15:11:48\" data-filename=\"temoignages-de-clients-slider-desk.jpg\"><img decoding=\"async\" width=\"500\" height=\"250\" src=\"https:\/\/www.robertzueblin.com\/wp-content\/uploads\/temoignages-de-clients-slider-desk.jpg\" class=\"msDefaultImage\" alt=\"\" title=\"\" srcset=\"https:\/\/www.robertzueblin.com\/wp-content\/uploads\/temoignages-de-clients-slider-desk.jpg 500w, https:\/\/www.robertzueblin.com\/wp-content\/uploads\/temoignages-de-clients-slider-desk-300x150.jpg 300w, https:\/\/www.robertzueblin.com\/wp-content\/uploads\/temoignages-de-clients-slider-desk-416x208.jpg 416w\" sizes=\"(max-width: 500px) 100vw, 500px\" \/><div class='msHtmlOverlay' style='display: none; position: absolute; top: 0; left: 0; width: 100%; height: 100%; ' ><div class=\"layer\" style=\"width: 493px; height: 291px; top: 5px; left: 5px; position: absolute;\" data-width=\"491\" data-height=\"291\"><div class=\"animation_in animated disabled\" data-animation=\"disabled\" data-animation-delay=\"0\" style=\"width: 100%; height: 100%;\"><div class=\"animation_out animated disabled\" data-animation=\"disabled\" data-animation-delay=\"0\" style=\"height: 100%; width: 100%;\"><div class=\"ms_content_wrap\" style=\"height: 100%; background: rgba(114, 112, 112, 0.24);\"><div class=\"content\" id=\"layer_content_710676443\" style=\"color: white; padding: 12px; position: relative;\" data-padding=\"12\"><div style=\"margin-left:auto;margin-right:auto;width:100%;height:auto;text-align:center;font-size:1em;font-family:AkkoPro-BoldCondensed!important;color:#363636;\"><strong>Ulrich Wachholtz d'Allemagne dit :<\/strong><\/div><div style=\"margin-left:auto;margin-right:auto;width:100%;height:auto;text-align:center;font-size:1em;font-family:AkkoPro-Condensed!important;color:#363636;\"><em>\"La boutique en ligne de Z\u00fcblin propose un assortiment s\u00e9lectionn\u00e9 de c\u00e9ramiques de studio rares. Un assortiment unique en son genre sur le net. De bonnes photographies avec une description compl\u00e8te. Et le traitement des commandes est rapide et sans probl\u00e8me. 5 \u00e9toiles\".<\/em><\/div><\/div><\/div><\/div><\/div><\/div><\/div><\/li>\n                <li class=\"slide-36944 ms-layer \" style=\"display: none; width: 100%;\" data-slide-type=\"html_overlay\" data-date=\"2024-02-18 14:55:22\" data-filename=\"kundenstimmen-slider-desk.jpg\"><img decoding=\"async\" width=\"500\" height=\"250\" src=\"https:\/\/www.robertzueblin.com\/wp-content\/uploads\/kundenstimmen-slider-desk.jpg\" class=\"msDefaultImage\" alt=\"\" title=\"\" srcset=\"https:\/\/www.robertzueblin.com\/wp-content\/uploads\/kundenstimmen-slider-desk.jpg 500w, https:\/\/www.robertzueblin.com\/wp-content\/uploads\/kundenstimmen-slider-desk-300x150.jpg 300w, https:\/\/www.robertzueblin.com\/wp-content\/uploads\/kundenstimmen-slider-desk-416x208.jpg 416w\" sizes=\"(max-width: 500px) 100vw, 500px\" \/><div class='msHtmlOverlay' style='display: none; position: absolute; top: 0; left: 0; width: 100%; height: 100%; ' ><div class=\"layer\" style=\"width: 493px; height: 291px; top: 5px; left: 5px; position: absolute;\" data-width=\"491\" data-height=\"291\"><div class=\"animation_in animated disabled\" data-animation=\"disabled\" data-animation-delay=\"0\" style=\"width: 100%; height: 100%;\"><div class=\"animation_out animated disabled\" data-animation=\"disabled\" data-animation-delay=\"0\" style=\"height: 100%; width: 100%;\"><div class=\"ms_content_wrap\" style=\"height: 100%; background: rgba(114, 112, 112, 0.24);\"><div class=\"content\" id=\"layer_content_710676443\" style=\"color: white; padding: 12px; position: relative;\" data-padding=\"12\"><div style=\"margin-left:auto;margin-right:auto;width:100%;height:auto;text-align:center;font-size:1em;font-family:AkkoPro-BoldCondensed!important;color:#363636;\"><strong>Victor Novotny des \u00c9tats-Unis dit :<\/strong><\/div><div style=\"margin-left:auto;margin-right:auto;width:100%;height:auto;text-align:center;font-size:1em;font-family:AkkoPro-Condensed!important;color:#363636;\"><em>\"J'ai \u00e9t\u00e9 tr\u00e8s heureux de d\u00e9couvrir la boutique de Robert Z\u00fcblin il y a quelques ann\u00e9es et j'ai depuis acquis deux exemples int\u00e9ressants et difficiles \u00e0 trouver d'Otto Hohlt et de son fils Albrecht\".<\/em><\/div><\/div><\/div><\/div><\/div><\/div><\/div><\/li>\n                <li class=\"slide-36223 ms-layer \" style=\"display: none; width: 100%;\" data-slide-type=\"html_overlay\" data-date=\"2023-12-31 15:11:48\" data-filename=\"temoignages-de-clients-slider-desk.jpg\"><img decoding=\"async\" width=\"500\" height=\"250\" src=\"https:\/\/www.robertzueblin.com\/wp-content\/uploads\/temoignages-de-clients-slider-desk.jpg\" class=\"msDefaultImage\" alt=\"\" title=\"\" srcset=\"https:\/\/www.robertzueblin.com\/wp-content\/uploads\/temoignages-de-clients-slider-desk.jpg 500w, https:\/\/www.robertzueblin.com\/wp-content\/uploads\/temoignages-de-clients-slider-desk-300x150.jpg 300w, https:\/\/www.robertzueblin.com\/wp-content\/uploads\/temoignages-de-clients-slider-desk-416x208.jpg 416w\" sizes=\"(max-width: 500px) 100vw, 500px\" \/><div class='msHtmlOverlay' style='display: none; position: absolute; top: 0; left: 0; width: 100%; height: 100%; ' ><div class=\"layer\" style=\"width: 493px; height: 281px; top: 5px; left: 5px; position: absolute;\" data-width=\"491\" data-height=\"281\"><div class=\"animation_in animated disabled\" data-animation=\"disabled\" data-animation-delay=\"0\" style=\"width: 100%; height: 100%;\"><div class=\"animation_out animated disabled\" data-animation=\"disabled\" data-animation-delay=\"0\" style=\"height: 100%; width: 100%;\"><div class=\"ms_content_wrap\" style=\"height: 100%; background: rgba(114, 112, 112, 0.24);\"><div class=\"content\" id=\"layer_content_135423627\" style=\"color: white; padding: 12px; position: relative;\" data-padding=\"12\"><div style=\"margin-left:auto;margin-right:auto;width:100%;height:auto;text-align:center;font-size:1em;font-family:AkkoPro-BoldCondensed!important;color:#363636;\"><strong>Jos Devriendt de Belgique, Gent, dit :<\/strong><\/div><div style=\"margin-left:auto;margin-right:auto;width:100%;height:auto;text-align:center;font-size:1em;font-family:AkkoPro-Condensed!important;color:#363636;\"><em>\"Le service concernant le transport et la d\u00e9claration en douane \u00e9tait tr\u00e8s correct et la s\u00e9lection de c\u00e9ramiques rare \u00e0 trouver.\"<\/em><\/div><\/div><\/div><\/div><\/div><\/div><\/div><\/li>\n            <\/ul>\n        <\/div>\n        \n    <\/div>\n<\/div><\/p>\n<div>&nbsp;<\/div>\n<div>&nbsp;<\/div>\n<div>&nbsp;<\/div>\n<p><a href=\"https:\/\/www.robertzueblin.com\/fr\/type\/peinture\/\"><\/p>\n<div style=\"text-align:center;font-size:1.4em;font-family:AkkoPro-BoldCondensed!important;\"><span style=\"border: solid 0.4em; border-color: #b12121!important;border-bottom:none;border-right:none;border-left:none;padding-left: 0.4em; padding-right: 0.4em; padding-top: 0.1em; color:black;\"><strong>ACHETER DES TABLEAUX D&rsquo;ART<\/strong><\/span><\/div>\n<p><\/p>\n<figure class=\"newsst\"><img decoding=\"async\" src=\"https:\/\/www.robertzueblin.com\/wp-content\/uploads\/ernst-morgenthaler-peinture-huile-arbre-photo-couverture-1-e1736618942896.jpg\" alt=\"Acheter des \u0153uvres d'art en ligne dans la galerie d'art en ligne ROBERT Z\u00dcBLIN\" title=\"\u0152uvre d'art \u00e0 vendre : peinture \u00e0 l'huile d'Ernst Morgenthaler de la galerie d'art en ligne ROBERT Z\u00dcBLIN\" \/><\/figure>\n<p><\/a><\/p>\n<div>&nbsp;<\/div>\n<div>&nbsp;<\/div>\n<div>&nbsp;<\/div>\n<p><a href=\"https:\/\/www.robertzueblin.com\/fr\/poterie-d-atelier-ceramique-de-studio\/\"><\/p>\n<div style=\"text-align:center;font-size:1.4em;font-family:AkkoPro-BoldCondensed!important;\"><span style=\"border: solid 0.4em; border-color: #b12121!important;border-bottom:none;border-right:none;border-left:none;padding-left: 0.4em; padding-right: 0.4em; padding-top: 0.1em; color:black;\"><strong>ACHETER POTERIE D&rsquo;ATELIER<\/strong><\/span><\/div>\n<p><\/p>\n<figure class=\"newsst\"><img decoding=\"async\" src=\"https:\/\/www.robertzueblin.com\/wp-content\/uploads\/heidi-kippenberg-poterie-atelier-vase-tachiste-photo-couverture.jpg\" alt=\"C\u00e9ramique d'atelier \u00e0 vendre : vase tachiste de Heidi Kippenberg \u2013 C\u00e9ramique d'atelier.\" title=\"C\u00e9ramiques d'atelier \u00e0 vendre : vase tachiste de Heidi Kippenberg de la galerie d'art en ligne ROBERT Z\u00dcBLIN\" \/><\/figure>\n<p><\/a><\/p>\n<div>&nbsp;<\/div>\n<div>&nbsp;<\/div>\n<div>&nbsp;<\/div>\n<p><a href=\"https:\/\/www.robertzueblin.com\/fr\/kintsugi\/art-japonais-reparer-ceramique\/\"><\/p>\n<div style=\"text-align:center;font-size:1.4em;font-family:AkkoPro-BoldCondensed!important;\"><span style=\"border: solid 0.4em; border-color: #b12121!important;border-bottom:none;border-right:none;border-left:none;padding-left: 0.4em; padding-right: 0.4em; padding-top: 0.1em; color:black;\"><strong>KINTSUGI Z\u00dcRICH &#8211; SERVICE DE R\u00c9PARATION<\/strong><\/span><\/div>\n<p><\/p>\n<figure class=\"newsst\"><img decoding=\"async\" src=\"https:\/\/www.robertzueblin.com\/wp-content\/uploads\/theo-perrot-poterie-atelier-vase-kintsugi-reparation-photo-couverture.jpg\" alt=\"Kintsugi Zurich - Service de r\u00e9paration utilisant la technique du kintsugi, une m\u00e9thode de r\u00e9paration japonaise \u00e0 l'or.\" title=\"R\u00e9paration de fissures \u00e0 l'aide de la technique japonaise Kintsugi - ici avec une finition en laiton - par le SERVICE DE R\u00c9PARATION KINTSUGI ZURICH de ROBERT Z\u00dcBLIN\" \/><\/figure>\n<p><\/a><\/p>\n<div>&nbsp;<\/div>\n<div>&nbsp;<\/div>\n<div>&nbsp;<\/div>\n<div>&nbsp;<\/div>\n","protected":false},"excerpt":{"rendered":"<p>&nbsp; &nbsp; &nbsp; T\u00c9MOIGNAGES DE CLIENTS &nbsp; &nbsp; &nbsp; ACHETER DES TABLEAUX D&rsquo;ART &nbsp; &nbsp; &nbsp; ACHETER POTERIE D&rsquo;ATELIER &nbsp; &nbsp; &nbsp; KINTSUGI Z\u00dcRICH &#8211; SERVICE DE R\u00c9PARATION &nbsp; &nbsp; &nbsp; &nbsp;<\/p>\n","protected":false},"author":1,"featured_media":0,"parent":0,"menu_order":0,"comment_status":"closed","ping_status":"closed","template":"","meta":{"footnotes":""},"class_list":["post-25851","page","type-page","status-publish","hentry"],"yoast_head":"<!-- This site is optimized with the Yoast SEO plugin v27.4 - https:\/\/yoast.com\/product\/yoast-seo-wordpress\/ -->\n<title>ROBERT Z\u00dcBLIN - GALERIE D&#039;ART EN LIGNE &amp; KINTSUGI<\/title>\n<meta name=\"description\" content=\"Galerie d&#039;art en ligne avec c\u00e9ramique de studio, tableaux d&#039;art, photographies d&#039;art et sculptures - Kintsugi - Identification de la marque.\" \/>\n<meta name=\"robots\" content=\"index, follow, max-snippet:-1, max-image-preview:large, max-video-preview:-1\" \/>\n<link rel=\"canonical\" href=\"https:\/\/www.robertzueblin.com\/fr\/\" \/>\n<meta property=\"og:locale\" content=\"fr_FR\" \/>\n<meta property=\"og:type\" content=\"article\" \/>\n<meta property=\"og:title\" content=\"ROBERT Z\u00dcBLIN - GALERIE D&#039;ART EN LIGNE &amp; KINTSUGI\" \/>\n<meta property=\"og:description\" content=\"Galerie d&#039;art en ligne avec c\u00e9ramique de studio, tableaux d&#039;art, photographies d&#039;art et sculptures - Kintsugi - Identification de la marque.\" \/>\n<meta property=\"og:url\" content=\"https:\/\/www.robertzueblin.com\/fr\/\" \/>\n<meta property=\"og:site_name\" content=\"ROBERT Z\u00dcBLIN\" \/>\n<meta property=\"article:modified_time\" content=\"2026-01-06T16:56:10+00:00\" \/>\n<meta property=\"og:image\" content=\"https:\/\/www.robertzueblin.com\/wp-content\/uploads\/ernst-morgenthaler-peinture-huile-arbre-photo-couverture-1-e1736618942896.jpg\" \/>\n<meta name=\"twitter:card\" content=\"summary_large_image\" \/>\n<script type=\"application\/ld+json\" class=\"yoast-schema-graph\">{\"@context\":\"https:\\\/\\\/schema.org\",\"@graph\":[{\"@type\":\"WebPage\",\"@id\":\"https:\\\/\\\/www.robertzueblin.com\\\/fr\\\/\",\"url\":\"https:\\\/\\\/www.robertzueblin.com\\\/fr\\\/\",\"name\":\"ROBERT Z\u00dcBLIN - GALERIE D'ART EN LIGNE & KINTSUGI\",\"isPartOf\":{\"@id\":\"https:\\\/\\\/www.robertzueblin.com\\\/fr\\\/#website\"},\"primaryImageOfPage\":{\"@id\":\"https:\\\/\\\/www.robertzueblin.com\\\/fr\\\/#primaryimage\"},\"image\":{\"@id\":\"https:\\\/\\\/www.robertzueblin.com\\\/fr\\\/#primaryimage\"},\"thumbnailUrl\":\"https:\\\/\\\/www.robertzueblin.com\\\/wp-content\\\/uploads\\\/ernst-morgenthaler-peinture-huile-arbre-photo-couverture-1-e1736618942896.jpg\",\"datePublished\":\"2022-05-19T15:27:22+00:00\",\"dateModified\":\"2026-01-06T16:56:10+00:00\",\"description\":\"Galerie d'art en ligne avec c\u00e9ramique de studio, tableaux d'art, photographies d'art et sculptures - Kintsugi - Identification de la marque.\",\"inLanguage\":\"fr-FR\",\"potentialAction\":[{\"@type\":\"ReadAction\",\"target\":[\"https:\\\/\\\/www.robertzueblin.com\\\/fr\\\/\"]}]},{\"@type\":\"ImageObject\",\"inLanguage\":\"fr-FR\",\"@id\":\"https:\\\/\\\/www.robertzueblin.com\\\/fr\\\/#primaryimage\",\"url\":\"https:\\\/\\\/www.robertzueblin.com\\\/wp-content\\\/uploads\\\/ernst-morgenthaler-peinture-huile-arbre-photo-couverture-1-e1736618942896.jpg\",\"contentUrl\":\"https:\\\/\\\/www.robertzueblin.com\\\/wp-content\\\/uploads\\\/ernst-morgenthaler-peinture-huile-arbre-photo-couverture-1-e1736618942896.jpg\"},{\"@type\":\"WebSite\",\"@id\":\"https:\\\/\\\/www.robertzueblin.com\\\/fr\\\/#website\",\"url\":\"https:\\\/\\\/www.robertzueblin.com\\\/fr\\\/\",\"name\":\"ROBERT Z\u00dcBLIN\",\"description\":\"\",\"publisher\":{\"@id\":\"https:\\\/\\\/www.robertzueblin.com\\\/fr\\\/#organization\"},\"potentialAction\":[{\"@type\":\"SearchAction\",\"target\":{\"@type\":\"EntryPoint\",\"urlTemplate\":\"https:\\\/\\\/www.robertzueblin.com\\\/fr\\\/?s={search_term_string}\"},\"query-input\":{\"@type\":\"PropertyValueSpecification\",\"valueRequired\":true,\"valueName\":\"search_term_string\"}}],\"inLanguage\":\"fr-FR\"},{\"@type\":\"Organization\",\"@id\":\"https:\\\/\\\/www.robertzueblin.com\\\/fr\\\/#organization\",\"name\":\"ROBERT Z\u00dcBLIN\",\"url\":\"https:\\\/\\\/www.robertzueblin.com\\\/fr\\\/\",\"logo\":{\"@type\":\"ImageObject\",\"inLanguage\":\"fr-FR\",\"@id\":\"https:\\\/\\\/www.robertzueblin.com\\\/fr\\\/#\\\/schema\\\/logo\\\/image\\\/\",\"url\":\"https:\\\/\\\/www.robertzueblin.com\\\/wp-content\\\/uploads\\\/cropped-cropped-logo-von-robert-zueblin.jpg\",\"contentUrl\":\"https:\\\/\\\/www.robertzueblin.com\\\/wp-content\\\/uploads\\\/cropped-cropped-logo-von-robert-zueblin.jpg\",\"width\":440,\"height\":60,\"caption\":\"ROBERT Z\u00dcBLIN\"},\"image\":{\"@id\":\"https:\\\/\\\/www.robertzueblin.com\\\/fr\\\/#\\\/schema\\\/logo\\\/image\\\/\"}}]}<\/script>\n<!-- \/ Yoast SEO plugin. -->","yoast_head_json":{"title":"ROBERT Z\u00dcBLIN - GALERIE D'ART EN LIGNE & KINTSUGI","description":"Galerie d'art en ligne avec c\u00e9ramique de studio, tableaux d'art, photographies d'art et sculptures - Kintsugi - Identification de la marque.","robots":{"index":"index","follow":"follow","max-snippet":"max-snippet:-1","max-image-preview":"max-image-preview:large","max-video-preview":"max-video-preview:-1"},"canonical":"https:\/\/www.robertzueblin.com\/fr\/","og_locale":"fr_FR","og_type":"article","og_title":"ROBERT Z\u00dcBLIN - GALERIE D'ART EN LIGNE & KINTSUGI","og_description":"Galerie d'art en ligne avec c\u00e9ramique de studio, tableaux d'art, photographies d'art et sculptures - Kintsugi - Identification de la marque.","og_url":"https:\/\/www.robertzueblin.com\/fr\/","og_site_name":"ROBERT Z\u00dcBLIN","article_modified_time":"2026-01-06T16:56:10+00:00","og_image":[{"url":"https:\/\/www.robertzueblin.com\/wp-content\/uploads\/ernst-morgenthaler-peinture-huile-arbre-photo-couverture-1-e1736618942896.jpg","type":"","width":"","height":""}],"twitter_card":"summary_large_image","schema":{"@context":"https:\/\/schema.org","@graph":[{"@type":"WebPage","@id":"https:\/\/www.robertzueblin.com\/fr\/","url":"https:\/\/www.robertzueblin.com\/fr\/","name":"ROBERT Z\u00dcBLIN - GALERIE D'ART EN LIGNE & KINTSUGI","isPartOf":{"@id":"https:\/\/www.robertzueblin.com\/fr\/#website"},"primaryImageOfPage":{"@id":"https:\/\/www.robertzueblin.com\/fr\/#primaryimage"},"image":{"@id":"https:\/\/www.robertzueblin.com\/fr\/#primaryimage"},"thumbnailUrl":"https:\/\/www.robertzueblin.com\/wp-content\/uploads\/ernst-morgenthaler-peinture-huile-arbre-photo-couverture-1-e1736618942896.jpg","datePublished":"2022-05-19T15:27:22+00:00","dateModified":"2026-01-06T16:56:10+00:00","description":"Galerie d'art en ligne avec c\u00e9ramique de studio, tableaux d'art, photographies d'art et sculptures - Kintsugi - Identification de la marque.","inLanguage":"fr-FR","potentialAction":[{"@type":"ReadAction","target":["https:\/\/www.robertzueblin.com\/fr\/"]}]},{"@type":"ImageObject","inLanguage":"fr-FR","@id":"https:\/\/www.robertzueblin.com\/fr\/#primaryimage","url":"https:\/\/www.robertzueblin.com\/wp-content\/uploads\/ernst-morgenthaler-peinture-huile-arbre-photo-couverture-1-e1736618942896.jpg","contentUrl":"https:\/\/www.robertzueblin.com\/wp-content\/uploads\/ernst-morgenthaler-peinture-huile-arbre-photo-couverture-1-e1736618942896.jpg"},{"@type":"WebSite","@id":"https:\/\/www.robertzueblin.com\/fr\/#website","url":"https:\/\/www.robertzueblin.com\/fr\/","name":"ROBERT Z\u00dcBLIN","description":"","publisher":{"@id":"https:\/\/www.robertzueblin.com\/fr\/#organization"},"potentialAction":[{"@type":"SearchAction","target":{"@type":"EntryPoint","urlTemplate":"https:\/\/www.robertzueblin.com\/fr\/?s={search_term_string}"},"query-input":{"@type":"PropertyValueSpecification","valueRequired":true,"valueName":"search_term_string"}}],"inLanguage":"fr-FR"},{"@type":"Organization","@id":"https:\/\/www.robertzueblin.com\/fr\/#organization","name":"ROBERT Z\u00dcBLIN","url":"https:\/\/www.robertzueblin.com\/fr\/","logo":{"@type":"ImageObject","inLanguage":"fr-FR","@id":"https:\/\/www.robertzueblin.com\/fr\/#\/schema\/logo\/image\/","url":"https:\/\/www.robertzueblin.com\/wp-content\/uploads\/cropped-cropped-logo-von-robert-zueblin.jpg","contentUrl":"https:\/\/www.robertzueblin.com\/wp-content\/uploads\/cropped-cropped-logo-von-robert-zueblin.jpg","width":440,"height":60,"caption":"ROBERT Z\u00dcBLIN"},"image":{"@id":"https:\/\/www.robertzueblin.com\/fr\/#\/schema\/logo\/image\/"}}]}},"_links":{"self":[{"href":"https:\/\/www.robertzueblin.com\/fr\/wp-json\/wp\/v2\/pages\/25851","targetHints":{"allow":["GET"]}}],"collection":[{"href":"https:\/\/www.robertzueblin.com\/fr\/wp-json\/wp\/v2\/pages"}],"about":[{"href":"https:\/\/www.robertzueblin.com\/fr\/wp-json\/wp\/v2\/types\/page"}],"author":[{"embeddable":true,"href":"https:\/\/www.robertzueblin.com\/fr\/wp-json\/wp\/v2\/users\/1"}],"replies":[{"embeddable":true,"href":"https:\/\/www.robertzueblin.com\/fr\/wp-json\/wp\/v2\/comments?post=25851"}],"version-history":[{"count":18,"href":"https:\/\/www.robertzueblin.com\/fr\/wp-json\/wp\/v2\/pages\/25851\/revisions"}],"predecessor-version":[{"id":48899,"href":"https:\/\/www.robertzueblin.com\/fr\/wp-json\/wp\/v2\/pages\/25851\/revisions\/48899"}],"wp:attachment":[{"href":"https:\/\/www.robertzueblin.com\/fr\/wp-json\/wp\/v2\/media?parent=25851"}],"curies":[{"name":"wp","href":"https:\/\/api.w.org\/{rel}","templated":true}]}}