{"id":51455,"date":"2026-05-16T16:50:46","date_gmt":"2026-05-16T14:50:46","guid":{"rendered":"https:\/\/www.robertzueblin.com\/?post_type=product&#038;p=51455"},"modified":"2026-05-16T17:00:41","modified_gmt":"2026-05-16T15:00:41","slug":"mila-vazquez-otero-1978-mantequillera-con-mujer-recostada-inspirada-en-una-escultura-de-eduard-klablena-ceramica-de-estudio","status":"publish","type":"product","link":"https:\/\/www.robertzueblin.com\/es\/mila-vazquez-otero\/mantequillera-con-mujer-recostada-inspirada-en-una-escultura-de-eduard-klablena-ceramica-de-estudio\/","title":{"rendered":"Mila V\u00c1ZQUEZ OTERO (* 1978) \u2013 Mantequillera con mujer recostada, inspirada en una escultura de Eduard Klablena \u2013 Cer\u00e1mica de estudio"},"content":{"rendered":"<p><span style=\"font-family: AkkoPro-BoldCondensed!important\">Tipo:<\/span> <a href=\"https:\/\/www.robertzueblin.com\/es\/tipo\/ceramica-artistica-ceramica-artesanal-ceramica-de-taller\/\">cer\u00e1mica de taller<\/a><\/p>\n<p><span style=\"font-family: AkkoPro-BoldCondensed!important\">Dise\u00f1o:<\/span> <a href=\"https:\/\/www.robertzueblin.com\/es\/mila-vazquez-otero\/\">Mila V\u00e1zquez Otero<\/a> (* 1978)<\/p>\n<p><span style=\"font-family: AkkoPro-BoldCondensed!important\">Ejecuci\u00f3n:<\/span> Mila V\u00e1zquez Otero (* 1978)<\/p>\n<p><span style=\"font-family: AkkoPro-BoldCondensed!important\">Objeto:<\/span> mantequillera<\/p>\n<p><span style=\"font-family: AkkoPro-BoldCondensed!important\">Dimensiones:<\/span> plato: altura: 2 cm, anchura: 18,6 cm, profundidad: 11 cm; parte superior: altura: 12,5 cm, anchura: 15 cm, profundidad: 8,5 cm<\/p>\n<p><span style=\"font-family: AkkoPro-BoldCondensed!important\">Cuerpo:<\/span> claro<\/p>\n<p><span style=\"font-family: AkkoPro-BoldCondensed!important\">Superficie:<\/span> multicolor<\/p>\n<p><span style=\"font-family: AkkoPro-BoldCondensed!important\">A\u00f1o de fabricaci\u00f3n:<\/span> 2026<\/p>\n<p><span style=\"font-family: AkkoPro-BoldCondensed!important\">Estado:<\/span> producto nuevo<\/p>\n<p><span style=\"font-family: AkkoPro-BoldCondensed!important\">Firma\/marca:<\/span> O sobre M<\/p>\n<p><span style=\"font-family: AkkoPro-BoldCondensed!important\">Detalle:<\/span><br \/>\nEsta mantequera de cer\u00e1mica est\u00e1 hecha a mano por la artista Mila V\u00e1zquez Otero y se inspira en una <a href=\"https:\/\/imkinsky.com\/en\/auction-results\/101\/263\/3\/57034\">escultura del ceramista Eduard Klablena<\/a>, representante de la Wiener Werkst\u00e4tte. La artista Mila V\u00e1zquez Otero trabaja sin moldes y modela cada pieza de cer\u00e1mica a mano de forma individual, por lo que cada obra es una pieza \u00fanica.<\/p>\n","protected":false},"excerpt":{"rendered":"<p>Tipo: cer\u00e1mica de taller Dise\u00f1o: Mila V\u00e1zquez Otero (* 1978) Ejecuci\u00f3n: Mila V\u00e1zquez Otero (* 1978) Objeto: mantequillera Dimensiones: plato: altura: 2 cm, anchura: 18,6 cm, profundidad: 11 cm; parte superior: altura: 12,5 cm, anchura: 15 cm, profundidad: 8,5 cm Cuerpo: claro Superficie: multicolor A\u00f1o de fabricaci\u00f3n: 2026 Estado: producto nuevo Firma\/marca: O sobre M [&hellip;]<\/p>\n","protected":false},"featured_media":51464,"template":"","meta":[],"product_brand":[],"product_cat":[788,368],"product_tag":[],"class_list":{"0":"post-51455","1":"product","2":"type-product","3":"status-publish","4":"has-post-thumbnail","6":"product_cat-mantequillera-ceramica","7":"product_cat-mila-vazquez-otero","9":"first","10":"instock","11":"sold-individually","12":"shipping-taxable","13":"purchasable","14":"product-type-simple"},"yoast_head":"<!-- This site is optimized with the Yoast SEO plugin v27.6 - https:\/\/yoast.com\/product\/yoast-seo-wordpress\/ -->\n<title>V\u00c1ZQUEZ OTERO \u2013 Mujer recostada, basada en Eduard Klablena<\/title>\n<meta name=\"description\" content=\"Mantequera de cer\u00e1mica hecha a mano con figura de una mujer recostada, inspirada en una escultura de Eduard Klablena, representante de la Wiener Werkst\u00e4tte.\" \/>\n<meta name=\"robots\" content=\"index, follow, max-snippet:-1, max-image-preview:large, max-video-preview:-1\" \/>\n<link rel=\"canonical\" href=\"https:\/\/www.robertzueblin.com\/es\/mila-vazquez-otero\/mantequillera-con-mujer-recostada-inspirada-en-una-escultura-de-eduard-klablena-ceramica-de-estudio\/\" \/>\n<meta property=\"og:locale\" content=\"es_ES\" \/>\n<meta property=\"og:type\" content=\"article\" \/>\n<meta property=\"og:title\" content=\"V\u00c1ZQUEZ OTERO \u2013 Mujer recostada, basada en Eduard Klablena\" \/>\n<meta property=\"og:description\" content=\"Mantequera de cer\u00e1mica hecha a mano con figura de una mujer recostada, inspirada en una escultura de Eduard Klablena, representante de la Wiener Werkst\u00e4tte.\" \/>\n<meta property=\"og:url\" content=\"https:\/\/www.robertzueblin.com\/es\/mila-vazquez-otero\/mantequillera-con-mujer-recostada-inspirada-en-una-escultura-de-eduard-klablena-ceramica-de-estudio\/\" \/>\n<meta property=\"og:site_name\" content=\"ROBERT Z\u00dcBLIN\" \/>\n<meta property=\"article:modified_time\" content=\"2026-05-16T15:00:41+00:00\" \/>\n<meta property=\"og:image\" content=\"https:\/\/www.robertzueblin.com\/wp-content\/uploads\/mila-vazquez-otero-ceramica-estudio-mantequillera-mujer-recostada-basada-escultura-eduard-klablena-lado-foto-titulo.jpg\" \/>\n\t<meta property=\"og:image:width\" content=\"1000\" \/>\n\t<meta property=\"og:image:height\" content=\"1000\" \/>\n\t<meta property=\"og:image:type\" content=\"image\/jpeg\" \/>\n<meta name=\"twitter:card\" content=\"summary_large_image\" \/>\n<script type=\"application\/ld+json\" class=\"yoast-schema-graph\">{\"@context\":\"https:\\\/\\\/schema.org\",\"@graph\":[{\"@type\":\"WebPage\",\"@id\":\"https:\\\/\\\/www.robertzueblin.com\\\/es\\\/mila-vazquez-otero\\\/mantequillera-con-mujer-recostada-inspirada-en-una-escultura-de-eduard-klablena-ceramica-de-estudio\\\/\",\"url\":\"https:\\\/\\\/www.robertzueblin.com\\\/es\\\/mila-vazquez-otero\\\/mantequillera-con-mujer-recostada-inspirada-en-una-escultura-de-eduard-klablena-ceramica-de-estudio\\\/\",\"name\":\"V\u00c1ZQUEZ OTERO \u2013 Mujer recostada, basada en Eduard Klablena\",\"isPartOf\":{\"@id\":\"https:\\\/\\\/www.robertzueblin.com\\\/es\\\/#website\"},\"primaryImageOfPage\":{\"@id\":\"https:\\\/\\\/www.robertzueblin.com\\\/es\\\/mila-vazquez-otero\\\/mantequillera-con-mujer-recostada-inspirada-en-una-escultura-de-eduard-klablena-ceramica-de-estudio\\\/#primaryimage\"},\"image\":{\"@id\":\"https:\\\/\\\/www.robertzueblin.com\\\/es\\\/mila-vazquez-otero\\\/mantequillera-con-mujer-recostada-inspirada-en-una-escultura-de-eduard-klablena-ceramica-de-estudio\\\/#primaryimage\"},\"thumbnailUrl\":\"https:\\\/\\\/www.robertzueblin.com\\\/wp-content\\\/uploads\\\/mila-vazquez-otero-ceramica-estudio-mantequillera-mujer-recostada-basada-escultura-eduard-klablena-lado-foto-titulo.jpg\",\"datePublished\":\"2026-05-16T14:50:46+00:00\",\"dateModified\":\"2026-05-16T15:00:41+00:00\",\"description\":\"Mantequera de cer\u00e1mica hecha a mano con figura de una mujer recostada, inspirada en una escultura de Eduard Klablena, representante de la Wiener Werkst\u00e4tte.\",\"breadcrumb\":{\"@id\":\"https:\\\/\\\/www.robertzueblin.com\\\/es\\\/mila-vazquez-otero\\\/mantequillera-con-mujer-recostada-inspirada-en-una-escultura-de-eduard-klablena-ceramica-de-estudio\\\/#breadcrumb\"},\"inLanguage\":\"es\",\"potentialAction\":[{\"@type\":\"ReadAction\",\"target\":[\"https:\\\/\\\/www.robertzueblin.com\\\/es\\\/mila-vazquez-otero\\\/mantequillera-con-mujer-recostada-inspirada-en-una-escultura-de-eduard-klablena-ceramica-de-estudio\\\/\"]}]},{\"@type\":\"ImageObject\",\"inLanguage\":\"es\",\"@id\":\"https:\\\/\\\/www.robertzueblin.com\\\/es\\\/mila-vazquez-otero\\\/mantequillera-con-mujer-recostada-inspirada-en-una-escultura-de-eduard-klablena-ceramica-de-estudio\\\/#primaryimage\",\"url\":\"https:\\\/\\\/www.robertzueblin.com\\\/wp-content\\\/uploads\\\/mila-vazquez-otero-ceramica-estudio-mantequillera-mujer-recostada-basada-escultura-eduard-klablena-lado-foto-titulo.jpg\",\"contentUrl\":\"https:\\\/\\\/www.robertzueblin.com\\\/wp-content\\\/uploads\\\/mila-vazquez-otero-ceramica-estudio-mantequillera-mujer-recostada-basada-escultura-eduard-klablena-lado-foto-titulo.jpg\",\"width\":1000,\"height\":1000},{\"@type\":\"BreadcrumbList\",\"@id\":\"https:\\\/\\\/www.robertzueblin.com\\\/es\\\/mila-vazquez-otero\\\/mantequillera-con-mujer-recostada-inspirada-en-una-escultura-de-eduard-klablena-ceramica-de-estudio\\\/#breadcrumb\",\"itemListElement\":[{\"@type\":\"ListItem\",\"position\":1,\"name\":\"Startseite\",\"item\":\"https:\\\/\\\/www.robertzueblin.com\\\/es\\\/\"},{\"@type\":\"ListItem\",\"position\":2,\"name\":\"Galer\u00eda de arte online (tienda online)\",\"item\":\"https:\\\/\\\/www.robertzueblin.com\\\/es\\\/galeria-de-arte-online\\\/\"},{\"@type\":\"ListItem\",\"position\":3,\"name\":\"Mila V\u00c1ZQUEZ OTERO (* 1978) \u2013 Mantequillera con mujer recostada, inspirada en una escultura de Eduard Klablena \u2013 Cer\u00e1mica de estudio\"}]},{\"@type\":\"WebSite\",\"@id\":\"https:\\\/\\\/www.robertzueblin.com\\\/es\\\/#website\",\"url\":\"https:\\\/\\\/www.robertzueblin.com\\\/es\\\/\",\"name\":\"ROBERT Z\u00dcBLIN\",\"description\":\"\",\"publisher\":{\"@id\":\"https:\\\/\\\/www.robertzueblin.com\\\/es\\\/#organization\"},\"potentialAction\":[{\"@type\":\"SearchAction\",\"target\":{\"@type\":\"EntryPoint\",\"urlTemplate\":\"https:\\\/\\\/www.robertzueblin.com\\\/es\\\/?s={search_term_string}\"},\"query-input\":{\"@type\":\"PropertyValueSpecification\",\"valueRequired\":true,\"valueName\":\"search_term_string\"}}],\"inLanguage\":\"es\"},{\"@type\":\"Organization\",\"@id\":\"https:\\\/\\\/www.robertzueblin.com\\\/es\\\/#organization\",\"name\":\"ROBERT Z\u00dcBLIN\",\"url\":\"https:\\\/\\\/www.robertzueblin.com\\\/es\\\/\",\"logo\":{\"@type\":\"ImageObject\",\"inLanguage\":\"es\",\"@id\":\"https:\\\/\\\/www.robertzueblin.com\\\/es\\\/#\\\/schema\\\/logo\\\/image\\\/\",\"url\":\"https:\\\/\\\/www.robertzueblin.com\\\/wp-content\\\/uploads\\\/cropped-cropped-logo-von-robert-zueblin.jpg\",\"contentUrl\":\"https:\\\/\\\/www.robertzueblin.com\\\/wp-content\\\/uploads\\\/cropped-cropped-logo-von-robert-zueblin.jpg\",\"width\":440,\"height\":60,\"caption\":\"ROBERT Z\u00dcBLIN\"},\"image\":{\"@id\":\"https:\\\/\\\/www.robertzueblin.com\\\/es\\\/#\\\/schema\\\/logo\\\/image\\\/\"}}]}<\/script>\n<!-- \/ Yoast SEO plugin. -->","yoast_head_json":{"title":"V\u00c1ZQUEZ OTERO \u2013 Mujer recostada, basada en Eduard Klablena","description":"Mantequera de cer\u00e1mica hecha a mano con figura de una mujer recostada, inspirada en una escultura de Eduard Klablena, representante de la Wiener Werkst\u00e4tte.","robots":{"index":"index","follow":"follow","max-snippet":"max-snippet:-1","max-image-preview":"max-image-preview:large","max-video-preview":"max-video-preview:-1"},"canonical":"https:\/\/www.robertzueblin.com\/es\/mila-vazquez-otero\/mantequillera-con-mujer-recostada-inspirada-en-una-escultura-de-eduard-klablena-ceramica-de-estudio\/","og_locale":"es_ES","og_type":"article","og_title":"V\u00c1ZQUEZ OTERO \u2013 Mujer recostada, basada en Eduard Klablena","og_description":"Mantequera de cer\u00e1mica hecha a mano con figura de una mujer recostada, inspirada en una escultura de Eduard Klablena, representante de la Wiener Werkst\u00e4tte.","og_url":"https:\/\/www.robertzueblin.com\/es\/mila-vazquez-otero\/mantequillera-con-mujer-recostada-inspirada-en-una-escultura-de-eduard-klablena-ceramica-de-estudio\/","og_site_name":"ROBERT Z\u00dcBLIN","article_modified_time":"2026-05-16T15:00:41+00:00","og_image":[{"width":1000,"height":1000,"url":"https:\/\/www.robertzueblin.com\/wp-content\/uploads\/mila-vazquez-otero-ceramica-estudio-mantequillera-mujer-recostada-basada-escultura-eduard-klablena-lado-foto-titulo.jpg","type":"image\/jpeg"}],"twitter_card":"summary_large_image","schema":{"@context":"https:\/\/schema.org","@graph":[{"@type":"WebPage","@id":"https:\/\/www.robertzueblin.com\/es\/mila-vazquez-otero\/mantequillera-con-mujer-recostada-inspirada-en-una-escultura-de-eduard-klablena-ceramica-de-estudio\/","url":"https:\/\/www.robertzueblin.com\/es\/mila-vazquez-otero\/mantequillera-con-mujer-recostada-inspirada-en-una-escultura-de-eduard-klablena-ceramica-de-estudio\/","name":"V\u00c1ZQUEZ OTERO \u2013 Mujer recostada, basada en Eduard Klablena","isPartOf":{"@id":"https:\/\/www.robertzueblin.com\/es\/#website"},"primaryImageOfPage":{"@id":"https:\/\/www.robertzueblin.com\/es\/mila-vazquez-otero\/mantequillera-con-mujer-recostada-inspirada-en-una-escultura-de-eduard-klablena-ceramica-de-estudio\/#primaryimage"},"image":{"@id":"https:\/\/www.robertzueblin.com\/es\/mila-vazquez-otero\/mantequillera-con-mujer-recostada-inspirada-en-una-escultura-de-eduard-klablena-ceramica-de-estudio\/#primaryimage"},"thumbnailUrl":"https:\/\/www.robertzueblin.com\/wp-content\/uploads\/mila-vazquez-otero-ceramica-estudio-mantequillera-mujer-recostada-basada-escultura-eduard-klablena-lado-foto-titulo.jpg","datePublished":"2026-05-16T14:50:46+00:00","dateModified":"2026-05-16T15:00:41+00:00","description":"Mantequera de cer\u00e1mica hecha a mano con figura de una mujer recostada, inspirada en una escultura de Eduard Klablena, representante de la Wiener Werkst\u00e4tte.","breadcrumb":{"@id":"https:\/\/www.robertzueblin.com\/es\/mila-vazquez-otero\/mantequillera-con-mujer-recostada-inspirada-en-una-escultura-de-eduard-klablena-ceramica-de-estudio\/#breadcrumb"},"inLanguage":"es","potentialAction":[{"@type":"ReadAction","target":["https:\/\/www.robertzueblin.com\/es\/mila-vazquez-otero\/mantequillera-con-mujer-recostada-inspirada-en-una-escultura-de-eduard-klablena-ceramica-de-estudio\/"]}]},{"@type":"ImageObject","inLanguage":"es","@id":"https:\/\/www.robertzueblin.com\/es\/mila-vazquez-otero\/mantequillera-con-mujer-recostada-inspirada-en-una-escultura-de-eduard-klablena-ceramica-de-estudio\/#primaryimage","url":"https:\/\/www.robertzueblin.com\/wp-content\/uploads\/mila-vazquez-otero-ceramica-estudio-mantequillera-mujer-recostada-basada-escultura-eduard-klablena-lado-foto-titulo.jpg","contentUrl":"https:\/\/www.robertzueblin.com\/wp-content\/uploads\/mila-vazquez-otero-ceramica-estudio-mantequillera-mujer-recostada-basada-escultura-eduard-klablena-lado-foto-titulo.jpg","width":1000,"height":1000},{"@type":"BreadcrumbList","@id":"https:\/\/www.robertzueblin.com\/es\/mila-vazquez-otero\/mantequillera-con-mujer-recostada-inspirada-en-una-escultura-de-eduard-klablena-ceramica-de-estudio\/#breadcrumb","itemListElement":[{"@type":"ListItem","position":1,"name":"Startseite","item":"https:\/\/www.robertzueblin.com\/es\/"},{"@type":"ListItem","position":2,"name":"Galer\u00eda de arte online (tienda online)","item":"https:\/\/www.robertzueblin.com\/es\/galeria-de-arte-online\/"},{"@type":"ListItem","position":3,"name":"Mila V\u00c1ZQUEZ OTERO (* 1978) \u2013 Mantequillera con mujer recostada, inspirada en una escultura de Eduard Klablena \u2013 Cer\u00e1mica de estudio"}]},{"@type":"WebSite","@id":"https:\/\/www.robertzueblin.com\/es\/#website","url":"https:\/\/www.robertzueblin.com\/es\/","name":"ROBERT Z\u00dcBLIN","description":"","publisher":{"@id":"https:\/\/www.robertzueblin.com\/es\/#organization"},"potentialAction":[{"@type":"SearchAction","target":{"@type":"EntryPoint","urlTemplate":"https:\/\/www.robertzueblin.com\/es\/?s={search_term_string}"},"query-input":{"@type":"PropertyValueSpecification","valueRequired":true,"valueName":"search_term_string"}}],"inLanguage":"es"},{"@type":"Organization","@id":"https:\/\/www.robertzueblin.com\/es\/#organization","name":"ROBERT Z\u00dcBLIN","url":"https:\/\/www.robertzueblin.com\/es\/","logo":{"@type":"ImageObject","inLanguage":"es","@id":"https:\/\/www.robertzueblin.com\/es\/#\/schema\/logo\/image\/","url":"https:\/\/www.robertzueblin.com\/wp-content\/uploads\/cropped-cropped-logo-von-robert-zueblin.jpg","contentUrl":"https:\/\/www.robertzueblin.com\/wp-content\/uploads\/cropped-cropped-logo-von-robert-zueblin.jpg","width":440,"height":60,"caption":"ROBERT Z\u00dcBLIN"},"image":{"@id":"https:\/\/www.robertzueblin.com\/es\/#\/schema\/logo\/image\/"}}]}},"_links":{"self":[{"href":"https:\/\/www.robertzueblin.com\/es\/wp-json\/wp\/v2\/product\/51455","targetHints":{"allow":["GET"]}}],"collection":[{"href":"https:\/\/www.robertzueblin.com\/es\/wp-json\/wp\/v2\/product"}],"about":[{"href":"https:\/\/www.robertzueblin.com\/es\/wp-json\/wp\/v2\/types\/product"}],"wp:featuredmedia":[{"embeddable":true,"href":"https:\/\/www.robertzueblin.com\/es\/wp-json\/wp\/v2\/media\/51464"}],"wp:attachment":[{"href":"https:\/\/www.robertzueblin.com\/es\/wp-json\/wp\/v2\/media?parent=51455"}],"wp:term":[{"taxonomy":"product_brand","embeddable":true,"href":"https:\/\/www.robertzueblin.com\/es\/wp-json\/wp\/v2\/product_brand?post=51455"},{"taxonomy":"product_cat","embeddable":true,"href":"https:\/\/www.robertzueblin.com\/es\/wp-json\/wp\/v2\/product_cat?post=51455"},{"taxonomy":"product_tag","embeddable":true,"href":"https:\/\/www.robertzueblin.com\/es\/wp-json\/wp\/v2\/product_tag?post=51455"}],"curies":[{"name":"wp","href":"https:\/\/api.w.org\/{rel}","templated":true}]}}