{"id":51093,"date":"2026-05-07T16:41:32","date_gmt":"2026-05-07T14:41:32","guid":{"rendered":"https:\/\/www.robertzueblin.com\/?post_type=product&#038;p=51093"},"modified":"2026-05-07T17:10:08","modified_gmt":"2026-05-07T15:10:08","slug":"johann-wanzenried-1847-%e2%80%a0-1895-plato-con-wengernalp-mayolica-de-thun-thoune","status":"publish","type":"product","link":"https:\/\/www.robertzueblin.com\/es\/johann-wanzenried\/plato-con-wengernalp-mayolica-de-thun-thoune\/","title":{"rendered":"Johann WANZENRIED (* 1847, \u2020 1895) \u2013 Plato con Wengernalp \u2013 May\u00f3lica de Thun (Thoune)"},"content":{"rendered":"<p><span style=\"font-family: AkkoPro-BoldCondensed!important\">Tipo:<\/span> <a href=\"https:\/\/www.robertzueblin.com\/es\/tipo\/ceramica-artistica-ceramica-artesanal-ceramica-de-taller\/\">Cer\u00e1mica de taller<\/a><\/p>\n<p><span style=\"font-family: AkkoPro-BoldCondensed!important\">Taller:<\/span> <a href=\"https:\/\/www.robertzueblin.com\/es\/taller-johann-wanzenried\/\">Johann Wanzenried<\/a> (* 1847, \u2020 1895)<\/p>\n<p><span style=\"font-family: AkkoPro-BoldCondensed!important\">Pintor:<\/span> desconocido<\/p>\n<p><span style=\"font-family: AkkoPro-BoldCondensed!important\">Oggetto:<\/span> plato<\/p>\n<p><span style=\"font-family: AkkoPro-BoldCondensed!important\">Material:<\/span> engobe y esmalte sobre arcilla<\/p>\n<p><span style=\"font-family: AkkoPro-BoldCondensed!important\">Dimensiones:<\/span> di\u00e1metro: 22 cm, altura: 2,7 cm<\/p>\n<p><span style=\"font-family: AkkoPro-BoldCondensed!important\">A\u00f1o de producci\u00f3n:<\/span> hacia 1900<\/p>\n<p><span style=\"font-family: AkkoPro-BoldCondensed!important\">Estado:<\/span> p\u00e9rdida de color en el marco de la imagen, peque\u00f1a astilla en el borde, algunas astillas m\u00ednimas en la base y en el pie<\/p>\n<p><span style=\"font-family: AkkoPro-BoldCondensed!important\">Firma\/marca:<\/span> Denominaci\u00f3n de origen: \u00abThoune\u00bb y denominaci\u00f3n del taller: \u00abJW\u00bb m\u00e1s 2 estrellas y una media luna<\/p>\n","protected":false},"excerpt":{"rendered":"<p>Tipo: Cer\u00e1mica de taller Taller: Johann Wanzenried (* 1847, \u2020 1895) Pintor: desconocido Oggetto: plato Material: engobe y esmalte sobre arcilla Dimensiones: di\u00e1metro: 22 cm, altura: 2,7 cm A\u00f1o de producci\u00f3n: hacia 1900 Estado: p\u00e9rdida de color en el marco de la imagen, peque\u00f1a astilla en el borde, algunas astillas m\u00ednimas en la base y [&hellip;]<\/p>\n","protected":false},"featured_media":51097,"template":"","meta":[],"product_brand":[],"product_cat":[498,637,595,912],"product_tag":[],"class_list":{"0":"post-51093","1":"product","2":"type-product","3":"status-publish","4":"has-post-thumbnail","6":"product_cat-cuadros-al-oleo","7":"product_cat-johann-wanzenried","8":"product_cat-thun-mayolica-thoune-ceramica-suiza-thun","9":"product_cat-vedutas-de-thun","11":"first","12":"instock","13":"sold-individually","14":"shipping-taxable","15":"purchasable","16":"product-type-simple"},"yoast_head":"<!-- This site is optimized with the Yoast SEO plugin v27.5 - https:\/\/yoast.com\/product\/yoast-seo-wordpress\/ -->\n<title>Johann WANZENRIED \u2013 Plato con Wengernalp \u2013 Thoune<\/title>\n<meta name=\"description\" content=\"Plato decorativo de may\u00f3lica de Thun (plato con veduta) con una pintura al \u00f3leo de Wengernalp en el centro y un engobe sin esmaltar a modo de marco (mate).\" \/>\n<meta name=\"robots\" content=\"index, follow, max-snippet:-1, max-image-preview:large, max-video-preview:-1\" \/>\n<link rel=\"canonical\" href=\"https:\/\/www.robertzueblin.com\/es\/johann-wanzenried\/plato-con-wengernalp-mayolica-de-thun-thoune\/\" \/>\n<meta property=\"og:locale\" content=\"es_ES\" \/>\n<meta property=\"og:type\" content=\"article\" \/>\n<meta property=\"og:title\" content=\"Johann WANZENRIED \u2013 Plato con Wengernalp \u2013 Thoune\" \/>\n<meta property=\"og:description\" content=\"Plato decorativo de may\u00f3lica de Thun (plato con veduta) con una pintura al \u00f3leo de Wengernalp en el centro y un engobe sin esmaltar a modo de marco (mate).\" \/>\n<meta property=\"og:url\" content=\"https:\/\/www.robertzueblin.com\/es\/johann-wanzenried\/plato-con-wengernalp-mayolica-de-thun-thoune\/\" \/>\n<meta property=\"og:site_name\" content=\"ROBERT Z\u00dcBLIN\" \/>\n<meta property=\"article:modified_time\" content=\"2026-05-07T15:10:08+00:00\" \/>\n<meta property=\"og:image\" content=\"https:\/\/www.robertzueblin.com\/wp-content\/uploads\/johann-wanzenried-mayolica-thun-thoune-plato-wengernalp-foto-titulo.jpg\" \/>\n\t<meta property=\"og:image:width\" content=\"1000\" \/>\n\t<meta property=\"og:image:height\" content=\"1000\" \/>\n\t<meta property=\"og:image:type\" content=\"image\/jpeg\" \/>\n<meta name=\"twitter:card\" content=\"summary_large_image\" \/>\n<script type=\"application\/ld+json\" class=\"yoast-schema-graph\">{\"@context\":\"https:\\\/\\\/schema.org\",\"@graph\":[{\"@type\":\"WebPage\",\"@id\":\"https:\\\/\\\/www.robertzueblin.com\\\/es\\\/johann-wanzenried\\\/plato-con-wengernalp-mayolica-de-thun-thoune\\\/\",\"url\":\"https:\\\/\\\/www.robertzueblin.com\\\/es\\\/johann-wanzenried\\\/plato-con-wengernalp-mayolica-de-thun-thoune\\\/\",\"name\":\"Johann WANZENRIED \u2013 Plato con Wengernalp \u2013 Thoune\",\"isPartOf\":{\"@id\":\"https:\\\/\\\/www.robertzueblin.com\\\/es\\\/#website\"},\"primaryImageOfPage\":{\"@id\":\"https:\\\/\\\/www.robertzueblin.com\\\/es\\\/johann-wanzenried\\\/plato-con-wengernalp-mayolica-de-thun-thoune\\\/#primaryimage\"},\"image\":{\"@id\":\"https:\\\/\\\/www.robertzueblin.com\\\/es\\\/johann-wanzenried\\\/plato-con-wengernalp-mayolica-de-thun-thoune\\\/#primaryimage\"},\"thumbnailUrl\":\"https:\\\/\\\/www.robertzueblin.com\\\/wp-content\\\/uploads\\\/johann-wanzenried-mayolica-thun-thoune-plato-wengernalp-foto-titulo.jpg\",\"datePublished\":\"2026-05-07T14:41:32+00:00\",\"dateModified\":\"2026-05-07T15:10:08+00:00\",\"description\":\"Plato decorativo de may\u00f3lica de Thun (plato con veduta) con una pintura al \u00f3leo de Wengernalp en el centro y un engobe sin esmaltar a modo de marco (mate).\",\"breadcrumb\":{\"@id\":\"https:\\\/\\\/www.robertzueblin.com\\\/es\\\/johann-wanzenried\\\/plato-con-wengernalp-mayolica-de-thun-thoune\\\/#breadcrumb\"},\"inLanguage\":\"es\",\"potentialAction\":[{\"@type\":\"ReadAction\",\"target\":[\"https:\\\/\\\/www.robertzueblin.com\\\/es\\\/johann-wanzenried\\\/plato-con-wengernalp-mayolica-de-thun-thoune\\\/\"]}]},{\"@type\":\"ImageObject\",\"inLanguage\":\"es\",\"@id\":\"https:\\\/\\\/www.robertzueblin.com\\\/es\\\/johann-wanzenried\\\/plato-con-wengernalp-mayolica-de-thun-thoune\\\/#primaryimage\",\"url\":\"https:\\\/\\\/www.robertzueblin.com\\\/wp-content\\\/uploads\\\/johann-wanzenried-mayolica-thun-thoune-plato-wengernalp-foto-titulo.jpg\",\"contentUrl\":\"https:\\\/\\\/www.robertzueblin.com\\\/wp-content\\\/uploads\\\/johann-wanzenried-mayolica-thun-thoune-plato-wengernalp-foto-titulo.jpg\",\"width\":1000,\"height\":1000},{\"@type\":\"BreadcrumbList\",\"@id\":\"https:\\\/\\\/www.robertzueblin.com\\\/es\\\/johann-wanzenried\\\/plato-con-wengernalp-mayolica-de-thun-thoune\\\/#breadcrumb\",\"itemListElement\":[{\"@type\":\"ListItem\",\"position\":1,\"name\":\"Startseite\",\"item\":\"https:\\\/\\\/www.robertzueblin.com\\\/es\\\/\"},{\"@type\":\"ListItem\",\"position\":2,\"name\":\"Galer\u00eda de arte online (tienda online)\",\"item\":\"https:\\\/\\\/www.robertzueblin.com\\\/es\\\/galeria-de-arte-online\\\/\"},{\"@type\":\"ListItem\",\"position\":3,\"name\":\"Johann WANZENRIED (* 1847, \u2020 1895) \u2013 Plato con Wengernalp \u2013 May\u00f3lica de Thun (Thoune)\"}]},{\"@type\":\"WebSite\",\"@id\":\"https:\\\/\\\/www.robertzueblin.com\\\/es\\\/#website\",\"url\":\"https:\\\/\\\/www.robertzueblin.com\\\/es\\\/\",\"name\":\"ROBERT Z\u00dcBLIN\",\"description\":\"\",\"publisher\":{\"@id\":\"https:\\\/\\\/www.robertzueblin.com\\\/es\\\/#organization\"},\"potentialAction\":[{\"@type\":\"SearchAction\",\"target\":{\"@type\":\"EntryPoint\",\"urlTemplate\":\"https:\\\/\\\/www.robertzueblin.com\\\/es\\\/?s={search_term_string}\"},\"query-input\":{\"@type\":\"PropertyValueSpecification\",\"valueRequired\":true,\"valueName\":\"search_term_string\"}}],\"inLanguage\":\"es\"},{\"@type\":\"Organization\",\"@id\":\"https:\\\/\\\/www.robertzueblin.com\\\/es\\\/#organization\",\"name\":\"ROBERT Z\u00dcBLIN\",\"url\":\"https:\\\/\\\/www.robertzueblin.com\\\/es\\\/\",\"logo\":{\"@type\":\"ImageObject\",\"inLanguage\":\"es\",\"@id\":\"https:\\\/\\\/www.robertzueblin.com\\\/es\\\/#\\\/schema\\\/logo\\\/image\\\/\",\"url\":\"https:\\\/\\\/www.robertzueblin.com\\\/wp-content\\\/uploads\\\/cropped-cropped-logo-von-robert-zueblin.jpg\",\"contentUrl\":\"https:\\\/\\\/www.robertzueblin.com\\\/wp-content\\\/uploads\\\/cropped-cropped-logo-von-robert-zueblin.jpg\",\"width\":440,\"height\":60,\"caption\":\"ROBERT Z\u00dcBLIN\"},\"image\":{\"@id\":\"https:\\\/\\\/www.robertzueblin.com\\\/es\\\/#\\\/schema\\\/logo\\\/image\\\/\"}}]}<\/script>\n<!-- \/ Yoast SEO plugin. -->","yoast_head_json":{"title":"Johann WANZENRIED \u2013 Plato con Wengernalp \u2013 Thoune","description":"Plato decorativo de may\u00f3lica de Thun (plato con veduta) con una pintura al \u00f3leo de Wengernalp en el centro y un engobe sin esmaltar a modo de marco (mate).","robots":{"index":"index","follow":"follow","max-snippet":"max-snippet:-1","max-image-preview":"max-image-preview:large","max-video-preview":"max-video-preview:-1"},"canonical":"https:\/\/www.robertzueblin.com\/es\/johann-wanzenried\/plato-con-wengernalp-mayolica-de-thun-thoune\/","og_locale":"es_ES","og_type":"article","og_title":"Johann WANZENRIED \u2013 Plato con Wengernalp \u2013 Thoune","og_description":"Plato decorativo de may\u00f3lica de Thun (plato con veduta) con una pintura al \u00f3leo de Wengernalp en el centro y un engobe sin esmaltar a modo de marco (mate).","og_url":"https:\/\/www.robertzueblin.com\/es\/johann-wanzenried\/plato-con-wengernalp-mayolica-de-thun-thoune\/","og_site_name":"ROBERT Z\u00dcBLIN","article_modified_time":"2026-05-07T15:10:08+00:00","og_image":[{"width":1000,"height":1000,"url":"https:\/\/www.robertzueblin.com\/wp-content\/uploads\/johann-wanzenried-mayolica-thun-thoune-plato-wengernalp-foto-titulo.jpg","type":"image\/jpeg"}],"twitter_card":"summary_large_image","schema":{"@context":"https:\/\/schema.org","@graph":[{"@type":"WebPage","@id":"https:\/\/www.robertzueblin.com\/es\/johann-wanzenried\/plato-con-wengernalp-mayolica-de-thun-thoune\/","url":"https:\/\/www.robertzueblin.com\/es\/johann-wanzenried\/plato-con-wengernalp-mayolica-de-thun-thoune\/","name":"Johann WANZENRIED \u2013 Plato con Wengernalp \u2013 Thoune","isPartOf":{"@id":"https:\/\/www.robertzueblin.com\/es\/#website"},"primaryImageOfPage":{"@id":"https:\/\/www.robertzueblin.com\/es\/johann-wanzenried\/plato-con-wengernalp-mayolica-de-thun-thoune\/#primaryimage"},"image":{"@id":"https:\/\/www.robertzueblin.com\/es\/johann-wanzenried\/plato-con-wengernalp-mayolica-de-thun-thoune\/#primaryimage"},"thumbnailUrl":"https:\/\/www.robertzueblin.com\/wp-content\/uploads\/johann-wanzenried-mayolica-thun-thoune-plato-wengernalp-foto-titulo.jpg","datePublished":"2026-05-07T14:41:32+00:00","dateModified":"2026-05-07T15:10:08+00:00","description":"Plato decorativo de may\u00f3lica de Thun (plato con veduta) con una pintura al \u00f3leo de Wengernalp en el centro y un engobe sin esmaltar a modo de marco (mate).","breadcrumb":{"@id":"https:\/\/www.robertzueblin.com\/es\/johann-wanzenried\/plato-con-wengernalp-mayolica-de-thun-thoune\/#breadcrumb"},"inLanguage":"es","potentialAction":[{"@type":"ReadAction","target":["https:\/\/www.robertzueblin.com\/es\/johann-wanzenried\/plato-con-wengernalp-mayolica-de-thun-thoune\/"]}]},{"@type":"ImageObject","inLanguage":"es","@id":"https:\/\/www.robertzueblin.com\/es\/johann-wanzenried\/plato-con-wengernalp-mayolica-de-thun-thoune\/#primaryimage","url":"https:\/\/www.robertzueblin.com\/wp-content\/uploads\/johann-wanzenried-mayolica-thun-thoune-plato-wengernalp-foto-titulo.jpg","contentUrl":"https:\/\/www.robertzueblin.com\/wp-content\/uploads\/johann-wanzenried-mayolica-thun-thoune-plato-wengernalp-foto-titulo.jpg","width":1000,"height":1000},{"@type":"BreadcrumbList","@id":"https:\/\/www.robertzueblin.com\/es\/johann-wanzenried\/plato-con-wengernalp-mayolica-de-thun-thoune\/#breadcrumb","itemListElement":[{"@type":"ListItem","position":1,"name":"Startseite","item":"https:\/\/www.robertzueblin.com\/es\/"},{"@type":"ListItem","position":2,"name":"Galer\u00eda de arte online (tienda online)","item":"https:\/\/www.robertzueblin.com\/es\/galeria-de-arte-online\/"},{"@type":"ListItem","position":3,"name":"Johann WANZENRIED (* 1847, \u2020 1895) \u2013 Plato con Wengernalp \u2013 May\u00f3lica de Thun (Thoune)"}]},{"@type":"WebSite","@id":"https:\/\/www.robertzueblin.com\/es\/#website","url":"https:\/\/www.robertzueblin.com\/es\/","name":"ROBERT Z\u00dcBLIN","description":"","publisher":{"@id":"https:\/\/www.robertzueblin.com\/es\/#organization"},"potentialAction":[{"@type":"SearchAction","target":{"@type":"EntryPoint","urlTemplate":"https:\/\/www.robertzueblin.com\/es\/?s={search_term_string}"},"query-input":{"@type":"PropertyValueSpecification","valueRequired":true,"valueName":"search_term_string"}}],"inLanguage":"es"},{"@type":"Organization","@id":"https:\/\/www.robertzueblin.com\/es\/#organization","name":"ROBERT Z\u00dcBLIN","url":"https:\/\/www.robertzueblin.com\/es\/","logo":{"@type":"ImageObject","inLanguage":"es","@id":"https:\/\/www.robertzueblin.com\/es\/#\/schema\/logo\/image\/","url":"https:\/\/www.robertzueblin.com\/wp-content\/uploads\/cropped-cropped-logo-von-robert-zueblin.jpg","contentUrl":"https:\/\/www.robertzueblin.com\/wp-content\/uploads\/cropped-cropped-logo-von-robert-zueblin.jpg","width":440,"height":60,"caption":"ROBERT Z\u00dcBLIN"},"image":{"@id":"https:\/\/www.robertzueblin.com\/es\/#\/schema\/logo\/image\/"}}]}},"_links":{"self":[{"href":"https:\/\/www.robertzueblin.com\/es\/wp-json\/wp\/v2\/product\/51093","targetHints":{"allow":["GET"]}}],"collection":[{"href":"https:\/\/www.robertzueblin.com\/es\/wp-json\/wp\/v2\/product"}],"about":[{"href":"https:\/\/www.robertzueblin.com\/es\/wp-json\/wp\/v2\/types\/product"}],"wp:featuredmedia":[{"embeddable":true,"href":"https:\/\/www.robertzueblin.com\/es\/wp-json\/wp\/v2\/media\/51097"}],"wp:attachment":[{"href":"https:\/\/www.robertzueblin.com\/es\/wp-json\/wp\/v2\/media?parent=51093"}],"wp:term":[{"taxonomy":"product_brand","embeddable":true,"href":"https:\/\/www.robertzueblin.com\/es\/wp-json\/wp\/v2\/product_brand?post=51093"},{"taxonomy":"product_cat","embeddable":true,"href":"https:\/\/www.robertzueblin.com\/es\/wp-json\/wp\/v2\/product_cat?post=51093"},{"taxonomy":"product_tag","embeddable":true,"href":"https:\/\/www.robertzueblin.com\/es\/wp-json\/wp\/v2\/product_tag?post=51093"}],"curies":[{"name":"wp","href":"https:\/\/api.w.org\/{rel}","templated":true}]}}