{"id":50946,"date":"2026-05-01T14:44:17","date_gmt":"2026-05-01T12:44:17","guid":{"rendered":"https:\/\/www.robertzueblin.com\/?post_type=product&#038;p=50946"},"modified":"2026-05-01T14:55:20","modified_gmt":"2026-05-01T12:55:20","slug":"eduard-buehler-1853-%e2%80%a0-1909-jungfrau-oleo","status":"publish","type":"product","link":"https:\/\/www.robertzueblin.com\/es\/eduard-buehler\/jungfrau-oleo\/","title":{"rendered":"Eduard B\u00dcHLER (* 1853, \u2020 1909) \u2013 Jungfrau \u2013 \u00d3leo"},"content":{"rendered":"<p><span style=\"font-family: AkkoPro-BoldCondensed!important\">Tipo:<\/span> <a href=\"https:\/\/www.robertzueblin.com\/es\/tipo\/pintura\/\">pintura<\/a><\/p>\n<p><span style=\"font-family: AkkoPro-BoldCondensed!important\">Pintor:<\/span> <a href=\"https:\/\/www.robertzueblin.com\/es\/eduard-buehler\/\">Eduard B\u00dcHLER<\/a> (* 1853, \u2020 1909)<\/p>\n<p><span style=\"font-family: AkkoPro-BoldCondensed!important\">Objeto:<\/span> <a href=\"https:\/\/www.robertzueblin.com\/es\/cuadros-al-oleo\/\">pintura al \u00f3leo<\/a><\/p>\n<p><span style=\"font-family: AkkoPro-BoldCondensed!important\">Material:<\/span> \u00f3leo sobre cart\u00f3n<\/p>\n<p><span style=\"font-family: AkkoPro-BoldCondensed!important\">Dimensiones:<\/span> alto: 13,5 cm, anchura: 18,5 cm; con marco: altura: 18 cm, anchura: 23,5 cm<\/p>\n<p><span style=\"font-family: AkkoPro-BoldCondensed!important\">Periodo de realizaci\u00f3n:<\/span> segunda mitad del siglo XIX<\/p>\n<p><span style=\"font-family: AkkoPro-BoldCondensed!important\">Estado:<\/span> cuadro: bueno; marco: signos de uso<\/p>\n<p><span style=\"font-family: AkkoPro-BoldCondensed!important\">Firma:<\/span> E B\u00fchler<\/p>\n","protected":false},"excerpt":{"rendered":"<p>Tipo: pintura Pintor: Eduard B\u00dcHLER (* 1853, \u2020 1909) Objeto: pintura al \u00f3leo Material: \u00f3leo sobre cart\u00f3n Dimensiones: alto: 13,5 cm, anchura: 18,5 cm; con marco: altura: 18 cm, anchura: 23,5 cm Periodo de realizaci\u00f3n: segunda mitad del siglo XIX Estado: cuadro: bueno; marco: signos de uso Firma: E B\u00fchler<\/p>\n","protected":false},"featured_media":50949,"template":"","meta":[],"product_brand":[],"product_cat":[778,498,978],"product_tag":[],"class_list":{"0":"post-50946","1":"product","2":"type-product","3":"status-publish","4":"has-post-thumbnail","6":"product_cat-pintura","7":"product_cat-cuadros-al-oleo","8":"product_cat-eduard-buehler","10":"first","11":"instock","12":"sold-individually","13":"shipping-taxable","14":"purchasable","15":"product-type-simple"},"yoast_head":"<!-- This site is optimized with the Yoast SEO plugin v27.5 - https:\/\/yoast.com\/product\/yoast-seo-wordpress\/ -->\n<title>Eduard B\u00dcHLER (* 1853, \u2020 1909) \u2013 Jungfrau \u2013 \u00d3leo<\/title>\n<meta name=\"description\" content=\"Precioso cuadro al \u00f3leo de peque\u00f1o formato de Eduard B\u00fchler (* 1853, \u2020 1909) con el motivo de las monta\u00f1as suizas Jungfrau y Silberhorn.\" \/>\n<meta name=\"robots\" content=\"index, follow, max-snippet:-1, max-image-preview:large, max-video-preview:-1\" \/>\n<link rel=\"canonical\" href=\"https:\/\/www.robertzueblin.com\/es\/eduard-buehler\/jungfrau-oleo\/\" \/>\n<meta property=\"og:locale\" content=\"es_ES\" \/>\n<meta property=\"og:type\" content=\"article\" \/>\n<meta property=\"og:title\" content=\"Eduard B\u00dcHLER (* 1853, \u2020 1909) \u2013 Jungfrau \u2013 \u00d3leo\" \/>\n<meta property=\"og:description\" content=\"Precioso cuadro al \u00f3leo de peque\u00f1o formato de Eduard B\u00fchler (* 1853, \u2020 1909) con el motivo de las monta\u00f1as suizas Jungfrau y Silberhorn.\" \/>\n<meta property=\"og:url\" content=\"https:\/\/www.robertzueblin.com\/es\/eduard-buehler\/jungfrau-oleo\/\" \/>\n<meta property=\"og:site_name\" content=\"ROBERT Z\u00dcBLIN\" \/>\n<meta property=\"article:modified_time\" content=\"2026-05-01T12:55:20+00:00\" \/>\n<meta property=\"og:image\" content=\"https:\/\/www.robertzueblin.com\/wp-content\/uploads\/eduard-buehler-oleo-jungfrau-foto-titulo.jpg\" \/>\n\t<meta property=\"og:image:width\" content=\"1000\" \/>\n\t<meta property=\"og:image:height\" content=\"661\" \/>\n\t<meta property=\"og:image:type\" content=\"image\/jpeg\" \/>\n<meta name=\"twitter:card\" content=\"summary_large_image\" \/>\n<script type=\"application\/ld+json\" class=\"yoast-schema-graph\">{\"@context\":\"https:\\\/\\\/schema.org\",\"@graph\":[{\"@type\":\"WebPage\",\"@id\":\"https:\\\/\\\/www.robertzueblin.com\\\/es\\\/eduard-buehler\\\/jungfrau-oleo\\\/\",\"url\":\"https:\\\/\\\/www.robertzueblin.com\\\/es\\\/eduard-buehler\\\/jungfrau-oleo\\\/\",\"name\":\"Eduard B\u00dcHLER (* 1853, \u2020 1909) \u2013 Jungfrau \u2013 \u00d3leo\",\"isPartOf\":{\"@id\":\"https:\\\/\\\/www.robertzueblin.com\\\/es\\\/#website\"},\"primaryImageOfPage\":{\"@id\":\"https:\\\/\\\/www.robertzueblin.com\\\/es\\\/eduard-buehler\\\/jungfrau-oleo\\\/#primaryimage\"},\"image\":{\"@id\":\"https:\\\/\\\/www.robertzueblin.com\\\/es\\\/eduard-buehler\\\/jungfrau-oleo\\\/#primaryimage\"},\"thumbnailUrl\":\"https:\\\/\\\/www.robertzueblin.com\\\/wp-content\\\/uploads\\\/eduard-buehler-oleo-jungfrau-foto-titulo.jpg\",\"datePublished\":\"2026-05-01T12:44:17+00:00\",\"dateModified\":\"2026-05-01T12:55:20+00:00\",\"description\":\"Precioso cuadro al \u00f3leo de peque\u00f1o formato de Eduard B\u00fchler (* 1853, \u2020 1909) con el motivo de las monta\u00f1as suizas Jungfrau y Silberhorn.\",\"breadcrumb\":{\"@id\":\"https:\\\/\\\/www.robertzueblin.com\\\/es\\\/eduard-buehler\\\/jungfrau-oleo\\\/#breadcrumb\"},\"inLanguage\":\"es\",\"potentialAction\":[{\"@type\":\"ReadAction\",\"target\":[\"https:\\\/\\\/www.robertzueblin.com\\\/es\\\/eduard-buehler\\\/jungfrau-oleo\\\/\"]}]},{\"@type\":\"ImageObject\",\"inLanguage\":\"es\",\"@id\":\"https:\\\/\\\/www.robertzueblin.com\\\/es\\\/eduard-buehler\\\/jungfrau-oleo\\\/#primaryimage\",\"url\":\"https:\\\/\\\/www.robertzueblin.com\\\/wp-content\\\/uploads\\\/eduard-buehler-oleo-jungfrau-foto-titulo.jpg\",\"contentUrl\":\"https:\\\/\\\/www.robertzueblin.com\\\/wp-content\\\/uploads\\\/eduard-buehler-oleo-jungfrau-foto-titulo.jpg\",\"width\":1000,\"height\":661},{\"@type\":\"BreadcrumbList\",\"@id\":\"https:\\\/\\\/www.robertzueblin.com\\\/es\\\/eduard-buehler\\\/jungfrau-oleo\\\/#breadcrumb\",\"itemListElement\":[{\"@type\":\"ListItem\",\"position\":1,\"name\":\"Startseite\",\"item\":\"https:\\\/\\\/www.robertzueblin.com\\\/es\\\/\"},{\"@type\":\"ListItem\",\"position\":2,\"name\":\"Galer\u00eda de arte online (tienda online)\",\"item\":\"https:\\\/\\\/www.robertzueblin.com\\\/es\\\/galeria-de-arte-online\\\/\"},{\"@type\":\"ListItem\",\"position\":3,\"name\":\"Eduard B\u00dcHLER (* 1853, \u2020 1909) \u2013 Jungfrau \u2013 \u00d3leo\"}]},{\"@type\":\"WebSite\",\"@id\":\"https:\\\/\\\/www.robertzueblin.com\\\/es\\\/#website\",\"url\":\"https:\\\/\\\/www.robertzueblin.com\\\/es\\\/\",\"name\":\"ROBERT Z\u00dcBLIN\",\"description\":\"\",\"publisher\":{\"@id\":\"https:\\\/\\\/www.robertzueblin.com\\\/es\\\/#organization\"},\"potentialAction\":[{\"@type\":\"SearchAction\",\"target\":{\"@type\":\"EntryPoint\",\"urlTemplate\":\"https:\\\/\\\/www.robertzueblin.com\\\/es\\\/?s={search_term_string}\"},\"query-input\":{\"@type\":\"PropertyValueSpecification\",\"valueRequired\":true,\"valueName\":\"search_term_string\"}}],\"inLanguage\":\"es\"},{\"@type\":\"Organization\",\"@id\":\"https:\\\/\\\/www.robertzueblin.com\\\/es\\\/#organization\",\"name\":\"ROBERT Z\u00dcBLIN\",\"url\":\"https:\\\/\\\/www.robertzueblin.com\\\/es\\\/\",\"logo\":{\"@type\":\"ImageObject\",\"inLanguage\":\"es\",\"@id\":\"https:\\\/\\\/www.robertzueblin.com\\\/es\\\/#\\\/schema\\\/logo\\\/image\\\/\",\"url\":\"https:\\\/\\\/www.robertzueblin.com\\\/wp-content\\\/uploads\\\/cropped-cropped-logo-von-robert-zueblin.jpg\",\"contentUrl\":\"https:\\\/\\\/www.robertzueblin.com\\\/wp-content\\\/uploads\\\/cropped-cropped-logo-von-robert-zueblin.jpg\",\"width\":440,\"height\":60,\"caption\":\"ROBERT Z\u00dcBLIN\"},\"image\":{\"@id\":\"https:\\\/\\\/www.robertzueblin.com\\\/es\\\/#\\\/schema\\\/logo\\\/image\\\/\"}}]}<\/script>\n<!-- \/ Yoast SEO plugin. -->","yoast_head_json":{"title":"Eduard B\u00dcHLER (* 1853, \u2020 1909) \u2013 Jungfrau \u2013 \u00d3leo","description":"Precioso cuadro al \u00f3leo de peque\u00f1o formato de Eduard B\u00fchler (* 1853, \u2020 1909) con el motivo de las monta\u00f1as suizas Jungfrau y Silberhorn.","robots":{"index":"index","follow":"follow","max-snippet":"max-snippet:-1","max-image-preview":"max-image-preview:large","max-video-preview":"max-video-preview:-1"},"canonical":"https:\/\/www.robertzueblin.com\/es\/eduard-buehler\/jungfrau-oleo\/","og_locale":"es_ES","og_type":"article","og_title":"Eduard B\u00dcHLER (* 1853, \u2020 1909) \u2013 Jungfrau \u2013 \u00d3leo","og_description":"Precioso cuadro al \u00f3leo de peque\u00f1o formato de Eduard B\u00fchler (* 1853, \u2020 1909) con el motivo de las monta\u00f1as suizas Jungfrau y Silberhorn.","og_url":"https:\/\/www.robertzueblin.com\/es\/eduard-buehler\/jungfrau-oleo\/","og_site_name":"ROBERT Z\u00dcBLIN","article_modified_time":"2026-05-01T12:55:20+00:00","og_image":[{"width":1000,"height":661,"url":"https:\/\/www.robertzueblin.com\/wp-content\/uploads\/eduard-buehler-oleo-jungfrau-foto-titulo.jpg","type":"image\/jpeg"}],"twitter_card":"summary_large_image","schema":{"@context":"https:\/\/schema.org","@graph":[{"@type":"WebPage","@id":"https:\/\/www.robertzueblin.com\/es\/eduard-buehler\/jungfrau-oleo\/","url":"https:\/\/www.robertzueblin.com\/es\/eduard-buehler\/jungfrau-oleo\/","name":"Eduard B\u00dcHLER (* 1853, \u2020 1909) \u2013 Jungfrau \u2013 \u00d3leo","isPartOf":{"@id":"https:\/\/www.robertzueblin.com\/es\/#website"},"primaryImageOfPage":{"@id":"https:\/\/www.robertzueblin.com\/es\/eduard-buehler\/jungfrau-oleo\/#primaryimage"},"image":{"@id":"https:\/\/www.robertzueblin.com\/es\/eduard-buehler\/jungfrau-oleo\/#primaryimage"},"thumbnailUrl":"https:\/\/www.robertzueblin.com\/wp-content\/uploads\/eduard-buehler-oleo-jungfrau-foto-titulo.jpg","datePublished":"2026-05-01T12:44:17+00:00","dateModified":"2026-05-01T12:55:20+00:00","description":"Precioso cuadro al \u00f3leo de peque\u00f1o formato de Eduard B\u00fchler (* 1853, \u2020 1909) con el motivo de las monta\u00f1as suizas Jungfrau y Silberhorn.","breadcrumb":{"@id":"https:\/\/www.robertzueblin.com\/es\/eduard-buehler\/jungfrau-oleo\/#breadcrumb"},"inLanguage":"es","potentialAction":[{"@type":"ReadAction","target":["https:\/\/www.robertzueblin.com\/es\/eduard-buehler\/jungfrau-oleo\/"]}]},{"@type":"ImageObject","inLanguage":"es","@id":"https:\/\/www.robertzueblin.com\/es\/eduard-buehler\/jungfrau-oleo\/#primaryimage","url":"https:\/\/www.robertzueblin.com\/wp-content\/uploads\/eduard-buehler-oleo-jungfrau-foto-titulo.jpg","contentUrl":"https:\/\/www.robertzueblin.com\/wp-content\/uploads\/eduard-buehler-oleo-jungfrau-foto-titulo.jpg","width":1000,"height":661},{"@type":"BreadcrumbList","@id":"https:\/\/www.robertzueblin.com\/es\/eduard-buehler\/jungfrau-oleo\/#breadcrumb","itemListElement":[{"@type":"ListItem","position":1,"name":"Startseite","item":"https:\/\/www.robertzueblin.com\/es\/"},{"@type":"ListItem","position":2,"name":"Galer\u00eda de arte online (tienda online)","item":"https:\/\/www.robertzueblin.com\/es\/galeria-de-arte-online\/"},{"@type":"ListItem","position":3,"name":"Eduard B\u00dcHLER (* 1853, \u2020 1909) \u2013 Jungfrau \u2013 \u00d3leo"}]},{"@type":"WebSite","@id":"https:\/\/www.robertzueblin.com\/es\/#website","url":"https:\/\/www.robertzueblin.com\/es\/","name":"ROBERT Z\u00dcBLIN","description":"","publisher":{"@id":"https:\/\/www.robertzueblin.com\/es\/#organization"},"potentialAction":[{"@type":"SearchAction","target":{"@type":"EntryPoint","urlTemplate":"https:\/\/www.robertzueblin.com\/es\/?s={search_term_string}"},"query-input":{"@type":"PropertyValueSpecification","valueRequired":true,"valueName":"search_term_string"}}],"inLanguage":"es"},{"@type":"Organization","@id":"https:\/\/www.robertzueblin.com\/es\/#organization","name":"ROBERT Z\u00dcBLIN","url":"https:\/\/www.robertzueblin.com\/es\/","logo":{"@type":"ImageObject","inLanguage":"es","@id":"https:\/\/www.robertzueblin.com\/es\/#\/schema\/logo\/image\/","url":"https:\/\/www.robertzueblin.com\/wp-content\/uploads\/cropped-cropped-logo-von-robert-zueblin.jpg","contentUrl":"https:\/\/www.robertzueblin.com\/wp-content\/uploads\/cropped-cropped-logo-von-robert-zueblin.jpg","width":440,"height":60,"caption":"ROBERT Z\u00dcBLIN"},"image":{"@id":"https:\/\/www.robertzueblin.com\/es\/#\/schema\/logo\/image\/"}}]}},"_links":{"self":[{"href":"https:\/\/www.robertzueblin.com\/es\/wp-json\/wp\/v2\/product\/50946","targetHints":{"allow":["GET"]}}],"collection":[{"href":"https:\/\/www.robertzueblin.com\/es\/wp-json\/wp\/v2\/product"}],"about":[{"href":"https:\/\/www.robertzueblin.com\/es\/wp-json\/wp\/v2\/types\/product"}],"wp:featuredmedia":[{"embeddable":true,"href":"https:\/\/www.robertzueblin.com\/es\/wp-json\/wp\/v2\/media\/50949"}],"wp:attachment":[{"href":"https:\/\/www.robertzueblin.com\/es\/wp-json\/wp\/v2\/media?parent=50946"}],"wp:term":[{"taxonomy":"product_brand","embeddable":true,"href":"https:\/\/www.robertzueblin.com\/es\/wp-json\/wp\/v2\/product_brand?post=50946"},{"taxonomy":"product_cat","embeddable":true,"href":"https:\/\/www.robertzueblin.com\/es\/wp-json\/wp\/v2\/product_cat?post=50946"},{"taxonomy":"product_tag","embeddable":true,"href":"https:\/\/www.robertzueblin.com\/es\/wp-json\/wp\/v2\/product_tag?post=50946"}],"curies":[{"name":"wp","href":"https:\/\/api.w.org\/{rel}","templated":true}]}}