{"id":50873,"date":"2026-04-25T13:41:18","date_gmt":"2026-04-25T11:41:18","guid":{"rendered":"https:\/\/www.robertzueblin.com\/?post_type=product&#038;p=50873"},"modified":"2026-04-25T13:48:14","modified_gmt":"2026-04-25T11:48:14","slug":"carl-rudolf-august-von-bonstetten-1835-%e2%80%a0-1908-golfo-de-napoles-oleo","status":"publish","type":"product","link":"https:\/\/www.robertzueblin.com\/es\/carl-rudolf-august-von-bonstetten\/golfo-de-napoles-oleo\/","title":{"rendered":"Carl Rudolf August von BONSTETTEN (* 1835, \u2020 1908) \u2013 Golfo de N\u00e1poles \u2013 \u00d3leo"},"content":{"rendered":"<p><span style=\"font-family: AkkoPro-BoldCondensed!important\">Tipo:<\/span> <a href=\"https:\/\/www.robertzueblin.com\/es\/tipo\/pintura\/\">pintura<\/a><\/p>\n<p><span style=\"font-family: AkkoPro-BoldCondensed!important\">Pintor:<\/span> <a href=\"https:\/\/www.robertzueblin.com\/es\/carl-rudolf-august-von-bostetten\/\">Carl Rudolf August von BONSTETTEN (* 1835, \u2020 1908)<\/a><\/p>\n<p><span style=\"font-family: AkkoPro-BoldCondensed!important\">Objeto:<\/span> <a href=\"https:\/\/www.robertzueblin.com\/es\/cuadros-al-oleo\/\">pintura al \u00f3leo<\/a><\/p>\n<p><span style=\"font-family: AkkoPro-BoldCondensed!important\">Material:<\/span> \u00f3leo sobre lienzo<\/p>\n<p><span style=\"font-family: AkkoPro-BoldCondensed!important\">Dimensiones:<\/span> altura: 20 cm, anchura: 28 cm; con marco: altura: 32 cm, anchura: 39 cm<\/p>\n<p><span style=\"font-family: AkkoPro-BoldCondensed!important\">A\u00f1o de producci\u00f3n:<\/span> segunda mitad del siglo XIX<\/p>\n<p><span style=\"font-family: AkkoPro-BoldCondensed!important\">Estado:<\/span> cuadro: bueno; marco: signos de uso<\/p>\n<p><span style=\"font-family: AkkoPro-BoldCondensed!important\">Firma:<\/span> inscrito en el reverso<\/p>\n","protected":false},"excerpt":{"rendered":"<p>Tipo: pintura Pintor: Carl Rudolf August von BONSTETTEN (* 1835, \u2020 1908) Objeto: pintura al \u00f3leo Material: \u00f3leo sobre lienzo Dimensiones: altura: 20 cm, anchura: 28 cm; con marco: altura: 32 cm, anchura: 39 cm A\u00f1o de producci\u00f3n: segunda mitad del siglo XIX Estado: cuadro: bueno; marco: signos de uso Firma: inscrito en el reverso<\/p>\n","protected":false},"featured_media":50875,"template":"","meta":[],"product_brand":[],"product_cat":[973,778,498],"product_tag":[],"class_list":{"0":"post-50873","1":"product","2":"type-product","3":"status-publish","4":"has-post-thumbnail","6":"product_cat-carl-rudolf-august-von-bostetten","7":"product_cat-pintura","8":"product_cat-cuadros-al-oleo","10":"first","11":"instock","12":"sold-individually","13":"shipping-taxable","14":"purchasable","15":"product-type-simple"},"yoast_head":"<!-- This site is optimized with the Yoast SEO plugin v27.4 - https:\/\/yoast.com\/product\/yoast-seo-wordpress\/ -->\n<title>Carl Rudolf August von BONSTETTEN \u2013 Golfo de N\u00e1poles \u2013 \u00d3leo<\/title>\n<meta name=\"description\" content=\"Un hermoso \u00f3leo del pintor suizo Carl Rudolf August von Bonstetten (1835-1908) que representa una casa en el golfo de N\u00e1poles.\" \/>\n<meta name=\"robots\" content=\"index, follow, max-snippet:-1, max-image-preview:large, max-video-preview:-1\" \/>\n<link rel=\"canonical\" href=\"https:\/\/www.robertzueblin.com\/es\/carl-rudolf-august-von-bonstetten\/golfo-de-napoles-oleo\/\" \/>\n<meta property=\"og:locale\" content=\"es_ES\" \/>\n<meta property=\"og:type\" content=\"article\" \/>\n<meta property=\"og:title\" content=\"Carl Rudolf August von BONSTETTEN \u2013 Golfo de N\u00e1poles \u2013 \u00d3leo\" \/>\n<meta property=\"og:description\" content=\"Un hermoso \u00f3leo del pintor suizo Carl Rudolf August von Bonstetten (1835-1908) que representa una casa en el golfo de N\u00e1poles.\" \/>\n<meta property=\"og:url\" content=\"https:\/\/www.robertzueblin.com\/es\/carl-rudolf-august-von-bonstetten\/golfo-de-napoles-oleo\/\" \/>\n<meta property=\"og:site_name\" content=\"ROBERT Z\u00dcBLIN\" \/>\n<meta property=\"article:modified_time\" content=\"2026-04-25T11:48:14+00:00\" \/>\n<meta property=\"og:image\" content=\"https:\/\/www.robertzueblin.com\/wp-content\/uploads\/carl-rudolf-august-bonstetten-oleo-golfo-napoles-foto-titulo.jpg\" \/>\n\t<meta property=\"og:image:width\" content=\"1000\" \/>\n\t<meta property=\"og:image:height\" content=\"730\" \/>\n\t<meta property=\"og:image:type\" content=\"image\/jpeg\" \/>\n<meta name=\"twitter:card\" content=\"summary_large_image\" \/>\n<script type=\"application\/ld+json\" class=\"yoast-schema-graph\">{\"@context\":\"https:\\\/\\\/schema.org\",\"@graph\":[{\"@type\":\"WebPage\",\"@id\":\"https:\\\/\\\/www.robertzueblin.com\\\/es\\\/carl-rudolf-august-von-bonstetten\\\/golfo-de-napoles-oleo\\\/\",\"url\":\"https:\\\/\\\/www.robertzueblin.com\\\/es\\\/carl-rudolf-august-von-bonstetten\\\/golfo-de-napoles-oleo\\\/\",\"name\":\"Carl Rudolf August von BONSTETTEN \u2013 Golfo de N\u00e1poles \u2013 \u00d3leo\",\"isPartOf\":{\"@id\":\"https:\\\/\\\/www.robertzueblin.com\\\/es\\\/#website\"},\"primaryImageOfPage\":{\"@id\":\"https:\\\/\\\/www.robertzueblin.com\\\/es\\\/carl-rudolf-august-von-bonstetten\\\/golfo-de-napoles-oleo\\\/#primaryimage\"},\"image\":{\"@id\":\"https:\\\/\\\/www.robertzueblin.com\\\/es\\\/carl-rudolf-august-von-bonstetten\\\/golfo-de-napoles-oleo\\\/#primaryimage\"},\"thumbnailUrl\":\"https:\\\/\\\/www.robertzueblin.com\\\/wp-content\\\/uploads\\\/carl-rudolf-august-bonstetten-oleo-golfo-napoles-foto-titulo.jpg\",\"datePublished\":\"2026-04-25T11:41:18+00:00\",\"dateModified\":\"2026-04-25T11:48:14+00:00\",\"description\":\"Un hermoso \u00f3leo del pintor suizo Carl Rudolf August von Bonstetten (1835-1908) que representa una casa en el golfo de N\u00e1poles.\",\"breadcrumb\":{\"@id\":\"https:\\\/\\\/www.robertzueblin.com\\\/es\\\/carl-rudolf-august-von-bonstetten\\\/golfo-de-napoles-oleo\\\/#breadcrumb\"},\"inLanguage\":\"es\",\"potentialAction\":[{\"@type\":\"ReadAction\",\"target\":[\"https:\\\/\\\/www.robertzueblin.com\\\/es\\\/carl-rudolf-august-von-bonstetten\\\/golfo-de-napoles-oleo\\\/\"]}]},{\"@type\":\"ImageObject\",\"inLanguage\":\"es\",\"@id\":\"https:\\\/\\\/www.robertzueblin.com\\\/es\\\/carl-rudolf-august-von-bonstetten\\\/golfo-de-napoles-oleo\\\/#primaryimage\",\"url\":\"https:\\\/\\\/www.robertzueblin.com\\\/wp-content\\\/uploads\\\/carl-rudolf-august-bonstetten-oleo-golfo-napoles-foto-titulo.jpg\",\"contentUrl\":\"https:\\\/\\\/www.robertzueblin.com\\\/wp-content\\\/uploads\\\/carl-rudolf-august-bonstetten-oleo-golfo-napoles-foto-titulo.jpg\",\"width\":1000,\"height\":730},{\"@type\":\"BreadcrumbList\",\"@id\":\"https:\\\/\\\/www.robertzueblin.com\\\/es\\\/carl-rudolf-august-von-bonstetten\\\/golfo-de-napoles-oleo\\\/#breadcrumb\",\"itemListElement\":[{\"@type\":\"ListItem\",\"position\":1,\"name\":\"Startseite\",\"item\":\"https:\\\/\\\/www.robertzueblin.com\\\/es\\\/\"},{\"@type\":\"ListItem\",\"position\":2,\"name\":\"Galer\u00eda de arte online (tienda online)\",\"item\":\"https:\\\/\\\/www.robertzueblin.com\\\/es\\\/galeria-de-arte-online\\\/\"},{\"@type\":\"ListItem\",\"position\":3,\"name\":\"Carl Rudolf August von BONSTETTEN (* 1835, \u2020 1908) \u2013 Golfo de N\u00e1poles \u2013 \u00d3leo\"}]},{\"@type\":\"WebSite\",\"@id\":\"https:\\\/\\\/www.robertzueblin.com\\\/es\\\/#website\",\"url\":\"https:\\\/\\\/www.robertzueblin.com\\\/es\\\/\",\"name\":\"ROBERT Z\u00dcBLIN\",\"description\":\"\",\"publisher\":{\"@id\":\"https:\\\/\\\/www.robertzueblin.com\\\/es\\\/#organization\"},\"potentialAction\":[{\"@type\":\"SearchAction\",\"target\":{\"@type\":\"EntryPoint\",\"urlTemplate\":\"https:\\\/\\\/www.robertzueblin.com\\\/es\\\/?s={search_term_string}\"},\"query-input\":{\"@type\":\"PropertyValueSpecification\",\"valueRequired\":true,\"valueName\":\"search_term_string\"}}],\"inLanguage\":\"es\"},{\"@type\":\"Organization\",\"@id\":\"https:\\\/\\\/www.robertzueblin.com\\\/es\\\/#organization\",\"name\":\"ROBERT Z\u00dcBLIN\",\"url\":\"https:\\\/\\\/www.robertzueblin.com\\\/es\\\/\",\"logo\":{\"@type\":\"ImageObject\",\"inLanguage\":\"es\",\"@id\":\"https:\\\/\\\/www.robertzueblin.com\\\/es\\\/#\\\/schema\\\/logo\\\/image\\\/\",\"url\":\"https:\\\/\\\/www.robertzueblin.com\\\/wp-content\\\/uploads\\\/cropped-cropped-logo-von-robert-zueblin.jpg\",\"contentUrl\":\"https:\\\/\\\/www.robertzueblin.com\\\/wp-content\\\/uploads\\\/cropped-cropped-logo-von-robert-zueblin.jpg\",\"width\":440,\"height\":60,\"caption\":\"ROBERT Z\u00dcBLIN\"},\"image\":{\"@id\":\"https:\\\/\\\/www.robertzueblin.com\\\/es\\\/#\\\/schema\\\/logo\\\/image\\\/\"}}]}<\/script>\n<!-- \/ Yoast SEO plugin. -->","yoast_head_json":{"title":"Carl Rudolf August von BONSTETTEN \u2013 Golfo de N\u00e1poles \u2013 \u00d3leo","description":"Un hermoso \u00f3leo del pintor suizo Carl Rudolf August von Bonstetten (1835-1908) que representa una casa en el golfo de N\u00e1poles.","robots":{"index":"index","follow":"follow","max-snippet":"max-snippet:-1","max-image-preview":"max-image-preview:large","max-video-preview":"max-video-preview:-1"},"canonical":"https:\/\/www.robertzueblin.com\/es\/carl-rudolf-august-von-bonstetten\/golfo-de-napoles-oleo\/","og_locale":"es_ES","og_type":"article","og_title":"Carl Rudolf August von BONSTETTEN \u2013 Golfo de N\u00e1poles \u2013 \u00d3leo","og_description":"Un hermoso \u00f3leo del pintor suizo Carl Rudolf August von Bonstetten (1835-1908) que representa una casa en el golfo de N\u00e1poles.","og_url":"https:\/\/www.robertzueblin.com\/es\/carl-rudolf-august-von-bonstetten\/golfo-de-napoles-oleo\/","og_site_name":"ROBERT Z\u00dcBLIN","article_modified_time":"2026-04-25T11:48:14+00:00","og_image":[{"width":1000,"height":730,"url":"https:\/\/www.robertzueblin.com\/wp-content\/uploads\/carl-rudolf-august-bonstetten-oleo-golfo-napoles-foto-titulo.jpg","type":"image\/jpeg"}],"twitter_card":"summary_large_image","schema":{"@context":"https:\/\/schema.org","@graph":[{"@type":"WebPage","@id":"https:\/\/www.robertzueblin.com\/es\/carl-rudolf-august-von-bonstetten\/golfo-de-napoles-oleo\/","url":"https:\/\/www.robertzueblin.com\/es\/carl-rudolf-august-von-bonstetten\/golfo-de-napoles-oleo\/","name":"Carl Rudolf August von BONSTETTEN \u2013 Golfo de N\u00e1poles \u2013 \u00d3leo","isPartOf":{"@id":"https:\/\/www.robertzueblin.com\/es\/#website"},"primaryImageOfPage":{"@id":"https:\/\/www.robertzueblin.com\/es\/carl-rudolf-august-von-bonstetten\/golfo-de-napoles-oleo\/#primaryimage"},"image":{"@id":"https:\/\/www.robertzueblin.com\/es\/carl-rudolf-august-von-bonstetten\/golfo-de-napoles-oleo\/#primaryimage"},"thumbnailUrl":"https:\/\/www.robertzueblin.com\/wp-content\/uploads\/carl-rudolf-august-bonstetten-oleo-golfo-napoles-foto-titulo.jpg","datePublished":"2026-04-25T11:41:18+00:00","dateModified":"2026-04-25T11:48:14+00:00","description":"Un hermoso \u00f3leo del pintor suizo Carl Rudolf August von Bonstetten (1835-1908) que representa una casa en el golfo de N\u00e1poles.","breadcrumb":{"@id":"https:\/\/www.robertzueblin.com\/es\/carl-rudolf-august-von-bonstetten\/golfo-de-napoles-oleo\/#breadcrumb"},"inLanguage":"es","potentialAction":[{"@type":"ReadAction","target":["https:\/\/www.robertzueblin.com\/es\/carl-rudolf-august-von-bonstetten\/golfo-de-napoles-oleo\/"]}]},{"@type":"ImageObject","inLanguage":"es","@id":"https:\/\/www.robertzueblin.com\/es\/carl-rudolf-august-von-bonstetten\/golfo-de-napoles-oleo\/#primaryimage","url":"https:\/\/www.robertzueblin.com\/wp-content\/uploads\/carl-rudolf-august-bonstetten-oleo-golfo-napoles-foto-titulo.jpg","contentUrl":"https:\/\/www.robertzueblin.com\/wp-content\/uploads\/carl-rudolf-august-bonstetten-oleo-golfo-napoles-foto-titulo.jpg","width":1000,"height":730},{"@type":"BreadcrumbList","@id":"https:\/\/www.robertzueblin.com\/es\/carl-rudolf-august-von-bonstetten\/golfo-de-napoles-oleo\/#breadcrumb","itemListElement":[{"@type":"ListItem","position":1,"name":"Startseite","item":"https:\/\/www.robertzueblin.com\/es\/"},{"@type":"ListItem","position":2,"name":"Galer\u00eda de arte online (tienda online)","item":"https:\/\/www.robertzueblin.com\/es\/galeria-de-arte-online\/"},{"@type":"ListItem","position":3,"name":"Carl Rudolf August von BONSTETTEN (* 1835, \u2020 1908) \u2013 Golfo de N\u00e1poles \u2013 \u00d3leo"}]},{"@type":"WebSite","@id":"https:\/\/www.robertzueblin.com\/es\/#website","url":"https:\/\/www.robertzueblin.com\/es\/","name":"ROBERT Z\u00dcBLIN","description":"","publisher":{"@id":"https:\/\/www.robertzueblin.com\/es\/#organization"},"potentialAction":[{"@type":"SearchAction","target":{"@type":"EntryPoint","urlTemplate":"https:\/\/www.robertzueblin.com\/es\/?s={search_term_string}"},"query-input":{"@type":"PropertyValueSpecification","valueRequired":true,"valueName":"search_term_string"}}],"inLanguage":"es"},{"@type":"Organization","@id":"https:\/\/www.robertzueblin.com\/es\/#organization","name":"ROBERT Z\u00dcBLIN","url":"https:\/\/www.robertzueblin.com\/es\/","logo":{"@type":"ImageObject","inLanguage":"es","@id":"https:\/\/www.robertzueblin.com\/es\/#\/schema\/logo\/image\/","url":"https:\/\/www.robertzueblin.com\/wp-content\/uploads\/cropped-cropped-logo-von-robert-zueblin.jpg","contentUrl":"https:\/\/www.robertzueblin.com\/wp-content\/uploads\/cropped-cropped-logo-von-robert-zueblin.jpg","width":440,"height":60,"caption":"ROBERT Z\u00dcBLIN"},"image":{"@id":"https:\/\/www.robertzueblin.com\/es\/#\/schema\/logo\/image\/"}}]}},"_links":{"self":[{"href":"https:\/\/www.robertzueblin.com\/es\/wp-json\/wp\/v2\/product\/50873","targetHints":{"allow":["GET"]}}],"collection":[{"href":"https:\/\/www.robertzueblin.com\/es\/wp-json\/wp\/v2\/product"}],"about":[{"href":"https:\/\/www.robertzueblin.com\/es\/wp-json\/wp\/v2\/types\/product"}],"wp:featuredmedia":[{"embeddable":true,"href":"https:\/\/www.robertzueblin.com\/es\/wp-json\/wp\/v2\/media\/50875"}],"wp:attachment":[{"href":"https:\/\/www.robertzueblin.com\/es\/wp-json\/wp\/v2\/media?parent=50873"}],"wp:term":[{"taxonomy":"product_brand","embeddable":true,"href":"https:\/\/www.robertzueblin.com\/es\/wp-json\/wp\/v2\/product_brand?post=50873"},{"taxonomy":"product_cat","embeddable":true,"href":"https:\/\/www.robertzueblin.com\/es\/wp-json\/wp\/v2\/product_cat?post=50873"},{"taxonomy":"product_tag","embeddable":true,"href":"https:\/\/www.robertzueblin.com\/es\/wp-json\/wp\/v2\/product_tag?post=50873"}],"curies":[{"name":"wp","href":"https:\/\/api.w.org\/{rel}","templated":true}]}}