{"id":50839,"date":"2026-04-25T13:00:08","date_gmt":"2026-04-25T11:00:08","guid":{"rendered":"https:\/\/www.robertzueblin.com\/?post_type=product&#038;p=50839"},"modified":"2026-04-25T13:24:27","modified_gmt":"2026-04-25T11:24:27","slug":"otto-reiniger-1863-%e2%80%a0-1909-venecia-oleo-sobre-lienzo","status":"publish","type":"product","link":"https:\/\/www.robertzueblin.com\/es\/otto-reiniger\/venecia-oleo-sobre-lienzo\/","title":{"rendered":"Otto REINIGER (* 1863, \u2020 1909) \u2013 Venecia \u2013 \u00d3leo sobre lienzo"},"content":{"rendered":"<p><span style=\"font-family: AkkoPro-BoldCondensed!important\">Tipo:<\/span> <a href=\"https:\/\/www.robertzueblin.com\/es\/tipo\/pintura\/\">pintura<\/a><\/p>\n<p><span style=\"font-family: AkkoPro-BoldCondensed!important\">Pintor:<\/span> <a href=\"https:\/\/www.robertzueblin.com\/es\/otto-reiniger\/\">Otto REINIGER<\/a> (* 1863, \u2020 1909)<\/p>\n<p><span style=\"font-family: AkkoPro-BoldCondensed!important\">Objeto:<\/span> <a href=\"https:\/\/www.robertzueblin.com\/es\/cuadros-al-oleo\/\">pintura al \u00f3leo<\/a><\/p>\n<p><span style=\"font-family: AkkoPro-BoldCondensed!important\">Material:<\/span> \u00f3leo sobre tabla<\/p>\n<p><span style=\"font-family: AkkoPro-BoldCondensed!important\">Dimensiones:<\/span> alto: 36 cm, anchura: 50,5 cm; con marco: altura: 49 cm, anchura: 62,5 cm<\/p>\n<p><span style=\"font-family: AkkoPro-BoldCondensed!important\">Periodo de realizaci\u00f3n:<\/span> 1897<\/p>\n<p><span style=\"font-family: AkkoPro-BoldCondensed!important\">Estado:<\/span> cuadro: bueno; marco: signos de uso<\/p>\n<p><span style=\"font-family: AkkoPro-BoldCondensed!important\">Firma:<\/span> sin firmar. En el reverso hay una etiqueta con informaci\u00f3n de la Galer\u00eda de la ciudad de Stuttgart relativa a la exposici\u00f3n de 1964 dedicada a Hermann Pleuer y Otto Reiniger.<\/p>\n<p><span style=\"font-family: AkkoPro-BoldCondensed!important\">Detalles:<\/span><br \/>\nUna magn\u00edfica pintura al \u00f3leo de Otto Reiniger, el maestro del agua que fluye, con una vista de Venecia, concretamente de la Bas\u00edlica de Santa Maria della Salute vista desde la cuenca de San Marcos.<\/p>\n","protected":false},"excerpt":{"rendered":"<p>Tipo: pintura Pintor: Otto REINIGER (* 1863, \u2020 1909) Objeto: pintura al \u00f3leo Material: \u00f3leo sobre tabla Dimensiones: alto: 36 cm, anchura: 50,5 cm; con marco: altura: 49 cm, anchura: 62,5 cm Periodo de realizaci\u00f3n: 1897 Estado: cuadro: bueno; marco: signos de uso Firma: sin firmar. En el reverso hay una etiqueta con informaci\u00f3n de [&hellip;]<\/p>\n","protected":false},"featured_media":50843,"template":"","meta":[],"product_brand":[],"product_cat":[778,498,871],"product_tag":[],"class_list":{"0":"post-50839","1":"product","2":"type-product","3":"status-publish","4":"has-post-thumbnail","6":"product_cat-pintura","7":"product_cat-cuadros-al-oleo","8":"product_cat-otto-reiniger","10":"first","11":"instock","12":"sold-individually","13":"shipping-taxable","14":"purchasable","15":"product-type-simple"},"yoast_head":"<!-- This site is optimized with the Yoast SEO plugin v27.4 - https:\/\/yoast.com\/product\/yoast-seo-wordpress\/ -->\n<title>Otto REINIGER (* 1863, \u2020 1909) \u2013 Venecia \u2013 \u00d3leo sobre lienzo<\/title>\n<meta name=\"description\" content=\"Pintura al \u00f3leo de Otto Reiniger con una vista de Venecia, concretamente de la Bas\u00edlica de Santa Maria della Salute vista desde la cuenca de San Marcos.\" \/>\n<meta name=\"robots\" content=\"index, follow, max-snippet:-1, max-image-preview:large, max-video-preview:-1\" \/>\n<link rel=\"canonical\" href=\"https:\/\/www.robertzueblin.com\/es\/otto-reiniger\/venecia-oleo-sobre-lienzo\/\" \/>\n<meta property=\"og:locale\" content=\"es_ES\" \/>\n<meta property=\"og:type\" content=\"article\" \/>\n<meta property=\"og:title\" content=\"Otto REINIGER (* 1863, \u2020 1909) \u2013 Venecia \u2013 \u00d3leo sobre lienzo\" \/>\n<meta property=\"og:description\" content=\"Pintura al \u00f3leo de Otto Reiniger con una vista de Venecia, concretamente de la Bas\u00edlica de Santa Maria della Salute vista desde la cuenca de San Marcos.\" \/>\n<meta property=\"og:url\" content=\"https:\/\/www.robertzueblin.com\/es\/otto-reiniger\/venecia-oleo-sobre-lienzo\/\" \/>\n<meta property=\"og:site_name\" content=\"ROBERT Z\u00dcBLIN\" \/>\n<meta property=\"article:modified_time\" content=\"2026-04-25T11:24:27+00:00\" \/>\n<meta property=\"og:image\" content=\"https:\/\/www.robertzueblin.com\/wp-content\/uploads\/otto-reiniger-oleo-lienzo-venecia-foto-titulo.jpg\" \/>\n\t<meta property=\"og:image:width\" content=\"1000\" \/>\n\t<meta property=\"og:image:height\" content=\"710\" \/>\n\t<meta property=\"og:image:type\" content=\"image\/jpeg\" \/>\n<meta name=\"twitter:card\" content=\"summary_large_image\" \/>\n<script type=\"application\/ld+json\" class=\"yoast-schema-graph\">{\"@context\":\"https:\\\/\\\/schema.org\",\"@graph\":[{\"@type\":\"WebPage\",\"@id\":\"https:\\\/\\\/www.robertzueblin.com\\\/es\\\/otto-reiniger\\\/venecia-oleo-sobre-lienzo\\\/\",\"url\":\"https:\\\/\\\/www.robertzueblin.com\\\/es\\\/otto-reiniger\\\/venecia-oleo-sobre-lienzo\\\/\",\"name\":\"Otto REINIGER (* 1863, \u2020 1909) \u2013 Venecia \u2013 \u00d3leo sobre lienzo\",\"isPartOf\":{\"@id\":\"https:\\\/\\\/www.robertzueblin.com\\\/es\\\/#website\"},\"primaryImageOfPage\":{\"@id\":\"https:\\\/\\\/www.robertzueblin.com\\\/es\\\/otto-reiniger\\\/venecia-oleo-sobre-lienzo\\\/#primaryimage\"},\"image\":{\"@id\":\"https:\\\/\\\/www.robertzueblin.com\\\/es\\\/otto-reiniger\\\/venecia-oleo-sobre-lienzo\\\/#primaryimage\"},\"thumbnailUrl\":\"https:\\\/\\\/www.robertzueblin.com\\\/wp-content\\\/uploads\\\/otto-reiniger-oleo-lienzo-venecia-foto-titulo.jpg\",\"datePublished\":\"2026-04-25T11:00:08+00:00\",\"dateModified\":\"2026-04-25T11:24:27+00:00\",\"description\":\"Pintura al \u00f3leo de Otto Reiniger con una vista de Venecia, concretamente de la Bas\u00edlica de Santa Maria della Salute vista desde la cuenca de San Marcos.\",\"breadcrumb\":{\"@id\":\"https:\\\/\\\/www.robertzueblin.com\\\/es\\\/otto-reiniger\\\/venecia-oleo-sobre-lienzo\\\/#breadcrumb\"},\"inLanguage\":\"es\",\"potentialAction\":[{\"@type\":\"ReadAction\",\"target\":[\"https:\\\/\\\/www.robertzueblin.com\\\/es\\\/otto-reiniger\\\/venecia-oleo-sobre-lienzo\\\/\"]}]},{\"@type\":\"ImageObject\",\"inLanguage\":\"es\",\"@id\":\"https:\\\/\\\/www.robertzueblin.com\\\/es\\\/otto-reiniger\\\/venecia-oleo-sobre-lienzo\\\/#primaryimage\",\"url\":\"https:\\\/\\\/www.robertzueblin.com\\\/wp-content\\\/uploads\\\/otto-reiniger-oleo-lienzo-venecia-foto-titulo.jpg\",\"contentUrl\":\"https:\\\/\\\/www.robertzueblin.com\\\/wp-content\\\/uploads\\\/otto-reiniger-oleo-lienzo-venecia-foto-titulo.jpg\",\"width\":1000,\"height\":710},{\"@type\":\"BreadcrumbList\",\"@id\":\"https:\\\/\\\/www.robertzueblin.com\\\/es\\\/otto-reiniger\\\/venecia-oleo-sobre-lienzo\\\/#breadcrumb\",\"itemListElement\":[{\"@type\":\"ListItem\",\"position\":1,\"name\":\"Startseite\",\"item\":\"https:\\\/\\\/www.robertzueblin.com\\\/es\\\/\"},{\"@type\":\"ListItem\",\"position\":2,\"name\":\"Galer\u00eda de arte online (tienda online)\",\"item\":\"https:\\\/\\\/www.robertzueblin.com\\\/es\\\/galeria-de-arte-online\\\/\"},{\"@type\":\"ListItem\",\"position\":3,\"name\":\"Otto REINIGER (* 1863, \u2020 1909) \u2013 Venecia \u2013 \u00d3leo sobre lienzo\"}]},{\"@type\":\"WebSite\",\"@id\":\"https:\\\/\\\/www.robertzueblin.com\\\/es\\\/#website\",\"url\":\"https:\\\/\\\/www.robertzueblin.com\\\/es\\\/\",\"name\":\"ROBERT Z\u00dcBLIN\",\"description\":\"\",\"publisher\":{\"@id\":\"https:\\\/\\\/www.robertzueblin.com\\\/es\\\/#organization\"},\"potentialAction\":[{\"@type\":\"SearchAction\",\"target\":{\"@type\":\"EntryPoint\",\"urlTemplate\":\"https:\\\/\\\/www.robertzueblin.com\\\/es\\\/?s={search_term_string}\"},\"query-input\":{\"@type\":\"PropertyValueSpecification\",\"valueRequired\":true,\"valueName\":\"search_term_string\"}}],\"inLanguage\":\"es\"},{\"@type\":\"Organization\",\"@id\":\"https:\\\/\\\/www.robertzueblin.com\\\/es\\\/#organization\",\"name\":\"ROBERT Z\u00dcBLIN\",\"url\":\"https:\\\/\\\/www.robertzueblin.com\\\/es\\\/\",\"logo\":{\"@type\":\"ImageObject\",\"inLanguage\":\"es\",\"@id\":\"https:\\\/\\\/www.robertzueblin.com\\\/es\\\/#\\\/schema\\\/logo\\\/image\\\/\",\"url\":\"https:\\\/\\\/www.robertzueblin.com\\\/wp-content\\\/uploads\\\/cropped-cropped-logo-von-robert-zueblin.jpg\",\"contentUrl\":\"https:\\\/\\\/www.robertzueblin.com\\\/wp-content\\\/uploads\\\/cropped-cropped-logo-von-robert-zueblin.jpg\",\"width\":440,\"height\":60,\"caption\":\"ROBERT Z\u00dcBLIN\"},\"image\":{\"@id\":\"https:\\\/\\\/www.robertzueblin.com\\\/es\\\/#\\\/schema\\\/logo\\\/image\\\/\"}}]}<\/script>\n<!-- \/ Yoast SEO plugin. -->","yoast_head_json":{"title":"Otto REINIGER (* 1863, \u2020 1909) \u2013 Venecia \u2013 \u00d3leo sobre lienzo","description":"Pintura al \u00f3leo de Otto Reiniger con una vista de Venecia, concretamente de la Bas\u00edlica de Santa Maria della Salute vista desde la cuenca de San Marcos.","robots":{"index":"index","follow":"follow","max-snippet":"max-snippet:-1","max-image-preview":"max-image-preview:large","max-video-preview":"max-video-preview:-1"},"canonical":"https:\/\/www.robertzueblin.com\/es\/otto-reiniger\/venecia-oleo-sobre-lienzo\/","og_locale":"es_ES","og_type":"article","og_title":"Otto REINIGER (* 1863, \u2020 1909) \u2013 Venecia \u2013 \u00d3leo sobre lienzo","og_description":"Pintura al \u00f3leo de Otto Reiniger con una vista de Venecia, concretamente de la Bas\u00edlica de Santa Maria della Salute vista desde la cuenca de San Marcos.","og_url":"https:\/\/www.robertzueblin.com\/es\/otto-reiniger\/venecia-oleo-sobre-lienzo\/","og_site_name":"ROBERT Z\u00dcBLIN","article_modified_time":"2026-04-25T11:24:27+00:00","og_image":[{"width":1000,"height":710,"url":"https:\/\/www.robertzueblin.com\/wp-content\/uploads\/otto-reiniger-oleo-lienzo-venecia-foto-titulo.jpg","type":"image\/jpeg"}],"twitter_card":"summary_large_image","schema":{"@context":"https:\/\/schema.org","@graph":[{"@type":"WebPage","@id":"https:\/\/www.robertzueblin.com\/es\/otto-reiniger\/venecia-oleo-sobre-lienzo\/","url":"https:\/\/www.robertzueblin.com\/es\/otto-reiniger\/venecia-oleo-sobre-lienzo\/","name":"Otto REINIGER (* 1863, \u2020 1909) \u2013 Venecia \u2013 \u00d3leo sobre lienzo","isPartOf":{"@id":"https:\/\/www.robertzueblin.com\/es\/#website"},"primaryImageOfPage":{"@id":"https:\/\/www.robertzueblin.com\/es\/otto-reiniger\/venecia-oleo-sobre-lienzo\/#primaryimage"},"image":{"@id":"https:\/\/www.robertzueblin.com\/es\/otto-reiniger\/venecia-oleo-sobre-lienzo\/#primaryimage"},"thumbnailUrl":"https:\/\/www.robertzueblin.com\/wp-content\/uploads\/otto-reiniger-oleo-lienzo-venecia-foto-titulo.jpg","datePublished":"2026-04-25T11:00:08+00:00","dateModified":"2026-04-25T11:24:27+00:00","description":"Pintura al \u00f3leo de Otto Reiniger con una vista de Venecia, concretamente de la Bas\u00edlica de Santa Maria della Salute vista desde la cuenca de San Marcos.","breadcrumb":{"@id":"https:\/\/www.robertzueblin.com\/es\/otto-reiniger\/venecia-oleo-sobre-lienzo\/#breadcrumb"},"inLanguage":"es","potentialAction":[{"@type":"ReadAction","target":["https:\/\/www.robertzueblin.com\/es\/otto-reiniger\/venecia-oleo-sobre-lienzo\/"]}]},{"@type":"ImageObject","inLanguage":"es","@id":"https:\/\/www.robertzueblin.com\/es\/otto-reiniger\/venecia-oleo-sobre-lienzo\/#primaryimage","url":"https:\/\/www.robertzueblin.com\/wp-content\/uploads\/otto-reiniger-oleo-lienzo-venecia-foto-titulo.jpg","contentUrl":"https:\/\/www.robertzueblin.com\/wp-content\/uploads\/otto-reiniger-oleo-lienzo-venecia-foto-titulo.jpg","width":1000,"height":710},{"@type":"BreadcrumbList","@id":"https:\/\/www.robertzueblin.com\/es\/otto-reiniger\/venecia-oleo-sobre-lienzo\/#breadcrumb","itemListElement":[{"@type":"ListItem","position":1,"name":"Startseite","item":"https:\/\/www.robertzueblin.com\/es\/"},{"@type":"ListItem","position":2,"name":"Galer\u00eda de arte online (tienda online)","item":"https:\/\/www.robertzueblin.com\/es\/galeria-de-arte-online\/"},{"@type":"ListItem","position":3,"name":"Otto REINIGER (* 1863, \u2020 1909) \u2013 Venecia \u2013 \u00d3leo sobre lienzo"}]},{"@type":"WebSite","@id":"https:\/\/www.robertzueblin.com\/es\/#website","url":"https:\/\/www.robertzueblin.com\/es\/","name":"ROBERT Z\u00dcBLIN","description":"","publisher":{"@id":"https:\/\/www.robertzueblin.com\/es\/#organization"},"potentialAction":[{"@type":"SearchAction","target":{"@type":"EntryPoint","urlTemplate":"https:\/\/www.robertzueblin.com\/es\/?s={search_term_string}"},"query-input":{"@type":"PropertyValueSpecification","valueRequired":true,"valueName":"search_term_string"}}],"inLanguage":"es"},{"@type":"Organization","@id":"https:\/\/www.robertzueblin.com\/es\/#organization","name":"ROBERT Z\u00dcBLIN","url":"https:\/\/www.robertzueblin.com\/es\/","logo":{"@type":"ImageObject","inLanguage":"es","@id":"https:\/\/www.robertzueblin.com\/es\/#\/schema\/logo\/image\/","url":"https:\/\/www.robertzueblin.com\/wp-content\/uploads\/cropped-cropped-logo-von-robert-zueblin.jpg","contentUrl":"https:\/\/www.robertzueblin.com\/wp-content\/uploads\/cropped-cropped-logo-von-robert-zueblin.jpg","width":440,"height":60,"caption":"ROBERT Z\u00dcBLIN"},"image":{"@id":"https:\/\/www.robertzueblin.com\/es\/#\/schema\/logo\/image\/"}}]}},"_links":{"self":[{"href":"https:\/\/www.robertzueblin.com\/es\/wp-json\/wp\/v2\/product\/50839","targetHints":{"allow":["GET"]}}],"collection":[{"href":"https:\/\/www.robertzueblin.com\/es\/wp-json\/wp\/v2\/product"}],"about":[{"href":"https:\/\/www.robertzueblin.com\/es\/wp-json\/wp\/v2\/types\/product"}],"wp:featuredmedia":[{"embeddable":true,"href":"https:\/\/www.robertzueblin.com\/es\/wp-json\/wp\/v2\/media\/50843"}],"wp:attachment":[{"href":"https:\/\/www.robertzueblin.com\/es\/wp-json\/wp\/v2\/media?parent=50839"}],"wp:term":[{"taxonomy":"product_brand","embeddable":true,"href":"https:\/\/www.robertzueblin.com\/es\/wp-json\/wp\/v2\/product_brand?post=50839"},{"taxonomy":"product_cat","embeddable":true,"href":"https:\/\/www.robertzueblin.com\/es\/wp-json\/wp\/v2\/product_cat?post=50839"},{"taxonomy":"product_tag","embeddable":true,"href":"https:\/\/www.robertzueblin.com\/es\/wp-json\/wp\/v2\/product_tag?post=50839"}],"curies":[{"name":"wp","href":"https:\/\/api.w.org\/{rel}","templated":true}]}}