{"id":50665,"date":"2026-04-18T13:49:36","date_gmt":"2026-04-18T11:49:36","guid":{"rendered":"https:\/\/www.robertzueblin.com\/?post_type=product&#038;p=50665"},"modified":"2026-04-18T14:07:48","modified_gmt":"2026-04-18T12:07:48","slug":"william-williams-of-plymouth-1808-%e2%80%a0-1895-en-el-rio-teign-en-devon-topsham-oleo","status":"publish","type":"product","link":"https:\/\/www.robertzueblin.com\/es\/william-williams-of-plymouth\/en-el-rio-teign-en-devon-topsham-oleo\/","title":{"rendered":"William WILLIAMS OF PLYMOUTH (* 1808, \u2020 1895) \u2013 En el r\u00edo Teign, en Devon, Topsham \u2013 \u00d3leo"},"content":{"rendered":"<p><span style=\"font-family: AkkoPro-BoldCondensed!important\">Tipo:<\/span> <a href=\"https:\/\/www.robertzueblin.com\/es\/tipo\/pintura\/\">pintura<\/a><\/p>\n<p><span style=\"font-family: AkkoPro-BoldCondensed!important\">Pintor:<\/span> <a href=\"https:\/\/www.robertzueblin.com\/es\/william-williams-plymouth\/\">William WILLIAMS OF PLYMOUTH<\/a> (* 1808, \u2020 1895)<\/p>\n<p><span style=\"font-family: AkkoPro-BoldCondensed!important\">Objeto:<\/span> <a href=\"https:\/\/www.robertzueblin.com\/es\/cuadros-al-oleo\/\">pintura al \u00f3leo<\/a><\/p>\n<p><span style=\"font-family: AkkoPro-BoldCondensed!important\">Material:<\/span> \u00f3leo sobre tabla<\/p>\n<p><span style=\"font-family: AkkoPro-BoldCondensed!important\">Dimensiones:<\/span> altura: 45 cm, anchura: 28 cm; con marco: altura: 54,5 cm, anchura: 37,5 cm<\/p>\n<p><span style=\"font-family: AkkoPro-BoldCondensed!important\">A\u00f1o de producci\u00f3n:<\/span> probablemente segunda mitad del siglo XIX<\/p>\n<p><span style=\"font-family: AkkoPro-BoldCondensed!important\">Estado:<\/span> cuadro: bueno; marco: signos de uso<\/p>\n<p><span style=\"font-family: AkkoPro-BoldCondensed!important\">Firma:<\/span> W. Williams Plymouth<\/p>\n","protected":false},"excerpt":{"rendered":"<p>Tipo: pintura Pintor: William WILLIAMS OF PLYMOUTH (* 1808, \u2020 1895) Objeto: pintura al \u00f3leo Material: \u00f3leo sobre tabla Dimensiones: altura: 45 cm, anchura: 28 cm; con marco: altura: 54,5 cm, anchura: 37,5 cm A\u00f1o de producci\u00f3n: probablemente segunda mitad del siglo XIX Estado: cuadro: bueno; marco: signos de uso Firma: W. Williams Plymouth<\/p>\n","protected":false},"featured_media":50668,"template":"","meta":[],"product_brand":[],"product_cat":[778,498,958],"product_tag":[],"class_list":{"0":"post-50665","1":"product","2":"type-product","3":"status-publish","4":"has-post-thumbnail","6":"product_cat-pintura","7":"product_cat-cuadros-al-oleo","8":"product_cat-william-williams-plymouth","10":"first","11":"instock","12":"sold-individually","13":"shipping-taxable","14":"purchasable","15":"product-type-simple"},"yoast_head":"<!-- This site is optimized with the Yoast SEO plugin v27.4 - https:\/\/yoast.com\/product\/yoast-seo-wordpress\/ -->\n<title>WILLIAMS OF PLYMOUTH \u2013 En el r\u00edo Teign, en Devon, Topsham<\/title>\n<meta name=\"description\" content=\"Fant\u00e1stico \u00f3leo de William Williams de Plymouth (* 1808, \u2020 1895) con el motivo: A orillas del Teign en Devon, Topsham, firmado.\" \/>\n<meta name=\"robots\" content=\"index, follow, max-snippet:-1, max-image-preview:large, max-video-preview:-1\" \/>\n<link rel=\"canonical\" href=\"https:\/\/www.robertzueblin.com\/es\/william-williams-of-plymouth\/en-el-rio-teign-en-devon-topsham-oleo\/\" \/>\n<meta property=\"og:locale\" content=\"es_ES\" \/>\n<meta property=\"og:type\" content=\"article\" \/>\n<meta property=\"og:title\" content=\"WILLIAMS OF PLYMOUTH \u2013 En el r\u00edo Teign, en Devon, Topsham\" \/>\n<meta property=\"og:description\" content=\"Fant\u00e1stico \u00f3leo de William Williams de Plymouth (* 1808, \u2020 1895) con el motivo: A orillas del Teign en Devon, Topsham, firmado.\" \/>\n<meta property=\"og:url\" content=\"https:\/\/www.robertzueblin.com\/es\/william-williams-of-plymouth\/en-el-rio-teign-en-devon-topsham-oleo\/\" \/>\n<meta property=\"og:site_name\" content=\"ROBERT Z\u00dcBLIN\" \/>\n<meta property=\"article:modified_time\" content=\"2026-04-18T12:07:48+00:00\" \/>\n<meta property=\"og:image\" content=\"https:\/\/www.robertzueblin.com\/wp-content\/uploads\/william-williams-of-plymouth-oleo-rio-teign-devon-topsham-foto-titulo.jpg\" \/>\n\t<meta property=\"og:image:width\" content=\"1000\" \/>\n\t<meta property=\"og:image:height\" content=\"1577\" \/>\n\t<meta property=\"og:image:type\" content=\"image\/jpeg\" \/>\n<meta name=\"twitter:card\" content=\"summary_large_image\" \/>\n<script type=\"application\/ld+json\" class=\"yoast-schema-graph\">{\"@context\":\"https:\\\/\\\/schema.org\",\"@graph\":[{\"@type\":\"WebPage\",\"@id\":\"https:\\\/\\\/www.robertzueblin.com\\\/es\\\/william-williams-of-plymouth\\\/en-el-rio-teign-en-devon-topsham-oleo\\\/\",\"url\":\"https:\\\/\\\/www.robertzueblin.com\\\/es\\\/william-williams-of-plymouth\\\/en-el-rio-teign-en-devon-topsham-oleo\\\/\",\"name\":\"WILLIAMS OF PLYMOUTH \u2013 En el r\u00edo Teign, en Devon, Topsham\",\"isPartOf\":{\"@id\":\"https:\\\/\\\/www.robertzueblin.com\\\/es\\\/#website\"},\"primaryImageOfPage\":{\"@id\":\"https:\\\/\\\/www.robertzueblin.com\\\/es\\\/william-williams-of-plymouth\\\/en-el-rio-teign-en-devon-topsham-oleo\\\/#primaryimage\"},\"image\":{\"@id\":\"https:\\\/\\\/www.robertzueblin.com\\\/es\\\/william-williams-of-plymouth\\\/en-el-rio-teign-en-devon-topsham-oleo\\\/#primaryimage\"},\"thumbnailUrl\":\"https:\\\/\\\/www.robertzueblin.com\\\/wp-content\\\/uploads\\\/william-williams-of-plymouth-oleo-rio-teign-devon-topsham-foto-titulo.jpg\",\"datePublished\":\"2026-04-18T11:49:36+00:00\",\"dateModified\":\"2026-04-18T12:07:48+00:00\",\"description\":\"Fant\u00e1stico \u00f3leo de William Williams de Plymouth (* 1808, \u2020 1895) con el motivo: A orillas del Teign en Devon, Topsham, firmado.\",\"breadcrumb\":{\"@id\":\"https:\\\/\\\/www.robertzueblin.com\\\/es\\\/william-williams-of-plymouth\\\/en-el-rio-teign-en-devon-topsham-oleo\\\/#breadcrumb\"},\"inLanguage\":\"es\",\"potentialAction\":[{\"@type\":\"ReadAction\",\"target\":[\"https:\\\/\\\/www.robertzueblin.com\\\/es\\\/william-williams-of-plymouth\\\/en-el-rio-teign-en-devon-topsham-oleo\\\/\"]}]},{\"@type\":\"ImageObject\",\"inLanguage\":\"es\",\"@id\":\"https:\\\/\\\/www.robertzueblin.com\\\/es\\\/william-williams-of-plymouth\\\/en-el-rio-teign-en-devon-topsham-oleo\\\/#primaryimage\",\"url\":\"https:\\\/\\\/www.robertzueblin.com\\\/wp-content\\\/uploads\\\/william-williams-of-plymouth-oleo-rio-teign-devon-topsham-foto-titulo.jpg\",\"contentUrl\":\"https:\\\/\\\/www.robertzueblin.com\\\/wp-content\\\/uploads\\\/william-williams-of-plymouth-oleo-rio-teign-devon-topsham-foto-titulo.jpg\",\"width\":1000,\"height\":1577},{\"@type\":\"BreadcrumbList\",\"@id\":\"https:\\\/\\\/www.robertzueblin.com\\\/es\\\/william-williams-of-plymouth\\\/en-el-rio-teign-en-devon-topsham-oleo\\\/#breadcrumb\",\"itemListElement\":[{\"@type\":\"ListItem\",\"position\":1,\"name\":\"Startseite\",\"item\":\"https:\\\/\\\/www.robertzueblin.com\\\/es\\\/\"},{\"@type\":\"ListItem\",\"position\":2,\"name\":\"Galer\u00eda de arte online (tienda online)\",\"item\":\"https:\\\/\\\/www.robertzueblin.com\\\/es\\\/galeria-de-arte-online\\\/\"},{\"@type\":\"ListItem\",\"position\":3,\"name\":\"William WILLIAMS OF PLYMOUTH (* 1808, \u2020 1895) \u2013 En el r\u00edo Teign, en Devon, Topsham \u2013 \u00d3leo\"}]},{\"@type\":\"WebSite\",\"@id\":\"https:\\\/\\\/www.robertzueblin.com\\\/es\\\/#website\",\"url\":\"https:\\\/\\\/www.robertzueblin.com\\\/es\\\/\",\"name\":\"ROBERT Z\u00dcBLIN\",\"description\":\"\",\"publisher\":{\"@id\":\"https:\\\/\\\/www.robertzueblin.com\\\/es\\\/#organization\"},\"potentialAction\":[{\"@type\":\"SearchAction\",\"target\":{\"@type\":\"EntryPoint\",\"urlTemplate\":\"https:\\\/\\\/www.robertzueblin.com\\\/es\\\/?s={search_term_string}\"},\"query-input\":{\"@type\":\"PropertyValueSpecification\",\"valueRequired\":true,\"valueName\":\"search_term_string\"}}],\"inLanguage\":\"es\"},{\"@type\":\"Organization\",\"@id\":\"https:\\\/\\\/www.robertzueblin.com\\\/es\\\/#organization\",\"name\":\"ROBERT Z\u00dcBLIN\",\"url\":\"https:\\\/\\\/www.robertzueblin.com\\\/es\\\/\",\"logo\":{\"@type\":\"ImageObject\",\"inLanguage\":\"es\",\"@id\":\"https:\\\/\\\/www.robertzueblin.com\\\/es\\\/#\\\/schema\\\/logo\\\/image\\\/\",\"url\":\"https:\\\/\\\/www.robertzueblin.com\\\/wp-content\\\/uploads\\\/cropped-cropped-logo-von-robert-zueblin.jpg\",\"contentUrl\":\"https:\\\/\\\/www.robertzueblin.com\\\/wp-content\\\/uploads\\\/cropped-cropped-logo-von-robert-zueblin.jpg\",\"width\":440,\"height\":60,\"caption\":\"ROBERT Z\u00dcBLIN\"},\"image\":{\"@id\":\"https:\\\/\\\/www.robertzueblin.com\\\/es\\\/#\\\/schema\\\/logo\\\/image\\\/\"}}]}<\/script>\n<!-- \/ Yoast SEO plugin. -->","yoast_head_json":{"title":"WILLIAMS OF PLYMOUTH \u2013 En el r\u00edo Teign, en Devon, Topsham","description":"Fant\u00e1stico \u00f3leo de William Williams de Plymouth (* 1808, \u2020 1895) con el motivo: A orillas del Teign en Devon, Topsham, firmado.","robots":{"index":"index","follow":"follow","max-snippet":"max-snippet:-1","max-image-preview":"max-image-preview:large","max-video-preview":"max-video-preview:-1"},"canonical":"https:\/\/www.robertzueblin.com\/es\/william-williams-of-plymouth\/en-el-rio-teign-en-devon-topsham-oleo\/","og_locale":"es_ES","og_type":"article","og_title":"WILLIAMS OF PLYMOUTH \u2013 En el r\u00edo Teign, en Devon, Topsham","og_description":"Fant\u00e1stico \u00f3leo de William Williams de Plymouth (* 1808, \u2020 1895) con el motivo: A orillas del Teign en Devon, Topsham, firmado.","og_url":"https:\/\/www.robertzueblin.com\/es\/william-williams-of-plymouth\/en-el-rio-teign-en-devon-topsham-oleo\/","og_site_name":"ROBERT Z\u00dcBLIN","article_modified_time":"2026-04-18T12:07:48+00:00","og_image":[{"width":1000,"height":1577,"url":"https:\/\/www.robertzueblin.com\/wp-content\/uploads\/william-williams-of-plymouth-oleo-rio-teign-devon-topsham-foto-titulo.jpg","type":"image\/jpeg"}],"twitter_card":"summary_large_image","schema":{"@context":"https:\/\/schema.org","@graph":[{"@type":"WebPage","@id":"https:\/\/www.robertzueblin.com\/es\/william-williams-of-plymouth\/en-el-rio-teign-en-devon-topsham-oleo\/","url":"https:\/\/www.robertzueblin.com\/es\/william-williams-of-plymouth\/en-el-rio-teign-en-devon-topsham-oleo\/","name":"WILLIAMS OF PLYMOUTH \u2013 En el r\u00edo Teign, en Devon, Topsham","isPartOf":{"@id":"https:\/\/www.robertzueblin.com\/es\/#website"},"primaryImageOfPage":{"@id":"https:\/\/www.robertzueblin.com\/es\/william-williams-of-plymouth\/en-el-rio-teign-en-devon-topsham-oleo\/#primaryimage"},"image":{"@id":"https:\/\/www.robertzueblin.com\/es\/william-williams-of-plymouth\/en-el-rio-teign-en-devon-topsham-oleo\/#primaryimage"},"thumbnailUrl":"https:\/\/www.robertzueblin.com\/wp-content\/uploads\/william-williams-of-plymouth-oleo-rio-teign-devon-topsham-foto-titulo.jpg","datePublished":"2026-04-18T11:49:36+00:00","dateModified":"2026-04-18T12:07:48+00:00","description":"Fant\u00e1stico \u00f3leo de William Williams de Plymouth (* 1808, \u2020 1895) con el motivo: A orillas del Teign en Devon, Topsham, firmado.","breadcrumb":{"@id":"https:\/\/www.robertzueblin.com\/es\/william-williams-of-plymouth\/en-el-rio-teign-en-devon-topsham-oleo\/#breadcrumb"},"inLanguage":"es","potentialAction":[{"@type":"ReadAction","target":["https:\/\/www.robertzueblin.com\/es\/william-williams-of-plymouth\/en-el-rio-teign-en-devon-topsham-oleo\/"]}]},{"@type":"ImageObject","inLanguage":"es","@id":"https:\/\/www.robertzueblin.com\/es\/william-williams-of-plymouth\/en-el-rio-teign-en-devon-topsham-oleo\/#primaryimage","url":"https:\/\/www.robertzueblin.com\/wp-content\/uploads\/william-williams-of-plymouth-oleo-rio-teign-devon-topsham-foto-titulo.jpg","contentUrl":"https:\/\/www.robertzueblin.com\/wp-content\/uploads\/william-williams-of-plymouth-oleo-rio-teign-devon-topsham-foto-titulo.jpg","width":1000,"height":1577},{"@type":"BreadcrumbList","@id":"https:\/\/www.robertzueblin.com\/es\/william-williams-of-plymouth\/en-el-rio-teign-en-devon-topsham-oleo\/#breadcrumb","itemListElement":[{"@type":"ListItem","position":1,"name":"Startseite","item":"https:\/\/www.robertzueblin.com\/es\/"},{"@type":"ListItem","position":2,"name":"Galer\u00eda de arte online (tienda online)","item":"https:\/\/www.robertzueblin.com\/es\/galeria-de-arte-online\/"},{"@type":"ListItem","position":3,"name":"William WILLIAMS OF PLYMOUTH (* 1808, \u2020 1895) \u2013 En el r\u00edo Teign, en Devon, Topsham \u2013 \u00d3leo"}]},{"@type":"WebSite","@id":"https:\/\/www.robertzueblin.com\/es\/#website","url":"https:\/\/www.robertzueblin.com\/es\/","name":"ROBERT Z\u00dcBLIN","description":"","publisher":{"@id":"https:\/\/www.robertzueblin.com\/es\/#organization"},"potentialAction":[{"@type":"SearchAction","target":{"@type":"EntryPoint","urlTemplate":"https:\/\/www.robertzueblin.com\/es\/?s={search_term_string}"},"query-input":{"@type":"PropertyValueSpecification","valueRequired":true,"valueName":"search_term_string"}}],"inLanguage":"es"},{"@type":"Organization","@id":"https:\/\/www.robertzueblin.com\/es\/#organization","name":"ROBERT Z\u00dcBLIN","url":"https:\/\/www.robertzueblin.com\/es\/","logo":{"@type":"ImageObject","inLanguage":"es","@id":"https:\/\/www.robertzueblin.com\/es\/#\/schema\/logo\/image\/","url":"https:\/\/www.robertzueblin.com\/wp-content\/uploads\/cropped-cropped-logo-von-robert-zueblin.jpg","contentUrl":"https:\/\/www.robertzueblin.com\/wp-content\/uploads\/cropped-cropped-logo-von-robert-zueblin.jpg","width":440,"height":60,"caption":"ROBERT Z\u00dcBLIN"},"image":{"@id":"https:\/\/www.robertzueblin.com\/es\/#\/schema\/logo\/image\/"}}]}},"_links":{"self":[{"href":"https:\/\/www.robertzueblin.com\/es\/wp-json\/wp\/v2\/product\/50665","targetHints":{"allow":["GET"]}}],"collection":[{"href":"https:\/\/www.robertzueblin.com\/es\/wp-json\/wp\/v2\/product"}],"about":[{"href":"https:\/\/www.robertzueblin.com\/es\/wp-json\/wp\/v2\/types\/product"}],"wp:featuredmedia":[{"embeddable":true,"href":"https:\/\/www.robertzueblin.com\/es\/wp-json\/wp\/v2\/media\/50668"}],"wp:attachment":[{"href":"https:\/\/www.robertzueblin.com\/es\/wp-json\/wp\/v2\/media?parent=50665"}],"wp:term":[{"taxonomy":"product_brand","embeddable":true,"href":"https:\/\/www.robertzueblin.com\/es\/wp-json\/wp\/v2\/product_brand?post=50665"},{"taxonomy":"product_cat","embeddable":true,"href":"https:\/\/www.robertzueblin.com\/es\/wp-json\/wp\/v2\/product_cat?post=50665"},{"taxonomy":"product_tag","embeddable":true,"href":"https:\/\/www.robertzueblin.com\/es\/wp-json\/wp\/v2\/product_tag?post=50665"}],"curies":[{"name":"wp","href":"https:\/\/api.w.org\/{rel}","templated":true}]}}