{"id":50617,"date":"2026-04-18T13:17:09","date_gmt":"2026-04-18T11:17:09","guid":{"rendered":"https:\/\/www.robertzueblin.com\/?post_type=product&#038;p=50617"},"modified":"2026-04-18T13:29:36","modified_gmt":"2026-04-18T11:29:36","slug":"nathanael-lemaitre-1831-%e2%80%a0-1897-barcos-a-orillas-del-lago-leman-oleo","status":"publish","type":"product","link":"https:\/\/www.robertzueblin.com\/es\/nathanael-lemaitre\/barcos-a-orillas-del-lago-leman-oleo\/","title":{"rendered":"Nathana\u00ebl LEMA\u00ceTRE (* 1831, \u2020 1897) \u2013 Barcos a orillas del lago Lem\u00e1n \u2013 \u00d3leo"},"content":{"rendered":"<p><span style=\"font-family: AkkoPro-BoldCondensed!important\">Tipo:<\/span> <a href=\"https:\/\/www.robertzueblin.com\/es\/tipo\/pintura\/\">pintura<\/a><\/p>\n<p><span style=\"font-family: AkkoPro-BoldCondensed!important\">Pintor:<\/span> <a href=\"https:\/\/www.robertzueblin.com\/es\/nathanael-lemaitre\/\">Nathana\u00ebl LEMA\u00ceTRE<\/a> (* 1831, \u2020 1897)<\/p>\n<p><span style=\"font-family: AkkoPro-BoldCondensed!important\">Objeto:<\/span> <a href=\"https:\/\/www.robertzueblin.com\/es\/cuadros-al-oleo\/\">pintura al \u00f3leo<\/a><\/p>\n<p><span style=\"font-family: AkkoPro-BoldCondensed!important\">Material:<\/span> \u00d3leo sobre tabla<\/p>\n<p><span style=\"font-family: AkkoPro-BoldCondensed!important\">Dimensiones:<\/span> altura: 31 cm, anchura: 42 cm; con marco: altura: 49 cm, anchura: 60,5 cm<\/p>\n<p><span style=\"font-family: AkkoPro-BoldCondensed!important\">A\u00f1o de producci\u00f3n:<\/span> segunda mitad del siglo XIX<\/p>\n<p><span style=\"font-family: AkkoPro-BoldCondensed!important\">Estado:<\/span> cuadro: bueno, peque\u00f1os retoques; marco: signos de uso<\/p>\n<p><span style=\"font-family: AkkoPro-BoldCondensed!important\">Firma:<\/span> sin firma, inscrito en el reverso <\/p>\n","protected":false},"excerpt":{"rendered":"<p>Tipo: pintura Pintor: Nathana\u00ebl LEMA\u00ceTRE (* 1831, \u2020 1897) Objeto: pintura al \u00f3leo Material: \u00d3leo sobre tabla Dimensiones: altura: 31 cm, anchura: 42 cm; con marco: altura: 49 cm, anchura: 60,5 cm A\u00f1o de producci\u00f3n: segunda mitad del siglo XIX Estado: cuadro: bueno, peque\u00f1os retoques; marco: signos de uso Firma: sin firma, inscrito en el [&hellip;]<\/p>\n","protected":false},"featured_media":50619,"template":"","meta":[],"product_brand":[],"product_cat":[778,498,950],"product_tag":[],"class_list":{"0":"post-50617","1":"product","2":"type-product","3":"status-publish","4":"has-post-thumbnail","6":"product_cat-pintura","7":"product_cat-cuadros-al-oleo","8":"product_cat-nathanael-lemaitre","10":"first","11":"instock","12":"sold-individually","13":"shipping-taxable","14":"purchasable","15":"product-type-simple"},"yoast_head":"<!-- This site is optimized with the Yoast SEO plugin v27.4 - https:\/\/yoast.com\/product\/yoast-seo-wordpress\/ -->\n<title>Nathana\u00ebl LEMA\u00ceTRE \u2013 Barcos a orillas del lago Lem\u00e1n \u2013 \u00d3leo<\/title>\n<meta name=\"description\" content=\"Precioso \u00f3leo de Nathana\u00ebl Lema\u00eetre con el motivo: Barcos a orillas del lago Lem\u00e1n; segunda mitad del siglo XIX; inscrito en el reverso.\" \/>\n<meta name=\"robots\" content=\"index, follow, max-snippet:-1, max-image-preview:large, max-video-preview:-1\" \/>\n<link rel=\"canonical\" href=\"https:\/\/www.robertzueblin.com\/es\/nathanael-lemaitre\/barcos-a-orillas-del-lago-leman-oleo\/\" \/>\n<meta property=\"og:locale\" content=\"es_ES\" \/>\n<meta property=\"og:type\" content=\"article\" \/>\n<meta property=\"og:title\" content=\"Nathana\u00ebl LEMA\u00ceTRE \u2013 Barcos a orillas del lago Lem\u00e1n \u2013 \u00d3leo\" \/>\n<meta property=\"og:description\" content=\"Precioso \u00f3leo de Nathana\u00ebl Lema\u00eetre con el motivo: Barcos a orillas del lago Lem\u00e1n; segunda mitad del siglo XIX; inscrito en el reverso.\" \/>\n<meta property=\"og:url\" content=\"https:\/\/www.robertzueblin.com\/es\/nathanael-lemaitre\/barcos-a-orillas-del-lago-leman-oleo\/\" \/>\n<meta property=\"og:site_name\" content=\"ROBERT Z\u00dcBLIN\" \/>\n<meta property=\"article:modified_time\" content=\"2026-04-18T11:29:36+00:00\" \/>\n<meta property=\"og:image\" content=\"https:\/\/www.robertzueblin.com\/wp-content\/uploads\/nathanael-lemaitre-pintura-oleo-barcos-orillas-lago-leman-foto-titulo.jpg\" \/>\n\t<meta property=\"og:image:width\" content=\"1000\" \/>\n\t<meta property=\"og:image:height\" content=\"703\" \/>\n\t<meta property=\"og:image:type\" content=\"image\/jpeg\" \/>\n<meta name=\"twitter:card\" content=\"summary_large_image\" \/>\n<script type=\"application\/ld+json\" class=\"yoast-schema-graph\">{\"@context\":\"https:\\\/\\\/schema.org\",\"@graph\":[{\"@type\":\"WebPage\",\"@id\":\"https:\\\/\\\/www.robertzueblin.com\\\/es\\\/nathanael-lemaitre\\\/barcos-a-orillas-del-lago-leman-oleo\\\/\",\"url\":\"https:\\\/\\\/www.robertzueblin.com\\\/es\\\/nathanael-lemaitre\\\/barcos-a-orillas-del-lago-leman-oleo\\\/\",\"name\":\"Nathana\u00ebl LEMA\u00ceTRE \u2013 Barcos a orillas del lago Lem\u00e1n \u2013 \u00d3leo\",\"isPartOf\":{\"@id\":\"https:\\\/\\\/www.robertzueblin.com\\\/es\\\/#website\"},\"primaryImageOfPage\":{\"@id\":\"https:\\\/\\\/www.robertzueblin.com\\\/es\\\/nathanael-lemaitre\\\/barcos-a-orillas-del-lago-leman-oleo\\\/#primaryimage\"},\"image\":{\"@id\":\"https:\\\/\\\/www.robertzueblin.com\\\/es\\\/nathanael-lemaitre\\\/barcos-a-orillas-del-lago-leman-oleo\\\/#primaryimage\"},\"thumbnailUrl\":\"https:\\\/\\\/www.robertzueblin.com\\\/wp-content\\\/uploads\\\/nathanael-lemaitre-pintura-oleo-barcos-orillas-lago-leman-foto-titulo.jpg\",\"datePublished\":\"2026-04-18T11:17:09+00:00\",\"dateModified\":\"2026-04-18T11:29:36+00:00\",\"description\":\"Precioso \u00f3leo de Nathana\u00ebl Lema\u00eetre con el motivo: Barcos a orillas del lago Lem\u00e1n; segunda mitad del siglo XIX; inscrito en el reverso.\",\"breadcrumb\":{\"@id\":\"https:\\\/\\\/www.robertzueblin.com\\\/es\\\/nathanael-lemaitre\\\/barcos-a-orillas-del-lago-leman-oleo\\\/#breadcrumb\"},\"inLanguage\":\"es\",\"potentialAction\":[{\"@type\":\"ReadAction\",\"target\":[\"https:\\\/\\\/www.robertzueblin.com\\\/es\\\/nathanael-lemaitre\\\/barcos-a-orillas-del-lago-leman-oleo\\\/\"]}]},{\"@type\":\"ImageObject\",\"inLanguage\":\"es\",\"@id\":\"https:\\\/\\\/www.robertzueblin.com\\\/es\\\/nathanael-lemaitre\\\/barcos-a-orillas-del-lago-leman-oleo\\\/#primaryimage\",\"url\":\"https:\\\/\\\/www.robertzueblin.com\\\/wp-content\\\/uploads\\\/nathanael-lemaitre-pintura-oleo-barcos-orillas-lago-leman-foto-titulo.jpg\",\"contentUrl\":\"https:\\\/\\\/www.robertzueblin.com\\\/wp-content\\\/uploads\\\/nathanael-lemaitre-pintura-oleo-barcos-orillas-lago-leman-foto-titulo.jpg\",\"width\":1000,\"height\":703},{\"@type\":\"BreadcrumbList\",\"@id\":\"https:\\\/\\\/www.robertzueblin.com\\\/es\\\/nathanael-lemaitre\\\/barcos-a-orillas-del-lago-leman-oleo\\\/#breadcrumb\",\"itemListElement\":[{\"@type\":\"ListItem\",\"position\":1,\"name\":\"Startseite\",\"item\":\"https:\\\/\\\/www.robertzueblin.com\\\/es\\\/\"},{\"@type\":\"ListItem\",\"position\":2,\"name\":\"Galer\u00eda de arte online (tienda online)\",\"item\":\"https:\\\/\\\/www.robertzueblin.com\\\/es\\\/galeria-de-arte-online\\\/\"},{\"@type\":\"ListItem\",\"position\":3,\"name\":\"Nathana\u00ebl LEMA\u00ceTRE (* 1831, \u2020 1897) \u2013 Barcos a orillas del lago Lem\u00e1n \u2013 \u00d3leo\"}]},{\"@type\":\"WebSite\",\"@id\":\"https:\\\/\\\/www.robertzueblin.com\\\/es\\\/#website\",\"url\":\"https:\\\/\\\/www.robertzueblin.com\\\/es\\\/\",\"name\":\"ROBERT Z\u00dcBLIN\",\"description\":\"\",\"publisher\":{\"@id\":\"https:\\\/\\\/www.robertzueblin.com\\\/es\\\/#organization\"},\"potentialAction\":[{\"@type\":\"SearchAction\",\"target\":{\"@type\":\"EntryPoint\",\"urlTemplate\":\"https:\\\/\\\/www.robertzueblin.com\\\/es\\\/?s={search_term_string}\"},\"query-input\":{\"@type\":\"PropertyValueSpecification\",\"valueRequired\":true,\"valueName\":\"search_term_string\"}}],\"inLanguage\":\"es\"},{\"@type\":\"Organization\",\"@id\":\"https:\\\/\\\/www.robertzueblin.com\\\/es\\\/#organization\",\"name\":\"ROBERT Z\u00dcBLIN\",\"url\":\"https:\\\/\\\/www.robertzueblin.com\\\/es\\\/\",\"logo\":{\"@type\":\"ImageObject\",\"inLanguage\":\"es\",\"@id\":\"https:\\\/\\\/www.robertzueblin.com\\\/es\\\/#\\\/schema\\\/logo\\\/image\\\/\",\"url\":\"https:\\\/\\\/www.robertzueblin.com\\\/wp-content\\\/uploads\\\/cropped-cropped-logo-von-robert-zueblin.jpg\",\"contentUrl\":\"https:\\\/\\\/www.robertzueblin.com\\\/wp-content\\\/uploads\\\/cropped-cropped-logo-von-robert-zueblin.jpg\",\"width\":440,\"height\":60,\"caption\":\"ROBERT Z\u00dcBLIN\"},\"image\":{\"@id\":\"https:\\\/\\\/www.robertzueblin.com\\\/es\\\/#\\\/schema\\\/logo\\\/image\\\/\"}}]}<\/script>\n<!-- \/ Yoast SEO plugin. -->","yoast_head_json":{"title":"Nathana\u00ebl LEMA\u00ceTRE \u2013 Barcos a orillas del lago Lem\u00e1n \u2013 \u00d3leo","description":"Precioso \u00f3leo de Nathana\u00ebl Lema\u00eetre con el motivo: Barcos a orillas del lago Lem\u00e1n; segunda mitad del siglo XIX; inscrito en el reverso.","robots":{"index":"index","follow":"follow","max-snippet":"max-snippet:-1","max-image-preview":"max-image-preview:large","max-video-preview":"max-video-preview:-1"},"canonical":"https:\/\/www.robertzueblin.com\/es\/nathanael-lemaitre\/barcos-a-orillas-del-lago-leman-oleo\/","og_locale":"es_ES","og_type":"article","og_title":"Nathana\u00ebl LEMA\u00ceTRE \u2013 Barcos a orillas del lago Lem\u00e1n \u2013 \u00d3leo","og_description":"Precioso \u00f3leo de Nathana\u00ebl Lema\u00eetre con el motivo: Barcos a orillas del lago Lem\u00e1n; segunda mitad del siglo XIX; inscrito en el reverso.","og_url":"https:\/\/www.robertzueblin.com\/es\/nathanael-lemaitre\/barcos-a-orillas-del-lago-leman-oleo\/","og_site_name":"ROBERT Z\u00dcBLIN","article_modified_time":"2026-04-18T11:29:36+00:00","og_image":[{"width":1000,"height":703,"url":"https:\/\/www.robertzueblin.com\/wp-content\/uploads\/nathanael-lemaitre-pintura-oleo-barcos-orillas-lago-leman-foto-titulo.jpg","type":"image\/jpeg"}],"twitter_card":"summary_large_image","schema":{"@context":"https:\/\/schema.org","@graph":[{"@type":"WebPage","@id":"https:\/\/www.robertzueblin.com\/es\/nathanael-lemaitre\/barcos-a-orillas-del-lago-leman-oleo\/","url":"https:\/\/www.robertzueblin.com\/es\/nathanael-lemaitre\/barcos-a-orillas-del-lago-leman-oleo\/","name":"Nathana\u00ebl LEMA\u00ceTRE \u2013 Barcos a orillas del lago Lem\u00e1n \u2013 \u00d3leo","isPartOf":{"@id":"https:\/\/www.robertzueblin.com\/es\/#website"},"primaryImageOfPage":{"@id":"https:\/\/www.robertzueblin.com\/es\/nathanael-lemaitre\/barcos-a-orillas-del-lago-leman-oleo\/#primaryimage"},"image":{"@id":"https:\/\/www.robertzueblin.com\/es\/nathanael-lemaitre\/barcos-a-orillas-del-lago-leman-oleo\/#primaryimage"},"thumbnailUrl":"https:\/\/www.robertzueblin.com\/wp-content\/uploads\/nathanael-lemaitre-pintura-oleo-barcos-orillas-lago-leman-foto-titulo.jpg","datePublished":"2026-04-18T11:17:09+00:00","dateModified":"2026-04-18T11:29:36+00:00","description":"Precioso \u00f3leo de Nathana\u00ebl Lema\u00eetre con el motivo: Barcos a orillas del lago Lem\u00e1n; segunda mitad del siglo XIX; inscrito en el reverso.","breadcrumb":{"@id":"https:\/\/www.robertzueblin.com\/es\/nathanael-lemaitre\/barcos-a-orillas-del-lago-leman-oleo\/#breadcrumb"},"inLanguage":"es","potentialAction":[{"@type":"ReadAction","target":["https:\/\/www.robertzueblin.com\/es\/nathanael-lemaitre\/barcos-a-orillas-del-lago-leman-oleo\/"]}]},{"@type":"ImageObject","inLanguage":"es","@id":"https:\/\/www.robertzueblin.com\/es\/nathanael-lemaitre\/barcos-a-orillas-del-lago-leman-oleo\/#primaryimage","url":"https:\/\/www.robertzueblin.com\/wp-content\/uploads\/nathanael-lemaitre-pintura-oleo-barcos-orillas-lago-leman-foto-titulo.jpg","contentUrl":"https:\/\/www.robertzueblin.com\/wp-content\/uploads\/nathanael-lemaitre-pintura-oleo-barcos-orillas-lago-leman-foto-titulo.jpg","width":1000,"height":703},{"@type":"BreadcrumbList","@id":"https:\/\/www.robertzueblin.com\/es\/nathanael-lemaitre\/barcos-a-orillas-del-lago-leman-oleo\/#breadcrumb","itemListElement":[{"@type":"ListItem","position":1,"name":"Startseite","item":"https:\/\/www.robertzueblin.com\/es\/"},{"@type":"ListItem","position":2,"name":"Galer\u00eda de arte online (tienda online)","item":"https:\/\/www.robertzueblin.com\/es\/galeria-de-arte-online\/"},{"@type":"ListItem","position":3,"name":"Nathana\u00ebl LEMA\u00ceTRE (* 1831, \u2020 1897) \u2013 Barcos a orillas del lago Lem\u00e1n \u2013 \u00d3leo"}]},{"@type":"WebSite","@id":"https:\/\/www.robertzueblin.com\/es\/#website","url":"https:\/\/www.robertzueblin.com\/es\/","name":"ROBERT Z\u00dcBLIN","description":"","publisher":{"@id":"https:\/\/www.robertzueblin.com\/es\/#organization"},"potentialAction":[{"@type":"SearchAction","target":{"@type":"EntryPoint","urlTemplate":"https:\/\/www.robertzueblin.com\/es\/?s={search_term_string}"},"query-input":{"@type":"PropertyValueSpecification","valueRequired":true,"valueName":"search_term_string"}}],"inLanguage":"es"},{"@type":"Organization","@id":"https:\/\/www.robertzueblin.com\/es\/#organization","name":"ROBERT Z\u00dcBLIN","url":"https:\/\/www.robertzueblin.com\/es\/","logo":{"@type":"ImageObject","inLanguage":"es","@id":"https:\/\/www.robertzueblin.com\/es\/#\/schema\/logo\/image\/","url":"https:\/\/www.robertzueblin.com\/wp-content\/uploads\/cropped-cropped-logo-von-robert-zueblin.jpg","contentUrl":"https:\/\/www.robertzueblin.com\/wp-content\/uploads\/cropped-cropped-logo-von-robert-zueblin.jpg","width":440,"height":60,"caption":"ROBERT Z\u00dcBLIN"},"image":{"@id":"https:\/\/www.robertzueblin.com\/es\/#\/schema\/logo\/image\/"}}]}},"_links":{"self":[{"href":"https:\/\/www.robertzueblin.com\/es\/wp-json\/wp\/v2\/product\/50617","targetHints":{"allow":["GET"]}}],"collection":[{"href":"https:\/\/www.robertzueblin.com\/es\/wp-json\/wp\/v2\/product"}],"about":[{"href":"https:\/\/www.robertzueblin.com\/es\/wp-json\/wp\/v2\/types\/product"}],"wp:featuredmedia":[{"embeddable":true,"href":"https:\/\/www.robertzueblin.com\/es\/wp-json\/wp\/v2\/media\/50619"}],"wp:attachment":[{"href":"https:\/\/www.robertzueblin.com\/es\/wp-json\/wp\/v2\/media?parent=50617"}],"wp:term":[{"taxonomy":"product_brand","embeddable":true,"href":"https:\/\/www.robertzueblin.com\/es\/wp-json\/wp\/v2\/product_brand?post=50617"},{"taxonomy":"product_cat","embeddable":true,"href":"https:\/\/www.robertzueblin.com\/es\/wp-json\/wp\/v2\/product_cat?post=50617"},{"taxonomy":"product_tag","embeddable":true,"href":"https:\/\/www.robertzueblin.com\/es\/wp-json\/wp\/v2\/product_tag?post=50617"}],"curies":[{"name":"wp","href":"https:\/\/api.w.org\/{rel}","templated":true}]}}