{"id":50528,"date":"2026-04-15T18:31:39","date_gmt":"2026-04-15T16:31:39","guid":{"rendered":"https:\/\/www.robertzueblin.com\/?post_type=product&#038;p=50528"},"modified":"2026-04-15T18:44:25","modified_gmt":"2026-04-15T16:44:25","slug":"otto-gampert-1842-%e2%80%a0-1924-paisaje-acuatico-pintura-al-oleo","status":"publish","type":"product","link":"https:\/\/www.robertzueblin.com\/es\/otto-gampert\/paisaje-de-los-prealpes-suizos-pintura-al-oleo\/","title":{"rendered":"Otto GAMPERT (* 1842, \u2020 1924) &#8211; Paisaje acu\u00e1tico &#8211; Pintura al \u00f3leo"},"content":{"rendered":"<p><span style=\"font-family: AkkoPro-BoldCondensed!important\">Tipo:<\/span> <a href=\"https:\/\/www.robertzueblin.com\/es\/tipo\/pintura\/\">pintura<\/a><\/p>\n<p><span style=\"font-family: AkkoPro-BoldCondensed!important\">Pintor:<\/span> <a href=\"https:\/\/www.robertzueblin.com\/es\/otto-gampert\/\">Otto Gampert <\/a>(* 1842, \u2020 1924)<\/p>\n<p><span style=\"font-family: AkkoPro-BoldCondensed!important\">Objeto:<\/span> <a href=\"https:\/\/www.robertzueblin.com\/es\/cuadros-al-oleo\/\">pintura al \u00f3leo<\/a><\/p>\n<p><span style=\"font-family: AkkoPro-BoldCondensed!important\">Material:<\/span> \u00f3leo sobre lienzo montado<\/p>\n<p><span style=\"font-family: AkkoPro-BoldCondensed!important\">Dimensiones:<\/span> altura: 30,5 cm, anchura: 44 cm; con marco: altura: 51 cm, anchura: 70,5 cm<\/p>\n<p><span style=\"font-family: AkkoPro-BoldCondensed!important\">A\u00f1o de producci\u00f3n:<\/span> <\/p>\n<p><span style=\"font-family: AkkoPro-BoldCondensed!important\">Estado:<\/span> cuadro: bueno, con alguna p\u00e9rdida de color en los bordes; marco: signos de uso<\/p>\n<p><span style=\"font-family: AkkoPro-BoldCondensed!important\">Firma:<\/span> O.G.<\/p>\n","protected":false},"excerpt":{"rendered":"<p>Tipo: pintura Pintor: Otto Gampert (* 1842, \u2020 1924) Objeto: pintura al \u00f3leo Material: \u00f3leo sobre lienzo montado Dimensiones: altura: 30,5 cm, anchura: 44 cm; con marco: altura: 51 cm, anchura: 70,5 cm A\u00f1o de producci\u00f3n: Estado: cuadro: bueno, con alguna p\u00e9rdida de color en los bordes; marco: signos de uso Firma: O.G.<\/p>\n","protected":false},"featured_media":50531,"template":"","meta":[],"product_brand":[],"product_cat":[498,570],"product_tag":[],"class_list":{"0":"post-50528","1":"product","2":"type-product","3":"status-publish","4":"has-post-thumbnail","6":"product_cat-cuadros-al-oleo","7":"product_cat-otto-gampert","9":"first","10":"instock","11":"sold-individually","12":"shipping-taxable","13":"purchasable","14":"product-type-simple"},"yoast_head":"<!-- This site is optimized with the Yoast SEO plugin v27.4 - https:\/\/yoast.com\/product\/yoast-seo-wordpress\/ -->\n<title>Otto GAMPERT (* 1842, \u2020 1924) - Paisaje acu\u00e1tico - Pintura al \u00f3leo<\/title>\n<meta name=\"description\" content=\"Precioso \u00f3leo del pintor suizo Otto Gampert (* 1842, \u2020 1924) que representa un paisaje acu\u00e1tico; \u00f3leo sobre lienzo montado.\" \/>\n<meta name=\"robots\" content=\"index, follow, max-snippet:-1, max-image-preview:large, max-video-preview:-1\" \/>\n<link rel=\"canonical\" href=\"https:\/\/www.robertzueblin.com\/es\/otto-gampert\/paisaje-de-los-prealpes-suizos-pintura-al-oleo\/\" \/>\n<meta property=\"og:locale\" content=\"es_ES\" \/>\n<meta property=\"og:type\" content=\"article\" \/>\n<meta property=\"og:title\" content=\"Otto GAMPERT (* 1842, \u2020 1924) - Paisaje acu\u00e1tico - Pintura al \u00f3leo\" \/>\n<meta property=\"og:description\" content=\"Precioso \u00f3leo del pintor suizo Otto Gampert (* 1842, \u2020 1924) que representa un paisaje acu\u00e1tico; \u00f3leo sobre lienzo montado.\" \/>\n<meta property=\"og:url\" content=\"https:\/\/www.robertzueblin.com\/es\/otto-gampert\/paisaje-de-los-prealpes-suizos-pintura-al-oleo\/\" \/>\n<meta property=\"og:site_name\" content=\"ROBERT Z\u00dcBLIN\" \/>\n<meta property=\"article:modified_time\" content=\"2026-04-15T16:44:25+00:00\" \/>\n<meta property=\"og:image\" content=\"https:\/\/www.robertzueblin.com\/wp-content\/uploads\/otto-gampert-pintura-oleo-paisaje-acuatico-foto-titulo.jpg\" \/>\n\t<meta property=\"og:image:width\" content=\"1000\" \/>\n\t<meta property=\"og:image:height\" content=\"687\" \/>\n\t<meta property=\"og:image:type\" content=\"image\/jpeg\" \/>\n<meta name=\"twitter:card\" content=\"summary_large_image\" \/>\n<script type=\"application\/ld+json\" class=\"yoast-schema-graph\">{\"@context\":\"https:\\\/\\\/schema.org\",\"@graph\":[{\"@type\":\"WebPage\",\"@id\":\"https:\\\/\\\/www.robertzueblin.com\\\/es\\\/otto-gampert\\\/paisaje-de-los-prealpes-suizos-pintura-al-oleo\\\/\",\"url\":\"https:\\\/\\\/www.robertzueblin.com\\\/es\\\/otto-gampert\\\/paisaje-de-los-prealpes-suizos-pintura-al-oleo\\\/\",\"name\":\"Otto GAMPERT (* 1842, \u2020 1924) - Paisaje acu\u00e1tico - Pintura al \u00f3leo\",\"isPartOf\":{\"@id\":\"https:\\\/\\\/www.robertzueblin.com\\\/es\\\/#website\"},\"primaryImageOfPage\":{\"@id\":\"https:\\\/\\\/www.robertzueblin.com\\\/es\\\/otto-gampert\\\/paisaje-de-los-prealpes-suizos-pintura-al-oleo\\\/#primaryimage\"},\"image\":{\"@id\":\"https:\\\/\\\/www.robertzueblin.com\\\/es\\\/otto-gampert\\\/paisaje-de-los-prealpes-suizos-pintura-al-oleo\\\/#primaryimage\"},\"thumbnailUrl\":\"https:\\\/\\\/www.robertzueblin.com\\\/wp-content\\\/uploads\\\/otto-gampert-pintura-oleo-paisaje-acuatico-foto-titulo.jpg\",\"datePublished\":\"2026-04-15T16:31:39+00:00\",\"dateModified\":\"2026-04-15T16:44:25+00:00\",\"description\":\"Precioso \u00f3leo del pintor suizo Otto Gampert (* 1842, \u2020 1924) que representa un paisaje acu\u00e1tico; \u00f3leo sobre lienzo montado.\",\"breadcrumb\":{\"@id\":\"https:\\\/\\\/www.robertzueblin.com\\\/es\\\/otto-gampert\\\/paisaje-de-los-prealpes-suizos-pintura-al-oleo\\\/#breadcrumb\"},\"inLanguage\":\"es\",\"potentialAction\":[{\"@type\":\"ReadAction\",\"target\":[\"https:\\\/\\\/www.robertzueblin.com\\\/es\\\/otto-gampert\\\/paisaje-de-los-prealpes-suizos-pintura-al-oleo\\\/\"]}]},{\"@type\":\"ImageObject\",\"inLanguage\":\"es\",\"@id\":\"https:\\\/\\\/www.robertzueblin.com\\\/es\\\/otto-gampert\\\/paisaje-de-los-prealpes-suizos-pintura-al-oleo\\\/#primaryimage\",\"url\":\"https:\\\/\\\/www.robertzueblin.com\\\/wp-content\\\/uploads\\\/otto-gampert-pintura-oleo-paisaje-acuatico-foto-titulo.jpg\",\"contentUrl\":\"https:\\\/\\\/www.robertzueblin.com\\\/wp-content\\\/uploads\\\/otto-gampert-pintura-oleo-paisaje-acuatico-foto-titulo.jpg\",\"width\":1000,\"height\":687},{\"@type\":\"BreadcrumbList\",\"@id\":\"https:\\\/\\\/www.robertzueblin.com\\\/es\\\/otto-gampert\\\/paisaje-de-los-prealpes-suizos-pintura-al-oleo\\\/#breadcrumb\",\"itemListElement\":[{\"@type\":\"ListItem\",\"position\":1,\"name\":\"Startseite\",\"item\":\"https:\\\/\\\/www.robertzueblin.com\\\/es\\\/\"},{\"@type\":\"ListItem\",\"position\":2,\"name\":\"Galer\u00eda de arte online (tienda online)\",\"item\":\"https:\\\/\\\/www.robertzueblin.com\\\/es\\\/galeria-de-arte-online\\\/\"},{\"@type\":\"ListItem\",\"position\":3,\"name\":\"Otto GAMPERT (* 1842, \u2020 1924) &#8211; Paisaje acu\u00e1tico &#8211; Pintura al \u00f3leo\"}]},{\"@type\":\"WebSite\",\"@id\":\"https:\\\/\\\/www.robertzueblin.com\\\/es\\\/#website\",\"url\":\"https:\\\/\\\/www.robertzueblin.com\\\/es\\\/\",\"name\":\"ROBERT Z\u00dcBLIN\",\"description\":\"\",\"publisher\":{\"@id\":\"https:\\\/\\\/www.robertzueblin.com\\\/es\\\/#organization\"},\"potentialAction\":[{\"@type\":\"SearchAction\",\"target\":{\"@type\":\"EntryPoint\",\"urlTemplate\":\"https:\\\/\\\/www.robertzueblin.com\\\/es\\\/?s={search_term_string}\"},\"query-input\":{\"@type\":\"PropertyValueSpecification\",\"valueRequired\":true,\"valueName\":\"search_term_string\"}}],\"inLanguage\":\"es\"},{\"@type\":\"Organization\",\"@id\":\"https:\\\/\\\/www.robertzueblin.com\\\/es\\\/#organization\",\"name\":\"ROBERT Z\u00dcBLIN\",\"url\":\"https:\\\/\\\/www.robertzueblin.com\\\/es\\\/\",\"logo\":{\"@type\":\"ImageObject\",\"inLanguage\":\"es\",\"@id\":\"https:\\\/\\\/www.robertzueblin.com\\\/es\\\/#\\\/schema\\\/logo\\\/image\\\/\",\"url\":\"https:\\\/\\\/www.robertzueblin.com\\\/wp-content\\\/uploads\\\/cropped-cropped-logo-von-robert-zueblin.jpg\",\"contentUrl\":\"https:\\\/\\\/www.robertzueblin.com\\\/wp-content\\\/uploads\\\/cropped-cropped-logo-von-robert-zueblin.jpg\",\"width\":440,\"height\":60,\"caption\":\"ROBERT Z\u00dcBLIN\"},\"image\":{\"@id\":\"https:\\\/\\\/www.robertzueblin.com\\\/es\\\/#\\\/schema\\\/logo\\\/image\\\/\"}}]}<\/script>\n<!-- \/ Yoast SEO plugin. -->","yoast_head_json":{"title":"Otto GAMPERT (* 1842, \u2020 1924) - Paisaje acu\u00e1tico - Pintura al \u00f3leo","description":"Precioso \u00f3leo del pintor suizo Otto Gampert (* 1842, \u2020 1924) que representa un paisaje acu\u00e1tico; \u00f3leo sobre lienzo montado.","robots":{"index":"index","follow":"follow","max-snippet":"max-snippet:-1","max-image-preview":"max-image-preview:large","max-video-preview":"max-video-preview:-1"},"canonical":"https:\/\/www.robertzueblin.com\/es\/otto-gampert\/paisaje-de-los-prealpes-suizos-pintura-al-oleo\/","og_locale":"es_ES","og_type":"article","og_title":"Otto GAMPERT (* 1842, \u2020 1924) - Paisaje acu\u00e1tico - Pintura al \u00f3leo","og_description":"Precioso \u00f3leo del pintor suizo Otto Gampert (* 1842, \u2020 1924) que representa un paisaje acu\u00e1tico; \u00f3leo sobre lienzo montado.","og_url":"https:\/\/www.robertzueblin.com\/es\/otto-gampert\/paisaje-de-los-prealpes-suizos-pintura-al-oleo\/","og_site_name":"ROBERT Z\u00dcBLIN","article_modified_time":"2026-04-15T16:44:25+00:00","og_image":[{"width":1000,"height":687,"url":"https:\/\/www.robertzueblin.com\/wp-content\/uploads\/otto-gampert-pintura-oleo-paisaje-acuatico-foto-titulo.jpg","type":"image\/jpeg"}],"twitter_card":"summary_large_image","schema":{"@context":"https:\/\/schema.org","@graph":[{"@type":"WebPage","@id":"https:\/\/www.robertzueblin.com\/es\/otto-gampert\/paisaje-de-los-prealpes-suizos-pintura-al-oleo\/","url":"https:\/\/www.robertzueblin.com\/es\/otto-gampert\/paisaje-de-los-prealpes-suizos-pintura-al-oleo\/","name":"Otto GAMPERT (* 1842, \u2020 1924) - Paisaje acu\u00e1tico - Pintura al \u00f3leo","isPartOf":{"@id":"https:\/\/www.robertzueblin.com\/es\/#website"},"primaryImageOfPage":{"@id":"https:\/\/www.robertzueblin.com\/es\/otto-gampert\/paisaje-de-los-prealpes-suizos-pintura-al-oleo\/#primaryimage"},"image":{"@id":"https:\/\/www.robertzueblin.com\/es\/otto-gampert\/paisaje-de-los-prealpes-suizos-pintura-al-oleo\/#primaryimage"},"thumbnailUrl":"https:\/\/www.robertzueblin.com\/wp-content\/uploads\/otto-gampert-pintura-oleo-paisaje-acuatico-foto-titulo.jpg","datePublished":"2026-04-15T16:31:39+00:00","dateModified":"2026-04-15T16:44:25+00:00","description":"Precioso \u00f3leo del pintor suizo Otto Gampert (* 1842, \u2020 1924) que representa un paisaje acu\u00e1tico; \u00f3leo sobre lienzo montado.","breadcrumb":{"@id":"https:\/\/www.robertzueblin.com\/es\/otto-gampert\/paisaje-de-los-prealpes-suizos-pintura-al-oleo\/#breadcrumb"},"inLanguage":"es","potentialAction":[{"@type":"ReadAction","target":["https:\/\/www.robertzueblin.com\/es\/otto-gampert\/paisaje-de-los-prealpes-suizos-pintura-al-oleo\/"]}]},{"@type":"ImageObject","inLanguage":"es","@id":"https:\/\/www.robertzueblin.com\/es\/otto-gampert\/paisaje-de-los-prealpes-suizos-pintura-al-oleo\/#primaryimage","url":"https:\/\/www.robertzueblin.com\/wp-content\/uploads\/otto-gampert-pintura-oleo-paisaje-acuatico-foto-titulo.jpg","contentUrl":"https:\/\/www.robertzueblin.com\/wp-content\/uploads\/otto-gampert-pintura-oleo-paisaje-acuatico-foto-titulo.jpg","width":1000,"height":687},{"@type":"BreadcrumbList","@id":"https:\/\/www.robertzueblin.com\/es\/otto-gampert\/paisaje-de-los-prealpes-suizos-pintura-al-oleo\/#breadcrumb","itemListElement":[{"@type":"ListItem","position":1,"name":"Startseite","item":"https:\/\/www.robertzueblin.com\/es\/"},{"@type":"ListItem","position":2,"name":"Galer\u00eda de arte online (tienda online)","item":"https:\/\/www.robertzueblin.com\/es\/galeria-de-arte-online\/"},{"@type":"ListItem","position":3,"name":"Otto GAMPERT (* 1842, \u2020 1924) &#8211; Paisaje acu\u00e1tico &#8211; Pintura al \u00f3leo"}]},{"@type":"WebSite","@id":"https:\/\/www.robertzueblin.com\/es\/#website","url":"https:\/\/www.robertzueblin.com\/es\/","name":"ROBERT Z\u00dcBLIN","description":"","publisher":{"@id":"https:\/\/www.robertzueblin.com\/es\/#organization"},"potentialAction":[{"@type":"SearchAction","target":{"@type":"EntryPoint","urlTemplate":"https:\/\/www.robertzueblin.com\/es\/?s={search_term_string}"},"query-input":{"@type":"PropertyValueSpecification","valueRequired":true,"valueName":"search_term_string"}}],"inLanguage":"es"},{"@type":"Organization","@id":"https:\/\/www.robertzueblin.com\/es\/#organization","name":"ROBERT Z\u00dcBLIN","url":"https:\/\/www.robertzueblin.com\/es\/","logo":{"@type":"ImageObject","inLanguage":"es","@id":"https:\/\/www.robertzueblin.com\/es\/#\/schema\/logo\/image\/","url":"https:\/\/www.robertzueblin.com\/wp-content\/uploads\/cropped-cropped-logo-von-robert-zueblin.jpg","contentUrl":"https:\/\/www.robertzueblin.com\/wp-content\/uploads\/cropped-cropped-logo-von-robert-zueblin.jpg","width":440,"height":60,"caption":"ROBERT Z\u00dcBLIN"},"image":{"@id":"https:\/\/www.robertzueblin.com\/es\/#\/schema\/logo\/image\/"}}]}},"_links":{"self":[{"href":"https:\/\/www.robertzueblin.com\/es\/wp-json\/wp\/v2\/product\/50528","targetHints":{"allow":["GET"]}}],"collection":[{"href":"https:\/\/www.robertzueblin.com\/es\/wp-json\/wp\/v2\/product"}],"about":[{"href":"https:\/\/www.robertzueblin.com\/es\/wp-json\/wp\/v2\/types\/product"}],"wp:featuredmedia":[{"embeddable":true,"href":"https:\/\/www.robertzueblin.com\/es\/wp-json\/wp\/v2\/media\/50531"}],"wp:attachment":[{"href":"https:\/\/www.robertzueblin.com\/es\/wp-json\/wp\/v2\/media?parent=50528"}],"wp:term":[{"taxonomy":"product_brand","embeddable":true,"href":"https:\/\/www.robertzueblin.com\/es\/wp-json\/wp\/v2\/product_brand?post=50528"},{"taxonomy":"product_cat","embeddable":true,"href":"https:\/\/www.robertzueblin.com\/es\/wp-json\/wp\/v2\/product_cat?post=50528"},{"taxonomy":"product_tag","embeddable":true,"href":"https:\/\/www.robertzueblin.com\/es\/wp-json\/wp\/v2\/product_tag?post=50528"}],"curies":[{"name":"wp","href":"https:\/\/api.w.org\/{rel}","templated":true}]}}