{"id":50465,"date":"2026-04-15T12:12:42","date_gmt":"2026-04-15T10:12:42","guid":{"rendered":"https:\/\/www.robertzueblin.com\/?post_type=product&#038;p=50465"},"modified":"2026-04-15T12:25:03","modified_gmt":"2026-04-15T10:25:03","slug":"otto-gampert-1842-%e2%80%a0-1924-paisaje-de-montana-cuadro-al-oleo","status":"publish","type":"product","link":"https:\/\/www.robertzueblin.com\/es\/otto-gampert\/paisaje-de-montana-cuadro-al-olio\/","title":{"rendered":"Otto GAMPERT (* 1842, \u2020 1924) \u2013 Paisaje de monta\u00f1a \u2013 Cuadro al \u00f3leo"},"content":{"rendered":"<p><span style=\"font-family: AkkoPro-BoldCondensed!important\">Tipo:<\/span> <a href=\"https:\/\/www.robertzueblin.com\/es\/tipo\/pintura\/\">pintura<\/a><\/p>\n<p><span style=\"font-family: AkkoPro-BoldCondensed!important\">Pintor:<\/span> <a href=\"https:\/\/www.robertzueblin.com\/es\/otto-gampert\/\">Otto Gampert <\/a>(* 1842, \u2020 1924)<\/p>\n<p><span style=\"font-family: AkkoPro-BoldCondensed!important\">Objeto:<\/span> <a href=\"https:\/\/www.robertzueblin.com\/es\/cuadros-al-oleo\/\">pintura al \u00f3leo<\/a><\/p>\n<p><span style=\"font-family: AkkoPro-BoldCondensed!important\">Material:<\/span> \u00d3leo sobre tablero de fibra de madera<\/p>\n<p><span style=\"font-family: AkkoPro-BoldCondensed!important\">Dimensiones:<\/span> altura: 31 cm, anchura: 45 cm; con marco: altura: 39 cm, anchura: 53 cm<\/p>\n<p><span style=\"font-family: AkkoPro-BoldCondensed!important\">A\u00f1o de producci\u00f3n:<\/span> hacia 1900<\/p>\n<p><span style=\"font-family: AkkoPro-BoldCondensed!important\">Estado:<\/span> cuadro: bueno; Marco: algunas faltas<\/p>\n<p><span style=\"font-family: AkkoPro-BoldCondensed!important\">Firma:<\/span> O.G.<\/p>\n<p><span style=\"font-family: AkkoPro-BoldCondensed!important\">Procedencia:<\/span> legado de Otto Gampert<\/p>\n","protected":false},"excerpt":{"rendered":"<p>Tipo: pintura Pintor: Otto Gampert (* 1842, \u2020 1924) Objeto: pintura al \u00f3leo Material: \u00d3leo sobre tablero de fibra de madera Dimensiones: altura: 31 cm, anchura: 45 cm; con marco: altura: 39 cm, anchura: 53 cm A\u00f1o de producci\u00f3n: hacia 1900 Estado: cuadro: bueno; Marco: algunas faltas Firma: O.G. Procedencia: legado de Otto Gampert<\/p>\n","protected":false},"featured_media":50494,"template":"","meta":[],"product_brand":[],"product_cat":[778,498,570],"product_tag":[],"class_list":{"0":"post-50465","1":"product","2":"type-product","3":"status-publish","4":"has-post-thumbnail","6":"product_cat-pintura","7":"product_cat-cuadros-al-oleo","8":"product_cat-otto-gampert","10":"first","11":"instock","12":"sold-individually","13":"shipping-taxable","14":"purchasable","15":"product-type-simple"},"yoast_head":"<!-- This site is optimized with the Yoast SEO plugin v27.4 - https:\/\/yoast.com\/product\/yoast-seo-wordpress\/ -->\n<title>GAMPERT (* 1842, \u2020 1924) - Paisaje de monta\u00f1a - Quadro ad olio<\/title>\n<meta name=\"description\" content=\"\u00d3leo del pintor Otto Gampert (1842-1924) que representa un paisaje monta\u00f1oso al atardecer. El cuadro procede del legado de Gampert.\" \/>\n<meta name=\"robots\" content=\"index, follow, max-snippet:-1, max-image-preview:large, max-video-preview:-1\" \/>\n<link rel=\"canonical\" href=\"https:\/\/www.robertzueblin.com\/es\/otto-gampert\/paisaje-de-montana-cuadro-al-olio\/\" \/>\n<meta property=\"og:locale\" content=\"es_ES\" \/>\n<meta property=\"og:type\" content=\"article\" \/>\n<meta property=\"og:title\" content=\"GAMPERT (* 1842, \u2020 1924) - Paisaje de monta\u00f1a - Quadro ad olio\" \/>\n<meta property=\"og:description\" content=\"\u00d3leo del pintor Otto Gampert (1842-1924) que representa un paisaje monta\u00f1oso al atardecer. El cuadro procede del legado de Gampert.\" \/>\n<meta property=\"og:url\" content=\"https:\/\/www.robertzueblin.com\/es\/otto-gampert\/paisaje-de-montana-cuadro-al-olio\/\" \/>\n<meta property=\"og:site_name\" content=\"ROBERT Z\u00dcBLIN\" \/>\n<meta property=\"article:modified_time\" content=\"2026-04-15T10:25:03+00:00\" \/>\n<meta property=\"og:image\" content=\"https:\/\/www.robertzueblin.com\/wp-content\/uploads\/otto-gampert-cuadro-oleo-paisaje-montana-foto-titulo.jpg\" \/>\n\t<meta property=\"og:image:width\" content=\"1000\" \/>\n\t<meta property=\"og:image:height\" content=\"669\" \/>\n\t<meta property=\"og:image:type\" content=\"image\/jpeg\" \/>\n<meta name=\"twitter:card\" content=\"summary_large_image\" \/>\n<script type=\"application\/ld+json\" class=\"yoast-schema-graph\">{\"@context\":\"https:\\\/\\\/schema.org\",\"@graph\":[{\"@type\":\"WebPage\",\"@id\":\"https:\\\/\\\/www.robertzueblin.com\\\/es\\\/otto-gampert\\\/paisaje-de-montana-cuadro-al-olio\\\/\",\"url\":\"https:\\\/\\\/www.robertzueblin.com\\\/es\\\/otto-gampert\\\/paisaje-de-montana-cuadro-al-olio\\\/\",\"name\":\"GAMPERT (* 1842, \u2020 1924) - Paisaje de monta\u00f1a - Quadro ad olio\",\"isPartOf\":{\"@id\":\"https:\\\/\\\/www.robertzueblin.com\\\/es\\\/#website\"},\"primaryImageOfPage\":{\"@id\":\"https:\\\/\\\/www.robertzueblin.com\\\/es\\\/otto-gampert\\\/paisaje-de-montana-cuadro-al-olio\\\/#primaryimage\"},\"image\":{\"@id\":\"https:\\\/\\\/www.robertzueblin.com\\\/es\\\/otto-gampert\\\/paisaje-de-montana-cuadro-al-olio\\\/#primaryimage\"},\"thumbnailUrl\":\"https:\\\/\\\/www.robertzueblin.com\\\/wp-content\\\/uploads\\\/otto-gampert-cuadro-oleo-paisaje-montana-foto-titulo.jpg\",\"datePublished\":\"2026-04-15T10:12:42+00:00\",\"dateModified\":\"2026-04-15T10:25:03+00:00\",\"description\":\"\u00d3leo del pintor Otto Gampert (1842-1924) que representa un paisaje monta\u00f1oso al atardecer. El cuadro procede del legado de Gampert.\",\"breadcrumb\":{\"@id\":\"https:\\\/\\\/www.robertzueblin.com\\\/es\\\/otto-gampert\\\/paisaje-de-montana-cuadro-al-olio\\\/#breadcrumb\"},\"inLanguage\":\"es\",\"potentialAction\":[{\"@type\":\"ReadAction\",\"target\":[\"https:\\\/\\\/www.robertzueblin.com\\\/es\\\/otto-gampert\\\/paisaje-de-montana-cuadro-al-olio\\\/\"]}]},{\"@type\":\"ImageObject\",\"inLanguage\":\"es\",\"@id\":\"https:\\\/\\\/www.robertzueblin.com\\\/es\\\/otto-gampert\\\/paisaje-de-montana-cuadro-al-olio\\\/#primaryimage\",\"url\":\"https:\\\/\\\/www.robertzueblin.com\\\/wp-content\\\/uploads\\\/otto-gampert-cuadro-oleo-paisaje-montana-foto-titulo.jpg\",\"contentUrl\":\"https:\\\/\\\/www.robertzueblin.com\\\/wp-content\\\/uploads\\\/otto-gampert-cuadro-oleo-paisaje-montana-foto-titulo.jpg\",\"width\":1000,\"height\":669},{\"@type\":\"BreadcrumbList\",\"@id\":\"https:\\\/\\\/www.robertzueblin.com\\\/es\\\/otto-gampert\\\/paisaje-de-montana-cuadro-al-olio\\\/#breadcrumb\",\"itemListElement\":[{\"@type\":\"ListItem\",\"position\":1,\"name\":\"Startseite\",\"item\":\"https:\\\/\\\/www.robertzueblin.com\\\/es\\\/\"},{\"@type\":\"ListItem\",\"position\":2,\"name\":\"Galer\u00eda de arte online (tienda online)\",\"item\":\"https:\\\/\\\/www.robertzueblin.com\\\/es\\\/galeria-de-arte-online\\\/\"},{\"@type\":\"ListItem\",\"position\":3,\"name\":\"Otto GAMPERT (* 1842, \u2020 1924) \u2013 Paisaje de monta\u00f1a \u2013 Cuadro al \u00f3leo\"}]},{\"@type\":\"WebSite\",\"@id\":\"https:\\\/\\\/www.robertzueblin.com\\\/es\\\/#website\",\"url\":\"https:\\\/\\\/www.robertzueblin.com\\\/es\\\/\",\"name\":\"ROBERT Z\u00dcBLIN\",\"description\":\"\",\"publisher\":{\"@id\":\"https:\\\/\\\/www.robertzueblin.com\\\/es\\\/#organization\"},\"potentialAction\":[{\"@type\":\"SearchAction\",\"target\":{\"@type\":\"EntryPoint\",\"urlTemplate\":\"https:\\\/\\\/www.robertzueblin.com\\\/es\\\/?s={search_term_string}\"},\"query-input\":{\"@type\":\"PropertyValueSpecification\",\"valueRequired\":true,\"valueName\":\"search_term_string\"}}],\"inLanguage\":\"es\"},{\"@type\":\"Organization\",\"@id\":\"https:\\\/\\\/www.robertzueblin.com\\\/es\\\/#organization\",\"name\":\"ROBERT Z\u00dcBLIN\",\"url\":\"https:\\\/\\\/www.robertzueblin.com\\\/es\\\/\",\"logo\":{\"@type\":\"ImageObject\",\"inLanguage\":\"es\",\"@id\":\"https:\\\/\\\/www.robertzueblin.com\\\/es\\\/#\\\/schema\\\/logo\\\/image\\\/\",\"url\":\"https:\\\/\\\/www.robertzueblin.com\\\/wp-content\\\/uploads\\\/cropped-cropped-logo-von-robert-zueblin.jpg\",\"contentUrl\":\"https:\\\/\\\/www.robertzueblin.com\\\/wp-content\\\/uploads\\\/cropped-cropped-logo-von-robert-zueblin.jpg\",\"width\":440,\"height\":60,\"caption\":\"ROBERT Z\u00dcBLIN\"},\"image\":{\"@id\":\"https:\\\/\\\/www.robertzueblin.com\\\/es\\\/#\\\/schema\\\/logo\\\/image\\\/\"}}]}<\/script>\n<!-- \/ Yoast SEO plugin. -->","yoast_head_json":{"title":"GAMPERT (* 1842, \u2020 1924) - Paisaje de monta\u00f1a - Quadro ad olio","description":"\u00d3leo del pintor Otto Gampert (1842-1924) que representa un paisaje monta\u00f1oso al atardecer. El cuadro procede del legado de Gampert.","robots":{"index":"index","follow":"follow","max-snippet":"max-snippet:-1","max-image-preview":"max-image-preview:large","max-video-preview":"max-video-preview:-1"},"canonical":"https:\/\/www.robertzueblin.com\/es\/otto-gampert\/paisaje-de-montana-cuadro-al-olio\/","og_locale":"es_ES","og_type":"article","og_title":"GAMPERT (* 1842, \u2020 1924) - Paisaje de monta\u00f1a - Quadro ad olio","og_description":"\u00d3leo del pintor Otto Gampert (1842-1924) que representa un paisaje monta\u00f1oso al atardecer. El cuadro procede del legado de Gampert.","og_url":"https:\/\/www.robertzueblin.com\/es\/otto-gampert\/paisaje-de-montana-cuadro-al-olio\/","og_site_name":"ROBERT Z\u00dcBLIN","article_modified_time":"2026-04-15T10:25:03+00:00","og_image":[{"width":1000,"height":669,"url":"https:\/\/www.robertzueblin.com\/wp-content\/uploads\/otto-gampert-cuadro-oleo-paisaje-montana-foto-titulo.jpg","type":"image\/jpeg"}],"twitter_card":"summary_large_image","schema":{"@context":"https:\/\/schema.org","@graph":[{"@type":"WebPage","@id":"https:\/\/www.robertzueblin.com\/es\/otto-gampert\/paisaje-de-montana-cuadro-al-olio\/","url":"https:\/\/www.robertzueblin.com\/es\/otto-gampert\/paisaje-de-montana-cuadro-al-olio\/","name":"GAMPERT (* 1842, \u2020 1924) - Paisaje de monta\u00f1a - Quadro ad olio","isPartOf":{"@id":"https:\/\/www.robertzueblin.com\/es\/#website"},"primaryImageOfPage":{"@id":"https:\/\/www.robertzueblin.com\/es\/otto-gampert\/paisaje-de-montana-cuadro-al-olio\/#primaryimage"},"image":{"@id":"https:\/\/www.robertzueblin.com\/es\/otto-gampert\/paisaje-de-montana-cuadro-al-olio\/#primaryimage"},"thumbnailUrl":"https:\/\/www.robertzueblin.com\/wp-content\/uploads\/otto-gampert-cuadro-oleo-paisaje-montana-foto-titulo.jpg","datePublished":"2026-04-15T10:12:42+00:00","dateModified":"2026-04-15T10:25:03+00:00","description":"\u00d3leo del pintor Otto Gampert (1842-1924) que representa un paisaje monta\u00f1oso al atardecer. El cuadro procede del legado de Gampert.","breadcrumb":{"@id":"https:\/\/www.robertzueblin.com\/es\/otto-gampert\/paisaje-de-montana-cuadro-al-olio\/#breadcrumb"},"inLanguage":"es","potentialAction":[{"@type":"ReadAction","target":["https:\/\/www.robertzueblin.com\/es\/otto-gampert\/paisaje-de-montana-cuadro-al-olio\/"]}]},{"@type":"ImageObject","inLanguage":"es","@id":"https:\/\/www.robertzueblin.com\/es\/otto-gampert\/paisaje-de-montana-cuadro-al-olio\/#primaryimage","url":"https:\/\/www.robertzueblin.com\/wp-content\/uploads\/otto-gampert-cuadro-oleo-paisaje-montana-foto-titulo.jpg","contentUrl":"https:\/\/www.robertzueblin.com\/wp-content\/uploads\/otto-gampert-cuadro-oleo-paisaje-montana-foto-titulo.jpg","width":1000,"height":669},{"@type":"BreadcrumbList","@id":"https:\/\/www.robertzueblin.com\/es\/otto-gampert\/paisaje-de-montana-cuadro-al-olio\/#breadcrumb","itemListElement":[{"@type":"ListItem","position":1,"name":"Startseite","item":"https:\/\/www.robertzueblin.com\/es\/"},{"@type":"ListItem","position":2,"name":"Galer\u00eda de arte online (tienda online)","item":"https:\/\/www.robertzueblin.com\/es\/galeria-de-arte-online\/"},{"@type":"ListItem","position":3,"name":"Otto GAMPERT (* 1842, \u2020 1924) \u2013 Paisaje de monta\u00f1a \u2013 Cuadro al \u00f3leo"}]},{"@type":"WebSite","@id":"https:\/\/www.robertzueblin.com\/es\/#website","url":"https:\/\/www.robertzueblin.com\/es\/","name":"ROBERT Z\u00dcBLIN","description":"","publisher":{"@id":"https:\/\/www.robertzueblin.com\/es\/#organization"},"potentialAction":[{"@type":"SearchAction","target":{"@type":"EntryPoint","urlTemplate":"https:\/\/www.robertzueblin.com\/es\/?s={search_term_string}"},"query-input":{"@type":"PropertyValueSpecification","valueRequired":true,"valueName":"search_term_string"}}],"inLanguage":"es"},{"@type":"Organization","@id":"https:\/\/www.robertzueblin.com\/es\/#organization","name":"ROBERT Z\u00dcBLIN","url":"https:\/\/www.robertzueblin.com\/es\/","logo":{"@type":"ImageObject","inLanguage":"es","@id":"https:\/\/www.robertzueblin.com\/es\/#\/schema\/logo\/image\/","url":"https:\/\/www.robertzueblin.com\/wp-content\/uploads\/cropped-cropped-logo-von-robert-zueblin.jpg","contentUrl":"https:\/\/www.robertzueblin.com\/wp-content\/uploads\/cropped-cropped-logo-von-robert-zueblin.jpg","width":440,"height":60,"caption":"ROBERT Z\u00dcBLIN"},"image":{"@id":"https:\/\/www.robertzueblin.com\/es\/#\/schema\/logo\/image\/"}}]}},"_links":{"self":[{"href":"https:\/\/www.robertzueblin.com\/es\/wp-json\/wp\/v2\/product\/50465","targetHints":{"allow":["GET"]}}],"collection":[{"href":"https:\/\/www.robertzueblin.com\/es\/wp-json\/wp\/v2\/product"}],"about":[{"href":"https:\/\/www.robertzueblin.com\/es\/wp-json\/wp\/v2\/types\/product"}],"wp:featuredmedia":[{"embeddable":true,"href":"https:\/\/www.robertzueblin.com\/es\/wp-json\/wp\/v2\/media\/50494"}],"wp:attachment":[{"href":"https:\/\/www.robertzueblin.com\/es\/wp-json\/wp\/v2\/media?parent=50465"}],"wp:term":[{"taxonomy":"product_brand","embeddable":true,"href":"https:\/\/www.robertzueblin.com\/es\/wp-json\/wp\/v2\/product_brand?post=50465"},{"taxonomy":"product_cat","embeddable":true,"href":"https:\/\/www.robertzueblin.com\/es\/wp-json\/wp\/v2\/product_cat?post=50465"},{"taxonomy":"product_tag","embeddable":true,"href":"https:\/\/www.robertzueblin.com\/es\/wp-json\/wp\/v2\/product_tag?post=50465"}],"curies":[{"name":"wp","href":"https:\/\/api.w.org\/{rel}","templated":true}]}}