{"id":49514,"date":"2026-02-17T21:26:46","date_gmt":"2026-02-17T20:26:46","guid":{"rendered":"https:\/\/www.robertzueblin.com\/?post_type=product&#038;p=49514"},"modified":"2026-02-17T21:44:40","modified_gmt":"2026-02-17T20:44:40","slug":"libro-otto-lindig-sigill-blaetter-fuer-buch-und-kunst-sigilo-hojas-para-libros-y-arte-con-xilografia-raucher-otto-lindig-fumador-otto-lindig-de-gerhard-marcks","status":"publish","type":"product","link":"https:\/\/www.robertzueblin.com\/es\/libros\/otto-lindig-sigill-blaetter-fuer-buch-und-kunst-sigilo-hojas-para-libros-y-arte-con-xilografia-raucher-otto-lindig-fumador-otto-lindig-de-gerhard-marcks\/","title":{"rendered":"Libro: Otto Lindig \u00abSigill. Bl\u00e4tter f\u00fcr Buch und Kunst\u00bb (Sigilo hojas para libros y arte), con xilograf\u00eda \u00abRaucher (Otto Lindig)\u00bb (Fumador [Otto Lindig]) de Gerhard Marcks"},"content":{"rendered":"<p><span style=\"font-family: AkkoPro-BoldCondensed!important\">T\u00edtulo:<\/span> Otto Lindig \u00abSigill. Bl\u00e4tter f\u00fcr Buch und Kunst\u00bb (Sigilo hojas para libros y arte)<\/p>\n<p><span style=\"font-family: AkkoPro-BoldCondensed!important\">Editor:<\/span> Otto Rohse Presse<\/p>\n<p><span style=\"font-family: AkkoPro-BoldCondensed!important\">Lugar, a\u00f1o:<\/span> Hamburgo, 1977<\/p>\n<p><span style=\"font-family: AkkoPro-BoldCondensed!important\">Idioma:<\/span> alem\u00e1n<\/p>\n<p><span style=\"font-family: AkkoPro-BoldCondensed!important\">N\u00famero de p\u00e1ginas:<\/span> 31 p\u00e1ginas con numerosas ilustraciones, adem\u00e1s de un grabado en madera pegado en la parte derecha del lomo del libro, ocupando una estrecha franja.<\/p>\n<p><span style=\"font-family: AkkoPro-BoldCondensed!important\">Tama\u00f1o:<\/span> altura: 30 cm, anchura: 19,5 cm, profundidad: 0,8 cm<\/p>\n<p><span style=\"font-family: AkkoPro-BoldCondensed!important\">Estado:<\/span> El grabado en madera est\u00e1 ligeramente doblado en tres puntos del borde y las esquinas est\u00e1n m\u00ednimamente golpeadas; la cubierta tiene rasgaduras y dobleces, y hay una nota a l\u00e1piz en la portada; el encuadernado y el interior del libro est\u00e1n parcialmente amarillentos; en general, est\u00e1 en buen estado.<\/p>\n","protected":false},"excerpt":{"rendered":"<p>T\u00edtulo: Otto Lindig \u00abSigill. Bl\u00e4tter f\u00fcr Buch und Kunst\u00bb (Sigilo hojas para libros y arte) Editor: Otto Rohse Presse Lugar, a\u00f1o: Hamburgo, 1977 Idioma: alem\u00e1n N\u00famero de p\u00e1ginas: 31 p\u00e1ginas con numerosas ilustraciones, adem\u00e1s de un grabado en madera pegado en la parte derecha del lomo del libro, ocupando una estrecha franja. Tama\u00f1o: altura: 30 [&hellip;]<\/p>\n","protected":false},"featured_media":49518,"template":"","meta":[],"product_brand":[],"product_cat":[204,928,783,196],"product_tag":[],"class_list":{"0":"post-49514","1":"product","2":"type-product","3":"status-publish","4":"has-post-thumbnail","6":"product_cat-bauhaus","7":"product_cat-gerhard-marcks","8":"product_cat-libros","9":"product_cat-otto-lindig","11":"first","12":"instock","13":"sold-individually","14":"shipping-taxable","15":"purchasable","16":"product-type-simple"},"yoast_head":"<!-- This site is optimized with the Yoast SEO plugin v27.5 - https:\/\/yoast.com\/product\/yoast-seo-wordpress\/ -->\n<title>Libro: Otto Lindig con xilograf\u00eda de Gerhard Marcks<\/title>\n<meta name=\"description\" content=\"Otto Lindig: Bl\u00e4tter f\u00fcr Buch und Kunst con xilograf\u00eda de Gerhard Marcks: Raucher (Otto Lindig), Otto Rohse Presse, Hamburgo 1977.\" \/>\n<meta name=\"robots\" content=\"index, follow, max-snippet:-1, max-image-preview:large, max-video-preview:-1\" \/>\n<link rel=\"canonical\" href=\"https:\/\/www.robertzueblin.com\/es\/libros\/otto-lindig-sigill-blaetter-fuer-buch-und-kunst-sigilo-hojas-para-libros-y-arte-con-xilografia-raucher-otto-lindig-fumador-otto-lindig-de-gerhard-marcks\/\" \/>\n<meta property=\"og:locale\" content=\"es_ES\" \/>\n<meta property=\"og:type\" content=\"article\" \/>\n<meta property=\"og:title\" content=\"Libro: Otto Lindig con xilograf\u00eda de Gerhard Marcks\" \/>\n<meta property=\"og:description\" content=\"Otto Lindig: Bl\u00e4tter f\u00fcr Buch und Kunst con xilograf\u00eda de Gerhard Marcks: Raucher (Otto Lindig), Otto Rohse Presse, Hamburgo 1977.\" \/>\n<meta property=\"og:url\" content=\"https:\/\/www.robertzueblin.com\/es\/libros\/otto-lindig-sigill-blaetter-fuer-buch-und-kunst-sigilo-hojas-para-libros-y-arte-con-xilografia-raucher-otto-lindig-fumador-otto-lindig-de-gerhard-marcks\/\" \/>\n<meta property=\"og:site_name\" content=\"ROBERT Z\u00dcBLIN\" \/>\n<meta property=\"article:modified_time\" content=\"2026-02-17T20:44:40+00:00\" \/>\n<meta property=\"og:image\" content=\"https:\/\/www.robertzueblin.com\/wp-content\/uploads\/libro-otto-lindig-blaetter-buch-kunst-xilografia-gerhard-marcks-portada.jpg\" \/>\n\t<meta property=\"og:image:width\" content=\"1000\" \/>\n\t<meta property=\"og:image:height\" content=\"1541\" \/>\n\t<meta property=\"og:image:type\" content=\"image\/jpeg\" \/>\n<meta name=\"twitter:card\" content=\"summary_large_image\" \/>\n<script type=\"application\/ld+json\" class=\"yoast-schema-graph\">{\"@context\":\"https:\\\/\\\/schema.org\",\"@graph\":[{\"@type\":\"WebPage\",\"@id\":\"https:\\\/\\\/www.robertzueblin.com\\\/es\\\/libros\\\/otto-lindig-sigill-blaetter-fuer-buch-und-kunst-sigilo-hojas-para-libros-y-arte-con-xilografia-raucher-otto-lindig-fumador-otto-lindig-de-gerhard-marcks\\\/\",\"url\":\"https:\\\/\\\/www.robertzueblin.com\\\/es\\\/libros\\\/otto-lindig-sigill-blaetter-fuer-buch-und-kunst-sigilo-hojas-para-libros-y-arte-con-xilografia-raucher-otto-lindig-fumador-otto-lindig-de-gerhard-marcks\\\/\",\"name\":\"Libro: Otto Lindig con xilograf\u00eda de Gerhard Marcks\",\"isPartOf\":{\"@id\":\"https:\\\/\\\/www.robertzueblin.com\\\/es\\\/#website\"},\"primaryImageOfPage\":{\"@id\":\"https:\\\/\\\/www.robertzueblin.com\\\/es\\\/libros\\\/otto-lindig-sigill-blaetter-fuer-buch-und-kunst-sigilo-hojas-para-libros-y-arte-con-xilografia-raucher-otto-lindig-fumador-otto-lindig-de-gerhard-marcks\\\/#primaryimage\"},\"image\":{\"@id\":\"https:\\\/\\\/www.robertzueblin.com\\\/es\\\/libros\\\/otto-lindig-sigill-blaetter-fuer-buch-und-kunst-sigilo-hojas-para-libros-y-arte-con-xilografia-raucher-otto-lindig-fumador-otto-lindig-de-gerhard-marcks\\\/#primaryimage\"},\"thumbnailUrl\":\"https:\\\/\\\/www.robertzueblin.com\\\/wp-content\\\/uploads\\\/libro-otto-lindig-blaetter-buch-kunst-xilografia-gerhard-marcks-portada.jpg\",\"datePublished\":\"2026-02-17T20:26:46+00:00\",\"dateModified\":\"2026-02-17T20:44:40+00:00\",\"description\":\"Otto Lindig: Bl\u00e4tter f\u00fcr Buch und Kunst con xilograf\u00eda de Gerhard Marcks: Raucher (Otto Lindig), Otto Rohse Presse, Hamburgo 1977.\",\"breadcrumb\":{\"@id\":\"https:\\\/\\\/www.robertzueblin.com\\\/es\\\/libros\\\/otto-lindig-sigill-blaetter-fuer-buch-und-kunst-sigilo-hojas-para-libros-y-arte-con-xilografia-raucher-otto-lindig-fumador-otto-lindig-de-gerhard-marcks\\\/#breadcrumb\"},\"inLanguage\":\"es\",\"potentialAction\":[{\"@type\":\"ReadAction\",\"target\":[\"https:\\\/\\\/www.robertzueblin.com\\\/es\\\/libros\\\/otto-lindig-sigill-blaetter-fuer-buch-und-kunst-sigilo-hojas-para-libros-y-arte-con-xilografia-raucher-otto-lindig-fumador-otto-lindig-de-gerhard-marcks\\\/\"]}]},{\"@type\":\"ImageObject\",\"inLanguage\":\"es\",\"@id\":\"https:\\\/\\\/www.robertzueblin.com\\\/es\\\/libros\\\/otto-lindig-sigill-blaetter-fuer-buch-und-kunst-sigilo-hojas-para-libros-y-arte-con-xilografia-raucher-otto-lindig-fumador-otto-lindig-de-gerhard-marcks\\\/#primaryimage\",\"url\":\"https:\\\/\\\/www.robertzueblin.com\\\/wp-content\\\/uploads\\\/libro-otto-lindig-blaetter-buch-kunst-xilografia-gerhard-marcks-portada.jpg\",\"contentUrl\":\"https:\\\/\\\/www.robertzueblin.com\\\/wp-content\\\/uploads\\\/libro-otto-lindig-blaetter-buch-kunst-xilografia-gerhard-marcks-portada.jpg\",\"width\":1000,\"height\":1541},{\"@type\":\"BreadcrumbList\",\"@id\":\"https:\\\/\\\/www.robertzueblin.com\\\/es\\\/libros\\\/otto-lindig-sigill-blaetter-fuer-buch-und-kunst-sigilo-hojas-para-libros-y-arte-con-xilografia-raucher-otto-lindig-fumador-otto-lindig-de-gerhard-marcks\\\/#breadcrumb\",\"itemListElement\":[{\"@type\":\"ListItem\",\"position\":1,\"name\":\"Startseite\",\"item\":\"https:\\\/\\\/www.robertzueblin.com\\\/es\\\/\"},{\"@type\":\"ListItem\",\"position\":2,\"name\":\"Galer\u00eda de arte online (tienda online)\",\"item\":\"https:\\\/\\\/www.robertzueblin.com\\\/es\\\/galeria-de-arte-online\\\/\"},{\"@type\":\"ListItem\",\"position\":3,\"name\":\"Libro: Otto Lindig \u00abSigill. Bl\u00e4tter f\u00fcr Buch und Kunst\u00bb (Sigilo hojas para libros y arte), con xilograf\u00eda \u00abRaucher (Otto Lindig)\u00bb (Fumador [Otto Lindig]) de Gerhard Marcks\"}]},{\"@type\":\"WebSite\",\"@id\":\"https:\\\/\\\/www.robertzueblin.com\\\/es\\\/#website\",\"url\":\"https:\\\/\\\/www.robertzueblin.com\\\/es\\\/\",\"name\":\"ROBERT Z\u00dcBLIN\",\"description\":\"\",\"publisher\":{\"@id\":\"https:\\\/\\\/www.robertzueblin.com\\\/es\\\/#organization\"},\"potentialAction\":[{\"@type\":\"SearchAction\",\"target\":{\"@type\":\"EntryPoint\",\"urlTemplate\":\"https:\\\/\\\/www.robertzueblin.com\\\/es\\\/?s={search_term_string}\"},\"query-input\":{\"@type\":\"PropertyValueSpecification\",\"valueRequired\":true,\"valueName\":\"search_term_string\"}}],\"inLanguage\":\"es\"},{\"@type\":\"Organization\",\"@id\":\"https:\\\/\\\/www.robertzueblin.com\\\/es\\\/#organization\",\"name\":\"ROBERT Z\u00dcBLIN\",\"url\":\"https:\\\/\\\/www.robertzueblin.com\\\/es\\\/\",\"logo\":{\"@type\":\"ImageObject\",\"inLanguage\":\"es\",\"@id\":\"https:\\\/\\\/www.robertzueblin.com\\\/es\\\/#\\\/schema\\\/logo\\\/image\\\/\",\"url\":\"https:\\\/\\\/www.robertzueblin.com\\\/wp-content\\\/uploads\\\/cropped-cropped-logo-von-robert-zueblin.jpg\",\"contentUrl\":\"https:\\\/\\\/www.robertzueblin.com\\\/wp-content\\\/uploads\\\/cropped-cropped-logo-von-robert-zueblin.jpg\",\"width\":440,\"height\":60,\"caption\":\"ROBERT Z\u00dcBLIN\"},\"image\":{\"@id\":\"https:\\\/\\\/www.robertzueblin.com\\\/es\\\/#\\\/schema\\\/logo\\\/image\\\/\"}}]}<\/script>\n<!-- \/ Yoast SEO plugin. -->","yoast_head_json":{"title":"Libro: Otto Lindig con xilograf\u00eda de Gerhard Marcks","description":"Otto Lindig: Bl\u00e4tter f\u00fcr Buch und Kunst con xilograf\u00eda de Gerhard Marcks: Raucher (Otto Lindig), Otto Rohse Presse, Hamburgo 1977.","robots":{"index":"index","follow":"follow","max-snippet":"max-snippet:-1","max-image-preview":"max-image-preview:large","max-video-preview":"max-video-preview:-1"},"canonical":"https:\/\/www.robertzueblin.com\/es\/libros\/otto-lindig-sigill-blaetter-fuer-buch-und-kunst-sigilo-hojas-para-libros-y-arte-con-xilografia-raucher-otto-lindig-fumador-otto-lindig-de-gerhard-marcks\/","og_locale":"es_ES","og_type":"article","og_title":"Libro: Otto Lindig con xilograf\u00eda de Gerhard Marcks","og_description":"Otto Lindig: Bl\u00e4tter f\u00fcr Buch und Kunst con xilograf\u00eda de Gerhard Marcks: Raucher (Otto Lindig), Otto Rohse Presse, Hamburgo 1977.","og_url":"https:\/\/www.robertzueblin.com\/es\/libros\/otto-lindig-sigill-blaetter-fuer-buch-und-kunst-sigilo-hojas-para-libros-y-arte-con-xilografia-raucher-otto-lindig-fumador-otto-lindig-de-gerhard-marcks\/","og_site_name":"ROBERT Z\u00dcBLIN","article_modified_time":"2026-02-17T20:44:40+00:00","og_image":[{"width":1000,"height":1541,"url":"https:\/\/www.robertzueblin.com\/wp-content\/uploads\/libro-otto-lindig-blaetter-buch-kunst-xilografia-gerhard-marcks-portada.jpg","type":"image\/jpeg"}],"twitter_card":"summary_large_image","schema":{"@context":"https:\/\/schema.org","@graph":[{"@type":"WebPage","@id":"https:\/\/www.robertzueblin.com\/es\/libros\/otto-lindig-sigill-blaetter-fuer-buch-und-kunst-sigilo-hojas-para-libros-y-arte-con-xilografia-raucher-otto-lindig-fumador-otto-lindig-de-gerhard-marcks\/","url":"https:\/\/www.robertzueblin.com\/es\/libros\/otto-lindig-sigill-blaetter-fuer-buch-und-kunst-sigilo-hojas-para-libros-y-arte-con-xilografia-raucher-otto-lindig-fumador-otto-lindig-de-gerhard-marcks\/","name":"Libro: Otto Lindig con xilograf\u00eda de Gerhard Marcks","isPartOf":{"@id":"https:\/\/www.robertzueblin.com\/es\/#website"},"primaryImageOfPage":{"@id":"https:\/\/www.robertzueblin.com\/es\/libros\/otto-lindig-sigill-blaetter-fuer-buch-und-kunst-sigilo-hojas-para-libros-y-arte-con-xilografia-raucher-otto-lindig-fumador-otto-lindig-de-gerhard-marcks\/#primaryimage"},"image":{"@id":"https:\/\/www.robertzueblin.com\/es\/libros\/otto-lindig-sigill-blaetter-fuer-buch-und-kunst-sigilo-hojas-para-libros-y-arte-con-xilografia-raucher-otto-lindig-fumador-otto-lindig-de-gerhard-marcks\/#primaryimage"},"thumbnailUrl":"https:\/\/www.robertzueblin.com\/wp-content\/uploads\/libro-otto-lindig-blaetter-buch-kunst-xilografia-gerhard-marcks-portada.jpg","datePublished":"2026-02-17T20:26:46+00:00","dateModified":"2026-02-17T20:44:40+00:00","description":"Otto Lindig: Bl\u00e4tter f\u00fcr Buch und Kunst con xilograf\u00eda de Gerhard Marcks: Raucher (Otto Lindig), Otto Rohse Presse, Hamburgo 1977.","breadcrumb":{"@id":"https:\/\/www.robertzueblin.com\/es\/libros\/otto-lindig-sigill-blaetter-fuer-buch-und-kunst-sigilo-hojas-para-libros-y-arte-con-xilografia-raucher-otto-lindig-fumador-otto-lindig-de-gerhard-marcks\/#breadcrumb"},"inLanguage":"es","potentialAction":[{"@type":"ReadAction","target":["https:\/\/www.robertzueblin.com\/es\/libros\/otto-lindig-sigill-blaetter-fuer-buch-und-kunst-sigilo-hojas-para-libros-y-arte-con-xilografia-raucher-otto-lindig-fumador-otto-lindig-de-gerhard-marcks\/"]}]},{"@type":"ImageObject","inLanguage":"es","@id":"https:\/\/www.robertzueblin.com\/es\/libros\/otto-lindig-sigill-blaetter-fuer-buch-und-kunst-sigilo-hojas-para-libros-y-arte-con-xilografia-raucher-otto-lindig-fumador-otto-lindig-de-gerhard-marcks\/#primaryimage","url":"https:\/\/www.robertzueblin.com\/wp-content\/uploads\/libro-otto-lindig-blaetter-buch-kunst-xilografia-gerhard-marcks-portada.jpg","contentUrl":"https:\/\/www.robertzueblin.com\/wp-content\/uploads\/libro-otto-lindig-blaetter-buch-kunst-xilografia-gerhard-marcks-portada.jpg","width":1000,"height":1541},{"@type":"BreadcrumbList","@id":"https:\/\/www.robertzueblin.com\/es\/libros\/otto-lindig-sigill-blaetter-fuer-buch-und-kunst-sigilo-hojas-para-libros-y-arte-con-xilografia-raucher-otto-lindig-fumador-otto-lindig-de-gerhard-marcks\/#breadcrumb","itemListElement":[{"@type":"ListItem","position":1,"name":"Startseite","item":"https:\/\/www.robertzueblin.com\/es\/"},{"@type":"ListItem","position":2,"name":"Galer\u00eda de arte online (tienda online)","item":"https:\/\/www.robertzueblin.com\/es\/galeria-de-arte-online\/"},{"@type":"ListItem","position":3,"name":"Libro: Otto Lindig \u00abSigill. Bl\u00e4tter f\u00fcr Buch und Kunst\u00bb (Sigilo hojas para libros y arte), con xilograf\u00eda \u00abRaucher (Otto Lindig)\u00bb (Fumador [Otto Lindig]) de Gerhard Marcks"}]},{"@type":"WebSite","@id":"https:\/\/www.robertzueblin.com\/es\/#website","url":"https:\/\/www.robertzueblin.com\/es\/","name":"ROBERT Z\u00dcBLIN","description":"","publisher":{"@id":"https:\/\/www.robertzueblin.com\/es\/#organization"},"potentialAction":[{"@type":"SearchAction","target":{"@type":"EntryPoint","urlTemplate":"https:\/\/www.robertzueblin.com\/es\/?s={search_term_string}"},"query-input":{"@type":"PropertyValueSpecification","valueRequired":true,"valueName":"search_term_string"}}],"inLanguage":"es"},{"@type":"Organization","@id":"https:\/\/www.robertzueblin.com\/es\/#organization","name":"ROBERT Z\u00dcBLIN","url":"https:\/\/www.robertzueblin.com\/es\/","logo":{"@type":"ImageObject","inLanguage":"es","@id":"https:\/\/www.robertzueblin.com\/es\/#\/schema\/logo\/image\/","url":"https:\/\/www.robertzueblin.com\/wp-content\/uploads\/cropped-cropped-logo-von-robert-zueblin.jpg","contentUrl":"https:\/\/www.robertzueblin.com\/wp-content\/uploads\/cropped-cropped-logo-von-robert-zueblin.jpg","width":440,"height":60,"caption":"ROBERT Z\u00dcBLIN"},"image":{"@id":"https:\/\/www.robertzueblin.com\/es\/#\/schema\/logo\/image\/"}}]}},"_links":{"self":[{"href":"https:\/\/www.robertzueblin.com\/es\/wp-json\/wp\/v2\/product\/49514","targetHints":{"allow":["GET"]}}],"collection":[{"href":"https:\/\/www.robertzueblin.com\/es\/wp-json\/wp\/v2\/product"}],"about":[{"href":"https:\/\/www.robertzueblin.com\/es\/wp-json\/wp\/v2\/types\/product"}],"wp:featuredmedia":[{"embeddable":true,"href":"https:\/\/www.robertzueblin.com\/es\/wp-json\/wp\/v2\/media\/49518"}],"wp:attachment":[{"href":"https:\/\/www.robertzueblin.com\/es\/wp-json\/wp\/v2\/media?parent=49514"}],"wp:term":[{"taxonomy":"product_brand","embeddable":true,"href":"https:\/\/www.robertzueblin.com\/es\/wp-json\/wp\/v2\/product_brand?post=49514"},{"taxonomy":"product_cat","embeddable":true,"href":"https:\/\/www.robertzueblin.com\/es\/wp-json\/wp\/v2\/product_cat?post=49514"},{"taxonomy":"product_tag","embeddable":true,"href":"https:\/\/www.robertzueblin.com\/es\/wp-json\/wp\/v2\/product_tag?post=49514"}],"curies":[{"name":"wp","href":"https:\/\/api.w.org\/{rel}","templated":true}]}}