{"id":48631,"date":"2025-12-12T09:28:53","date_gmt":"2025-12-12T08:28:53","guid":{"rendered":"https:\/\/www.robertzueblin.com\/?post_type=product&#038;p=48631"},"modified":"2025-12-12T09:45:44","modified_gmt":"2025-12-12T08:45:44","slug":"mila-vazquez-otero-1978-renee-sintenis-con-su-burrito-busto-salero-ceramica-de-taller","status":"publish","type":"product","link":"https:\/\/www.robertzueblin.com\/es\/mila-vazquez-otero\/renee-sintenis-con-su-burrito-busto-salero-ceramica-de-taller\/","title":{"rendered":"Mila V\u00c1ZQUEZ OTERO (* 1978) \u2013 Ren\u00e9e Sintenis con su \u00abBurrito\u00bb \u2013 Busto salero \u2013 Cer\u00e1mica de taller"},"content":{"rendered":"<p><span style=\"font-family: AkkoPro-BoldCondensed!important\">Tipo:<\/span> <a href=\"https:\/\/www.robertzueblin.com\/es\/tipo\/ceramica-artistica-ceramica-artesanal-ceramica-de-taller\/\">cer\u00e1mica de taller<\/a><\/p>\n<p><span style=\"font-family: AkkoPro-BoldCondensed!important\">Dise\u00f1o:<\/span> <a href=\"https:\/\/www.robertzueblin.com\/es\/mila-vazquez-otero\/\">Mila V\u00e1zquez Otero<\/a> (* 1978)<\/p>\n<p><span style=\"font-family: AkkoPro-BoldCondensed!important\">Ejecuci\u00f3n:<\/span> Mila V\u00e1zquez Otero (* 1978)<\/p>\n<p><span style=\"font-family: AkkoPro-BoldCondensed!important\">Objeto:<\/span> salero<\/p>\n<p><span style=\"font-family: AkkoPro-BoldCondensed!important\">Dimensiones:<\/span> altura: 8,7 cm, anchura: 9,3 cm, profundidad: 5,7 cm<\/p>\n<p><span style=\"font-family: AkkoPro-BoldCondensed!important\">Cuerpo:<\/span> clara con pirita<\/p>\n<p><span style=\"font-family: AkkoPro-BoldCondensed!important\">Superficie:<\/span> verde, negro, gris, natural<\/p>\n<p><span style=\"font-family: AkkoPro-BoldCondensed!important\">A\u00f1o de fabricaci\u00f3n:<\/span> 2024<\/p>\n<p><span style=\"font-family: AkkoPro-BoldCondensed!important\">Firma\/marca:<\/span> O sobre M<\/p>\n<p><span style=\"font-family: AkkoPro-BoldCondensed!important\">Detalle:<\/span><br \/>\nMila V\u00e1zquez Otero trabaja sin moldes y modela cada pieza individualmente, por lo que cada obra es \u00fanica.  <\/p>\n<p>El concepto de esta figura se basa en el dibujo de Mila V\u00e1zquez Otero \u00abHomenaje a Ren\u00e9e Sintenis: Ren\u00e9e Sintenis con su \u00abJoven burro\u00bb\u00bb, que tambi\u00e9n est\u00e1 disponible en esta p\u00e1gina.  <\/p>\n<p>Desgraciadamente, uno de los tres agujeros del salero se ha taponado con esmalte durante la cocci\u00f3n.<\/p>\n","protected":false},"excerpt":{"rendered":"<p>Tipo: cer\u00e1mica de taller Dise\u00f1o: Mila V\u00e1zquez Otero (* 1978) Ejecuci\u00f3n: Mila V\u00e1zquez Otero (* 1978) Objeto: salero Dimensiones: altura: 8,7 cm, anchura: 9,3 cm, profundidad: 5,7 cm Cuerpo: clara con pirita Superficie: verde, negro, gris, natural A\u00f1o de fabricaci\u00f3n: 2024 Firma\/marca: O sobre M Detalle: Mila V\u00e1zquez Otero trabaja sin moldes y modela cada [&hellip;]<\/p>\n","protected":false},"featured_media":48633,"template":"","meta":[],"product_brand":[],"product_cat":[368],"product_tag":[],"class_list":{"0":"post-48631","1":"product","2":"type-product","3":"status-publish","4":"has-post-thumbnail","6":"product_cat-mila-vazquez-otero","8":"first","9":"instock","10":"sold-individually","11":"shipping-taxable","12":"purchasable","13":"product-type-simple"},"yoast_head":"<!-- This site is optimized with the Yoast SEO plugin v27.6 - https:\/\/yoast.com\/product\/yoast-seo-wordpress\/ -->\n<title>V\u00c1ZQUEZ OTERO \u2013 Ren\u00e9e Sintenis con su \u00abBurrito\u00bb \u2013 Salero<\/title>\n<meta name=\"description\" content=\"Figura de salero inspirada en el dibujo de Mila V\u00e1zquez Otero \u00abHomenaje a Ren\u00e9e Sintenis: Ren\u00e9e Sintenis con su burrito\u00bb.\" \/>\n<meta name=\"robots\" content=\"index, follow, max-snippet:-1, max-image-preview:large, max-video-preview:-1\" \/>\n<link rel=\"canonical\" href=\"https:\/\/www.robertzueblin.com\/es\/mila-vazquez-otero\/renee-sintenis-con-su-burrito-busto-salero-ceramica-de-taller\/\" \/>\n<meta property=\"og:locale\" content=\"es_ES\" \/>\n<meta property=\"og:type\" content=\"article\" \/>\n<meta property=\"og:title\" content=\"V\u00c1ZQUEZ OTERO \u2013 Ren\u00e9e Sintenis con su \u00abBurrito\u00bb \u2013 Salero\" \/>\n<meta property=\"og:description\" content=\"Figura de salero inspirada en el dibujo de Mila V\u00e1zquez Otero \u00abHomenaje a Ren\u00e9e Sintenis: Ren\u00e9e Sintenis con su burrito\u00bb.\" \/>\n<meta property=\"og:url\" content=\"https:\/\/www.robertzueblin.com\/es\/mila-vazquez-otero\/renee-sintenis-con-su-burrito-busto-salero-ceramica-de-taller\/\" \/>\n<meta property=\"og:site_name\" content=\"ROBERT Z\u00dcBLIN\" \/>\n<meta property=\"article:modified_time\" content=\"2025-12-12T08:45:44+00:00\" \/>\n<meta property=\"og:image\" content=\"https:\/\/www.robertzueblin.com\/wp-content\/uploads\/mila-vazquez-otero-ceramica-taller-busto-salero-renee-sintenis-burrito-foto-titulo.jpg\" \/>\n\t<meta property=\"og:image:width\" content=\"1000\" \/>\n\t<meta property=\"og:image:height\" content=\"1000\" \/>\n\t<meta property=\"og:image:type\" content=\"image\/jpeg\" \/>\n<meta name=\"twitter:card\" content=\"summary_large_image\" \/>\n<script type=\"application\/ld+json\" class=\"yoast-schema-graph\">{\"@context\":\"https:\\\/\\\/schema.org\",\"@graph\":[{\"@type\":\"WebPage\",\"@id\":\"https:\\\/\\\/www.robertzueblin.com\\\/es\\\/mila-vazquez-otero\\\/renee-sintenis-con-su-burrito-busto-salero-ceramica-de-taller\\\/\",\"url\":\"https:\\\/\\\/www.robertzueblin.com\\\/es\\\/mila-vazquez-otero\\\/renee-sintenis-con-su-burrito-busto-salero-ceramica-de-taller\\\/\",\"name\":\"V\u00c1ZQUEZ OTERO \u2013 Ren\u00e9e Sintenis con su \u00abBurrito\u00bb \u2013 Salero\",\"isPartOf\":{\"@id\":\"https:\\\/\\\/www.robertzueblin.com\\\/es\\\/#website\"},\"primaryImageOfPage\":{\"@id\":\"https:\\\/\\\/www.robertzueblin.com\\\/es\\\/mila-vazquez-otero\\\/renee-sintenis-con-su-burrito-busto-salero-ceramica-de-taller\\\/#primaryimage\"},\"image\":{\"@id\":\"https:\\\/\\\/www.robertzueblin.com\\\/es\\\/mila-vazquez-otero\\\/renee-sintenis-con-su-burrito-busto-salero-ceramica-de-taller\\\/#primaryimage\"},\"thumbnailUrl\":\"https:\\\/\\\/www.robertzueblin.com\\\/wp-content\\\/uploads\\\/mila-vazquez-otero-ceramica-taller-busto-salero-renee-sintenis-burrito-foto-titulo.jpg\",\"datePublished\":\"2025-12-12T08:28:53+00:00\",\"dateModified\":\"2025-12-12T08:45:44+00:00\",\"description\":\"Figura de salero inspirada en el dibujo de Mila V\u00e1zquez Otero \u00abHomenaje a Ren\u00e9e Sintenis: Ren\u00e9e Sintenis con su burrito\u00bb.\",\"breadcrumb\":{\"@id\":\"https:\\\/\\\/www.robertzueblin.com\\\/es\\\/mila-vazquez-otero\\\/renee-sintenis-con-su-burrito-busto-salero-ceramica-de-taller\\\/#breadcrumb\"},\"inLanguage\":\"es\",\"potentialAction\":[{\"@type\":\"ReadAction\",\"target\":[\"https:\\\/\\\/www.robertzueblin.com\\\/es\\\/mila-vazquez-otero\\\/renee-sintenis-con-su-burrito-busto-salero-ceramica-de-taller\\\/\"]}]},{\"@type\":\"ImageObject\",\"inLanguage\":\"es\",\"@id\":\"https:\\\/\\\/www.robertzueblin.com\\\/es\\\/mila-vazquez-otero\\\/renee-sintenis-con-su-burrito-busto-salero-ceramica-de-taller\\\/#primaryimage\",\"url\":\"https:\\\/\\\/www.robertzueblin.com\\\/wp-content\\\/uploads\\\/mila-vazquez-otero-ceramica-taller-busto-salero-renee-sintenis-burrito-foto-titulo.jpg\",\"contentUrl\":\"https:\\\/\\\/www.robertzueblin.com\\\/wp-content\\\/uploads\\\/mila-vazquez-otero-ceramica-taller-busto-salero-renee-sintenis-burrito-foto-titulo.jpg\",\"width\":1000,\"height\":1000},{\"@type\":\"BreadcrumbList\",\"@id\":\"https:\\\/\\\/www.robertzueblin.com\\\/es\\\/mila-vazquez-otero\\\/renee-sintenis-con-su-burrito-busto-salero-ceramica-de-taller\\\/#breadcrumb\",\"itemListElement\":[{\"@type\":\"ListItem\",\"position\":1,\"name\":\"Startseite\",\"item\":\"https:\\\/\\\/www.robertzueblin.com\\\/es\\\/\"},{\"@type\":\"ListItem\",\"position\":2,\"name\":\"Galer\u00eda de arte online (tienda online)\",\"item\":\"https:\\\/\\\/www.robertzueblin.com\\\/es\\\/galeria-de-arte-online\\\/\"},{\"@type\":\"ListItem\",\"position\":3,\"name\":\"Mila V\u00c1ZQUEZ OTERO (* 1978) \u2013 Ren\u00e9e Sintenis con su \u00abBurrito\u00bb \u2013 Busto salero \u2013 Cer\u00e1mica de taller\"}]},{\"@type\":\"WebSite\",\"@id\":\"https:\\\/\\\/www.robertzueblin.com\\\/es\\\/#website\",\"url\":\"https:\\\/\\\/www.robertzueblin.com\\\/es\\\/\",\"name\":\"ROBERT Z\u00dcBLIN\",\"description\":\"\",\"publisher\":{\"@id\":\"https:\\\/\\\/www.robertzueblin.com\\\/es\\\/#organization\"},\"potentialAction\":[{\"@type\":\"SearchAction\",\"target\":{\"@type\":\"EntryPoint\",\"urlTemplate\":\"https:\\\/\\\/www.robertzueblin.com\\\/es\\\/?s={search_term_string}\"},\"query-input\":{\"@type\":\"PropertyValueSpecification\",\"valueRequired\":true,\"valueName\":\"search_term_string\"}}],\"inLanguage\":\"es\"},{\"@type\":\"Organization\",\"@id\":\"https:\\\/\\\/www.robertzueblin.com\\\/es\\\/#organization\",\"name\":\"ROBERT Z\u00dcBLIN\",\"url\":\"https:\\\/\\\/www.robertzueblin.com\\\/es\\\/\",\"logo\":{\"@type\":\"ImageObject\",\"inLanguage\":\"es\",\"@id\":\"https:\\\/\\\/www.robertzueblin.com\\\/es\\\/#\\\/schema\\\/logo\\\/image\\\/\",\"url\":\"https:\\\/\\\/www.robertzueblin.com\\\/wp-content\\\/uploads\\\/cropped-cropped-logo-von-robert-zueblin.jpg\",\"contentUrl\":\"https:\\\/\\\/www.robertzueblin.com\\\/wp-content\\\/uploads\\\/cropped-cropped-logo-von-robert-zueblin.jpg\",\"width\":440,\"height\":60,\"caption\":\"ROBERT Z\u00dcBLIN\"},\"image\":{\"@id\":\"https:\\\/\\\/www.robertzueblin.com\\\/es\\\/#\\\/schema\\\/logo\\\/image\\\/\"}}]}<\/script>\n<!-- \/ Yoast SEO plugin. -->","yoast_head_json":{"title":"V\u00c1ZQUEZ OTERO \u2013 Ren\u00e9e Sintenis con su \u00abBurrito\u00bb \u2013 Salero","description":"Figura de salero inspirada en el dibujo de Mila V\u00e1zquez Otero \u00abHomenaje a Ren\u00e9e Sintenis: Ren\u00e9e Sintenis con su burrito\u00bb.","robots":{"index":"index","follow":"follow","max-snippet":"max-snippet:-1","max-image-preview":"max-image-preview:large","max-video-preview":"max-video-preview:-1"},"canonical":"https:\/\/www.robertzueblin.com\/es\/mila-vazquez-otero\/renee-sintenis-con-su-burrito-busto-salero-ceramica-de-taller\/","og_locale":"es_ES","og_type":"article","og_title":"V\u00c1ZQUEZ OTERO \u2013 Ren\u00e9e Sintenis con su \u00abBurrito\u00bb \u2013 Salero","og_description":"Figura de salero inspirada en el dibujo de Mila V\u00e1zquez Otero \u00abHomenaje a Ren\u00e9e Sintenis: Ren\u00e9e Sintenis con su burrito\u00bb.","og_url":"https:\/\/www.robertzueblin.com\/es\/mila-vazquez-otero\/renee-sintenis-con-su-burrito-busto-salero-ceramica-de-taller\/","og_site_name":"ROBERT Z\u00dcBLIN","article_modified_time":"2025-12-12T08:45:44+00:00","og_image":[{"width":1000,"height":1000,"url":"https:\/\/www.robertzueblin.com\/wp-content\/uploads\/mila-vazquez-otero-ceramica-taller-busto-salero-renee-sintenis-burrito-foto-titulo.jpg","type":"image\/jpeg"}],"twitter_card":"summary_large_image","schema":{"@context":"https:\/\/schema.org","@graph":[{"@type":"WebPage","@id":"https:\/\/www.robertzueblin.com\/es\/mila-vazquez-otero\/renee-sintenis-con-su-burrito-busto-salero-ceramica-de-taller\/","url":"https:\/\/www.robertzueblin.com\/es\/mila-vazquez-otero\/renee-sintenis-con-su-burrito-busto-salero-ceramica-de-taller\/","name":"V\u00c1ZQUEZ OTERO \u2013 Ren\u00e9e Sintenis con su \u00abBurrito\u00bb \u2013 Salero","isPartOf":{"@id":"https:\/\/www.robertzueblin.com\/es\/#website"},"primaryImageOfPage":{"@id":"https:\/\/www.robertzueblin.com\/es\/mila-vazquez-otero\/renee-sintenis-con-su-burrito-busto-salero-ceramica-de-taller\/#primaryimage"},"image":{"@id":"https:\/\/www.robertzueblin.com\/es\/mila-vazquez-otero\/renee-sintenis-con-su-burrito-busto-salero-ceramica-de-taller\/#primaryimage"},"thumbnailUrl":"https:\/\/www.robertzueblin.com\/wp-content\/uploads\/mila-vazquez-otero-ceramica-taller-busto-salero-renee-sintenis-burrito-foto-titulo.jpg","datePublished":"2025-12-12T08:28:53+00:00","dateModified":"2025-12-12T08:45:44+00:00","description":"Figura de salero inspirada en el dibujo de Mila V\u00e1zquez Otero \u00abHomenaje a Ren\u00e9e Sintenis: Ren\u00e9e Sintenis con su burrito\u00bb.","breadcrumb":{"@id":"https:\/\/www.robertzueblin.com\/es\/mila-vazquez-otero\/renee-sintenis-con-su-burrito-busto-salero-ceramica-de-taller\/#breadcrumb"},"inLanguage":"es","potentialAction":[{"@type":"ReadAction","target":["https:\/\/www.robertzueblin.com\/es\/mila-vazquez-otero\/renee-sintenis-con-su-burrito-busto-salero-ceramica-de-taller\/"]}]},{"@type":"ImageObject","inLanguage":"es","@id":"https:\/\/www.robertzueblin.com\/es\/mila-vazquez-otero\/renee-sintenis-con-su-burrito-busto-salero-ceramica-de-taller\/#primaryimage","url":"https:\/\/www.robertzueblin.com\/wp-content\/uploads\/mila-vazquez-otero-ceramica-taller-busto-salero-renee-sintenis-burrito-foto-titulo.jpg","contentUrl":"https:\/\/www.robertzueblin.com\/wp-content\/uploads\/mila-vazquez-otero-ceramica-taller-busto-salero-renee-sintenis-burrito-foto-titulo.jpg","width":1000,"height":1000},{"@type":"BreadcrumbList","@id":"https:\/\/www.robertzueblin.com\/es\/mila-vazquez-otero\/renee-sintenis-con-su-burrito-busto-salero-ceramica-de-taller\/#breadcrumb","itemListElement":[{"@type":"ListItem","position":1,"name":"Startseite","item":"https:\/\/www.robertzueblin.com\/es\/"},{"@type":"ListItem","position":2,"name":"Galer\u00eda de arte online (tienda online)","item":"https:\/\/www.robertzueblin.com\/es\/galeria-de-arte-online\/"},{"@type":"ListItem","position":3,"name":"Mila V\u00c1ZQUEZ OTERO (* 1978) \u2013 Ren\u00e9e Sintenis con su \u00abBurrito\u00bb \u2013 Busto salero \u2013 Cer\u00e1mica de taller"}]},{"@type":"WebSite","@id":"https:\/\/www.robertzueblin.com\/es\/#website","url":"https:\/\/www.robertzueblin.com\/es\/","name":"ROBERT Z\u00dcBLIN","description":"","publisher":{"@id":"https:\/\/www.robertzueblin.com\/es\/#organization"},"potentialAction":[{"@type":"SearchAction","target":{"@type":"EntryPoint","urlTemplate":"https:\/\/www.robertzueblin.com\/es\/?s={search_term_string}"},"query-input":{"@type":"PropertyValueSpecification","valueRequired":true,"valueName":"search_term_string"}}],"inLanguage":"es"},{"@type":"Organization","@id":"https:\/\/www.robertzueblin.com\/es\/#organization","name":"ROBERT Z\u00dcBLIN","url":"https:\/\/www.robertzueblin.com\/es\/","logo":{"@type":"ImageObject","inLanguage":"es","@id":"https:\/\/www.robertzueblin.com\/es\/#\/schema\/logo\/image\/","url":"https:\/\/www.robertzueblin.com\/wp-content\/uploads\/cropped-cropped-logo-von-robert-zueblin.jpg","contentUrl":"https:\/\/www.robertzueblin.com\/wp-content\/uploads\/cropped-cropped-logo-von-robert-zueblin.jpg","width":440,"height":60,"caption":"ROBERT Z\u00dcBLIN"},"image":{"@id":"https:\/\/www.robertzueblin.com\/es\/#\/schema\/logo\/image\/"}}]}},"_links":{"self":[{"href":"https:\/\/www.robertzueblin.com\/es\/wp-json\/wp\/v2\/product\/48631","targetHints":{"allow":["GET"]}}],"collection":[{"href":"https:\/\/www.robertzueblin.com\/es\/wp-json\/wp\/v2\/product"}],"about":[{"href":"https:\/\/www.robertzueblin.com\/es\/wp-json\/wp\/v2\/types\/product"}],"wp:featuredmedia":[{"embeddable":true,"href":"https:\/\/www.robertzueblin.com\/es\/wp-json\/wp\/v2\/media\/48633"}],"wp:attachment":[{"href":"https:\/\/www.robertzueblin.com\/es\/wp-json\/wp\/v2\/media?parent=48631"}],"wp:term":[{"taxonomy":"product_brand","embeddable":true,"href":"https:\/\/www.robertzueblin.com\/es\/wp-json\/wp\/v2\/product_brand?post=48631"},{"taxonomy":"product_cat","embeddable":true,"href":"https:\/\/www.robertzueblin.com\/es\/wp-json\/wp\/v2\/product_cat?post=48631"},{"taxonomy":"product_tag","embeddable":true,"href":"https:\/\/www.robertzueblin.com\/es\/wp-json\/wp\/v2\/product_tag?post=48631"}],"curies":[{"name":"wp","href":"https:\/\/api.w.org\/{rel}","templated":true}]}}