{"id":46993,"date":"2025-09-23T12:41:12","date_gmt":"2025-09-23T10:41:12","guid":{"rendered":"https:\/\/www.robertzueblin.com\/?post_type=product&#038;p=46993"},"modified":"2025-09-23T12:53:07","modified_gmt":"2025-09-23T10:53:07","slug":"louis-goerg-lauresch-1895-%e2%80%a0-1950-la-chenaillette-oleo-sobre-lienzo","status":"publish","type":"product","link":"https:\/\/www.robertzueblin.com\/es\/louis-goerg-lauresch\/la-chenaillette-oleo-sobre-lienzo\/","title":{"rendered":"Louis GOERG-LAURESCH (* 1895, \u2020 1950) \u2013 La Chenaillette \u2013 \u00d3leo sobre lienzo"},"content":{"rendered":"<p><span style=\"font-family: AkkoPro-BoldCondensed!important\">Tipo:<\/span> <a href=\"https:\/\/www.robertzueblin.com\/es\/tipo\/pintura\/\">pintura<\/a><\/p>\n<p><span style=\"font-family: AkkoPro-BoldCondensed!important\">Pintor:<\/span> <a href=\"https:\/\/www.robertzueblin.com\/es\/louis-goerg-lauresch\/\">Louis GOERG-LAURESCH<\/a> (* 1895, \u2020 1950)<\/p>\n<p><span style=\"font-family: AkkoPro-BoldCondensed!important\">Objeto:<\/span> <a href=\"https:\/\/www.robertzueblin.com\/es\/cuadros-al-oleo\/\">pintura al \u00f3leo<\/a><\/p>\n<p><span style=\"font-family: AkkoPro-BoldCondensed!important\">Material:<\/span> \u00f3leo sobre lienzo<\/p>\n<p><span style=\"font-family: AkkoPro-BoldCondensed!important\">Dimensiones:<\/span> alto: 65 cm, Anchura: 81 cm  <\/p>\n<p><span style=\"font-family: AkkoPro-BoldCondensed!important\">Periodo de realizaci\u00f3n:<\/span> primera mitad del siglo XX  <\/p>\n<p><span style=\"font-family: AkkoPro-BoldCondensed!important\">Estado:<\/span> parcialmente agrietado; m\u00ednima p\u00e9rdida de color; parcialmente abombado, en la parte posterior hay algunas manchas de agua que se produjeron al humedecerlo para minimizar el abombamiento.  <\/p>\n<p><span style=\"font-family: AkkoPro-BoldCondensed!important\">Firma:<\/span> sin firmar, pero con etiqueta en la parte posterior con la inscripci\u00f3n: \u00abGoerg-Lauresch &#8211; La Chenaillette\u00bb  <\/p>\n","protected":false},"excerpt":{"rendered":"<p>Tipo: pintura Pintor: Louis GOERG-LAURESCH (* 1895, \u2020 1950) Objeto: pintura al \u00f3leo Material: \u00f3leo sobre lienzo Dimensiones: alto: 65 cm, Anchura: 81 cm Periodo de realizaci\u00f3n: primera mitad del siglo XX Estado: parcialmente agrietado; m\u00ednima p\u00e9rdida de color; parcialmente abombado, en la parte posterior hay algunas manchas de agua que se produjeron al humedecerlo [&hellip;]<\/p>\n","protected":false},"featured_media":47025,"template":"","meta":[],"product_brand":[],"product_cat":[778,498,865],"product_tag":[],"class_list":{"0":"post-46993","1":"product","2":"type-product","3":"status-publish","4":"has-post-thumbnail","6":"product_cat-pintura","7":"product_cat-cuadros-al-oleo","8":"product_cat-louis-goerg-lauresch","10":"first","11":"instock","12":"sold-individually","13":"shipping-taxable","14":"purchasable","15":"product-type-simple"},"yoast_head":"<!-- This site is optimized with the Yoast SEO plugin v27.4 - https:\/\/yoast.com\/product\/yoast-seo-wordpress\/ -->\n<title>Louis GOERG-LAURESCH \u2013 La Chenaillette \u2013 \u00d3leo sobre lienzo<\/title>\n<meta name=\"description\" content=\"\u00d3leo del pintor suizo Louis Goerg-Lauresch que muestra una vista del prado alpino (pastizal alpino) La Chenaillette en Francia cerca de Ginebra.\" \/>\n<meta name=\"robots\" content=\"index, follow, max-snippet:-1, max-image-preview:large, max-video-preview:-1\" \/>\n<link rel=\"canonical\" href=\"https:\/\/www.robertzueblin.com\/es\/louis-goerg-lauresch\/la-chenaillette-oleo-sobre-lienzo\/\" \/>\n<meta property=\"og:locale\" content=\"es_ES\" \/>\n<meta property=\"og:type\" content=\"article\" \/>\n<meta property=\"og:title\" content=\"Louis GOERG-LAURESCH \u2013 La Chenaillette \u2013 \u00d3leo sobre lienzo\" \/>\n<meta property=\"og:description\" content=\"\u00d3leo del pintor suizo Louis Goerg-Lauresch que muestra una vista del prado alpino (pastizal alpino) La Chenaillette en Francia cerca de Ginebra.\" \/>\n<meta property=\"og:url\" content=\"https:\/\/www.robertzueblin.com\/es\/louis-goerg-lauresch\/la-chenaillette-oleo-sobre-lienzo\/\" \/>\n<meta property=\"og:site_name\" content=\"ROBERT Z\u00dcBLIN\" \/>\n<meta property=\"article:modified_time\" content=\"2025-09-23T10:53:07+00:00\" \/>\n<meta property=\"og:image\" content=\"https:\/\/www.robertzueblin.com\/wp-content\/uploads\/louis-goerg-lauresch-oleo-lienzo-la-chenaillette-foto-titulo.jpg\" \/>\n\t<meta property=\"og:image:width\" content=\"1200\" \/>\n\t<meta property=\"og:image:height\" content=\"955\" \/>\n\t<meta property=\"og:image:type\" content=\"image\/jpeg\" \/>\n<meta name=\"twitter:card\" content=\"summary_large_image\" \/>\n<script type=\"application\/ld+json\" class=\"yoast-schema-graph\">{\"@context\":\"https:\\\/\\\/schema.org\",\"@graph\":[{\"@type\":\"WebPage\",\"@id\":\"https:\\\/\\\/www.robertzueblin.com\\\/es\\\/louis-goerg-lauresch\\\/la-chenaillette-oleo-sobre-lienzo\\\/\",\"url\":\"https:\\\/\\\/www.robertzueblin.com\\\/es\\\/louis-goerg-lauresch\\\/la-chenaillette-oleo-sobre-lienzo\\\/\",\"name\":\"Louis GOERG-LAURESCH \u2013 La Chenaillette \u2013 \u00d3leo sobre lienzo\",\"isPartOf\":{\"@id\":\"https:\\\/\\\/www.robertzueblin.com\\\/es\\\/#website\"},\"primaryImageOfPage\":{\"@id\":\"https:\\\/\\\/www.robertzueblin.com\\\/es\\\/louis-goerg-lauresch\\\/la-chenaillette-oleo-sobre-lienzo\\\/#primaryimage\"},\"image\":{\"@id\":\"https:\\\/\\\/www.robertzueblin.com\\\/es\\\/louis-goerg-lauresch\\\/la-chenaillette-oleo-sobre-lienzo\\\/#primaryimage\"},\"thumbnailUrl\":\"https:\\\/\\\/www.robertzueblin.com\\\/wp-content\\\/uploads\\\/louis-goerg-lauresch-oleo-lienzo-la-chenaillette-foto-titulo.jpg\",\"datePublished\":\"2025-09-23T10:41:12+00:00\",\"dateModified\":\"2025-09-23T10:53:07+00:00\",\"description\":\"\u00d3leo del pintor suizo Louis Goerg-Lauresch que muestra una vista del prado alpino (pastizal alpino) La Chenaillette en Francia cerca de Ginebra.\",\"breadcrumb\":{\"@id\":\"https:\\\/\\\/www.robertzueblin.com\\\/es\\\/louis-goerg-lauresch\\\/la-chenaillette-oleo-sobre-lienzo\\\/#breadcrumb\"},\"inLanguage\":\"es\",\"potentialAction\":[{\"@type\":\"ReadAction\",\"target\":[\"https:\\\/\\\/www.robertzueblin.com\\\/es\\\/louis-goerg-lauresch\\\/la-chenaillette-oleo-sobre-lienzo\\\/\"]}]},{\"@type\":\"ImageObject\",\"inLanguage\":\"es\",\"@id\":\"https:\\\/\\\/www.robertzueblin.com\\\/es\\\/louis-goerg-lauresch\\\/la-chenaillette-oleo-sobre-lienzo\\\/#primaryimage\",\"url\":\"https:\\\/\\\/www.robertzueblin.com\\\/wp-content\\\/uploads\\\/louis-goerg-lauresch-oleo-lienzo-la-chenaillette-foto-titulo.jpg\",\"contentUrl\":\"https:\\\/\\\/www.robertzueblin.com\\\/wp-content\\\/uploads\\\/louis-goerg-lauresch-oleo-lienzo-la-chenaillette-foto-titulo.jpg\",\"width\":1200,\"height\":955},{\"@type\":\"BreadcrumbList\",\"@id\":\"https:\\\/\\\/www.robertzueblin.com\\\/es\\\/louis-goerg-lauresch\\\/la-chenaillette-oleo-sobre-lienzo\\\/#breadcrumb\",\"itemListElement\":[{\"@type\":\"ListItem\",\"position\":1,\"name\":\"Startseite\",\"item\":\"https:\\\/\\\/www.robertzueblin.com\\\/es\\\/\"},{\"@type\":\"ListItem\",\"position\":2,\"name\":\"Galer\u00eda de arte online (tienda online)\",\"item\":\"https:\\\/\\\/www.robertzueblin.com\\\/es\\\/galeria-de-arte-online\\\/\"},{\"@type\":\"ListItem\",\"position\":3,\"name\":\"Louis GOERG-LAURESCH (* 1895, \u2020 1950) \u2013 La Chenaillette \u2013 \u00d3leo sobre lienzo\"}]},{\"@type\":\"WebSite\",\"@id\":\"https:\\\/\\\/www.robertzueblin.com\\\/es\\\/#website\",\"url\":\"https:\\\/\\\/www.robertzueblin.com\\\/es\\\/\",\"name\":\"ROBERT Z\u00dcBLIN\",\"description\":\"\",\"publisher\":{\"@id\":\"https:\\\/\\\/www.robertzueblin.com\\\/es\\\/#organization\"},\"potentialAction\":[{\"@type\":\"SearchAction\",\"target\":{\"@type\":\"EntryPoint\",\"urlTemplate\":\"https:\\\/\\\/www.robertzueblin.com\\\/es\\\/?s={search_term_string}\"},\"query-input\":{\"@type\":\"PropertyValueSpecification\",\"valueRequired\":true,\"valueName\":\"search_term_string\"}}],\"inLanguage\":\"es\"},{\"@type\":\"Organization\",\"@id\":\"https:\\\/\\\/www.robertzueblin.com\\\/es\\\/#organization\",\"name\":\"ROBERT Z\u00dcBLIN\",\"url\":\"https:\\\/\\\/www.robertzueblin.com\\\/es\\\/\",\"logo\":{\"@type\":\"ImageObject\",\"inLanguage\":\"es\",\"@id\":\"https:\\\/\\\/www.robertzueblin.com\\\/es\\\/#\\\/schema\\\/logo\\\/image\\\/\",\"url\":\"https:\\\/\\\/www.robertzueblin.com\\\/wp-content\\\/uploads\\\/cropped-cropped-logo-von-robert-zueblin.jpg\",\"contentUrl\":\"https:\\\/\\\/www.robertzueblin.com\\\/wp-content\\\/uploads\\\/cropped-cropped-logo-von-robert-zueblin.jpg\",\"width\":440,\"height\":60,\"caption\":\"ROBERT Z\u00dcBLIN\"},\"image\":{\"@id\":\"https:\\\/\\\/www.robertzueblin.com\\\/es\\\/#\\\/schema\\\/logo\\\/image\\\/\"}}]}<\/script>\n<!-- \/ Yoast SEO plugin. -->","yoast_head_json":{"title":"Louis GOERG-LAURESCH \u2013 La Chenaillette \u2013 \u00d3leo sobre lienzo","description":"\u00d3leo del pintor suizo Louis Goerg-Lauresch que muestra una vista del prado alpino (pastizal alpino) La Chenaillette en Francia cerca de Ginebra.","robots":{"index":"index","follow":"follow","max-snippet":"max-snippet:-1","max-image-preview":"max-image-preview:large","max-video-preview":"max-video-preview:-1"},"canonical":"https:\/\/www.robertzueblin.com\/es\/louis-goerg-lauresch\/la-chenaillette-oleo-sobre-lienzo\/","og_locale":"es_ES","og_type":"article","og_title":"Louis GOERG-LAURESCH \u2013 La Chenaillette \u2013 \u00d3leo sobre lienzo","og_description":"\u00d3leo del pintor suizo Louis Goerg-Lauresch que muestra una vista del prado alpino (pastizal alpino) La Chenaillette en Francia cerca de Ginebra.","og_url":"https:\/\/www.robertzueblin.com\/es\/louis-goerg-lauresch\/la-chenaillette-oleo-sobre-lienzo\/","og_site_name":"ROBERT Z\u00dcBLIN","article_modified_time":"2025-09-23T10:53:07+00:00","og_image":[{"width":1200,"height":955,"url":"https:\/\/www.robertzueblin.com\/wp-content\/uploads\/louis-goerg-lauresch-oleo-lienzo-la-chenaillette-foto-titulo.jpg","type":"image\/jpeg"}],"twitter_card":"summary_large_image","schema":{"@context":"https:\/\/schema.org","@graph":[{"@type":"WebPage","@id":"https:\/\/www.robertzueblin.com\/es\/louis-goerg-lauresch\/la-chenaillette-oleo-sobre-lienzo\/","url":"https:\/\/www.robertzueblin.com\/es\/louis-goerg-lauresch\/la-chenaillette-oleo-sobre-lienzo\/","name":"Louis GOERG-LAURESCH \u2013 La Chenaillette \u2013 \u00d3leo sobre lienzo","isPartOf":{"@id":"https:\/\/www.robertzueblin.com\/es\/#website"},"primaryImageOfPage":{"@id":"https:\/\/www.robertzueblin.com\/es\/louis-goerg-lauresch\/la-chenaillette-oleo-sobre-lienzo\/#primaryimage"},"image":{"@id":"https:\/\/www.robertzueblin.com\/es\/louis-goerg-lauresch\/la-chenaillette-oleo-sobre-lienzo\/#primaryimage"},"thumbnailUrl":"https:\/\/www.robertzueblin.com\/wp-content\/uploads\/louis-goerg-lauresch-oleo-lienzo-la-chenaillette-foto-titulo.jpg","datePublished":"2025-09-23T10:41:12+00:00","dateModified":"2025-09-23T10:53:07+00:00","description":"\u00d3leo del pintor suizo Louis Goerg-Lauresch que muestra una vista del prado alpino (pastizal alpino) La Chenaillette en Francia cerca de Ginebra.","breadcrumb":{"@id":"https:\/\/www.robertzueblin.com\/es\/louis-goerg-lauresch\/la-chenaillette-oleo-sobre-lienzo\/#breadcrumb"},"inLanguage":"es","potentialAction":[{"@type":"ReadAction","target":["https:\/\/www.robertzueblin.com\/es\/louis-goerg-lauresch\/la-chenaillette-oleo-sobre-lienzo\/"]}]},{"@type":"ImageObject","inLanguage":"es","@id":"https:\/\/www.robertzueblin.com\/es\/louis-goerg-lauresch\/la-chenaillette-oleo-sobre-lienzo\/#primaryimage","url":"https:\/\/www.robertzueblin.com\/wp-content\/uploads\/louis-goerg-lauresch-oleo-lienzo-la-chenaillette-foto-titulo.jpg","contentUrl":"https:\/\/www.robertzueblin.com\/wp-content\/uploads\/louis-goerg-lauresch-oleo-lienzo-la-chenaillette-foto-titulo.jpg","width":1200,"height":955},{"@type":"BreadcrumbList","@id":"https:\/\/www.robertzueblin.com\/es\/louis-goerg-lauresch\/la-chenaillette-oleo-sobre-lienzo\/#breadcrumb","itemListElement":[{"@type":"ListItem","position":1,"name":"Startseite","item":"https:\/\/www.robertzueblin.com\/es\/"},{"@type":"ListItem","position":2,"name":"Galer\u00eda de arte online (tienda online)","item":"https:\/\/www.robertzueblin.com\/es\/galeria-de-arte-online\/"},{"@type":"ListItem","position":3,"name":"Louis GOERG-LAURESCH (* 1895, \u2020 1950) \u2013 La Chenaillette \u2013 \u00d3leo sobre lienzo"}]},{"@type":"WebSite","@id":"https:\/\/www.robertzueblin.com\/es\/#website","url":"https:\/\/www.robertzueblin.com\/es\/","name":"ROBERT Z\u00dcBLIN","description":"","publisher":{"@id":"https:\/\/www.robertzueblin.com\/es\/#organization"},"potentialAction":[{"@type":"SearchAction","target":{"@type":"EntryPoint","urlTemplate":"https:\/\/www.robertzueblin.com\/es\/?s={search_term_string}"},"query-input":{"@type":"PropertyValueSpecification","valueRequired":true,"valueName":"search_term_string"}}],"inLanguage":"es"},{"@type":"Organization","@id":"https:\/\/www.robertzueblin.com\/es\/#organization","name":"ROBERT Z\u00dcBLIN","url":"https:\/\/www.robertzueblin.com\/es\/","logo":{"@type":"ImageObject","inLanguage":"es","@id":"https:\/\/www.robertzueblin.com\/es\/#\/schema\/logo\/image\/","url":"https:\/\/www.robertzueblin.com\/wp-content\/uploads\/cropped-cropped-logo-von-robert-zueblin.jpg","contentUrl":"https:\/\/www.robertzueblin.com\/wp-content\/uploads\/cropped-cropped-logo-von-robert-zueblin.jpg","width":440,"height":60,"caption":"ROBERT Z\u00dcBLIN"},"image":{"@id":"https:\/\/www.robertzueblin.com\/es\/#\/schema\/logo\/image\/"}}]}},"_links":{"self":[{"href":"https:\/\/www.robertzueblin.com\/es\/wp-json\/wp\/v2\/product\/46993","targetHints":{"allow":["GET"]}}],"collection":[{"href":"https:\/\/www.robertzueblin.com\/es\/wp-json\/wp\/v2\/product"}],"about":[{"href":"https:\/\/www.robertzueblin.com\/es\/wp-json\/wp\/v2\/types\/product"}],"wp:featuredmedia":[{"embeddable":true,"href":"https:\/\/www.robertzueblin.com\/es\/wp-json\/wp\/v2\/media\/47025"}],"wp:attachment":[{"href":"https:\/\/www.robertzueblin.com\/es\/wp-json\/wp\/v2\/media?parent=46993"}],"wp:term":[{"taxonomy":"product_brand","embeddable":true,"href":"https:\/\/www.robertzueblin.com\/es\/wp-json\/wp\/v2\/product_brand?post=46993"},{"taxonomy":"product_cat","embeddable":true,"href":"https:\/\/www.robertzueblin.com\/es\/wp-json\/wp\/v2\/product_cat?post=46993"},{"taxonomy":"product_tag","embeddable":true,"href":"https:\/\/www.robertzueblin.com\/es\/wp-json\/wp\/v2\/product_tag?post=46993"}],"curies":[{"name":"wp","href":"https:\/\/api.w.org\/{rel}","templated":true}]}}