{"id":46472,"date":"2025-08-30T17:12:04","date_gmt":"2025-08-30T15:12:04","guid":{"rendered":"https:\/\/www.robertzueblin.com\/?post_type=product&#038;p=46472"},"modified":"2025-09-19T21:12:41","modified_gmt":"2025-09-19T19:12:41","slug":"mayolica-de-thun-buho-como-tetera-con-flor-azul-en-la-pluma-de-la-cabeza","status":"publish","type":"product","link":"https:\/\/www.robertzueblin.com\/es\/thun-mayolica-thoune-ceramica-suiza-thun\/buho-como-tetera-con-flor-azul-en-la-pluma-de-la-cabeza\/","title":{"rendered":"May\u00f3lica de Thun: B\u00faho como tetera \/ cafetera con flor azul en la pluma de la cabeza"},"content":{"rendered":"<p><span style=\"font-family: AkkoPro-BoldCondensed!important\">Tipo:<\/span> <a href=\"https:\/\/www.robertzueblin.com\/es\/tipo\/ceramica-artistica-ceramica-artesanal-ceramica-de-taller\/\">Cer\u00e1mica de taller<\/a><\/p>\n<p><span style=\"font-family: AkkoPro-BoldCondensed!important\">Taller:<\/span> desconocido<\/p>\n<p><span style=\"font-family: AkkoPro-BoldCondensed!important\">Objeto:<\/span> tetera \/ cafetera<\/p>\n<p><span style=\"font-family: AkkoPro-BoldCondensed!important\">Material:<\/span> cer\u00e1mica con engobe y esmalte<\/p>\n<p><span style=\"font-family: AkkoPro-BoldCondensed!important\">Dimensiones:<\/span>  altura: 24 cm; anchura: 16,8 cm; profundidad: 9 cm<\/p>\n<p><span style=\"font-family: AkkoPro-BoldCondensed!important\">A\u00f1o de producci\u00f3n:<\/span> probablemente de finales del siglo XIX.<\/p>\n<p><span style=\"font-family: AkkoPro-BoldCondensed!important\">Estado:<\/span> varias desconchaduras poco visibles<\/p>\n<p><span style=\"font-family: AkkoPro-BoldCondensed!important\">Firma\/marca:<\/span> denominaci\u00f3n de origen \u00abThoune\u00bb<\/p>\n","protected":false},"excerpt":{"rendered":"<p>Tipo: Cer\u00e1mica de taller Taller: desconocido Objeto: tetera \/ cafetera Material: cer\u00e1mica con engobe y esmalte Dimensiones: altura: 24 cm; anchura: 16,8 cm; profundidad: 9 cm A\u00f1o de producci\u00f3n: probablemente de finales del siglo XIX. Estado: varias desconchaduras poco visibles Firma\/marca: denominaci\u00f3n de origen \u00abThoune\u00bb<\/p>\n","protected":false},"featured_media":46494,"template":"","meta":[],"product_brand":[],"product_cat":[595],"product_tag":[],"class_list":{"0":"post-46472","1":"product","2":"type-product","3":"status-publish","4":"has-post-thumbnail","6":"product_cat-thun-mayolica-thoune-ceramica-suiza-thun","8":"first","9":"instock","10":"sold-individually","11":"shipping-taxable","12":"purchasable","13":"product-type-simple"},"yoast_head":"<!-- This site is optimized with the Yoast SEO plugin v27.4 - https:\/\/yoast.com\/product\/yoast-seo-wordpress\/ -->\n<title>May\u00f3lica de Thun: B\u00faho como tetera \/ cafetera con flor azul<\/title>\n<meta name=\"description\" content=\"May\u00f3lica de Thun: Precioso b\u00faho en forma de tetera \/ cafetera con una flor azul en la pluma de la cabeza y la denominaci\u00f3n de origen \u00abThoune\u00bb bajo la base.\" \/>\n<meta name=\"robots\" content=\"index, follow, max-snippet:-1, max-image-preview:large, max-video-preview:-1\" \/>\n<link rel=\"canonical\" href=\"https:\/\/www.robertzueblin.com\/es\/thun-mayolica-thoune-ceramica-suiza-thun\/buho-como-tetera-con-flor-azul-en-la-pluma-de-la-cabeza\/\" \/>\n<meta property=\"og:locale\" content=\"es_ES\" \/>\n<meta property=\"og:type\" content=\"article\" \/>\n<meta property=\"og:title\" content=\"May\u00f3lica de Thun: B\u00faho como tetera \/ cafetera con flor azul\" \/>\n<meta property=\"og:description\" content=\"May\u00f3lica de Thun: Precioso b\u00faho en forma de tetera \/ cafetera con una flor azul en la pluma de la cabeza y la denominaci\u00f3n de origen \u00abThoune\u00bb bajo la base.\" \/>\n<meta property=\"og:url\" content=\"https:\/\/www.robertzueblin.com\/es\/thun-mayolica-thoune-ceramica-suiza-thun\/buho-como-tetera-con-flor-azul-en-la-pluma-de-la-cabeza\/\" \/>\n<meta property=\"og:site_name\" content=\"ROBERT Z\u00dcBLIN\" \/>\n<meta property=\"article:modified_time\" content=\"2025-09-19T19:12:41+00:00\" \/>\n<meta property=\"og:image\" content=\"https:\/\/www.robertzueblin.com\/wp-content\/uploads\/mayolica-thun-buho-tetera-flor-azul-pluma-cabeza-desconchadura-lado-foto-titulo.jpg\" \/>\n\t<meta property=\"og:image:width\" content=\"1000\" \/>\n\t<meta property=\"og:image:height\" content=\"1000\" \/>\n\t<meta property=\"og:image:type\" content=\"image\/jpeg\" \/>\n<meta name=\"twitter:card\" content=\"summary_large_image\" \/>\n<script type=\"application\/ld+json\" class=\"yoast-schema-graph\">{\"@context\":\"https:\\\/\\\/schema.org\",\"@graph\":[{\"@type\":\"WebPage\",\"@id\":\"https:\\\/\\\/www.robertzueblin.com\\\/es\\\/thun-mayolica-thoune-ceramica-suiza-thun\\\/buho-como-tetera-con-flor-azul-en-la-pluma-de-la-cabeza\\\/\",\"url\":\"https:\\\/\\\/www.robertzueblin.com\\\/es\\\/thun-mayolica-thoune-ceramica-suiza-thun\\\/buho-como-tetera-con-flor-azul-en-la-pluma-de-la-cabeza\\\/\",\"name\":\"May\u00f3lica de Thun: B\u00faho como tetera \\\/ cafetera con flor azul\",\"isPartOf\":{\"@id\":\"https:\\\/\\\/www.robertzueblin.com\\\/es\\\/#website\"},\"primaryImageOfPage\":{\"@id\":\"https:\\\/\\\/www.robertzueblin.com\\\/es\\\/thun-mayolica-thoune-ceramica-suiza-thun\\\/buho-como-tetera-con-flor-azul-en-la-pluma-de-la-cabeza\\\/#primaryimage\"},\"image\":{\"@id\":\"https:\\\/\\\/www.robertzueblin.com\\\/es\\\/thun-mayolica-thoune-ceramica-suiza-thun\\\/buho-como-tetera-con-flor-azul-en-la-pluma-de-la-cabeza\\\/#primaryimage\"},\"thumbnailUrl\":\"https:\\\/\\\/www.robertzueblin.com\\\/wp-content\\\/uploads\\\/mayolica-thun-buho-tetera-flor-azul-pluma-cabeza-desconchadura-lado-foto-titulo.jpg\",\"datePublished\":\"2025-08-30T15:12:04+00:00\",\"dateModified\":\"2025-09-19T19:12:41+00:00\",\"description\":\"May\u00f3lica de Thun: Precioso b\u00faho en forma de tetera \\\/ cafetera con una flor azul en la pluma de la cabeza y la denominaci\u00f3n de origen \u00abThoune\u00bb bajo la base.\",\"breadcrumb\":{\"@id\":\"https:\\\/\\\/www.robertzueblin.com\\\/es\\\/thun-mayolica-thoune-ceramica-suiza-thun\\\/buho-como-tetera-con-flor-azul-en-la-pluma-de-la-cabeza\\\/#breadcrumb\"},\"inLanguage\":\"es\",\"potentialAction\":[{\"@type\":\"ReadAction\",\"target\":[\"https:\\\/\\\/www.robertzueblin.com\\\/es\\\/thun-mayolica-thoune-ceramica-suiza-thun\\\/buho-como-tetera-con-flor-azul-en-la-pluma-de-la-cabeza\\\/\"]}]},{\"@type\":\"ImageObject\",\"inLanguage\":\"es\",\"@id\":\"https:\\\/\\\/www.robertzueblin.com\\\/es\\\/thun-mayolica-thoune-ceramica-suiza-thun\\\/buho-como-tetera-con-flor-azul-en-la-pluma-de-la-cabeza\\\/#primaryimage\",\"url\":\"https:\\\/\\\/www.robertzueblin.com\\\/wp-content\\\/uploads\\\/mayolica-thun-buho-tetera-flor-azul-pluma-cabeza-desconchadura-lado-foto-titulo.jpg\",\"contentUrl\":\"https:\\\/\\\/www.robertzueblin.com\\\/wp-content\\\/uploads\\\/mayolica-thun-buho-tetera-flor-azul-pluma-cabeza-desconchadura-lado-foto-titulo.jpg\",\"width\":1000,\"height\":1000},{\"@type\":\"BreadcrumbList\",\"@id\":\"https:\\\/\\\/www.robertzueblin.com\\\/es\\\/thun-mayolica-thoune-ceramica-suiza-thun\\\/buho-como-tetera-con-flor-azul-en-la-pluma-de-la-cabeza\\\/#breadcrumb\",\"itemListElement\":[{\"@type\":\"ListItem\",\"position\":1,\"name\":\"Startseite\",\"item\":\"https:\\\/\\\/www.robertzueblin.com\\\/es\\\/\"},{\"@type\":\"ListItem\",\"position\":2,\"name\":\"Galer\u00eda de arte online (tienda online)\",\"item\":\"https:\\\/\\\/www.robertzueblin.com\\\/es\\\/galeria-de-arte-online\\\/\"},{\"@type\":\"ListItem\",\"position\":3,\"name\":\"May\u00f3lica de Thun: B\u00faho como tetera \\\/ cafetera con flor azul en la pluma de la cabeza\"}]},{\"@type\":\"WebSite\",\"@id\":\"https:\\\/\\\/www.robertzueblin.com\\\/es\\\/#website\",\"url\":\"https:\\\/\\\/www.robertzueblin.com\\\/es\\\/\",\"name\":\"ROBERT Z\u00dcBLIN\",\"description\":\"\",\"publisher\":{\"@id\":\"https:\\\/\\\/www.robertzueblin.com\\\/es\\\/#organization\"},\"potentialAction\":[{\"@type\":\"SearchAction\",\"target\":{\"@type\":\"EntryPoint\",\"urlTemplate\":\"https:\\\/\\\/www.robertzueblin.com\\\/es\\\/?s={search_term_string}\"},\"query-input\":{\"@type\":\"PropertyValueSpecification\",\"valueRequired\":true,\"valueName\":\"search_term_string\"}}],\"inLanguage\":\"es\"},{\"@type\":\"Organization\",\"@id\":\"https:\\\/\\\/www.robertzueblin.com\\\/es\\\/#organization\",\"name\":\"ROBERT Z\u00dcBLIN\",\"url\":\"https:\\\/\\\/www.robertzueblin.com\\\/es\\\/\",\"logo\":{\"@type\":\"ImageObject\",\"inLanguage\":\"es\",\"@id\":\"https:\\\/\\\/www.robertzueblin.com\\\/es\\\/#\\\/schema\\\/logo\\\/image\\\/\",\"url\":\"https:\\\/\\\/www.robertzueblin.com\\\/wp-content\\\/uploads\\\/cropped-cropped-logo-von-robert-zueblin.jpg\",\"contentUrl\":\"https:\\\/\\\/www.robertzueblin.com\\\/wp-content\\\/uploads\\\/cropped-cropped-logo-von-robert-zueblin.jpg\",\"width\":440,\"height\":60,\"caption\":\"ROBERT Z\u00dcBLIN\"},\"image\":{\"@id\":\"https:\\\/\\\/www.robertzueblin.com\\\/es\\\/#\\\/schema\\\/logo\\\/image\\\/\"}}]}<\/script>\n<!-- \/ Yoast SEO plugin. -->","yoast_head_json":{"title":"May\u00f3lica de Thun: B\u00faho como tetera \/ cafetera con flor azul","description":"May\u00f3lica de Thun: Precioso b\u00faho en forma de tetera \/ cafetera con una flor azul en la pluma de la cabeza y la denominaci\u00f3n de origen \u00abThoune\u00bb bajo la base.","robots":{"index":"index","follow":"follow","max-snippet":"max-snippet:-1","max-image-preview":"max-image-preview:large","max-video-preview":"max-video-preview:-1"},"canonical":"https:\/\/www.robertzueblin.com\/es\/thun-mayolica-thoune-ceramica-suiza-thun\/buho-como-tetera-con-flor-azul-en-la-pluma-de-la-cabeza\/","og_locale":"es_ES","og_type":"article","og_title":"May\u00f3lica de Thun: B\u00faho como tetera \/ cafetera con flor azul","og_description":"May\u00f3lica de Thun: Precioso b\u00faho en forma de tetera \/ cafetera con una flor azul en la pluma de la cabeza y la denominaci\u00f3n de origen \u00abThoune\u00bb bajo la base.","og_url":"https:\/\/www.robertzueblin.com\/es\/thun-mayolica-thoune-ceramica-suiza-thun\/buho-como-tetera-con-flor-azul-en-la-pluma-de-la-cabeza\/","og_site_name":"ROBERT Z\u00dcBLIN","article_modified_time":"2025-09-19T19:12:41+00:00","og_image":[{"width":1000,"height":1000,"url":"https:\/\/www.robertzueblin.com\/wp-content\/uploads\/mayolica-thun-buho-tetera-flor-azul-pluma-cabeza-desconchadura-lado-foto-titulo.jpg","type":"image\/jpeg"}],"twitter_card":"summary_large_image","schema":{"@context":"https:\/\/schema.org","@graph":[{"@type":"WebPage","@id":"https:\/\/www.robertzueblin.com\/es\/thun-mayolica-thoune-ceramica-suiza-thun\/buho-como-tetera-con-flor-azul-en-la-pluma-de-la-cabeza\/","url":"https:\/\/www.robertzueblin.com\/es\/thun-mayolica-thoune-ceramica-suiza-thun\/buho-como-tetera-con-flor-azul-en-la-pluma-de-la-cabeza\/","name":"May\u00f3lica de Thun: B\u00faho como tetera \/ cafetera con flor azul","isPartOf":{"@id":"https:\/\/www.robertzueblin.com\/es\/#website"},"primaryImageOfPage":{"@id":"https:\/\/www.robertzueblin.com\/es\/thun-mayolica-thoune-ceramica-suiza-thun\/buho-como-tetera-con-flor-azul-en-la-pluma-de-la-cabeza\/#primaryimage"},"image":{"@id":"https:\/\/www.robertzueblin.com\/es\/thun-mayolica-thoune-ceramica-suiza-thun\/buho-como-tetera-con-flor-azul-en-la-pluma-de-la-cabeza\/#primaryimage"},"thumbnailUrl":"https:\/\/www.robertzueblin.com\/wp-content\/uploads\/mayolica-thun-buho-tetera-flor-azul-pluma-cabeza-desconchadura-lado-foto-titulo.jpg","datePublished":"2025-08-30T15:12:04+00:00","dateModified":"2025-09-19T19:12:41+00:00","description":"May\u00f3lica de Thun: Precioso b\u00faho en forma de tetera \/ cafetera con una flor azul en la pluma de la cabeza y la denominaci\u00f3n de origen \u00abThoune\u00bb bajo la base.","breadcrumb":{"@id":"https:\/\/www.robertzueblin.com\/es\/thun-mayolica-thoune-ceramica-suiza-thun\/buho-como-tetera-con-flor-azul-en-la-pluma-de-la-cabeza\/#breadcrumb"},"inLanguage":"es","potentialAction":[{"@type":"ReadAction","target":["https:\/\/www.robertzueblin.com\/es\/thun-mayolica-thoune-ceramica-suiza-thun\/buho-como-tetera-con-flor-azul-en-la-pluma-de-la-cabeza\/"]}]},{"@type":"ImageObject","inLanguage":"es","@id":"https:\/\/www.robertzueblin.com\/es\/thun-mayolica-thoune-ceramica-suiza-thun\/buho-como-tetera-con-flor-azul-en-la-pluma-de-la-cabeza\/#primaryimage","url":"https:\/\/www.robertzueblin.com\/wp-content\/uploads\/mayolica-thun-buho-tetera-flor-azul-pluma-cabeza-desconchadura-lado-foto-titulo.jpg","contentUrl":"https:\/\/www.robertzueblin.com\/wp-content\/uploads\/mayolica-thun-buho-tetera-flor-azul-pluma-cabeza-desconchadura-lado-foto-titulo.jpg","width":1000,"height":1000},{"@type":"BreadcrumbList","@id":"https:\/\/www.robertzueblin.com\/es\/thun-mayolica-thoune-ceramica-suiza-thun\/buho-como-tetera-con-flor-azul-en-la-pluma-de-la-cabeza\/#breadcrumb","itemListElement":[{"@type":"ListItem","position":1,"name":"Startseite","item":"https:\/\/www.robertzueblin.com\/es\/"},{"@type":"ListItem","position":2,"name":"Galer\u00eda de arte online (tienda online)","item":"https:\/\/www.robertzueblin.com\/es\/galeria-de-arte-online\/"},{"@type":"ListItem","position":3,"name":"May\u00f3lica de Thun: B\u00faho como tetera \/ cafetera con flor azul en la pluma de la cabeza"}]},{"@type":"WebSite","@id":"https:\/\/www.robertzueblin.com\/es\/#website","url":"https:\/\/www.robertzueblin.com\/es\/","name":"ROBERT Z\u00dcBLIN","description":"","publisher":{"@id":"https:\/\/www.robertzueblin.com\/es\/#organization"},"potentialAction":[{"@type":"SearchAction","target":{"@type":"EntryPoint","urlTemplate":"https:\/\/www.robertzueblin.com\/es\/?s={search_term_string}"},"query-input":{"@type":"PropertyValueSpecification","valueRequired":true,"valueName":"search_term_string"}}],"inLanguage":"es"},{"@type":"Organization","@id":"https:\/\/www.robertzueblin.com\/es\/#organization","name":"ROBERT Z\u00dcBLIN","url":"https:\/\/www.robertzueblin.com\/es\/","logo":{"@type":"ImageObject","inLanguage":"es","@id":"https:\/\/www.robertzueblin.com\/es\/#\/schema\/logo\/image\/","url":"https:\/\/www.robertzueblin.com\/wp-content\/uploads\/cropped-cropped-logo-von-robert-zueblin.jpg","contentUrl":"https:\/\/www.robertzueblin.com\/wp-content\/uploads\/cropped-cropped-logo-von-robert-zueblin.jpg","width":440,"height":60,"caption":"ROBERT Z\u00dcBLIN"},"image":{"@id":"https:\/\/www.robertzueblin.com\/es\/#\/schema\/logo\/image\/"}}]}},"_links":{"self":[{"href":"https:\/\/www.robertzueblin.com\/es\/wp-json\/wp\/v2\/product\/46472","targetHints":{"allow":["GET"]}}],"collection":[{"href":"https:\/\/www.robertzueblin.com\/es\/wp-json\/wp\/v2\/product"}],"about":[{"href":"https:\/\/www.robertzueblin.com\/es\/wp-json\/wp\/v2\/types\/product"}],"wp:featuredmedia":[{"embeddable":true,"href":"https:\/\/www.robertzueblin.com\/es\/wp-json\/wp\/v2\/media\/46494"}],"wp:attachment":[{"href":"https:\/\/www.robertzueblin.com\/es\/wp-json\/wp\/v2\/media?parent=46472"}],"wp:term":[{"taxonomy":"product_brand","embeddable":true,"href":"https:\/\/www.robertzueblin.com\/es\/wp-json\/wp\/v2\/product_brand?post=46472"},{"taxonomy":"product_cat","embeddable":true,"href":"https:\/\/www.robertzueblin.com\/es\/wp-json\/wp\/v2\/product_cat?post=46472"},{"taxonomy":"product_tag","embeddable":true,"href":"https:\/\/www.robertzueblin.com\/es\/wp-json\/wp\/v2\/product_tag?post=46472"}],"curies":[{"name":"wp","href":"https:\/\/api.w.org\/{rel}","templated":true}]}}