{"id":45941,"date":"2025-08-12T11:34:16","date_gmt":"2025-08-12T09:34:16","guid":{"rendered":"https:\/\/www.robertzueblin.com\/?post_type=product&#038;p=45941"},"modified":"2025-09-19T21:10:29","modified_gmt":"2025-09-19T19:10:29","slug":"arte-naif-paisaje-invernal-con-trineo-tirado-por-caballos-cuadro-en-la-puerta-de-un-armario","status":"publish","type":"product","link":"https:\/\/www.robertzueblin.com\/es\/epocas-artisticas\/arte-naif\/paisaje-invernal-con-trineo-tirado-por-caballos-cuadro-en-la-puerta-de-un-armario\/","title":{"rendered":"Arte na\u00eff \u2013 Paisaje invernal con trineo tirado por caballos \u2013 Cuadro en la puerta de un armario"},"content":{"rendered":"<p><span style=\"font-family: AkkoPro-BoldCondensed!important\">Tipo:<\/span> <a href=\"https:\/\/www.robertzueblin.com\/es\/tipo\/pintura\/\">pintura<\/a><\/p>\n<p><span style=\"font-family: AkkoPro-BoldCondensed!important\">Pintor:<\/span> desconocido<\/p>\n<p><span style=\"font-family: AkkoPro-BoldCondensed!important\">Objeto:<\/span> <a href=\"https:\/\/www.robertzueblin.com\/es\/cuadros-al-oleo\/\">pintura al \u00f3leo<\/a><\/p>\n<p><span style=\"font-family: AkkoPro-BoldCondensed!important\">Material:<\/span> \u00d3leo sobre madera<\/p>\n<p><span style=\"font-family: AkkoPro-BoldCondensed!important\">Dimensiones:<\/span> alt: 54,5 cm, ancho: 65 cm; con marco: alto: 71,5 cm, ancho: 82 cm<\/p>\n<p><span style=\"font-family: AkkoPro-BoldCondensed!important\">Periodo de realizaci\u00f3n:<\/span> desconocido<\/p>\n<p><span style=\"font-family: AkkoPro-BoldCondensed!important\">Estado:<\/span> Varias desconchaduras en la pintura, puerta del armario parcialmente rayada y golpeada<\/p>\n<p><span style=\"font-family: AkkoPro-BoldCondensed!important\">Firma:<\/span> sin firma<\/p>\n","protected":false},"excerpt":{"rendered":"<p>Tipo: pintura Pintor: desconocido Objeto: pintura al \u00f3leo Material: \u00d3leo sobre madera Dimensiones: alt: 54,5 cm, ancho: 65 cm; con marco: alto: 71,5 cm, ancho: 82 cm Periodo de realizaci\u00f3n: desconocido Estado: Varias desconchaduras en la pintura, puerta del armario parcialmente rayada y golpeada Firma: sin firma<\/p>\n","protected":false},"featured_media":45947,"template":"","meta":[],"product_brand":[],"product_cat":[835,778],"product_tag":[],"class_list":{"0":"post-45941","1":"product","2":"type-product","3":"status-publish","4":"has-post-thumbnail","6":"product_cat-arte-naif","7":"product_cat-pintura","9":"first","10":"instock","11":"sold-individually","12":"shipping-taxable","13":"purchasable","14":"product-type-simple"},"yoast_head":"<!-- This site is optimized with the Yoast SEO plugin v27.4 - https:\/\/yoast.com\/product\/yoast-seo-wordpress\/ -->\n<title>Arte na\u00eff \u2013 Paisaje invernal con trineo tirado por caballos \u2013 Cuadro<\/title>\n<meta name=\"description\" content=\"Pintura al \u00f3leo sobre la puerta del armario, de estilo arte na\u00eff, con un trineo tirado por caballos en un paisaje invernal como motivo.\" \/>\n<meta name=\"robots\" content=\"index, follow, max-snippet:-1, max-image-preview:large, max-video-preview:-1\" \/>\n<link rel=\"canonical\" href=\"https:\/\/www.robertzueblin.com\/es\/epocas-artisticas\/arte-naif\/paisaje-invernal-con-trineo-tirado-por-caballos-cuadro-en-la-puerta-de-un-armario\/\" \/>\n<meta property=\"og:locale\" content=\"es_ES\" \/>\n<meta property=\"og:type\" content=\"article\" \/>\n<meta property=\"og:title\" content=\"Arte na\u00eff \u2013 Paisaje invernal con trineo tirado por caballos \u2013 Cuadro\" \/>\n<meta property=\"og:description\" content=\"Pintura al \u00f3leo sobre la puerta del armario, de estilo arte na\u00eff, con un trineo tirado por caballos en un paisaje invernal como motivo.\" \/>\n<meta property=\"og:url\" content=\"https:\/\/www.robertzueblin.com\/es\/epocas-artisticas\/arte-naif\/paisaje-invernal-con-trineo-tirado-por-caballos-cuadro-en-la-puerta-de-un-armario\/\" \/>\n<meta property=\"og:site_name\" content=\"ROBERT Z\u00dcBLIN\" \/>\n<meta property=\"article:modified_time\" content=\"2025-09-19T19:10:29+00:00\" \/>\n<meta property=\"og:image\" content=\"https:\/\/www.robertzueblin.com\/wp-content\/uploads\/arte-naiv-cuadro-puerta-armario-paisaje-invernal-trineo-tirado-caballos-foto-titulo.jpg\" \/>\n\t<meta property=\"og:image:width\" content=\"1000\" \/>\n\t<meta property=\"og:image:height\" content=\"1361\" \/>\n\t<meta property=\"og:image:type\" content=\"image\/jpeg\" \/>\n<meta name=\"twitter:card\" content=\"summary_large_image\" \/>\n<script type=\"application\/ld+json\" class=\"yoast-schema-graph\">{\"@context\":\"https:\\\/\\\/schema.org\",\"@graph\":[{\"@type\":\"WebPage\",\"@id\":\"https:\\\/\\\/www.robertzueblin.com\\\/es\\\/epocas-artisticas\\\/arte-naif\\\/paisaje-invernal-con-trineo-tirado-por-caballos-cuadro-en-la-puerta-de-un-armario\\\/\",\"url\":\"https:\\\/\\\/www.robertzueblin.com\\\/es\\\/epocas-artisticas\\\/arte-naif\\\/paisaje-invernal-con-trineo-tirado-por-caballos-cuadro-en-la-puerta-de-un-armario\\\/\",\"name\":\"Arte na\u00eff \u2013 Paisaje invernal con trineo tirado por caballos \u2013 Cuadro\",\"isPartOf\":{\"@id\":\"https:\\\/\\\/www.robertzueblin.com\\\/es\\\/#website\"},\"primaryImageOfPage\":{\"@id\":\"https:\\\/\\\/www.robertzueblin.com\\\/es\\\/epocas-artisticas\\\/arte-naif\\\/paisaje-invernal-con-trineo-tirado-por-caballos-cuadro-en-la-puerta-de-un-armario\\\/#primaryimage\"},\"image\":{\"@id\":\"https:\\\/\\\/www.robertzueblin.com\\\/es\\\/epocas-artisticas\\\/arte-naif\\\/paisaje-invernal-con-trineo-tirado-por-caballos-cuadro-en-la-puerta-de-un-armario\\\/#primaryimage\"},\"thumbnailUrl\":\"https:\\\/\\\/www.robertzueblin.com\\\/wp-content\\\/uploads\\\/arte-naiv-cuadro-puerta-armario-paisaje-invernal-trineo-tirado-caballos-foto-titulo.jpg\",\"datePublished\":\"2025-08-12T09:34:16+00:00\",\"dateModified\":\"2025-09-19T19:10:29+00:00\",\"description\":\"Pintura al \u00f3leo sobre la puerta del armario, de estilo arte na\u00eff, con un trineo tirado por caballos en un paisaje invernal como motivo.\",\"breadcrumb\":{\"@id\":\"https:\\\/\\\/www.robertzueblin.com\\\/es\\\/epocas-artisticas\\\/arte-naif\\\/paisaje-invernal-con-trineo-tirado-por-caballos-cuadro-en-la-puerta-de-un-armario\\\/#breadcrumb\"},\"inLanguage\":\"es\",\"potentialAction\":[{\"@type\":\"ReadAction\",\"target\":[\"https:\\\/\\\/www.robertzueblin.com\\\/es\\\/epocas-artisticas\\\/arte-naif\\\/paisaje-invernal-con-trineo-tirado-por-caballos-cuadro-en-la-puerta-de-un-armario\\\/\"]}]},{\"@type\":\"ImageObject\",\"inLanguage\":\"es\",\"@id\":\"https:\\\/\\\/www.robertzueblin.com\\\/es\\\/epocas-artisticas\\\/arte-naif\\\/paisaje-invernal-con-trineo-tirado-por-caballos-cuadro-en-la-puerta-de-un-armario\\\/#primaryimage\",\"url\":\"https:\\\/\\\/www.robertzueblin.com\\\/wp-content\\\/uploads\\\/arte-naiv-cuadro-puerta-armario-paisaje-invernal-trineo-tirado-caballos-foto-titulo.jpg\",\"contentUrl\":\"https:\\\/\\\/www.robertzueblin.com\\\/wp-content\\\/uploads\\\/arte-naiv-cuadro-puerta-armario-paisaje-invernal-trineo-tirado-caballos-foto-titulo.jpg\",\"width\":1000,\"height\":1361},{\"@type\":\"BreadcrumbList\",\"@id\":\"https:\\\/\\\/www.robertzueblin.com\\\/es\\\/epocas-artisticas\\\/arte-naif\\\/paisaje-invernal-con-trineo-tirado-por-caballos-cuadro-en-la-puerta-de-un-armario\\\/#breadcrumb\",\"itemListElement\":[{\"@type\":\"ListItem\",\"position\":1,\"name\":\"Startseite\",\"item\":\"https:\\\/\\\/www.robertzueblin.com\\\/es\\\/\"},{\"@type\":\"ListItem\",\"position\":2,\"name\":\"Galer\u00eda de arte online (tienda online)\",\"item\":\"https:\\\/\\\/www.robertzueblin.com\\\/es\\\/galeria-de-arte-online\\\/\"},{\"@type\":\"ListItem\",\"position\":3,\"name\":\"Arte na\u00eff \u2013 Paisaje invernal con trineo tirado por caballos \u2013 Cuadro en la puerta de un armario\"}]},{\"@type\":\"WebSite\",\"@id\":\"https:\\\/\\\/www.robertzueblin.com\\\/es\\\/#website\",\"url\":\"https:\\\/\\\/www.robertzueblin.com\\\/es\\\/\",\"name\":\"ROBERT Z\u00dcBLIN\",\"description\":\"\",\"publisher\":{\"@id\":\"https:\\\/\\\/www.robertzueblin.com\\\/es\\\/#organization\"},\"potentialAction\":[{\"@type\":\"SearchAction\",\"target\":{\"@type\":\"EntryPoint\",\"urlTemplate\":\"https:\\\/\\\/www.robertzueblin.com\\\/es\\\/?s={search_term_string}\"},\"query-input\":{\"@type\":\"PropertyValueSpecification\",\"valueRequired\":true,\"valueName\":\"search_term_string\"}}],\"inLanguage\":\"es\"},{\"@type\":\"Organization\",\"@id\":\"https:\\\/\\\/www.robertzueblin.com\\\/es\\\/#organization\",\"name\":\"ROBERT Z\u00dcBLIN\",\"url\":\"https:\\\/\\\/www.robertzueblin.com\\\/es\\\/\",\"logo\":{\"@type\":\"ImageObject\",\"inLanguage\":\"es\",\"@id\":\"https:\\\/\\\/www.robertzueblin.com\\\/es\\\/#\\\/schema\\\/logo\\\/image\\\/\",\"url\":\"https:\\\/\\\/www.robertzueblin.com\\\/wp-content\\\/uploads\\\/cropped-cropped-logo-von-robert-zueblin.jpg\",\"contentUrl\":\"https:\\\/\\\/www.robertzueblin.com\\\/wp-content\\\/uploads\\\/cropped-cropped-logo-von-robert-zueblin.jpg\",\"width\":440,\"height\":60,\"caption\":\"ROBERT Z\u00dcBLIN\"},\"image\":{\"@id\":\"https:\\\/\\\/www.robertzueblin.com\\\/es\\\/#\\\/schema\\\/logo\\\/image\\\/\"}}]}<\/script>\n<!-- \/ Yoast SEO plugin. -->","yoast_head_json":{"title":"Arte na\u00eff \u2013 Paisaje invernal con trineo tirado por caballos \u2013 Cuadro","description":"Pintura al \u00f3leo sobre la puerta del armario, de estilo arte na\u00eff, con un trineo tirado por caballos en un paisaje invernal como motivo.","robots":{"index":"index","follow":"follow","max-snippet":"max-snippet:-1","max-image-preview":"max-image-preview:large","max-video-preview":"max-video-preview:-1"},"canonical":"https:\/\/www.robertzueblin.com\/es\/epocas-artisticas\/arte-naif\/paisaje-invernal-con-trineo-tirado-por-caballos-cuadro-en-la-puerta-de-un-armario\/","og_locale":"es_ES","og_type":"article","og_title":"Arte na\u00eff \u2013 Paisaje invernal con trineo tirado por caballos \u2013 Cuadro","og_description":"Pintura al \u00f3leo sobre la puerta del armario, de estilo arte na\u00eff, con un trineo tirado por caballos en un paisaje invernal como motivo.","og_url":"https:\/\/www.robertzueblin.com\/es\/epocas-artisticas\/arte-naif\/paisaje-invernal-con-trineo-tirado-por-caballos-cuadro-en-la-puerta-de-un-armario\/","og_site_name":"ROBERT Z\u00dcBLIN","article_modified_time":"2025-09-19T19:10:29+00:00","og_image":[{"width":1000,"height":1361,"url":"https:\/\/www.robertzueblin.com\/wp-content\/uploads\/arte-naiv-cuadro-puerta-armario-paisaje-invernal-trineo-tirado-caballos-foto-titulo.jpg","type":"image\/jpeg"}],"twitter_card":"summary_large_image","schema":{"@context":"https:\/\/schema.org","@graph":[{"@type":"WebPage","@id":"https:\/\/www.robertzueblin.com\/es\/epocas-artisticas\/arte-naif\/paisaje-invernal-con-trineo-tirado-por-caballos-cuadro-en-la-puerta-de-un-armario\/","url":"https:\/\/www.robertzueblin.com\/es\/epocas-artisticas\/arte-naif\/paisaje-invernal-con-trineo-tirado-por-caballos-cuadro-en-la-puerta-de-un-armario\/","name":"Arte na\u00eff \u2013 Paisaje invernal con trineo tirado por caballos \u2013 Cuadro","isPartOf":{"@id":"https:\/\/www.robertzueblin.com\/es\/#website"},"primaryImageOfPage":{"@id":"https:\/\/www.robertzueblin.com\/es\/epocas-artisticas\/arte-naif\/paisaje-invernal-con-trineo-tirado-por-caballos-cuadro-en-la-puerta-de-un-armario\/#primaryimage"},"image":{"@id":"https:\/\/www.robertzueblin.com\/es\/epocas-artisticas\/arte-naif\/paisaje-invernal-con-trineo-tirado-por-caballos-cuadro-en-la-puerta-de-un-armario\/#primaryimage"},"thumbnailUrl":"https:\/\/www.robertzueblin.com\/wp-content\/uploads\/arte-naiv-cuadro-puerta-armario-paisaje-invernal-trineo-tirado-caballos-foto-titulo.jpg","datePublished":"2025-08-12T09:34:16+00:00","dateModified":"2025-09-19T19:10:29+00:00","description":"Pintura al \u00f3leo sobre la puerta del armario, de estilo arte na\u00eff, con un trineo tirado por caballos en un paisaje invernal como motivo.","breadcrumb":{"@id":"https:\/\/www.robertzueblin.com\/es\/epocas-artisticas\/arte-naif\/paisaje-invernal-con-trineo-tirado-por-caballos-cuadro-en-la-puerta-de-un-armario\/#breadcrumb"},"inLanguage":"es","potentialAction":[{"@type":"ReadAction","target":["https:\/\/www.robertzueblin.com\/es\/epocas-artisticas\/arte-naif\/paisaje-invernal-con-trineo-tirado-por-caballos-cuadro-en-la-puerta-de-un-armario\/"]}]},{"@type":"ImageObject","inLanguage":"es","@id":"https:\/\/www.robertzueblin.com\/es\/epocas-artisticas\/arte-naif\/paisaje-invernal-con-trineo-tirado-por-caballos-cuadro-en-la-puerta-de-un-armario\/#primaryimage","url":"https:\/\/www.robertzueblin.com\/wp-content\/uploads\/arte-naiv-cuadro-puerta-armario-paisaje-invernal-trineo-tirado-caballos-foto-titulo.jpg","contentUrl":"https:\/\/www.robertzueblin.com\/wp-content\/uploads\/arte-naiv-cuadro-puerta-armario-paisaje-invernal-trineo-tirado-caballos-foto-titulo.jpg","width":1000,"height":1361},{"@type":"BreadcrumbList","@id":"https:\/\/www.robertzueblin.com\/es\/epocas-artisticas\/arte-naif\/paisaje-invernal-con-trineo-tirado-por-caballos-cuadro-en-la-puerta-de-un-armario\/#breadcrumb","itemListElement":[{"@type":"ListItem","position":1,"name":"Startseite","item":"https:\/\/www.robertzueblin.com\/es\/"},{"@type":"ListItem","position":2,"name":"Galer\u00eda de arte online (tienda online)","item":"https:\/\/www.robertzueblin.com\/es\/galeria-de-arte-online\/"},{"@type":"ListItem","position":3,"name":"Arte na\u00eff \u2013 Paisaje invernal con trineo tirado por caballos \u2013 Cuadro en la puerta de un armario"}]},{"@type":"WebSite","@id":"https:\/\/www.robertzueblin.com\/es\/#website","url":"https:\/\/www.robertzueblin.com\/es\/","name":"ROBERT Z\u00dcBLIN","description":"","publisher":{"@id":"https:\/\/www.robertzueblin.com\/es\/#organization"},"potentialAction":[{"@type":"SearchAction","target":{"@type":"EntryPoint","urlTemplate":"https:\/\/www.robertzueblin.com\/es\/?s={search_term_string}"},"query-input":{"@type":"PropertyValueSpecification","valueRequired":true,"valueName":"search_term_string"}}],"inLanguage":"es"},{"@type":"Organization","@id":"https:\/\/www.robertzueblin.com\/es\/#organization","name":"ROBERT Z\u00dcBLIN","url":"https:\/\/www.robertzueblin.com\/es\/","logo":{"@type":"ImageObject","inLanguage":"es","@id":"https:\/\/www.robertzueblin.com\/es\/#\/schema\/logo\/image\/","url":"https:\/\/www.robertzueblin.com\/wp-content\/uploads\/cropped-cropped-logo-von-robert-zueblin.jpg","contentUrl":"https:\/\/www.robertzueblin.com\/wp-content\/uploads\/cropped-cropped-logo-von-robert-zueblin.jpg","width":440,"height":60,"caption":"ROBERT Z\u00dcBLIN"},"image":{"@id":"https:\/\/www.robertzueblin.com\/es\/#\/schema\/logo\/image\/"}}]}},"_links":{"self":[{"href":"https:\/\/www.robertzueblin.com\/es\/wp-json\/wp\/v2\/product\/45941","targetHints":{"allow":["GET"]}}],"collection":[{"href":"https:\/\/www.robertzueblin.com\/es\/wp-json\/wp\/v2\/product"}],"about":[{"href":"https:\/\/www.robertzueblin.com\/es\/wp-json\/wp\/v2\/types\/product"}],"wp:featuredmedia":[{"embeddable":true,"href":"https:\/\/www.robertzueblin.com\/es\/wp-json\/wp\/v2\/media\/45947"}],"wp:attachment":[{"href":"https:\/\/www.robertzueblin.com\/es\/wp-json\/wp\/v2\/media?parent=45941"}],"wp:term":[{"taxonomy":"product_brand","embeddable":true,"href":"https:\/\/www.robertzueblin.com\/es\/wp-json\/wp\/v2\/product_brand?post=45941"},{"taxonomy":"product_cat","embeddable":true,"href":"https:\/\/www.robertzueblin.com\/es\/wp-json\/wp\/v2\/product_cat?post=45941"},{"taxonomy":"product_tag","embeddable":true,"href":"https:\/\/www.robertzueblin.com\/es\/wp-json\/wp\/v2\/product_tag?post=45941"}],"curies":[{"name":"wp","href":"https:\/\/api.w.org\/{rel}","templated":true}]}}