{"id":45747,"date":"2025-08-23T02:13:05","date_gmt":"2025-08-23T00:13:05","guid":{"rendered":"https:\/\/www.robertzueblin.com\/?post_type=product&#038;p=45747"},"modified":"2025-09-19T21:08:11","modified_gmt":"2025-09-19T19:08:11","slug":"rudolf-tschan-1848-%e2%80%a0-1919-sendero-oleo-sobre-lienzo","status":"publish","type":"product","link":"https:\/\/www.robertzueblin.com\/es\/rudolf-tschan\/sendero-oleo-sobre-lienzo\/","title":{"rendered":"Rudolf TSCHAN (* 1848, \u2020 1919) &#8211; Sendero &#8211; \u00d3leo sobre lienzo sobre cart\u00f3n"},"content":{"rendered":"<p><span style=\"font-family: AkkoPro-BoldCondensed!important\">Tipo:<\/span> <a href=\"https:\/\/www.robertzueblin.com\/es\/tipo\/pintura\/\">pintura<\/a><\/p>\n<p><span style=\"font-family: AkkoPro-BoldCondensed!important\">Pintor:<\/span> <a href=\"https:\/\/www.robertzueblin.com\/es\/rudolf-tschan\/\">Rudolf TSCHAN<\/a> (* 1848, \u2020 1919)<\/p>\n<p><span style=\"font-family: AkkoPro-BoldCondensed!important\">Objeto:<\/span> <a href=\"https:\/\/www.robertzueblin.com\/es\/cuadros-al-oleo\/\">pintura al \u00f3leo<\/a><\/p>\n<p><span style=\"font-family: AkkoPro-BoldCondensed!important\">Material:<\/span> \u00f3leo sobre lienzo sobre cart\u00f3n<\/p>\n<p><span style=\"font-family: AkkoPro-BoldCondensed!important\">Dimensiones:<\/span> alto: 26,2 cm, ancho: 19,3 cm; con marco: alto: 30 cm, ancho: 23,3 cm<\/p>\n<p><span style=\"font-family: AkkoPro-BoldCondensed!important\">Periodo de realizaci\u00f3n:<\/span> finales del siglo XIX. &#8211; principios del siglo XX<\/p>\n<p><span style=\"font-family: AkkoPro-BoldCondensed!important\">Estado:<\/span> Faltan partes y hay grietas en el marco; la imagen no presenta da\u00f1os.<\/p>\n<p><span style=\"font-family: AkkoPro-BoldCondensed!important\">Firma:<\/span> R. Tschan<\/p>\n","protected":false},"excerpt":{"rendered":"<p>Tipo: pintura Pintor: Rudolf TSCHAN (* 1848, \u2020 1919) Objeto: pintura al \u00f3leo Material: \u00f3leo sobre lienzo sobre cart\u00f3n Dimensiones: alto: 26,2 cm, ancho: 19,3 cm; con marco: alto: 30 cm, ancho: 23,3 cm Periodo de realizaci\u00f3n: finales del siglo XIX. &#8211; principios del siglo XX Estado: Faltan partes y hay grietas en el marco; [&hellip;]<\/p>\n","protected":false},"featured_media":45752,"template":"","meta":[],"product_brand":[],"product_cat":[778,498,813],"product_tag":[],"class_list":{"0":"post-45747","1":"product","2":"type-product","3":"status-publish","4":"has-post-thumbnail","6":"product_cat-pintura","7":"product_cat-cuadros-al-oleo","8":"product_cat-rudolf-tschan","10":"first","11":"instock","12":"sold-individually","13":"shipping-taxable","14":"purchasable","15":"product-type-simple"},"yoast_head":"<!-- This site is optimized with the Yoast SEO plugin v27.4 - https:\/\/yoast.com\/product\/yoast-seo-wordpress\/ -->\n<title>Rudolf TSCHAN (* 1848, \u2020 1919) - Sendero - \u00d3leo sobre lienzo<\/title>\n<meta name=\"description\" content=\"\u00d3leo del pintor paisajista y retratista Rudolf Tschan, que tambi\u00e9n ejerci\u00f3 como profesor de dibujo: el motivo es un camino en el bosque de la monta\u00f1a.\" \/>\n<meta name=\"robots\" content=\"index, follow, max-snippet:-1, max-image-preview:large, max-video-preview:-1\" \/>\n<link rel=\"canonical\" href=\"https:\/\/www.robertzueblin.com\/es\/rudolf-tschan\/sendero-oleo-sobre-lienzo\/\" \/>\n<meta property=\"og:locale\" content=\"es_ES\" \/>\n<meta property=\"og:type\" content=\"article\" \/>\n<meta property=\"og:title\" content=\"Rudolf TSCHAN (* 1848, \u2020 1919) - Sendero - \u00d3leo sobre lienzo\" \/>\n<meta property=\"og:description\" content=\"\u00d3leo del pintor paisajista y retratista Rudolf Tschan, que tambi\u00e9n ejerci\u00f3 como profesor de dibujo: el motivo es un camino en el bosque de la monta\u00f1a.\" \/>\n<meta property=\"og:url\" content=\"https:\/\/www.robertzueblin.com\/es\/rudolf-tschan\/sendero-oleo-sobre-lienzo\/\" \/>\n<meta property=\"og:site_name\" content=\"ROBERT Z\u00dcBLIN\" \/>\n<meta property=\"article:modified_time\" content=\"2025-09-19T19:08:11+00:00\" \/>\n<meta property=\"og:image\" content=\"https:\/\/www.robertzueblin.com\/wp-content\/uploads\/rudolf-tschan-oleo-lienzo-carton-sendero-foto-titulo.jpg\" \/>\n\t<meta property=\"og:image:width\" content=\"1000\" \/>\n\t<meta property=\"og:image:height\" content=\"1379\" \/>\n\t<meta property=\"og:image:type\" content=\"image\/jpeg\" \/>\n<meta name=\"twitter:card\" content=\"summary_large_image\" \/>\n<script type=\"application\/ld+json\" class=\"yoast-schema-graph\">{\"@context\":\"https:\\\/\\\/schema.org\",\"@graph\":[{\"@type\":\"WebPage\",\"@id\":\"https:\\\/\\\/www.robertzueblin.com\\\/es\\\/rudolf-tschan\\\/sendero-oleo-sobre-lienzo\\\/\",\"url\":\"https:\\\/\\\/www.robertzueblin.com\\\/es\\\/rudolf-tschan\\\/sendero-oleo-sobre-lienzo\\\/\",\"name\":\"Rudolf TSCHAN (* 1848, \u2020 1919) - Sendero - \u00d3leo sobre lienzo\",\"isPartOf\":{\"@id\":\"https:\\\/\\\/www.robertzueblin.com\\\/es\\\/#website\"},\"primaryImageOfPage\":{\"@id\":\"https:\\\/\\\/www.robertzueblin.com\\\/es\\\/rudolf-tschan\\\/sendero-oleo-sobre-lienzo\\\/#primaryimage\"},\"image\":{\"@id\":\"https:\\\/\\\/www.robertzueblin.com\\\/es\\\/rudolf-tschan\\\/sendero-oleo-sobre-lienzo\\\/#primaryimage\"},\"thumbnailUrl\":\"https:\\\/\\\/www.robertzueblin.com\\\/wp-content\\\/uploads\\\/rudolf-tschan-oleo-lienzo-carton-sendero-foto-titulo.jpg\",\"datePublished\":\"2025-08-23T00:13:05+00:00\",\"dateModified\":\"2025-09-19T19:08:11+00:00\",\"description\":\"\u00d3leo del pintor paisajista y retratista Rudolf Tschan, que tambi\u00e9n ejerci\u00f3 como profesor de dibujo: el motivo es un camino en el bosque de la monta\u00f1a.\",\"breadcrumb\":{\"@id\":\"https:\\\/\\\/www.robertzueblin.com\\\/es\\\/rudolf-tschan\\\/sendero-oleo-sobre-lienzo\\\/#breadcrumb\"},\"inLanguage\":\"es\",\"potentialAction\":[{\"@type\":\"ReadAction\",\"target\":[\"https:\\\/\\\/www.robertzueblin.com\\\/es\\\/rudolf-tschan\\\/sendero-oleo-sobre-lienzo\\\/\"]}]},{\"@type\":\"ImageObject\",\"inLanguage\":\"es\",\"@id\":\"https:\\\/\\\/www.robertzueblin.com\\\/es\\\/rudolf-tschan\\\/sendero-oleo-sobre-lienzo\\\/#primaryimage\",\"url\":\"https:\\\/\\\/www.robertzueblin.com\\\/wp-content\\\/uploads\\\/rudolf-tschan-oleo-lienzo-carton-sendero-foto-titulo.jpg\",\"contentUrl\":\"https:\\\/\\\/www.robertzueblin.com\\\/wp-content\\\/uploads\\\/rudolf-tschan-oleo-lienzo-carton-sendero-foto-titulo.jpg\",\"width\":1000,\"height\":1379},{\"@type\":\"BreadcrumbList\",\"@id\":\"https:\\\/\\\/www.robertzueblin.com\\\/es\\\/rudolf-tschan\\\/sendero-oleo-sobre-lienzo\\\/#breadcrumb\",\"itemListElement\":[{\"@type\":\"ListItem\",\"position\":1,\"name\":\"Startseite\",\"item\":\"https:\\\/\\\/www.robertzueblin.com\\\/es\\\/\"},{\"@type\":\"ListItem\",\"position\":2,\"name\":\"Galer\u00eda de arte online (tienda online)\",\"item\":\"https:\\\/\\\/www.robertzueblin.com\\\/es\\\/galeria-de-arte-online\\\/\"},{\"@type\":\"ListItem\",\"position\":3,\"name\":\"Rudolf TSCHAN (* 1848, \u2020 1919) &#8211; Sendero &#8211; \u00d3leo sobre lienzo sobre cart\u00f3n\"}]},{\"@type\":\"WebSite\",\"@id\":\"https:\\\/\\\/www.robertzueblin.com\\\/es\\\/#website\",\"url\":\"https:\\\/\\\/www.robertzueblin.com\\\/es\\\/\",\"name\":\"ROBERT Z\u00dcBLIN\",\"description\":\"\",\"publisher\":{\"@id\":\"https:\\\/\\\/www.robertzueblin.com\\\/es\\\/#organization\"},\"potentialAction\":[{\"@type\":\"SearchAction\",\"target\":{\"@type\":\"EntryPoint\",\"urlTemplate\":\"https:\\\/\\\/www.robertzueblin.com\\\/es\\\/?s={search_term_string}\"},\"query-input\":{\"@type\":\"PropertyValueSpecification\",\"valueRequired\":true,\"valueName\":\"search_term_string\"}}],\"inLanguage\":\"es\"},{\"@type\":\"Organization\",\"@id\":\"https:\\\/\\\/www.robertzueblin.com\\\/es\\\/#organization\",\"name\":\"ROBERT Z\u00dcBLIN\",\"url\":\"https:\\\/\\\/www.robertzueblin.com\\\/es\\\/\",\"logo\":{\"@type\":\"ImageObject\",\"inLanguage\":\"es\",\"@id\":\"https:\\\/\\\/www.robertzueblin.com\\\/es\\\/#\\\/schema\\\/logo\\\/image\\\/\",\"url\":\"https:\\\/\\\/www.robertzueblin.com\\\/wp-content\\\/uploads\\\/cropped-cropped-logo-von-robert-zueblin.jpg\",\"contentUrl\":\"https:\\\/\\\/www.robertzueblin.com\\\/wp-content\\\/uploads\\\/cropped-cropped-logo-von-robert-zueblin.jpg\",\"width\":440,\"height\":60,\"caption\":\"ROBERT Z\u00dcBLIN\"},\"image\":{\"@id\":\"https:\\\/\\\/www.robertzueblin.com\\\/es\\\/#\\\/schema\\\/logo\\\/image\\\/\"}}]}<\/script>\n<!-- \/ Yoast SEO plugin. -->","yoast_head_json":{"title":"Rudolf TSCHAN (* 1848, \u2020 1919) - Sendero - \u00d3leo sobre lienzo","description":"\u00d3leo del pintor paisajista y retratista Rudolf Tschan, que tambi\u00e9n ejerci\u00f3 como profesor de dibujo: el motivo es un camino en el bosque de la monta\u00f1a.","robots":{"index":"index","follow":"follow","max-snippet":"max-snippet:-1","max-image-preview":"max-image-preview:large","max-video-preview":"max-video-preview:-1"},"canonical":"https:\/\/www.robertzueblin.com\/es\/rudolf-tschan\/sendero-oleo-sobre-lienzo\/","og_locale":"es_ES","og_type":"article","og_title":"Rudolf TSCHAN (* 1848, \u2020 1919) - Sendero - \u00d3leo sobre lienzo","og_description":"\u00d3leo del pintor paisajista y retratista Rudolf Tschan, que tambi\u00e9n ejerci\u00f3 como profesor de dibujo: el motivo es un camino en el bosque de la monta\u00f1a.","og_url":"https:\/\/www.robertzueblin.com\/es\/rudolf-tschan\/sendero-oleo-sobre-lienzo\/","og_site_name":"ROBERT Z\u00dcBLIN","article_modified_time":"2025-09-19T19:08:11+00:00","og_image":[{"width":1000,"height":1379,"url":"https:\/\/www.robertzueblin.com\/wp-content\/uploads\/rudolf-tschan-oleo-lienzo-carton-sendero-foto-titulo.jpg","type":"image\/jpeg"}],"twitter_card":"summary_large_image","schema":{"@context":"https:\/\/schema.org","@graph":[{"@type":"WebPage","@id":"https:\/\/www.robertzueblin.com\/es\/rudolf-tschan\/sendero-oleo-sobre-lienzo\/","url":"https:\/\/www.robertzueblin.com\/es\/rudolf-tschan\/sendero-oleo-sobre-lienzo\/","name":"Rudolf TSCHAN (* 1848, \u2020 1919) - Sendero - \u00d3leo sobre lienzo","isPartOf":{"@id":"https:\/\/www.robertzueblin.com\/es\/#website"},"primaryImageOfPage":{"@id":"https:\/\/www.robertzueblin.com\/es\/rudolf-tschan\/sendero-oleo-sobre-lienzo\/#primaryimage"},"image":{"@id":"https:\/\/www.robertzueblin.com\/es\/rudolf-tschan\/sendero-oleo-sobre-lienzo\/#primaryimage"},"thumbnailUrl":"https:\/\/www.robertzueblin.com\/wp-content\/uploads\/rudolf-tschan-oleo-lienzo-carton-sendero-foto-titulo.jpg","datePublished":"2025-08-23T00:13:05+00:00","dateModified":"2025-09-19T19:08:11+00:00","description":"\u00d3leo del pintor paisajista y retratista Rudolf Tschan, que tambi\u00e9n ejerci\u00f3 como profesor de dibujo: el motivo es un camino en el bosque de la monta\u00f1a.","breadcrumb":{"@id":"https:\/\/www.robertzueblin.com\/es\/rudolf-tschan\/sendero-oleo-sobre-lienzo\/#breadcrumb"},"inLanguage":"es","potentialAction":[{"@type":"ReadAction","target":["https:\/\/www.robertzueblin.com\/es\/rudolf-tschan\/sendero-oleo-sobre-lienzo\/"]}]},{"@type":"ImageObject","inLanguage":"es","@id":"https:\/\/www.robertzueblin.com\/es\/rudolf-tschan\/sendero-oleo-sobre-lienzo\/#primaryimage","url":"https:\/\/www.robertzueblin.com\/wp-content\/uploads\/rudolf-tschan-oleo-lienzo-carton-sendero-foto-titulo.jpg","contentUrl":"https:\/\/www.robertzueblin.com\/wp-content\/uploads\/rudolf-tschan-oleo-lienzo-carton-sendero-foto-titulo.jpg","width":1000,"height":1379},{"@type":"BreadcrumbList","@id":"https:\/\/www.robertzueblin.com\/es\/rudolf-tschan\/sendero-oleo-sobre-lienzo\/#breadcrumb","itemListElement":[{"@type":"ListItem","position":1,"name":"Startseite","item":"https:\/\/www.robertzueblin.com\/es\/"},{"@type":"ListItem","position":2,"name":"Galer\u00eda de arte online (tienda online)","item":"https:\/\/www.robertzueblin.com\/es\/galeria-de-arte-online\/"},{"@type":"ListItem","position":3,"name":"Rudolf TSCHAN (* 1848, \u2020 1919) &#8211; Sendero &#8211; \u00d3leo sobre lienzo sobre cart\u00f3n"}]},{"@type":"WebSite","@id":"https:\/\/www.robertzueblin.com\/es\/#website","url":"https:\/\/www.robertzueblin.com\/es\/","name":"ROBERT Z\u00dcBLIN","description":"","publisher":{"@id":"https:\/\/www.robertzueblin.com\/es\/#organization"},"potentialAction":[{"@type":"SearchAction","target":{"@type":"EntryPoint","urlTemplate":"https:\/\/www.robertzueblin.com\/es\/?s={search_term_string}"},"query-input":{"@type":"PropertyValueSpecification","valueRequired":true,"valueName":"search_term_string"}}],"inLanguage":"es"},{"@type":"Organization","@id":"https:\/\/www.robertzueblin.com\/es\/#organization","name":"ROBERT Z\u00dcBLIN","url":"https:\/\/www.robertzueblin.com\/es\/","logo":{"@type":"ImageObject","inLanguage":"es","@id":"https:\/\/www.robertzueblin.com\/es\/#\/schema\/logo\/image\/","url":"https:\/\/www.robertzueblin.com\/wp-content\/uploads\/cropped-cropped-logo-von-robert-zueblin.jpg","contentUrl":"https:\/\/www.robertzueblin.com\/wp-content\/uploads\/cropped-cropped-logo-von-robert-zueblin.jpg","width":440,"height":60,"caption":"ROBERT Z\u00dcBLIN"},"image":{"@id":"https:\/\/www.robertzueblin.com\/es\/#\/schema\/logo\/image\/"}}]}},"_links":{"self":[{"href":"https:\/\/www.robertzueblin.com\/es\/wp-json\/wp\/v2\/product\/45747","targetHints":{"allow":["GET"]}}],"collection":[{"href":"https:\/\/www.robertzueblin.com\/es\/wp-json\/wp\/v2\/product"}],"about":[{"href":"https:\/\/www.robertzueblin.com\/es\/wp-json\/wp\/v2\/types\/product"}],"wp:featuredmedia":[{"embeddable":true,"href":"https:\/\/www.robertzueblin.com\/es\/wp-json\/wp\/v2\/media\/45752"}],"wp:attachment":[{"href":"https:\/\/www.robertzueblin.com\/es\/wp-json\/wp\/v2\/media?parent=45747"}],"wp:term":[{"taxonomy":"product_brand","embeddable":true,"href":"https:\/\/www.robertzueblin.com\/es\/wp-json\/wp\/v2\/product_brand?post=45747"},{"taxonomy":"product_cat","embeddable":true,"href":"https:\/\/www.robertzueblin.com\/es\/wp-json\/wp\/v2\/product_cat?post=45747"},{"taxonomy":"product_tag","embeddable":true,"href":"https:\/\/www.robertzueblin.com\/es\/wp-json\/wp\/v2\/product_tag?post=45747"}],"curies":[{"name":"wp","href":"https:\/\/api.w.org\/{rel}","templated":true}]}}