{"id":45647,"date":"2025-07-11T11:49:51","date_gmt":"2025-07-11T09:54:33","guid":{"rendered":"https:\/\/www.robertzueblin.com\/?post_type=product&#038;p=45647"},"modified":"2025-09-19T21:13:44","modified_gmt":"2025-09-19T19:13:44","slug":"friedrich-ernst-frank-1862-%e2%80%a0-1920-para-johann-wanzenried-plato-de-mayolica-de-thun-con-dama-noble-del-siglo-xvi","status":"publish","type":"product","link":"https:\/\/www.robertzueblin.com\/es\/friedrich-ernst-frank\/plato-de-mayolica-de-thun-con-dama-noble-del-siglo-xvi\/","title":{"rendered":"Friedrich Ernst FRANK (* 1862, \u2020 1920) para Johann WANZENRIED &#8211; Plato de may\u00f3lica de Thun con dama noble del siglo XVI"},"content":{"rendered":"<p><span style=\"font-family: AkkoPro-BoldCondensed!important\">Tipo:<\/span> <a href=\"https:\/\/www.robertzueblin.com\/es\/tipo\/pintura\/\">pintura<\/a><\/p>\n<p><span style=\"font-family: AkkoPro-BoldCondensed!important\">Taller:<\/span> <a href=\"https:\/\/www.robertzueblin.com\/es\/taller-johann-wanzenried\/\">Johann Wanzenried<\/a><\/p>\n<p><span style=\"font-family: AkkoPro-BoldCondensed!important\">Pintor:<\/span> <a href=\"https:\/\/www.robertzueblin.com\/es\/friedrich-ernst-frank\/\">Friedrich Ernst Frank<\/a> (* 1862, \u2020 1920)<\/p>\n<p><span style=\"font-family: AkkoPro-BoldCondensed!important\">Objeto:<\/span> plato de cer\u00e1mica, placa veduta<\/p>\n<p><span style=\"font-family: AkkoPro-BoldCondensed!important\">Material:<\/span> engobe y esmalte sobre cer\u00e1mica<\/p>\n<p><span style=\"font-family: AkkoPro-BoldCondensed!important\">Dimensiones:<\/span> di\u00e1metro: 29,8 cm, altura: 3 cm<\/p>\n<p><span style=\"font-family: AkkoPro-BoldCondensed!important\">A\u00f1o de producci\u00f3n:<\/span> hacia 1900<\/p>\n<p><span style=\"font-family: AkkoPro-BoldCondensed!important\">Estado:<\/span> varios desperfectos en el borde<\/p>\n<p><span style=\"font-family: AkkoPro-BoldCondensed!important\">Firma\/marca:<\/span> JW (nombre del taller), Fabrique c\u00e9ramique, J. Wanzenried, Thoune, F (monograma de Friedrich Ernst Frank)<\/p>\n","protected":false},"excerpt":{"rendered":"<p>Tipo: pintura Taller: Johann Wanzenried Pintor: Friedrich Ernst Frank (* 1862, \u2020 1920) Objeto: plato de cer\u00e1mica, placa veduta Material: engobe y esmalte sobre cer\u00e1mica Dimensiones: di\u00e1metro: 29,8 cm, altura: 3 cm A\u00f1o de producci\u00f3n: hacia 1900 Estado: varios desperfectos en el borde Firma\/marca: JW (nombre del taller), Fabrique c\u00e9ramique, J. Wanzenried, Thoune, F (monograma [&hellip;]<\/p>\n","protected":false},"featured_media":45650,"template":"","meta":[],"product_brand":[],"product_cat":[746,637,595],"product_tag":[],"class_list":{"0":"post-45647","1":"product","2":"type-product","3":"status-publish","4":"has-post-thumbnail","6":"product_cat-friedrich-ernst-frank","7":"product_cat-johann-wanzenried","8":"product_cat-thun-mayolica-thoune-ceramica-suiza-thun","10":"first","11":"instock","12":"sold-individually","13":"shipping-taxable","14":"purchasable","15":"product-type-simple"},"yoast_head":"<!-- This site is optimized with the Yoast SEO plugin v27.4 - https:\/\/yoast.com\/product\/yoast-seo-wordpress\/ -->\n<title>FRANK y WANZENRIED - Plato may\u00f3lica Thun dama siglo XVI<\/title>\n<meta name=\"description\" content=\"Plato de may\u00f3lica de Thun con una dama noble como motivo de Friedrich Ernst Frank (* 1862, \u2020 1920) para el taller de Johann Wanzenried.\" \/>\n<meta name=\"robots\" content=\"index, follow, max-snippet:-1, max-image-preview:large, max-video-preview:-1\" \/>\n<link rel=\"canonical\" href=\"https:\/\/www.robertzueblin.com\/es\/friedrich-ernst-frank\/plato-de-mayolica-de-thun-con-dama-noble-del-siglo-xvi\/\" \/>\n<meta property=\"og:locale\" content=\"es_ES\" \/>\n<meta property=\"og:type\" content=\"article\" \/>\n<meta property=\"og:title\" content=\"FRANK y WANZENRIED - Plato may\u00f3lica Thun dama siglo XVI\" \/>\n<meta property=\"og:description\" content=\"Plato de may\u00f3lica de Thun con una dama noble como motivo de Friedrich Ernst Frank (* 1862, \u2020 1920) para el taller de Johann Wanzenried.\" \/>\n<meta property=\"og:url\" content=\"https:\/\/www.robertzueblin.com\/es\/friedrich-ernst-frank\/plato-de-mayolica-de-thun-con-dama-noble-del-siglo-xvi\/\" \/>\n<meta property=\"og:site_name\" content=\"ROBERT Z\u00dcBLIN\" \/>\n<meta property=\"article:modified_time\" content=\"2025-09-19T19:13:44+00:00\" \/>\n<meta property=\"og:image\" content=\"https:\/\/www.robertzueblin.com\/wp-content\/uploads\/friedrich-ernst-frank-johann-wanzenried-mayolica-thun-plato-dama-noble-siglo-16-foto-titulo.jpg\" \/>\n\t<meta property=\"og:image:width\" content=\"1000\" \/>\n\t<meta property=\"og:image:height\" content=\"1000\" \/>\n\t<meta property=\"og:image:type\" content=\"image\/jpeg\" \/>\n<meta name=\"twitter:card\" content=\"summary_large_image\" \/>\n<script type=\"application\/ld+json\" class=\"yoast-schema-graph\">{\"@context\":\"https:\\\/\\\/schema.org\",\"@graph\":[{\"@type\":\"WebPage\",\"@id\":\"https:\\\/\\\/www.robertzueblin.com\\\/es\\\/friedrich-ernst-frank\\\/plato-de-mayolica-de-thun-con-dama-noble-del-siglo-xvi\\\/\",\"url\":\"https:\\\/\\\/www.robertzueblin.com\\\/es\\\/friedrich-ernst-frank\\\/plato-de-mayolica-de-thun-con-dama-noble-del-siglo-xvi\\\/\",\"name\":\"FRANK y WANZENRIED - Plato may\u00f3lica Thun dama siglo XVI\",\"isPartOf\":{\"@id\":\"https:\\\/\\\/www.robertzueblin.com\\\/es\\\/#website\"},\"primaryImageOfPage\":{\"@id\":\"https:\\\/\\\/www.robertzueblin.com\\\/es\\\/friedrich-ernst-frank\\\/plato-de-mayolica-de-thun-con-dama-noble-del-siglo-xvi\\\/#primaryimage\"},\"image\":{\"@id\":\"https:\\\/\\\/www.robertzueblin.com\\\/es\\\/friedrich-ernst-frank\\\/plato-de-mayolica-de-thun-con-dama-noble-del-siglo-xvi\\\/#primaryimage\"},\"thumbnailUrl\":\"https:\\\/\\\/www.robertzueblin.com\\\/wp-content\\\/uploads\\\/friedrich-ernst-frank-johann-wanzenried-mayolica-thun-plato-dama-noble-siglo-16-foto-titulo.jpg\",\"datePublished\":\"2025-07-11T09:54:33+00:00\",\"dateModified\":\"2025-09-19T19:13:44+00:00\",\"description\":\"Plato de may\u00f3lica de Thun con una dama noble como motivo de Friedrich Ernst Frank (* 1862, \u2020 1920) para el taller de Johann Wanzenried.\",\"breadcrumb\":{\"@id\":\"https:\\\/\\\/www.robertzueblin.com\\\/es\\\/friedrich-ernst-frank\\\/plato-de-mayolica-de-thun-con-dama-noble-del-siglo-xvi\\\/#breadcrumb\"},\"inLanguage\":\"es\",\"potentialAction\":[{\"@type\":\"ReadAction\",\"target\":[\"https:\\\/\\\/www.robertzueblin.com\\\/es\\\/friedrich-ernst-frank\\\/plato-de-mayolica-de-thun-con-dama-noble-del-siglo-xvi\\\/\"]}]},{\"@type\":\"ImageObject\",\"inLanguage\":\"es\",\"@id\":\"https:\\\/\\\/www.robertzueblin.com\\\/es\\\/friedrich-ernst-frank\\\/plato-de-mayolica-de-thun-con-dama-noble-del-siglo-xvi\\\/#primaryimage\",\"url\":\"https:\\\/\\\/www.robertzueblin.com\\\/wp-content\\\/uploads\\\/friedrich-ernst-frank-johann-wanzenried-mayolica-thun-plato-dama-noble-siglo-16-foto-titulo.jpg\",\"contentUrl\":\"https:\\\/\\\/www.robertzueblin.com\\\/wp-content\\\/uploads\\\/friedrich-ernst-frank-johann-wanzenried-mayolica-thun-plato-dama-noble-siglo-16-foto-titulo.jpg\",\"width\":1000,\"height\":1000},{\"@type\":\"BreadcrumbList\",\"@id\":\"https:\\\/\\\/www.robertzueblin.com\\\/es\\\/friedrich-ernst-frank\\\/plato-de-mayolica-de-thun-con-dama-noble-del-siglo-xvi\\\/#breadcrumb\",\"itemListElement\":[{\"@type\":\"ListItem\",\"position\":1,\"name\":\"Startseite\",\"item\":\"https:\\\/\\\/www.robertzueblin.com\\\/es\\\/\"},{\"@type\":\"ListItem\",\"position\":2,\"name\":\"Galer\u00eda de arte online (tienda online)\",\"item\":\"https:\\\/\\\/www.robertzueblin.com\\\/es\\\/galeria-de-arte-online\\\/\"},{\"@type\":\"ListItem\",\"position\":3,\"name\":\"Friedrich Ernst FRANK (* 1862, \u2020 1920) para Johann WANZENRIED &#8211; Plato de may\u00f3lica de Thun con dama noble del siglo XVI\"}]},{\"@type\":\"WebSite\",\"@id\":\"https:\\\/\\\/www.robertzueblin.com\\\/es\\\/#website\",\"url\":\"https:\\\/\\\/www.robertzueblin.com\\\/es\\\/\",\"name\":\"ROBERT Z\u00dcBLIN\",\"description\":\"\",\"publisher\":{\"@id\":\"https:\\\/\\\/www.robertzueblin.com\\\/es\\\/#organization\"},\"potentialAction\":[{\"@type\":\"SearchAction\",\"target\":{\"@type\":\"EntryPoint\",\"urlTemplate\":\"https:\\\/\\\/www.robertzueblin.com\\\/es\\\/?s={search_term_string}\"},\"query-input\":{\"@type\":\"PropertyValueSpecification\",\"valueRequired\":true,\"valueName\":\"search_term_string\"}}],\"inLanguage\":\"es\"},{\"@type\":\"Organization\",\"@id\":\"https:\\\/\\\/www.robertzueblin.com\\\/es\\\/#organization\",\"name\":\"ROBERT Z\u00dcBLIN\",\"url\":\"https:\\\/\\\/www.robertzueblin.com\\\/es\\\/\",\"logo\":{\"@type\":\"ImageObject\",\"inLanguage\":\"es\",\"@id\":\"https:\\\/\\\/www.robertzueblin.com\\\/es\\\/#\\\/schema\\\/logo\\\/image\\\/\",\"url\":\"https:\\\/\\\/www.robertzueblin.com\\\/wp-content\\\/uploads\\\/cropped-cropped-logo-von-robert-zueblin.jpg\",\"contentUrl\":\"https:\\\/\\\/www.robertzueblin.com\\\/wp-content\\\/uploads\\\/cropped-cropped-logo-von-robert-zueblin.jpg\",\"width\":440,\"height\":60,\"caption\":\"ROBERT Z\u00dcBLIN\"},\"image\":{\"@id\":\"https:\\\/\\\/www.robertzueblin.com\\\/es\\\/#\\\/schema\\\/logo\\\/image\\\/\"}}]}<\/script>\n<!-- \/ Yoast SEO plugin. -->","yoast_head_json":{"title":"FRANK y WANZENRIED - Plato may\u00f3lica Thun dama siglo XVI","description":"Plato de may\u00f3lica de Thun con una dama noble como motivo de Friedrich Ernst Frank (* 1862, \u2020 1920) para el taller de Johann Wanzenried.","robots":{"index":"index","follow":"follow","max-snippet":"max-snippet:-1","max-image-preview":"max-image-preview:large","max-video-preview":"max-video-preview:-1"},"canonical":"https:\/\/www.robertzueblin.com\/es\/friedrich-ernst-frank\/plato-de-mayolica-de-thun-con-dama-noble-del-siglo-xvi\/","og_locale":"es_ES","og_type":"article","og_title":"FRANK y WANZENRIED - Plato may\u00f3lica Thun dama siglo XVI","og_description":"Plato de may\u00f3lica de Thun con una dama noble como motivo de Friedrich Ernst Frank (* 1862, \u2020 1920) para el taller de Johann Wanzenried.","og_url":"https:\/\/www.robertzueblin.com\/es\/friedrich-ernst-frank\/plato-de-mayolica-de-thun-con-dama-noble-del-siglo-xvi\/","og_site_name":"ROBERT Z\u00dcBLIN","article_modified_time":"2025-09-19T19:13:44+00:00","og_image":[{"width":1000,"height":1000,"url":"https:\/\/www.robertzueblin.com\/wp-content\/uploads\/friedrich-ernst-frank-johann-wanzenried-mayolica-thun-plato-dama-noble-siglo-16-foto-titulo.jpg","type":"image\/jpeg"}],"twitter_card":"summary_large_image","schema":{"@context":"https:\/\/schema.org","@graph":[{"@type":"WebPage","@id":"https:\/\/www.robertzueblin.com\/es\/friedrich-ernst-frank\/plato-de-mayolica-de-thun-con-dama-noble-del-siglo-xvi\/","url":"https:\/\/www.robertzueblin.com\/es\/friedrich-ernst-frank\/plato-de-mayolica-de-thun-con-dama-noble-del-siglo-xvi\/","name":"FRANK y WANZENRIED - Plato may\u00f3lica Thun dama siglo XVI","isPartOf":{"@id":"https:\/\/www.robertzueblin.com\/es\/#website"},"primaryImageOfPage":{"@id":"https:\/\/www.robertzueblin.com\/es\/friedrich-ernst-frank\/plato-de-mayolica-de-thun-con-dama-noble-del-siglo-xvi\/#primaryimage"},"image":{"@id":"https:\/\/www.robertzueblin.com\/es\/friedrich-ernst-frank\/plato-de-mayolica-de-thun-con-dama-noble-del-siglo-xvi\/#primaryimage"},"thumbnailUrl":"https:\/\/www.robertzueblin.com\/wp-content\/uploads\/friedrich-ernst-frank-johann-wanzenried-mayolica-thun-plato-dama-noble-siglo-16-foto-titulo.jpg","datePublished":"2025-07-11T09:54:33+00:00","dateModified":"2025-09-19T19:13:44+00:00","description":"Plato de may\u00f3lica de Thun con una dama noble como motivo de Friedrich Ernst Frank (* 1862, \u2020 1920) para el taller de Johann Wanzenried.","breadcrumb":{"@id":"https:\/\/www.robertzueblin.com\/es\/friedrich-ernst-frank\/plato-de-mayolica-de-thun-con-dama-noble-del-siglo-xvi\/#breadcrumb"},"inLanguage":"es","potentialAction":[{"@type":"ReadAction","target":["https:\/\/www.robertzueblin.com\/es\/friedrich-ernst-frank\/plato-de-mayolica-de-thun-con-dama-noble-del-siglo-xvi\/"]}]},{"@type":"ImageObject","inLanguage":"es","@id":"https:\/\/www.robertzueblin.com\/es\/friedrich-ernst-frank\/plato-de-mayolica-de-thun-con-dama-noble-del-siglo-xvi\/#primaryimage","url":"https:\/\/www.robertzueblin.com\/wp-content\/uploads\/friedrich-ernst-frank-johann-wanzenried-mayolica-thun-plato-dama-noble-siglo-16-foto-titulo.jpg","contentUrl":"https:\/\/www.robertzueblin.com\/wp-content\/uploads\/friedrich-ernst-frank-johann-wanzenried-mayolica-thun-plato-dama-noble-siglo-16-foto-titulo.jpg","width":1000,"height":1000},{"@type":"BreadcrumbList","@id":"https:\/\/www.robertzueblin.com\/es\/friedrich-ernst-frank\/plato-de-mayolica-de-thun-con-dama-noble-del-siglo-xvi\/#breadcrumb","itemListElement":[{"@type":"ListItem","position":1,"name":"Startseite","item":"https:\/\/www.robertzueblin.com\/es\/"},{"@type":"ListItem","position":2,"name":"Galer\u00eda de arte online (tienda online)","item":"https:\/\/www.robertzueblin.com\/es\/galeria-de-arte-online\/"},{"@type":"ListItem","position":3,"name":"Friedrich Ernst FRANK (* 1862, \u2020 1920) para Johann WANZENRIED &#8211; Plato de may\u00f3lica de Thun con dama noble del siglo XVI"}]},{"@type":"WebSite","@id":"https:\/\/www.robertzueblin.com\/es\/#website","url":"https:\/\/www.robertzueblin.com\/es\/","name":"ROBERT Z\u00dcBLIN","description":"","publisher":{"@id":"https:\/\/www.robertzueblin.com\/es\/#organization"},"potentialAction":[{"@type":"SearchAction","target":{"@type":"EntryPoint","urlTemplate":"https:\/\/www.robertzueblin.com\/es\/?s={search_term_string}"},"query-input":{"@type":"PropertyValueSpecification","valueRequired":true,"valueName":"search_term_string"}}],"inLanguage":"es"},{"@type":"Organization","@id":"https:\/\/www.robertzueblin.com\/es\/#organization","name":"ROBERT Z\u00dcBLIN","url":"https:\/\/www.robertzueblin.com\/es\/","logo":{"@type":"ImageObject","inLanguage":"es","@id":"https:\/\/www.robertzueblin.com\/es\/#\/schema\/logo\/image\/","url":"https:\/\/www.robertzueblin.com\/wp-content\/uploads\/cropped-cropped-logo-von-robert-zueblin.jpg","contentUrl":"https:\/\/www.robertzueblin.com\/wp-content\/uploads\/cropped-cropped-logo-von-robert-zueblin.jpg","width":440,"height":60,"caption":"ROBERT Z\u00dcBLIN"},"image":{"@id":"https:\/\/www.robertzueblin.com\/es\/#\/schema\/logo\/image\/"}}]}},"_links":{"self":[{"href":"https:\/\/www.robertzueblin.com\/es\/wp-json\/wp\/v2\/product\/45647","targetHints":{"allow":["GET"]}}],"collection":[{"href":"https:\/\/www.robertzueblin.com\/es\/wp-json\/wp\/v2\/product"}],"about":[{"href":"https:\/\/www.robertzueblin.com\/es\/wp-json\/wp\/v2\/types\/product"}],"wp:featuredmedia":[{"embeddable":true,"href":"https:\/\/www.robertzueblin.com\/es\/wp-json\/wp\/v2\/media\/45650"}],"wp:attachment":[{"href":"https:\/\/www.robertzueblin.com\/es\/wp-json\/wp\/v2\/media?parent=45647"}],"wp:term":[{"taxonomy":"product_brand","embeddable":true,"href":"https:\/\/www.robertzueblin.com\/es\/wp-json\/wp\/v2\/product_brand?post=45647"},{"taxonomy":"product_cat","embeddable":true,"href":"https:\/\/www.robertzueblin.com\/es\/wp-json\/wp\/v2\/product_cat?post=45647"},{"taxonomy":"product_tag","embeddable":true,"href":"https:\/\/www.robertzueblin.com\/es\/wp-json\/wp\/v2\/product_tag?post=45647"}],"curies":[{"name":"wp","href":"https:\/\/api.w.org\/{rel}","templated":true}]}}