{"id":45539,"date":"2025-06-28T10:21:46","date_gmt":"2025-06-28T08:21:46","guid":{"rendered":"https:\/\/www.robertzueblin.com\/?post_type=product&#038;p=45539"},"modified":"2025-09-16T11:07:43","modified_gmt":"2025-09-16T09:07:43","slug":"mila-vazquez-otero-1978-mantequillera-de-ceramica-hecha-a-mano-con-vaca-ceramica-taller","status":"publish","type":"product","link":"https:\/\/www.robertzueblin.com\/es\/mila-vazquez-otero\/mantequillera-de-ceramica-hecha-a-mano-con-vaca-ceramica-taller\/","title":{"rendered":"Mila V\u00c1ZQUEZ OTERO (* 1978) &#8211; Mantequillera de cer\u00e1mica hecha a mano con vaca &#8211; Cer\u00e1mica taller"},"content":{"rendered":"<p><span style=\"font-family: AkkoPro-BoldCondensed!important\">Tipo:<\/span> <a href=\"https:\/\/www.robertzueblin.com\/es\/tipo\/ceramica-artistica-ceramica-artesanal-ceramica-de-taller\/\">cer\u00e1mica de taller<\/a><\/p>\n<p><span style=\"font-family: AkkoPro-BoldCondensed!important\">Dise\u00f1o:<\/span> <a href=\"https:\/\/www.robertzueblin.com\/es\/mila-vazquez-otero\/\">Mila V\u00e1zquez Otero<\/a> (* 1978)<\/p>\n<p><span style=\"font-family: AkkoPro-BoldCondensed!important\">Ejecuci\u00f3n:<\/span> Mila V\u00e1zquez Otero (* 1978)<\/p>\n<p><span style=\"font-family: AkkoPro-BoldCondensed!important\">Objeto:<\/span> mantequillera<\/p>\n<p><span style=\"font-family: AkkoPro-BoldCondensed!important\">Dimensiones:<\/span> alto: 11 cm, ancho: 16 cm, fondo: 9 cm; interior: 5,2 cm, ancho: 11 cm, fondo: 6,5 cm<\/p>\n<p><span style=\"font-family: AkkoPro-BoldCondensed!important\">Cuerpo:<\/span> claro<\/p>\n<p><span style=\"font-family: AkkoPro-BoldCondensed!important\">Superficie:<\/span> verde, blanco, marr\u00f3n tenmoku, algo de azul en la cara de la vaca<\/p>\n<p><span style=\"font-family: AkkoPro-BoldCondensed!important\">A\u00f1o de fabricaci\u00f3n:<\/span> 2025<\/p>\n<p><span style=\"font-family: AkkoPro-BoldCondensed!important\">Estado:<\/span> producto nuevo pero con p\u00e9rdida de material en el borde inferior de la tapa debido al proceso de fabricaci\u00f3n<\/p>\n<p><span style=\"font-family: AkkoPro-BoldCondensed!important\">Firma\/marca:<\/span> O sobre M<\/p>\n<p><span style=\"font-family: AkkoPro-BoldCondensed!important\">Detalle:<\/span><br \/>\nEl asa de la tapa de esta mantequera es una vaca con esmalte tenmoku. El dibujo de la mantequera est\u00e1 basado en el estilo Art Nouveau. Esta mantequera de cer\u00e1mica con forma de vaca est\u00e1 hecha a mano. La artista Mila V\u00e1zquez Otero trabaja sin moldes y modela cada pieza de cer\u00e1mica individualmente a mano, por lo que cada pieza es \u00fanica.<\/p>\n","protected":false},"excerpt":{"rendered":"<p><span style=\"color: #e2401c;\">&#x25cf;<\/span><span> ya no est\u00e1 disponible<\/span><\/p>\n","protected":false},"featured_media":45544,"template":"","meta":[],"product_brand":[],"product_cat":[788,368],"product_tag":[],"class_list":{"0":"post-45539","1":"product","2":"type-product","3":"status-publish","4":"has-post-thumbnail","6":"product_cat-mantequillera-ceramica","7":"product_cat-mila-vazquez-otero","9":"first","10":"outofstock","11":"sold-individually","12":"shipping-taxable","13":"product-type-simple"},"yoast_head":"<!-- This site is optimized with the Yoast SEO plugin v27.6 - https:\/\/yoast.com\/product\/yoast-seo-wordpress\/ -->\n<title>V\u00c1ZQUEZ OTERO - Mantequillera cer\u00e1mica hecha mano vaca<\/title>\n<meta name=\"description\" content=\"Mantequera de cer\u00e1mica hecha a mano con una vaca en la tapa de la mantequera a modo de asa realizada en esmalte Tenmoku y un motivo Art Nouveau.\" \/>\n<meta name=\"robots\" content=\"index, follow, max-snippet:-1, max-image-preview:large, max-video-preview:-1\" \/>\n<link rel=\"canonical\" href=\"https:\/\/www.robertzueblin.com\/es\/mila-vazquez-otero\/mantequillera-de-ceramica-hecha-a-mano-con-vaca-ceramica-taller\/\" \/>\n<meta property=\"og:locale\" content=\"es_ES\" \/>\n<meta property=\"og:type\" content=\"article\" \/>\n<meta property=\"og:title\" content=\"V\u00c1ZQUEZ OTERO - Mantequillera cer\u00e1mica hecha mano vaca\" \/>\n<meta property=\"og:description\" content=\"Mantequera de cer\u00e1mica hecha a mano con una vaca en la tapa de la mantequera a modo de asa realizada en esmalte Tenmoku y un motivo Art Nouveau.\" \/>\n<meta property=\"og:url\" content=\"https:\/\/www.robertzueblin.com\/es\/mila-vazquez-otero\/mantequillera-de-ceramica-hecha-a-mano-con-vaca-ceramica-taller\/\" \/>\n<meta property=\"og:site_name\" content=\"ROBERT Z\u00dcBLIN\" \/>\n<meta property=\"article:modified_time\" content=\"2025-09-16T09:07:43+00:00\" \/>\n<meta property=\"og:image\" content=\"https:\/\/www.robertzueblin.com\/wp-content\/uploads\/mila-vazquez-otero-ceramica-taller-mantequillera-ceramica-hecha-mano-vaca-detalle-foto-titulo.jpg\" \/>\n\t<meta property=\"og:image:width\" content=\"1000\" \/>\n\t<meta property=\"og:image:height\" content=\"1000\" \/>\n\t<meta property=\"og:image:type\" content=\"image\/jpeg\" \/>\n<meta name=\"twitter:card\" content=\"summary_large_image\" \/>\n<script type=\"application\/ld+json\" class=\"yoast-schema-graph\">{\"@context\":\"https:\\\/\\\/schema.org\",\"@graph\":[{\"@type\":\"WebPage\",\"@id\":\"https:\\\/\\\/www.robertzueblin.com\\\/es\\\/mila-vazquez-otero\\\/mantequillera-de-ceramica-hecha-a-mano-con-vaca-ceramica-taller\\\/\",\"url\":\"https:\\\/\\\/www.robertzueblin.com\\\/es\\\/mila-vazquez-otero\\\/mantequillera-de-ceramica-hecha-a-mano-con-vaca-ceramica-taller\\\/\",\"name\":\"V\u00c1ZQUEZ OTERO - Mantequillera cer\u00e1mica hecha mano vaca\",\"isPartOf\":{\"@id\":\"https:\\\/\\\/www.robertzueblin.com\\\/es\\\/#website\"},\"primaryImageOfPage\":{\"@id\":\"https:\\\/\\\/www.robertzueblin.com\\\/es\\\/mila-vazquez-otero\\\/mantequillera-de-ceramica-hecha-a-mano-con-vaca-ceramica-taller\\\/#primaryimage\"},\"image\":{\"@id\":\"https:\\\/\\\/www.robertzueblin.com\\\/es\\\/mila-vazquez-otero\\\/mantequillera-de-ceramica-hecha-a-mano-con-vaca-ceramica-taller\\\/#primaryimage\"},\"thumbnailUrl\":\"https:\\\/\\\/www.robertzueblin.com\\\/wp-content\\\/uploads\\\/mila-vazquez-otero-ceramica-taller-mantequillera-ceramica-hecha-mano-vaca-detalle-foto-titulo.jpg\",\"datePublished\":\"2025-06-28T08:21:46+00:00\",\"dateModified\":\"2025-09-16T09:07:43+00:00\",\"description\":\"Mantequera de cer\u00e1mica hecha a mano con una vaca en la tapa de la mantequera a modo de asa realizada en esmalte Tenmoku y un motivo Art Nouveau.\",\"breadcrumb\":{\"@id\":\"https:\\\/\\\/www.robertzueblin.com\\\/es\\\/mila-vazquez-otero\\\/mantequillera-de-ceramica-hecha-a-mano-con-vaca-ceramica-taller\\\/#breadcrumb\"},\"inLanguage\":\"es\",\"potentialAction\":[{\"@type\":\"ReadAction\",\"target\":[\"https:\\\/\\\/www.robertzueblin.com\\\/es\\\/mila-vazquez-otero\\\/mantequillera-de-ceramica-hecha-a-mano-con-vaca-ceramica-taller\\\/\"]}]},{\"@type\":\"ImageObject\",\"inLanguage\":\"es\",\"@id\":\"https:\\\/\\\/www.robertzueblin.com\\\/es\\\/mila-vazquez-otero\\\/mantequillera-de-ceramica-hecha-a-mano-con-vaca-ceramica-taller\\\/#primaryimage\",\"url\":\"https:\\\/\\\/www.robertzueblin.com\\\/wp-content\\\/uploads\\\/mila-vazquez-otero-ceramica-taller-mantequillera-ceramica-hecha-mano-vaca-detalle-foto-titulo.jpg\",\"contentUrl\":\"https:\\\/\\\/www.robertzueblin.com\\\/wp-content\\\/uploads\\\/mila-vazquez-otero-ceramica-taller-mantequillera-ceramica-hecha-mano-vaca-detalle-foto-titulo.jpg\",\"width\":1000,\"height\":1000},{\"@type\":\"BreadcrumbList\",\"@id\":\"https:\\\/\\\/www.robertzueblin.com\\\/es\\\/mila-vazquez-otero\\\/mantequillera-de-ceramica-hecha-a-mano-con-vaca-ceramica-taller\\\/#breadcrumb\",\"itemListElement\":[{\"@type\":\"ListItem\",\"position\":1,\"name\":\"Startseite\",\"item\":\"https:\\\/\\\/www.robertzueblin.com\\\/es\\\/\"},{\"@type\":\"ListItem\",\"position\":2,\"name\":\"Galer\u00eda de arte online (tienda online)\",\"item\":\"https:\\\/\\\/www.robertzueblin.com\\\/es\\\/galeria-de-arte-online\\\/\"},{\"@type\":\"ListItem\",\"position\":3,\"name\":\"Mila V\u00c1ZQUEZ OTERO (* 1978) &#8211; Mantequillera de cer\u00e1mica hecha a mano con vaca &#8211; Cer\u00e1mica taller\"}]},{\"@type\":\"WebSite\",\"@id\":\"https:\\\/\\\/www.robertzueblin.com\\\/es\\\/#website\",\"url\":\"https:\\\/\\\/www.robertzueblin.com\\\/es\\\/\",\"name\":\"ROBERT Z\u00dcBLIN\",\"description\":\"\",\"publisher\":{\"@id\":\"https:\\\/\\\/www.robertzueblin.com\\\/es\\\/#organization\"},\"potentialAction\":[{\"@type\":\"SearchAction\",\"target\":{\"@type\":\"EntryPoint\",\"urlTemplate\":\"https:\\\/\\\/www.robertzueblin.com\\\/es\\\/?s={search_term_string}\"},\"query-input\":{\"@type\":\"PropertyValueSpecification\",\"valueRequired\":true,\"valueName\":\"search_term_string\"}}],\"inLanguage\":\"es\"},{\"@type\":\"Organization\",\"@id\":\"https:\\\/\\\/www.robertzueblin.com\\\/es\\\/#organization\",\"name\":\"ROBERT Z\u00dcBLIN\",\"url\":\"https:\\\/\\\/www.robertzueblin.com\\\/es\\\/\",\"logo\":{\"@type\":\"ImageObject\",\"inLanguage\":\"es\",\"@id\":\"https:\\\/\\\/www.robertzueblin.com\\\/es\\\/#\\\/schema\\\/logo\\\/image\\\/\",\"url\":\"https:\\\/\\\/www.robertzueblin.com\\\/wp-content\\\/uploads\\\/cropped-cropped-logo-von-robert-zueblin.jpg\",\"contentUrl\":\"https:\\\/\\\/www.robertzueblin.com\\\/wp-content\\\/uploads\\\/cropped-cropped-logo-von-robert-zueblin.jpg\",\"width\":440,\"height\":60,\"caption\":\"ROBERT Z\u00dcBLIN\"},\"image\":{\"@id\":\"https:\\\/\\\/www.robertzueblin.com\\\/es\\\/#\\\/schema\\\/logo\\\/image\\\/\"}}]}<\/script>\n<!-- \/ Yoast SEO plugin. -->","yoast_head_json":{"title":"V\u00c1ZQUEZ OTERO - Mantequillera cer\u00e1mica hecha mano vaca","description":"Mantequera de cer\u00e1mica hecha a mano con una vaca en la tapa de la mantequera a modo de asa realizada en esmalte Tenmoku y un motivo Art Nouveau.","robots":{"index":"index","follow":"follow","max-snippet":"max-snippet:-1","max-image-preview":"max-image-preview:large","max-video-preview":"max-video-preview:-1"},"canonical":"https:\/\/www.robertzueblin.com\/es\/mila-vazquez-otero\/mantequillera-de-ceramica-hecha-a-mano-con-vaca-ceramica-taller\/","og_locale":"es_ES","og_type":"article","og_title":"V\u00c1ZQUEZ OTERO - Mantequillera cer\u00e1mica hecha mano vaca","og_description":"Mantequera de cer\u00e1mica hecha a mano con una vaca en la tapa de la mantequera a modo de asa realizada en esmalte Tenmoku y un motivo Art Nouveau.","og_url":"https:\/\/www.robertzueblin.com\/es\/mila-vazquez-otero\/mantequillera-de-ceramica-hecha-a-mano-con-vaca-ceramica-taller\/","og_site_name":"ROBERT Z\u00dcBLIN","article_modified_time":"2025-09-16T09:07:43+00:00","og_image":[{"width":1000,"height":1000,"url":"https:\/\/www.robertzueblin.com\/wp-content\/uploads\/mila-vazquez-otero-ceramica-taller-mantequillera-ceramica-hecha-mano-vaca-detalle-foto-titulo.jpg","type":"image\/jpeg"}],"twitter_card":"summary_large_image","schema":{"@context":"https:\/\/schema.org","@graph":[{"@type":"WebPage","@id":"https:\/\/www.robertzueblin.com\/es\/mila-vazquez-otero\/mantequillera-de-ceramica-hecha-a-mano-con-vaca-ceramica-taller\/","url":"https:\/\/www.robertzueblin.com\/es\/mila-vazquez-otero\/mantequillera-de-ceramica-hecha-a-mano-con-vaca-ceramica-taller\/","name":"V\u00c1ZQUEZ OTERO - Mantequillera cer\u00e1mica hecha mano vaca","isPartOf":{"@id":"https:\/\/www.robertzueblin.com\/es\/#website"},"primaryImageOfPage":{"@id":"https:\/\/www.robertzueblin.com\/es\/mila-vazquez-otero\/mantequillera-de-ceramica-hecha-a-mano-con-vaca-ceramica-taller\/#primaryimage"},"image":{"@id":"https:\/\/www.robertzueblin.com\/es\/mila-vazquez-otero\/mantequillera-de-ceramica-hecha-a-mano-con-vaca-ceramica-taller\/#primaryimage"},"thumbnailUrl":"https:\/\/www.robertzueblin.com\/wp-content\/uploads\/mila-vazquez-otero-ceramica-taller-mantequillera-ceramica-hecha-mano-vaca-detalle-foto-titulo.jpg","datePublished":"2025-06-28T08:21:46+00:00","dateModified":"2025-09-16T09:07:43+00:00","description":"Mantequera de cer\u00e1mica hecha a mano con una vaca en la tapa de la mantequera a modo de asa realizada en esmalte Tenmoku y un motivo Art Nouveau.","breadcrumb":{"@id":"https:\/\/www.robertzueblin.com\/es\/mila-vazquez-otero\/mantequillera-de-ceramica-hecha-a-mano-con-vaca-ceramica-taller\/#breadcrumb"},"inLanguage":"es","potentialAction":[{"@type":"ReadAction","target":["https:\/\/www.robertzueblin.com\/es\/mila-vazquez-otero\/mantequillera-de-ceramica-hecha-a-mano-con-vaca-ceramica-taller\/"]}]},{"@type":"ImageObject","inLanguage":"es","@id":"https:\/\/www.robertzueblin.com\/es\/mila-vazquez-otero\/mantequillera-de-ceramica-hecha-a-mano-con-vaca-ceramica-taller\/#primaryimage","url":"https:\/\/www.robertzueblin.com\/wp-content\/uploads\/mila-vazquez-otero-ceramica-taller-mantequillera-ceramica-hecha-mano-vaca-detalle-foto-titulo.jpg","contentUrl":"https:\/\/www.robertzueblin.com\/wp-content\/uploads\/mila-vazquez-otero-ceramica-taller-mantequillera-ceramica-hecha-mano-vaca-detalle-foto-titulo.jpg","width":1000,"height":1000},{"@type":"BreadcrumbList","@id":"https:\/\/www.robertzueblin.com\/es\/mila-vazquez-otero\/mantequillera-de-ceramica-hecha-a-mano-con-vaca-ceramica-taller\/#breadcrumb","itemListElement":[{"@type":"ListItem","position":1,"name":"Startseite","item":"https:\/\/www.robertzueblin.com\/es\/"},{"@type":"ListItem","position":2,"name":"Galer\u00eda de arte online (tienda online)","item":"https:\/\/www.robertzueblin.com\/es\/galeria-de-arte-online\/"},{"@type":"ListItem","position":3,"name":"Mila V\u00c1ZQUEZ OTERO (* 1978) &#8211; Mantequillera de cer\u00e1mica hecha a mano con vaca &#8211; Cer\u00e1mica taller"}]},{"@type":"WebSite","@id":"https:\/\/www.robertzueblin.com\/es\/#website","url":"https:\/\/www.robertzueblin.com\/es\/","name":"ROBERT Z\u00dcBLIN","description":"","publisher":{"@id":"https:\/\/www.robertzueblin.com\/es\/#organization"},"potentialAction":[{"@type":"SearchAction","target":{"@type":"EntryPoint","urlTemplate":"https:\/\/www.robertzueblin.com\/es\/?s={search_term_string}"},"query-input":{"@type":"PropertyValueSpecification","valueRequired":true,"valueName":"search_term_string"}}],"inLanguage":"es"},{"@type":"Organization","@id":"https:\/\/www.robertzueblin.com\/es\/#organization","name":"ROBERT Z\u00dcBLIN","url":"https:\/\/www.robertzueblin.com\/es\/","logo":{"@type":"ImageObject","inLanguage":"es","@id":"https:\/\/www.robertzueblin.com\/es\/#\/schema\/logo\/image\/","url":"https:\/\/www.robertzueblin.com\/wp-content\/uploads\/cropped-cropped-logo-von-robert-zueblin.jpg","contentUrl":"https:\/\/www.robertzueblin.com\/wp-content\/uploads\/cropped-cropped-logo-von-robert-zueblin.jpg","width":440,"height":60,"caption":"ROBERT Z\u00dcBLIN"},"image":{"@id":"https:\/\/www.robertzueblin.com\/es\/#\/schema\/logo\/image\/"}}]}},"_links":{"self":[{"href":"https:\/\/www.robertzueblin.com\/es\/wp-json\/wp\/v2\/product\/45539","targetHints":{"allow":["GET"]}}],"collection":[{"href":"https:\/\/www.robertzueblin.com\/es\/wp-json\/wp\/v2\/product"}],"about":[{"href":"https:\/\/www.robertzueblin.com\/es\/wp-json\/wp\/v2\/types\/product"}],"wp:featuredmedia":[{"embeddable":true,"href":"https:\/\/www.robertzueblin.com\/es\/wp-json\/wp\/v2\/media\/45544"}],"wp:attachment":[{"href":"https:\/\/www.robertzueblin.com\/es\/wp-json\/wp\/v2\/media?parent=45539"}],"wp:term":[{"taxonomy":"product_brand","embeddable":true,"href":"https:\/\/www.robertzueblin.com\/es\/wp-json\/wp\/v2\/product_brand?post=45539"},{"taxonomy":"product_cat","embeddable":true,"href":"https:\/\/www.robertzueblin.com\/es\/wp-json\/wp\/v2\/product_cat?post=45539"},{"taxonomy":"product_tag","embeddable":true,"href":"https:\/\/www.robertzueblin.com\/es\/wp-json\/wp\/v2\/product_tag?post=45539"}],"curies":[{"name":"wp","href":"https:\/\/api.w.org\/{rel}","templated":true}]}}