{"id":39343,"date":"2024-08-02T18:14:35","date_gmt":"2024-08-14T18:45:03","guid":{"rendered":"https:\/\/www.robertzueblin.com\/?post_type=product&#038;p=39343"},"modified":"2025-09-25T19:54:42","modified_gmt":"2025-09-25T17:54:42","slug":"eugene-frederic-henri-berg-1881-%e2%80%a0-1927-atmosfera-nocturna-en-el-campo-pintura-al-oleo","status":"publish","type":"product","link":"https:\/\/www.robertzueblin.com\/es\/eugene-frederic-henri-berg\/atmosfera-nocturna-en-el-campo-pintura-al-oleo\/","title":{"rendered":"Eug\u00e8ne-Fr\u00e9d\u00e9ric-Henri BERG (* 1881, \u2020 1927) &#8211; Atm\u00f3sfera nocturna en el campo &#8211; Pintura al \u00f3leo"},"content":{"rendered":"<p><span style=\"font-family: AkkoPro-BoldCondensed!important\">Tipo:<\/span> <a href=\"https:\/\/www.robertzueblin.com\/es\/tipo\/pintura\/\">pintura<\/a><\/p>\n<p><span style=\"font-family: AkkoPro-BoldCondensed!important\">Pintor:<\/span> <a href=\"https:\/\/www.robertzueblin.com\/es\/eugene-frederic-henri-berg\/\">Eug\u00e8ne-Fr\u00e9d\u00e9ric-Henri Berg<\/a> (* 1881, \u2020 1927)<\/p>\n<p><span style=\"font-family: AkkoPro-BoldCondensed!important\">Objeto:<\/span> <a href=\"https:\/\/www.robertzueblin.com\/es\/cuadros-al-oleo\/\">pintura al \u00f3leo<\/a><\/p>\n<p><span style=\"font-family: AkkoPro-BoldCondensed!important\">Material:<\/span> \u00f3leo sobre tabla de madera<\/p>\n<p><span style=\"font-family: AkkoPro-BoldCondensed!important\">Dimensiones:<\/span> alto: 20 cm, ancho: 15,5 cm; con marco: alto: 30,2 cm, ancho: 25,5 cm<\/p>\n<p><span style=\"font-family: AkkoPro-BoldCondensed!important\">Periodo de realizaci\u00f3n:<\/span> principios del siglo XX<\/p>\n<p><span style=\"font-family: AkkoPro-BoldCondensed!important\">Estado:<\/span> ligera abrasi\u00f3n y p\u00e9rdida de materia en los bordes, pero no visibles al enmarcarlo<\/p>\n<p><span style=\"font-family: AkkoPro-BoldCondensed!important\">Marco:<\/span> acabado con barniz urushi<\/p>\n<p><span style=\"font-family: AkkoPro-BoldCondensed!important\">Firma:<\/span> E. Berg<\/p>\n","protected":false},"excerpt":{"rendered":"<p>Tipo: pintura Pintor: Eug\u00e8ne-Fr\u00e9d\u00e9ric-Henri Berg (* 1881, \u2020 1927) Objeto: pintura al \u00f3leo Material: \u00f3leo sobre tabla de madera Dimensiones: alto: 20 cm, ancho: 15,5 cm; con marco: alto: 30,2 cm, ancho: 25,5 cm Periodo de realizaci\u00f3n: principios del siglo XX Estado: ligera abrasi\u00f3n y p\u00e9rdida de materia en los bordes, pero no visibles al [&hellip;]<\/p>\n","protected":false},"featured_media":39347,"template":"","meta":[],"product_brand":[],"product_cat":[778,498,610],"product_tag":[],"class_list":{"0":"post-39343","1":"product","2":"type-product","3":"status-publish","4":"has-post-thumbnail","6":"product_cat-pintura","7":"product_cat-cuadros-al-oleo","8":"product_cat-eugene-frederic-henri-berg","10":"first","11":"instock","12":"sold-individually","13":"shipping-taxable","14":"purchasable","15":"product-type-simple"},"yoast_head":"<!-- This site is optimized with the Yoast SEO plugin v27.4 - https:\/\/yoast.com\/product\/yoast-seo-wordpress\/ -->\n<title>Eug\u00e8ne BERG - Atm\u00f3sfera nocturna en el campo<\/title>\n<meta name=\"description\" content=\"\u00d3leo del dibujante y pintor de animales suizo Eug\u00e8ne-Fr\u00e9d\u00e9ric-Henri Berg con una bella escena nocturna en el campo con campesinos y animales.\" \/>\n<meta name=\"robots\" content=\"index, follow, max-snippet:-1, max-image-preview:large, max-video-preview:-1\" \/>\n<link rel=\"canonical\" href=\"https:\/\/www.robertzueblin.com\/es\/eugene-frederic-henri-berg\/atmosfera-nocturna-en-el-campo-pintura-al-oleo\/\" \/>\n<meta property=\"og:locale\" content=\"es_ES\" \/>\n<meta property=\"og:type\" content=\"article\" \/>\n<meta property=\"og:title\" content=\"Eug\u00e8ne BERG - Atm\u00f3sfera nocturna en el campo\" \/>\n<meta property=\"og:description\" content=\"\u00d3leo del dibujante y pintor de animales suizo Eug\u00e8ne-Fr\u00e9d\u00e9ric-Henri Berg con una bella escena nocturna en el campo con campesinos y animales.\" \/>\n<meta property=\"og:url\" content=\"https:\/\/www.robertzueblin.com\/es\/eugene-frederic-henri-berg\/atmosfera-nocturna-en-el-campo-pintura-al-oleo\/\" \/>\n<meta property=\"og:site_name\" content=\"ROBERT Z\u00dcBLIN\" \/>\n<meta property=\"article:modified_time\" content=\"2025-09-25T17:54:42+00:00\" \/>\n<meta property=\"og:image\" content=\"https:\/\/www.robertzueblin.com\/wp-content\/uploads\/eugene-frederic-henri-berg-pintura-oleo-atmosfera-nocturna-campo-foto-titulo.jpg\" \/>\n\t<meta property=\"og:image:width\" content=\"1000\" \/>\n\t<meta property=\"og:image:height\" content=\"1180\" \/>\n\t<meta property=\"og:image:type\" content=\"image\/jpeg\" \/>\n<meta name=\"twitter:card\" content=\"summary_large_image\" \/>\n<script type=\"application\/ld+json\" class=\"yoast-schema-graph\">{\"@context\":\"https:\\\/\\\/schema.org\",\"@graph\":[{\"@type\":\"WebPage\",\"@id\":\"https:\\\/\\\/www.robertzueblin.com\\\/es\\\/eugene-frederic-henri-berg\\\/atmosfera-nocturna-en-el-campo-pintura-al-oleo\\\/\",\"url\":\"https:\\\/\\\/www.robertzueblin.com\\\/es\\\/eugene-frederic-henri-berg\\\/atmosfera-nocturna-en-el-campo-pintura-al-oleo\\\/\",\"name\":\"Eug\u00e8ne BERG - Atm\u00f3sfera nocturna en el campo\",\"isPartOf\":{\"@id\":\"https:\\\/\\\/www.robertzueblin.com\\\/es\\\/#website\"},\"primaryImageOfPage\":{\"@id\":\"https:\\\/\\\/www.robertzueblin.com\\\/es\\\/eugene-frederic-henri-berg\\\/atmosfera-nocturna-en-el-campo-pintura-al-oleo\\\/#primaryimage\"},\"image\":{\"@id\":\"https:\\\/\\\/www.robertzueblin.com\\\/es\\\/eugene-frederic-henri-berg\\\/atmosfera-nocturna-en-el-campo-pintura-al-oleo\\\/#primaryimage\"},\"thumbnailUrl\":\"https:\\\/\\\/www.robertzueblin.com\\\/wp-content\\\/uploads\\\/eugene-frederic-henri-berg-pintura-oleo-atmosfera-nocturna-campo-foto-titulo.jpg\",\"datePublished\":\"2024-08-14T18:45:03+00:00\",\"dateModified\":\"2025-09-25T17:54:42+00:00\",\"description\":\"\u00d3leo del dibujante y pintor de animales suizo Eug\u00e8ne-Fr\u00e9d\u00e9ric-Henri Berg con una bella escena nocturna en el campo con campesinos y animales.\",\"breadcrumb\":{\"@id\":\"https:\\\/\\\/www.robertzueblin.com\\\/es\\\/eugene-frederic-henri-berg\\\/atmosfera-nocturna-en-el-campo-pintura-al-oleo\\\/#breadcrumb\"},\"inLanguage\":\"es\",\"potentialAction\":[{\"@type\":\"ReadAction\",\"target\":[\"https:\\\/\\\/www.robertzueblin.com\\\/es\\\/eugene-frederic-henri-berg\\\/atmosfera-nocturna-en-el-campo-pintura-al-oleo\\\/\"]}]},{\"@type\":\"ImageObject\",\"inLanguage\":\"es\",\"@id\":\"https:\\\/\\\/www.robertzueblin.com\\\/es\\\/eugene-frederic-henri-berg\\\/atmosfera-nocturna-en-el-campo-pintura-al-oleo\\\/#primaryimage\",\"url\":\"https:\\\/\\\/www.robertzueblin.com\\\/wp-content\\\/uploads\\\/eugene-frederic-henri-berg-pintura-oleo-atmosfera-nocturna-campo-foto-titulo.jpg\",\"contentUrl\":\"https:\\\/\\\/www.robertzueblin.com\\\/wp-content\\\/uploads\\\/eugene-frederic-henri-berg-pintura-oleo-atmosfera-nocturna-campo-foto-titulo.jpg\",\"width\":1000,\"height\":1180},{\"@type\":\"BreadcrumbList\",\"@id\":\"https:\\\/\\\/www.robertzueblin.com\\\/es\\\/eugene-frederic-henri-berg\\\/atmosfera-nocturna-en-el-campo-pintura-al-oleo\\\/#breadcrumb\",\"itemListElement\":[{\"@type\":\"ListItem\",\"position\":1,\"name\":\"Startseite\",\"item\":\"https:\\\/\\\/www.robertzueblin.com\\\/es\\\/\"},{\"@type\":\"ListItem\",\"position\":2,\"name\":\"Galer\u00eda de arte online (tienda online)\",\"item\":\"https:\\\/\\\/www.robertzueblin.com\\\/es\\\/galeria-de-arte-online\\\/\"},{\"@type\":\"ListItem\",\"position\":3,\"name\":\"Eug\u00e8ne-Fr\u00e9d\u00e9ric-Henri BERG (* 1881, \u2020 1927) &#8211; Atm\u00f3sfera nocturna en el campo &#8211; Pintura al \u00f3leo\"}]},{\"@type\":\"WebSite\",\"@id\":\"https:\\\/\\\/www.robertzueblin.com\\\/es\\\/#website\",\"url\":\"https:\\\/\\\/www.robertzueblin.com\\\/es\\\/\",\"name\":\"ROBERT Z\u00dcBLIN\",\"description\":\"\",\"publisher\":{\"@id\":\"https:\\\/\\\/www.robertzueblin.com\\\/es\\\/#organization\"},\"potentialAction\":[{\"@type\":\"SearchAction\",\"target\":{\"@type\":\"EntryPoint\",\"urlTemplate\":\"https:\\\/\\\/www.robertzueblin.com\\\/es\\\/?s={search_term_string}\"},\"query-input\":{\"@type\":\"PropertyValueSpecification\",\"valueRequired\":true,\"valueName\":\"search_term_string\"}}],\"inLanguage\":\"es\"},{\"@type\":\"Organization\",\"@id\":\"https:\\\/\\\/www.robertzueblin.com\\\/es\\\/#organization\",\"name\":\"ROBERT Z\u00dcBLIN\",\"url\":\"https:\\\/\\\/www.robertzueblin.com\\\/es\\\/\",\"logo\":{\"@type\":\"ImageObject\",\"inLanguage\":\"es\",\"@id\":\"https:\\\/\\\/www.robertzueblin.com\\\/es\\\/#\\\/schema\\\/logo\\\/image\\\/\",\"url\":\"https:\\\/\\\/www.robertzueblin.com\\\/wp-content\\\/uploads\\\/cropped-cropped-logo-von-robert-zueblin.jpg\",\"contentUrl\":\"https:\\\/\\\/www.robertzueblin.com\\\/wp-content\\\/uploads\\\/cropped-cropped-logo-von-robert-zueblin.jpg\",\"width\":440,\"height\":60,\"caption\":\"ROBERT Z\u00dcBLIN\"},\"image\":{\"@id\":\"https:\\\/\\\/www.robertzueblin.com\\\/es\\\/#\\\/schema\\\/logo\\\/image\\\/\"}}]}<\/script>\n<!-- \/ Yoast SEO plugin. -->","yoast_head_json":{"title":"Eug\u00e8ne BERG - Atm\u00f3sfera nocturna en el campo","description":"\u00d3leo del dibujante y pintor de animales suizo Eug\u00e8ne-Fr\u00e9d\u00e9ric-Henri Berg con una bella escena nocturna en el campo con campesinos y animales.","robots":{"index":"index","follow":"follow","max-snippet":"max-snippet:-1","max-image-preview":"max-image-preview:large","max-video-preview":"max-video-preview:-1"},"canonical":"https:\/\/www.robertzueblin.com\/es\/eugene-frederic-henri-berg\/atmosfera-nocturna-en-el-campo-pintura-al-oleo\/","og_locale":"es_ES","og_type":"article","og_title":"Eug\u00e8ne BERG - Atm\u00f3sfera nocturna en el campo","og_description":"\u00d3leo del dibujante y pintor de animales suizo Eug\u00e8ne-Fr\u00e9d\u00e9ric-Henri Berg con una bella escena nocturna en el campo con campesinos y animales.","og_url":"https:\/\/www.robertzueblin.com\/es\/eugene-frederic-henri-berg\/atmosfera-nocturna-en-el-campo-pintura-al-oleo\/","og_site_name":"ROBERT Z\u00dcBLIN","article_modified_time":"2025-09-25T17:54:42+00:00","og_image":[{"width":1000,"height":1180,"url":"https:\/\/www.robertzueblin.com\/wp-content\/uploads\/eugene-frederic-henri-berg-pintura-oleo-atmosfera-nocturna-campo-foto-titulo.jpg","type":"image\/jpeg"}],"twitter_card":"summary_large_image","schema":{"@context":"https:\/\/schema.org","@graph":[{"@type":"WebPage","@id":"https:\/\/www.robertzueblin.com\/es\/eugene-frederic-henri-berg\/atmosfera-nocturna-en-el-campo-pintura-al-oleo\/","url":"https:\/\/www.robertzueblin.com\/es\/eugene-frederic-henri-berg\/atmosfera-nocturna-en-el-campo-pintura-al-oleo\/","name":"Eug\u00e8ne BERG - Atm\u00f3sfera nocturna en el campo","isPartOf":{"@id":"https:\/\/www.robertzueblin.com\/es\/#website"},"primaryImageOfPage":{"@id":"https:\/\/www.robertzueblin.com\/es\/eugene-frederic-henri-berg\/atmosfera-nocturna-en-el-campo-pintura-al-oleo\/#primaryimage"},"image":{"@id":"https:\/\/www.robertzueblin.com\/es\/eugene-frederic-henri-berg\/atmosfera-nocturna-en-el-campo-pintura-al-oleo\/#primaryimage"},"thumbnailUrl":"https:\/\/www.robertzueblin.com\/wp-content\/uploads\/eugene-frederic-henri-berg-pintura-oleo-atmosfera-nocturna-campo-foto-titulo.jpg","datePublished":"2024-08-14T18:45:03+00:00","dateModified":"2025-09-25T17:54:42+00:00","description":"\u00d3leo del dibujante y pintor de animales suizo Eug\u00e8ne-Fr\u00e9d\u00e9ric-Henri Berg con una bella escena nocturna en el campo con campesinos y animales.","breadcrumb":{"@id":"https:\/\/www.robertzueblin.com\/es\/eugene-frederic-henri-berg\/atmosfera-nocturna-en-el-campo-pintura-al-oleo\/#breadcrumb"},"inLanguage":"es","potentialAction":[{"@type":"ReadAction","target":["https:\/\/www.robertzueblin.com\/es\/eugene-frederic-henri-berg\/atmosfera-nocturna-en-el-campo-pintura-al-oleo\/"]}]},{"@type":"ImageObject","inLanguage":"es","@id":"https:\/\/www.robertzueblin.com\/es\/eugene-frederic-henri-berg\/atmosfera-nocturna-en-el-campo-pintura-al-oleo\/#primaryimage","url":"https:\/\/www.robertzueblin.com\/wp-content\/uploads\/eugene-frederic-henri-berg-pintura-oleo-atmosfera-nocturna-campo-foto-titulo.jpg","contentUrl":"https:\/\/www.robertzueblin.com\/wp-content\/uploads\/eugene-frederic-henri-berg-pintura-oleo-atmosfera-nocturna-campo-foto-titulo.jpg","width":1000,"height":1180},{"@type":"BreadcrumbList","@id":"https:\/\/www.robertzueblin.com\/es\/eugene-frederic-henri-berg\/atmosfera-nocturna-en-el-campo-pintura-al-oleo\/#breadcrumb","itemListElement":[{"@type":"ListItem","position":1,"name":"Startseite","item":"https:\/\/www.robertzueblin.com\/es\/"},{"@type":"ListItem","position":2,"name":"Galer\u00eda de arte online (tienda online)","item":"https:\/\/www.robertzueblin.com\/es\/galeria-de-arte-online\/"},{"@type":"ListItem","position":3,"name":"Eug\u00e8ne-Fr\u00e9d\u00e9ric-Henri BERG (* 1881, \u2020 1927) &#8211; Atm\u00f3sfera nocturna en el campo &#8211; Pintura al \u00f3leo"}]},{"@type":"WebSite","@id":"https:\/\/www.robertzueblin.com\/es\/#website","url":"https:\/\/www.robertzueblin.com\/es\/","name":"ROBERT Z\u00dcBLIN","description":"","publisher":{"@id":"https:\/\/www.robertzueblin.com\/es\/#organization"},"potentialAction":[{"@type":"SearchAction","target":{"@type":"EntryPoint","urlTemplate":"https:\/\/www.robertzueblin.com\/es\/?s={search_term_string}"},"query-input":{"@type":"PropertyValueSpecification","valueRequired":true,"valueName":"search_term_string"}}],"inLanguage":"es"},{"@type":"Organization","@id":"https:\/\/www.robertzueblin.com\/es\/#organization","name":"ROBERT Z\u00dcBLIN","url":"https:\/\/www.robertzueblin.com\/es\/","logo":{"@type":"ImageObject","inLanguage":"es","@id":"https:\/\/www.robertzueblin.com\/es\/#\/schema\/logo\/image\/","url":"https:\/\/www.robertzueblin.com\/wp-content\/uploads\/cropped-cropped-logo-von-robert-zueblin.jpg","contentUrl":"https:\/\/www.robertzueblin.com\/wp-content\/uploads\/cropped-cropped-logo-von-robert-zueblin.jpg","width":440,"height":60,"caption":"ROBERT Z\u00dcBLIN"},"image":{"@id":"https:\/\/www.robertzueblin.com\/es\/#\/schema\/logo\/image\/"}}]}},"_links":{"self":[{"href":"https:\/\/www.robertzueblin.com\/es\/wp-json\/wp\/v2\/product\/39343","targetHints":{"allow":["GET"]}}],"collection":[{"href":"https:\/\/www.robertzueblin.com\/es\/wp-json\/wp\/v2\/product"}],"about":[{"href":"https:\/\/www.robertzueblin.com\/es\/wp-json\/wp\/v2\/types\/product"}],"wp:featuredmedia":[{"embeddable":true,"href":"https:\/\/www.robertzueblin.com\/es\/wp-json\/wp\/v2\/media\/39347"}],"wp:attachment":[{"href":"https:\/\/www.robertzueblin.com\/es\/wp-json\/wp\/v2\/media?parent=39343"}],"wp:term":[{"taxonomy":"product_brand","embeddable":true,"href":"https:\/\/www.robertzueblin.com\/es\/wp-json\/wp\/v2\/product_brand?post=39343"},{"taxonomy":"product_cat","embeddable":true,"href":"https:\/\/www.robertzueblin.com\/es\/wp-json\/wp\/v2\/product_cat?post=39343"},{"taxonomy":"product_tag","embeddable":true,"href":"https:\/\/www.robertzueblin.com\/es\/wp-json\/wp\/v2\/product_tag?post=39343"}],"curies":[{"name":"wp","href":"https:\/\/api.w.org\/{rel}","templated":true}]}}