{"id":39278,"date":"2024-09-26T20:06:05","date_gmt":"2024-09-26T18:09:25","guid":{"rendered":"https:\/\/www.robertzueblin.com\/?post_type=product&#038;p=39278"},"modified":"2024-09-26T20:09:26","modified_gmt":"2024-09-26T18:09:26","slug":"gusso-reuss-1885-%e2%80%a0-1962-jarron-verde-con-reparacion-gintsugi-ceramica-de-taller","status":"publish","type":"product","link":"https:\/\/www.robertzueblin.com\/es\/gusso-reuss\/jarron-verde-con-reparacion-gintsugi-ceramica-de-taller\/","title":{"rendered":"Gusso REUSS (* 1885, \u2020 1962) &#8211; Jarr\u00f3n verde con reparaci\u00f3n Gintsugi &#8211; Cer\u00e1mica de taller"},"content":{"rendered":"<p><span style=\"font-family: AkkoPro-BoldCondensed!important\">Tipo:<\/span> <a href=\"https:\/\/www.robertzueblin.com\/es\/tipo\/ceramica-artistica-ceramica-artesanal-ceramica-de-taller\/\">Cer\u00e1mica de taller<\/a><\/p>\n<p><span style=\"font-family: AkkoPro-BoldCondensed!important\">Dise\u00f1o:<\/span> <a href=\"https:\/\/www.robertzueblin.com\/es\/gusso-reuss\/\">Gusso Reuss<\/a> (* 1885, \u2020 1962)<\/p>\n<p><span style=\"font-family: AkkoPro-BoldCondensed!important\">Ejecuci\u00f3n:<\/span> Taller Reuss<\/p>\n<p><span style=\"font-family: AkkoPro-BoldCondensed!important\">Objeto:<\/span> jarr\u00f3n<\/p>\n<p><span style=\"font-family: AkkoPro-BoldCondensed!important\">Dimensiones:<\/span> altura: 11,5 cm, di\u00e1metro: 9,5 cm<\/p>\n<p><span style=\"font-family: AkkoPro-BoldCondensed!important\">Cuerpo:<\/span> cuerpo de color claro<\/p>\n<p><span style=\"font-family: AkkoPro-BoldCondensed!important\">Superficie:<\/span> verde claro, marr\u00f3n y rojo <\/p>\n<p><span style=\"font-family: AkkoPro-BoldCondensed!important\">Fecha de producci\u00f3n:<\/span> probablemente a\u00f1os 30<\/p>\n<p><span style=\"font-family: AkkoPro-BoldCondensed!important\">Estado:<\/span> varios peque\u00f1os desconchones en la boca y el pie reparados con laca plateada siguiendo el m\u00e9todo de reparaci\u00f3n Gintsugi.<\/p>\n<p><span style=\"font-family: AkkoPro-BoldCondensed!important\">Firma\/marca:<\/span> REUSS<\/p>\n","protected":false},"excerpt":{"rendered":"<p>Tipo: Cer\u00e1mica de taller Dise\u00f1o: Gusso Reuss (* 1885, \u2020 1962) Ejecuci\u00f3n: Taller Reuss Objeto: jarr\u00f3n Dimensiones: altura: 11,5 cm, di\u00e1metro: 9,5 cm Cuerpo: cuerpo de color claro Superficie: verde claro, marr\u00f3n y rojo Fecha de producci\u00f3n: probablemente a\u00f1os 30 Estado: varios peque\u00f1os desconchones en la boca y el pie reparados con laca plateada siguiendo [&hellip;]<\/p>\n","protected":false},"featured_media":39283,"template":"","meta":[],"product_brand":[],"product_cat":[182,485,657],"product_tag":[],"class_list":{"0":"post-39278","1":"product","2":"type-product","3":"status-publish","4":"has-post-thumbnail","6":"product_cat-gusso-reuss","7":"product_cat-jarron-kintsugi","8":"product_cat-kintsugi-shop","10":"first","11":"instock","12":"sold-individually","13":"shipping-taxable","14":"purchasable","15":"product-type-simple"},"yoast_head":"<!-- This site is optimized with the Yoast SEO plugin v27.4 - https:\/\/yoast.com\/product\/yoast-seo-wordpress\/ -->\n<title>Gusso REUSS - Jarr\u00f3n verde con reparaci\u00f3n Gintsugi<\/title>\n<meta name=\"description\" content=\"Cer\u00e1mica de estudio de Gusso Reuss (* 1885, \u2020 1962), jarr\u00f3n verde-rojo con reparaci\u00f3n Gintsugi, probablemente de la d\u00e9cada de 1930.\" \/>\n<meta name=\"robots\" content=\"index, follow, max-snippet:-1, max-image-preview:large, max-video-preview:-1\" \/>\n<link rel=\"canonical\" href=\"https:\/\/www.robertzueblin.com\/es\/gusso-reuss\/jarron-verde-con-reparacion-gintsugi-ceramica-de-taller\/\" \/>\n<meta property=\"og:locale\" content=\"es_ES\" \/>\n<meta property=\"og:type\" content=\"article\" \/>\n<meta property=\"og:title\" content=\"Gusso REUSS - Jarr\u00f3n verde con reparaci\u00f3n Gintsugi\" \/>\n<meta property=\"og:description\" content=\"Cer\u00e1mica de estudio de Gusso Reuss (* 1885, \u2020 1962), jarr\u00f3n verde-rojo con reparaci\u00f3n Gintsugi, probablemente de la d\u00e9cada de 1930.\" \/>\n<meta property=\"og:url\" content=\"https:\/\/www.robertzueblin.com\/es\/gusso-reuss\/jarron-verde-con-reparacion-gintsugi-ceramica-de-taller\/\" \/>\n<meta property=\"og:site_name\" content=\"ROBERT Z\u00dcBLIN\" \/>\n<meta property=\"article:modified_time\" content=\"2024-09-26T18:09:26+00:00\" \/>\n<meta property=\"og:image\" content=\"https:\/\/www.robertzueblin.com\/wp-content\/uploads\/gusso-reuss-ceramica-taller-jarron-verde-reparacion-gintsugi-foto-titulo.jpg\" \/>\n\t<meta property=\"og:image:width\" content=\"1000\" \/>\n\t<meta property=\"og:image:height\" content=\"1000\" \/>\n\t<meta property=\"og:image:type\" content=\"image\/jpeg\" \/>\n<meta name=\"twitter:card\" content=\"summary_large_image\" \/>\n<script type=\"application\/ld+json\" class=\"yoast-schema-graph\">{\"@context\":\"https:\\\/\\\/schema.org\",\"@graph\":[{\"@type\":\"WebPage\",\"@id\":\"https:\\\/\\\/www.robertzueblin.com\\\/es\\\/gusso-reuss\\\/jarron-verde-con-reparacion-gintsugi-ceramica-de-taller\\\/\",\"url\":\"https:\\\/\\\/www.robertzueblin.com\\\/es\\\/gusso-reuss\\\/jarron-verde-con-reparacion-gintsugi-ceramica-de-taller\\\/\",\"name\":\"Gusso REUSS - Jarr\u00f3n verde con reparaci\u00f3n Gintsugi\",\"isPartOf\":{\"@id\":\"https:\\\/\\\/www.robertzueblin.com\\\/es\\\/#website\"},\"primaryImageOfPage\":{\"@id\":\"https:\\\/\\\/www.robertzueblin.com\\\/es\\\/gusso-reuss\\\/jarron-verde-con-reparacion-gintsugi-ceramica-de-taller\\\/#primaryimage\"},\"image\":{\"@id\":\"https:\\\/\\\/www.robertzueblin.com\\\/es\\\/gusso-reuss\\\/jarron-verde-con-reparacion-gintsugi-ceramica-de-taller\\\/#primaryimage\"},\"thumbnailUrl\":\"https:\\\/\\\/www.robertzueblin.com\\\/wp-content\\\/uploads\\\/gusso-reuss-ceramica-taller-jarron-verde-reparacion-gintsugi-foto-titulo.jpg\",\"datePublished\":\"2024-09-26T18:09:25+00:00\",\"dateModified\":\"2024-09-26T18:09:26+00:00\",\"description\":\"Cer\u00e1mica de estudio de Gusso Reuss (* 1885, \u2020 1962), jarr\u00f3n verde-rojo con reparaci\u00f3n Gintsugi, probablemente de la d\u00e9cada de 1930.\",\"breadcrumb\":{\"@id\":\"https:\\\/\\\/www.robertzueblin.com\\\/es\\\/gusso-reuss\\\/jarron-verde-con-reparacion-gintsugi-ceramica-de-taller\\\/#breadcrumb\"},\"inLanguage\":\"es\",\"potentialAction\":[{\"@type\":\"ReadAction\",\"target\":[\"https:\\\/\\\/www.robertzueblin.com\\\/es\\\/gusso-reuss\\\/jarron-verde-con-reparacion-gintsugi-ceramica-de-taller\\\/\"]}]},{\"@type\":\"ImageObject\",\"inLanguage\":\"es\",\"@id\":\"https:\\\/\\\/www.robertzueblin.com\\\/es\\\/gusso-reuss\\\/jarron-verde-con-reparacion-gintsugi-ceramica-de-taller\\\/#primaryimage\",\"url\":\"https:\\\/\\\/www.robertzueblin.com\\\/wp-content\\\/uploads\\\/gusso-reuss-ceramica-taller-jarron-verde-reparacion-gintsugi-foto-titulo.jpg\",\"contentUrl\":\"https:\\\/\\\/www.robertzueblin.com\\\/wp-content\\\/uploads\\\/gusso-reuss-ceramica-taller-jarron-verde-reparacion-gintsugi-foto-titulo.jpg\",\"width\":1000,\"height\":1000},{\"@type\":\"BreadcrumbList\",\"@id\":\"https:\\\/\\\/www.robertzueblin.com\\\/es\\\/gusso-reuss\\\/jarron-verde-con-reparacion-gintsugi-ceramica-de-taller\\\/#breadcrumb\",\"itemListElement\":[{\"@type\":\"ListItem\",\"position\":1,\"name\":\"Startseite\",\"item\":\"https:\\\/\\\/www.robertzueblin.com\\\/es\\\/\"},{\"@type\":\"ListItem\",\"position\":2,\"name\":\"Galer\u00eda de arte online (tienda online)\",\"item\":\"https:\\\/\\\/www.robertzueblin.com\\\/es\\\/galeria-de-arte-online\\\/\"},{\"@type\":\"ListItem\",\"position\":3,\"name\":\"Gusso REUSS (* 1885, \u2020 1962) &#8211; Jarr\u00f3n verde con reparaci\u00f3n Gintsugi &#8211; Cer\u00e1mica de taller\"}]},{\"@type\":\"WebSite\",\"@id\":\"https:\\\/\\\/www.robertzueblin.com\\\/es\\\/#website\",\"url\":\"https:\\\/\\\/www.robertzueblin.com\\\/es\\\/\",\"name\":\"ROBERT Z\u00dcBLIN\",\"description\":\"\",\"publisher\":{\"@id\":\"https:\\\/\\\/www.robertzueblin.com\\\/es\\\/#organization\"},\"potentialAction\":[{\"@type\":\"SearchAction\",\"target\":{\"@type\":\"EntryPoint\",\"urlTemplate\":\"https:\\\/\\\/www.robertzueblin.com\\\/es\\\/?s={search_term_string}\"},\"query-input\":{\"@type\":\"PropertyValueSpecification\",\"valueRequired\":true,\"valueName\":\"search_term_string\"}}],\"inLanguage\":\"es\"},{\"@type\":\"Organization\",\"@id\":\"https:\\\/\\\/www.robertzueblin.com\\\/es\\\/#organization\",\"name\":\"ROBERT Z\u00dcBLIN\",\"url\":\"https:\\\/\\\/www.robertzueblin.com\\\/es\\\/\",\"logo\":{\"@type\":\"ImageObject\",\"inLanguage\":\"es\",\"@id\":\"https:\\\/\\\/www.robertzueblin.com\\\/es\\\/#\\\/schema\\\/logo\\\/image\\\/\",\"url\":\"https:\\\/\\\/www.robertzueblin.com\\\/wp-content\\\/uploads\\\/cropped-cropped-logo-von-robert-zueblin.jpg\",\"contentUrl\":\"https:\\\/\\\/www.robertzueblin.com\\\/wp-content\\\/uploads\\\/cropped-cropped-logo-von-robert-zueblin.jpg\",\"width\":440,\"height\":60,\"caption\":\"ROBERT Z\u00dcBLIN\"},\"image\":{\"@id\":\"https:\\\/\\\/www.robertzueblin.com\\\/es\\\/#\\\/schema\\\/logo\\\/image\\\/\"}}]}<\/script>\n<!-- \/ Yoast SEO plugin. -->","yoast_head_json":{"title":"Gusso REUSS - Jarr\u00f3n verde con reparaci\u00f3n Gintsugi","description":"Cer\u00e1mica de estudio de Gusso Reuss (* 1885, \u2020 1962), jarr\u00f3n verde-rojo con reparaci\u00f3n Gintsugi, probablemente de la d\u00e9cada de 1930.","robots":{"index":"index","follow":"follow","max-snippet":"max-snippet:-1","max-image-preview":"max-image-preview:large","max-video-preview":"max-video-preview:-1"},"canonical":"https:\/\/www.robertzueblin.com\/es\/gusso-reuss\/jarron-verde-con-reparacion-gintsugi-ceramica-de-taller\/","og_locale":"es_ES","og_type":"article","og_title":"Gusso REUSS - Jarr\u00f3n verde con reparaci\u00f3n Gintsugi","og_description":"Cer\u00e1mica de estudio de Gusso Reuss (* 1885, \u2020 1962), jarr\u00f3n verde-rojo con reparaci\u00f3n Gintsugi, probablemente de la d\u00e9cada de 1930.","og_url":"https:\/\/www.robertzueblin.com\/es\/gusso-reuss\/jarron-verde-con-reparacion-gintsugi-ceramica-de-taller\/","og_site_name":"ROBERT Z\u00dcBLIN","article_modified_time":"2024-09-26T18:09:26+00:00","og_image":[{"width":1000,"height":1000,"url":"https:\/\/www.robertzueblin.com\/wp-content\/uploads\/gusso-reuss-ceramica-taller-jarron-verde-reparacion-gintsugi-foto-titulo.jpg","type":"image\/jpeg"}],"twitter_card":"summary_large_image","schema":{"@context":"https:\/\/schema.org","@graph":[{"@type":"WebPage","@id":"https:\/\/www.robertzueblin.com\/es\/gusso-reuss\/jarron-verde-con-reparacion-gintsugi-ceramica-de-taller\/","url":"https:\/\/www.robertzueblin.com\/es\/gusso-reuss\/jarron-verde-con-reparacion-gintsugi-ceramica-de-taller\/","name":"Gusso REUSS - Jarr\u00f3n verde con reparaci\u00f3n Gintsugi","isPartOf":{"@id":"https:\/\/www.robertzueblin.com\/es\/#website"},"primaryImageOfPage":{"@id":"https:\/\/www.robertzueblin.com\/es\/gusso-reuss\/jarron-verde-con-reparacion-gintsugi-ceramica-de-taller\/#primaryimage"},"image":{"@id":"https:\/\/www.robertzueblin.com\/es\/gusso-reuss\/jarron-verde-con-reparacion-gintsugi-ceramica-de-taller\/#primaryimage"},"thumbnailUrl":"https:\/\/www.robertzueblin.com\/wp-content\/uploads\/gusso-reuss-ceramica-taller-jarron-verde-reparacion-gintsugi-foto-titulo.jpg","datePublished":"2024-09-26T18:09:25+00:00","dateModified":"2024-09-26T18:09:26+00:00","description":"Cer\u00e1mica de estudio de Gusso Reuss (* 1885, \u2020 1962), jarr\u00f3n verde-rojo con reparaci\u00f3n Gintsugi, probablemente de la d\u00e9cada de 1930.","breadcrumb":{"@id":"https:\/\/www.robertzueblin.com\/es\/gusso-reuss\/jarron-verde-con-reparacion-gintsugi-ceramica-de-taller\/#breadcrumb"},"inLanguage":"es","potentialAction":[{"@type":"ReadAction","target":["https:\/\/www.robertzueblin.com\/es\/gusso-reuss\/jarron-verde-con-reparacion-gintsugi-ceramica-de-taller\/"]}]},{"@type":"ImageObject","inLanguage":"es","@id":"https:\/\/www.robertzueblin.com\/es\/gusso-reuss\/jarron-verde-con-reparacion-gintsugi-ceramica-de-taller\/#primaryimage","url":"https:\/\/www.robertzueblin.com\/wp-content\/uploads\/gusso-reuss-ceramica-taller-jarron-verde-reparacion-gintsugi-foto-titulo.jpg","contentUrl":"https:\/\/www.robertzueblin.com\/wp-content\/uploads\/gusso-reuss-ceramica-taller-jarron-verde-reparacion-gintsugi-foto-titulo.jpg","width":1000,"height":1000},{"@type":"BreadcrumbList","@id":"https:\/\/www.robertzueblin.com\/es\/gusso-reuss\/jarron-verde-con-reparacion-gintsugi-ceramica-de-taller\/#breadcrumb","itemListElement":[{"@type":"ListItem","position":1,"name":"Startseite","item":"https:\/\/www.robertzueblin.com\/es\/"},{"@type":"ListItem","position":2,"name":"Galer\u00eda de arte online (tienda online)","item":"https:\/\/www.robertzueblin.com\/es\/galeria-de-arte-online\/"},{"@type":"ListItem","position":3,"name":"Gusso REUSS (* 1885, \u2020 1962) &#8211; Jarr\u00f3n verde con reparaci\u00f3n Gintsugi &#8211; Cer\u00e1mica de taller"}]},{"@type":"WebSite","@id":"https:\/\/www.robertzueblin.com\/es\/#website","url":"https:\/\/www.robertzueblin.com\/es\/","name":"ROBERT Z\u00dcBLIN","description":"","publisher":{"@id":"https:\/\/www.robertzueblin.com\/es\/#organization"},"potentialAction":[{"@type":"SearchAction","target":{"@type":"EntryPoint","urlTemplate":"https:\/\/www.robertzueblin.com\/es\/?s={search_term_string}"},"query-input":{"@type":"PropertyValueSpecification","valueRequired":true,"valueName":"search_term_string"}}],"inLanguage":"es"},{"@type":"Organization","@id":"https:\/\/www.robertzueblin.com\/es\/#organization","name":"ROBERT Z\u00dcBLIN","url":"https:\/\/www.robertzueblin.com\/es\/","logo":{"@type":"ImageObject","inLanguage":"es","@id":"https:\/\/www.robertzueblin.com\/es\/#\/schema\/logo\/image\/","url":"https:\/\/www.robertzueblin.com\/wp-content\/uploads\/cropped-cropped-logo-von-robert-zueblin.jpg","contentUrl":"https:\/\/www.robertzueblin.com\/wp-content\/uploads\/cropped-cropped-logo-von-robert-zueblin.jpg","width":440,"height":60,"caption":"ROBERT Z\u00dcBLIN"},"image":{"@id":"https:\/\/www.robertzueblin.com\/es\/#\/schema\/logo\/image\/"}}]}},"_links":{"self":[{"href":"https:\/\/www.robertzueblin.com\/es\/wp-json\/wp\/v2\/product\/39278","targetHints":{"allow":["GET"]}}],"collection":[{"href":"https:\/\/www.robertzueblin.com\/es\/wp-json\/wp\/v2\/product"}],"about":[{"href":"https:\/\/www.robertzueblin.com\/es\/wp-json\/wp\/v2\/types\/product"}],"wp:featuredmedia":[{"embeddable":true,"href":"https:\/\/www.robertzueblin.com\/es\/wp-json\/wp\/v2\/media\/39283"}],"wp:attachment":[{"href":"https:\/\/www.robertzueblin.com\/es\/wp-json\/wp\/v2\/media?parent=39278"}],"wp:term":[{"taxonomy":"product_brand","embeddable":true,"href":"https:\/\/www.robertzueblin.com\/es\/wp-json\/wp\/v2\/product_brand?post=39278"},{"taxonomy":"product_cat","embeddable":true,"href":"https:\/\/www.robertzueblin.com\/es\/wp-json\/wp\/v2\/product_cat?post=39278"},{"taxonomy":"product_tag","embeddable":true,"href":"https:\/\/www.robertzueblin.com\/es\/wp-json\/wp\/v2\/product_tag?post=39278"}],"curies":[{"name":"wp","href":"https:\/\/api.w.org\/{rel}","templated":true}]}}