{"id":39042,"date":"2024-07-26T19:44:53","date_gmt":"2024-07-26T17:50:30","guid":{"rendered":"https:\/\/www.robertzueblin.com\/?post_type=product&#038;p=39042"},"modified":"2025-11-26T20:53:15","modified_gmt":"2025-11-26T19:53:15","slug":"johann-wanzenried-plato-con-veduta-del-dents-du-midi-lago-leman-thun-mayolica-thoune","status":"publish","type":"product","link":"https:\/\/www.robertzueblin.com\/es\/johann-wanzenried\/plato-con-veduta-del-dents-du-midi-lago-leman-thun-mayolica-thoune\/","title":{"rendered":"Johann WANZENRIED (* 1847, \u2020 1895) &#8211; Plato con veduta del Dents du Midi &#8211; Lago Lem\u00e1n &#8211; Thun may\u00f3lica (Thoune)"},"content":{"rendered":"<p><span style=\"font-family: AkkoPro-BoldCondensed!important\">Tipo:<\/span> <a href=\"https:\/\/www.robertzueblin.com\/es\/tipo\/pintura\/\">pintura<\/a><\/p>\n<p><span style=\"font-family: AkkoPro-BoldCondensed!important\">Taller:<\/span> <a href=\"https:\/\/www.robertzueblin.com\/es\/taller-johann-wanzenried\/\">Johann Wanzenried<\/a> (* 1847, \u2020 1895)<\/p>\n<p><span style=\"font-family: AkkoPro-BoldCondensed!important\">Pintor:<\/span> desconocido<\/p>\n<p><span style=\"font-family: AkkoPro-BoldCondensed!important\">Objeto:<\/span> plato de cer\u00e1mica, placa veduta<\/p>\n<p><span style=\"font-family: AkkoPro-BoldCondensed!important\">Material:<\/span> \u00f3leo sobre cer\u00e1mica<\/p>\n<p><span style=\"font-family: AkkoPro-BoldCondensed!important\">Dimensiones:<\/span>  di\u00e1metro: 21,2 cm, altura: 2,8 cm<\/p>\n<p><span style=\"font-family: AkkoPro-BoldCondensed!important\">A\u00f1o de producci\u00f3n:<\/span> hacia 1900<\/p>\n<p><span style=\"font-family: AkkoPro-BoldCondensed!important\">Estado:<\/span> intacto<\/p>\n<p><span style=\"font-family: AkkoPro-BoldCondensed!important\">Firma\/marca:<\/span> denominaci\u00f3n de origen \u00abThoune\u00bb y JW<\/p>\n","protected":false},"excerpt":{"rendered":"<p><span style=\"color: #e2401c;\">&#x25cf;<\/span><span> vendido<\/span><\/p>\n","protected":false},"featured_media":39046,"template":"","meta":[],"product_brand":[],"product_cat":[498,637,595,912],"product_tag":[],"class_list":{"0":"post-39042","1":"product","2":"type-product","3":"status-publish","4":"has-post-thumbnail","6":"product_cat-cuadros-al-oleo","7":"product_cat-johann-wanzenried","8":"product_cat-thun-mayolica-thoune-ceramica-suiza-thun","9":"product_cat-vedutas-de-thun","11":"first","12":"outofstock","13":"sold-individually","14":"shipping-taxable","15":"product-type-simple"},"yoast_head":"<!-- This site is optimized with the Yoast SEO plugin v27.4 - https:\/\/yoast.com\/product\/yoast-seo-wordpress\/ -->\n<title>Johann WANZENRIED - Plato veduta Dents du Midi - Lago Lem\u00e1n<\/title>\n<meta name=\"description\" content=\"Plato Veduta del taller de Johann Wanzenried con el motivo Dents du Midi en el Lago Lem\u00e1n, may\u00f3lica de Thun (Thoune), cer\u00e1mica suiza.\" \/>\n<meta name=\"robots\" content=\"index, follow, max-snippet:-1, max-image-preview:large, max-video-preview:-1\" \/>\n<link rel=\"canonical\" href=\"https:\/\/www.robertzueblin.com\/es\/johann-wanzenried\/plato-con-veduta-del-dents-du-midi-lago-leman-thun-mayolica-thoune\/\" \/>\n<meta property=\"og:locale\" content=\"es_ES\" \/>\n<meta property=\"og:type\" content=\"article\" \/>\n<meta property=\"og:title\" content=\"Johann WANZENRIED - Plato veduta Dents du Midi - Lago Lem\u00e1n\" \/>\n<meta property=\"og:description\" content=\"Plato Veduta del taller de Johann Wanzenried con el motivo Dents du Midi en el Lago Lem\u00e1n, may\u00f3lica de Thun (Thoune), cer\u00e1mica suiza.\" \/>\n<meta property=\"og:url\" content=\"https:\/\/www.robertzueblin.com\/es\/johann-wanzenried\/plato-con-veduta-del-dents-du-midi-lago-leman-thun-mayolica-thoune\/\" \/>\n<meta property=\"og:site_name\" content=\"ROBERT Z\u00dcBLIN\" \/>\n<meta property=\"article:modified_time\" content=\"2025-11-26T19:53:15+00:00\" \/>\n<meta property=\"og:image\" content=\"https:\/\/www.robertzueblin.com\/wp-content\/uploads\/johann-wanzenried-thun-mayolica-thoune-plato-veduta-dents-midi-lago-leman-heimberg-steffisburg-souvenir-foto-titulo.jpg\" \/>\n\t<meta property=\"og:image:width\" content=\"1000\" \/>\n\t<meta property=\"og:image:height\" content=\"1000\" \/>\n\t<meta property=\"og:image:type\" content=\"image\/jpeg\" \/>\n<meta name=\"twitter:card\" content=\"summary_large_image\" \/>\n<script type=\"application\/ld+json\" class=\"yoast-schema-graph\">{\"@context\":\"https:\\\/\\\/schema.org\",\"@graph\":[{\"@type\":\"WebPage\",\"@id\":\"https:\\\/\\\/www.robertzueblin.com\\\/es\\\/johann-wanzenried\\\/plato-con-veduta-del-dents-du-midi-lago-leman-thun-mayolica-thoune\\\/\",\"url\":\"https:\\\/\\\/www.robertzueblin.com\\\/es\\\/johann-wanzenried\\\/plato-con-veduta-del-dents-du-midi-lago-leman-thun-mayolica-thoune\\\/\",\"name\":\"Johann WANZENRIED - Plato veduta Dents du Midi - Lago Lem\u00e1n\",\"isPartOf\":{\"@id\":\"https:\\\/\\\/www.robertzueblin.com\\\/es\\\/#website\"},\"primaryImageOfPage\":{\"@id\":\"https:\\\/\\\/www.robertzueblin.com\\\/es\\\/johann-wanzenried\\\/plato-con-veduta-del-dents-du-midi-lago-leman-thun-mayolica-thoune\\\/#primaryimage\"},\"image\":{\"@id\":\"https:\\\/\\\/www.robertzueblin.com\\\/es\\\/johann-wanzenried\\\/plato-con-veduta-del-dents-du-midi-lago-leman-thun-mayolica-thoune\\\/#primaryimage\"},\"thumbnailUrl\":\"https:\\\/\\\/www.robertzueblin.com\\\/wp-content\\\/uploads\\\/johann-wanzenried-thun-mayolica-thoune-plato-veduta-dents-midi-lago-leman-heimberg-steffisburg-souvenir-foto-titulo.jpg\",\"datePublished\":\"2024-07-26T17:50:30+00:00\",\"dateModified\":\"2025-11-26T19:53:15+00:00\",\"description\":\"Plato Veduta del taller de Johann Wanzenried con el motivo Dents du Midi en el Lago Lem\u00e1n, may\u00f3lica de Thun (Thoune), cer\u00e1mica suiza.\",\"breadcrumb\":{\"@id\":\"https:\\\/\\\/www.robertzueblin.com\\\/es\\\/johann-wanzenried\\\/plato-con-veduta-del-dents-du-midi-lago-leman-thun-mayolica-thoune\\\/#breadcrumb\"},\"inLanguage\":\"es\",\"potentialAction\":[{\"@type\":\"ReadAction\",\"target\":[\"https:\\\/\\\/www.robertzueblin.com\\\/es\\\/johann-wanzenried\\\/plato-con-veduta-del-dents-du-midi-lago-leman-thun-mayolica-thoune\\\/\"]}]},{\"@type\":\"ImageObject\",\"inLanguage\":\"es\",\"@id\":\"https:\\\/\\\/www.robertzueblin.com\\\/es\\\/johann-wanzenried\\\/plato-con-veduta-del-dents-du-midi-lago-leman-thun-mayolica-thoune\\\/#primaryimage\",\"url\":\"https:\\\/\\\/www.robertzueblin.com\\\/wp-content\\\/uploads\\\/johann-wanzenried-thun-mayolica-thoune-plato-veduta-dents-midi-lago-leman-heimberg-steffisburg-souvenir-foto-titulo.jpg\",\"contentUrl\":\"https:\\\/\\\/www.robertzueblin.com\\\/wp-content\\\/uploads\\\/johann-wanzenried-thun-mayolica-thoune-plato-veduta-dents-midi-lago-leman-heimberg-steffisburg-souvenir-foto-titulo.jpg\",\"width\":1000,\"height\":1000},{\"@type\":\"BreadcrumbList\",\"@id\":\"https:\\\/\\\/www.robertzueblin.com\\\/es\\\/johann-wanzenried\\\/plato-con-veduta-del-dents-du-midi-lago-leman-thun-mayolica-thoune\\\/#breadcrumb\",\"itemListElement\":[{\"@type\":\"ListItem\",\"position\":1,\"name\":\"Startseite\",\"item\":\"https:\\\/\\\/www.robertzueblin.com\\\/es\\\/\"},{\"@type\":\"ListItem\",\"position\":2,\"name\":\"Galer\u00eda de arte online (tienda online)\",\"item\":\"https:\\\/\\\/www.robertzueblin.com\\\/es\\\/galeria-de-arte-online\\\/\"},{\"@type\":\"ListItem\",\"position\":3,\"name\":\"Johann WANZENRIED (* 1847, \u2020 1895) &#8211; Plato con veduta del Dents du Midi &#8211; Lago Lem\u00e1n &#8211; Thun may\u00f3lica (Thoune)\"}]},{\"@type\":\"WebSite\",\"@id\":\"https:\\\/\\\/www.robertzueblin.com\\\/es\\\/#website\",\"url\":\"https:\\\/\\\/www.robertzueblin.com\\\/es\\\/\",\"name\":\"ROBERT Z\u00dcBLIN\",\"description\":\"\",\"publisher\":{\"@id\":\"https:\\\/\\\/www.robertzueblin.com\\\/es\\\/#organization\"},\"potentialAction\":[{\"@type\":\"SearchAction\",\"target\":{\"@type\":\"EntryPoint\",\"urlTemplate\":\"https:\\\/\\\/www.robertzueblin.com\\\/es\\\/?s={search_term_string}\"},\"query-input\":{\"@type\":\"PropertyValueSpecification\",\"valueRequired\":true,\"valueName\":\"search_term_string\"}}],\"inLanguage\":\"es\"},{\"@type\":\"Organization\",\"@id\":\"https:\\\/\\\/www.robertzueblin.com\\\/es\\\/#organization\",\"name\":\"ROBERT Z\u00dcBLIN\",\"url\":\"https:\\\/\\\/www.robertzueblin.com\\\/es\\\/\",\"logo\":{\"@type\":\"ImageObject\",\"inLanguage\":\"es\",\"@id\":\"https:\\\/\\\/www.robertzueblin.com\\\/es\\\/#\\\/schema\\\/logo\\\/image\\\/\",\"url\":\"https:\\\/\\\/www.robertzueblin.com\\\/wp-content\\\/uploads\\\/cropped-cropped-logo-von-robert-zueblin.jpg\",\"contentUrl\":\"https:\\\/\\\/www.robertzueblin.com\\\/wp-content\\\/uploads\\\/cropped-cropped-logo-von-robert-zueblin.jpg\",\"width\":440,\"height\":60,\"caption\":\"ROBERT Z\u00dcBLIN\"},\"image\":{\"@id\":\"https:\\\/\\\/www.robertzueblin.com\\\/es\\\/#\\\/schema\\\/logo\\\/image\\\/\"}}]}<\/script>\n<!-- \/ Yoast SEO plugin. -->","yoast_head_json":{"title":"Johann WANZENRIED - Plato veduta Dents du Midi - Lago Lem\u00e1n","description":"Plato Veduta del taller de Johann Wanzenried con el motivo Dents du Midi en el Lago Lem\u00e1n, may\u00f3lica de Thun (Thoune), cer\u00e1mica suiza.","robots":{"index":"index","follow":"follow","max-snippet":"max-snippet:-1","max-image-preview":"max-image-preview:large","max-video-preview":"max-video-preview:-1"},"canonical":"https:\/\/www.robertzueblin.com\/es\/johann-wanzenried\/plato-con-veduta-del-dents-du-midi-lago-leman-thun-mayolica-thoune\/","og_locale":"es_ES","og_type":"article","og_title":"Johann WANZENRIED - Plato veduta Dents du Midi - Lago Lem\u00e1n","og_description":"Plato Veduta del taller de Johann Wanzenried con el motivo Dents du Midi en el Lago Lem\u00e1n, may\u00f3lica de Thun (Thoune), cer\u00e1mica suiza.","og_url":"https:\/\/www.robertzueblin.com\/es\/johann-wanzenried\/plato-con-veduta-del-dents-du-midi-lago-leman-thun-mayolica-thoune\/","og_site_name":"ROBERT Z\u00dcBLIN","article_modified_time":"2025-11-26T19:53:15+00:00","og_image":[{"width":1000,"height":1000,"url":"https:\/\/www.robertzueblin.com\/wp-content\/uploads\/johann-wanzenried-thun-mayolica-thoune-plato-veduta-dents-midi-lago-leman-heimberg-steffisburg-souvenir-foto-titulo.jpg","type":"image\/jpeg"}],"twitter_card":"summary_large_image","schema":{"@context":"https:\/\/schema.org","@graph":[{"@type":"WebPage","@id":"https:\/\/www.robertzueblin.com\/es\/johann-wanzenried\/plato-con-veduta-del-dents-du-midi-lago-leman-thun-mayolica-thoune\/","url":"https:\/\/www.robertzueblin.com\/es\/johann-wanzenried\/plato-con-veduta-del-dents-du-midi-lago-leman-thun-mayolica-thoune\/","name":"Johann WANZENRIED - Plato veduta Dents du Midi - Lago Lem\u00e1n","isPartOf":{"@id":"https:\/\/www.robertzueblin.com\/es\/#website"},"primaryImageOfPage":{"@id":"https:\/\/www.robertzueblin.com\/es\/johann-wanzenried\/plato-con-veduta-del-dents-du-midi-lago-leman-thun-mayolica-thoune\/#primaryimage"},"image":{"@id":"https:\/\/www.robertzueblin.com\/es\/johann-wanzenried\/plato-con-veduta-del-dents-du-midi-lago-leman-thun-mayolica-thoune\/#primaryimage"},"thumbnailUrl":"https:\/\/www.robertzueblin.com\/wp-content\/uploads\/johann-wanzenried-thun-mayolica-thoune-plato-veduta-dents-midi-lago-leman-heimberg-steffisburg-souvenir-foto-titulo.jpg","datePublished":"2024-07-26T17:50:30+00:00","dateModified":"2025-11-26T19:53:15+00:00","description":"Plato Veduta del taller de Johann Wanzenried con el motivo Dents du Midi en el Lago Lem\u00e1n, may\u00f3lica de Thun (Thoune), cer\u00e1mica suiza.","breadcrumb":{"@id":"https:\/\/www.robertzueblin.com\/es\/johann-wanzenried\/plato-con-veduta-del-dents-du-midi-lago-leman-thun-mayolica-thoune\/#breadcrumb"},"inLanguage":"es","potentialAction":[{"@type":"ReadAction","target":["https:\/\/www.robertzueblin.com\/es\/johann-wanzenried\/plato-con-veduta-del-dents-du-midi-lago-leman-thun-mayolica-thoune\/"]}]},{"@type":"ImageObject","inLanguage":"es","@id":"https:\/\/www.robertzueblin.com\/es\/johann-wanzenried\/plato-con-veduta-del-dents-du-midi-lago-leman-thun-mayolica-thoune\/#primaryimage","url":"https:\/\/www.robertzueblin.com\/wp-content\/uploads\/johann-wanzenried-thun-mayolica-thoune-plato-veduta-dents-midi-lago-leman-heimberg-steffisburg-souvenir-foto-titulo.jpg","contentUrl":"https:\/\/www.robertzueblin.com\/wp-content\/uploads\/johann-wanzenried-thun-mayolica-thoune-plato-veduta-dents-midi-lago-leman-heimberg-steffisburg-souvenir-foto-titulo.jpg","width":1000,"height":1000},{"@type":"BreadcrumbList","@id":"https:\/\/www.robertzueblin.com\/es\/johann-wanzenried\/plato-con-veduta-del-dents-du-midi-lago-leman-thun-mayolica-thoune\/#breadcrumb","itemListElement":[{"@type":"ListItem","position":1,"name":"Startseite","item":"https:\/\/www.robertzueblin.com\/es\/"},{"@type":"ListItem","position":2,"name":"Galer\u00eda de arte online (tienda online)","item":"https:\/\/www.robertzueblin.com\/es\/galeria-de-arte-online\/"},{"@type":"ListItem","position":3,"name":"Johann WANZENRIED (* 1847, \u2020 1895) &#8211; Plato con veduta del Dents du Midi &#8211; Lago Lem\u00e1n &#8211; Thun may\u00f3lica (Thoune)"}]},{"@type":"WebSite","@id":"https:\/\/www.robertzueblin.com\/es\/#website","url":"https:\/\/www.robertzueblin.com\/es\/","name":"ROBERT Z\u00dcBLIN","description":"","publisher":{"@id":"https:\/\/www.robertzueblin.com\/es\/#organization"},"potentialAction":[{"@type":"SearchAction","target":{"@type":"EntryPoint","urlTemplate":"https:\/\/www.robertzueblin.com\/es\/?s={search_term_string}"},"query-input":{"@type":"PropertyValueSpecification","valueRequired":true,"valueName":"search_term_string"}}],"inLanguage":"es"},{"@type":"Organization","@id":"https:\/\/www.robertzueblin.com\/es\/#organization","name":"ROBERT Z\u00dcBLIN","url":"https:\/\/www.robertzueblin.com\/es\/","logo":{"@type":"ImageObject","inLanguage":"es","@id":"https:\/\/www.robertzueblin.com\/es\/#\/schema\/logo\/image\/","url":"https:\/\/www.robertzueblin.com\/wp-content\/uploads\/cropped-cropped-logo-von-robert-zueblin.jpg","contentUrl":"https:\/\/www.robertzueblin.com\/wp-content\/uploads\/cropped-cropped-logo-von-robert-zueblin.jpg","width":440,"height":60,"caption":"ROBERT Z\u00dcBLIN"},"image":{"@id":"https:\/\/www.robertzueblin.com\/es\/#\/schema\/logo\/image\/"}}]}},"_links":{"self":[{"href":"https:\/\/www.robertzueblin.com\/es\/wp-json\/wp\/v2\/product\/39042","targetHints":{"allow":["GET"]}}],"collection":[{"href":"https:\/\/www.robertzueblin.com\/es\/wp-json\/wp\/v2\/product"}],"about":[{"href":"https:\/\/www.robertzueblin.com\/es\/wp-json\/wp\/v2\/types\/product"}],"wp:featuredmedia":[{"embeddable":true,"href":"https:\/\/www.robertzueblin.com\/es\/wp-json\/wp\/v2\/media\/39046"}],"wp:attachment":[{"href":"https:\/\/www.robertzueblin.com\/es\/wp-json\/wp\/v2\/media?parent=39042"}],"wp:term":[{"taxonomy":"product_brand","embeddable":true,"href":"https:\/\/www.robertzueblin.com\/es\/wp-json\/wp\/v2\/product_brand?post=39042"},{"taxonomy":"product_cat","embeddable":true,"href":"https:\/\/www.robertzueblin.com\/es\/wp-json\/wp\/v2\/product_cat?post=39042"},{"taxonomy":"product_tag","embeddable":true,"href":"https:\/\/www.robertzueblin.com\/es\/wp-json\/wp\/v2\/product_tag?post=39042"}],"curies":[{"name":"wp","href":"https:\/\/api.w.org\/{rel}","templated":true}]}}