{"id":38942,"date":"2024-08-02T18:27:24","date_gmt":"2024-08-02T16:34:32","guid":{"rendered":"https:\/\/www.robertzueblin.com\/?post_type=product&#038;p=38942"},"modified":"2025-09-25T19:54:32","modified_gmt":"2025-09-25T17:54:32","slug":"juerg-tramer-1919-%e2%80%a0-2004-litografia-en-color-con-cuadrados-arte-concreto","status":"publish","type":"product","link":"https:\/\/www.robertzueblin.com\/es\/juerg-tramer\/litografia-en-color-con-cuadrados-arte-concreto\/","title":{"rendered":"J\u00fcrg TRAM\u00c8R (* 1919, \u2020 2004) &#8211; Litograf\u00eda en color con cuadrados &#8211; Arte concreto"},"content":{"rendered":"<p><span style=\"font-family: AkkoPro-BoldCondensed!important\">Tipo:<\/span> <a href=\"https:\/\/www.robertzueblin.com\/es\/tipo\/pintura\/\">pintura<\/a><\/p>\n<p><span style=\"font-family: AkkoPro-BoldCondensed!important\">Pintor:<\/span> <a href=\"https:\/\/www.robertzueblin.com\/es\/juerg-tramer\/\">J\u00fcrg Tram\u00e8r<\/a> (* 1919, \u2020 2004)<\/p>\n<p><span style=\"font-family: AkkoPro-BoldCondensed!important\">Objeto:<\/span> litograf\u00eda en color<\/p>\n<p><span style=\"font-family: AkkoPro-BoldCondensed!important\">Material:<\/span> litograf\u00eda en color sobre papel<\/p>\n<p><span style=\"font-family: AkkoPro-BoldCondensed!important\">Dimensiones:<\/span> alto: 50 cm, ancho: 40 cm<\/p>\n<p><span style=\"font-family: AkkoPro-BoldCondensed!important\">Periodo de realizaci\u00f3n:<\/span> 1974<\/p>\n<p><span style=\"font-family: AkkoPro-BoldCondensed!important\">Estado:<\/span> parcialmente arrugado y amarilleado<\/p>\n<p><span style=\"font-family: AkkoPro-BoldCondensed!important\">Firma:<\/span> J\u00fcrg Tram\u00e8r<\/p>\n<p><span style=\"font-family: AkkoPro-BoldCondensed!important\">N\u00famero de edici\u00f3n:<\/span> 1\/60<\/p>\n","protected":false},"excerpt":{"rendered":"<p>Tipo: pintura Pintor: J\u00fcrg Tram\u00e8r (* 1919, \u2020 2004) Objeto: litograf\u00eda en color Material: litograf\u00eda en color sobre papel Dimensiones: alto: 50 cm, ancho: 40 cm Periodo de realizaci\u00f3n: 1974 Estado: parcialmente arrugado y amarilleado Firma: J\u00fcrg Tram\u00e8r N\u00famero de edici\u00f3n: 1\/60<\/p>\n","protected":false},"featured_media":38946,"template":"","meta":[],"product_brand":[],"product_cat":[778,605],"product_tag":[],"class_list":{"0":"post-38942","1":"product","2":"type-product","3":"status-publish","4":"has-post-thumbnail","6":"product_cat-pintura","7":"product_cat-juerg-tramer","9":"first","10":"instock","11":"sold-individually","12":"shipping-taxable","13":"purchasable","14":"product-type-simple"},"yoast_head":"<!-- This site is optimized with the Yoast SEO plugin v27.4 - https:\/\/yoast.com\/product\/yoast-seo-wordpress\/ -->\n<title>J\u00fcrg TRAM\u00c8R (* 1919, \u2020 2004) - Litograf\u00eda en color con cuadrados<\/title>\n<meta name=\"description\" content=\"Litograf\u00eda en color con cuadrados en estilo Arte concreto del pintor, dibujante, ilustrador y artista gr\u00e1fico suizo J\u00fcrg Tram\u00e8r.\" \/>\n<meta name=\"robots\" content=\"index, follow, max-snippet:-1, max-image-preview:large, max-video-preview:-1\" \/>\n<link rel=\"canonical\" href=\"https:\/\/www.robertzueblin.com\/es\/juerg-tramer\/litografia-en-color-con-cuadrados-arte-concreto\/\" \/>\n<meta property=\"og:locale\" content=\"es_ES\" \/>\n<meta property=\"og:type\" content=\"article\" \/>\n<meta property=\"og:title\" content=\"J\u00fcrg TRAM\u00c8R (* 1919, \u2020 2004) - Litograf\u00eda en color con cuadrados\" \/>\n<meta property=\"og:description\" content=\"Litograf\u00eda en color con cuadrados en estilo Arte concreto del pintor, dibujante, ilustrador y artista gr\u00e1fico suizo J\u00fcrg Tram\u00e8r.\" \/>\n<meta property=\"og:url\" content=\"https:\/\/www.robertzueblin.com\/es\/juerg-tramer\/litografia-en-color-con-cuadrados-arte-concreto\/\" \/>\n<meta property=\"og:site_name\" content=\"ROBERT Z\u00dcBLIN\" \/>\n<meta property=\"article:modified_time\" content=\"2025-09-25T17:54:32+00:00\" \/>\n<meta property=\"og:image\" content=\"https:\/\/www.robertzueblin.com\/wp-content\/uploads\/juerg-tramer-litografia-color-cuadrados-foto-titulo.jpg\" \/>\n\t<meta property=\"og:image:width\" content=\"1000\" \/>\n\t<meta property=\"og:image:height\" content=\"1254\" \/>\n\t<meta property=\"og:image:type\" content=\"image\/jpeg\" \/>\n<meta name=\"twitter:card\" content=\"summary_large_image\" \/>\n<script type=\"application\/ld+json\" class=\"yoast-schema-graph\">{\"@context\":\"https:\\\/\\\/schema.org\",\"@graph\":[{\"@type\":\"WebPage\",\"@id\":\"https:\\\/\\\/www.robertzueblin.com\\\/es\\\/juerg-tramer\\\/litografia-en-color-con-cuadrados-arte-concreto\\\/\",\"url\":\"https:\\\/\\\/www.robertzueblin.com\\\/es\\\/juerg-tramer\\\/litografia-en-color-con-cuadrados-arte-concreto\\\/\",\"name\":\"J\u00fcrg TRAM\u00c8R (* 1919, \u2020 2004) - Litograf\u00eda en color con cuadrados\",\"isPartOf\":{\"@id\":\"https:\\\/\\\/www.robertzueblin.com\\\/es\\\/#website\"},\"primaryImageOfPage\":{\"@id\":\"https:\\\/\\\/www.robertzueblin.com\\\/es\\\/juerg-tramer\\\/litografia-en-color-con-cuadrados-arte-concreto\\\/#primaryimage\"},\"image\":{\"@id\":\"https:\\\/\\\/www.robertzueblin.com\\\/es\\\/juerg-tramer\\\/litografia-en-color-con-cuadrados-arte-concreto\\\/#primaryimage\"},\"thumbnailUrl\":\"https:\\\/\\\/www.robertzueblin.com\\\/wp-content\\\/uploads\\\/juerg-tramer-litografia-color-cuadrados-foto-titulo.jpg\",\"datePublished\":\"2024-08-02T16:34:32+00:00\",\"dateModified\":\"2025-09-25T17:54:32+00:00\",\"description\":\"Litograf\u00eda en color con cuadrados en estilo Arte concreto del pintor, dibujante, ilustrador y artista gr\u00e1fico suizo J\u00fcrg Tram\u00e8r.\",\"breadcrumb\":{\"@id\":\"https:\\\/\\\/www.robertzueblin.com\\\/es\\\/juerg-tramer\\\/litografia-en-color-con-cuadrados-arte-concreto\\\/#breadcrumb\"},\"inLanguage\":\"es\",\"potentialAction\":[{\"@type\":\"ReadAction\",\"target\":[\"https:\\\/\\\/www.robertzueblin.com\\\/es\\\/juerg-tramer\\\/litografia-en-color-con-cuadrados-arte-concreto\\\/\"]}]},{\"@type\":\"ImageObject\",\"inLanguage\":\"es\",\"@id\":\"https:\\\/\\\/www.robertzueblin.com\\\/es\\\/juerg-tramer\\\/litografia-en-color-con-cuadrados-arte-concreto\\\/#primaryimage\",\"url\":\"https:\\\/\\\/www.robertzueblin.com\\\/wp-content\\\/uploads\\\/juerg-tramer-litografia-color-cuadrados-foto-titulo.jpg\",\"contentUrl\":\"https:\\\/\\\/www.robertzueblin.com\\\/wp-content\\\/uploads\\\/juerg-tramer-litografia-color-cuadrados-foto-titulo.jpg\",\"width\":1000,\"height\":1254},{\"@type\":\"BreadcrumbList\",\"@id\":\"https:\\\/\\\/www.robertzueblin.com\\\/es\\\/juerg-tramer\\\/litografia-en-color-con-cuadrados-arte-concreto\\\/#breadcrumb\",\"itemListElement\":[{\"@type\":\"ListItem\",\"position\":1,\"name\":\"Startseite\",\"item\":\"https:\\\/\\\/www.robertzueblin.com\\\/es\\\/\"},{\"@type\":\"ListItem\",\"position\":2,\"name\":\"Galer\u00eda de arte online (tienda online)\",\"item\":\"https:\\\/\\\/www.robertzueblin.com\\\/es\\\/galeria-de-arte-online\\\/\"},{\"@type\":\"ListItem\",\"position\":3,\"name\":\"J\u00fcrg TRAM\u00c8R (* 1919, \u2020 2004) &#8211; Litograf\u00eda en color con cuadrados &#8211; Arte concreto\"}]},{\"@type\":\"WebSite\",\"@id\":\"https:\\\/\\\/www.robertzueblin.com\\\/es\\\/#website\",\"url\":\"https:\\\/\\\/www.robertzueblin.com\\\/es\\\/\",\"name\":\"ROBERT Z\u00dcBLIN\",\"description\":\"\",\"publisher\":{\"@id\":\"https:\\\/\\\/www.robertzueblin.com\\\/es\\\/#organization\"},\"potentialAction\":[{\"@type\":\"SearchAction\",\"target\":{\"@type\":\"EntryPoint\",\"urlTemplate\":\"https:\\\/\\\/www.robertzueblin.com\\\/es\\\/?s={search_term_string}\"},\"query-input\":{\"@type\":\"PropertyValueSpecification\",\"valueRequired\":true,\"valueName\":\"search_term_string\"}}],\"inLanguage\":\"es\"},{\"@type\":\"Organization\",\"@id\":\"https:\\\/\\\/www.robertzueblin.com\\\/es\\\/#organization\",\"name\":\"ROBERT Z\u00dcBLIN\",\"url\":\"https:\\\/\\\/www.robertzueblin.com\\\/es\\\/\",\"logo\":{\"@type\":\"ImageObject\",\"inLanguage\":\"es\",\"@id\":\"https:\\\/\\\/www.robertzueblin.com\\\/es\\\/#\\\/schema\\\/logo\\\/image\\\/\",\"url\":\"https:\\\/\\\/www.robertzueblin.com\\\/wp-content\\\/uploads\\\/cropped-cropped-logo-von-robert-zueblin.jpg\",\"contentUrl\":\"https:\\\/\\\/www.robertzueblin.com\\\/wp-content\\\/uploads\\\/cropped-cropped-logo-von-robert-zueblin.jpg\",\"width\":440,\"height\":60,\"caption\":\"ROBERT Z\u00dcBLIN\"},\"image\":{\"@id\":\"https:\\\/\\\/www.robertzueblin.com\\\/es\\\/#\\\/schema\\\/logo\\\/image\\\/\"}}]}<\/script>\n<!-- \/ Yoast SEO plugin. -->","yoast_head_json":{"title":"J\u00fcrg TRAM\u00c8R (* 1919, \u2020 2004) - Litograf\u00eda en color con cuadrados","description":"Litograf\u00eda en color con cuadrados en estilo Arte concreto del pintor, dibujante, ilustrador y artista gr\u00e1fico suizo J\u00fcrg Tram\u00e8r.","robots":{"index":"index","follow":"follow","max-snippet":"max-snippet:-1","max-image-preview":"max-image-preview:large","max-video-preview":"max-video-preview:-1"},"canonical":"https:\/\/www.robertzueblin.com\/es\/juerg-tramer\/litografia-en-color-con-cuadrados-arte-concreto\/","og_locale":"es_ES","og_type":"article","og_title":"J\u00fcrg TRAM\u00c8R (* 1919, \u2020 2004) - Litograf\u00eda en color con cuadrados","og_description":"Litograf\u00eda en color con cuadrados en estilo Arte concreto del pintor, dibujante, ilustrador y artista gr\u00e1fico suizo J\u00fcrg Tram\u00e8r.","og_url":"https:\/\/www.robertzueblin.com\/es\/juerg-tramer\/litografia-en-color-con-cuadrados-arte-concreto\/","og_site_name":"ROBERT Z\u00dcBLIN","article_modified_time":"2025-09-25T17:54:32+00:00","og_image":[{"width":1000,"height":1254,"url":"https:\/\/www.robertzueblin.com\/wp-content\/uploads\/juerg-tramer-litografia-color-cuadrados-foto-titulo.jpg","type":"image\/jpeg"}],"twitter_card":"summary_large_image","schema":{"@context":"https:\/\/schema.org","@graph":[{"@type":"WebPage","@id":"https:\/\/www.robertzueblin.com\/es\/juerg-tramer\/litografia-en-color-con-cuadrados-arte-concreto\/","url":"https:\/\/www.robertzueblin.com\/es\/juerg-tramer\/litografia-en-color-con-cuadrados-arte-concreto\/","name":"J\u00fcrg TRAM\u00c8R (* 1919, \u2020 2004) - Litograf\u00eda en color con cuadrados","isPartOf":{"@id":"https:\/\/www.robertzueblin.com\/es\/#website"},"primaryImageOfPage":{"@id":"https:\/\/www.robertzueblin.com\/es\/juerg-tramer\/litografia-en-color-con-cuadrados-arte-concreto\/#primaryimage"},"image":{"@id":"https:\/\/www.robertzueblin.com\/es\/juerg-tramer\/litografia-en-color-con-cuadrados-arte-concreto\/#primaryimage"},"thumbnailUrl":"https:\/\/www.robertzueblin.com\/wp-content\/uploads\/juerg-tramer-litografia-color-cuadrados-foto-titulo.jpg","datePublished":"2024-08-02T16:34:32+00:00","dateModified":"2025-09-25T17:54:32+00:00","description":"Litograf\u00eda en color con cuadrados en estilo Arte concreto del pintor, dibujante, ilustrador y artista gr\u00e1fico suizo J\u00fcrg Tram\u00e8r.","breadcrumb":{"@id":"https:\/\/www.robertzueblin.com\/es\/juerg-tramer\/litografia-en-color-con-cuadrados-arte-concreto\/#breadcrumb"},"inLanguage":"es","potentialAction":[{"@type":"ReadAction","target":["https:\/\/www.robertzueblin.com\/es\/juerg-tramer\/litografia-en-color-con-cuadrados-arte-concreto\/"]}]},{"@type":"ImageObject","inLanguage":"es","@id":"https:\/\/www.robertzueblin.com\/es\/juerg-tramer\/litografia-en-color-con-cuadrados-arte-concreto\/#primaryimage","url":"https:\/\/www.robertzueblin.com\/wp-content\/uploads\/juerg-tramer-litografia-color-cuadrados-foto-titulo.jpg","contentUrl":"https:\/\/www.robertzueblin.com\/wp-content\/uploads\/juerg-tramer-litografia-color-cuadrados-foto-titulo.jpg","width":1000,"height":1254},{"@type":"BreadcrumbList","@id":"https:\/\/www.robertzueblin.com\/es\/juerg-tramer\/litografia-en-color-con-cuadrados-arte-concreto\/#breadcrumb","itemListElement":[{"@type":"ListItem","position":1,"name":"Startseite","item":"https:\/\/www.robertzueblin.com\/es\/"},{"@type":"ListItem","position":2,"name":"Galer\u00eda de arte online (tienda online)","item":"https:\/\/www.robertzueblin.com\/es\/galeria-de-arte-online\/"},{"@type":"ListItem","position":3,"name":"J\u00fcrg TRAM\u00c8R (* 1919, \u2020 2004) &#8211; Litograf\u00eda en color con cuadrados &#8211; Arte concreto"}]},{"@type":"WebSite","@id":"https:\/\/www.robertzueblin.com\/es\/#website","url":"https:\/\/www.robertzueblin.com\/es\/","name":"ROBERT Z\u00dcBLIN","description":"","publisher":{"@id":"https:\/\/www.robertzueblin.com\/es\/#organization"},"potentialAction":[{"@type":"SearchAction","target":{"@type":"EntryPoint","urlTemplate":"https:\/\/www.robertzueblin.com\/es\/?s={search_term_string}"},"query-input":{"@type":"PropertyValueSpecification","valueRequired":true,"valueName":"search_term_string"}}],"inLanguage":"es"},{"@type":"Organization","@id":"https:\/\/www.robertzueblin.com\/es\/#organization","name":"ROBERT Z\u00dcBLIN","url":"https:\/\/www.robertzueblin.com\/es\/","logo":{"@type":"ImageObject","inLanguage":"es","@id":"https:\/\/www.robertzueblin.com\/es\/#\/schema\/logo\/image\/","url":"https:\/\/www.robertzueblin.com\/wp-content\/uploads\/cropped-cropped-logo-von-robert-zueblin.jpg","contentUrl":"https:\/\/www.robertzueblin.com\/wp-content\/uploads\/cropped-cropped-logo-von-robert-zueblin.jpg","width":440,"height":60,"caption":"ROBERT Z\u00dcBLIN"},"image":{"@id":"https:\/\/www.robertzueblin.com\/es\/#\/schema\/logo\/image\/"}}]}},"_links":{"self":[{"href":"https:\/\/www.robertzueblin.com\/es\/wp-json\/wp\/v2\/product\/38942","targetHints":{"allow":["GET"]}}],"collection":[{"href":"https:\/\/www.robertzueblin.com\/es\/wp-json\/wp\/v2\/product"}],"about":[{"href":"https:\/\/www.robertzueblin.com\/es\/wp-json\/wp\/v2\/types\/product"}],"wp:featuredmedia":[{"embeddable":true,"href":"https:\/\/www.robertzueblin.com\/es\/wp-json\/wp\/v2\/media\/38946"}],"wp:attachment":[{"href":"https:\/\/www.robertzueblin.com\/es\/wp-json\/wp\/v2\/media?parent=38942"}],"wp:term":[{"taxonomy":"product_brand","embeddable":true,"href":"https:\/\/www.robertzueblin.com\/es\/wp-json\/wp\/v2\/product_brand?post=38942"},{"taxonomy":"product_cat","embeddable":true,"href":"https:\/\/www.robertzueblin.com\/es\/wp-json\/wp\/v2\/product_cat?post=38942"},{"taxonomy":"product_tag","embeddable":true,"href":"https:\/\/www.robertzueblin.com\/es\/wp-json\/wp\/v2\/product_tag?post=38942"}],"curies":[{"name":"wp","href":"https:\/\/api.w.org\/{rel}","templated":true}]}}