{"id":38382,"date":"2024-05-29T18:18:33","date_gmt":"2024-05-29T16:25:16","guid":{"rendered":"https:\/\/www.robertzueblin.com\/?post_type=product&#038;p=38382"},"modified":"2024-05-29T18:25:16","modified_gmt":"2024-05-29T16:25:16","slug":"eugene-lion-1867-%e2%80%a0-1945-jarron-con-reparacion-kintsugi-ceramica-de-taller","status":"publish","type":"product","link":"https:\/\/www.robertzueblin.com\/es\/eugene-lion\/jarron-con-reparacion-kintsugi-ceramica-de-taller\/","title":{"rendered":"Eug\u00e8ne LION (* 1867, \u2020 1945) &#8211; Jarr\u00f3n con reparaci\u00f3n kintsugi &#8211; Cer\u00e1mica de taller"},"content":{"rendered":"<p><span style=\"font-family: AkkoPro-BoldCondensed!important\">Tipo:<\/span> <a href=\"https:\/\/www.robertzueblin.com\/es\/tipo\/ceramica-artistica-ceramica-artesanal-ceramica-de-taller\/\">cer\u00e1mica de taller<\/a><\/p>\n<p><span style=\"font-family: AkkoPro-BoldCondensed!important\">Dise\u00f1o:<\/span> <a href=\"https:\/\/www.robertzueblin.com\/es\/eugene-lion\/\">Eug\u00e8ne Lion<\/a> (* 1867, \u2020 1945)<\/p>\n<p><span style=\"font-family: AkkoPro-BoldCondensed!important\">Ejecuci\u00f3n:<\/span> Eug\u00e8ne Lion (* 1867, \u2020 1945) <\/p>\n<p><span style=\"font-family: AkkoPro-BoldCondensed!important\">Objeto:<\/span> jarr\u00f3n<\/p>\n<p><span style=\"font-family: AkkoPro-BoldCondensed!important\">Dimensiones:<\/span> altura: 11,5 cm, di\u00e1metro: 7 cm<\/p>\n<p><span style=\"font-family: AkkoPro-BoldCondensed!important\">Cuerpo:<\/span> claro <\/p>\n<p><span style=\"font-family: AkkoPro-BoldCondensed!important\">Superficie:<\/span> marr\u00f3n, amarillo, blanco<\/p>\n<p><span style=\"font-family: AkkoPro-BoldCondensed!important\">A\u00f1o de fabricaci\u00f3n:<\/span> probablemente hacia 1900 <\/p>\n<p><span style=\"font-family: AkkoPro-BoldCondensed!important\">Estado:<\/span> un desconchado de tama\u00f1o medio y dos burbujas de esmalte reparados con t\u00e9cnica kintsugi (refinamiento con oro aut\u00e9ntico).<\/p>\n<p><span style=\"font-family: AkkoPro-BoldCondensed!important\">Firma:<\/span> E Lion<\/p>\n","protected":false},"excerpt":{"rendered":"<p>Tipo: cer\u00e1mica de taller Dise\u00f1o: Eug\u00e8ne Lion (* 1867, \u2020 1945) Ejecuci\u00f3n: Eug\u00e8ne Lion (* 1867, \u2020 1945) Objeto: jarr\u00f3n Dimensiones: altura: 11,5 cm, di\u00e1metro: 7 cm Cuerpo: claro Superficie: marr\u00f3n, amarillo, blanco A\u00f1o de fabricaci\u00f3n: probablemente hacia 1900 Estado: un desconchado de tama\u00f1o medio y dos burbujas de esmalte reparados con t\u00e9cnica kintsugi (refinamiento [&hellip;]<\/p>\n","protected":false},"featured_media":38387,"template":"","meta":[],"product_brand":[],"product_cat":[175,485,657],"product_tag":[],"class_list":{"0":"post-38382","1":"product","2":"type-product","3":"status-publish","4":"has-post-thumbnail","6":"product_cat-eugene-lion","7":"product_cat-jarron-kintsugi","8":"product_cat-kintsugi-shop","10":"first","11":"instock","12":"sold-individually","13":"shipping-taxable","14":"purchasable","15":"product-type-simple"},"yoast_head":"<!-- This site is optimized with the Yoast SEO plugin v27.4 - https:\/\/yoast.com\/product\/yoast-seo-wordpress\/ -->\n<title>Eug\u00e8ne LION - Jarr\u00f3n con reparaci\u00f3n kintsugi - Cer\u00e1mica de taller<\/title>\n<meta name=\"description\" content=\"Jarr\u00f3n de cer\u00e1mica de Eug\u00e8ne Lion de Francia. El jarr\u00f3n de alrededor de 1900 tiene una reparaci\u00f3n kintsugi, con ba\u00f1o de oro real.\" \/>\n<meta name=\"robots\" content=\"index, follow, max-snippet:-1, max-image-preview:large, max-video-preview:-1\" \/>\n<link rel=\"canonical\" href=\"https:\/\/www.robertzueblin.com\/es\/eugene-lion\/jarron-con-reparacion-kintsugi-ceramica-de-taller\/\" \/>\n<meta property=\"og:locale\" content=\"es_ES\" \/>\n<meta property=\"og:type\" content=\"article\" \/>\n<meta property=\"og:title\" content=\"Eug\u00e8ne LION - Jarr\u00f3n con reparaci\u00f3n kintsugi - Cer\u00e1mica de taller\" \/>\n<meta property=\"og:description\" content=\"Jarr\u00f3n de cer\u00e1mica de Eug\u00e8ne Lion de Francia. El jarr\u00f3n de alrededor de 1900 tiene una reparaci\u00f3n kintsugi, con ba\u00f1o de oro real.\" \/>\n<meta property=\"og:url\" content=\"https:\/\/www.robertzueblin.com\/es\/eugene-lion\/jarron-con-reparacion-kintsugi-ceramica-de-taller\/\" \/>\n<meta property=\"og:site_name\" content=\"ROBERT Z\u00dcBLIN\" \/>\n<meta property=\"og:image\" content=\"https:\/\/www.robertzueblin.com\/wp-content\/uploads\/eugene-lion-ceramica-taller-jarron-reparacion-kintsugi-foto-titulo.jpg\" \/>\n\t<meta property=\"og:image:width\" content=\"1000\" \/>\n\t<meta property=\"og:image:height\" content=\"1000\" \/>\n\t<meta property=\"og:image:type\" content=\"image\/jpeg\" \/>\n<meta name=\"twitter:card\" content=\"summary_large_image\" \/>\n<script type=\"application\/ld+json\" class=\"yoast-schema-graph\">{\"@context\":\"https:\\\/\\\/schema.org\",\"@graph\":[{\"@type\":\"WebPage\",\"@id\":\"https:\\\/\\\/www.robertzueblin.com\\\/es\\\/eugene-lion\\\/jarron-con-reparacion-kintsugi-ceramica-de-taller\\\/\",\"url\":\"https:\\\/\\\/www.robertzueblin.com\\\/es\\\/eugene-lion\\\/jarron-con-reparacion-kintsugi-ceramica-de-taller\\\/\",\"name\":\"Eug\u00e8ne LION - Jarr\u00f3n con reparaci\u00f3n kintsugi - Cer\u00e1mica de taller\",\"isPartOf\":{\"@id\":\"https:\\\/\\\/www.robertzueblin.com\\\/es\\\/#website\"},\"primaryImageOfPage\":{\"@id\":\"https:\\\/\\\/www.robertzueblin.com\\\/es\\\/eugene-lion\\\/jarron-con-reparacion-kintsugi-ceramica-de-taller\\\/#primaryimage\"},\"image\":{\"@id\":\"https:\\\/\\\/www.robertzueblin.com\\\/es\\\/eugene-lion\\\/jarron-con-reparacion-kintsugi-ceramica-de-taller\\\/#primaryimage\"},\"thumbnailUrl\":\"https:\\\/\\\/www.robertzueblin.com\\\/wp-content\\\/uploads\\\/eugene-lion-ceramica-taller-jarron-reparacion-kintsugi-foto-titulo.jpg\",\"datePublished\":\"2024-05-29T16:25:16+00:00\",\"description\":\"Jarr\u00f3n de cer\u00e1mica de Eug\u00e8ne Lion de Francia. El jarr\u00f3n de alrededor de 1900 tiene una reparaci\u00f3n kintsugi, con ba\u00f1o de oro real.\",\"breadcrumb\":{\"@id\":\"https:\\\/\\\/www.robertzueblin.com\\\/es\\\/eugene-lion\\\/jarron-con-reparacion-kintsugi-ceramica-de-taller\\\/#breadcrumb\"},\"inLanguage\":\"es\",\"potentialAction\":[{\"@type\":\"ReadAction\",\"target\":[\"https:\\\/\\\/www.robertzueblin.com\\\/es\\\/eugene-lion\\\/jarron-con-reparacion-kintsugi-ceramica-de-taller\\\/\"]}]},{\"@type\":\"ImageObject\",\"inLanguage\":\"es\",\"@id\":\"https:\\\/\\\/www.robertzueblin.com\\\/es\\\/eugene-lion\\\/jarron-con-reparacion-kintsugi-ceramica-de-taller\\\/#primaryimage\",\"url\":\"https:\\\/\\\/www.robertzueblin.com\\\/wp-content\\\/uploads\\\/eugene-lion-ceramica-taller-jarron-reparacion-kintsugi-foto-titulo.jpg\",\"contentUrl\":\"https:\\\/\\\/www.robertzueblin.com\\\/wp-content\\\/uploads\\\/eugene-lion-ceramica-taller-jarron-reparacion-kintsugi-foto-titulo.jpg\",\"width\":1000,\"height\":1000},{\"@type\":\"BreadcrumbList\",\"@id\":\"https:\\\/\\\/www.robertzueblin.com\\\/es\\\/eugene-lion\\\/jarron-con-reparacion-kintsugi-ceramica-de-taller\\\/#breadcrumb\",\"itemListElement\":[{\"@type\":\"ListItem\",\"position\":1,\"name\":\"Startseite\",\"item\":\"https:\\\/\\\/www.robertzueblin.com\\\/es\\\/\"},{\"@type\":\"ListItem\",\"position\":2,\"name\":\"Galer\u00eda de arte online (tienda online)\",\"item\":\"https:\\\/\\\/www.robertzueblin.com\\\/es\\\/galeria-de-arte-online\\\/\"},{\"@type\":\"ListItem\",\"position\":3,\"name\":\"Eug\u00e8ne LION (* 1867, \u2020 1945) &#8211; Jarr\u00f3n con reparaci\u00f3n kintsugi &#8211; Cer\u00e1mica de taller\"}]},{\"@type\":\"WebSite\",\"@id\":\"https:\\\/\\\/www.robertzueblin.com\\\/es\\\/#website\",\"url\":\"https:\\\/\\\/www.robertzueblin.com\\\/es\\\/\",\"name\":\"ROBERT Z\u00dcBLIN\",\"description\":\"\",\"publisher\":{\"@id\":\"https:\\\/\\\/www.robertzueblin.com\\\/es\\\/#organization\"},\"potentialAction\":[{\"@type\":\"SearchAction\",\"target\":{\"@type\":\"EntryPoint\",\"urlTemplate\":\"https:\\\/\\\/www.robertzueblin.com\\\/es\\\/?s={search_term_string}\"},\"query-input\":{\"@type\":\"PropertyValueSpecification\",\"valueRequired\":true,\"valueName\":\"search_term_string\"}}],\"inLanguage\":\"es\"},{\"@type\":\"Organization\",\"@id\":\"https:\\\/\\\/www.robertzueblin.com\\\/es\\\/#organization\",\"name\":\"ROBERT Z\u00dcBLIN\",\"url\":\"https:\\\/\\\/www.robertzueblin.com\\\/es\\\/\",\"logo\":{\"@type\":\"ImageObject\",\"inLanguage\":\"es\",\"@id\":\"https:\\\/\\\/www.robertzueblin.com\\\/es\\\/#\\\/schema\\\/logo\\\/image\\\/\",\"url\":\"https:\\\/\\\/www.robertzueblin.com\\\/wp-content\\\/uploads\\\/cropped-cropped-logo-von-robert-zueblin.jpg\",\"contentUrl\":\"https:\\\/\\\/www.robertzueblin.com\\\/wp-content\\\/uploads\\\/cropped-cropped-logo-von-robert-zueblin.jpg\",\"width\":440,\"height\":60,\"caption\":\"ROBERT Z\u00dcBLIN\"},\"image\":{\"@id\":\"https:\\\/\\\/www.robertzueblin.com\\\/es\\\/#\\\/schema\\\/logo\\\/image\\\/\"}}]}<\/script>\n<!-- \/ Yoast SEO plugin. -->","yoast_head_json":{"title":"Eug\u00e8ne LION - Jarr\u00f3n con reparaci\u00f3n kintsugi - Cer\u00e1mica de taller","description":"Jarr\u00f3n de cer\u00e1mica de Eug\u00e8ne Lion de Francia. El jarr\u00f3n de alrededor de 1900 tiene una reparaci\u00f3n kintsugi, con ba\u00f1o de oro real.","robots":{"index":"index","follow":"follow","max-snippet":"max-snippet:-1","max-image-preview":"max-image-preview:large","max-video-preview":"max-video-preview:-1"},"canonical":"https:\/\/www.robertzueblin.com\/es\/eugene-lion\/jarron-con-reparacion-kintsugi-ceramica-de-taller\/","og_locale":"es_ES","og_type":"article","og_title":"Eug\u00e8ne LION - Jarr\u00f3n con reparaci\u00f3n kintsugi - Cer\u00e1mica de taller","og_description":"Jarr\u00f3n de cer\u00e1mica de Eug\u00e8ne Lion de Francia. El jarr\u00f3n de alrededor de 1900 tiene una reparaci\u00f3n kintsugi, con ba\u00f1o de oro real.","og_url":"https:\/\/www.robertzueblin.com\/es\/eugene-lion\/jarron-con-reparacion-kintsugi-ceramica-de-taller\/","og_site_name":"ROBERT Z\u00dcBLIN","og_image":[{"width":1000,"height":1000,"url":"https:\/\/www.robertzueblin.com\/wp-content\/uploads\/eugene-lion-ceramica-taller-jarron-reparacion-kintsugi-foto-titulo.jpg","type":"image\/jpeg"}],"twitter_card":"summary_large_image","schema":{"@context":"https:\/\/schema.org","@graph":[{"@type":"WebPage","@id":"https:\/\/www.robertzueblin.com\/es\/eugene-lion\/jarron-con-reparacion-kintsugi-ceramica-de-taller\/","url":"https:\/\/www.robertzueblin.com\/es\/eugene-lion\/jarron-con-reparacion-kintsugi-ceramica-de-taller\/","name":"Eug\u00e8ne LION - Jarr\u00f3n con reparaci\u00f3n kintsugi - Cer\u00e1mica de taller","isPartOf":{"@id":"https:\/\/www.robertzueblin.com\/es\/#website"},"primaryImageOfPage":{"@id":"https:\/\/www.robertzueblin.com\/es\/eugene-lion\/jarron-con-reparacion-kintsugi-ceramica-de-taller\/#primaryimage"},"image":{"@id":"https:\/\/www.robertzueblin.com\/es\/eugene-lion\/jarron-con-reparacion-kintsugi-ceramica-de-taller\/#primaryimage"},"thumbnailUrl":"https:\/\/www.robertzueblin.com\/wp-content\/uploads\/eugene-lion-ceramica-taller-jarron-reparacion-kintsugi-foto-titulo.jpg","datePublished":"2024-05-29T16:25:16+00:00","description":"Jarr\u00f3n de cer\u00e1mica de Eug\u00e8ne Lion de Francia. El jarr\u00f3n de alrededor de 1900 tiene una reparaci\u00f3n kintsugi, con ba\u00f1o de oro real.","breadcrumb":{"@id":"https:\/\/www.robertzueblin.com\/es\/eugene-lion\/jarron-con-reparacion-kintsugi-ceramica-de-taller\/#breadcrumb"},"inLanguage":"es","potentialAction":[{"@type":"ReadAction","target":["https:\/\/www.robertzueblin.com\/es\/eugene-lion\/jarron-con-reparacion-kintsugi-ceramica-de-taller\/"]}]},{"@type":"ImageObject","inLanguage":"es","@id":"https:\/\/www.robertzueblin.com\/es\/eugene-lion\/jarron-con-reparacion-kintsugi-ceramica-de-taller\/#primaryimage","url":"https:\/\/www.robertzueblin.com\/wp-content\/uploads\/eugene-lion-ceramica-taller-jarron-reparacion-kintsugi-foto-titulo.jpg","contentUrl":"https:\/\/www.robertzueblin.com\/wp-content\/uploads\/eugene-lion-ceramica-taller-jarron-reparacion-kintsugi-foto-titulo.jpg","width":1000,"height":1000},{"@type":"BreadcrumbList","@id":"https:\/\/www.robertzueblin.com\/es\/eugene-lion\/jarron-con-reparacion-kintsugi-ceramica-de-taller\/#breadcrumb","itemListElement":[{"@type":"ListItem","position":1,"name":"Startseite","item":"https:\/\/www.robertzueblin.com\/es\/"},{"@type":"ListItem","position":2,"name":"Galer\u00eda de arte online (tienda online)","item":"https:\/\/www.robertzueblin.com\/es\/galeria-de-arte-online\/"},{"@type":"ListItem","position":3,"name":"Eug\u00e8ne LION (* 1867, \u2020 1945) &#8211; Jarr\u00f3n con reparaci\u00f3n kintsugi &#8211; Cer\u00e1mica de taller"}]},{"@type":"WebSite","@id":"https:\/\/www.robertzueblin.com\/es\/#website","url":"https:\/\/www.robertzueblin.com\/es\/","name":"ROBERT Z\u00dcBLIN","description":"","publisher":{"@id":"https:\/\/www.robertzueblin.com\/es\/#organization"},"potentialAction":[{"@type":"SearchAction","target":{"@type":"EntryPoint","urlTemplate":"https:\/\/www.robertzueblin.com\/es\/?s={search_term_string}"},"query-input":{"@type":"PropertyValueSpecification","valueRequired":true,"valueName":"search_term_string"}}],"inLanguage":"es"},{"@type":"Organization","@id":"https:\/\/www.robertzueblin.com\/es\/#organization","name":"ROBERT Z\u00dcBLIN","url":"https:\/\/www.robertzueblin.com\/es\/","logo":{"@type":"ImageObject","inLanguage":"es","@id":"https:\/\/www.robertzueblin.com\/es\/#\/schema\/logo\/image\/","url":"https:\/\/www.robertzueblin.com\/wp-content\/uploads\/cropped-cropped-logo-von-robert-zueblin.jpg","contentUrl":"https:\/\/www.robertzueblin.com\/wp-content\/uploads\/cropped-cropped-logo-von-robert-zueblin.jpg","width":440,"height":60,"caption":"ROBERT Z\u00dcBLIN"},"image":{"@id":"https:\/\/www.robertzueblin.com\/es\/#\/schema\/logo\/image\/"}}]}},"_links":{"self":[{"href":"https:\/\/www.robertzueblin.com\/es\/wp-json\/wp\/v2\/product\/38382","targetHints":{"allow":["GET"]}}],"collection":[{"href":"https:\/\/www.robertzueblin.com\/es\/wp-json\/wp\/v2\/product"}],"about":[{"href":"https:\/\/www.robertzueblin.com\/es\/wp-json\/wp\/v2\/types\/product"}],"wp:featuredmedia":[{"embeddable":true,"href":"https:\/\/www.robertzueblin.com\/es\/wp-json\/wp\/v2\/media\/38387"}],"wp:attachment":[{"href":"https:\/\/www.robertzueblin.com\/es\/wp-json\/wp\/v2\/media?parent=38382"}],"wp:term":[{"taxonomy":"product_brand","embeddable":true,"href":"https:\/\/www.robertzueblin.com\/es\/wp-json\/wp\/v2\/product_brand?post=38382"},{"taxonomy":"product_cat","embeddable":true,"href":"https:\/\/www.robertzueblin.com\/es\/wp-json\/wp\/v2\/product_cat?post=38382"},{"taxonomy":"product_tag","embeddable":true,"href":"https:\/\/www.robertzueblin.com\/es\/wp-json\/wp\/v2\/product_tag?post=38382"}],"curies":[{"name":"wp","href":"https:\/\/api.w.org\/{rel}","templated":true}]}}