{"id":37708,"date":"2024-05-10T20:29:37","date_gmt":"2024-05-10T18:34:30","guid":{"rendered":"https:\/\/www.robertzueblin.com\/?post_type=product&#038;p=37708"},"modified":"2025-09-25T20:02:30","modified_gmt":"2025-09-25T18:02:30","slug":"niklaus-stoecklin-1896-%e2%80%a0-1982-orquidea-con-papilio-zelicaon-litografia-en-color","status":"publish","type":"product","link":"https:\/\/www.robertzueblin.com\/es\/niklaus-stoecklin\/orquidea-con-papilio-zelicaon-litografia-en-color\/","title":{"rendered":"Niklaus STOECKLIN (* 1896, \u2020 1982) &#8211; Orqu\u00eddea con Papilio Zelicaon &#8211; Litograf\u00eda en color"},"content":{"rendered":"<p><span style=\"font-family: AkkoPro-BoldCondensed!important\">Tipo:<\/span> <a href=\"https:\/\/www.robertzueblin.com\/es\/tipo\/pintura\/\">pintura<\/a><\/p>\n<p><span style=\"font-family: AkkoPro-BoldCondensed!important\">Pintor:<\/span> <a href=\"https:\/\/www.robertzueblin.com\/es\/niklaus-stoecklin\/\">Niklaus Stoecklin (Niklaus St\u00f6cklin)<\/a> (* 1896, \u2020 1982)<\/p>\n<p><span style=\"font-family: AkkoPro-BoldCondensed!important\">Objeto:<\/span> Litograf\u00eda en color<\/p>\n<p><span style=\"font-family: AkkoPro-BoldCondensed!important\">Material:<\/span> Litograf\u00eda en color sobre papel<\/p>\n<p><span style=\"font-family: AkkoPro-BoldCondensed!important\">Dimensiones:<\/span> alto: 29 cm, ancho: 22,2 cm; con marco: alto: 41,2 cm, ancho: 33,3 cm<\/p>\n<p><span style=\"font-family: AkkoPro-BoldCondensed!important\">Periodo de realizaci\u00f3n:<\/span> probablemente hacia 1950<\/p>\n<p><span style=\"font-family: AkkoPro-BoldCondensed!important\">Estado:<\/span> litograf\u00eda: muy buen estado; marco parcialmente deteriorado.<\/p>\n<p><span style=\"font-family: AkkoPro-BoldCondensed!important\">Firma:<\/span> Niklaus Stoecklin<\/p>\n<p><span style=\"font-family: AkkoPro-BoldCondensed!important\">N\u00famero de edici\u00f3n:<\/span> 30\/100<\/p>\n","protected":false},"excerpt":{"rendered":"<p>Tipo: pintura Pintor: Niklaus Stoecklin (Niklaus St\u00f6cklin) (* 1896, \u2020 1982) Objeto: Litograf\u00eda en color Material: Litograf\u00eda en color sobre papel Dimensiones: alto: 29 cm, ancho: 22,2 cm; con marco: alto: 41,2 cm, ancho: 33,3 cm Periodo de realizaci\u00f3n: probablemente hacia 1950 Estado: litograf\u00eda: muy buen estado; marco parcialmente deteriorado. Firma: Niklaus Stoecklin N\u00famero de [&hellip;]<\/p>\n","protected":false},"featured_media":37711,"template":"","meta":[],"product_brand":[],"product_cat":[778,579],"product_tag":[],"class_list":{"0":"post-37708","1":"product","2":"type-product","3":"status-publish","4":"has-post-thumbnail","6":"product_cat-pintura","7":"product_cat-niklaus-stoecklin","9":"first","10":"instock","11":"sold-individually","12":"shipping-taxable","13":"purchasable","14":"product-type-simple"},"yoast_head":"<!-- This site is optimized with the Yoast SEO plugin v27.6 - https:\/\/yoast.com\/product\/yoast-seo-wordpress\/ -->\n<title>Niklaus STOECKLIN - Orqu\u00eddea con Papilio Zelicaon - Litograf\u00eda<\/title>\n<meta name=\"description\" content=\"Litograf\u00eda en color limitada del artista suizo Niklaus Stoecklin (Niklaus St\u00f6cklin) con el motivo Orqu\u00eddea y Papilio Zelicaon.\" \/>\n<meta name=\"robots\" content=\"index, follow, max-snippet:-1, max-image-preview:large, max-video-preview:-1\" \/>\n<link rel=\"canonical\" href=\"https:\/\/www.robertzueblin.com\/es\/niklaus-stoecklin\/orquidea-con-papilio-zelicaon-litografia-en-color\/\" \/>\n<meta property=\"og:locale\" content=\"es_ES\" \/>\n<meta property=\"og:type\" content=\"article\" \/>\n<meta property=\"og:title\" content=\"Niklaus STOECKLIN - Orqu\u00eddea con Papilio Zelicaon - Litograf\u00eda\" \/>\n<meta property=\"og:description\" content=\"Litograf\u00eda en color limitada del artista suizo Niklaus Stoecklin (Niklaus St\u00f6cklin) con el motivo Orqu\u00eddea y Papilio Zelicaon.\" \/>\n<meta property=\"og:url\" content=\"https:\/\/www.robertzueblin.com\/es\/niklaus-stoecklin\/orquidea-con-papilio-zelicaon-litografia-en-color\/\" \/>\n<meta property=\"og:site_name\" content=\"ROBERT Z\u00dcBLIN\" \/>\n<meta property=\"article:modified_time\" content=\"2025-09-25T18:02:30+00:00\" \/>\n<meta property=\"og:image\" content=\"https:\/\/www.robertzueblin.com\/wp-content\/uploads\/niklaus-stoecklin-litografia-color-orquidea-papilio-zelicaon-foto-titulo.jpg\" \/>\n\t<meta property=\"og:image:width\" content=\"1000\" \/>\n\t<meta property=\"og:image:height\" content=\"1343\" \/>\n\t<meta property=\"og:image:type\" content=\"image\/jpeg\" \/>\n<meta name=\"twitter:card\" content=\"summary_large_image\" \/>\n<script type=\"application\/ld+json\" class=\"yoast-schema-graph\">{\"@context\":\"https:\\\/\\\/schema.org\",\"@graph\":[{\"@type\":\"WebPage\",\"@id\":\"https:\\\/\\\/www.robertzueblin.com\\\/es\\\/niklaus-stoecklin\\\/orquidea-con-papilio-zelicaon-litografia-en-color\\\/\",\"url\":\"https:\\\/\\\/www.robertzueblin.com\\\/es\\\/niklaus-stoecklin\\\/orquidea-con-papilio-zelicaon-litografia-en-color\\\/\",\"name\":\"Niklaus STOECKLIN - Orqu\u00eddea con Papilio Zelicaon - Litograf\u00eda\",\"isPartOf\":{\"@id\":\"https:\\\/\\\/www.robertzueblin.com\\\/es\\\/#website\"},\"primaryImageOfPage\":{\"@id\":\"https:\\\/\\\/www.robertzueblin.com\\\/es\\\/niklaus-stoecklin\\\/orquidea-con-papilio-zelicaon-litografia-en-color\\\/#primaryimage\"},\"image\":{\"@id\":\"https:\\\/\\\/www.robertzueblin.com\\\/es\\\/niklaus-stoecklin\\\/orquidea-con-papilio-zelicaon-litografia-en-color\\\/#primaryimage\"},\"thumbnailUrl\":\"https:\\\/\\\/www.robertzueblin.com\\\/wp-content\\\/uploads\\\/niklaus-stoecklin-litografia-color-orquidea-papilio-zelicaon-foto-titulo.jpg\",\"datePublished\":\"2024-05-10T18:34:30+00:00\",\"dateModified\":\"2025-09-25T18:02:30+00:00\",\"description\":\"Litograf\u00eda en color limitada del artista suizo Niklaus Stoecklin (Niklaus St\u00f6cklin) con el motivo Orqu\u00eddea y Papilio Zelicaon.\",\"breadcrumb\":{\"@id\":\"https:\\\/\\\/www.robertzueblin.com\\\/es\\\/niklaus-stoecklin\\\/orquidea-con-papilio-zelicaon-litografia-en-color\\\/#breadcrumb\"},\"inLanguage\":\"es\",\"potentialAction\":[{\"@type\":\"ReadAction\",\"target\":[\"https:\\\/\\\/www.robertzueblin.com\\\/es\\\/niklaus-stoecklin\\\/orquidea-con-papilio-zelicaon-litografia-en-color\\\/\"]}]},{\"@type\":\"ImageObject\",\"inLanguage\":\"es\",\"@id\":\"https:\\\/\\\/www.robertzueblin.com\\\/es\\\/niklaus-stoecklin\\\/orquidea-con-papilio-zelicaon-litografia-en-color\\\/#primaryimage\",\"url\":\"https:\\\/\\\/www.robertzueblin.com\\\/wp-content\\\/uploads\\\/niklaus-stoecklin-litografia-color-orquidea-papilio-zelicaon-foto-titulo.jpg\",\"contentUrl\":\"https:\\\/\\\/www.robertzueblin.com\\\/wp-content\\\/uploads\\\/niklaus-stoecklin-litografia-color-orquidea-papilio-zelicaon-foto-titulo.jpg\",\"width\":1000,\"height\":1343},{\"@type\":\"BreadcrumbList\",\"@id\":\"https:\\\/\\\/www.robertzueblin.com\\\/es\\\/niklaus-stoecklin\\\/orquidea-con-papilio-zelicaon-litografia-en-color\\\/#breadcrumb\",\"itemListElement\":[{\"@type\":\"ListItem\",\"position\":1,\"name\":\"Startseite\",\"item\":\"https:\\\/\\\/www.robertzueblin.com\\\/es\\\/\"},{\"@type\":\"ListItem\",\"position\":2,\"name\":\"Galer\u00eda de arte online (tienda online)\",\"item\":\"https:\\\/\\\/www.robertzueblin.com\\\/es\\\/galeria-de-arte-online\\\/\"},{\"@type\":\"ListItem\",\"position\":3,\"name\":\"Niklaus STOECKLIN (* 1896, \u2020 1982) &#8211; Orqu\u00eddea con Papilio Zelicaon &#8211; Litograf\u00eda en color\"}]},{\"@type\":\"WebSite\",\"@id\":\"https:\\\/\\\/www.robertzueblin.com\\\/es\\\/#website\",\"url\":\"https:\\\/\\\/www.robertzueblin.com\\\/es\\\/\",\"name\":\"ROBERT Z\u00dcBLIN\",\"description\":\"\",\"publisher\":{\"@id\":\"https:\\\/\\\/www.robertzueblin.com\\\/es\\\/#organization\"},\"potentialAction\":[{\"@type\":\"SearchAction\",\"target\":{\"@type\":\"EntryPoint\",\"urlTemplate\":\"https:\\\/\\\/www.robertzueblin.com\\\/es\\\/?s={search_term_string}\"},\"query-input\":{\"@type\":\"PropertyValueSpecification\",\"valueRequired\":true,\"valueName\":\"search_term_string\"}}],\"inLanguage\":\"es\"},{\"@type\":\"Organization\",\"@id\":\"https:\\\/\\\/www.robertzueblin.com\\\/es\\\/#organization\",\"name\":\"ROBERT Z\u00dcBLIN\",\"url\":\"https:\\\/\\\/www.robertzueblin.com\\\/es\\\/\",\"logo\":{\"@type\":\"ImageObject\",\"inLanguage\":\"es\",\"@id\":\"https:\\\/\\\/www.robertzueblin.com\\\/es\\\/#\\\/schema\\\/logo\\\/image\\\/\",\"url\":\"https:\\\/\\\/www.robertzueblin.com\\\/wp-content\\\/uploads\\\/cropped-cropped-logo-von-robert-zueblin.jpg\",\"contentUrl\":\"https:\\\/\\\/www.robertzueblin.com\\\/wp-content\\\/uploads\\\/cropped-cropped-logo-von-robert-zueblin.jpg\",\"width\":440,\"height\":60,\"caption\":\"ROBERT Z\u00dcBLIN\"},\"image\":{\"@id\":\"https:\\\/\\\/www.robertzueblin.com\\\/es\\\/#\\\/schema\\\/logo\\\/image\\\/\"}}]}<\/script>\n<!-- \/ Yoast SEO plugin. -->","yoast_head_json":{"title":"Niklaus STOECKLIN - Orqu\u00eddea con Papilio Zelicaon - Litograf\u00eda","description":"Litograf\u00eda en color limitada del artista suizo Niklaus Stoecklin (Niklaus St\u00f6cklin) con el motivo Orqu\u00eddea y Papilio Zelicaon.","robots":{"index":"index","follow":"follow","max-snippet":"max-snippet:-1","max-image-preview":"max-image-preview:large","max-video-preview":"max-video-preview:-1"},"canonical":"https:\/\/www.robertzueblin.com\/es\/niklaus-stoecklin\/orquidea-con-papilio-zelicaon-litografia-en-color\/","og_locale":"es_ES","og_type":"article","og_title":"Niklaus STOECKLIN - Orqu\u00eddea con Papilio Zelicaon - Litograf\u00eda","og_description":"Litograf\u00eda en color limitada del artista suizo Niklaus Stoecklin (Niklaus St\u00f6cklin) con el motivo Orqu\u00eddea y Papilio Zelicaon.","og_url":"https:\/\/www.robertzueblin.com\/es\/niklaus-stoecklin\/orquidea-con-papilio-zelicaon-litografia-en-color\/","og_site_name":"ROBERT Z\u00dcBLIN","article_modified_time":"2025-09-25T18:02:30+00:00","og_image":[{"width":1000,"height":1343,"url":"https:\/\/www.robertzueblin.com\/wp-content\/uploads\/niklaus-stoecklin-litografia-color-orquidea-papilio-zelicaon-foto-titulo.jpg","type":"image\/jpeg"}],"twitter_card":"summary_large_image","schema":{"@context":"https:\/\/schema.org","@graph":[{"@type":"WebPage","@id":"https:\/\/www.robertzueblin.com\/es\/niklaus-stoecklin\/orquidea-con-papilio-zelicaon-litografia-en-color\/","url":"https:\/\/www.robertzueblin.com\/es\/niklaus-stoecklin\/orquidea-con-papilio-zelicaon-litografia-en-color\/","name":"Niklaus STOECKLIN - Orqu\u00eddea con Papilio Zelicaon - Litograf\u00eda","isPartOf":{"@id":"https:\/\/www.robertzueblin.com\/es\/#website"},"primaryImageOfPage":{"@id":"https:\/\/www.robertzueblin.com\/es\/niklaus-stoecklin\/orquidea-con-papilio-zelicaon-litografia-en-color\/#primaryimage"},"image":{"@id":"https:\/\/www.robertzueblin.com\/es\/niklaus-stoecklin\/orquidea-con-papilio-zelicaon-litografia-en-color\/#primaryimage"},"thumbnailUrl":"https:\/\/www.robertzueblin.com\/wp-content\/uploads\/niklaus-stoecklin-litografia-color-orquidea-papilio-zelicaon-foto-titulo.jpg","datePublished":"2024-05-10T18:34:30+00:00","dateModified":"2025-09-25T18:02:30+00:00","description":"Litograf\u00eda en color limitada del artista suizo Niklaus Stoecklin (Niklaus St\u00f6cklin) con el motivo Orqu\u00eddea y Papilio Zelicaon.","breadcrumb":{"@id":"https:\/\/www.robertzueblin.com\/es\/niklaus-stoecklin\/orquidea-con-papilio-zelicaon-litografia-en-color\/#breadcrumb"},"inLanguage":"es","potentialAction":[{"@type":"ReadAction","target":["https:\/\/www.robertzueblin.com\/es\/niklaus-stoecklin\/orquidea-con-papilio-zelicaon-litografia-en-color\/"]}]},{"@type":"ImageObject","inLanguage":"es","@id":"https:\/\/www.robertzueblin.com\/es\/niklaus-stoecklin\/orquidea-con-papilio-zelicaon-litografia-en-color\/#primaryimage","url":"https:\/\/www.robertzueblin.com\/wp-content\/uploads\/niklaus-stoecklin-litografia-color-orquidea-papilio-zelicaon-foto-titulo.jpg","contentUrl":"https:\/\/www.robertzueblin.com\/wp-content\/uploads\/niklaus-stoecklin-litografia-color-orquidea-papilio-zelicaon-foto-titulo.jpg","width":1000,"height":1343},{"@type":"BreadcrumbList","@id":"https:\/\/www.robertzueblin.com\/es\/niklaus-stoecklin\/orquidea-con-papilio-zelicaon-litografia-en-color\/#breadcrumb","itemListElement":[{"@type":"ListItem","position":1,"name":"Startseite","item":"https:\/\/www.robertzueblin.com\/es\/"},{"@type":"ListItem","position":2,"name":"Galer\u00eda de arte online (tienda online)","item":"https:\/\/www.robertzueblin.com\/es\/galeria-de-arte-online\/"},{"@type":"ListItem","position":3,"name":"Niklaus STOECKLIN (* 1896, \u2020 1982) &#8211; Orqu\u00eddea con Papilio Zelicaon &#8211; Litograf\u00eda en color"}]},{"@type":"WebSite","@id":"https:\/\/www.robertzueblin.com\/es\/#website","url":"https:\/\/www.robertzueblin.com\/es\/","name":"ROBERT Z\u00dcBLIN","description":"","publisher":{"@id":"https:\/\/www.robertzueblin.com\/es\/#organization"},"potentialAction":[{"@type":"SearchAction","target":{"@type":"EntryPoint","urlTemplate":"https:\/\/www.robertzueblin.com\/es\/?s={search_term_string}"},"query-input":{"@type":"PropertyValueSpecification","valueRequired":true,"valueName":"search_term_string"}}],"inLanguage":"es"},{"@type":"Organization","@id":"https:\/\/www.robertzueblin.com\/es\/#organization","name":"ROBERT Z\u00dcBLIN","url":"https:\/\/www.robertzueblin.com\/es\/","logo":{"@type":"ImageObject","inLanguage":"es","@id":"https:\/\/www.robertzueblin.com\/es\/#\/schema\/logo\/image\/","url":"https:\/\/www.robertzueblin.com\/wp-content\/uploads\/cropped-cropped-logo-von-robert-zueblin.jpg","contentUrl":"https:\/\/www.robertzueblin.com\/wp-content\/uploads\/cropped-cropped-logo-von-robert-zueblin.jpg","width":440,"height":60,"caption":"ROBERT Z\u00dcBLIN"},"image":{"@id":"https:\/\/www.robertzueblin.com\/es\/#\/schema\/logo\/image\/"}}]}},"_links":{"self":[{"href":"https:\/\/www.robertzueblin.com\/es\/wp-json\/wp\/v2\/product\/37708","targetHints":{"allow":["GET"]}}],"collection":[{"href":"https:\/\/www.robertzueblin.com\/es\/wp-json\/wp\/v2\/product"}],"about":[{"href":"https:\/\/www.robertzueblin.com\/es\/wp-json\/wp\/v2\/types\/product"}],"wp:featuredmedia":[{"embeddable":true,"href":"https:\/\/www.robertzueblin.com\/es\/wp-json\/wp\/v2\/media\/37711"}],"wp:attachment":[{"href":"https:\/\/www.robertzueblin.com\/es\/wp-json\/wp\/v2\/media?parent=37708"}],"wp:term":[{"taxonomy":"product_brand","embeddable":true,"href":"https:\/\/www.robertzueblin.com\/es\/wp-json\/wp\/v2\/product_brand?post=37708"},{"taxonomy":"product_cat","embeddable":true,"href":"https:\/\/www.robertzueblin.com\/es\/wp-json\/wp\/v2\/product_cat?post=37708"},{"taxonomy":"product_tag","embeddable":true,"href":"https:\/\/www.robertzueblin.com\/es\/wp-json\/wp\/v2\/product_tag?post=37708"}],"curies":[{"name":"wp","href":"https:\/\/api.w.org\/{rel}","templated":true}]}}