{"id":36859,"date":"2024-02-16T15:59:40","date_gmt":"2024-02-16T15:05:06","guid":{"rendered":"https:\/\/www.robertzueblin.com\/?post_type=product&#038;p=36859"},"modified":"2025-09-25T20:06:13","modified_gmt":"2025-09-25T18:06:13","slug":"gottfried-staehly-rychen-1840-%e2%80%a0-1920-pointer-ingles-en-paisaje-retrato-de-perro-pintura-al-oleo","status":"publish","type":"product","link":"https:\/\/www.robertzueblin.com\/es\/gottfried-staehly-rychen\/pointer-ingles-en-paisaje-retrato-de-perro-pintura-al-oleo\/","title":{"rendered":"Gottfried ST\u00c4HLY-RYCHEN (* 1840, \u2020 1920) &#8211; Pointer ingl\u00e9s en paisaje &#8211; Retrato de perro, pintura al \u00f3leo"},"content":{"rendered":"<p><span style=\"font-family: AkkoPro-BoldCondensed!important\">Tipo:<\/span> <a href=\"https:\/\/www.robertzueblin.com\/es\/tipo\/pintura\/\">pintura<\/a><\/p>\n<p><span style=\"font-family: AkkoPro-BoldCondensed!important\">Pintor:<\/span> <a href=\"https:\/\/www.robertzueblin.com\/es\/gottfried-staehly-rychen\/\">Gottfried St\u00e4hly-Rychen<\/a> (* 1840, \u2020 1920)<\/p>\n<p><span style=\"font-family: AkkoPro-BoldCondensed!important\">Objeto:<\/span> <a href=\"https:\/\/www.robertzueblin.com\/es\/cuadros-al-oleo\/\">pintura al \u00f3leo<\/a><\/p>\n<p><span style=\"font-family: AkkoPro-BoldCondensed!important\">Material:<\/span> \u00f3leo sobre lienzo<\/p>\n<p><span style=\"font-family: AkkoPro-BoldCondensed!important\">Dimensiones:<\/span> alto: 38 cm, ancho: 46 cm<\/p>\n<p><span style=\"font-family: AkkoPro-BoldCondensed!important\">A\u00f1o de producci\u00f3n:<\/span> 1891<\/p>\n<p><span style=\"font-family: AkkoPro-BoldCondensed!important\">Estado:<\/span> Da\u00f1os superficiales aislados. Una peque\u00f1a zona retocada y dos peque\u00f1as protuberancias. Estado general bueno.<\/p>\n<p><span style=\"font-family: AkkoPro-BoldCondensed!important\">Firma:<\/span> G. St\u00e4hly-Rychen. Berna 1891<\/p>\n<p><span style=\"font-family: AkkoPro-BoldCondensed!important\">Detalles:<\/span><br \/>\nEste retrato canino al \u00f3leo del pintor veduta de Thun Gottfried St\u00e4hly-Rychen se inscribe en la tradici\u00f3n de los retratos caninos ingleses al \u00f3leo sobre lienzo, en los que los perros eran retratados en el paisaje. Es cierto que el perro retratado es un pointer ingl\u00e9s. Sin embargo, el paisaje de este retrato canino es claramente un paisaje suizo, con los Alpes nevados al fondo. M\u00e1s adelante, al fondo a la izquierda, est\u00e1 probablemente Berna con su catedral.<\/p>\n<p>Lo m\u00e1s probable es que este retrato sea un encargo del due\u00f1o del perro, ya que en la parte superior derecha del cuadro est\u00e1 escrito \u00ab\u00bbMarte\u00bb, nacido en 1884&#8243;. Gottfried St\u00e4hly-Rychen fue descrito en su \u00e9poca como un \u00abpintor de animales de primera fila\u00bb, como demuestra la siguiente cita del \u00abIntelligenzblatt f\u00fcr die Stadt Bern\u00bb del 3 de febrero de 1891:<\/p>\n<p>\u00abNota sobre arte. (Presentado.) Como viene siendo habitual, el Sr. St\u00e4hly-Rychen expone actualmente en Berna (B\u00e4renplatz, \u00abSpar- und Betriebsverein\u00bb) una de sus obras m\u00e1s destacadas en el campo de la pintura de animales, que ya le ha granjeado en el extranjero la reputaci\u00f3n de pintor de animales de primer orden. Nos gustar\u00eda llamar la atenci\u00f3n de los amantes del arte y la naturaleza locales sobre este cuadro excelentemente ejecutado.\u00bb [1]<\/p>\n<p>Dado que hoy en d\u00eda Gottfried St\u00e4hly-Rychen es conocido sobre todo por sus pinturas de paisajes y que raramente aparecen pinturas de animales realizadas por \u00e9l, este retrato de perro es una prueba importante de la amplitud de la obra de Gottfried St\u00e4hly-Rychen y una prueba de su habilidad en el campo de la pintura de animales.<\/p>\n<p><em>Nota a pie de p\u00e1gina:: <\/em><br \/>\n[1] Intelligenzblatt f\u00fcr die Stadt Bern, 3 de febrero de 1891, p. 4.<\/p>\n","protected":false},"excerpt":{"rendered":"<p><span style=\"color: #e2401c;\">&#x25cf;<\/span><span> vendido<\/span><\/p>\n","protected":false},"featured_media":36862,"template":"","meta":[],"product_brand":[],"product_cat":[498,555,912],"product_tag":[],"class_list":{"0":"post-36859","1":"product","2":"type-product","3":"status-publish","4":"has-post-thumbnail","6":"product_cat-cuadros-al-oleo","7":"product_cat-gottfried-staehly-rychen","8":"product_cat-vedutas-de-thun","10":"first","11":"outofstock","12":"sold-individually","13":"shipping-taxable","14":"product-type-simple"},"yoast_head":"<!-- This site is optimized with the Yoast SEO plugin v27.4 - https:\/\/yoast.com\/product\/yoast-seo-wordpress\/ -->\n<title>Gottfried ST\u00c4HLY-RYCHEN - Pointer ingl\u00e9s en paisaje<\/title>\n<meta name=\"description\" content=\"Pintura de Gottfried St\u00e4hly-Rychen (pintor veduta de Thun): Retrato de perro de caza: Pointer ingl\u00e9s en paisaje (paisaje alpino).\" \/>\n<meta name=\"robots\" content=\"index, follow, max-snippet:-1, max-image-preview:large, max-video-preview:-1\" \/>\n<link rel=\"canonical\" href=\"https:\/\/www.robertzueblin.com\/es\/gottfried-staehly-rychen\/pointer-ingles-en-paisaje-retrato-de-perro-pintura-al-oleo\/\" \/>\n<meta property=\"og:locale\" content=\"es_ES\" \/>\n<meta property=\"og:type\" content=\"article\" \/>\n<meta property=\"og:title\" content=\"Gottfried ST\u00c4HLY-RYCHEN - Pointer ingl\u00e9s en paisaje\" \/>\n<meta property=\"og:description\" content=\"Pintura de Gottfried St\u00e4hly-Rychen (pintor veduta de Thun): Retrato de perro de caza: Pointer ingl\u00e9s en paisaje (paisaje alpino).\" \/>\n<meta property=\"og:url\" content=\"https:\/\/www.robertzueblin.com\/es\/gottfried-staehly-rychen\/pointer-ingles-en-paisaje-retrato-de-perro-pintura-al-oleo\/\" \/>\n<meta property=\"og:site_name\" content=\"ROBERT Z\u00dcBLIN\" \/>\n<meta property=\"article:modified_time\" content=\"2025-09-25T18:06:13+00:00\" \/>\n<meta property=\"og:image\" content=\"https:\/\/www.robertzueblin.com\/wp-content\/uploads\/gottfried-staehly-rychen-retrato-perro-pintura-oleo-english-pointer-paisaje-foto-titulo.jpg\" \/>\n\t<meta property=\"og:image:width\" content=\"1000\" \/>\n\t<meta property=\"og:image:height\" content=\"817\" \/>\n\t<meta property=\"og:image:type\" content=\"image\/jpeg\" \/>\n<meta name=\"twitter:card\" content=\"summary_large_image\" \/>\n<script type=\"application\/ld+json\" class=\"yoast-schema-graph\">{\"@context\":\"https:\\\/\\\/schema.org\",\"@graph\":[{\"@type\":\"WebPage\",\"@id\":\"https:\\\/\\\/www.robertzueblin.com\\\/es\\\/gottfried-staehly-rychen\\\/pointer-ingles-en-paisaje-retrato-de-perro-pintura-al-oleo\\\/\",\"url\":\"https:\\\/\\\/www.robertzueblin.com\\\/es\\\/gottfried-staehly-rychen\\\/pointer-ingles-en-paisaje-retrato-de-perro-pintura-al-oleo\\\/\",\"name\":\"Gottfried ST\u00c4HLY-RYCHEN - Pointer ingl\u00e9s en paisaje\",\"isPartOf\":{\"@id\":\"https:\\\/\\\/www.robertzueblin.com\\\/es\\\/#website\"},\"primaryImageOfPage\":{\"@id\":\"https:\\\/\\\/www.robertzueblin.com\\\/es\\\/gottfried-staehly-rychen\\\/pointer-ingles-en-paisaje-retrato-de-perro-pintura-al-oleo\\\/#primaryimage\"},\"image\":{\"@id\":\"https:\\\/\\\/www.robertzueblin.com\\\/es\\\/gottfried-staehly-rychen\\\/pointer-ingles-en-paisaje-retrato-de-perro-pintura-al-oleo\\\/#primaryimage\"},\"thumbnailUrl\":\"https:\\\/\\\/www.robertzueblin.com\\\/wp-content\\\/uploads\\\/gottfried-staehly-rychen-retrato-perro-pintura-oleo-english-pointer-paisaje-foto-titulo.jpg\",\"datePublished\":\"2024-02-16T15:05:06+00:00\",\"dateModified\":\"2025-09-25T18:06:13+00:00\",\"description\":\"Pintura de Gottfried St\u00e4hly-Rychen (pintor veduta de Thun): Retrato de perro de caza: Pointer ingl\u00e9s en paisaje (paisaje alpino).\",\"breadcrumb\":{\"@id\":\"https:\\\/\\\/www.robertzueblin.com\\\/es\\\/gottfried-staehly-rychen\\\/pointer-ingles-en-paisaje-retrato-de-perro-pintura-al-oleo\\\/#breadcrumb\"},\"inLanguage\":\"es\",\"potentialAction\":[{\"@type\":\"ReadAction\",\"target\":[\"https:\\\/\\\/www.robertzueblin.com\\\/es\\\/gottfried-staehly-rychen\\\/pointer-ingles-en-paisaje-retrato-de-perro-pintura-al-oleo\\\/\"]}]},{\"@type\":\"ImageObject\",\"inLanguage\":\"es\",\"@id\":\"https:\\\/\\\/www.robertzueblin.com\\\/es\\\/gottfried-staehly-rychen\\\/pointer-ingles-en-paisaje-retrato-de-perro-pintura-al-oleo\\\/#primaryimage\",\"url\":\"https:\\\/\\\/www.robertzueblin.com\\\/wp-content\\\/uploads\\\/gottfried-staehly-rychen-retrato-perro-pintura-oleo-english-pointer-paisaje-foto-titulo.jpg\",\"contentUrl\":\"https:\\\/\\\/www.robertzueblin.com\\\/wp-content\\\/uploads\\\/gottfried-staehly-rychen-retrato-perro-pintura-oleo-english-pointer-paisaje-foto-titulo.jpg\",\"width\":1000,\"height\":817},{\"@type\":\"BreadcrumbList\",\"@id\":\"https:\\\/\\\/www.robertzueblin.com\\\/es\\\/gottfried-staehly-rychen\\\/pointer-ingles-en-paisaje-retrato-de-perro-pintura-al-oleo\\\/#breadcrumb\",\"itemListElement\":[{\"@type\":\"ListItem\",\"position\":1,\"name\":\"Startseite\",\"item\":\"https:\\\/\\\/www.robertzueblin.com\\\/es\\\/\"},{\"@type\":\"ListItem\",\"position\":2,\"name\":\"Galer\u00eda de arte online (tienda online)\",\"item\":\"https:\\\/\\\/www.robertzueblin.com\\\/es\\\/galeria-de-arte-online\\\/\"},{\"@type\":\"ListItem\",\"position\":3,\"name\":\"Gottfried ST\u00c4HLY-RYCHEN (* 1840, \u2020 1920) &#8211; Pointer ingl\u00e9s en paisaje &#8211; Retrato de perro, pintura al \u00f3leo\"}]},{\"@type\":\"WebSite\",\"@id\":\"https:\\\/\\\/www.robertzueblin.com\\\/es\\\/#website\",\"url\":\"https:\\\/\\\/www.robertzueblin.com\\\/es\\\/\",\"name\":\"ROBERT Z\u00dcBLIN\",\"description\":\"\",\"publisher\":{\"@id\":\"https:\\\/\\\/www.robertzueblin.com\\\/es\\\/#organization\"},\"potentialAction\":[{\"@type\":\"SearchAction\",\"target\":{\"@type\":\"EntryPoint\",\"urlTemplate\":\"https:\\\/\\\/www.robertzueblin.com\\\/es\\\/?s={search_term_string}\"},\"query-input\":{\"@type\":\"PropertyValueSpecification\",\"valueRequired\":true,\"valueName\":\"search_term_string\"}}],\"inLanguage\":\"es\"},{\"@type\":\"Organization\",\"@id\":\"https:\\\/\\\/www.robertzueblin.com\\\/es\\\/#organization\",\"name\":\"ROBERT Z\u00dcBLIN\",\"url\":\"https:\\\/\\\/www.robertzueblin.com\\\/es\\\/\",\"logo\":{\"@type\":\"ImageObject\",\"inLanguage\":\"es\",\"@id\":\"https:\\\/\\\/www.robertzueblin.com\\\/es\\\/#\\\/schema\\\/logo\\\/image\\\/\",\"url\":\"https:\\\/\\\/www.robertzueblin.com\\\/wp-content\\\/uploads\\\/cropped-cropped-logo-von-robert-zueblin.jpg\",\"contentUrl\":\"https:\\\/\\\/www.robertzueblin.com\\\/wp-content\\\/uploads\\\/cropped-cropped-logo-von-robert-zueblin.jpg\",\"width\":440,\"height\":60,\"caption\":\"ROBERT Z\u00dcBLIN\"},\"image\":{\"@id\":\"https:\\\/\\\/www.robertzueblin.com\\\/es\\\/#\\\/schema\\\/logo\\\/image\\\/\"}}]}<\/script>\n<!-- \/ Yoast SEO plugin. -->","yoast_head_json":{"title":"Gottfried ST\u00c4HLY-RYCHEN - Pointer ingl\u00e9s en paisaje","description":"Pintura de Gottfried St\u00e4hly-Rychen (pintor veduta de Thun): Retrato de perro de caza: Pointer ingl\u00e9s en paisaje (paisaje alpino).","robots":{"index":"index","follow":"follow","max-snippet":"max-snippet:-1","max-image-preview":"max-image-preview:large","max-video-preview":"max-video-preview:-1"},"canonical":"https:\/\/www.robertzueblin.com\/es\/gottfried-staehly-rychen\/pointer-ingles-en-paisaje-retrato-de-perro-pintura-al-oleo\/","og_locale":"es_ES","og_type":"article","og_title":"Gottfried ST\u00c4HLY-RYCHEN - Pointer ingl\u00e9s en paisaje","og_description":"Pintura de Gottfried St\u00e4hly-Rychen (pintor veduta de Thun): Retrato de perro de caza: Pointer ingl\u00e9s en paisaje (paisaje alpino).","og_url":"https:\/\/www.robertzueblin.com\/es\/gottfried-staehly-rychen\/pointer-ingles-en-paisaje-retrato-de-perro-pintura-al-oleo\/","og_site_name":"ROBERT Z\u00dcBLIN","article_modified_time":"2025-09-25T18:06:13+00:00","og_image":[{"width":1000,"height":817,"url":"https:\/\/www.robertzueblin.com\/wp-content\/uploads\/gottfried-staehly-rychen-retrato-perro-pintura-oleo-english-pointer-paisaje-foto-titulo.jpg","type":"image\/jpeg"}],"twitter_card":"summary_large_image","schema":{"@context":"https:\/\/schema.org","@graph":[{"@type":"WebPage","@id":"https:\/\/www.robertzueblin.com\/es\/gottfried-staehly-rychen\/pointer-ingles-en-paisaje-retrato-de-perro-pintura-al-oleo\/","url":"https:\/\/www.robertzueblin.com\/es\/gottfried-staehly-rychen\/pointer-ingles-en-paisaje-retrato-de-perro-pintura-al-oleo\/","name":"Gottfried ST\u00c4HLY-RYCHEN - Pointer ingl\u00e9s en paisaje","isPartOf":{"@id":"https:\/\/www.robertzueblin.com\/es\/#website"},"primaryImageOfPage":{"@id":"https:\/\/www.robertzueblin.com\/es\/gottfried-staehly-rychen\/pointer-ingles-en-paisaje-retrato-de-perro-pintura-al-oleo\/#primaryimage"},"image":{"@id":"https:\/\/www.robertzueblin.com\/es\/gottfried-staehly-rychen\/pointer-ingles-en-paisaje-retrato-de-perro-pintura-al-oleo\/#primaryimage"},"thumbnailUrl":"https:\/\/www.robertzueblin.com\/wp-content\/uploads\/gottfried-staehly-rychen-retrato-perro-pintura-oleo-english-pointer-paisaje-foto-titulo.jpg","datePublished":"2024-02-16T15:05:06+00:00","dateModified":"2025-09-25T18:06:13+00:00","description":"Pintura de Gottfried St\u00e4hly-Rychen (pintor veduta de Thun): Retrato de perro de caza: Pointer ingl\u00e9s en paisaje (paisaje alpino).","breadcrumb":{"@id":"https:\/\/www.robertzueblin.com\/es\/gottfried-staehly-rychen\/pointer-ingles-en-paisaje-retrato-de-perro-pintura-al-oleo\/#breadcrumb"},"inLanguage":"es","potentialAction":[{"@type":"ReadAction","target":["https:\/\/www.robertzueblin.com\/es\/gottfried-staehly-rychen\/pointer-ingles-en-paisaje-retrato-de-perro-pintura-al-oleo\/"]}]},{"@type":"ImageObject","inLanguage":"es","@id":"https:\/\/www.robertzueblin.com\/es\/gottfried-staehly-rychen\/pointer-ingles-en-paisaje-retrato-de-perro-pintura-al-oleo\/#primaryimage","url":"https:\/\/www.robertzueblin.com\/wp-content\/uploads\/gottfried-staehly-rychen-retrato-perro-pintura-oleo-english-pointer-paisaje-foto-titulo.jpg","contentUrl":"https:\/\/www.robertzueblin.com\/wp-content\/uploads\/gottfried-staehly-rychen-retrato-perro-pintura-oleo-english-pointer-paisaje-foto-titulo.jpg","width":1000,"height":817},{"@type":"BreadcrumbList","@id":"https:\/\/www.robertzueblin.com\/es\/gottfried-staehly-rychen\/pointer-ingles-en-paisaje-retrato-de-perro-pintura-al-oleo\/#breadcrumb","itemListElement":[{"@type":"ListItem","position":1,"name":"Startseite","item":"https:\/\/www.robertzueblin.com\/es\/"},{"@type":"ListItem","position":2,"name":"Galer\u00eda de arte online (tienda online)","item":"https:\/\/www.robertzueblin.com\/es\/galeria-de-arte-online\/"},{"@type":"ListItem","position":3,"name":"Gottfried ST\u00c4HLY-RYCHEN (* 1840, \u2020 1920) &#8211; Pointer ingl\u00e9s en paisaje &#8211; Retrato de perro, pintura al \u00f3leo"}]},{"@type":"WebSite","@id":"https:\/\/www.robertzueblin.com\/es\/#website","url":"https:\/\/www.robertzueblin.com\/es\/","name":"ROBERT Z\u00dcBLIN","description":"","publisher":{"@id":"https:\/\/www.robertzueblin.com\/es\/#organization"},"potentialAction":[{"@type":"SearchAction","target":{"@type":"EntryPoint","urlTemplate":"https:\/\/www.robertzueblin.com\/es\/?s={search_term_string}"},"query-input":{"@type":"PropertyValueSpecification","valueRequired":true,"valueName":"search_term_string"}}],"inLanguage":"es"},{"@type":"Organization","@id":"https:\/\/www.robertzueblin.com\/es\/#organization","name":"ROBERT Z\u00dcBLIN","url":"https:\/\/www.robertzueblin.com\/es\/","logo":{"@type":"ImageObject","inLanguage":"es","@id":"https:\/\/www.robertzueblin.com\/es\/#\/schema\/logo\/image\/","url":"https:\/\/www.robertzueblin.com\/wp-content\/uploads\/cropped-cropped-logo-von-robert-zueblin.jpg","contentUrl":"https:\/\/www.robertzueblin.com\/wp-content\/uploads\/cropped-cropped-logo-von-robert-zueblin.jpg","width":440,"height":60,"caption":"ROBERT Z\u00dcBLIN"},"image":{"@id":"https:\/\/www.robertzueblin.com\/es\/#\/schema\/logo\/image\/"}}]}},"_links":{"self":[{"href":"https:\/\/www.robertzueblin.com\/es\/wp-json\/wp\/v2\/product\/36859","targetHints":{"allow":["GET"]}}],"collection":[{"href":"https:\/\/www.robertzueblin.com\/es\/wp-json\/wp\/v2\/product"}],"about":[{"href":"https:\/\/www.robertzueblin.com\/es\/wp-json\/wp\/v2\/types\/product"}],"wp:featuredmedia":[{"embeddable":true,"href":"https:\/\/www.robertzueblin.com\/es\/wp-json\/wp\/v2\/media\/36862"}],"wp:attachment":[{"href":"https:\/\/www.robertzueblin.com\/es\/wp-json\/wp\/v2\/media?parent=36859"}],"wp:term":[{"taxonomy":"product_brand","embeddable":true,"href":"https:\/\/www.robertzueblin.com\/es\/wp-json\/wp\/v2\/product_brand?post=36859"},{"taxonomy":"product_cat","embeddable":true,"href":"https:\/\/www.robertzueblin.com\/es\/wp-json\/wp\/v2\/product_cat?post=36859"},{"taxonomy":"product_tag","embeddable":true,"href":"https:\/\/www.robertzueblin.com\/es\/wp-json\/wp\/v2\/product_tag?post=36859"}],"curies":[{"name":"wp","href":"https:\/\/api.w.org\/{rel}","templated":true}]}}