{"id":36088,"date":"2024-01-05T17:27:49","date_gmt":"2024-01-05T16:38:30","guid":{"rendered":"https:\/\/www.robertzueblin.com\/?post_type=product&#038;p=36088"},"modified":"2025-09-25T20:06:42","modified_gmt":"2025-09-25T18:06:42","slug":"ferdinand-sommer-1822-%e2%80%a0-1901-veduta-del-eiger-moench-y-jungfrau-pintura-veduta","status":"publish","type":"product","link":"https:\/\/www.robertzueblin.com\/es\/ferdinand-sommer\/veduta-del-eiger-moench-y-jungfrau-pintura-veduta\/","title":{"rendered":"Ferdinand SOMMER (* 1822, \u2020 1901) &#8211; Veduta del Eiger, M\u00f6nch y Jungfrau &#8211; Pintura veduta"},"content":{"rendered":"<p><span style=\"font-family: AkkoPro-BoldCondensed!important\">Tipo:<\/span> <a href=\"https:\/\/www.robertzueblin.com\/es\/tipo\/pintura\/\">pintura<\/a><\/p>\n<p><span style=\"font-family: AkkoPro-BoldCondensed!important\">Pintor:<\/span> <a href=\"https:\/\/www.robertzueblin.com\/es\/ferdinand-sommer\/\">Ferdinand Sommer<\/a><\/p>\n<p><span style=\"font-family: AkkoPro-BoldCondensed!important\">Objeto:<\/span> <a href=\"https:\/\/www.robertzueblin.com\/es\/cuadros-al-oleo\/\">pintura al \u00f3leo<\/a><\/p>\n<p><span style=\"font-family: AkkoPro-BoldCondensed!important\">Material:<\/span> \u00f3leo sobre cart\u00f3n<\/p>\n<p><span style=\"font-family: AkkoPro-BoldCondensed!important\">Dimensiones:<\/span>  altura: 18,3 cm, anchura: 25 cm; con marco: altura: 33,5 cm, anchura: 27 cm, fondo: 4 cm<\/p>\n<p><span style=\"font-family: AkkoPro-BoldCondensed!important\">A\u00f1o de producci\u00f3n:<\/span> segunda mitad del siglo XIX<\/p>\n<p><span style=\"font-family: AkkoPro-BoldCondensed!important\">Estado:<\/span> algunas peque\u00f1as manchas en el cuadro; el marco presenta roces, manchas y algunos desconchones<\/p>\n<p><span style=\"font-family: AkkoPro-BoldCondensed!important\">Firma\/marca:<\/span> F. Sommer<\/p>\n","protected":false},"excerpt":{"rendered":"<p>Tipo: pintura Pintor: Ferdinand Sommer Objeto: pintura al \u00f3leo Material: \u00f3leo sobre cart\u00f3n Dimensiones: altura: 18,3 cm, anchura: 25 cm; con marco: altura: 33,5 cm, anchura: 27 cm, fondo: 4 cm A\u00f1o de producci\u00f3n: segunda mitad del siglo XIX Estado: algunas peque\u00f1as manchas en el cuadro; el marco presenta roces, manchas y algunos desconchones Firma\/marca: [&hellip;]<\/p>\n","protected":false},"featured_media":36097,"template":"","meta":[],"product_brand":[],"product_cat":[778,498,529,912],"product_tag":[],"class_list":{"0":"post-36088","1":"product","2":"type-product","3":"status-publish","4":"has-post-thumbnail","6":"product_cat-pintura","7":"product_cat-cuadros-al-oleo","8":"product_cat-ferdinand-sommer","9":"product_cat-vedutas-de-thun","11":"first","12":"instock","13":"sold-individually","14":"shipping-taxable","15":"purchasable","16":"product-type-simple"},"yoast_head":"<!-- This site is optimized with the Yoast SEO plugin v27.4 - https:\/\/yoast.com\/product\/yoast-seo-wordpress\/ -->\n<title>Ferdinand SOMMER - Veduta del Eiger, M\u00f6nch y Jungfrau - Pintura<\/title>\n<meta name=\"description\" content=\"Cuadro del pintor alem\u00e1n veduta Ferdinand Sommer, activo en Thun (Suiza). Veduta con chalet frente al Eiger, M\u00f6nch y Jungfrau en el Oberland Bern\u00e9s.\" \/>\n<meta name=\"robots\" content=\"index, follow, max-snippet:-1, max-image-preview:large, max-video-preview:-1\" \/>\n<link rel=\"canonical\" href=\"https:\/\/www.robertzueblin.com\/es\/ferdinand-sommer\/veduta-del-eiger-moench-y-jungfrau-pintura-veduta\/\" \/>\n<meta property=\"og:locale\" content=\"es_ES\" \/>\n<meta property=\"og:type\" content=\"article\" \/>\n<meta property=\"og:title\" content=\"Ferdinand SOMMER - Veduta del Eiger, M\u00f6nch y Jungfrau - Pintura\" \/>\n<meta property=\"og:description\" content=\"Cuadro del pintor alem\u00e1n veduta Ferdinand Sommer, activo en Thun (Suiza). Veduta con chalet frente al Eiger, M\u00f6nch y Jungfrau en el Oberland Bern\u00e9s.\" \/>\n<meta property=\"og:url\" content=\"https:\/\/www.robertzueblin.com\/es\/ferdinand-sommer\/veduta-del-eiger-moench-y-jungfrau-pintura-veduta\/\" \/>\n<meta property=\"og:site_name\" content=\"ROBERT Z\u00dcBLIN\" \/>\n<meta property=\"article:modified_time\" content=\"2025-09-25T18:06:42+00:00\" \/>\n<meta property=\"og:image\" content=\"https:\/\/www.robertzueblin.com\/wp-content\/uploads\/ferdinand-sommer-veduta-eiger-moench-jungfrau-cuadro-oleo-foto-titulo.jpg\" \/>\n\t<meta property=\"og:image:width\" content=\"822\" \/>\n\t<meta property=\"og:image:height\" content=\"583\" \/>\n\t<meta property=\"og:image:type\" content=\"image\/jpeg\" \/>\n<meta name=\"twitter:card\" content=\"summary_large_image\" \/>\n<script type=\"application\/ld+json\" class=\"yoast-schema-graph\">{\"@context\":\"https:\\\/\\\/schema.org\",\"@graph\":[{\"@type\":\"WebPage\",\"@id\":\"https:\\\/\\\/www.robertzueblin.com\\\/es\\\/ferdinand-sommer\\\/veduta-del-eiger-moench-y-jungfrau-pintura-veduta\\\/\",\"url\":\"https:\\\/\\\/www.robertzueblin.com\\\/es\\\/ferdinand-sommer\\\/veduta-del-eiger-moench-y-jungfrau-pintura-veduta\\\/\",\"name\":\"Ferdinand SOMMER - Veduta del Eiger, M\u00f6nch y Jungfrau - Pintura\",\"isPartOf\":{\"@id\":\"https:\\\/\\\/www.robertzueblin.com\\\/es\\\/#website\"},\"primaryImageOfPage\":{\"@id\":\"https:\\\/\\\/www.robertzueblin.com\\\/es\\\/ferdinand-sommer\\\/veduta-del-eiger-moench-y-jungfrau-pintura-veduta\\\/#primaryimage\"},\"image\":{\"@id\":\"https:\\\/\\\/www.robertzueblin.com\\\/es\\\/ferdinand-sommer\\\/veduta-del-eiger-moench-y-jungfrau-pintura-veduta\\\/#primaryimage\"},\"thumbnailUrl\":\"https:\\\/\\\/www.robertzueblin.com\\\/wp-content\\\/uploads\\\/ferdinand-sommer-veduta-eiger-moench-jungfrau-cuadro-oleo-foto-titulo.jpg\",\"datePublished\":\"2024-01-05T16:38:30+00:00\",\"dateModified\":\"2025-09-25T18:06:42+00:00\",\"description\":\"Cuadro del pintor alem\u00e1n veduta Ferdinand Sommer, activo en Thun (Suiza). Veduta con chalet frente al Eiger, M\u00f6nch y Jungfrau en el Oberland Bern\u00e9s.\",\"breadcrumb\":{\"@id\":\"https:\\\/\\\/www.robertzueblin.com\\\/es\\\/ferdinand-sommer\\\/veduta-del-eiger-moench-y-jungfrau-pintura-veduta\\\/#breadcrumb\"},\"inLanguage\":\"es\",\"potentialAction\":[{\"@type\":\"ReadAction\",\"target\":[\"https:\\\/\\\/www.robertzueblin.com\\\/es\\\/ferdinand-sommer\\\/veduta-del-eiger-moench-y-jungfrau-pintura-veduta\\\/\"]}]},{\"@type\":\"ImageObject\",\"inLanguage\":\"es\",\"@id\":\"https:\\\/\\\/www.robertzueblin.com\\\/es\\\/ferdinand-sommer\\\/veduta-del-eiger-moench-y-jungfrau-pintura-veduta\\\/#primaryimage\",\"url\":\"https:\\\/\\\/www.robertzueblin.com\\\/wp-content\\\/uploads\\\/ferdinand-sommer-veduta-eiger-moench-jungfrau-cuadro-oleo-foto-titulo.jpg\",\"contentUrl\":\"https:\\\/\\\/www.robertzueblin.com\\\/wp-content\\\/uploads\\\/ferdinand-sommer-veduta-eiger-moench-jungfrau-cuadro-oleo-foto-titulo.jpg\",\"width\":822,\"height\":583},{\"@type\":\"BreadcrumbList\",\"@id\":\"https:\\\/\\\/www.robertzueblin.com\\\/es\\\/ferdinand-sommer\\\/veduta-del-eiger-moench-y-jungfrau-pintura-veduta\\\/#breadcrumb\",\"itemListElement\":[{\"@type\":\"ListItem\",\"position\":1,\"name\":\"Startseite\",\"item\":\"https:\\\/\\\/www.robertzueblin.com\\\/es\\\/\"},{\"@type\":\"ListItem\",\"position\":2,\"name\":\"Galer\u00eda de arte online (tienda online)\",\"item\":\"https:\\\/\\\/www.robertzueblin.com\\\/es\\\/galeria-de-arte-online\\\/\"},{\"@type\":\"ListItem\",\"position\":3,\"name\":\"Ferdinand SOMMER (* 1822, \u2020 1901) &#8211; Veduta del Eiger, M\u00f6nch y Jungfrau &#8211; Pintura veduta\"}]},{\"@type\":\"WebSite\",\"@id\":\"https:\\\/\\\/www.robertzueblin.com\\\/es\\\/#website\",\"url\":\"https:\\\/\\\/www.robertzueblin.com\\\/es\\\/\",\"name\":\"ROBERT Z\u00dcBLIN\",\"description\":\"\",\"publisher\":{\"@id\":\"https:\\\/\\\/www.robertzueblin.com\\\/es\\\/#organization\"},\"potentialAction\":[{\"@type\":\"SearchAction\",\"target\":{\"@type\":\"EntryPoint\",\"urlTemplate\":\"https:\\\/\\\/www.robertzueblin.com\\\/es\\\/?s={search_term_string}\"},\"query-input\":{\"@type\":\"PropertyValueSpecification\",\"valueRequired\":true,\"valueName\":\"search_term_string\"}}],\"inLanguage\":\"es\"},{\"@type\":\"Organization\",\"@id\":\"https:\\\/\\\/www.robertzueblin.com\\\/es\\\/#organization\",\"name\":\"ROBERT Z\u00dcBLIN\",\"url\":\"https:\\\/\\\/www.robertzueblin.com\\\/es\\\/\",\"logo\":{\"@type\":\"ImageObject\",\"inLanguage\":\"es\",\"@id\":\"https:\\\/\\\/www.robertzueblin.com\\\/es\\\/#\\\/schema\\\/logo\\\/image\\\/\",\"url\":\"https:\\\/\\\/www.robertzueblin.com\\\/wp-content\\\/uploads\\\/cropped-cropped-logo-von-robert-zueblin.jpg\",\"contentUrl\":\"https:\\\/\\\/www.robertzueblin.com\\\/wp-content\\\/uploads\\\/cropped-cropped-logo-von-robert-zueblin.jpg\",\"width\":440,\"height\":60,\"caption\":\"ROBERT Z\u00dcBLIN\"},\"image\":{\"@id\":\"https:\\\/\\\/www.robertzueblin.com\\\/es\\\/#\\\/schema\\\/logo\\\/image\\\/\"}}]}<\/script>\n<!-- \/ Yoast SEO plugin. -->","yoast_head_json":{"title":"Ferdinand SOMMER - Veduta del Eiger, M\u00f6nch y Jungfrau - Pintura","description":"Cuadro del pintor alem\u00e1n veduta Ferdinand Sommer, activo en Thun (Suiza). Veduta con chalet frente al Eiger, M\u00f6nch y Jungfrau en el Oberland Bern\u00e9s.","robots":{"index":"index","follow":"follow","max-snippet":"max-snippet:-1","max-image-preview":"max-image-preview:large","max-video-preview":"max-video-preview:-1"},"canonical":"https:\/\/www.robertzueblin.com\/es\/ferdinand-sommer\/veduta-del-eiger-moench-y-jungfrau-pintura-veduta\/","og_locale":"es_ES","og_type":"article","og_title":"Ferdinand SOMMER - Veduta del Eiger, M\u00f6nch y Jungfrau - Pintura","og_description":"Cuadro del pintor alem\u00e1n veduta Ferdinand Sommer, activo en Thun (Suiza). Veduta con chalet frente al Eiger, M\u00f6nch y Jungfrau en el Oberland Bern\u00e9s.","og_url":"https:\/\/www.robertzueblin.com\/es\/ferdinand-sommer\/veduta-del-eiger-moench-y-jungfrau-pintura-veduta\/","og_site_name":"ROBERT Z\u00dcBLIN","article_modified_time":"2025-09-25T18:06:42+00:00","og_image":[{"width":822,"height":583,"url":"https:\/\/www.robertzueblin.com\/wp-content\/uploads\/ferdinand-sommer-veduta-eiger-moench-jungfrau-cuadro-oleo-foto-titulo.jpg","type":"image\/jpeg"}],"twitter_card":"summary_large_image","schema":{"@context":"https:\/\/schema.org","@graph":[{"@type":"WebPage","@id":"https:\/\/www.robertzueblin.com\/es\/ferdinand-sommer\/veduta-del-eiger-moench-y-jungfrau-pintura-veduta\/","url":"https:\/\/www.robertzueblin.com\/es\/ferdinand-sommer\/veduta-del-eiger-moench-y-jungfrau-pintura-veduta\/","name":"Ferdinand SOMMER - Veduta del Eiger, M\u00f6nch y Jungfrau - Pintura","isPartOf":{"@id":"https:\/\/www.robertzueblin.com\/es\/#website"},"primaryImageOfPage":{"@id":"https:\/\/www.robertzueblin.com\/es\/ferdinand-sommer\/veduta-del-eiger-moench-y-jungfrau-pintura-veduta\/#primaryimage"},"image":{"@id":"https:\/\/www.robertzueblin.com\/es\/ferdinand-sommer\/veduta-del-eiger-moench-y-jungfrau-pintura-veduta\/#primaryimage"},"thumbnailUrl":"https:\/\/www.robertzueblin.com\/wp-content\/uploads\/ferdinand-sommer-veduta-eiger-moench-jungfrau-cuadro-oleo-foto-titulo.jpg","datePublished":"2024-01-05T16:38:30+00:00","dateModified":"2025-09-25T18:06:42+00:00","description":"Cuadro del pintor alem\u00e1n veduta Ferdinand Sommer, activo en Thun (Suiza). Veduta con chalet frente al Eiger, M\u00f6nch y Jungfrau en el Oberland Bern\u00e9s.","breadcrumb":{"@id":"https:\/\/www.robertzueblin.com\/es\/ferdinand-sommer\/veduta-del-eiger-moench-y-jungfrau-pintura-veduta\/#breadcrumb"},"inLanguage":"es","potentialAction":[{"@type":"ReadAction","target":["https:\/\/www.robertzueblin.com\/es\/ferdinand-sommer\/veduta-del-eiger-moench-y-jungfrau-pintura-veduta\/"]}]},{"@type":"ImageObject","inLanguage":"es","@id":"https:\/\/www.robertzueblin.com\/es\/ferdinand-sommer\/veduta-del-eiger-moench-y-jungfrau-pintura-veduta\/#primaryimage","url":"https:\/\/www.robertzueblin.com\/wp-content\/uploads\/ferdinand-sommer-veduta-eiger-moench-jungfrau-cuadro-oleo-foto-titulo.jpg","contentUrl":"https:\/\/www.robertzueblin.com\/wp-content\/uploads\/ferdinand-sommer-veduta-eiger-moench-jungfrau-cuadro-oleo-foto-titulo.jpg","width":822,"height":583},{"@type":"BreadcrumbList","@id":"https:\/\/www.robertzueblin.com\/es\/ferdinand-sommer\/veduta-del-eiger-moench-y-jungfrau-pintura-veduta\/#breadcrumb","itemListElement":[{"@type":"ListItem","position":1,"name":"Startseite","item":"https:\/\/www.robertzueblin.com\/es\/"},{"@type":"ListItem","position":2,"name":"Galer\u00eda de arte online (tienda online)","item":"https:\/\/www.robertzueblin.com\/es\/galeria-de-arte-online\/"},{"@type":"ListItem","position":3,"name":"Ferdinand SOMMER (* 1822, \u2020 1901) &#8211; Veduta del Eiger, M\u00f6nch y Jungfrau &#8211; Pintura veduta"}]},{"@type":"WebSite","@id":"https:\/\/www.robertzueblin.com\/es\/#website","url":"https:\/\/www.robertzueblin.com\/es\/","name":"ROBERT Z\u00dcBLIN","description":"","publisher":{"@id":"https:\/\/www.robertzueblin.com\/es\/#organization"},"potentialAction":[{"@type":"SearchAction","target":{"@type":"EntryPoint","urlTemplate":"https:\/\/www.robertzueblin.com\/es\/?s={search_term_string}"},"query-input":{"@type":"PropertyValueSpecification","valueRequired":true,"valueName":"search_term_string"}}],"inLanguage":"es"},{"@type":"Organization","@id":"https:\/\/www.robertzueblin.com\/es\/#organization","name":"ROBERT Z\u00dcBLIN","url":"https:\/\/www.robertzueblin.com\/es\/","logo":{"@type":"ImageObject","inLanguage":"es","@id":"https:\/\/www.robertzueblin.com\/es\/#\/schema\/logo\/image\/","url":"https:\/\/www.robertzueblin.com\/wp-content\/uploads\/cropped-cropped-logo-von-robert-zueblin.jpg","contentUrl":"https:\/\/www.robertzueblin.com\/wp-content\/uploads\/cropped-cropped-logo-von-robert-zueblin.jpg","width":440,"height":60,"caption":"ROBERT Z\u00dcBLIN"},"image":{"@id":"https:\/\/www.robertzueblin.com\/es\/#\/schema\/logo\/image\/"}}]}},"_links":{"self":[{"href":"https:\/\/www.robertzueblin.com\/es\/wp-json\/wp\/v2\/product\/36088","targetHints":{"allow":["GET"]}}],"collection":[{"href":"https:\/\/www.robertzueblin.com\/es\/wp-json\/wp\/v2\/product"}],"about":[{"href":"https:\/\/www.robertzueblin.com\/es\/wp-json\/wp\/v2\/types\/product"}],"wp:featuredmedia":[{"embeddable":true,"href":"https:\/\/www.robertzueblin.com\/es\/wp-json\/wp\/v2\/media\/36097"}],"wp:attachment":[{"href":"https:\/\/www.robertzueblin.com\/es\/wp-json\/wp\/v2\/media?parent=36088"}],"wp:term":[{"taxonomy":"product_brand","embeddable":true,"href":"https:\/\/www.robertzueblin.com\/es\/wp-json\/wp\/v2\/product_brand?post=36088"},{"taxonomy":"product_cat","embeddable":true,"href":"https:\/\/www.robertzueblin.com\/es\/wp-json\/wp\/v2\/product_cat?post=36088"},{"taxonomy":"product_tag","embeddable":true,"href":"https:\/\/www.robertzueblin.com\/es\/wp-json\/wp\/v2\/product_tag?post=36088"}],"curies":[{"name":"wp","href":"https:\/\/api.w.org\/{rel}","templated":true}]}}