{"id":35281,"date":"2023-11-24T21:20:04","date_gmt":"2023-11-24T20:25:28","guid":{"rendered":"https:\/\/www.robertzueblin.com\/?post_type=product&#038;p=35281"},"modified":"2023-11-24T21:25:28","modified_gmt":"2023-11-24T20:25:28","slug":"albrecht-hohlt-1928-%e2%80%a0-1960-cuenco-de-ceramica-con-restauracion-gintsugi","status":"publish","type":"product","link":"https:\/\/www.robertzueblin.com\/es\/albrecht-hohlt\/cuenco-de-ceramica-con-restauracion-gintsugi\/","title":{"rendered":"Albrecht HOHLT (* 1928, \u2020 1960) &#8211; Cuenco de cer\u00e1mica con restauraci\u00f3n gintsugi"},"content":{"rendered":"<p><span style=\"font-family: AkkoPro-BoldCondensed!important\">Tipo:<\/span> <a href=\"https:\/\/www.robertzueblin.com\/es\/tipo\/ceramica-artistica-ceramica-artesanal-ceramica-de-taller\/\">cer\u00e1mica de taller<\/a><\/p>\n<p><span style=\"font-family: AkkoPro-BoldCondensed!important\">Dise\u00f1o:<\/span> Albrecht Hohlt<\/p>\n<p><span style=\"font-family: AkkoPro-BoldCondensed!important\">Ejecuci\u00f3n:<\/span> Albrecht Hohlt<\/p>\n<p><span style=\"font-family: AkkoPro-BoldCondensed!important\">Objeto:<\/span> cuenco<\/p>\n<p><span style=\"font-family: AkkoPro-BoldCondensed!important\">Dimensiones:<\/span> altura: 4,8 cm, ancho: 15 cm<\/p>\n<p><span style=\"font-family: AkkoPro-BoldCondensed!important\">Cuerpo:<\/span> cuerpo marr\u00f3n<\/p>\n<p><span style=\"font-family: AkkoPro-BoldCondensed!important\">Superficie:<\/span> negra, roja, gris<\/p>\n<p><span style=\"font-family: AkkoPro-BoldCondensed!important\">Per\u00edodo de producci\u00f3n:<\/span> entre 1946 y 1953<\/p>\n<p><span style=\"font-family: AkkoPro-BoldCondensed!important\">Estado:<\/span> 5 peque\u00f1os desconchones en el borde superior reparados mediante el m\u00e9todo de reparaci\u00f3n gintsugi con laca de plata, es decir, laca urushi espolvoreada con plata aut\u00e9ntica en polvo.<\/p>\n<p><span style=\"font-family: AkkoPro-BoldCondensed!important\">Firma\/marca:<\/span> gato viejo (utilizado entre 1946 y 1953), y cruz<\/p>\n","protected":false},"excerpt":{"rendered":"<p>Tipo: cer\u00e1mica de taller Dise\u00f1o: Albrecht Hohlt Ejecuci\u00f3n: Albrecht Hohlt Objeto: cuenco Dimensiones: altura: 4,8 cm, ancho: 15 cm Cuerpo: cuerpo marr\u00f3n Superficie: negra, roja, gris Per\u00edodo de producci\u00f3n: entre 1946 y 1953 Estado: 5 peque\u00f1os desconchones en el borde superior reparados mediante el m\u00e9todo de reparaci\u00f3n gintsugi con laca de plata, es decir, laca [&hellip;]<\/p>\n","protected":false},"featured_media":35282,"template":"","meta":[],"product_brand":[],"product_cat":[438,560,657],"product_tag":[],"class_list":{"0":"post-35281","1":"product","2":"type-product","3":"status-publish","4":"has-post-thumbnail","6":"product_cat-albrecht-hohlt","7":"product_cat-kintsugi-bowl","8":"product_cat-kintsugi-shop","10":"first","11":"instock","12":"sold-individually","13":"shipping-taxable","14":"purchasable","15":"product-type-simple"},"yoast_head":"<!-- This site is optimized with the Yoast SEO plugin v27.4 - https:\/\/yoast.com\/product\/yoast-seo-wordpress\/ -->\n<title>Albrecht HOHLT - Cuenco de cer\u00e1mica con restauraci\u00f3n gintsugi<\/title>\n<meta name=\"description\" content=\"Cuenco de cer\u00e1mica del taller del ceramista alem\u00e1n Albrecht Hohlt con reparaci\u00f3n Gintsugi, un subtipo con plata de la t\u00e9cnica Kintsugi.\" \/>\n<meta name=\"robots\" content=\"index, follow, max-snippet:-1, max-image-preview:large, max-video-preview:-1\" \/>\n<link rel=\"canonical\" href=\"https:\/\/www.robertzueblin.com\/es\/albrecht-hohlt\/cuenco-de-ceramica-con-restauracion-gintsugi\/\" \/>\n<meta property=\"og:locale\" content=\"es_ES\" \/>\n<meta property=\"og:type\" content=\"article\" \/>\n<meta property=\"og:title\" content=\"Albrecht HOHLT - Cuenco de cer\u00e1mica con restauraci\u00f3n gintsugi\" \/>\n<meta property=\"og:description\" content=\"Cuenco de cer\u00e1mica del taller del ceramista alem\u00e1n Albrecht Hohlt con reparaci\u00f3n Gintsugi, un subtipo con plata de la t\u00e9cnica Kintsugi.\" \/>\n<meta property=\"og:url\" content=\"https:\/\/www.robertzueblin.com\/es\/albrecht-hohlt\/cuenco-de-ceramica-con-restauracion-gintsugi\/\" \/>\n<meta property=\"og:site_name\" content=\"ROBERT Z\u00dcBLIN\" \/>\n<meta property=\"og:image\" content=\"https:\/\/www.robertzueblin.com\/wp-content\/uploads\/albrecht-hohlt-ceramica-taller-cuenco-gintsugi-foto-titulo.jpg\" \/>\n\t<meta property=\"og:image:width\" content=\"1000\" \/>\n\t<meta property=\"og:image:height\" content=\"1000\" \/>\n\t<meta property=\"og:image:type\" content=\"image\/jpeg\" \/>\n<meta name=\"twitter:card\" content=\"summary_large_image\" \/>\n<script type=\"application\/ld+json\" class=\"yoast-schema-graph\">{\"@context\":\"https:\\\/\\\/schema.org\",\"@graph\":[{\"@type\":\"WebPage\",\"@id\":\"https:\\\/\\\/www.robertzueblin.com\\\/es\\\/albrecht-hohlt\\\/cuenco-de-ceramica-con-restauracion-gintsugi\\\/\",\"url\":\"https:\\\/\\\/www.robertzueblin.com\\\/es\\\/albrecht-hohlt\\\/cuenco-de-ceramica-con-restauracion-gintsugi\\\/\",\"name\":\"Albrecht HOHLT - Cuenco de cer\u00e1mica con restauraci\u00f3n gintsugi\",\"isPartOf\":{\"@id\":\"https:\\\/\\\/www.robertzueblin.com\\\/es\\\/#website\"},\"primaryImageOfPage\":{\"@id\":\"https:\\\/\\\/www.robertzueblin.com\\\/es\\\/albrecht-hohlt\\\/cuenco-de-ceramica-con-restauracion-gintsugi\\\/#primaryimage\"},\"image\":{\"@id\":\"https:\\\/\\\/www.robertzueblin.com\\\/es\\\/albrecht-hohlt\\\/cuenco-de-ceramica-con-restauracion-gintsugi\\\/#primaryimage\"},\"thumbnailUrl\":\"https:\\\/\\\/www.robertzueblin.com\\\/wp-content\\\/uploads\\\/albrecht-hohlt-ceramica-taller-cuenco-gintsugi-foto-titulo.jpg\",\"datePublished\":\"2023-11-24T20:25:28+00:00\",\"description\":\"Cuenco de cer\u00e1mica del taller del ceramista alem\u00e1n Albrecht Hohlt con reparaci\u00f3n Gintsugi, un subtipo con plata de la t\u00e9cnica Kintsugi.\",\"breadcrumb\":{\"@id\":\"https:\\\/\\\/www.robertzueblin.com\\\/es\\\/albrecht-hohlt\\\/cuenco-de-ceramica-con-restauracion-gintsugi\\\/#breadcrumb\"},\"inLanguage\":\"es\",\"potentialAction\":[{\"@type\":\"ReadAction\",\"target\":[\"https:\\\/\\\/www.robertzueblin.com\\\/es\\\/albrecht-hohlt\\\/cuenco-de-ceramica-con-restauracion-gintsugi\\\/\"]}]},{\"@type\":\"ImageObject\",\"inLanguage\":\"es\",\"@id\":\"https:\\\/\\\/www.robertzueblin.com\\\/es\\\/albrecht-hohlt\\\/cuenco-de-ceramica-con-restauracion-gintsugi\\\/#primaryimage\",\"url\":\"https:\\\/\\\/www.robertzueblin.com\\\/wp-content\\\/uploads\\\/albrecht-hohlt-ceramica-taller-cuenco-gintsugi-foto-titulo.jpg\",\"contentUrl\":\"https:\\\/\\\/www.robertzueblin.com\\\/wp-content\\\/uploads\\\/albrecht-hohlt-ceramica-taller-cuenco-gintsugi-foto-titulo.jpg\",\"width\":1000,\"height\":1000},{\"@type\":\"BreadcrumbList\",\"@id\":\"https:\\\/\\\/www.robertzueblin.com\\\/es\\\/albrecht-hohlt\\\/cuenco-de-ceramica-con-restauracion-gintsugi\\\/#breadcrumb\",\"itemListElement\":[{\"@type\":\"ListItem\",\"position\":1,\"name\":\"Startseite\",\"item\":\"https:\\\/\\\/www.robertzueblin.com\\\/es\\\/\"},{\"@type\":\"ListItem\",\"position\":2,\"name\":\"Galer\u00eda de arte online (tienda online)\",\"item\":\"https:\\\/\\\/www.robertzueblin.com\\\/es\\\/galeria-de-arte-online\\\/\"},{\"@type\":\"ListItem\",\"position\":3,\"name\":\"Albrecht HOHLT (* 1928, \u2020 1960) &#8211; Cuenco de cer\u00e1mica con restauraci\u00f3n gintsugi\"}]},{\"@type\":\"WebSite\",\"@id\":\"https:\\\/\\\/www.robertzueblin.com\\\/es\\\/#website\",\"url\":\"https:\\\/\\\/www.robertzueblin.com\\\/es\\\/\",\"name\":\"ROBERT Z\u00dcBLIN\",\"description\":\"\",\"publisher\":{\"@id\":\"https:\\\/\\\/www.robertzueblin.com\\\/es\\\/#organization\"},\"potentialAction\":[{\"@type\":\"SearchAction\",\"target\":{\"@type\":\"EntryPoint\",\"urlTemplate\":\"https:\\\/\\\/www.robertzueblin.com\\\/es\\\/?s={search_term_string}\"},\"query-input\":{\"@type\":\"PropertyValueSpecification\",\"valueRequired\":true,\"valueName\":\"search_term_string\"}}],\"inLanguage\":\"es\"},{\"@type\":\"Organization\",\"@id\":\"https:\\\/\\\/www.robertzueblin.com\\\/es\\\/#organization\",\"name\":\"ROBERT Z\u00dcBLIN\",\"url\":\"https:\\\/\\\/www.robertzueblin.com\\\/es\\\/\",\"logo\":{\"@type\":\"ImageObject\",\"inLanguage\":\"es\",\"@id\":\"https:\\\/\\\/www.robertzueblin.com\\\/es\\\/#\\\/schema\\\/logo\\\/image\\\/\",\"url\":\"https:\\\/\\\/www.robertzueblin.com\\\/wp-content\\\/uploads\\\/cropped-cropped-logo-von-robert-zueblin.jpg\",\"contentUrl\":\"https:\\\/\\\/www.robertzueblin.com\\\/wp-content\\\/uploads\\\/cropped-cropped-logo-von-robert-zueblin.jpg\",\"width\":440,\"height\":60,\"caption\":\"ROBERT Z\u00dcBLIN\"},\"image\":{\"@id\":\"https:\\\/\\\/www.robertzueblin.com\\\/es\\\/#\\\/schema\\\/logo\\\/image\\\/\"}}]}<\/script>\n<!-- \/ Yoast SEO plugin. -->","yoast_head_json":{"title":"Albrecht HOHLT - Cuenco de cer\u00e1mica con restauraci\u00f3n gintsugi","description":"Cuenco de cer\u00e1mica del taller del ceramista alem\u00e1n Albrecht Hohlt con reparaci\u00f3n Gintsugi, un subtipo con plata de la t\u00e9cnica Kintsugi.","robots":{"index":"index","follow":"follow","max-snippet":"max-snippet:-1","max-image-preview":"max-image-preview:large","max-video-preview":"max-video-preview:-1"},"canonical":"https:\/\/www.robertzueblin.com\/es\/albrecht-hohlt\/cuenco-de-ceramica-con-restauracion-gintsugi\/","og_locale":"es_ES","og_type":"article","og_title":"Albrecht HOHLT - Cuenco de cer\u00e1mica con restauraci\u00f3n gintsugi","og_description":"Cuenco de cer\u00e1mica del taller del ceramista alem\u00e1n Albrecht Hohlt con reparaci\u00f3n Gintsugi, un subtipo con plata de la t\u00e9cnica Kintsugi.","og_url":"https:\/\/www.robertzueblin.com\/es\/albrecht-hohlt\/cuenco-de-ceramica-con-restauracion-gintsugi\/","og_site_name":"ROBERT Z\u00dcBLIN","og_image":[{"width":1000,"height":1000,"url":"https:\/\/www.robertzueblin.com\/wp-content\/uploads\/albrecht-hohlt-ceramica-taller-cuenco-gintsugi-foto-titulo.jpg","type":"image\/jpeg"}],"twitter_card":"summary_large_image","schema":{"@context":"https:\/\/schema.org","@graph":[{"@type":"WebPage","@id":"https:\/\/www.robertzueblin.com\/es\/albrecht-hohlt\/cuenco-de-ceramica-con-restauracion-gintsugi\/","url":"https:\/\/www.robertzueblin.com\/es\/albrecht-hohlt\/cuenco-de-ceramica-con-restauracion-gintsugi\/","name":"Albrecht HOHLT - Cuenco de cer\u00e1mica con restauraci\u00f3n gintsugi","isPartOf":{"@id":"https:\/\/www.robertzueblin.com\/es\/#website"},"primaryImageOfPage":{"@id":"https:\/\/www.robertzueblin.com\/es\/albrecht-hohlt\/cuenco-de-ceramica-con-restauracion-gintsugi\/#primaryimage"},"image":{"@id":"https:\/\/www.robertzueblin.com\/es\/albrecht-hohlt\/cuenco-de-ceramica-con-restauracion-gintsugi\/#primaryimage"},"thumbnailUrl":"https:\/\/www.robertzueblin.com\/wp-content\/uploads\/albrecht-hohlt-ceramica-taller-cuenco-gintsugi-foto-titulo.jpg","datePublished":"2023-11-24T20:25:28+00:00","description":"Cuenco de cer\u00e1mica del taller del ceramista alem\u00e1n Albrecht Hohlt con reparaci\u00f3n Gintsugi, un subtipo con plata de la t\u00e9cnica Kintsugi.","breadcrumb":{"@id":"https:\/\/www.robertzueblin.com\/es\/albrecht-hohlt\/cuenco-de-ceramica-con-restauracion-gintsugi\/#breadcrumb"},"inLanguage":"es","potentialAction":[{"@type":"ReadAction","target":["https:\/\/www.robertzueblin.com\/es\/albrecht-hohlt\/cuenco-de-ceramica-con-restauracion-gintsugi\/"]}]},{"@type":"ImageObject","inLanguage":"es","@id":"https:\/\/www.robertzueblin.com\/es\/albrecht-hohlt\/cuenco-de-ceramica-con-restauracion-gintsugi\/#primaryimage","url":"https:\/\/www.robertzueblin.com\/wp-content\/uploads\/albrecht-hohlt-ceramica-taller-cuenco-gintsugi-foto-titulo.jpg","contentUrl":"https:\/\/www.robertzueblin.com\/wp-content\/uploads\/albrecht-hohlt-ceramica-taller-cuenco-gintsugi-foto-titulo.jpg","width":1000,"height":1000},{"@type":"BreadcrumbList","@id":"https:\/\/www.robertzueblin.com\/es\/albrecht-hohlt\/cuenco-de-ceramica-con-restauracion-gintsugi\/#breadcrumb","itemListElement":[{"@type":"ListItem","position":1,"name":"Startseite","item":"https:\/\/www.robertzueblin.com\/es\/"},{"@type":"ListItem","position":2,"name":"Galer\u00eda de arte online (tienda online)","item":"https:\/\/www.robertzueblin.com\/es\/galeria-de-arte-online\/"},{"@type":"ListItem","position":3,"name":"Albrecht HOHLT (* 1928, \u2020 1960) &#8211; Cuenco de cer\u00e1mica con restauraci\u00f3n gintsugi"}]},{"@type":"WebSite","@id":"https:\/\/www.robertzueblin.com\/es\/#website","url":"https:\/\/www.robertzueblin.com\/es\/","name":"ROBERT Z\u00dcBLIN","description":"","publisher":{"@id":"https:\/\/www.robertzueblin.com\/es\/#organization"},"potentialAction":[{"@type":"SearchAction","target":{"@type":"EntryPoint","urlTemplate":"https:\/\/www.robertzueblin.com\/es\/?s={search_term_string}"},"query-input":{"@type":"PropertyValueSpecification","valueRequired":true,"valueName":"search_term_string"}}],"inLanguage":"es"},{"@type":"Organization","@id":"https:\/\/www.robertzueblin.com\/es\/#organization","name":"ROBERT Z\u00dcBLIN","url":"https:\/\/www.robertzueblin.com\/es\/","logo":{"@type":"ImageObject","inLanguage":"es","@id":"https:\/\/www.robertzueblin.com\/es\/#\/schema\/logo\/image\/","url":"https:\/\/www.robertzueblin.com\/wp-content\/uploads\/cropped-cropped-logo-von-robert-zueblin.jpg","contentUrl":"https:\/\/www.robertzueblin.com\/wp-content\/uploads\/cropped-cropped-logo-von-robert-zueblin.jpg","width":440,"height":60,"caption":"ROBERT Z\u00dcBLIN"},"image":{"@id":"https:\/\/www.robertzueblin.com\/es\/#\/schema\/logo\/image\/"}}]}},"_links":{"self":[{"href":"https:\/\/www.robertzueblin.com\/es\/wp-json\/wp\/v2\/product\/35281","targetHints":{"allow":["GET"]}}],"collection":[{"href":"https:\/\/www.robertzueblin.com\/es\/wp-json\/wp\/v2\/product"}],"about":[{"href":"https:\/\/www.robertzueblin.com\/es\/wp-json\/wp\/v2\/types\/product"}],"wp:featuredmedia":[{"embeddable":true,"href":"https:\/\/www.robertzueblin.com\/es\/wp-json\/wp\/v2\/media\/35282"}],"wp:attachment":[{"href":"https:\/\/www.robertzueblin.com\/es\/wp-json\/wp\/v2\/media?parent=35281"}],"wp:term":[{"taxonomy":"product_brand","embeddable":true,"href":"https:\/\/www.robertzueblin.com\/es\/wp-json\/wp\/v2\/product_brand?post=35281"},{"taxonomy":"product_cat","embeddable":true,"href":"https:\/\/www.robertzueblin.com\/es\/wp-json\/wp\/v2\/product_cat?post=35281"},{"taxonomy":"product_tag","embeddable":true,"href":"https:\/\/www.robertzueblin.com\/es\/wp-json\/wp\/v2\/product_tag?post=35281"}],"curies":[{"name":"wp","href":"https:\/\/api.w.org\/{rel}","templated":true}]}}