{"id":34823,"date":"2023-10-26T17:54:15","date_gmt":"2023-10-26T16:15:49","guid":{"rendered":"https:\/\/www.robertzueblin.com\/?post_type=product&#038;p=34823"},"modified":"2025-09-25T20:07:12","modified_gmt":"2025-09-25T18:07:12","slug":"marie-egg-1873-%e2%80%a0-1959-capilla-de-tell-uri-rotstock-veduta-pintura-al-oleo","status":"publish","type":"product","link":"https:\/\/www.robertzueblin.com\/es\/marie-egg\/capilla-de-tell-uri-rotstock-veduta-pintura-al-oleo\/","title":{"rendered":"Marie EGG (* 1873, \u2020 1959) &#8211; Capilla de Tell &#8211; Uri Rotstock &#8211; Veduta &#8211; Pintura al \u00f3leo"},"content":{"rendered":"<p><span style=\"font-family: AkkoPro-BoldCondensed!important\">Tipo:<\/span> <a href=\"https:\/\/www.robertzueblin.com\/es\/tipo\/pintura\/\">pintura<\/a><\/p>\n<p><span style=\"font-family: AkkoPro-BoldCondensed!important\">Pintor:<\/span> <a href=\"https:\/\/www.robertzueblin.com\/es\/marie-egg\/\">Marie Egg<\/a><\/p>\n<p><span style=\"font-family: AkkoPro-BoldCondensed!important\">Objeto:<\/span> <a href=\"https:\/\/www.robertzueblin.com\/es\/cuadros-al-oleo\/\">pintura al \u00f3leo<\/a><\/p>\n<p><span style=\"font-family: AkkoPro-BoldCondensed!important\">Material:<\/span> \u00f3leo sobre tablero<\/p>\n<p><span style=\"font-family: AkkoPro-BoldCondensed!important\">Dimensiones:<\/span> altura: 11,7 cm, anchura: 17 cm, profundidad: 0,1 cm<\/p>\n<p><span style=\"font-family: AkkoPro-BoldCondensed!important\">A\u00f1o de producci\u00f3n:<\/span> hacia 1900<\/p>\n<p><span style=\"font-family: AkkoPro-BoldCondensed!important\">Estado:<\/span> El cuadro tiene dos esquinas m\u00ednimamente da\u00f1adas y en un lugar del borde tambi\u00e9n da\u00f1os m\u00ednimos. Por lo dem\u00e1s, est\u00e1 en muy buen estado.<\/p>\n<p><span style=\"font-family: AkkoPro-BoldCondensed!important\">Firma\/marca:<\/span> M. Egg.<\/p>\n<p><span style=\"font-family: AkkoPro-BoldCondensed!important\">Detalles:<\/span><br \/>\nSe trata de un \u00f3leo de la pintora suiza Marie Egg (* 1873, \u2020 1959). Se form\u00f3 en el c\u00edrculo de pintores veduta de Lauenen (Lauenen es un barrio de la ciudad suiza de Thun). Este c\u00edrculo de artistas fue promovido por el pintor veduta y decorativo Ferdinand Sommer. El alumno m\u00e1s importante de Ferdinand Sommer fue el famoso pintor suizo Ferdinand Hodler, que comenz\u00f3 su carrera como artista con este g\u00e9nero pict\u00f3rico (pintura veduta). Marie Egg trabaj\u00f3 para la f\u00e1brica de recuerdos de Louis H\u00e4nni en Thun (Oberland bern\u00e9s), Suiza.<\/p>\n<p>El paisajista austriaco <a href=\"https:\/\/www.artnet.de\/k%C3%BCnstler\/hubert-sattler\/tellskapelle-am-vierwaldst%C3%A4ttersee-ofvoPSmEaxSzT1zbXPlaYg2\">Hubert Sattler pint\u00f3 un cuadro muy similar de la capilla Tell<\/a>.<\/p>\n","protected":false},"excerpt":{"rendered":"<p>Tipo: pintura Pintor: Marie Egg Objeto: pintura al \u00f3leo Material: \u00f3leo sobre tablero Dimensiones: altura: 11,7 cm, anchura: 17 cm, profundidad: 0,1 cm A\u00f1o de producci\u00f3n: hacia 1900 Estado: El cuadro tiene dos esquinas m\u00ednimamente da\u00f1adas y en un lugar del borde tambi\u00e9n da\u00f1os m\u00ednimos. Por lo dem\u00e1s, est\u00e1 en muy buen estado. Firma\/marca: M. [&hellip;]<\/p>\n","protected":false},"featured_media":34828,"template":"","meta":[],"product_brand":[],"product_cat":[778,498,518,912],"product_tag":[],"class_list":{"0":"post-34823","1":"product","2":"type-product","3":"status-publish","4":"has-post-thumbnail","6":"product_cat-pintura","7":"product_cat-cuadros-al-oleo","8":"product_cat-marie-egg","9":"product_cat-vedutas-de-thun","11":"first","12":"instock","13":"sold-individually","14":"shipping-taxable","15":"purchasable","16":"product-type-simple"},"yoast_head":"<!-- This site is optimized with the Yoast SEO plugin v27.4 - https:\/\/yoast.com\/product\/yoast-seo-wordpress\/ -->\n<title>Marie EGG - Capilla de Tell - Uri Rotstock - Veduta - Pintura al \u00f3leo<\/title>\n<meta name=\"description\" content=\"Una pintura al \u00f3leo sobre tablero de la pintora veduta Marie Egg de Suiza con el motivo de la Capilla Tell y el Uri Rotstock al fondo.\" \/>\n<meta name=\"robots\" content=\"index, follow, max-snippet:-1, max-image-preview:large, max-video-preview:-1\" \/>\n<link rel=\"canonical\" href=\"https:\/\/www.robertzueblin.com\/es\/marie-egg\/capilla-de-tell-uri-rotstock-veduta-pintura-al-oleo\/\" \/>\n<meta property=\"og:locale\" content=\"es_ES\" \/>\n<meta property=\"og:type\" content=\"article\" \/>\n<meta property=\"og:title\" content=\"Marie EGG - Capilla de Tell - Uri Rotstock - Veduta - Pintura al \u00f3leo\" \/>\n<meta property=\"og:description\" content=\"Una pintura al \u00f3leo sobre tablero de la pintora veduta Marie Egg de Suiza con el motivo de la Capilla Tell y el Uri Rotstock al fondo.\" \/>\n<meta property=\"og:url\" content=\"https:\/\/www.robertzueblin.com\/es\/marie-egg\/capilla-de-tell-uri-rotstock-veduta-pintura-al-oleo\/\" \/>\n<meta property=\"og:site_name\" content=\"ROBERT Z\u00dcBLIN\" \/>\n<meta property=\"article:modified_time\" content=\"2025-09-25T18:07:12+00:00\" \/>\n<meta property=\"og:image\" content=\"https:\/\/www.robertzueblin.com\/wp-content\/uploads\/marie-egg-capilla-tell-uri-rotstock-pintura-oleo-veduta-foto-titulo.jpg\" \/>\n\t<meta property=\"og:image:width\" content=\"1000\" \/>\n\t<meta property=\"og:image:height\" content=\"680\" \/>\n\t<meta property=\"og:image:type\" content=\"image\/jpeg\" \/>\n<meta name=\"twitter:card\" content=\"summary_large_image\" \/>\n<script type=\"application\/ld+json\" class=\"yoast-schema-graph\">{\"@context\":\"https:\\\/\\\/schema.org\",\"@graph\":[{\"@type\":\"WebPage\",\"@id\":\"https:\\\/\\\/www.robertzueblin.com\\\/es\\\/marie-egg\\\/capilla-de-tell-uri-rotstock-veduta-pintura-al-oleo\\\/\",\"url\":\"https:\\\/\\\/www.robertzueblin.com\\\/es\\\/marie-egg\\\/capilla-de-tell-uri-rotstock-veduta-pintura-al-oleo\\\/\",\"name\":\"Marie EGG - Capilla de Tell - Uri Rotstock - Veduta - Pintura al \u00f3leo\",\"isPartOf\":{\"@id\":\"https:\\\/\\\/www.robertzueblin.com\\\/es\\\/#website\"},\"primaryImageOfPage\":{\"@id\":\"https:\\\/\\\/www.robertzueblin.com\\\/es\\\/marie-egg\\\/capilla-de-tell-uri-rotstock-veduta-pintura-al-oleo\\\/#primaryimage\"},\"image\":{\"@id\":\"https:\\\/\\\/www.robertzueblin.com\\\/es\\\/marie-egg\\\/capilla-de-tell-uri-rotstock-veduta-pintura-al-oleo\\\/#primaryimage\"},\"thumbnailUrl\":\"https:\\\/\\\/www.robertzueblin.com\\\/wp-content\\\/uploads\\\/marie-egg-capilla-tell-uri-rotstock-pintura-oleo-veduta-foto-titulo.jpg\",\"datePublished\":\"2023-10-26T16:15:49+00:00\",\"dateModified\":\"2025-09-25T18:07:12+00:00\",\"description\":\"Una pintura al \u00f3leo sobre tablero de la pintora veduta Marie Egg de Suiza con el motivo de la Capilla Tell y el Uri Rotstock al fondo.\",\"breadcrumb\":{\"@id\":\"https:\\\/\\\/www.robertzueblin.com\\\/es\\\/marie-egg\\\/capilla-de-tell-uri-rotstock-veduta-pintura-al-oleo\\\/#breadcrumb\"},\"inLanguage\":\"es\",\"potentialAction\":[{\"@type\":\"ReadAction\",\"target\":[\"https:\\\/\\\/www.robertzueblin.com\\\/es\\\/marie-egg\\\/capilla-de-tell-uri-rotstock-veduta-pintura-al-oleo\\\/\"]}]},{\"@type\":\"ImageObject\",\"inLanguage\":\"es\",\"@id\":\"https:\\\/\\\/www.robertzueblin.com\\\/es\\\/marie-egg\\\/capilla-de-tell-uri-rotstock-veduta-pintura-al-oleo\\\/#primaryimage\",\"url\":\"https:\\\/\\\/www.robertzueblin.com\\\/wp-content\\\/uploads\\\/marie-egg-capilla-tell-uri-rotstock-pintura-oleo-veduta-foto-titulo.jpg\",\"contentUrl\":\"https:\\\/\\\/www.robertzueblin.com\\\/wp-content\\\/uploads\\\/marie-egg-capilla-tell-uri-rotstock-pintura-oleo-veduta-foto-titulo.jpg\",\"width\":1000,\"height\":680},{\"@type\":\"BreadcrumbList\",\"@id\":\"https:\\\/\\\/www.robertzueblin.com\\\/es\\\/marie-egg\\\/capilla-de-tell-uri-rotstock-veduta-pintura-al-oleo\\\/#breadcrumb\",\"itemListElement\":[{\"@type\":\"ListItem\",\"position\":1,\"name\":\"Startseite\",\"item\":\"https:\\\/\\\/www.robertzueblin.com\\\/es\\\/\"},{\"@type\":\"ListItem\",\"position\":2,\"name\":\"Galer\u00eda de arte online (tienda online)\",\"item\":\"https:\\\/\\\/www.robertzueblin.com\\\/es\\\/galeria-de-arte-online\\\/\"},{\"@type\":\"ListItem\",\"position\":3,\"name\":\"Marie EGG (* 1873, \u2020 1959) &#8211; Capilla de Tell &#8211; Uri Rotstock &#8211; Veduta &#8211; Pintura al \u00f3leo\"}]},{\"@type\":\"WebSite\",\"@id\":\"https:\\\/\\\/www.robertzueblin.com\\\/es\\\/#website\",\"url\":\"https:\\\/\\\/www.robertzueblin.com\\\/es\\\/\",\"name\":\"ROBERT Z\u00dcBLIN\",\"description\":\"\",\"publisher\":{\"@id\":\"https:\\\/\\\/www.robertzueblin.com\\\/es\\\/#organization\"},\"potentialAction\":[{\"@type\":\"SearchAction\",\"target\":{\"@type\":\"EntryPoint\",\"urlTemplate\":\"https:\\\/\\\/www.robertzueblin.com\\\/es\\\/?s={search_term_string}\"},\"query-input\":{\"@type\":\"PropertyValueSpecification\",\"valueRequired\":true,\"valueName\":\"search_term_string\"}}],\"inLanguage\":\"es\"},{\"@type\":\"Organization\",\"@id\":\"https:\\\/\\\/www.robertzueblin.com\\\/es\\\/#organization\",\"name\":\"ROBERT Z\u00dcBLIN\",\"url\":\"https:\\\/\\\/www.robertzueblin.com\\\/es\\\/\",\"logo\":{\"@type\":\"ImageObject\",\"inLanguage\":\"es\",\"@id\":\"https:\\\/\\\/www.robertzueblin.com\\\/es\\\/#\\\/schema\\\/logo\\\/image\\\/\",\"url\":\"https:\\\/\\\/www.robertzueblin.com\\\/wp-content\\\/uploads\\\/cropped-cropped-logo-von-robert-zueblin.jpg\",\"contentUrl\":\"https:\\\/\\\/www.robertzueblin.com\\\/wp-content\\\/uploads\\\/cropped-cropped-logo-von-robert-zueblin.jpg\",\"width\":440,\"height\":60,\"caption\":\"ROBERT Z\u00dcBLIN\"},\"image\":{\"@id\":\"https:\\\/\\\/www.robertzueblin.com\\\/es\\\/#\\\/schema\\\/logo\\\/image\\\/\"}}]}<\/script>\n<!-- \/ Yoast SEO plugin. -->","yoast_head_json":{"title":"Marie EGG - Capilla de Tell - Uri Rotstock - Veduta - Pintura al \u00f3leo","description":"Una pintura al \u00f3leo sobre tablero de la pintora veduta Marie Egg de Suiza con el motivo de la Capilla Tell y el Uri Rotstock al fondo.","robots":{"index":"index","follow":"follow","max-snippet":"max-snippet:-1","max-image-preview":"max-image-preview:large","max-video-preview":"max-video-preview:-1"},"canonical":"https:\/\/www.robertzueblin.com\/es\/marie-egg\/capilla-de-tell-uri-rotstock-veduta-pintura-al-oleo\/","og_locale":"es_ES","og_type":"article","og_title":"Marie EGG - Capilla de Tell - Uri Rotstock - Veduta - Pintura al \u00f3leo","og_description":"Una pintura al \u00f3leo sobre tablero de la pintora veduta Marie Egg de Suiza con el motivo de la Capilla Tell y el Uri Rotstock al fondo.","og_url":"https:\/\/www.robertzueblin.com\/es\/marie-egg\/capilla-de-tell-uri-rotstock-veduta-pintura-al-oleo\/","og_site_name":"ROBERT Z\u00dcBLIN","article_modified_time":"2025-09-25T18:07:12+00:00","og_image":[{"width":1000,"height":680,"url":"https:\/\/www.robertzueblin.com\/wp-content\/uploads\/marie-egg-capilla-tell-uri-rotstock-pintura-oleo-veduta-foto-titulo.jpg","type":"image\/jpeg"}],"twitter_card":"summary_large_image","schema":{"@context":"https:\/\/schema.org","@graph":[{"@type":"WebPage","@id":"https:\/\/www.robertzueblin.com\/es\/marie-egg\/capilla-de-tell-uri-rotstock-veduta-pintura-al-oleo\/","url":"https:\/\/www.robertzueblin.com\/es\/marie-egg\/capilla-de-tell-uri-rotstock-veduta-pintura-al-oleo\/","name":"Marie EGG - Capilla de Tell - Uri Rotstock - Veduta - Pintura al \u00f3leo","isPartOf":{"@id":"https:\/\/www.robertzueblin.com\/es\/#website"},"primaryImageOfPage":{"@id":"https:\/\/www.robertzueblin.com\/es\/marie-egg\/capilla-de-tell-uri-rotstock-veduta-pintura-al-oleo\/#primaryimage"},"image":{"@id":"https:\/\/www.robertzueblin.com\/es\/marie-egg\/capilla-de-tell-uri-rotstock-veduta-pintura-al-oleo\/#primaryimage"},"thumbnailUrl":"https:\/\/www.robertzueblin.com\/wp-content\/uploads\/marie-egg-capilla-tell-uri-rotstock-pintura-oleo-veduta-foto-titulo.jpg","datePublished":"2023-10-26T16:15:49+00:00","dateModified":"2025-09-25T18:07:12+00:00","description":"Una pintura al \u00f3leo sobre tablero de la pintora veduta Marie Egg de Suiza con el motivo de la Capilla Tell y el Uri Rotstock al fondo.","breadcrumb":{"@id":"https:\/\/www.robertzueblin.com\/es\/marie-egg\/capilla-de-tell-uri-rotstock-veduta-pintura-al-oleo\/#breadcrumb"},"inLanguage":"es","potentialAction":[{"@type":"ReadAction","target":["https:\/\/www.robertzueblin.com\/es\/marie-egg\/capilla-de-tell-uri-rotstock-veduta-pintura-al-oleo\/"]}]},{"@type":"ImageObject","inLanguage":"es","@id":"https:\/\/www.robertzueblin.com\/es\/marie-egg\/capilla-de-tell-uri-rotstock-veduta-pintura-al-oleo\/#primaryimage","url":"https:\/\/www.robertzueblin.com\/wp-content\/uploads\/marie-egg-capilla-tell-uri-rotstock-pintura-oleo-veduta-foto-titulo.jpg","contentUrl":"https:\/\/www.robertzueblin.com\/wp-content\/uploads\/marie-egg-capilla-tell-uri-rotstock-pintura-oleo-veduta-foto-titulo.jpg","width":1000,"height":680},{"@type":"BreadcrumbList","@id":"https:\/\/www.robertzueblin.com\/es\/marie-egg\/capilla-de-tell-uri-rotstock-veduta-pintura-al-oleo\/#breadcrumb","itemListElement":[{"@type":"ListItem","position":1,"name":"Startseite","item":"https:\/\/www.robertzueblin.com\/es\/"},{"@type":"ListItem","position":2,"name":"Galer\u00eda de arte online (tienda online)","item":"https:\/\/www.robertzueblin.com\/es\/galeria-de-arte-online\/"},{"@type":"ListItem","position":3,"name":"Marie EGG (* 1873, \u2020 1959) &#8211; Capilla de Tell &#8211; Uri Rotstock &#8211; Veduta &#8211; Pintura al \u00f3leo"}]},{"@type":"WebSite","@id":"https:\/\/www.robertzueblin.com\/es\/#website","url":"https:\/\/www.robertzueblin.com\/es\/","name":"ROBERT Z\u00dcBLIN","description":"","publisher":{"@id":"https:\/\/www.robertzueblin.com\/es\/#organization"},"potentialAction":[{"@type":"SearchAction","target":{"@type":"EntryPoint","urlTemplate":"https:\/\/www.robertzueblin.com\/es\/?s={search_term_string}"},"query-input":{"@type":"PropertyValueSpecification","valueRequired":true,"valueName":"search_term_string"}}],"inLanguage":"es"},{"@type":"Organization","@id":"https:\/\/www.robertzueblin.com\/es\/#organization","name":"ROBERT Z\u00dcBLIN","url":"https:\/\/www.robertzueblin.com\/es\/","logo":{"@type":"ImageObject","inLanguage":"es","@id":"https:\/\/www.robertzueblin.com\/es\/#\/schema\/logo\/image\/","url":"https:\/\/www.robertzueblin.com\/wp-content\/uploads\/cropped-cropped-logo-von-robert-zueblin.jpg","contentUrl":"https:\/\/www.robertzueblin.com\/wp-content\/uploads\/cropped-cropped-logo-von-robert-zueblin.jpg","width":440,"height":60,"caption":"ROBERT Z\u00dcBLIN"},"image":{"@id":"https:\/\/www.robertzueblin.com\/es\/#\/schema\/logo\/image\/"}}]}},"_links":{"self":[{"href":"https:\/\/www.robertzueblin.com\/es\/wp-json\/wp\/v2\/product\/34823","targetHints":{"allow":["GET"]}}],"collection":[{"href":"https:\/\/www.robertzueblin.com\/es\/wp-json\/wp\/v2\/product"}],"about":[{"href":"https:\/\/www.robertzueblin.com\/es\/wp-json\/wp\/v2\/types\/product"}],"wp:featuredmedia":[{"embeddable":true,"href":"https:\/\/www.robertzueblin.com\/es\/wp-json\/wp\/v2\/media\/34828"}],"wp:attachment":[{"href":"https:\/\/www.robertzueblin.com\/es\/wp-json\/wp\/v2\/media?parent=34823"}],"wp:term":[{"taxonomy":"product_brand","embeddable":true,"href":"https:\/\/www.robertzueblin.com\/es\/wp-json\/wp\/v2\/product_brand?post=34823"},{"taxonomy":"product_cat","embeddable":true,"href":"https:\/\/www.robertzueblin.com\/es\/wp-json\/wp\/v2\/product_cat?post=34823"},{"taxonomy":"product_tag","embeddable":true,"href":"https:\/\/www.robertzueblin.com\/es\/wp-json\/wp\/v2\/product_tag?post=34823"}],"curies":[{"name":"wp","href":"https:\/\/api.w.org\/{rel}","templated":true}]}}