{"id":34377,"date":"2023-10-21T19:57:05","date_gmt":"2023-10-21T18:04:19","guid":{"rendered":"https:\/\/www.robertzueblin.com\/?post_type=product&#038;p=34377"},"modified":"2023-10-26T11:40:23","modified_gmt":"2023-10-26T09:40:23","slug":"auguste-papendieck-1873-%e2%80%a0-1950-jarron-pequeno-reparacion-de-laca-de-laton-con-tecnica-kintsugi-ceramica-de-taller","status":"publish","type":"product","link":"https:\/\/www.robertzueblin.com\/es\/auguste-papendieck\/jarron-pequeno-reparacion-de-laca-de-laton-con-tecnica-kintsugi-ceramica-de-taller\/","title":{"rendered":"Auguste PAPENDIECK (* 1873, \u2020 1950) &#8211; Jarr\u00f3n peque\u00f1o (reparaci\u00f3n de laca de lat\u00f3n con t\u00e9cnica Kintsugi)"},"content":{"rendered":"<p><span style=\"font-family: AkkoPro-BoldCondensed!important\">Tipo:<\/span> <a href=\"https:\/\/www.robertzueblin.com\/es\/tipo\/ceramica-artistica-ceramica-artesanal-ceramica-de-taller\/\">cer\u00e1mica de taller<\/a><\/p>\n<p><span style=\"font-family: AkkoPro-BoldCondensed!important\">Dise\u00f1o:<\/span> Auguste Papendieck (* 1873, \u2020 1950) <\/p>\n<p><span style=\"font-family: AkkoPro-BoldCondensed!important\">Ejecuci\u00f3n:<\/span> Auguste Papendieck (* 1873, \u2020 1950)  <\/p>\n<p><span style=\"font-family: AkkoPro-BoldCondensed!important\">Objeto:<\/span> jarr\u00f3n<\/p>\n<p><span style=\"font-family: AkkoPro-BoldCondensed!important\">Dimensiones:<\/span> altura: 5 cm, anchura: 7 cm<\/p>\n<p><span style=\"font-family: AkkoPro-BoldCondensed!important\">Cuerpo:<\/span> rojo<\/p>\n<p><span style=\"font-family: AkkoPro-BoldCondensed!important\">Superficie:<\/span> turquesa<\/p>\n<p><span style=\"font-family: AkkoPro-BoldCondensed!important\">Per\u00edodo de producci\u00f3n:<\/span> 1930s<\/p>\n<p><span style=\"font-family: AkkoPro-BoldCondensed!important\">Estado:<\/span> reparaci\u00f3n de laca de lat\u00f3n con t\u00e9cnica Kintsugi en el borde superior<\/p>\n<p><span style=\"font-family: AkkoPro-BoldCondensed!important\">Firma\/marca:<\/span> AP., Achterdiek, b.Bremen, en el c\u00edrculo<\/p>\n","protected":false},"excerpt":{"rendered":"<p>Tipo: cer\u00e1mica de taller Dise\u00f1o: Auguste Papendieck (* 1873, \u2020 1950) Ejecuci\u00f3n: Auguste Papendieck (* 1873, \u2020 1950) Objeto: jarr\u00f3n Dimensiones: altura: 5 cm, anchura: 7 cm Cuerpo: rojo Superficie: turquesa Per\u00edodo de producci\u00f3n: 1930s Estado: reparaci\u00f3n de laca de lat\u00f3n con t\u00e9cnica Kintsugi en el borde superior Firma\/marca: AP., Achterdiek, b.Bremen, en el c\u00edrculo<\/p>\n","protected":false},"featured_media":34492,"template":"","meta":[],"product_brand":[],"product_cat":[171,485,657],"product_tag":[],"class_list":{"0":"post-34377","1":"product","2":"type-product","3":"status-publish","4":"has-post-thumbnail","6":"product_cat-auguste-papendieck","7":"product_cat-jarron-kintsugi","8":"product_cat-kintsugi-shop","10":"first","11":"instock","12":"sold-individually","13":"shipping-taxable","14":"purchasable","15":"product-type-simple"},"yoast_head":"<!-- This site is optimized with the Yoast SEO plugin v27.4 - https:\/\/yoast.com\/product\/yoast-seo-wordpress\/ -->\n<title>Auguste PAPENDIECK - Jarr\u00f3n (Kintsugi reparaci\u00f3n laca lat\u00f3n)<\/title>\n<meta name=\"description\" content=\"Peque\u00f1o jarr\u00f3n de cer\u00e1mica verde reparado con kintsugi (laca de lat\u00f3n), realizado por el ceramista Auguste Papendieck en los a\u00f1os 1930.\" \/>\n<meta name=\"robots\" content=\"index, follow, max-snippet:-1, max-image-preview:large, max-video-preview:-1\" \/>\n<link rel=\"canonical\" href=\"https:\/\/www.robertzueblin.com\/es\/auguste-papendieck\/jarron-pequeno-reparacion-de-laca-de-laton-con-tecnica-kintsugi-ceramica-de-taller\/\" \/>\n<meta property=\"og:locale\" content=\"es_ES\" \/>\n<meta property=\"og:type\" content=\"article\" \/>\n<meta property=\"og:title\" content=\"Auguste PAPENDIECK - Jarr\u00f3n (Kintsugi reparaci\u00f3n laca lat\u00f3n)\" \/>\n<meta property=\"og:description\" content=\"Peque\u00f1o jarr\u00f3n de cer\u00e1mica verde reparado con kintsugi (laca de lat\u00f3n), realizado por el ceramista Auguste Papendieck en los a\u00f1os 1930.\" \/>\n<meta property=\"og:url\" content=\"https:\/\/www.robertzueblin.com\/es\/auguste-papendieck\/jarron-pequeno-reparacion-de-laca-de-laton-con-tecnica-kintsugi-ceramica-de-taller\/\" \/>\n<meta property=\"og:site_name\" content=\"ROBERT Z\u00dcBLIN\" \/>\n<meta property=\"article:modified_time\" content=\"2023-10-26T09:40:23+00:00\" \/>\n<meta property=\"og:image\" content=\"https:\/\/www.robertzueblin.com\/wp-content\/uploads\/auguste-papendieck-ceramica-taller-jarron-pequeno-kintsugi-messing-reparacion-foto-titulo.jpg\" \/>\n\t<meta property=\"og:image:width\" content=\"1000\" \/>\n\t<meta property=\"og:image:height\" content=\"1000\" \/>\n\t<meta property=\"og:image:type\" content=\"image\/jpeg\" \/>\n<meta name=\"twitter:card\" content=\"summary_large_image\" \/>\n<script type=\"application\/ld+json\" class=\"yoast-schema-graph\">{\"@context\":\"https:\\\/\\\/schema.org\",\"@graph\":[{\"@type\":\"WebPage\",\"@id\":\"https:\\\/\\\/www.robertzueblin.com\\\/es\\\/auguste-papendieck\\\/jarron-pequeno-reparacion-de-laca-de-laton-con-tecnica-kintsugi-ceramica-de-taller\\\/\",\"url\":\"https:\\\/\\\/www.robertzueblin.com\\\/es\\\/auguste-papendieck\\\/jarron-pequeno-reparacion-de-laca-de-laton-con-tecnica-kintsugi-ceramica-de-taller\\\/\",\"name\":\"Auguste PAPENDIECK - Jarr\u00f3n (Kintsugi reparaci\u00f3n laca lat\u00f3n)\",\"isPartOf\":{\"@id\":\"https:\\\/\\\/www.robertzueblin.com\\\/es\\\/#website\"},\"primaryImageOfPage\":{\"@id\":\"https:\\\/\\\/www.robertzueblin.com\\\/es\\\/auguste-papendieck\\\/jarron-pequeno-reparacion-de-laca-de-laton-con-tecnica-kintsugi-ceramica-de-taller\\\/#primaryimage\"},\"image\":{\"@id\":\"https:\\\/\\\/www.robertzueblin.com\\\/es\\\/auguste-papendieck\\\/jarron-pequeno-reparacion-de-laca-de-laton-con-tecnica-kintsugi-ceramica-de-taller\\\/#primaryimage\"},\"thumbnailUrl\":\"https:\\\/\\\/www.robertzueblin.com\\\/wp-content\\\/uploads\\\/auguste-papendieck-ceramica-taller-jarron-pequeno-kintsugi-messing-reparacion-foto-titulo.jpg\",\"datePublished\":\"2023-10-21T18:04:19+00:00\",\"dateModified\":\"2023-10-26T09:40:23+00:00\",\"description\":\"Peque\u00f1o jarr\u00f3n de cer\u00e1mica verde reparado con kintsugi (laca de lat\u00f3n), realizado por el ceramista Auguste Papendieck en los a\u00f1os 1930.\",\"breadcrumb\":{\"@id\":\"https:\\\/\\\/www.robertzueblin.com\\\/es\\\/auguste-papendieck\\\/jarron-pequeno-reparacion-de-laca-de-laton-con-tecnica-kintsugi-ceramica-de-taller\\\/#breadcrumb\"},\"inLanguage\":\"es\",\"potentialAction\":[{\"@type\":\"ReadAction\",\"target\":[\"https:\\\/\\\/www.robertzueblin.com\\\/es\\\/auguste-papendieck\\\/jarron-pequeno-reparacion-de-laca-de-laton-con-tecnica-kintsugi-ceramica-de-taller\\\/\"]}]},{\"@type\":\"ImageObject\",\"inLanguage\":\"es\",\"@id\":\"https:\\\/\\\/www.robertzueblin.com\\\/es\\\/auguste-papendieck\\\/jarron-pequeno-reparacion-de-laca-de-laton-con-tecnica-kintsugi-ceramica-de-taller\\\/#primaryimage\",\"url\":\"https:\\\/\\\/www.robertzueblin.com\\\/wp-content\\\/uploads\\\/auguste-papendieck-ceramica-taller-jarron-pequeno-kintsugi-messing-reparacion-foto-titulo.jpg\",\"contentUrl\":\"https:\\\/\\\/www.robertzueblin.com\\\/wp-content\\\/uploads\\\/auguste-papendieck-ceramica-taller-jarron-pequeno-kintsugi-messing-reparacion-foto-titulo.jpg\",\"width\":1000,\"height\":1000},{\"@type\":\"BreadcrumbList\",\"@id\":\"https:\\\/\\\/www.robertzueblin.com\\\/es\\\/auguste-papendieck\\\/jarron-pequeno-reparacion-de-laca-de-laton-con-tecnica-kintsugi-ceramica-de-taller\\\/#breadcrumb\",\"itemListElement\":[{\"@type\":\"ListItem\",\"position\":1,\"name\":\"Startseite\",\"item\":\"https:\\\/\\\/www.robertzueblin.com\\\/es\\\/\"},{\"@type\":\"ListItem\",\"position\":2,\"name\":\"Galer\u00eda de arte online (tienda online)\",\"item\":\"https:\\\/\\\/www.robertzueblin.com\\\/es\\\/galeria-de-arte-online\\\/\"},{\"@type\":\"ListItem\",\"position\":3,\"name\":\"Auguste PAPENDIECK (* 1873, \u2020 1950) &#8211; Jarr\u00f3n peque\u00f1o (reparaci\u00f3n de laca de lat\u00f3n con t\u00e9cnica Kintsugi)\"}]},{\"@type\":\"WebSite\",\"@id\":\"https:\\\/\\\/www.robertzueblin.com\\\/es\\\/#website\",\"url\":\"https:\\\/\\\/www.robertzueblin.com\\\/es\\\/\",\"name\":\"ROBERT Z\u00dcBLIN\",\"description\":\"\",\"publisher\":{\"@id\":\"https:\\\/\\\/www.robertzueblin.com\\\/es\\\/#organization\"},\"potentialAction\":[{\"@type\":\"SearchAction\",\"target\":{\"@type\":\"EntryPoint\",\"urlTemplate\":\"https:\\\/\\\/www.robertzueblin.com\\\/es\\\/?s={search_term_string}\"},\"query-input\":{\"@type\":\"PropertyValueSpecification\",\"valueRequired\":true,\"valueName\":\"search_term_string\"}}],\"inLanguage\":\"es\"},{\"@type\":\"Organization\",\"@id\":\"https:\\\/\\\/www.robertzueblin.com\\\/es\\\/#organization\",\"name\":\"ROBERT Z\u00dcBLIN\",\"url\":\"https:\\\/\\\/www.robertzueblin.com\\\/es\\\/\",\"logo\":{\"@type\":\"ImageObject\",\"inLanguage\":\"es\",\"@id\":\"https:\\\/\\\/www.robertzueblin.com\\\/es\\\/#\\\/schema\\\/logo\\\/image\\\/\",\"url\":\"https:\\\/\\\/www.robertzueblin.com\\\/wp-content\\\/uploads\\\/cropped-cropped-logo-von-robert-zueblin.jpg\",\"contentUrl\":\"https:\\\/\\\/www.robertzueblin.com\\\/wp-content\\\/uploads\\\/cropped-cropped-logo-von-robert-zueblin.jpg\",\"width\":440,\"height\":60,\"caption\":\"ROBERT Z\u00dcBLIN\"},\"image\":{\"@id\":\"https:\\\/\\\/www.robertzueblin.com\\\/es\\\/#\\\/schema\\\/logo\\\/image\\\/\"}}]}<\/script>\n<!-- \/ Yoast SEO plugin. -->","yoast_head_json":{"title":"Auguste PAPENDIECK - Jarr\u00f3n (Kintsugi reparaci\u00f3n laca lat\u00f3n)","description":"Peque\u00f1o jarr\u00f3n de cer\u00e1mica verde reparado con kintsugi (laca de lat\u00f3n), realizado por el ceramista Auguste Papendieck en los a\u00f1os 1930.","robots":{"index":"index","follow":"follow","max-snippet":"max-snippet:-1","max-image-preview":"max-image-preview:large","max-video-preview":"max-video-preview:-1"},"canonical":"https:\/\/www.robertzueblin.com\/es\/auguste-papendieck\/jarron-pequeno-reparacion-de-laca-de-laton-con-tecnica-kintsugi-ceramica-de-taller\/","og_locale":"es_ES","og_type":"article","og_title":"Auguste PAPENDIECK - Jarr\u00f3n (Kintsugi reparaci\u00f3n laca lat\u00f3n)","og_description":"Peque\u00f1o jarr\u00f3n de cer\u00e1mica verde reparado con kintsugi (laca de lat\u00f3n), realizado por el ceramista Auguste Papendieck en los a\u00f1os 1930.","og_url":"https:\/\/www.robertzueblin.com\/es\/auguste-papendieck\/jarron-pequeno-reparacion-de-laca-de-laton-con-tecnica-kintsugi-ceramica-de-taller\/","og_site_name":"ROBERT Z\u00dcBLIN","article_modified_time":"2023-10-26T09:40:23+00:00","og_image":[{"width":1000,"height":1000,"url":"https:\/\/www.robertzueblin.com\/wp-content\/uploads\/auguste-papendieck-ceramica-taller-jarron-pequeno-kintsugi-messing-reparacion-foto-titulo.jpg","type":"image\/jpeg"}],"twitter_card":"summary_large_image","schema":{"@context":"https:\/\/schema.org","@graph":[{"@type":"WebPage","@id":"https:\/\/www.robertzueblin.com\/es\/auguste-papendieck\/jarron-pequeno-reparacion-de-laca-de-laton-con-tecnica-kintsugi-ceramica-de-taller\/","url":"https:\/\/www.robertzueblin.com\/es\/auguste-papendieck\/jarron-pequeno-reparacion-de-laca-de-laton-con-tecnica-kintsugi-ceramica-de-taller\/","name":"Auguste PAPENDIECK - Jarr\u00f3n (Kintsugi reparaci\u00f3n laca lat\u00f3n)","isPartOf":{"@id":"https:\/\/www.robertzueblin.com\/es\/#website"},"primaryImageOfPage":{"@id":"https:\/\/www.robertzueblin.com\/es\/auguste-papendieck\/jarron-pequeno-reparacion-de-laca-de-laton-con-tecnica-kintsugi-ceramica-de-taller\/#primaryimage"},"image":{"@id":"https:\/\/www.robertzueblin.com\/es\/auguste-papendieck\/jarron-pequeno-reparacion-de-laca-de-laton-con-tecnica-kintsugi-ceramica-de-taller\/#primaryimage"},"thumbnailUrl":"https:\/\/www.robertzueblin.com\/wp-content\/uploads\/auguste-papendieck-ceramica-taller-jarron-pequeno-kintsugi-messing-reparacion-foto-titulo.jpg","datePublished":"2023-10-21T18:04:19+00:00","dateModified":"2023-10-26T09:40:23+00:00","description":"Peque\u00f1o jarr\u00f3n de cer\u00e1mica verde reparado con kintsugi (laca de lat\u00f3n), realizado por el ceramista Auguste Papendieck en los a\u00f1os 1930.","breadcrumb":{"@id":"https:\/\/www.robertzueblin.com\/es\/auguste-papendieck\/jarron-pequeno-reparacion-de-laca-de-laton-con-tecnica-kintsugi-ceramica-de-taller\/#breadcrumb"},"inLanguage":"es","potentialAction":[{"@type":"ReadAction","target":["https:\/\/www.robertzueblin.com\/es\/auguste-papendieck\/jarron-pequeno-reparacion-de-laca-de-laton-con-tecnica-kintsugi-ceramica-de-taller\/"]}]},{"@type":"ImageObject","inLanguage":"es","@id":"https:\/\/www.robertzueblin.com\/es\/auguste-papendieck\/jarron-pequeno-reparacion-de-laca-de-laton-con-tecnica-kintsugi-ceramica-de-taller\/#primaryimage","url":"https:\/\/www.robertzueblin.com\/wp-content\/uploads\/auguste-papendieck-ceramica-taller-jarron-pequeno-kintsugi-messing-reparacion-foto-titulo.jpg","contentUrl":"https:\/\/www.robertzueblin.com\/wp-content\/uploads\/auguste-papendieck-ceramica-taller-jarron-pequeno-kintsugi-messing-reparacion-foto-titulo.jpg","width":1000,"height":1000},{"@type":"BreadcrumbList","@id":"https:\/\/www.robertzueblin.com\/es\/auguste-papendieck\/jarron-pequeno-reparacion-de-laca-de-laton-con-tecnica-kintsugi-ceramica-de-taller\/#breadcrumb","itemListElement":[{"@type":"ListItem","position":1,"name":"Startseite","item":"https:\/\/www.robertzueblin.com\/es\/"},{"@type":"ListItem","position":2,"name":"Galer\u00eda de arte online (tienda online)","item":"https:\/\/www.robertzueblin.com\/es\/galeria-de-arte-online\/"},{"@type":"ListItem","position":3,"name":"Auguste PAPENDIECK (* 1873, \u2020 1950) &#8211; Jarr\u00f3n peque\u00f1o (reparaci\u00f3n de laca de lat\u00f3n con t\u00e9cnica Kintsugi)"}]},{"@type":"WebSite","@id":"https:\/\/www.robertzueblin.com\/es\/#website","url":"https:\/\/www.robertzueblin.com\/es\/","name":"ROBERT Z\u00dcBLIN","description":"","publisher":{"@id":"https:\/\/www.robertzueblin.com\/es\/#organization"},"potentialAction":[{"@type":"SearchAction","target":{"@type":"EntryPoint","urlTemplate":"https:\/\/www.robertzueblin.com\/es\/?s={search_term_string}"},"query-input":{"@type":"PropertyValueSpecification","valueRequired":true,"valueName":"search_term_string"}}],"inLanguage":"es"},{"@type":"Organization","@id":"https:\/\/www.robertzueblin.com\/es\/#organization","name":"ROBERT Z\u00dcBLIN","url":"https:\/\/www.robertzueblin.com\/es\/","logo":{"@type":"ImageObject","inLanguage":"es","@id":"https:\/\/www.robertzueblin.com\/es\/#\/schema\/logo\/image\/","url":"https:\/\/www.robertzueblin.com\/wp-content\/uploads\/cropped-cropped-logo-von-robert-zueblin.jpg","contentUrl":"https:\/\/www.robertzueblin.com\/wp-content\/uploads\/cropped-cropped-logo-von-robert-zueblin.jpg","width":440,"height":60,"caption":"ROBERT Z\u00dcBLIN"},"image":{"@id":"https:\/\/www.robertzueblin.com\/es\/#\/schema\/logo\/image\/"}}]}},"_links":{"self":[{"href":"https:\/\/www.robertzueblin.com\/es\/wp-json\/wp\/v2\/product\/34377","targetHints":{"allow":["GET"]}}],"collection":[{"href":"https:\/\/www.robertzueblin.com\/es\/wp-json\/wp\/v2\/product"}],"about":[{"href":"https:\/\/www.robertzueblin.com\/es\/wp-json\/wp\/v2\/types\/product"}],"wp:featuredmedia":[{"embeddable":true,"href":"https:\/\/www.robertzueblin.com\/es\/wp-json\/wp\/v2\/media\/34492"}],"wp:attachment":[{"href":"https:\/\/www.robertzueblin.com\/es\/wp-json\/wp\/v2\/media?parent=34377"}],"wp:term":[{"taxonomy":"product_brand","embeddable":true,"href":"https:\/\/www.robertzueblin.com\/es\/wp-json\/wp\/v2\/product_brand?post=34377"},{"taxonomy":"product_cat","embeddable":true,"href":"https:\/\/www.robertzueblin.com\/es\/wp-json\/wp\/v2\/product_cat?post=34377"},{"taxonomy":"product_tag","embeddable":true,"href":"https:\/\/www.robertzueblin.com\/es\/wp-json\/wp\/v2\/product_tag?post=34377"}],"curies":[{"name":"wp","href":"https:\/\/api.w.org\/{rel}","templated":true}]}}